{"id":9981,"date":"2016-03-25T10:48:49","date_gmt":"2016-03-25T09:48:49","guid":{"rendered":"http:\/\/hoogstra-autosport.nl\/?product=fedima-fkx-clubsport-165-70-14"},"modified":"2025-03-03T16:47:08","modified_gmt":"2025-03-03T15:47:08","slug":"fedima-fkx-clubsport-165-70-14","status":"publish","type":"product","link":"https:\/\/www.hoogstra-autosport.nl\/fr\/produit\/fedima-fkx-clubsport-165-70-14\/","title":{"rendered":"Fedima FKX clubsport 165-70-14"},"content":{"rendered":"<p>Fedima FKX identique \u00e0 eurocross<\/p>\n<p>Super bon pneu sur la piste en terre battue plus l\u00e2che !<\/p>\n<p>Compos\u00e9 jaune pas de bo\u00eetier renforc\u00e9 mais prix super sympa<\/p>\n<p>Disponible dans les tailles suivantes :<\/p>\n<p>155\/70\/13 - circonf\u00e9rence 178 cm<\/p>\n<p>165\/70 R14 - circonf\u00e9rence 190 cm<\/p>\n<p>175\/65 R15 &#8211; omtrek\u00a0198 cm<\/p>\n<p>195\/65 R15 - circonf\u00e9rence 205 cm<\/p>\n<p>N'OUBLIEZ PAS ! !!<\/p>\n<p>Les pneus Fedima sont propos\u00e9s par diff\u00e9rents fournisseurs, parfois \u00e0 des prix de dumping ! O\u00f9 que vous achetiez, assurez-vous toujours que vous avez la bonne composition de ce qui est vendu !<br \/>\nNous veillons \u00e0 ce que vous receviez le bon pneu de sport automobile que vous avez command\u00e9 !<\/p>","protected":false},"excerpt":{"rendered":"<p>Fedima FKX zelfde als eurocross Super goede band op de lossere kleibaan ! Gele compound geen versterkte karkas maar super mooie prijs Verkrijgbaar in de volgende maten: 155\/70\/13 &#8211; omtrek\u00a0 178 cm 165\/70 R14 &#8211; omtrek 190 cm 175\/65 R15 &#8211; omtrek\u00a0198 cm 195\/65 R15 &#8211; omtrek 205 cm LET OP !!! Fedima banden worden [&hellip;]<\/p>\n","protected":false},"featured_media":6723,"template":"","meta":{"_acf_changed":false},"product_brand":[],"product_cat":[2771],"product_tag":[],"class_list":{"0":"post-9981","1":"product","2":"type-product","3":"status-publish","4":"has-post-thumbnail","6":"product_cat-fedima-club-sport-fkx","7":"product_shipping_class-4017","9":"first","10":"instock","11":"taxable","12":"shipping-taxable","13":"purchasable","14":"product-type-simple"},"acf":[],"yoast_head":"<!-- This site is optimized with the Yoast SEO plugin v27.1.1 - https:\/\/yoast.com\/product\/yoast-seo-wordpress\/ -->\n<title>Fedima FKX clubsport 165-70-14 - Hoogstra Autosport<\/title>\n<meta name=\"description\" content=\"Fedima, banden\" \/>\n<meta name=\"robots\" content=\"index, follow, max-snippet:-1, max-image-preview:large, max-video-preview:-1\" \/>\n<link rel=\"canonical\" href=\"https:\/\/www.hoogstra-autosport.nl\/fr\/produit\/fedima-fkx-clubsport-165-70-14\/\" \/>\n<meta property=\"og:locale\" content=\"fr_FR\" \/>\n<meta property=\"og:type\" content=\"article\" \/>\n<meta property=\"og:title\" content=\"Fedima FKX clubsport 165-70-14 - Hoogstra Autosport\" \/>\n<meta property=\"og:description\" content=\"Fedima, banden\" \/>\n<meta property=\"og:url\" content=\"https:\/\/www.hoogstra-autosport.nl\/fr\/produit\/fedima-fkx-clubsport-165-70-14\/\" \/>\n<meta property=\"og:site_name\" content=\"Hoogstra Autosport\" \/>\n<meta property=\"article:modified_time\" content=\"2025-03-03T15:47:08+00:00\" \/>\n<meta property=\"og:image\" content=\"https:\/\/www.hoogstra-autosport.nl\/teamkoen\/content\/uploads\/catalog\/product\/rasto_web45.png\" \/>\n\t<meta property=\"og:image:width\" content=\"509\" \/>\n\t<meta property=\"og:image:height\" content=\"207\" \/>\n\t<meta property=\"og:image:type\" content=\"image\/png\" \/>\n<meta name=\"twitter:card\" content=\"summary_large_image\" \/>\n<meta name=\"twitter:label1\" content=\"Dur\u00e9e de lecture estim\u00e9e\" \/>\n\t<meta name=\"twitter:data1\" content=\"1 minute\" \/>\n<script type=\"application\/ld+json\" class=\"yoast-schema-graph\">{\"@context\":\"https:\/\/schema.org\",\"@graph\":[{\"@type\":\"WebPage\",\"@id\":\"https:\/\/www.hoogstra-autosport.nl\/product\/fedima-fkx-clubsport-165-70-14\/\",\"url\":\"https:\/\/www.hoogstra-autosport.nl\/product\/fedima-fkx-clubsport-165-70-14\/\",\"name\":\"Fedima FKX clubsport 165-70-14 - Hoogstra Autosport\",\"isPartOf\":{\"@id\":\"https:\/\/www.hoogstra-autosport.nl\/#website\"},\"primaryImageOfPage\":{\"@id\":\"https:\/\/www.hoogstra-autosport.nl\/product\/fedima-fkx-clubsport-165-70-14\/#primaryimage\"},\"image\":{\"@id\":\"https:\/\/www.hoogstra-autosport.nl\/product\/fedima-fkx-clubsport-165-70-14\/#primaryimage\"},\"thumbnailUrl\":\"https:\/\/www.hoogstra-autosport.nl\/teamkoen\/wp-content\/uploads\/catalog\/product\/rasto_web45.png\",\"datePublished\":\"2016-03-25T09:48:49+00:00\",\"dateModified\":\"2025-03-03T15:47:08+00:00\",\"description\":\"Fedima, banden\",\"breadcrumb\":{\"@id\":\"https:\/\/www.hoogstra-autosport.nl\/product\/fedima-fkx-clubsport-165-70-14\/#breadcrumb\"},\"inLanguage\":\"fr-FR\",\"potentialAction\":[{\"@type\":\"ReadAction\",\"target\":[\"https:\/\/www.hoogstra-autosport.nl\/product\/fedima-fkx-clubsport-165-70-14\/\"]}]},{\"@type\":\"ImageObject\",\"inLanguage\":\"fr-FR\",\"@id\":\"https:\/\/www.hoogstra-autosport.nl\/product\/fedima-fkx-clubsport-165-70-14\/#primaryimage\",\"url\":\"https:\/\/www.hoogstra-autosport.nl\/teamkoen\/wp-content\/uploads\/catalog\/product\/rasto_web45.png\",\"contentUrl\":\"https:\/\/www.hoogstra-autosport.nl\/teamkoen\/wp-content\/uploads\/catalog\/product\/rasto_web45.png\",\"width\":509,\"height\":207},{\"@type\":\"BreadcrumbList\",\"@id\":\"https:\/\/www.hoogstra-autosport.nl\/product\/fedima-fkx-clubsport-165-70-14\/#breadcrumb\",\"itemListElement\":[{\"@type\":\"ListItem\",\"position\":1,\"name\":\"Home\",\"item\":\"https:\/\/www.hoogstra-autosport.nl\/\"},{\"@type\":\"ListItem\",\"position\":2,\"name\":\"Banden &amp; Velgen\",\"item\":\"https:\/\/www.hoogstra-autosport.nl\/product-categorie\/autocrossbanden-en-velgen\/\"},{\"@type\":\"ListItem\",\"position\":3,\"name\":\"Autocross Banden\",\"item\":\"https:\/\/www.hoogstra-autosport.nl\/product-categorie\/autocrossbanden-en-velgen\/autocross-banden\/\"},{\"@type\":\"ListItem\",\"position\":4,\"name\":\"Fedima Banden\",\"item\":\"https:\/\/www.hoogstra-autosport.nl\/product-categorie\/autocrossbanden-en-velgen\/autocross-banden\/fedima-banden\/\"},{\"@type\":\"ListItem\",\"position\":5,\"name\":\"Fedima Club Sport FKX\",\"item\":\"https:\/\/www.hoogstra-autosport.nl\/product-categorie\/autocrossbanden-en-velgen\/autocross-banden\/fedima-banden\/fedima-club-sport-fkx\/\"},{\"@type\":\"ListItem\",\"position\":6,\"name\":\"Fedima FKX clubsport 165-70-14\"}]},{\"@type\":\"WebSite\",\"@id\":\"https:\/\/www.hoogstra-autosport.nl\/#website\",\"url\":\"https:\/\/www.hoogstra-autosport.nl\/\",\"name\":\"Hoogstra Autosport\",\"description\":\"Performance Autosport Parts!\",\"potentialAction\":[{\"@type\":\"SearchAction\",\"target\":{\"@type\":\"EntryPoint\",\"urlTemplate\":\"https:\/\/www.hoogstra-autosport.nl\/?s={search_term_string}\"},\"query-input\":{\"@type\":\"PropertyValueSpecification\",\"valueRequired\":true,\"valueName\":\"search_term_string\"}}],\"inLanguage\":\"fr-FR\"}]}<\/script>\n<!-- \/ Yoast SEO plugin. -->","yoast_head_json":{"title":"Fedima FKX clubsport 165-70-14 - Hoogstra Autosport","description":"Fedima, banden","robots":{"index":"index","follow":"follow","max-snippet":"max-snippet:-1","max-image-preview":"max-image-preview:large","max-video-preview":"max-video-preview:-1"},"canonical":"https:\/\/www.hoogstra-autosport.nl\/fr\/produit\/fedima-fkx-clubsport-165-70-14\/","og_locale":"fr_FR","og_type":"article","og_title":"Fedima FKX clubsport 165-70-14 - Hoogstra Autosport","og_description":"Fedima, banden","og_url":"https:\/\/www.hoogstra-autosport.nl\/fr\/produit\/fedima-fkx-clubsport-165-70-14\/","og_site_name":"Hoogstra Autosport","article_modified_time":"2025-03-03T15:47:08+00:00","og_image":[{"width":509,"height":207,"url":"https:\/\/www.hoogstra-autosport.nl\/teamkoen\/content\/uploads\/catalog\/product\/rasto_web45.png","type":"image\/png"}],"twitter_card":"summary_large_image","twitter_misc":{"Dur\u00e9e de lecture estim\u00e9e":"1 minute"},"schema":{"@context":"https:\/\/schema.org","@graph":[{"@type":"WebPage","@id":"https:\/\/www.hoogstra-autosport.nl\/product\/fedima-fkx-clubsport-165-70-14\/","url":"https:\/\/www.hoogstra-autosport.nl\/product\/fedima-fkx-clubsport-165-70-14\/","name":"Fedima FKX clubsport 165-70-14 - Hoogstra Autosport","isPartOf":{"@id":"https:\/\/www.hoogstra-autosport.nl\/#website"},"primaryImageOfPage":{"@id":"https:\/\/www.hoogstra-autosport.nl\/product\/fedima-fkx-clubsport-165-70-14\/#primaryimage"},"image":{"@id":"https:\/\/www.hoogstra-autosport.nl\/product\/fedima-fkx-clubsport-165-70-14\/#primaryimage"},"thumbnailUrl":"https:\/\/www.hoogstra-autosport.nl\/teamkoen\/wp-content\/uploads\/catalog\/product\/rasto_web45.png","datePublished":"2016-03-25T09:48:49+00:00","dateModified":"2025-03-03T15:47:08+00:00","description":"Fedima, banden","breadcrumb":{"@id":"https:\/\/www.hoogstra-autosport.nl\/product\/fedima-fkx-clubsport-165-70-14\/#breadcrumb"},"inLanguage":"fr-FR","potentialAction":[{"@type":"ReadAction","target":["https:\/\/www.hoogstra-autosport.nl\/product\/fedima-fkx-clubsport-165-70-14\/"]}]},{"@type":"ImageObject","inLanguage":"fr-FR","@id":"https:\/\/www.hoogstra-autosport.nl\/product\/fedima-fkx-clubsport-165-70-14\/#primaryimage","url":"https:\/\/www.hoogstra-autosport.nl\/teamkoen\/wp-content\/uploads\/catalog\/product\/rasto_web45.png","contentUrl":"https:\/\/www.hoogstra-autosport.nl\/teamkoen\/wp-content\/uploads\/catalog\/product\/rasto_web45.png","width":509,"height":207},{"@type":"BreadcrumbList","@id":"https:\/\/www.hoogstra-autosport.nl\/product\/fedima-fkx-clubsport-165-70-14\/#breadcrumb","itemListElement":[{"@type":"ListItem","position":1,"name":"Home","item":"https:\/\/www.hoogstra-autosport.nl\/"},{"@type":"ListItem","position":2,"name":"Banden &amp; Velgen","item":"https:\/\/www.hoogstra-autosport.nl\/product-categorie\/autocrossbanden-en-velgen\/"},{"@type":"ListItem","position":3,"name":"Autocross Banden","item":"https:\/\/www.hoogstra-autosport.nl\/product-categorie\/autocrossbanden-en-velgen\/autocross-banden\/"},{"@type":"ListItem","position":4,"name":"Fedima Banden","item":"https:\/\/www.hoogstra-autosport.nl\/product-categorie\/autocrossbanden-en-velgen\/autocross-banden\/fedima-banden\/"},{"@type":"ListItem","position":5,"name":"Fedima Club Sport FKX","item":"https:\/\/www.hoogstra-autosport.nl\/product-categorie\/autocrossbanden-en-velgen\/autocross-banden\/fedima-banden\/fedima-club-sport-fkx\/"},{"@type":"ListItem","position":6,"name":"Fedima FKX clubsport 165-70-14"}]},{"@type":"WebSite","@id":"https:\/\/www.hoogstra-autosport.nl\/#website","url":"https:\/\/www.hoogstra-autosport.nl\/","name":"Hoogstra Autosport","description":"Performance Autosport Parts!","potentialAction":[{"@type":"SearchAction","target":{"@type":"EntryPoint","urlTemplate":"https:\/\/www.hoogstra-autosport.nl\/?s={search_term_string}"},"query-input":{"@type":"PropertyValueSpecification","valueRequired":true,"valueName":"search_term_string"}}],"inLanguage":"fr-FR"}]}},"tiered_pricing_type":"fixed","tiered_pricing_fixed_rules":[],"tiered_pricing_product_settings":{"layout":"default","base_unit_name":{"singular":null,"plural":null},"default_variation":null},"tiered_pricing_minimum_quantity":null,"tiered_pricing_roles_data":[],"tiered_pricing_percentage_rules":[],"tiered_pricing_maximum_quantity":null,"tiered_pricing_quantity_step":null,"_links":{"self":[{"href":"https:\/\/www.hoogstra-autosport.nl\/fr\/wp-json\/wp\/v2\/product\/9981","targetHints":{"allow":["GET"]}}],"collection":[{"href":"https:\/\/www.hoogstra-autosport.nl\/fr\/wp-json\/wp\/v2\/product"}],"about":[{"href":"https:\/\/www.hoogstra-autosport.nl\/fr\/wp-json\/wp\/v2\/types\/product"}],"wp:featuredmedia":[{"embeddable":true,"href":"https:\/\/www.hoogstra-autosport.nl\/fr\/wp-json\/wp\/v2\/media\/6723"}],"wp:attachment":[{"href":"https:\/\/www.hoogstra-autosport.nl\/fr\/wp-json\/wp\/v2\/media?parent=9981"}],"wp:term":[{"taxonomy":"product_brand","embeddable":true,"href":"https:\/\/www.hoogstra-autosport.nl\/fr\/wp-json\/wp\/v2\/product_brand?post=9981"},{"taxonomy":"product_cat","embeddable":true,"href":"https:\/\/www.hoogstra-autosport.nl\/fr\/wp-json\/wp\/v2\/product_cat?post=9981"},{"taxonomy":"product_tag","embeddable":true,"href":"https:\/\/www.hoogstra-autosport.nl\/fr\/wp-json\/wp\/v2\/product_tag?post=9981"}],"curies":[{"name":"wp","href":"https:\/\/api.w.org\/{rel}","templated":true}]}}