{"id":99760,"date":"2026-04-08T16:13:07","date_gmt":"2026-04-08T14:13:07","guid":{"rendered":"https:\/\/www.hoogstra-autosport.nl\/?post_type=product&#038;p=99760"},"modified":"2026-04-08T16:13:35","modified_gmt":"2026-04-08T14:13:35","slug":"mrf-165-70-10-crosskart-tire-soft","status":"publish","type":"product","link":"https:\/\/www.hoogstra-autosport.nl\/fr\/produit\/mrf-165-70-10-crosskart-tire-soft\/","title":{"rendered":"MRF 165-70-10 Crosskart Tire -SOFT"},"content":{"rendered":"<p style=\"margin: 0cm 0cm 9.0pt 0cm;\"><span style=\"font-size: 15.0pt; font-family: 'Times New Roman',serif; color: black;\">MRF Crosskart Band 165\/70-10 \u2013\u00a0 SOFT<\/span><\/p>\n<p style=\"margin: 0cm 0cm 9.0pt 0cm;\"><span style=\"font-size: 15.0pt; font-family: 'Times New Roman',serif; color: black;\">Le pneu MRF pour crosskart dans la dimension 165\/70-10 est dot\u00e9 d'un m\u00e9lange de gomme tendre pour une adh\u00e9rence et une traction maximales, m\u00eame dans des conditions difficiles. Id\u00e9al pour les crosskarts qui ont besoin de r\u00e9agir rapidement et de fonctionner de mani\u00e8re optimale sur des surfaces meubles ou mouill\u00e9es. <\/span><\/p>\n<p style=\"margin: 0cm 0cm 9.0pt 0cm;\"><span style=\"font-size: 15.0pt; font-family: 'Times New Roman',serif; color: black;\">Offre une excellente stabilit\u00e9 en virage et une maniabilit\u00e9 constante, parfaite pour la comp\u00e9tition<\/span><\/p>","protected":false},"excerpt":{"rendered":"<p>MRF Crosskart Band 165\/70-10 \u2013\u00a0 SOFT De MRF crosskart band in maat 165\/70-10 is voorzien van een zachte compound voor maximale grip en tractie, zelfs onder uitdagende omstandigheden. Ideaal voor crosskarts die snel moeten reageren en optimaal presteren op losse of natte ondergrond. Biedt uitstekende bochtenstabiliteit en een consistente wegligging, perfect voor competitief gebruik<\/p>","protected":false},"featured_media":89013,"template":"","meta":{"_acf_changed":false},"product_brand":[],"product_cat":[3995,4301,4300],"product_tag":[],"class_list":{"0":"post-99760","1":"product","2":"type-product","3":"status-publish","4":"has-post-thumbnail","6":"product_cat-crosskart","7":"product_cat-mrf-banden","8":"product_cat-mrf-tires","9":"product_shipping_class-4017","11":"first","12":"instock","13":"taxable","14":"shipping-taxable","15":"purchasable","16":"product-type-simple"},"acf":[],"yoast_head":"<!-- This site is optimized with the Yoast SEO plugin v27.1.1 - https:\/\/yoast.com\/product\/yoast-seo-wordpress\/ -->\n<title>MRF 165-70-10 Crosskart Tire -SOFT - Hoogstra Autosport<\/title>\n<meta name=\"robots\" content=\"index, follow, max-snippet:-1, max-image-preview:large, max-video-preview:-1\" \/>\n<link rel=\"canonical\" href=\"https:\/\/www.hoogstra-autosport.nl\/fr\/produit\/mrf-165-70-10-crosskart-tire-soft\/\" \/>\n<meta property=\"og:locale\" content=\"fr_FR\" \/>\n<meta property=\"og:type\" content=\"article\" \/>\n<meta property=\"og:title\" content=\"MRF 165-70-10 Crosskart Tire -SOFT - Hoogstra Autosport\" \/>\n<meta property=\"og:description\" content=\"MRF Crosskart Band 165\/70-10 \u2013\u00a0 SOFT De MRF crosskart band in maat 165\/70-10 is voorzien van een zachte compound voor maximale grip en tractie, zelfs onder uitdagende omstandigheden. Ideaal voor crosskarts die snel moeten reageren en optimaal presteren op losse of natte ondergrond. Biedt uitstekende bochtenstabiliteit en een consistente wegligging, perfect voor competitief gebruik\" \/>\n<meta property=\"og:url\" content=\"https:\/\/www.hoogstra-autosport.nl\/fr\/produit\/mrf-165-70-10-crosskart-tire-soft\/\" \/>\n<meta property=\"og:site_name\" content=\"Hoogstra Autosport\" \/>\n<meta property=\"article:modified_time\" content=\"2026-04-08T14:13:35+00:00\" \/>\n<meta property=\"og:image\" content=\"https:\/\/www.hoogstra-autosport.nl\/teamkoen\/wp-content\/uploads\/2025\/08\/processed-A09BD541-1A53-4FF3-8663-EC2E90ED3721.jpeg\" \/>\n\t<meta property=\"og:image:width\" content=\"1870\" \/>\n\t<meta property=\"og:image:height\" content=\"1870\" \/>\n\t<meta property=\"og:image:type\" content=\"image\/jpeg\" \/>\n<meta name=\"twitter:card\" content=\"summary_large_image\" \/>\n<meta name=\"twitter:label1\" content=\"Dur\u00e9e de lecture estim\u00e9e\" \/>\n\t<meta name=\"twitter:data1\" content=\"1 minute\" \/>\n<script type=\"application\/ld+json\" class=\"yoast-schema-graph\">{\"@context\":\"https:\/\/schema.org\",\"@graph\":[{\"@type\":\"WebPage\",\"@id\":\"https:\/\/www.hoogstra-autosport.nl\/product\/mrf-165-70-10-crosskart-tire-soft\/\",\"url\":\"https:\/\/www.hoogstra-autosport.nl\/product\/mrf-165-70-10-crosskart-tire-soft\/\",\"name\":\"MRF 165-70-10 Crosskart Tire -SOFT - Hoogstra Autosport\",\"isPartOf\":{\"@id\":\"https:\/\/www.hoogstra-autosport.nl\/#website\"},\"primaryImageOfPage\":{\"@id\":\"https:\/\/www.hoogstra-autosport.nl\/product\/mrf-165-70-10-crosskart-tire-soft\/#primaryimage\"},\"image\":{\"@id\":\"https:\/\/www.hoogstra-autosport.nl\/product\/mrf-165-70-10-crosskart-tire-soft\/#primaryimage\"},\"thumbnailUrl\":\"https:\/\/www.hoogstra-autosport.nl\/teamkoen\/wp-content\/uploads\/2025\/08\/processed-A09BD541-1A53-4FF3-8663-EC2E90ED3721.jpeg\",\"datePublished\":\"2026-04-08T14:13:07+00:00\",\"dateModified\":\"2026-04-08T14:13:35+00:00\",\"breadcrumb\":{\"@id\":\"https:\/\/www.hoogstra-autosport.nl\/product\/mrf-165-70-10-crosskart-tire-soft\/#breadcrumb\"},\"inLanguage\":\"fr-FR\",\"potentialAction\":[{\"@type\":\"ReadAction\",\"target\":[\"https:\/\/www.hoogstra-autosport.nl\/product\/mrf-165-70-10-crosskart-tire-soft\/\"]}]},{\"@type\":\"ImageObject\",\"inLanguage\":\"fr-FR\",\"@id\":\"https:\/\/www.hoogstra-autosport.nl\/product\/mrf-165-70-10-crosskart-tire-soft\/#primaryimage\",\"url\":\"https:\/\/www.hoogstra-autosport.nl\/teamkoen\/wp-content\/uploads\/2025\/08\/processed-A09BD541-1A53-4FF3-8663-EC2E90ED3721.jpeg\",\"contentUrl\":\"https:\/\/www.hoogstra-autosport.nl\/teamkoen\/wp-content\/uploads\/2025\/08\/processed-A09BD541-1A53-4FF3-8663-EC2E90ED3721.jpeg\",\"width\":1870,\"height\":1870},{\"@type\":\"BreadcrumbList\",\"@id\":\"https:\/\/www.hoogstra-autosport.nl\/product\/mrf-165-70-10-crosskart-tire-soft\/#breadcrumb\",\"itemListElement\":[{\"@type\":\"ListItem\",\"position\":1,\"name\":\"Home\",\"item\":\"https:\/\/www.hoogstra-autosport.nl\/\"},{\"@type\":\"ListItem\",\"position\":2,\"name\":\"Banden &amp; Velgen\",\"item\":\"https:\/\/www.hoogstra-autosport.nl\/product-categorie\/autocrossbanden-en-velgen\/\"},{\"@type\":\"ListItem\",\"position\":3,\"name\":\"Crosskart banden\",\"item\":\"https:\/\/www.hoogstra-autosport.nl\/product-categorie\/autocrossbanden-en-velgen\/crosskart\/\"},{\"@type\":\"ListItem\",\"position\":4,\"name\":\"MRF 165-70-10 Crosskart Tire -SOFT\"}]},{\"@type\":\"WebSite\",\"@id\":\"https:\/\/www.hoogstra-autosport.nl\/#website\",\"url\":\"https:\/\/www.hoogstra-autosport.nl\/\",\"name\":\"Hoogstra Autosport\",\"description\":\"Performance Autosport Parts!\",\"potentialAction\":[{\"@type\":\"SearchAction\",\"target\":{\"@type\":\"EntryPoint\",\"urlTemplate\":\"https:\/\/www.hoogstra-autosport.nl\/?s={search_term_string}\"},\"query-input\":{\"@type\":\"PropertyValueSpecification\",\"valueRequired\":true,\"valueName\":\"search_term_string\"}}],\"inLanguage\":\"fr-FR\"}]}<\/script>\n<!-- \/ Yoast SEO plugin. -->","yoast_head_json":{"title":"MRF 165-70-10 Crosskart Tire -SOFT - Hoogstra Autosport","robots":{"index":"index","follow":"follow","max-snippet":"max-snippet:-1","max-image-preview":"max-image-preview:large","max-video-preview":"max-video-preview:-1"},"canonical":"https:\/\/www.hoogstra-autosport.nl\/fr\/produit\/mrf-165-70-10-crosskart-tire-soft\/","og_locale":"fr_FR","og_type":"article","og_title":"MRF 165-70-10 Crosskart Tire -SOFT - Hoogstra Autosport","og_description":"MRF Crosskart Band 165\/70-10 \u2013\u00a0 SOFT De MRF crosskart band in maat 165\/70-10 is voorzien van een zachte compound voor maximale grip en tractie, zelfs onder uitdagende omstandigheden. Ideaal voor crosskarts die snel moeten reageren en optimaal presteren op losse of natte ondergrond. Biedt uitstekende bochtenstabiliteit en een consistente wegligging, perfect voor competitief gebruik","og_url":"https:\/\/www.hoogstra-autosport.nl\/fr\/produit\/mrf-165-70-10-crosskart-tire-soft\/","og_site_name":"Hoogstra Autosport","article_modified_time":"2026-04-08T14:13:35+00:00","og_image":[{"width":1870,"height":1870,"url":"https:\/\/www.hoogstra-autosport.nl\/teamkoen\/wp-content\/uploads\/2025\/08\/processed-A09BD541-1A53-4FF3-8663-EC2E90ED3721.jpeg","type":"image\/jpeg"}],"twitter_card":"summary_large_image","twitter_misc":{"Dur\u00e9e de lecture estim\u00e9e":"1 minute"},"schema":{"@context":"https:\/\/schema.org","@graph":[{"@type":"WebPage","@id":"https:\/\/www.hoogstra-autosport.nl\/product\/mrf-165-70-10-crosskart-tire-soft\/","url":"https:\/\/www.hoogstra-autosport.nl\/product\/mrf-165-70-10-crosskart-tire-soft\/","name":"MRF 165-70-10 Crosskart Tire -SOFT - Hoogstra Autosport","isPartOf":{"@id":"https:\/\/www.hoogstra-autosport.nl\/#website"},"primaryImageOfPage":{"@id":"https:\/\/www.hoogstra-autosport.nl\/product\/mrf-165-70-10-crosskart-tire-soft\/#primaryimage"},"image":{"@id":"https:\/\/www.hoogstra-autosport.nl\/product\/mrf-165-70-10-crosskart-tire-soft\/#primaryimage"},"thumbnailUrl":"https:\/\/www.hoogstra-autosport.nl\/teamkoen\/wp-content\/uploads\/2025\/08\/processed-A09BD541-1A53-4FF3-8663-EC2E90ED3721.jpeg","datePublished":"2026-04-08T14:13:07+00:00","dateModified":"2026-04-08T14:13:35+00:00","breadcrumb":{"@id":"https:\/\/www.hoogstra-autosport.nl\/product\/mrf-165-70-10-crosskart-tire-soft\/#breadcrumb"},"inLanguage":"fr-FR","potentialAction":[{"@type":"ReadAction","target":["https:\/\/www.hoogstra-autosport.nl\/product\/mrf-165-70-10-crosskart-tire-soft\/"]}]},{"@type":"ImageObject","inLanguage":"fr-FR","@id":"https:\/\/www.hoogstra-autosport.nl\/product\/mrf-165-70-10-crosskart-tire-soft\/#primaryimage","url":"https:\/\/www.hoogstra-autosport.nl\/teamkoen\/wp-content\/uploads\/2025\/08\/processed-A09BD541-1A53-4FF3-8663-EC2E90ED3721.jpeg","contentUrl":"https:\/\/www.hoogstra-autosport.nl\/teamkoen\/wp-content\/uploads\/2025\/08\/processed-A09BD541-1A53-4FF3-8663-EC2E90ED3721.jpeg","width":1870,"height":1870},{"@type":"BreadcrumbList","@id":"https:\/\/www.hoogstra-autosport.nl\/product\/mrf-165-70-10-crosskart-tire-soft\/#breadcrumb","itemListElement":[{"@type":"ListItem","position":1,"name":"Home","item":"https:\/\/www.hoogstra-autosport.nl\/"},{"@type":"ListItem","position":2,"name":"Banden &amp; Velgen","item":"https:\/\/www.hoogstra-autosport.nl\/product-categorie\/autocrossbanden-en-velgen\/"},{"@type":"ListItem","position":3,"name":"Crosskart banden","item":"https:\/\/www.hoogstra-autosport.nl\/product-categorie\/autocrossbanden-en-velgen\/crosskart\/"},{"@type":"ListItem","position":4,"name":"MRF 165-70-10 Crosskart Tire -SOFT"}]},{"@type":"WebSite","@id":"https:\/\/www.hoogstra-autosport.nl\/#website","url":"https:\/\/www.hoogstra-autosport.nl\/","name":"Hoogstra Autosport","description":"Performance Autosport Parts!","potentialAction":[{"@type":"SearchAction","target":{"@type":"EntryPoint","urlTemplate":"https:\/\/www.hoogstra-autosport.nl\/?s={search_term_string}"},"query-input":{"@type":"PropertyValueSpecification","valueRequired":true,"valueName":"search_term_string"}}],"inLanguage":"fr-FR"}]}},"tiered_pricing_type":"fixed","tiered_pricing_fixed_rules":[],"tiered_pricing_product_settings":{"layout":"default","base_unit_name":{"singular":null,"plural":null},"default_variation":null},"tiered_pricing_minimum_quantity":null,"tiered_pricing_roles_data":[],"tiered_pricing_percentage_rules":[],"tiered_pricing_maximum_quantity":null,"tiered_pricing_quantity_step":null,"_links":{"self":[{"href":"https:\/\/www.hoogstra-autosport.nl\/fr\/wp-json\/wp\/v2\/product\/99760","targetHints":{"allow":["GET"]}}],"collection":[{"href":"https:\/\/www.hoogstra-autosport.nl\/fr\/wp-json\/wp\/v2\/product"}],"about":[{"href":"https:\/\/www.hoogstra-autosport.nl\/fr\/wp-json\/wp\/v2\/types\/product"}],"wp:featuredmedia":[{"embeddable":true,"href":"https:\/\/www.hoogstra-autosport.nl\/fr\/wp-json\/wp\/v2\/media\/89013"}],"wp:attachment":[{"href":"https:\/\/www.hoogstra-autosport.nl\/fr\/wp-json\/wp\/v2\/media?parent=99760"}],"wp:term":[{"taxonomy":"product_brand","embeddable":true,"href":"https:\/\/www.hoogstra-autosport.nl\/fr\/wp-json\/wp\/v2\/product_brand?post=99760"},{"taxonomy":"product_cat","embeddable":true,"href":"https:\/\/www.hoogstra-autosport.nl\/fr\/wp-json\/wp\/v2\/product_cat?post=99760"},{"taxonomy":"product_tag","embeddable":true,"href":"https:\/\/www.hoogstra-autosport.nl\/fr\/wp-json\/wp\/v2\/product_tag?post=99760"}],"curies":[{"name":"wp","href":"https:\/\/api.w.org\/{rel}","templated":true}]}}