{"id":9976,"date":"2016-03-25T10:34:32","date_gmt":"2016-03-25T09:34:32","guid":{"rendered":"http:\/\/hoogstra-autosport.nl\/?product=fedima-clusbport-fm-7-175-65-15"},"modified":"2025-03-03T15:35:57","modified_gmt":"2025-03-03T14:35:57","slug":"fedima-clusbport-fm-7-175-65-15","status":"publish","type":"product","link":"https:\/\/www.hoogstra-autosport.nl\/fr\/produit\/fedima-clusbport-fm-7-175-65-15\/","title":{"rendered":"Fedima Clubsport FM-7 175-65-15"},"content":{"rendered":"<p>Fedima Clubsport Fm7 175-65-15 circonf\u00e9rence 195 cm<\/p>\n<p>Les pneus Clubsport sont sp\u00e9cialement con\u00e7us pour l'autocross. Ces pneus ont un m\u00e9lange souple.<\/p>\n<p>Mais pas de carcasses renforc\u00e9es.<\/p>\n<p>Le profil Fm-7 est parfaitement adapt\u00e9 aux pistes en terre battue plus l\u00e2ches. Avec une surface dure.<\/p>\n<p>Lochem Blauwhuis Terwolde Dokkum Kollum<\/p>","protected":false},"excerpt":{"rendered":"<p>Fedima Clubsport Fm7 175-65-15 omtrek 195 cm Clubsport banden zijn speciaal ontwikkeld voor de autocross. Deze banden hebben een soft compound. Maar geen versterkte karkassen. Fm-7 profiel is ertermate geschikt voor de lossere kleibanen. Met een harde ondergrond. Lochem Blauwhuis Terwolde Dokkum Kollum<\/p>","protected":false},"featured_media":6233,"template":"","meta":{"_acf_changed":false},"product_brand":[],"product_cat":[2830],"product_tag":[],"class_list":{"0":"post-9976","1":"product","2":"type-product","3":"status-publish","4":"has-post-thumbnail","6":"product_cat-fedima-club-sport-fm7","7":"product_shipping_class-4017","9":"first","10":"instock","11":"taxable","12":"shipping-taxable","13":"purchasable","14":"product-type-simple"},"acf":[],"yoast_head":"<!-- This site is optimized with the Yoast SEO plugin v27.1.1 - https:\/\/yoast.com\/product\/yoast-seo-wordpress\/ -->\n<title>Fedima Clubsport FM-7 175-65-15 - Hoogstra Autosport<\/title>\n<meta name=\"robots\" content=\"index, follow, max-snippet:-1, max-image-preview:large, max-video-preview:-1\" \/>\n<link rel=\"canonical\" href=\"https:\/\/www.hoogstra-autosport.nl\/fr\/produit\/fedima-clusbport-fm-7-175-65-15\/\" \/>\n<meta property=\"og:locale\" content=\"fr_FR\" \/>\n<meta property=\"og:type\" content=\"article\" \/>\n<meta property=\"og:title\" content=\"Fedima Clubsport FM-7 175-65-15 - Hoogstra Autosport\" \/>\n<meta property=\"og:description\" content=\"Fedima Clubsport Fm7 175-65-15 omtrek 195 cm Clubsport banden zijn speciaal ontwikkeld voor de autocross. Deze banden hebben een soft compound. Maar geen versterkte karkassen. Fm-7 profiel is ertermate geschikt voor de lossere kleibanen. Met een harde ondergrond. Lochem Blauwhuis Terwolde Dokkum Kollum\" \/>\n<meta property=\"og:url\" content=\"https:\/\/www.hoogstra-autosport.nl\/fr\/produit\/fedima-clusbport-fm-7-175-65-15\/\" \/>\n<meta property=\"og:site_name\" content=\"Hoogstra Autosport\" \/>\n<meta property=\"article:modified_time\" content=\"2025-03-03T14:35:57+00:00\" \/>\n<meta property=\"og:image\" content=\"https:\/\/www.hoogstra-autosport.nl\/teamkoen\/content\/uploads\/catalog\/product\/rasto_web69.png\" \/>\n\t<meta property=\"og:image:width\" content=\"509\" \/>\n\t<meta property=\"og:image:height\" content=\"207\" \/>\n\t<meta property=\"og:image:type\" content=\"image\/png\" \/>\n<meta name=\"twitter:card\" content=\"summary_large_image\" \/>\n<meta name=\"twitter:label1\" content=\"Dur\u00e9e de lecture estim\u00e9e\" \/>\n\t<meta name=\"twitter:data1\" content=\"1 minute\" \/>\n<script type=\"application\/ld+json\" class=\"yoast-schema-graph\">{\"@context\":\"https:\/\/schema.org\",\"@graph\":[{\"@type\":\"WebPage\",\"@id\":\"https:\/\/www.hoogstra-autosport.nl\/product\/fedima-clusbport-fm-7-175-65-15\/\",\"url\":\"https:\/\/www.hoogstra-autosport.nl\/product\/fedima-clusbport-fm-7-175-65-15\/\",\"name\":\"Fedima Clubsport FM-7 175-65-15 - Hoogstra Autosport\",\"isPartOf\":{\"@id\":\"https:\/\/www.hoogstra-autosport.nl\/#website\"},\"primaryImageOfPage\":{\"@id\":\"https:\/\/www.hoogstra-autosport.nl\/product\/fedima-clusbport-fm-7-175-65-15\/#primaryimage\"},\"image\":{\"@id\":\"https:\/\/www.hoogstra-autosport.nl\/product\/fedima-clusbport-fm-7-175-65-15\/#primaryimage\"},\"thumbnailUrl\":\"https:\/\/www.hoogstra-autosport.nl\/teamkoen\/wp-content\/uploads\/catalog\/product\/rasto_web69.png\",\"datePublished\":\"2016-03-25T09:34:32+00:00\",\"dateModified\":\"2025-03-03T14:35:57+00:00\",\"breadcrumb\":{\"@id\":\"https:\/\/www.hoogstra-autosport.nl\/product\/fedima-clusbport-fm-7-175-65-15\/#breadcrumb\"},\"inLanguage\":\"fr-FR\",\"potentialAction\":[{\"@type\":\"ReadAction\",\"target\":[\"https:\/\/www.hoogstra-autosport.nl\/product\/fedima-clusbport-fm-7-175-65-15\/\"]}]},{\"@type\":\"ImageObject\",\"inLanguage\":\"fr-FR\",\"@id\":\"https:\/\/www.hoogstra-autosport.nl\/product\/fedima-clusbport-fm-7-175-65-15\/#primaryimage\",\"url\":\"https:\/\/www.hoogstra-autosport.nl\/teamkoen\/wp-content\/uploads\/catalog\/product\/rasto_web69.png\",\"contentUrl\":\"https:\/\/www.hoogstra-autosport.nl\/teamkoen\/wp-content\/uploads\/catalog\/product\/rasto_web69.png\",\"width\":509,\"height\":207},{\"@type\":\"BreadcrumbList\",\"@id\":\"https:\/\/www.hoogstra-autosport.nl\/product\/fedima-clusbport-fm-7-175-65-15\/#breadcrumb\",\"itemListElement\":[{\"@type\":\"ListItem\",\"position\":1,\"name\":\"Home\",\"item\":\"https:\/\/www.hoogstra-autosport.nl\/\"},{\"@type\":\"ListItem\",\"position\":2,\"name\":\"Banden &amp; Velgen\",\"item\":\"https:\/\/www.hoogstra-autosport.nl\/product-categorie\/autocrossbanden-en-velgen\/\"},{\"@type\":\"ListItem\",\"position\":3,\"name\":\"Autocross Banden\",\"item\":\"https:\/\/www.hoogstra-autosport.nl\/product-categorie\/autocrossbanden-en-velgen\/autocross-banden\/\"},{\"@type\":\"ListItem\",\"position\":4,\"name\":\"Fedima Banden\",\"item\":\"https:\/\/www.hoogstra-autosport.nl\/product-categorie\/autocrossbanden-en-velgen\/autocross-banden\/fedima-banden\/\"},{\"@type\":\"ListItem\",\"position\":5,\"name\":\"Fedima Club Sport FM7\",\"item\":\"https:\/\/www.hoogstra-autosport.nl\/product-categorie\/autocrossbanden-en-velgen\/autocross-banden\/fedima-banden\/fedima-club-sport-fm7\/\"},{\"@type\":\"ListItem\",\"position\":6,\"name\":\"Fedima Clubsport FM-7 175-65-15\"}]},{\"@type\":\"WebSite\",\"@id\":\"https:\/\/www.hoogstra-autosport.nl\/#website\",\"url\":\"https:\/\/www.hoogstra-autosport.nl\/\",\"name\":\"Hoogstra Autosport\",\"description\":\"Performance Autosport Parts!\",\"potentialAction\":[{\"@type\":\"SearchAction\",\"target\":{\"@type\":\"EntryPoint\",\"urlTemplate\":\"https:\/\/www.hoogstra-autosport.nl\/?s={search_term_string}\"},\"query-input\":{\"@type\":\"PropertyValueSpecification\",\"valueRequired\":true,\"valueName\":\"search_term_string\"}}],\"inLanguage\":\"fr-FR\"}]}<\/script>\n<!-- \/ Yoast SEO plugin. -->","yoast_head_json":{"title":"Fedima Clubsport FM-7 175-65-15 - Hoogstra Autosport","robots":{"index":"index","follow":"follow","max-snippet":"max-snippet:-1","max-image-preview":"max-image-preview:large","max-video-preview":"max-video-preview:-1"},"canonical":"https:\/\/www.hoogstra-autosport.nl\/fr\/produit\/fedima-clusbport-fm-7-175-65-15\/","og_locale":"fr_FR","og_type":"article","og_title":"Fedima Clubsport FM-7 175-65-15 - Hoogstra Autosport","og_description":"Fedima Clubsport Fm7 175-65-15 omtrek 195 cm Clubsport banden zijn speciaal ontwikkeld voor de autocross. Deze banden hebben een soft compound. Maar geen versterkte karkassen. Fm-7 profiel is ertermate geschikt voor de lossere kleibanen. Met een harde ondergrond. Lochem Blauwhuis Terwolde Dokkum Kollum","og_url":"https:\/\/www.hoogstra-autosport.nl\/fr\/produit\/fedima-clusbport-fm-7-175-65-15\/","og_site_name":"Hoogstra Autosport","article_modified_time":"2025-03-03T14:35:57+00:00","og_image":[{"width":509,"height":207,"url":"https:\/\/www.hoogstra-autosport.nl\/teamkoen\/content\/uploads\/catalog\/product\/rasto_web69.png","type":"image\/png"}],"twitter_card":"summary_large_image","twitter_misc":{"Dur\u00e9e de lecture estim\u00e9e":"1 minute"},"schema":{"@context":"https:\/\/schema.org","@graph":[{"@type":"WebPage","@id":"https:\/\/www.hoogstra-autosport.nl\/product\/fedima-clusbport-fm-7-175-65-15\/","url":"https:\/\/www.hoogstra-autosport.nl\/product\/fedima-clusbport-fm-7-175-65-15\/","name":"Fedima Clubsport FM-7 175-65-15 - Hoogstra Autosport","isPartOf":{"@id":"https:\/\/www.hoogstra-autosport.nl\/#website"},"primaryImageOfPage":{"@id":"https:\/\/www.hoogstra-autosport.nl\/product\/fedima-clusbport-fm-7-175-65-15\/#primaryimage"},"image":{"@id":"https:\/\/www.hoogstra-autosport.nl\/product\/fedima-clusbport-fm-7-175-65-15\/#primaryimage"},"thumbnailUrl":"https:\/\/www.hoogstra-autosport.nl\/teamkoen\/wp-content\/uploads\/catalog\/product\/rasto_web69.png","datePublished":"2016-03-25T09:34:32+00:00","dateModified":"2025-03-03T14:35:57+00:00","breadcrumb":{"@id":"https:\/\/www.hoogstra-autosport.nl\/product\/fedima-clusbport-fm-7-175-65-15\/#breadcrumb"},"inLanguage":"fr-FR","potentialAction":[{"@type":"ReadAction","target":["https:\/\/www.hoogstra-autosport.nl\/product\/fedima-clusbport-fm-7-175-65-15\/"]}]},{"@type":"ImageObject","inLanguage":"fr-FR","@id":"https:\/\/www.hoogstra-autosport.nl\/product\/fedima-clusbport-fm-7-175-65-15\/#primaryimage","url":"https:\/\/www.hoogstra-autosport.nl\/teamkoen\/wp-content\/uploads\/catalog\/product\/rasto_web69.png","contentUrl":"https:\/\/www.hoogstra-autosport.nl\/teamkoen\/wp-content\/uploads\/catalog\/product\/rasto_web69.png","width":509,"height":207},{"@type":"BreadcrumbList","@id":"https:\/\/www.hoogstra-autosport.nl\/product\/fedima-clusbport-fm-7-175-65-15\/#breadcrumb","itemListElement":[{"@type":"ListItem","position":1,"name":"Home","item":"https:\/\/www.hoogstra-autosport.nl\/"},{"@type":"ListItem","position":2,"name":"Banden &amp; Velgen","item":"https:\/\/www.hoogstra-autosport.nl\/product-categorie\/autocrossbanden-en-velgen\/"},{"@type":"ListItem","position":3,"name":"Autocross Banden","item":"https:\/\/www.hoogstra-autosport.nl\/product-categorie\/autocrossbanden-en-velgen\/autocross-banden\/"},{"@type":"ListItem","position":4,"name":"Fedima Banden","item":"https:\/\/www.hoogstra-autosport.nl\/product-categorie\/autocrossbanden-en-velgen\/autocross-banden\/fedima-banden\/"},{"@type":"ListItem","position":5,"name":"Fedima Club Sport FM7","item":"https:\/\/www.hoogstra-autosport.nl\/product-categorie\/autocrossbanden-en-velgen\/autocross-banden\/fedima-banden\/fedima-club-sport-fm7\/"},{"@type":"ListItem","position":6,"name":"Fedima Clubsport FM-7 175-65-15"}]},{"@type":"WebSite","@id":"https:\/\/www.hoogstra-autosport.nl\/#website","url":"https:\/\/www.hoogstra-autosport.nl\/","name":"Hoogstra Autosport","description":"Performance Autosport Parts!","potentialAction":[{"@type":"SearchAction","target":{"@type":"EntryPoint","urlTemplate":"https:\/\/www.hoogstra-autosport.nl\/?s={search_term_string}"},"query-input":{"@type":"PropertyValueSpecification","valueRequired":true,"valueName":"search_term_string"}}],"inLanguage":"fr-FR"}]}},"tiered_pricing_type":"fixed","tiered_pricing_fixed_rules":[],"tiered_pricing_product_settings":{"layout":"default","base_unit_name":{"singular":null,"plural":null},"default_variation":null},"tiered_pricing_minimum_quantity":null,"tiered_pricing_roles_data":[],"tiered_pricing_percentage_rules":[],"tiered_pricing_maximum_quantity":null,"tiered_pricing_quantity_step":null,"_links":{"self":[{"href":"https:\/\/www.hoogstra-autosport.nl\/fr\/wp-json\/wp\/v2\/product\/9976","targetHints":{"allow":["GET"]}}],"collection":[{"href":"https:\/\/www.hoogstra-autosport.nl\/fr\/wp-json\/wp\/v2\/product"}],"about":[{"href":"https:\/\/www.hoogstra-autosport.nl\/fr\/wp-json\/wp\/v2\/types\/product"}],"wp:featuredmedia":[{"embeddable":true,"href":"https:\/\/www.hoogstra-autosport.nl\/fr\/wp-json\/wp\/v2\/media\/6233"}],"wp:attachment":[{"href":"https:\/\/www.hoogstra-autosport.nl\/fr\/wp-json\/wp\/v2\/media?parent=9976"}],"wp:term":[{"taxonomy":"product_brand","embeddable":true,"href":"https:\/\/www.hoogstra-autosport.nl\/fr\/wp-json\/wp\/v2\/product_brand?post=9976"},{"taxonomy":"product_cat","embeddable":true,"href":"https:\/\/www.hoogstra-autosport.nl\/fr\/wp-json\/wp\/v2\/product_cat?post=9976"},{"taxonomy":"product_tag","embeddable":true,"href":"https:\/\/www.hoogstra-autosport.nl\/fr\/wp-json\/wp\/v2\/product_tag?post=9976"}],"curies":[{"name":"wp","href":"https:\/\/api.w.org\/{rel}","templated":true}]}}