{"id":9766,"date":"2016-01-04T19:24:07","date_gmt":"2016-01-04T19:24:07","guid":{"rendered":"http:\/\/hoogstra-autosport.nl\/?product=koelkap-dubbel-vin"},"modified":"2024-01-20T13:00:27","modified_gmt":"2024-01-20T12:00:27","slug":"koelkap-dubbel-vin","status":"publish","type":"product","link":"https:\/\/www.hoogstra-autosport.nl\/fr\/produit\/koelkap-dubbel-vin\/","title":{"rendered":"Capuchon de refroidissement Double ailette"},"content":{"rendered":"<p>Mod\u00e8le de hotte de refroidissement \u00e0 double ailette<\/p>\n<p>Sp\u00e9cialement con\u00e7u pour s'adapter au ventilateur spal et au radiateur ducato xxl<\/p>\n<p>Le couvercle du radiateur est con\u00e7u de mani\u00e8re \u00e0 ce qu'un ventilateur aspirant absorbe la chaleur du radiateur en tout point et l'\u00e9vacue par le c\u00f4t\u00e9.<\/p>","protected":false},"excerpt":{"rendered":"<p>Model koelkap dubbel vin Speciaal passend gemaakt voor spal fan en de ducato xxl radiateur Koelkap is dusdanig gemaakt dat een zuigende fan de warmte op alle punten uit de radiateur haalt en dat het via de zijkant naar buiten geblazen wordt.<\/p>","protected":false},"featured_media":43153,"template":"","meta":{"_acf_changed":false},"product_brand":[],"product_cat":[4165,2739],"product_tag":[],"class_list":{"0":"post-9766","1":"product","2":"type-product","3":"status-publish","4":"has-post-thumbnail","6":"product_cat-hoogstra-autosport","7":"product_cat-koelkappen","8":"product_shipping_class-4017","10":"first","11":"instock","12":"taxable","13":"shipping-taxable","14":"purchasable","15":"product-type-simple"},"acf":[],"yoast_head":"<!-- This site is optimized with the Yoast SEO plugin v27.1.1 - https:\/\/yoast.com\/product\/yoast-seo-wordpress\/ -->\n<title>Koelkap Dubbel vin - Hoogstra Autosport<\/title>\n<meta name=\"robots\" content=\"index, follow, max-snippet:-1, max-image-preview:large, max-video-preview:-1\" \/>\n<link rel=\"canonical\" href=\"https:\/\/www.hoogstra-autosport.nl\/fr\/produit\/koelkap-dubbel-vin\/\" \/>\n<meta property=\"og:locale\" content=\"fr_FR\" \/>\n<meta property=\"og:type\" content=\"article\" \/>\n<meta property=\"og:title\" content=\"Koelkap Dubbel vin - Hoogstra Autosport\" \/>\n<meta property=\"og:description\" content=\"Model koelkap dubbel vin Speciaal passend gemaakt voor spal fan en de ducato xxl radiateur Koelkap is dusdanig gemaakt dat een zuigende fan de warmte op alle punten uit de radiateur haalt en dat het via de zijkant naar buiten geblazen wordt.\" \/>\n<meta property=\"og:url\" content=\"https:\/\/www.hoogstra-autosport.nl\/fr\/produit\/koelkap-dubbel-vin\/\" \/>\n<meta property=\"og:site_name\" content=\"Hoogstra Autosport\" \/>\n<meta property=\"article:modified_time\" content=\"2024-01-20T12:00:27+00:00\" \/>\n<meta property=\"og:image\" content=\"https:\/\/www.hoogstra-autosport.nl\/teamkoen\/content\/uploads\/2016\/01\/moi6587.jpg\" \/>\n\t<meta property=\"og:image:width\" content=\"1206\" \/>\n\t<meta property=\"og:image:height\" content=\"1206\" \/>\n\t<meta property=\"og:image:type\" content=\"image\/jpeg\" \/>\n<meta name=\"twitter:card\" content=\"summary_large_image\" \/>\n<script type=\"application\/ld+json\" class=\"yoast-schema-graph\">{\"@context\":\"https:\/\/schema.org\",\"@graph\":[{\"@type\":\"WebPage\",\"@id\":\"https:\/\/www.hoogstra-autosport.nl\/product\/koelkap-dubbel-vin\/\",\"url\":\"https:\/\/www.hoogstra-autosport.nl\/product\/koelkap-dubbel-vin\/\",\"name\":\"Koelkap Dubbel vin - Hoogstra Autosport\",\"isPartOf\":{\"@id\":\"https:\/\/www.hoogstra-autosport.nl\/#website\"},\"primaryImageOfPage\":{\"@id\":\"https:\/\/www.hoogstra-autosport.nl\/product\/koelkap-dubbel-vin\/#primaryimage\"},\"image\":{\"@id\":\"https:\/\/www.hoogstra-autosport.nl\/product\/koelkap-dubbel-vin\/#primaryimage\"},\"thumbnailUrl\":\"https:\/\/www.hoogstra-autosport.nl\/teamkoen\/wp-content\/uploads\/2016\/01\/moi6587.jpg\",\"datePublished\":\"2016-01-04T19:24:07+00:00\",\"dateModified\":\"2024-01-20T12:00:27+00:00\",\"breadcrumb\":{\"@id\":\"https:\/\/www.hoogstra-autosport.nl\/product\/koelkap-dubbel-vin\/#breadcrumb\"},\"inLanguage\":\"fr-FR\",\"potentialAction\":[{\"@type\":\"ReadAction\",\"target\":[\"https:\/\/www.hoogstra-autosport.nl\/product\/koelkap-dubbel-vin\/\"]}]},{\"@type\":\"ImageObject\",\"inLanguage\":\"fr-FR\",\"@id\":\"https:\/\/www.hoogstra-autosport.nl\/product\/koelkap-dubbel-vin\/#primaryimage\",\"url\":\"https:\/\/www.hoogstra-autosport.nl\/teamkoen\/wp-content\/uploads\/2016\/01\/moi6587.jpg\",\"contentUrl\":\"https:\/\/www.hoogstra-autosport.nl\/teamkoen\/wp-content\/uploads\/2016\/01\/moi6587.jpg\",\"width\":1206,\"height\":1206},{\"@type\":\"BreadcrumbList\",\"@id\":\"https:\/\/www.hoogstra-autosport.nl\/product\/koelkap-dubbel-vin\/#breadcrumb\",\"itemListElement\":[{\"@type\":\"ListItem\",\"position\":1,\"name\":\"Home\",\"item\":\"https:\/\/www.hoogstra-autosport.nl\/\"},{\"@type\":\"ListItem\",\"position\":2,\"name\":\"Koeling &amp; Luchtfilters\",\"item\":\"https:\/\/www.hoogstra-autosport.nl\/product-categorie\/koeling-2\/\"},{\"@type\":\"ListItem\",\"position\":3,\"name\":\"Koeling\",\"item\":\"https:\/\/www.hoogstra-autosport.nl\/product-categorie\/koeling-2\/koeling\/\"},{\"@type\":\"ListItem\",\"position\":4,\"name\":\"Radiateuren &amp; Koelkappen\",\"item\":\"https:\/\/www.hoogstra-autosport.nl\/product-categorie\/koeling-2\/koeling\/radiateuren-koelkappen\/\"},{\"@type\":\"ListItem\",\"position\":5,\"name\":\"Koelkappen\",\"item\":\"https:\/\/www.hoogstra-autosport.nl\/product-categorie\/koeling-2\/koeling\/radiateuren-koelkappen\/koelkappen\/\"},{\"@type\":\"ListItem\",\"position\":6,\"name\":\"Koelkap Dubbel vin\"}]},{\"@type\":\"WebSite\",\"@id\":\"https:\/\/www.hoogstra-autosport.nl\/#website\",\"url\":\"https:\/\/www.hoogstra-autosport.nl\/\",\"name\":\"Hoogstra Autosport\",\"description\":\"Performance Autosport Parts!\",\"potentialAction\":[{\"@type\":\"SearchAction\",\"target\":{\"@type\":\"EntryPoint\",\"urlTemplate\":\"https:\/\/www.hoogstra-autosport.nl\/?s={search_term_string}\"},\"query-input\":{\"@type\":\"PropertyValueSpecification\",\"valueRequired\":true,\"valueName\":\"search_term_string\"}}],\"inLanguage\":\"fr-FR\"}]}<\/script>\n<!-- \/ Yoast SEO plugin. -->","yoast_head_json":{"title":"Koelkap Dubbel vin - Hoogstra Autosport","robots":{"index":"index","follow":"follow","max-snippet":"max-snippet:-1","max-image-preview":"max-image-preview:large","max-video-preview":"max-video-preview:-1"},"canonical":"https:\/\/www.hoogstra-autosport.nl\/fr\/produit\/koelkap-dubbel-vin\/","og_locale":"fr_FR","og_type":"article","og_title":"Koelkap Dubbel vin - Hoogstra Autosport","og_description":"Model koelkap dubbel vin Speciaal passend gemaakt voor spal fan en de ducato xxl radiateur Koelkap is dusdanig gemaakt dat een zuigende fan de warmte op alle punten uit de radiateur haalt en dat het via de zijkant naar buiten geblazen wordt.","og_url":"https:\/\/www.hoogstra-autosport.nl\/fr\/produit\/koelkap-dubbel-vin\/","og_site_name":"Hoogstra Autosport","article_modified_time":"2024-01-20T12:00:27+00:00","og_image":[{"width":1206,"height":1206,"url":"https:\/\/www.hoogstra-autosport.nl\/teamkoen\/content\/uploads\/2016\/01\/moi6587.jpg","type":"image\/jpeg"}],"twitter_card":"summary_large_image","schema":{"@context":"https:\/\/schema.org","@graph":[{"@type":"WebPage","@id":"https:\/\/www.hoogstra-autosport.nl\/product\/koelkap-dubbel-vin\/","url":"https:\/\/www.hoogstra-autosport.nl\/product\/koelkap-dubbel-vin\/","name":"Koelkap Dubbel vin - Hoogstra Autosport","isPartOf":{"@id":"https:\/\/www.hoogstra-autosport.nl\/#website"},"primaryImageOfPage":{"@id":"https:\/\/www.hoogstra-autosport.nl\/product\/koelkap-dubbel-vin\/#primaryimage"},"image":{"@id":"https:\/\/www.hoogstra-autosport.nl\/product\/koelkap-dubbel-vin\/#primaryimage"},"thumbnailUrl":"https:\/\/www.hoogstra-autosport.nl\/teamkoen\/wp-content\/uploads\/2016\/01\/moi6587.jpg","datePublished":"2016-01-04T19:24:07+00:00","dateModified":"2024-01-20T12:00:27+00:00","breadcrumb":{"@id":"https:\/\/www.hoogstra-autosport.nl\/product\/koelkap-dubbel-vin\/#breadcrumb"},"inLanguage":"fr-FR","potentialAction":[{"@type":"ReadAction","target":["https:\/\/www.hoogstra-autosport.nl\/product\/koelkap-dubbel-vin\/"]}]},{"@type":"ImageObject","inLanguage":"fr-FR","@id":"https:\/\/www.hoogstra-autosport.nl\/product\/koelkap-dubbel-vin\/#primaryimage","url":"https:\/\/www.hoogstra-autosport.nl\/teamkoen\/wp-content\/uploads\/2016\/01\/moi6587.jpg","contentUrl":"https:\/\/www.hoogstra-autosport.nl\/teamkoen\/wp-content\/uploads\/2016\/01\/moi6587.jpg","width":1206,"height":1206},{"@type":"BreadcrumbList","@id":"https:\/\/www.hoogstra-autosport.nl\/product\/koelkap-dubbel-vin\/#breadcrumb","itemListElement":[{"@type":"ListItem","position":1,"name":"Home","item":"https:\/\/www.hoogstra-autosport.nl\/"},{"@type":"ListItem","position":2,"name":"Koeling &amp; Luchtfilters","item":"https:\/\/www.hoogstra-autosport.nl\/product-categorie\/koeling-2\/"},{"@type":"ListItem","position":3,"name":"Koeling","item":"https:\/\/www.hoogstra-autosport.nl\/product-categorie\/koeling-2\/koeling\/"},{"@type":"ListItem","position":4,"name":"Radiateuren &amp; Koelkappen","item":"https:\/\/www.hoogstra-autosport.nl\/product-categorie\/koeling-2\/koeling\/radiateuren-koelkappen\/"},{"@type":"ListItem","position":5,"name":"Koelkappen","item":"https:\/\/www.hoogstra-autosport.nl\/product-categorie\/koeling-2\/koeling\/radiateuren-koelkappen\/koelkappen\/"},{"@type":"ListItem","position":6,"name":"Koelkap Dubbel vin"}]},{"@type":"WebSite","@id":"https:\/\/www.hoogstra-autosport.nl\/#website","url":"https:\/\/www.hoogstra-autosport.nl\/","name":"Hoogstra Autosport","description":"Performance Autosport Parts!","potentialAction":[{"@type":"SearchAction","target":{"@type":"EntryPoint","urlTemplate":"https:\/\/www.hoogstra-autosport.nl\/?s={search_term_string}"},"query-input":{"@type":"PropertyValueSpecification","valueRequired":true,"valueName":"search_term_string"}}],"inLanguage":"fr-FR"}]}},"tiered_pricing_type":"fixed","tiered_pricing_fixed_rules":[],"tiered_pricing_product_settings":{"layout":"default","base_unit_name":{"singular":null,"plural":null},"default_variation":null},"tiered_pricing_minimum_quantity":null,"tiered_pricing_roles_data":[],"tiered_pricing_percentage_rules":[],"tiered_pricing_maximum_quantity":null,"tiered_pricing_quantity_step":null,"_links":{"self":[{"href":"https:\/\/www.hoogstra-autosport.nl\/fr\/wp-json\/wp\/v2\/product\/9766","targetHints":{"allow":["GET"]}}],"collection":[{"href":"https:\/\/www.hoogstra-autosport.nl\/fr\/wp-json\/wp\/v2\/product"}],"about":[{"href":"https:\/\/www.hoogstra-autosport.nl\/fr\/wp-json\/wp\/v2\/types\/product"}],"wp:featuredmedia":[{"embeddable":true,"href":"https:\/\/www.hoogstra-autosport.nl\/fr\/wp-json\/wp\/v2\/media\/43153"}],"wp:attachment":[{"href":"https:\/\/www.hoogstra-autosport.nl\/fr\/wp-json\/wp\/v2\/media?parent=9766"}],"wp:term":[{"taxonomy":"product_brand","embeddable":true,"href":"https:\/\/www.hoogstra-autosport.nl\/fr\/wp-json\/wp\/v2\/product_brand?post=9766"},{"taxonomy":"product_cat","embeddable":true,"href":"https:\/\/www.hoogstra-autosport.nl\/fr\/wp-json\/wp\/v2\/product_cat?post=9766"},{"taxonomy":"product_tag","embeddable":true,"href":"https:\/\/www.hoogstra-autosport.nl\/fr\/wp-json\/wp\/v2\/product_tag?post=9766"}],"curies":[{"name":"wp","href":"https:\/\/api.w.org\/{rel}","templated":true}]}}