{"id":97121,"date":"2026-01-30T13:33:46","date_gmt":"2026-01-30T12:33:46","guid":{"rendered":"https:\/\/www.hoogstra-autosport.nl\/?post_type=product&#038;p=97121"},"modified":"2026-01-30T14:36:38","modified_gmt":"2026-01-30T13:36:38","slug":"tillet-c1-racing-seat-fia-41-fia","status":"publish","type":"product","link":"https:\/\/www.hoogstra-autosport.nl\/fr\/produit\/tillet-c1-racing-seat-fia-41-fia\/","title":{"rendered":"Tillet C1 Racing Seat FIA 41 FIA"},"content":{"rendered":"<p>Le C1 est un fauteuil de comp\u00e9tition l\u00e9ger de Tillett et le premier \u00e0 \u00eatre dot\u00e9 d'une protection de la t\u00eate et du cou.<\/p>\n<p>Bas\u00e9 sur le tr\u00e8s populaire si\u00e8ge hurleur B6, le C1 conserve ses dimensions compactes et sa forme ergonomique confortable, mais avec une s\u00e9curit\u00e9 am\u00e9lior\u00e9e.<\/p>\n<p>La protection de la t\u00eate est con\u00e7ue pour une s\u00e9curit\u00e9 optimale sans entraver la vision ou le mouvement des \u00e9paules.<\/p>\n<p>Le si\u00e8ge C1 Screamer place le conducteur plus bas dans la voiture, ce qui profite aux conducteurs de grande taille et contribue \u00e0 abaisser le centre de gravit\u00e9 du v\u00e9hicule.<\/p>\n<p>L\u00e9ger, \u00e0 partir de 7,1 kg seulement<\/p>\n<p>Protection int\u00e9gr\u00e9e de la t\u00eate et du cou pour r\u00e9duire le risque de blessure en cas de collision<br \/>\nPosition assise basse, id\u00e9ale pour abaisser le centre de gravit\u00e9<br \/>\nLa conception de la coque, solide et rigide, am\u00e9liore le retour d'information du conducteur sur le ch\u00e2ssis<br \/>\nLes dimensions ext\u00e9rieures compactes permettent un montage dans des cockpits plus petits.<\/p>\n<p>Standaardmaat: Drivers tot 100 kg met een taille van 36\u2033 (91,4 cm) \/ XL-maat: Drivers tot 130 kg met een taille van 40\u2033 (102 cm).<\/p>","protected":false},"excerpt":{"rendered":"<p>De C1 is een lichtgewicht wedstrijdstoel van Tillett en is de eerste met hoofd- en nekbescherming. De C1 is gebaseerd op de immens populaire B6 screamer-stoel en behoudt de compacte afmetingen en comfortabele ergonomische vorm, maar met verbeterde veiligheid. De hoofdbescherming is ontworpen voor optimale veiligheid zonder het zicht of de schouderbeweging te belemmeren. De [&hellip;]<\/p>\n","protected":false},"featured_media":97124,"template":"","meta":{"_acf_changed":false},"product_brand":[],"product_cat":[2905,3798],"product_tag":[],"class_list":{"0":"post-97121","1":"product","2":"type-product","3":"status-publish","4":"has-post-thumbnail","6":"product_cat-offroad-stoelen-autocross","7":"product_cat-tillett-stoelen","8":"product_shipping_class-4018","10":"first","11":"instock","12":"taxable","13":"shipping-taxable","14":"purchasable","15":"product-type-variable"},"acf":[],"yoast_head":"<!-- This site is optimized with the Yoast SEO plugin v27.1.1 - https:\/\/yoast.com\/product\/yoast-seo-wordpress\/ -->\n<title>Tillet C1 Racing Seat FIA 41 FIA - Hoogstra Autosport<\/title>\n<meta name=\"robots\" content=\"index, follow, max-snippet:-1, max-image-preview:large, max-video-preview:-1\" \/>\n<link rel=\"canonical\" href=\"https:\/\/www.hoogstra-autosport.nl\/fr\/produit\/tillet-c1-racing-seat-fia-41-fia\/\" \/>\n<meta property=\"og:locale\" content=\"fr_FR\" \/>\n<meta property=\"og:type\" content=\"article\" \/>\n<meta property=\"og:title\" content=\"Tillet C1 Racing Seat FIA 41 FIA - Hoogstra Autosport\" \/>\n<meta property=\"og:description\" content=\"De C1 is een lichtgewicht wedstrijdstoel van Tillett en is de eerste met hoofd- en nekbescherming. De C1 is gebaseerd op de immens populaire B6 screamer-stoel en behoudt de compacte afmetingen en comfortabele ergonomische vorm, maar met verbeterde veiligheid. De hoofdbescherming is ontworpen voor optimale veiligheid zonder het zicht of de schouderbeweging te belemmeren. De [&hellip;]\" \/>\n<meta property=\"og:url\" content=\"https:\/\/www.hoogstra-autosport.nl\/fr\/produit\/tillet-c1-racing-seat-fia-41-fia\/\" \/>\n<meta property=\"og:site_name\" content=\"Hoogstra Autosport\" \/>\n<meta property=\"article:modified_time\" content=\"2026-01-30T13:36:38+00:00\" \/>\n<meta property=\"og:image\" content=\"https:\/\/www.hoogstra-autosport.nl\/teamkoen\/wp-content\/uploads\/2026\/01\/original-8B0C8F54-B2D9-432D-B84D-EADB5F23B12C.jpeg\" \/>\n\t<meta property=\"og:image:width\" content=\"1179\" \/>\n\t<meta property=\"og:image:height\" content=\"1179\" \/>\n\t<meta property=\"og:image:type\" content=\"image\/jpeg\" \/>\n<meta name=\"twitter:card\" content=\"summary_large_image\" \/>\n<meta name=\"twitter:label1\" content=\"Dur\u00e9e de lecture estim\u00e9e\" \/>\n\t<meta name=\"twitter:data1\" content=\"1 minute\" \/>\n<script type=\"application\/ld+json\" class=\"yoast-schema-graph\">{\"@context\":\"https:\/\/schema.org\",\"@graph\":[{\"@type\":\"WebPage\",\"@id\":\"https:\/\/www.hoogstra-autosport.nl\/product\/tillet-c1-racing-seat-fia-41-fia\/\",\"url\":\"https:\/\/www.hoogstra-autosport.nl\/product\/tillet-c1-racing-seat-fia-41-fia\/\",\"name\":\"Tillet C1 Racing Seat FIA 41 FIA - Hoogstra Autosport\",\"isPartOf\":{\"@id\":\"https:\/\/www.hoogstra-autosport.nl\/#website\"},\"primaryImageOfPage\":{\"@id\":\"https:\/\/www.hoogstra-autosport.nl\/product\/tillet-c1-racing-seat-fia-41-fia\/#primaryimage\"},\"image\":{\"@id\":\"https:\/\/www.hoogstra-autosport.nl\/product\/tillet-c1-racing-seat-fia-41-fia\/#primaryimage\"},\"thumbnailUrl\":\"https:\/\/www.hoogstra-autosport.nl\/teamkoen\/wp-content\/uploads\/2026\/01\/original-8B0C8F54-B2D9-432D-B84D-EADB5F23B12C.jpeg\",\"datePublished\":\"2026-01-30T12:33:46+00:00\",\"dateModified\":\"2026-01-30T13:36:38+00:00\",\"breadcrumb\":{\"@id\":\"https:\/\/www.hoogstra-autosport.nl\/product\/tillet-c1-racing-seat-fia-41-fia\/#breadcrumb\"},\"inLanguage\":\"fr-FR\",\"potentialAction\":[{\"@type\":\"ReadAction\",\"target\":[\"https:\/\/www.hoogstra-autosport.nl\/product\/tillet-c1-racing-seat-fia-41-fia\/\"]}]},{\"@type\":\"ImageObject\",\"inLanguage\":\"fr-FR\",\"@id\":\"https:\/\/www.hoogstra-autosport.nl\/product\/tillet-c1-racing-seat-fia-41-fia\/#primaryimage\",\"url\":\"https:\/\/www.hoogstra-autosport.nl\/teamkoen\/wp-content\/uploads\/2026\/01\/original-8B0C8F54-B2D9-432D-B84D-EADB5F23B12C.jpeg\",\"contentUrl\":\"https:\/\/www.hoogstra-autosport.nl\/teamkoen\/wp-content\/uploads\/2026\/01\/original-8B0C8F54-B2D9-432D-B84D-EADB5F23B12C.jpeg\",\"width\":1179,\"height\":1179},{\"@type\":\"BreadcrumbList\",\"@id\":\"https:\/\/www.hoogstra-autosport.nl\/product\/tillet-c1-racing-seat-fia-41-fia\/#breadcrumb\",\"itemListElement\":[{\"@type\":\"ListItem\",\"position\":1,\"name\":\"Home\",\"item\":\"https:\/\/www.hoogstra-autosport.nl\/\"},{\"@type\":\"ListItem\",\"position\":2,\"name\":\"Interieur\",\"item\":\"https:\/\/www.hoogstra-autosport.nl\/product-categorie\/remmen-brandstof-tanken\/\"},{\"@type\":\"ListItem\",\"position\":3,\"name\":\"Stoelen\",\"item\":\"https:\/\/www.hoogstra-autosport.nl\/product-categorie\/remmen-brandstof-tanken\/stoelen\/\"},{\"@type\":\"ListItem\",\"position\":4,\"name\":\"Tillett Stoelen\",\"item\":\"https:\/\/www.hoogstra-autosport.nl\/product-categorie\/remmen-brandstof-tanken\/stoelen\/tillett-stoelen\/\"},{\"@type\":\"ListItem\",\"position\":5,\"name\":\"Tillet C1 Racing Seat FIA 41 FIA\"}]},{\"@type\":\"WebSite\",\"@id\":\"https:\/\/www.hoogstra-autosport.nl\/#website\",\"url\":\"https:\/\/www.hoogstra-autosport.nl\/\",\"name\":\"Hoogstra Autosport\",\"description\":\"Performance Autosport Parts!\",\"potentialAction\":[{\"@type\":\"SearchAction\",\"target\":{\"@type\":\"EntryPoint\",\"urlTemplate\":\"https:\/\/www.hoogstra-autosport.nl\/?s={search_term_string}\"},\"query-input\":{\"@type\":\"PropertyValueSpecification\",\"valueRequired\":true,\"valueName\":\"search_term_string\"}}],\"inLanguage\":\"fr-FR\"}]}<\/script>\n<!-- \/ Yoast SEO plugin. -->","yoast_head_json":{"title":"Tillet C1 Racing Seat FIA 41 FIA - Hoogstra Autosport","robots":{"index":"index","follow":"follow","max-snippet":"max-snippet:-1","max-image-preview":"max-image-preview:large","max-video-preview":"max-video-preview:-1"},"canonical":"https:\/\/www.hoogstra-autosport.nl\/fr\/produit\/tillet-c1-racing-seat-fia-41-fia\/","og_locale":"fr_FR","og_type":"article","og_title":"Tillet C1 Racing Seat FIA 41 FIA - Hoogstra Autosport","og_description":"De C1 is een lichtgewicht wedstrijdstoel van Tillett en is de eerste met hoofd- en nekbescherming. De C1 is gebaseerd op de immens populaire B6 screamer-stoel en behoudt de compacte afmetingen en comfortabele ergonomische vorm, maar met verbeterde veiligheid. De hoofdbescherming is ontworpen voor optimale veiligheid zonder het zicht of de schouderbeweging te belemmeren. De [&hellip;]","og_url":"https:\/\/www.hoogstra-autosport.nl\/fr\/produit\/tillet-c1-racing-seat-fia-41-fia\/","og_site_name":"Hoogstra Autosport","article_modified_time":"2026-01-30T13:36:38+00:00","og_image":[{"width":1179,"height":1179,"url":"https:\/\/www.hoogstra-autosport.nl\/teamkoen\/wp-content\/uploads\/2026\/01\/original-8B0C8F54-B2D9-432D-B84D-EADB5F23B12C.jpeg","type":"image\/jpeg"}],"twitter_card":"summary_large_image","twitter_misc":{"Dur\u00e9e de lecture estim\u00e9e":"1 minute"},"schema":{"@context":"https:\/\/schema.org","@graph":[{"@type":"WebPage","@id":"https:\/\/www.hoogstra-autosport.nl\/product\/tillet-c1-racing-seat-fia-41-fia\/","url":"https:\/\/www.hoogstra-autosport.nl\/product\/tillet-c1-racing-seat-fia-41-fia\/","name":"Tillet C1 Racing Seat FIA 41 FIA - Hoogstra Autosport","isPartOf":{"@id":"https:\/\/www.hoogstra-autosport.nl\/#website"},"primaryImageOfPage":{"@id":"https:\/\/www.hoogstra-autosport.nl\/product\/tillet-c1-racing-seat-fia-41-fia\/#primaryimage"},"image":{"@id":"https:\/\/www.hoogstra-autosport.nl\/product\/tillet-c1-racing-seat-fia-41-fia\/#primaryimage"},"thumbnailUrl":"https:\/\/www.hoogstra-autosport.nl\/teamkoen\/wp-content\/uploads\/2026\/01\/original-8B0C8F54-B2D9-432D-B84D-EADB5F23B12C.jpeg","datePublished":"2026-01-30T12:33:46+00:00","dateModified":"2026-01-30T13:36:38+00:00","breadcrumb":{"@id":"https:\/\/www.hoogstra-autosport.nl\/product\/tillet-c1-racing-seat-fia-41-fia\/#breadcrumb"},"inLanguage":"fr-FR","potentialAction":[{"@type":"ReadAction","target":["https:\/\/www.hoogstra-autosport.nl\/product\/tillet-c1-racing-seat-fia-41-fia\/"]}]},{"@type":"ImageObject","inLanguage":"fr-FR","@id":"https:\/\/www.hoogstra-autosport.nl\/product\/tillet-c1-racing-seat-fia-41-fia\/#primaryimage","url":"https:\/\/www.hoogstra-autosport.nl\/teamkoen\/wp-content\/uploads\/2026\/01\/original-8B0C8F54-B2D9-432D-B84D-EADB5F23B12C.jpeg","contentUrl":"https:\/\/www.hoogstra-autosport.nl\/teamkoen\/wp-content\/uploads\/2026\/01\/original-8B0C8F54-B2D9-432D-B84D-EADB5F23B12C.jpeg","width":1179,"height":1179},{"@type":"BreadcrumbList","@id":"https:\/\/www.hoogstra-autosport.nl\/product\/tillet-c1-racing-seat-fia-41-fia\/#breadcrumb","itemListElement":[{"@type":"ListItem","position":1,"name":"Home","item":"https:\/\/www.hoogstra-autosport.nl\/"},{"@type":"ListItem","position":2,"name":"Interieur","item":"https:\/\/www.hoogstra-autosport.nl\/product-categorie\/remmen-brandstof-tanken\/"},{"@type":"ListItem","position":3,"name":"Stoelen","item":"https:\/\/www.hoogstra-autosport.nl\/product-categorie\/remmen-brandstof-tanken\/stoelen\/"},{"@type":"ListItem","position":4,"name":"Tillett Stoelen","item":"https:\/\/www.hoogstra-autosport.nl\/product-categorie\/remmen-brandstof-tanken\/stoelen\/tillett-stoelen\/"},{"@type":"ListItem","position":5,"name":"Tillet C1 Racing Seat FIA 41 FIA"}]},{"@type":"WebSite","@id":"https:\/\/www.hoogstra-autosport.nl\/#website","url":"https:\/\/www.hoogstra-autosport.nl\/","name":"Hoogstra Autosport","description":"Performance Autosport Parts!","potentialAction":[{"@type":"SearchAction","target":{"@type":"EntryPoint","urlTemplate":"https:\/\/www.hoogstra-autosport.nl\/?s={search_term_string}"},"query-input":{"@type":"PropertyValueSpecification","valueRequired":true,"valueName":"search_term_string"}}],"inLanguage":"fr-FR"}]}},"tiered_pricing_type":"fixed","tiered_pricing_fixed_rules":[],"tiered_pricing_product_settings":{"layout":"default","base_unit_name":{"singular":null,"plural":null},"default_variation":null},"tiered_pricing_minimum_quantity":null,"tiered_pricing_roles_data":[],"tiered_pricing_percentage_rules":[],"tiered_pricing_maximum_quantity":null,"tiered_pricing_quantity_step":null,"_links":{"self":[{"href":"https:\/\/www.hoogstra-autosport.nl\/fr\/wp-json\/wp\/v2\/product\/97121","targetHints":{"allow":["GET"]}}],"collection":[{"href":"https:\/\/www.hoogstra-autosport.nl\/fr\/wp-json\/wp\/v2\/product"}],"about":[{"href":"https:\/\/www.hoogstra-autosport.nl\/fr\/wp-json\/wp\/v2\/types\/product"}],"wp:featuredmedia":[{"embeddable":true,"href":"https:\/\/www.hoogstra-autosport.nl\/fr\/wp-json\/wp\/v2\/media\/97124"}],"wp:attachment":[{"href":"https:\/\/www.hoogstra-autosport.nl\/fr\/wp-json\/wp\/v2\/media?parent=97121"}],"wp:term":[{"taxonomy":"product_brand","embeddable":true,"href":"https:\/\/www.hoogstra-autosport.nl\/fr\/wp-json\/wp\/v2\/product_brand?post=97121"},{"taxonomy":"product_cat","embeddable":true,"href":"https:\/\/www.hoogstra-autosport.nl\/fr\/wp-json\/wp\/v2\/product_cat?post=97121"},{"taxonomy":"product_tag","embeddable":true,"href":"https:\/\/www.hoogstra-autosport.nl\/fr\/wp-json\/wp\/v2\/product_tag?post=97121"}],"curies":[{"name":"wp","href":"https:\/\/api.w.org\/{rel}","templated":true}]}}