{"id":96935,"date":"2026-01-29T16:01:40","date_gmt":"2026-01-29T15:01:40","guid":{"rendered":"https:\/\/www.hoogstra-autosport.nl\/?post_type=product&#038;p=96935"},"modified":"2026-01-29T16:02:34","modified_gmt":"2026-01-29T15:02:34","slug":"ripp-n-roll-hybrid-xl-white","status":"publish","type":"product","link":"https:\/\/www.hoogstra-autosport.nl\/fr\/produit\/ripp-n-roll-hybrid-xl-white\/","title":{"rendered":"Ripp &#8216; n Roll Hybrid XL WHITE"},"content":{"rendered":"<p>Rip and Roll XL<\/p>\n<p>Lunettes de protection compl\u00e8tes avec prot\u00e8ge-nez, disponibles dans de nombreuses couleurs.<\/p>\n<p>Y compris<\/p>\n<p>Syst\u00e8me Roll-Off XL 36mm ! !! Roll-off<\/p>\n<p>Lentille anti-rayures<br \/>\n- Bande adh\u00e9sive sur le dessus<\/p>\n<p>Tous les verres sont inclus<br \/>\n- Prot\u00e8ge-nez<br \/>\n- Paquet de 10 pi\u00e8ces d\u00e9tach\u00e9es<\/p>","protected":false},"excerpt":{"rendered":"<p>Rip and Roll XL Crossbrillen kompleet met neusbeschermer in vele verschillende kleuren leverbaar Inclusief XL Roll-Off system 36mm !! Rolletjes \u2022Anti Scratch Lens \u2022 Plakstrip bovenlangs Alle Brillen inclusief \u2022 Neusbeschermer \u2022 Pakje met 10 tearoffs<\/p>","protected":false},"featured_media":96936,"template":"","meta":{"_acf_changed":false},"product_brand":[],"product_cat":[4186],"product_tag":[],"class_list":{"0":"post-96935","1":"product","2":"type-product","3":"status-publish","4":"has-post-thumbnail","6":"product_cat-hybrid-xl","7":"product_shipping_class-4016","9":"first","10":"instock","11":"taxable","12":"shipping-taxable","13":"purchasable","14":"product-type-simple"},"acf":[],"yoast_head":"<!-- This site is optimized with the Yoast SEO plugin v27.1.1 - https:\/\/yoast.com\/product\/yoast-seo-wordpress\/ -->\n<title>Ripp &#039; n Roll Hybrid XL WHITE - Hoogstra Autosport<\/title>\n<meta name=\"description\" content=\"crossbril\" \/>\n<meta name=\"robots\" content=\"index, follow, max-snippet:-1, max-image-preview:large, max-video-preview:-1\" \/>\n<link rel=\"canonical\" href=\"https:\/\/www.hoogstra-autosport.nl\/fr\/produit\/ripp-n-roll-hybrid-xl-white\/\" \/>\n<meta property=\"og:locale\" content=\"fr_FR\" \/>\n<meta property=\"og:type\" content=\"article\" \/>\n<meta property=\"og:title\" content=\"Ripp &#039; n Roll Hybrid XL WHITE - Hoogstra Autosport\" \/>\n<meta property=\"og:description\" content=\"crossbril\" \/>\n<meta property=\"og:url\" content=\"https:\/\/www.hoogstra-autosport.nl\/fr\/produit\/ripp-n-roll-hybrid-xl-white\/\" \/>\n<meta property=\"og:site_name\" content=\"Hoogstra Autosport\" \/>\n<meta property=\"article:modified_time\" content=\"2026-01-29T15:02:34+00:00\" \/>\n<meta property=\"og:image\" content=\"https:\/\/www.hoogstra-autosport.nl\/teamkoen\/wp-content\/uploads\/2026\/01\/Untitled-Project-2026-01-29T155806.353.jpg\" \/>\n\t<meta property=\"og:image:width\" content=\"1000\" \/>\n\t<meta property=\"og:image:height\" content=\"1000\" \/>\n\t<meta property=\"og:image:type\" content=\"image\/jpeg\" \/>\n<meta name=\"twitter:card\" content=\"summary_large_image\" \/>\n<meta name=\"twitter:label1\" content=\"Dur\u00e9e de lecture estim\u00e9e\" \/>\n\t<meta name=\"twitter:data1\" content=\"1 minute\" \/>\n<script type=\"application\/ld+json\" class=\"yoast-schema-graph\">{\"@context\":\"https:\/\/schema.org\",\"@graph\":[{\"@type\":\"WebPage\",\"@id\":\"https:\/\/www.hoogstra-autosport.nl\/product\/ripp-n-roll-hybrid-xl-white\/\",\"url\":\"https:\/\/www.hoogstra-autosport.nl\/product\/ripp-n-roll-hybrid-xl-white\/\",\"name\":\"Ripp ' n Roll Hybrid XL WHITE - Hoogstra Autosport\",\"isPartOf\":{\"@id\":\"https:\/\/www.hoogstra-autosport.nl\/#website\"},\"primaryImageOfPage\":{\"@id\":\"https:\/\/www.hoogstra-autosport.nl\/product\/ripp-n-roll-hybrid-xl-white\/#primaryimage\"},\"image\":{\"@id\":\"https:\/\/www.hoogstra-autosport.nl\/product\/ripp-n-roll-hybrid-xl-white\/#primaryimage\"},\"thumbnailUrl\":\"https:\/\/www.hoogstra-autosport.nl\/teamkoen\/wp-content\/uploads\/2026\/01\/Untitled-Project-2026-01-29T155806.353.jpg\",\"datePublished\":\"2026-01-29T15:01:40+00:00\",\"dateModified\":\"2026-01-29T15:02:34+00:00\",\"description\":\"crossbril\",\"breadcrumb\":{\"@id\":\"https:\/\/www.hoogstra-autosport.nl\/product\/ripp-n-roll-hybrid-xl-white\/#breadcrumb\"},\"inLanguage\":\"fr-FR\",\"potentialAction\":[{\"@type\":\"ReadAction\",\"target\":[\"https:\/\/www.hoogstra-autosport.nl\/product\/ripp-n-roll-hybrid-xl-white\/\"]}]},{\"@type\":\"ImageObject\",\"inLanguage\":\"fr-FR\",\"@id\":\"https:\/\/www.hoogstra-autosport.nl\/product\/ripp-n-roll-hybrid-xl-white\/#primaryimage\",\"url\":\"https:\/\/www.hoogstra-autosport.nl\/teamkoen\/wp-content\/uploads\/2026\/01\/Untitled-Project-2026-01-29T155806.353.jpg\",\"contentUrl\":\"https:\/\/www.hoogstra-autosport.nl\/teamkoen\/wp-content\/uploads\/2026\/01\/Untitled-Project-2026-01-29T155806.353.jpg\",\"width\":1000,\"height\":1000},{\"@type\":\"BreadcrumbList\",\"@id\":\"https:\/\/www.hoogstra-autosport.nl\/product\/ripp-n-roll-hybrid-xl-white\/#breadcrumb\",\"itemListElement\":[{\"@type\":\"ListItem\",\"position\":1,\"name\":\"Home\",\"item\":\"https:\/\/www.hoogstra-autosport.nl\/\"},{\"@type\":\"ListItem\",\"position\":2,\"name\":\"Uitrusting\",\"item\":\"https:\/\/www.hoogstra-autosport.nl\/product-categorie\/autosport-kleding-helmen\/\"},{\"@type\":\"ListItem\",\"position\":3,\"name\":\"Crossbrillen\",\"item\":\"https:\/\/www.hoogstra-autosport.nl\/product-categorie\/autosport-kleding-helmen\/crossbrillen\/\"},{\"@type\":\"ListItem\",\"position\":4,\"name\":\"Rip'n Roll Brillen &amp; Delen\",\"item\":\"https:\/\/www.hoogstra-autosport.nl\/product-categorie\/autosport-kleding-helmen\/crossbrillen\/ripn-roll-brillen-delen\/\"},{\"@type\":\"ListItem\",\"position\":5,\"name\":\"Hybrid XL\",\"item\":\"https:\/\/www.hoogstra-autosport.nl\/product-categorie\/autosport-kleding-helmen\/crossbrillen\/ripn-roll-brillen-delen\/hybrid-xl\/\"},{\"@type\":\"ListItem\",\"position\":6,\"name\":\"Ripp &#8216; n Roll Hybrid XL WHITE\"}]},{\"@type\":\"WebSite\",\"@id\":\"https:\/\/www.hoogstra-autosport.nl\/#website\",\"url\":\"https:\/\/www.hoogstra-autosport.nl\/\",\"name\":\"Hoogstra Autosport\",\"description\":\"Performance Autosport Parts!\",\"potentialAction\":[{\"@type\":\"SearchAction\",\"target\":{\"@type\":\"EntryPoint\",\"urlTemplate\":\"https:\/\/www.hoogstra-autosport.nl\/?s={search_term_string}\"},\"query-input\":{\"@type\":\"PropertyValueSpecification\",\"valueRequired\":true,\"valueName\":\"search_term_string\"}}],\"inLanguage\":\"fr-FR\"}]}<\/script>\n<!-- \/ Yoast SEO plugin. -->","yoast_head_json":{"title":"Ripp ' n Roll Hybrid XL WHITE - Hoogstra Autosport","description":"crossbril","robots":{"index":"index","follow":"follow","max-snippet":"max-snippet:-1","max-image-preview":"max-image-preview:large","max-video-preview":"max-video-preview:-1"},"canonical":"https:\/\/www.hoogstra-autosport.nl\/fr\/produit\/ripp-n-roll-hybrid-xl-white\/","og_locale":"fr_FR","og_type":"article","og_title":"Ripp ' n Roll Hybrid XL WHITE - Hoogstra Autosport","og_description":"crossbril","og_url":"https:\/\/www.hoogstra-autosport.nl\/fr\/produit\/ripp-n-roll-hybrid-xl-white\/","og_site_name":"Hoogstra Autosport","article_modified_time":"2026-01-29T15:02:34+00:00","og_image":[{"width":1000,"height":1000,"url":"https:\/\/www.hoogstra-autosport.nl\/teamkoen\/wp-content\/uploads\/2026\/01\/Untitled-Project-2026-01-29T155806.353.jpg","type":"image\/jpeg"}],"twitter_card":"summary_large_image","twitter_misc":{"Dur\u00e9e de lecture estim\u00e9e":"1 minute"},"schema":{"@context":"https:\/\/schema.org","@graph":[{"@type":"WebPage","@id":"https:\/\/www.hoogstra-autosport.nl\/product\/ripp-n-roll-hybrid-xl-white\/","url":"https:\/\/www.hoogstra-autosport.nl\/product\/ripp-n-roll-hybrid-xl-white\/","name":"Ripp ' n Roll Hybrid XL WHITE - Hoogstra Autosport","isPartOf":{"@id":"https:\/\/www.hoogstra-autosport.nl\/#website"},"primaryImageOfPage":{"@id":"https:\/\/www.hoogstra-autosport.nl\/product\/ripp-n-roll-hybrid-xl-white\/#primaryimage"},"image":{"@id":"https:\/\/www.hoogstra-autosport.nl\/product\/ripp-n-roll-hybrid-xl-white\/#primaryimage"},"thumbnailUrl":"https:\/\/www.hoogstra-autosport.nl\/teamkoen\/wp-content\/uploads\/2026\/01\/Untitled-Project-2026-01-29T155806.353.jpg","datePublished":"2026-01-29T15:01:40+00:00","dateModified":"2026-01-29T15:02:34+00:00","description":"crossbril","breadcrumb":{"@id":"https:\/\/www.hoogstra-autosport.nl\/product\/ripp-n-roll-hybrid-xl-white\/#breadcrumb"},"inLanguage":"fr-FR","potentialAction":[{"@type":"ReadAction","target":["https:\/\/www.hoogstra-autosport.nl\/product\/ripp-n-roll-hybrid-xl-white\/"]}]},{"@type":"ImageObject","inLanguage":"fr-FR","@id":"https:\/\/www.hoogstra-autosport.nl\/product\/ripp-n-roll-hybrid-xl-white\/#primaryimage","url":"https:\/\/www.hoogstra-autosport.nl\/teamkoen\/wp-content\/uploads\/2026\/01\/Untitled-Project-2026-01-29T155806.353.jpg","contentUrl":"https:\/\/www.hoogstra-autosport.nl\/teamkoen\/wp-content\/uploads\/2026\/01\/Untitled-Project-2026-01-29T155806.353.jpg","width":1000,"height":1000},{"@type":"BreadcrumbList","@id":"https:\/\/www.hoogstra-autosport.nl\/product\/ripp-n-roll-hybrid-xl-white\/#breadcrumb","itemListElement":[{"@type":"ListItem","position":1,"name":"Home","item":"https:\/\/www.hoogstra-autosport.nl\/"},{"@type":"ListItem","position":2,"name":"Uitrusting","item":"https:\/\/www.hoogstra-autosport.nl\/product-categorie\/autosport-kleding-helmen\/"},{"@type":"ListItem","position":3,"name":"Crossbrillen","item":"https:\/\/www.hoogstra-autosport.nl\/product-categorie\/autosport-kleding-helmen\/crossbrillen\/"},{"@type":"ListItem","position":4,"name":"Rip'n Roll Brillen &amp; Delen","item":"https:\/\/www.hoogstra-autosport.nl\/product-categorie\/autosport-kleding-helmen\/crossbrillen\/ripn-roll-brillen-delen\/"},{"@type":"ListItem","position":5,"name":"Hybrid XL","item":"https:\/\/www.hoogstra-autosport.nl\/product-categorie\/autosport-kleding-helmen\/crossbrillen\/ripn-roll-brillen-delen\/hybrid-xl\/"},{"@type":"ListItem","position":6,"name":"Ripp &#8216; n Roll Hybrid XL WHITE"}]},{"@type":"WebSite","@id":"https:\/\/www.hoogstra-autosport.nl\/#website","url":"https:\/\/www.hoogstra-autosport.nl\/","name":"Hoogstra Autosport","description":"Performance Autosport Parts!","potentialAction":[{"@type":"SearchAction","target":{"@type":"EntryPoint","urlTemplate":"https:\/\/www.hoogstra-autosport.nl\/?s={search_term_string}"},"query-input":{"@type":"PropertyValueSpecification","valueRequired":true,"valueName":"search_term_string"}}],"inLanguage":"fr-FR"}]}},"tiered_pricing_type":"fixed","tiered_pricing_fixed_rules":[],"tiered_pricing_product_settings":{"layout":"default","base_unit_name":{"singular":null,"plural":null},"default_variation":null},"tiered_pricing_minimum_quantity":null,"tiered_pricing_roles_data":[],"tiered_pricing_percentage_rules":[],"tiered_pricing_maximum_quantity":null,"tiered_pricing_quantity_step":null,"_links":{"self":[{"href":"https:\/\/www.hoogstra-autosport.nl\/fr\/wp-json\/wp\/v2\/product\/96935","targetHints":{"allow":["GET"]}}],"collection":[{"href":"https:\/\/www.hoogstra-autosport.nl\/fr\/wp-json\/wp\/v2\/product"}],"about":[{"href":"https:\/\/www.hoogstra-autosport.nl\/fr\/wp-json\/wp\/v2\/types\/product"}],"wp:featuredmedia":[{"embeddable":true,"href":"https:\/\/www.hoogstra-autosport.nl\/fr\/wp-json\/wp\/v2\/media\/96936"}],"wp:attachment":[{"href":"https:\/\/www.hoogstra-autosport.nl\/fr\/wp-json\/wp\/v2\/media?parent=96935"}],"wp:term":[{"taxonomy":"product_brand","embeddable":true,"href":"https:\/\/www.hoogstra-autosport.nl\/fr\/wp-json\/wp\/v2\/product_brand?post=96935"},{"taxonomy":"product_cat","embeddable":true,"href":"https:\/\/www.hoogstra-autosport.nl\/fr\/wp-json\/wp\/v2\/product_cat?post=96935"},{"taxonomy":"product_tag","embeddable":true,"href":"https:\/\/www.hoogstra-autosport.nl\/fr\/wp-json\/wp\/v2\/product_tag?post=96935"}],"curies":[{"name":"wp","href":"https:\/\/api.w.org\/{rel}","templated":true}]}}