{"id":9657,"date":"2015-12-16T18:36:49","date_gmt":"2015-12-16T17:36:49","guid":{"rendered":"http:\/\/hoogstra-autosport.nl\/?product=laminova-oliekoeler-425"},"modified":"2024-01-20T13:10:44","modified_gmt":"2024-01-20T12:10:44","slug":"laminova-oliekoeler-425","status":"publish","type":"product","link":"https:\/\/www.hoogstra-autosport.nl\/fr\/produit\/laminova-oliekoeler-425\/","title":{"rendered":"Refroidisseur d'huile Laminova 425"},"content":{"rendered":"<p>Refroidisseur d'huile Mocal<\/p>\n<p>Avec ce refroidisseur, vous n'aurez aucune fuite due \u00e0 des \u00e9clats de pierre ou \u00e0 des vibrations.<\/p>\n<p>Longueur du dissipateur thermique 335 mm<\/p>\n<p>Longueur totale 425 mm<\/p>\n<p>Similaire \u00e0 un refroidisseur d'huile \u00e0 25 rangs mais beaucoup plus compact ! !!<br \/>\n\u00c9paisseur 69 mm x 50 large 33<\/p>\n<p>Pour les motards sprinters, celui-ci est id\u00e9al<\/p>","protected":false},"excerpt":{"rendered":"<p>Mocal Oliekoeler Met deze koeler heb je geen last van lekkage door steenslag of trilling. Lengte koelblok 335 mm Totale lengte 425 mm Vergelijkbaar met een\u00a025 rij oliekoeler maar veel compacter !! Dikte 69 mm x 50 breed 33 Voor motorfiets sprinter is deze ideaal<\/p>","protected":false},"featured_media":7186,"template":"","meta":{"_acf_changed":false},"product_brand":[],"product_cat":[2744],"product_tag":[],"class_list":{"0":"post-9657","1":"product","2":"type-product","3":"status-publish","4":"has-post-thumbnail","6":"product_cat-warmte-wisselaar","7":"product_shipping_class-4017","9":"first","10":"instock","11":"taxable","12":"shipping-taxable","13":"purchasable","14":"product-type-variable"},"acf":[],"yoast_head":"<!-- This site is optimized with the Yoast SEO plugin v27.1.1 - https:\/\/yoast.com\/product\/yoast-seo-wordpress\/ -->\n<title>Laminova Oliekoeler 425 - Hoogstra Autosport<\/title>\n<meta name=\"robots\" content=\"index, follow, max-snippet:-1, max-image-preview:large, max-video-preview:-1\" \/>\n<link rel=\"canonical\" href=\"https:\/\/www.hoogstra-autosport.nl\/fr\/produit\/laminova-oliekoeler-425\/\" \/>\n<meta property=\"og:locale\" content=\"fr_FR\" \/>\n<meta property=\"og:type\" content=\"article\" \/>\n<meta property=\"og:title\" content=\"Laminova Oliekoeler 425 - Hoogstra Autosport\" \/>\n<meta property=\"og:description\" content=\"Mocal Oliekoeler Met deze koeler heb je geen last van lekkage door steenslag of trilling. Lengte koelblok 335 mm Totale lengte 425 mm Vergelijkbaar met een\u00a025 rij oliekoeler maar veel compacter !! Dikte 69 mm x 50 breed 33 Voor motorfiets sprinter is deze ideaal\" \/>\n<meta property=\"og:url\" content=\"https:\/\/www.hoogstra-autosport.nl\/fr\/produit\/laminova-oliekoeler-425\/\" \/>\n<meta property=\"og:site_name\" content=\"Hoogstra Autosport\" \/>\n<meta property=\"article:modified_time\" content=\"2024-01-20T12:10:44+00:00\" \/>\n<meta property=\"og:image\" content=\"https:\/\/www.hoogstra-autosport.nl\/teamkoen\/content\/uploads\/catalog\/product\/Warmte20wisselaar.jpg\" \/>\n\t<meta property=\"og:image:width\" content=\"300\" \/>\n\t<meta property=\"og:image:height\" content=\"131\" \/>\n\t<meta property=\"og:image:type\" content=\"image\/jpeg\" \/>\n<meta name=\"twitter:card\" content=\"summary_large_image\" \/>\n<meta name=\"twitter:label1\" content=\"Dur\u00e9e de lecture estim\u00e9e\" \/>\n\t<meta name=\"twitter:data1\" content=\"1 minute\" \/>\n<script type=\"application\/ld+json\" class=\"yoast-schema-graph\">{\"@context\":\"https:\/\/schema.org\",\"@graph\":[{\"@type\":\"WebPage\",\"@id\":\"https:\/\/www.hoogstra-autosport.nl\/product\/laminova-oliekoeler-425\/\",\"url\":\"https:\/\/www.hoogstra-autosport.nl\/product\/laminova-oliekoeler-425\/\",\"name\":\"Laminova Oliekoeler 425 - Hoogstra Autosport\",\"isPartOf\":{\"@id\":\"https:\/\/www.hoogstra-autosport.nl\/#website\"},\"primaryImageOfPage\":{\"@id\":\"https:\/\/www.hoogstra-autosport.nl\/product\/laminova-oliekoeler-425\/#primaryimage\"},\"image\":{\"@id\":\"https:\/\/www.hoogstra-autosport.nl\/product\/laminova-oliekoeler-425\/#primaryimage\"},\"thumbnailUrl\":\"https:\/\/www.hoogstra-autosport.nl\/teamkoen\/wp-content\/uploads\/catalog\/product\/Warmte20wisselaar.jpg\",\"datePublished\":\"2015-12-16T17:36:49+00:00\",\"dateModified\":\"2024-01-20T12:10:44+00:00\",\"breadcrumb\":{\"@id\":\"https:\/\/www.hoogstra-autosport.nl\/product\/laminova-oliekoeler-425\/#breadcrumb\"},\"inLanguage\":\"fr-FR\",\"potentialAction\":[{\"@type\":\"ReadAction\",\"target\":[\"https:\/\/www.hoogstra-autosport.nl\/product\/laminova-oliekoeler-425\/\"]}]},{\"@type\":\"ImageObject\",\"inLanguage\":\"fr-FR\",\"@id\":\"https:\/\/www.hoogstra-autosport.nl\/product\/laminova-oliekoeler-425\/#primaryimage\",\"url\":\"https:\/\/www.hoogstra-autosport.nl\/teamkoen\/wp-content\/uploads\/catalog\/product\/Warmte20wisselaar.jpg\",\"contentUrl\":\"https:\/\/www.hoogstra-autosport.nl\/teamkoen\/wp-content\/uploads\/catalog\/product\/Warmte20wisselaar.jpg\",\"width\":300,\"height\":131},{\"@type\":\"BreadcrumbList\",\"@id\":\"https:\/\/www.hoogstra-autosport.nl\/product\/laminova-oliekoeler-425\/#breadcrumb\",\"itemListElement\":[{\"@type\":\"ListItem\",\"position\":1,\"name\":\"Home\",\"item\":\"https:\/\/www.hoogstra-autosport.nl\/\"},{\"@type\":\"ListItem\",\"position\":2,\"name\":\"Motorisch\",\"item\":\"https:\/\/www.hoogstra-autosport.nl\/product-categorie\/auto-techniek\/\"},{\"@type\":\"ListItem\",\"position\":3,\"name\":\"Olie Koelers &amp; Adapters\",\"item\":\"https:\/\/www.hoogstra-autosport.nl\/product-categorie\/auto-techniek\/motor-compartiment\/\"},{\"@type\":\"ListItem\",\"position\":4,\"name\":\"Warmte Wisselaar\",\"item\":\"https:\/\/www.hoogstra-autosport.nl\/product-categorie\/auto-techniek\/motor-compartiment\/warmte-wisselaar\/\"},{\"@type\":\"ListItem\",\"position\":5,\"name\":\"Laminova Oliekoeler 425\"}]},{\"@type\":\"WebSite\",\"@id\":\"https:\/\/www.hoogstra-autosport.nl\/#website\",\"url\":\"https:\/\/www.hoogstra-autosport.nl\/\",\"name\":\"Hoogstra Autosport\",\"description\":\"Performance Autosport Parts!\",\"potentialAction\":[{\"@type\":\"SearchAction\",\"target\":{\"@type\":\"EntryPoint\",\"urlTemplate\":\"https:\/\/www.hoogstra-autosport.nl\/?s={search_term_string}\"},\"query-input\":{\"@type\":\"PropertyValueSpecification\",\"valueRequired\":true,\"valueName\":\"search_term_string\"}}],\"inLanguage\":\"fr-FR\"}]}<\/script>\n<!-- \/ Yoast SEO plugin. -->","yoast_head_json":{"title":"Laminova Oliekoeler 425 - Hoogstra Autosport","robots":{"index":"index","follow":"follow","max-snippet":"max-snippet:-1","max-image-preview":"max-image-preview:large","max-video-preview":"max-video-preview:-1"},"canonical":"https:\/\/www.hoogstra-autosport.nl\/fr\/produit\/laminova-oliekoeler-425\/","og_locale":"fr_FR","og_type":"article","og_title":"Laminova Oliekoeler 425 - Hoogstra Autosport","og_description":"Mocal Oliekoeler Met deze koeler heb je geen last van lekkage door steenslag of trilling. Lengte koelblok 335 mm Totale lengte 425 mm Vergelijkbaar met een\u00a025 rij oliekoeler maar veel compacter !! Dikte 69 mm x 50 breed 33 Voor motorfiets sprinter is deze ideaal","og_url":"https:\/\/www.hoogstra-autosport.nl\/fr\/produit\/laminova-oliekoeler-425\/","og_site_name":"Hoogstra Autosport","article_modified_time":"2024-01-20T12:10:44+00:00","og_image":[{"width":300,"height":131,"url":"https:\/\/www.hoogstra-autosport.nl\/teamkoen\/content\/uploads\/catalog\/product\/Warmte20wisselaar.jpg","type":"image\/jpeg"}],"twitter_card":"summary_large_image","twitter_misc":{"Dur\u00e9e de lecture estim\u00e9e":"1 minute"},"schema":{"@context":"https:\/\/schema.org","@graph":[{"@type":"WebPage","@id":"https:\/\/www.hoogstra-autosport.nl\/product\/laminova-oliekoeler-425\/","url":"https:\/\/www.hoogstra-autosport.nl\/product\/laminova-oliekoeler-425\/","name":"Laminova Oliekoeler 425 - Hoogstra Autosport","isPartOf":{"@id":"https:\/\/www.hoogstra-autosport.nl\/#website"},"primaryImageOfPage":{"@id":"https:\/\/www.hoogstra-autosport.nl\/product\/laminova-oliekoeler-425\/#primaryimage"},"image":{"@id":"https:\/\/www.hoogstra-autosport.nl\/product\/laminova-oliekoeler-425\/#primaryimage"},"thumbnailUrl":"https:\/\/www.hoogstra-autosport.nl\/teamkoen\/wp-content\/uploads\/catalog\/product\/Warmte20wisselaar.jpg","datePublished":"2015-12-16T17:36:49+00:00","dateModified":"2024-01-20T12:10:44+00:00","breadcrumb":{"@id":"https:\/\/www.hoogstra-autosport.nl\/product\/laminova-oliekoeler-425\/#breadcrumb"},"inLanguage":"fr-FR","potentialAction":[{"@type":"ReadAction","target":["https:\/\/www.hoogstra-autosport.nl\/product\/laminova-oliekoeler-425\/"]}]},{"@type":"ImageObject","inLanguage":"fr-FR","@id":"https:\/\/www.hoogstra-autosport.nl\/product\/laminova-oliekoeler-425\/#primaryimage","url":"https:\/\/www.hoogstra-autosport.nl\/teamkoen\/wp-content\/uploads\/catalog\/product\/Warmte20wisselaar.jpg","contentUrl":"https:\/\/www.hoogstra-autosport.nl\/teamkoen\/wp-content\/uploads\/catalog\/product\/Warmte20wisselaar.jpg","width":300,"height":131},{"@type":"BreadcrumbList","@id":"https:\/\/www.hoogstra-autosport.nl\/product\/laminova-oliekoeler-425\/#breadcrumb","itemListElement":[{"@type":"ListItem","position":1,"name":"Home","item":"https:\/\/www.hoogstra-autosport.nl\/"},{"@type":"ListItem","position":2,"name":"Motorisch","item":"https:\/\/www.hoogstra-autosport.nl\/product-categorie\/auto-techniek\/"},{"@type":"ListItem","position":3,"name":"Olie Koelers &amp; Adapters","item":"https:\/\/www.hoogstra-autosport.nl\/product-categorie\/auto-techniek\/motor-compartiment\/"},{"@type":"ListItem","position":4,"name":"Warmte Wisselaar","item":"https:\/\/www.hoogstra-autosport.nl\/product-categorie\/auto-techniek\/motor-compartiment\/warmte-wisselaar\/"},{"@type":"ListItem","position":5,"name":"Laminova Oliekoeler 425"}]},{"@type":"WebSite","@id":"https:\/\/www.hoogstra-autosport.nl\/#website","url":"https:\/\/www.hoogstra-autosport.nl\/","name":"Hoogstra Autosport","description":"Performance Autosport Parts!","potentialAction":[{"@type":"SearchAction","target":{"@type":"EntryPoint","urlTemplate":"https:\/\/www.hoogstra-autosport.nl\/?s={search_term_string}"},"query-input":{"@type":"PropertyValueSpecification","valueRequired":true,"valueName":"search_term_string"}}],"inLanguage":"fr-FR"}]}},"tiered_pricing_type":"fixed","tiered_pricing_fixed_rules":[],"tiered_pricing_product_settings":{"layout":"default","base_unit_name":{"singular":null,"plural":null},"default_variation":null},"tiered_pricing_minimum_quantity":null,"tiered_pricing_roles_data":[],"tiered_pricing_percentage_rules":[],"tiered_pricing_maximum_quantity":null,"tiered_pricing_quantity_step":null,"_links":{"self":[{"href":"https:\/\/www.hoogstra-autosport.nl\/fr\/wp-json\/wp\/v2\/product\/9657","targetHints":{"allow":["GET"]}}],"collection":[{"href":"https:\/\/www.hoogstra-autosport.nl\/fr\/wp-json\/wp\/v2\/product"}],"about":[{"href":"https:\/\/www.hoogstra-autosport.nl\/fr\/wp-json\/wp\/v2\/types\/product"}],"wp:featuredmedia":[{"embeddable":true,"href":"https:\/\/www.hoogstra-autosport.nl\/fr\/wp-json\/wp\/v2\/media\/7186"}],"wp:attachment":[{"href":"https:\/\/www.hoogstra-autosport.nl\/fr\/wp-json\/wp\/v2\/media?parent=9657"}],"wp:term":[{"taxonomy":"product_brand","embeddable":true,"href":"https:\/\/www.hoogstra-autosport.nl\/fr\/wp-json\/wp\/v2\/product_brand?post=9657"},{"taxonomy":"product_cat","embeddable":true,"href":"https:\/\/www.hoogstra-autosport.nl\/fr\/wp-json\/wp\/v2\/product_cat?post=9657"},{"taxonomy":"product_tag","embeddable":true,"href":"https:\/\/www.hoogstra-autosport.nl\/fr\/wp-json\/wp\/v2\/product_tag?post=9657"}],"curies":[{"name":"wp","href":"https:\/\/api.w.org\/{rel}","templated":true}]}}