{"id":9553,"date":"2015-11-16T13:59:41","date_gmt":"2015-11-16T13:59:41","guid":{"rendered":"http:\/\/hoogstra-autosport.nl\/?product=bilstein-b6-sport-opel-astra-g-opc24-027823-"},"modified":"2025-01-29T08:17:39","modified_gmt":"2025-01-29T07:17:39","slug":"bilstein-b6-sport-opel-astra-g-opc24-027823","status":"publish","type":"product","link":"https:\/\/www.hoogstra-autosport.nl\/fr\/produit\/bilstein-b6-sport-opel-astra-g-opc24-027823\/","title":{"rendered":"Bilstein B6 Sport Opel Astra G OPC"},"content":{"rendered":"<p>Silencieux sport B6<\/p>\n<p>C'est le meilleur pour l'autocross.<\/p>\n<p>Bilstein B6 Off road<\/p>\n<p>Bilstein B6Pour les performances tout-terrain \u00e9galement.<\/p>\n<p>Pour les v\u00e9hicules tout-terrain, nous proposons une version du BILSTEIN B6 adapt\u00e9e \u00e0 des exigences particuli\u00e8res. Les r\u00e9glages pr\u00e9cis r\u00e9duisent les mouvements incontr\u00f4l\u00e9s de la haute structure et augmentent la pr\u00e9cision de la direction et la capacit\u00e9 de charge de la suspension, tout en garantissant un meilleur contr\u00f4le du v\u00e9hicule et, par cons\u00e9quent, une conduite plus s\u00fbre et une meilleure traction.<\/p>\n<p>Les avantages du produit en un coup d'\u0153il :<br \/>\n-Plus de r\u00e9serves de performance et de dur\u00e9e de vie, m\u00eame en cas de remorquage ou d'applications tout-terrain.<br \/>\n-Adh\u00e9sion optimale et stabilit\u00e9 accrue lors des changements de voie, tant dans les situations quotidiennes que dans les situations extr\u00eames<br \/>\n-Am\u00e9lioration notable de la s\u00e9curit\u00e9 et des performances sans modification suppl\u00e9mentaire des ressorts (les ressorts standard peuvent \u00eatre utilis\u00e9s)<br \/>\n-Technologie de pression de gazBILSTEIN<br \/>\n-MonotubeBILSTEIN\/technologie Upside-Down, fabriqu\u00e9 en Allemagne<br \/>\n-Test\u00e9 sur route et sur piste par BILSTEIN pour une mise au point pr\u00e9cise.<br \/>\n-Aucun enregistrement aupr\u00e8s du T\u00dcV allemand n'est requis<\/p>\n<p>Technologie de la pression du gaz<\/p>\n<p>Au fil du temps, la technologie de pression de gaz mono-tube d\u00e9velopp\u00e9e par BILSTEIN s'est impos\u00e9e comme une norme dans la construction automobile. Cette technologie consiste \u00e0 maintenir l'huile de l'absorbeur sous pression, ce qui l'emp\u00eache de mousser lorsque les temp\u00e9ratures et les charges augmentent. Par cons\u00e9quent, la puissance d'amortissement totale est conserv\u00e9e m\u00eame lorsque le syst\u00e8me est soumis \u00e0 des contraintes extr\u00eames, une caract\u00e9ristique que l'on peut observer dans le piston \u00e0 descente automatique.<br \/>\n-Assure un haut niveau de traction et une maniabilit\u00e9 plus pr\u00e9cise<br \/>\n-Un must pour les suspensions sportives puissantes<br \/>\n-S\u00e9curit\u00e9 accrue dans toutes les situations de conduite dynamique<\/p>\n<p>La technologie mono-tube de BILSTEIN<\/p>\n<p>L'original et le meilleur : Les amortisseurs monotubes \u00e0 pression de gaz d'origine portaient le nom de BILSTEIN, et nous sommes toujours responsables de la production du meilleur qui soit. La technologie monotube de BILSTEIN est le choix num\u00e9ro un dans les sports m\u00e9caniques et les voitures de sport de s\u00e9rie : aucun autre type d'amortisseur n'offre aux ing\u00e9nieurs la m\u00eame libert\u00e9 de choisir l'emplacement ou la position d'installation parfaite (par exemple, la technologie Upside-Down).<br \/>\n-La grande surface effective du piston de travail permet d'augmenter la puissance d'amortissement et d'am\u00e9liorer la maniabilit\u00e9.<br \/>\n-L'am\u00e9lioration de la dissipation de l'\u00e9nergie thermique vers l'ext\u00e9rieur permet d'atteindre un niveau de performance \u00e9lev\u00e9 et constant de l'absorbeur.<br \/>\n-Structure robuste pour une s\u00e9curit\u00e9 accrue dans la technologie \"t\u00eate en bas<\/p>\n<p>Silencieux Bilstein Sport tr\u00e8s adapt\u00e9 \u00e0 l'autocross<\/p>\n<p>L'image est un exemple<\/p>","protected":false},"excerpt":{"rendered":"<p>B6 sport demper Is beste voor autocross. Bilstein B6 Off road Bilstein B6For off-road performance too. For off-road vehicles, we offer a version of the BILSTEIN B6 that is adapted to special requirements. The precise settings reduce uncontrolled movements by the high structure and increase steering precision and the suspension\u2019s load carrying capacity, as well [&hellip;]<\/p>\n","protected":false},"featured_media":79876,"template":"","meta":{"_acf_changed":false},"product_brand":[],"product_cat":[2775],"product_tag":[],"class_list":{"0":"post-9553","1":"product","2":"type-product","3":"status-publish","4":"has-post-thumbnail","6":"product_cat-bilstein-koni-duitse-autos","7":"product_shipping_class-4016","9":"first","10":"instock","11":"taxable","12":"shipping-taxable","13":"purchasable","14":"product-type-simple"},"acf":[],"yoast_head":"<!-- This site is optimized with the Yoast SEO plugin v27.1.1 - https:\/\/yoast.com\/product\/yoast-seo-wordpress\/ -->\n<title>Bilstein B6 Sport Opel Astra G OPC - Hoogstra Autosport<\/title>\n<meta name=\"robots\" content=\"index, follow, max-snippet:-1, max-image-preview:large, max-video-preview:-1\" \/>\n<link rel=\"canonical\" href=\"https:\/\/www.hoogstra-autosport.nl\/fr\/produit\/bilstein-b6-sport-opel-astra-g-opc24-027823\/\" \/>\n<meta property=\"og:locale\" content=\"fr_FR\" \/>\n<meta property=\"og:type\" content=\"article\" \/>\n<meta property=\"og:title\" content=\"Bilstein B6 Sport Opel Astra G OPC - Hoogstra Autosport\" \/>\n<meta property=\"og:description\" content=\"B6 sport demper Is beste voor autocross. Bilstein B6 Off road Bilstein B6For off-road performance too. For off-road vehicles, we offer a version of the BILSTEIN B6 that is adapted to special requirements. The precise settings reduce uncontrolled movements by the high structure and increase steering precision and the suspension\u2019s load carrying capacity, as well [&hellip;]\" \/>\n<meta property=\"og:url\" content=\"https:\/\/www.hoogstra-autosport.nl\/fr\/produit\/bilstein-b6-sport-opel-astra-g-opc24-027823\/\" \/>\n<meta property=\"og:site_name\" content=\"Hoogstra Autosport\" \/>\n<meta property=\"article:modified_time\" content=\"2025-01-29T07:17:39+00:00\" \/>\n<meta property=\"og:image\" content=\"https:\/\/www.hoogstra-autosport.nl\/teamkoen\/content\/uploads\/2015\/11\/24-027823_1-bilstein.jpg\" \/>\n\t<meta property=\"og:image:width\" content=\"2400\" \/>\n\t<meta property=\"og:image:height\" content=\"1600\" \/>\n\t<meta property=\"og:image:type\" content=\"image\/jpeg\" \/>\n<meta name=\"twitter:card\" content=\"summary_large_image\" \/>\n<meta name=\"twitter:label1\" content=\"Dur\u00e9e de lecture estim\u00e9e\" \/>\n\t<meta name=\"twitter:data1\" content=\"2 minutes\" \/>\n<script type=\"application\/ld+json\" class=\"yoast-schema-graph\">{\"@context\":\"https:\/\/schema.org\",\"@graph\":[{\"@type\":\"WebPage\",\"@id\":\"https:\/\/www.hoogstra-autosport.nl\/product\/bilstein-b6-sport-opel-astra-g-opc24-027823\/\",\"url\":\"https:\/\/www.hoogstra-autosport.nl\/product\/bilstein-b6-sport-opel-astra-g-opc24-027823\/\",\"name\":\"Bilstein B6 Sport Opel Astra G OPC - Hoogstra Autosport\",\"isPartOf\":{\"@id\":\"https:\/\/www.hoogstra-autosport.nl\/#website\"},\"primaryImageOfPage\":{\"@id\":\"https:\/\/www.hoogstra-autosport.nl\/product\/bilstein-b6-sport-opel-astra-g-opc24-027823\/#primaryimage\"},\"image\":{\"@id\":\"https:\/\/www.hoogstra-autosport.nl\/product\/bilstein-b6-sport-opel-astra-g-opc24-027823\/#primaryimage\"},\"thumbnailUrl\":\"https:\/\/www.hoogstra-autosport.nl\/teamkoen\/wp-content\/uploads\/2015\/11\/24-027823_1-bilstein.jpg\",\"datePublished\":\"2015-11-16T13:59:41+00:00\",\"dateModified\":\"2025-01-29T07:17:39+00:00\",\"breadcrumb\":{\"@id\":\"https:\/\/www.hoogstra-autosport.nl\/product\/bilstein-b6-sport-opel-astra-g-opc24-027823\/#breadcrumb\"},\"inLanguage\":\"fr-FR\",\"potentialAction\":[{\"@type\":\"ReadAction\",\"target\":[\"https:\/\/www.hoogstra-autosport.nl\/product\/bilstein-b6-sport-opel-astra-g-opc24-027823\/\"]}]},{\"@type\":\"ImageObject\",\"inLanguage\":\"fr-FR\",\"@id\":\"https:\/\/www.hoogstra-autosport.nl\/product\/bilstein-b6-sport-opel-astra-g-opc24-027823\/#primaryimage\",\"url\":\"https:\/\/www.hoogstra-autosport.nl\/teamkoen\/wp-content\/uploads\/2015\/11\/24-027823_1-bilstein.jpg\",\"contentUrl\":\"https:\/\/www.hoogstra-autosport.nl\/teamkoen\/wp-content\/uploads\/2015\/11\/24-027823_1-bilstein.jpg\",\"width\":2400,\"height\":1600},{\"@type\":\"BreadcrumbList\",\"@id\":\"https:\/\/www.hoogstra-autosport.nl\/product\/bilstein-b6-sport-opel-astra-g-opc24-027823\/#breadcrumb\",\"itemListElement\":[{\"@type\":\"ListItem\",\"position\":1,\"name\":\"Home\",\"item\":\"https:\/\/www.hoogstra-autosport.nl\/\"},{\"@type\":\"ListItem\",\"position\":2,\"name\":\"Carrosserie\",\"item\":\"https:\/\/www.hoogstra-autosport.nl\/product-categorie\/carroserie-bevestiging\/\"},{\"@type\":\"ListItem\",\"position\":3,\"name\":\"Wielmoeren Bouten &amp; Vering\",\"item\":\"https:\/\/www.hoogstra-autosport.nl\/product-categorie\/carroserie-bevestiging\/wielen-velgen-vering\/\"},{\"@type\":\"ListItem\",\"position\":4,\"name\":\"Bilstein &amp; Koni\",\"item\":\"https:\/\/www.hoogstra-autosport.nl\/product-categorie\/carroserie-bevestiging\/wielen-velgen-vering\/bilstein-koni\/\"},{\"@type\":\"ListItem\",\"position\":5,\"name\":\"Bilstein &amp; KONI - Duitse auto's\",\"item\":\"https:\/\/www.hoogstra-autosport.nl\/product-categorie\/carroserie-bevestiging\/wielen-velgen-vering\/bilstein-koni\/bilstein-koni-duitse-autos\/\"},{\"@type\":\"ListItem\",\"position\":6,\"name\":\"Bilstein B6 Sport Opel Astra G OPC\"}]},{\"@type\":\"WebSite\",\"@id\":\"https:\/\/www.hoogstra-autosport.nl\/#website\",\"url\":\"https:\/\/www.hoogstra-autosport.nl\/\",\"name\":\"Hoogstra Autosport\",\"description\":\"Performance Autosport Parts!\",\"potentialAction\":[{\"@type\":\"SearchAction\",\"target\":{\"@type\":\"EntryPoint\",\"urlTemplate\":\"https:\/\/www.hoogstra-autosport.nl\/?s={search_term_string}\"},\"query-input\":{\"@type\":\"PropertyValueSpecification\",\"valueRequired\":true,\"valueName\":\"search_term_string\"}}],\"inLanguage\":\"fr-FR\"}]}<\/script>\n<!-- \/ Yoast SEO plugin. -->","yoast_head_json":{"title":"Bilstein B6 Sport Opel Astra G OPC - Hoogstra Autosport","robots":{"index":"index","follow":"follow","max-snippet":"max-snippet:-1","max-image-preview":"max-image-preview:large","max-video-preview":"max-video-preview:-1"},"canonical":"https:\/\/www.hoogstra-autosport.nl\/fr\/produit\/bilstein-b6-sport-opel-astra-g-opc24-027823\/","og_locale":"fr_FR","og_type":"article","og_title":"Bilstein B6 Sport Opel Astra G OPC - Hoogstra Autosport","og_description":"B6 sport demper Is beste voor autocross. Bilstein B6 Off road Bilstein B6For off-road performance too. For off-road vehicles, we offer a version of the BILSTEIN B6 that is adapted to special requirements. The precise settings reduce uncontrolled movements by the high structure and increase steering precision and the suspension\u2019s load carrying capacity, as well [&hellip;]","og_url":"https:\/\/www.hoogstra-autosport.nl\/fr\/produit\/bilstein-b6-sport-opel-astra-g-opc24-027823\/","og_site_name":"Hoogstra Autosport","article_modified_time":"2025-01-29T07:17:39+00:00","og_image":[{"width":2400,"height":1600,"url":"https:\/\/www.hoogstra-autosport.nl\/teamkoen\/content\/uploads\/2015\/11\/24-027823_1-bilstein.jpg","type":"image\/jpeg"}],"twitter_card":"summary_large_image","twitter_misc":{"Dur\u00e9e de lecture estim\u00e9e":"2 minutes"},"schema":{"@context":"https:\/\/schema.org","@graph":[{"@type":"WebPage","@id":"https:\/\/www.hoogstra-autosport.nl\/product\/bilstein-b6-sport-opel-astra-g-opc24-027823\/","url":"https:\/\/www.hoogstra-autosport.nl\/product\/bilstein-b6-sport-opel-astra-g-opc24-027823\/","name":"Bilstein B6 Sport Opel Astra G OPC - Hoogstra Autosport","isPartOf":{"@id":"https:\/\/www.hoogstra-autosport.nl\/#website"},"primaryImageOfPage":{"@id":"https:\/\/www.hoogstra-autosport.nl\/product\/bilstein-b6-sport-opel-astra-g-opc24-027823\/#primaryimage"},"image":{"@id":"https:\/\/www.hoogstra-autosport.nl\/product\/bilstein-b6-sport-opel-astra-g-opc24-027823\/#primaryimage"},"thumbnailUrl":"https:\/\/www.hoogstra-autosport.nl\/teamkoen\/wp-content\/uploads\/2015\/11\/24-027823_1-bilstein.jpg","datePublished":"2015-11-16T13:59:41+00:00","dateModified":"2025-01-29T07:17:39+00:00","breadcrumb":{"@id":"https:\/\/www.hoogstra-autosport.nl\/product\/bilstein-b6-sport-opel-astra-g-opc24-027823\/#breadcrumb"},"inLanguage":"fr-FR","potentialAction":[{"@type":"ReadAction","target":["https:\/\/www.hoogstra-autosport.nl\/product\/bilstein-b6-sport-opel-astra-g-opc24-027823\/"]}]},{"@type":"ImageObject","inLanguage":"fr-FR","@id":"https:\/\/www.hoogstra-autosport.nl\/product\/bilstein-b6-sport-opel-astra-g-opc24-027823\/#primaryimage","url":"https:\/\/www.hoogstra-autosport.nl\/teamkoen\/wp-content\/uploads\/2015\/11\/24-027823_1-bilstein.jpg","contentUrl":"https:\/\/www.hoogstra-autosport.nl\/teamkoen\/wp-content\/uploads\/2015\/11\/24-027823_1-bilstein.jpg","width":2400,"height":1600},{"@type":"BreadcrumbList","@id":"https:\/\/www.hoogstra-autosport.nl\/product\/bilstein-b6-sport-opel-astra-g-opc24-027823\/#breadcrumb","itemListElement":[{"@type":"ListItem","position":1,"name":"Home","item":"https:\/\/www.hoogstra-autosport.nl\/"},{"@type":"ListItem","position":2,"name":"Carrosserie","item":"https:\/\/www.hoogstra-autosport.nl\/product-categorie\/carroserie-bevestiging\/"},{"@type":"ListItem","position":3,"name":"Wielmoeren Bouten &amp; Vering","item":"https:\/\/www.hoogstra-autosport.nl\/product-categorie\/carroserie-bevestiging\/wielen-velgen-vering\/"},{"@type":"ListItem","position":4,"name":"Bilstein &amp; Koni","item":"https:\/\/www.hoogstra-autosport.nl\/product-categorie\/carroserie-bevestiging\/wielen-velgen-vering\/bilstein-koni\/"},{"@type":"ListItem","position":5,"name":"Bilstein &amp; KONI - Duitse auto's","item":"https:\/\/www.hoogstra-autosport.nl\/product-categorie\/carroserie-bevestiging\/wielen-velgen-vering\/bilstein-koni\/bilstein-koni-duitse-autos\/"},{"@type":"ListItem","position":6,"name":"Bilstein B6 Sport Opel Astra G OPC"}]},{"@type":"WebSite","@id":"https:\/\/www.hoogstra-autosport.nl\/#website","url":"https:\/\/www.hoogstra-autosport.nl\/","name":"Hoogstra Autosport","description":"Performance Autosport Parts!","potentialAction":[{"@type":"SearchAction","target":{"@type":"EntryPoint","urlTemplate":"https:\/\/www.hoogstra-autosport.nl\/?s={search_term_string}"},"query-input":{"@type":"PropertyValueSpecification","valueRequired":true,"valueName":"search_term_string"}}],"inLanguage":"fr-FR"}]}},"tiered_pricing_type":"fixed","tiered_pricing_fixed_rules":[],"tiered_pricing_product_settings":{"layout":"default","base_unit_name":{"singular":null,"plural":null},"default_variation":null},"tiered_pricing_minimum_quantity":null,"tiered_pricing_roles_data":[],"tiered_pricing_percentage_rules":[],"tiered_pricing_maximum_quantity":null,"tiered_pricing_quantity_step":null,"_links":{"self":[{"href":"https:\/\/www.hoogstra-autosport.nl\/fr\/wp-json\/wp\/v2\/product\/9553","targetHints":{"allow":["GET"]}}],"collection":[{"href":"https:\/\/www.hoogstra-autosport.nl\/fr\/wp-json\/wp\/v2\/product"}],"about":[{"href":"https:\/\/www.hoogstra-autosport.nl\/fr\/wp-json\/wp\/v2\/types\/product"}],"wp:featuredmedia":[{"embeddable":true,"href":"https:\/\/www.hoogstra-autosport.nl\/fr\/wp-json\/wp\/v2\/media\/79876"}],"wp:attachment":[{"href":"https:\/\/www.hoogstra-autosport.nl\/fr\/wp-json\/wp\/v2\/media?parent=9553"}],"wp:term":[{"taxonomy":"product_brand","embeddable":true,"href":"https:\/\/www.hoogstra-autosport.nl\/fr\/wp-json\/wp\/v2\/product_brand?post=9553"},{"taxonomy":"product_cat","embeddable":true,"href":"https:\/\/www.hoogstra-autosport.nl\/fr\/wp-json\/wp\/v2\/product_cat?post=9553"},{"taxonomy":"product_tag","embeddable":true,"href":"https:\/\/www.hoogstra-autosport.nl\/fr\/wp-json\/wp\/v2\/product_tag?post=9553"}],"curies":[{"name":"wp","href":"https:\/\/api.w.org\/{rel}","templated":true}]}}