{"id":94188,"date":"2025-12-01T13:35:39","date_gmt":"2025-12-01T12:35:39","guid":{"rendered":"https:\/\/www.hoogstra-autosport.nl\/?post_type=product&#038;p=94188"},"modified":"2026-03-05T13:15:06","modified_gmt":"2026-03-05T12:15:06","slug":"blackline-wokkel-sper-alfa-opel","status":"publish","type":"product","link":"https:\/\/www.hoogstra-autosport.nl\/fr\/produit\/blackline-wokkel-sper-alfa-opel\/","title":{"rendered":"Blackline Wokkel Sper BMW (E30\/E36)"},"content":{"rendered":"<p><span class=\"jCAhz ChMk0b\"><span class=\"ryNqvb\">Avec le diff\u00e9rentiel \u00e0 glissement limit\u00e9 Blackline <\/span><\/span><span class=\"jCAhz ChMk0b\"><span class=\"ryNqvb\">vous obtenez un effet de blocage efficace en bloquant le diff\u00e9rentiel, ce qui permet une r\u00e9partition optimale du couple entre les roues motrices.<\/span><\/span> <span class=\"jCAhz ChMk0b\"><span class=\"ryNqvb\">Il en r\u00e9sulte une meilleure traction, un meilleur contr\u00f4le du v\u00e9hicule et une dynamique de conduite globalement plus agile.<\/span><\/span> <span class=\"jCAhz ChMk0b\"><span class=\"ryNqvb\">Of u nu op zoek bent naar snelle acceleratie op het circuit of betrouwbare tractie off-road, dit sperdifferentieel zal u niet teleurstellen. Word geleverd met oliekeerringen!<\/span><\/span><\/p>\n<ul>\n<li>Vitesse de rotation \u00e9gale pour les deux roues<\/li>\n<li>Couple r\u00e9parti en fonction de la prise<\/li>\n<li>Exigences de service minimum - aucun lien<\/li>\n<li>R\u00e9action rapide par rapport aux LSD visqueux<\/li>\n<li>Mise en marche douce et progressive, faible bruit<\/li>\n<li>Contr\u00f4le facile de la ramification et de la d\u00e9rive<\/li>\n<li>Engrenages et carter en acier alli\u00e9 8620<\/li>\n<li>Remplacement direct dans un diff\u00e9rentiel standard<\/li>\n<\/ul>\n<p>Convient ;<\/p>\n<h3 data-start=\"98\" data-end=\"109\"><strong data-start=\"102\" data-end=\"109\">BMW<\/strong><\/h3>\n<ul data-start=\"110\" data-end=\"504\">\n<li data-start=\"110\" data-end=\"135\">\n<p data-start=\"112\" data-end=\"135\"><strong data-start=\"112\" data-end=\"133\">E21 315, 316, 318<\/strong><\/p>\n<\/li>\n<li data-start=\"136\" data-end=\"152\">\n<p data-start=\"138\" data-end=\"152\"><strong data-start=\"138\" data-end=\"150\">E21 320i<\/strong><\/p>\n<\/li>\n<li data-start=\"153\" data-end=\"192\">\n<p data-start=\"155\" data-end=\"192\"><strong data-start=\"155\" data-end=\"167\">E21 323i<\/strong> (zonder originele LSD)<\/p>\n<\/li>\n<li data-start=\"193\" data-end=\"218\">\n<p data-start=\"195\" data-end=\"218\"><strong data-start=\"195\" data-end=\"216\">E30 318i en 318is<\/strong><\/p>\n<\/li>\n<li data-start=\"219\" data-end=\"242\">\n<p data-start=\"221\" data-end=\"242\"><strong data-start=\"221\" data-end=\"240\">E36 316i, 318ti<\/strong><\/p>\n<\/li>\n<li data-start=\"243\" data-end=\"266\">\n<p data-start=\"245\" data-end=\"266\"><strong data-start=\"245\" data-end=\"264\">E36 318is, 320i<\/strong><\/p>\n<\/li>\n<li data-start=\"267\" data-end=\"336\">\n<p data-start=\"269\" data-end=\"336\"><strong data-start=\"269\" data-end=\"284\">E53 X5 4.4i<\/strong> \u2013 automatische transmissie, voorste differentieel<\/p>\n<\/li>\n<li data-start=\"337\" data-end=\"381\">\n<p data-start=\"339\" data-end=\"381\"><strong data-start=\"339\" data-end=\"355\">E53 X5 4.6is<\/strong> \u2013 voorste differentieel<\/p>\n<\/li>\n<li data-start=\"382\" data-end=\"410\">\n<p data-start=\"384\" data-end=\"410\"><strong data-start=\"384\" data-end=\"399\">E83 X3 3.0d<\/strong> \u2013 vooras<\/p>\n<\/li>\n<li data-start=\"411\" data-end=\"440\">\n<p data-start=\"413\" data-end=\"440\"><strong data-start=\"413\" data-end=\"429\">E83 X3 3.0sd<\/strong> \u2013 vooras<\/p>\n<\/li>\n<li data-start=\"441\" data-end=\"472\">\n<p data-start=\"443\" data-end=\"472\"><strong data-start=\"443\" data-end=\"453\">Z3 1.9<\/strong> \u2013 handgeschakeld<\/p>\n<\/li>\n<li data-start=\"473\" data-end=\"504\">\n<p data-start=\"475\" data-end=\"504\"><strong data-start=\"475\" data-end=\"485\">Z3 2.0<\/strong> \u2013 handgeschakeld<\/p>\n<\/li>\n<\/ul>","protected":false},"excerpt":{"rendered":"<p>Met het Blackline sperdifferentieel krijgt u een effectief blokkeereffect door het vergrendelen van het differentieel , waardoor een optimale koppelverdeling tussen de aandrijfwielen mogelijk is. Dit resulteert in verbeterde tractie, betere voertuigcontrole en een algeheel wendbaardere rijdynamiek. Of u nu op zoek bent naar snelle acceleratie op het circuit of betrouwbare tractie off-road, dit sperdifferentieel [&hellip;]<\/p>\n","protected":false},"featured_media":94193,"template":"","meta":{"_acf_changed":false},"product_brand":[],"product_cat":[2614],"product_tag":[],"class_list":{"0":"post-94188","1":"product","2":"type-product","3":"status-publish","4":"has-post-thumbnail","6":"product_cat-sperdifferentielen","7":"product_shipping_class-4016","9":"first","10":"instock","11":"taxable","12":"shipping-taxable","13":"purchasable","14":"product-type-simple"},"acf":[],"yoast_head":"<!-- This site is optimized with the Yoast SEO plugin v27.1.1 - https:\/\/yoast.com\/product\/yoast-seo-wordpress\/ -->\n<title>Blackline Wokkel Sper BMW (E30\/E36) - Hoogstra Autosport<\/title>\n<meta name=\"robots\" content=\"index, follow, max-snippet:-1, max-image-preview:large, max-video-preview:-1\" \/>\n<link rel=\"canonical\" href=\"https:\/\/www.hoogstra-autosport.nl\/fr\/produit\/blackline-wokkel-sper-alfa-opel\/\" \/>\n<meta property=\"og:locale\" content=\"fr_FR\" \/>\n<meta property=\"og:type\" content=\"article\" \/>\n<meta property=\"og:title\" content=\"Blackline Wokkel Sper BMW (E30\/E36) - Hoogstra Autosport\" \/>\n<meta property=\"og:description\" content=\"Met het Blackline sperdifferentieel krijgt u een effectief blokkeereffect door het vergrendelen van het differentieel , waardoor een optimale koppelverdeling tussen de aandrijfwielen mogelijk is. Dit resulteert in verbeterde tractie, betere voertuigcontrole en een algeheel wendbaardere rijdynamiek. Of u nu op zoek bent naar snelle acceleratie op het circuit of betrouwbare tractie off-road, dit sperdifferentieel [&hellip;]\" \/>\n<meta property=\"og:url\" content=\"https:\/\/www.hoogstra-autosport.nl\/fr\/produit\/blackline-wokkel-sper-alfa-opel\/\" \/>\n<meta property=\"og:site_name\" content=\"Hoogstra Autosport\" \/>\n<meta property=\"article:modified_time\" content=\"2026-03-05T12:15:06+00:00\" \/>\n<meta property=\"og:image\" content=\"https:\/\/www.hoogstra-autosport.nl\/teamkoen\/wp-content\/uploads\/2025\/12\/Untitled-Project-2025-12-01T134214.973.jpg\" \/>\n\t<meta property=\"og:image:width\" content=\"1080\" \/>\n\t<meta property=\"og:image:height\" content=\"1080\" \/>\n\t<meta property=\"og:image:type\" content=\"image\/jpeg\" \/>\n<meta name=\"twitter:card\" content=\"summary_large_image\" \/>\n<meta name=\"twitter:label1\" content=\"Dur\u00e9e de lecture estim\u00e9e\" \/>\n\t<meta name=\"twitter:data1\" content=\"1 minute\" \/>\n<script type=\"application\/ld+json\" class=\"yoast-schema-graph\">{\"@context\":\"https:\/\/schema.org\",\"@graph\":[{\"@type\":\"WebPage\",\"@id\":\"https:\/\/www.hoogstra-autosport.nl\/product\/blackline-wokkel-sper-alfa-opel\/\",\"url\":\"https:\/\/www.hoogstra-autosport.nl\/product\/blackline-wokkel-sper-alfa-opel\/\",\"name\":\"Blackline Wokkel Sper BMW (E30\/E36) - Hoogstra Autosport\",\"isPartOf\":{\"@id\":\"https:\/\/www.hoogstra-autosport.nl\/#website\"},\"primaryImageOfPage\":{\"@id\":\"https:\/\/www.hoogstra-autosport.nl\/product\/blackline-wokkel-sper-alfa-opel\/#primaryimage\"},\"image\":{\"@id\":\"https:\/\/www.hoogstra-autosport.nl\/product\/blackline-wokkel-sper-alfa-opel\/#primaryimage\"},\"thumbnailUrl\":\"https:\/\/www.hoogstra-autosport.nl\/teamkoen\/wp-content\/uploads\/2025\/12\/Untitled-Project-2025-12-01T134214.973.jpg\",\"datePublished\":\"2025-12-01T12:35:39+00:00\",\"dateModified\":\"2026-03-05T12:15:06+00:00\",\"breadcrumb\":{\"@id\":\"https:\/\/www.hoogstra-autosport.nl\/product\/blackline-wokkel-sper-alfa-opel\/#breadcrumb\"},\"inLanguage\":\"fr-FR\",\"potentialAction\":[{\"@type\":\"ReadAction\",\"target\":[\"https:\/\/www.hoogstra-autosport.nl\/product\/blackline-wokkel-sper-alfa-opel\/\"]}]},{\"@type\":\"ImageObject\",\"inLanguage\":\"fr-FR\",\"@id\":\"https:\/\/www.hoogstra-autosport.nl\/product\/blackline-wokkel-sper-alfa-opel\/#primaryimage\",\"url\":\"https:\/\/www.hoogstra-autosport.nl\/teamkoen\/wp-content\/uploads\/2025\/12\/Untitled-Project-2025-12-01T134214.973.jpg\",\"contentUrl\":\"https:\/\/www.hoogstra-autosport.nl\/teamkoen\/wp-content\/uploads\/2025\/12\/Untitled-Project-2025-12-01T134214.973.jpg\",\"width\":1080,\"height\":1080},{\"@type\":\"BreadcrumbList\",\"@id\":\"https:\/\/www.hoogstra-autosport.nl\/product\/blackline-wokkel-sper-alfa-opel\/#breadcrumb\",\"itemListElement\":[{\"@type\":\"ListItem\",\"position\":1,\"name\":\"Home\",\"item\":\"https:\/\/www.hoogstra-autosport.nl\/\"},{\"@type\":\"ListItem\",\"position\":2,\"name\":\"Motorisch\",\"item\":\"https:\/\/www.hoogstra-autosport.nl\/product-categorie\/auto-techniek\/\"},{\"@type\":\"ListItem\",\"position\":3,\"name\":\"Koppeling , Versnellingsbak en Assen\",\"item\":\"https:\/\/www.hoogstra-autosport.nl\/product-categorie\/auto-techniek\/koppeling-versnellingsbak-en-assen\/\"},{\"@type\":\"ListItem\",\"position\":4,\"name\":\"Sperdifferenti\u00eblen\",\"item\":\"https:\/\/www.hoogstra-autosport.nl\/product-categorie\/auto-techniek\/koppeling-versnellingsbak-en-assen\/sperdifferentielen\/\"},{\"@type\":\"ListItem\",\"position\":5,\"name\":\"Blackline Wokkel Sper BMW (E30\/E36)\"}]},{\"@type\":\"WebSite\",\"@id\":\"https:\/\/www.hoogstra-autosport.nl\/#website\",\"url\":\"https:\/\/www.hoogstra-autosport.nl\/\",\"name\":\"Hoogstra Autosport\",\"description\":\"Performance Autosport Parts!\",\"potentialAction\":[{\"@type\":\"SearchAction\",\"target\":{\"@type\":\"EntryPoint\",\"urlTemplate\":\"https:\/\/www.hoogstra-autosport.nl\/?s={search_term_string}\"},\"query-input\":{\"@type\":\"PropertyValueSpecification\",\"valueRequired\":true,\"valueName\":\"search_term_string\"}}],\"inLanguage\":\"fr-FR\"}]}<\/script>\n<!-- \/ Yoast SEO plugin. -->","yoast_head_json":{"title":"Blackline Wokkel Sper BMW (E30\/E36) - Hoogstra Autosport","robots":{"index":"index","follow":"follow","max-snippet":"max-snippet:-1","max-image-preview":"max-image-preview:large","max-video-preview":"max-video-preview:-1"},"canonical":"https:\/\/www.hoogstra-autosport.nl\/fr\/produit\/blackline-wokkel-sper-alfa-opel\/","og_locale":"fr_FR","og_type":"article","og_title":"Blackline Wokkel Sper BMW (E30\/E36) - Hoogstra Autosport","og_description":"Met het Blackline sperdifferentieel krijgt u een effectief blokkeereffect door het vergrendelen van het differentieel , waardoor een optimale koppelverdeling tussen de aandrijfwielen mogelijk is. Dit resulteert in verbeterde tractie, betere voertuigcontrole en een algeheel wendbaardere rijdynamiek. Of u nu op zoek bent naar snelle acceleratie op het circuit of betrouwbare tractie off-road, dit sperdifferentieel [&hellip;]","og_url":"https:\/\/www.hoogstra-autosport.nl\/fr\/produit\/blackline-wokkel-sper-alfa-opel\/","og_site_name":"Hoogstra Autosport","article_modified_time":"2026-03-05T12:15:06+00:00","og_image":[{"width":1080,"height":1080,"url":"https:\/\/www.hoogstra-autosport.nl\/teamkoen\/wp-content\/uploads\/2025\/12\/Untitled-Project-2025-12-01T134214.973.jpg","type":"image\/jpeg"}],"twitter_card":"summary_large_image","twitter_misc":{"Dur\u00e9e de lecture estim\u00e9e":"1 minute"},"schema":{"@context":"https:\/\/schema.org","@graph":[{"@type":"WebPage","@id":"https:\/\/www.hoogstra-autosport.nl\/product\/blackline-wokkel-sper-alfa-opel\/","url":"https:\/\/www.hoogstra-autosport.nl\/product\/blackline-wokkel-sper-alfa-opel\/","name":"Blackline Wokkel Sper BMW (E30\/E36) - Hoogstra Autosport","isPartOf":{"@id":"https:\/\/www.hoogstra-autosport.nl\/#website"},"primaryImageOfPage":{"@id":"https:\/\/www.hoogstra-autosport.nl\/product\/blackline-wokkel-sper-alfa-opel\/#primaryimage"},"image":{"@id":"https:\/\/www.hoogstra-autosport.nl\/product\/blackline-wokkel-sper-alfa-opel\/#primaryimage"},"thumbnailUrl":"https:\/\/www.hoogstra-autosport.nl\/teamkoen\/wp-content\/uploads\/2025\/12\/Untitled-Project-2025-12-01T134214.973.jpg","datePublished":"2025-12-01T12:35:39+00:00","dateModified":"2026-03-05T12:15:06+00:00","breadcrumb":{"@id":"https:\/\/www.hoogstra-autosport.nl\/product\/blackline-wokkel-sper-alfa-opel\/#breadcrumb"},"inLanguage":"fr-FR","potentialAction":[{"@type":"ReadAction","target":["https:\/\/www.hoogstra-autosport.nl\/product\/blackline-wokkel-sper-alfa-opel\/"]}]},{"@type":"ImageObject","inLanguage":"fr-FR","@id":"https:\/\/www.hoogstra-autosport.nl\/product\/blackline-wokkel-sper-alfa-opel\/#primaryimage","url":"https:\/\/www.hoogstra-autosport.nl\/teamkoen\/wp-content\/uploads\/2025\/12\/Untitled-Project-2025-12-01T134214.973.jpg","contentUrl":"https:\/\/www.hoogstra-autosport.nl\/teamkoen\/wp-content\/uploads\/2025\/12\/Untitled-Project-2025-12-01T134214.973.jpg","width":1080,"height":1080},{"@type":"BreadcrumbList","@id":"https:\/\/www.hoogstra-autosport.nl\/product\/blackline-wokkel-sper-alfa-opel\/#breadcrumb","itemListElement":[{"@type":"ListItem","position":1,"name":"Home","item":"https:\/\/www.hoogstra-autosport.nl\/"},{"@type":"ListItem","position":2,"name":"Motorisch","item":"https:\/\/www.hoogstra-autosport.nl\/product-categorie\/auto-techniek\/"},{"@type":"ListItem","position":3,"name":"Koppeling , Versnellingsbak en Assen","item":"https:\/\/www.hoogstra-autosport.nl\/product-categorie\/auto-techniek\/koppeling-versnellingsbak-en-assen\/"},{"@type":"ListItem","position":4,"name":"Sperdifferenti\u00eblen","item":"https:\/\/www.hoogstra-autosport.nl\/product-categorie\/auto-techniek\/koppeling-versnellingsbak-en-assen\/sperdifferentielen\/"},{"@type":"ListItem","position":5,"name":"Blackline Wokkel Sper BMW (E30\/E36)"}]},{"@type":"WebSite","@id":"https:\/\/www.hoogstra-autosport.nl\/#website","url":"https:\/\/www.hoogstra-autosport.nl\/","name":"Hoogstra Autosport","description":"Performance Autosport Parts!","potentialAction":[{"@type":"SearchAction","target":{"@type":"EntryPoint","urlTemplate":"https:\/\/www.hoogstra-autosport.nl\/?s={search_term_string}"},"query-input":{"@type":"PropertyValueSpecification","valueRequired":true,"valueName":"search_term_string"}}],"inLanguage":"fr-FR"}]}},"tiered_pricing_type":"fixed","tiered_pricing_fixed_rules":[],"tiered_pricing_product_settings":{"layout":"default","base_unit_name":{"singular":null,"plural":null},"default_variation":null},"tiered_pricing_minimum_quantity":null,"tiered_pricing_roles_data":[],"tiered_pricing_percentage_rules":[],"tiered_pricing_maximum_quantity":null,"tiered_pricing_quantity_step":null,"_links":{"self":[{"href":"https:\/\/www.hoogstra-autosport.nl\/fr\/wp-json\/wp\/v2\/product\/94188","targetHints":{"allow":["GET"]}}],"collection":[{"href":"https:\/\/www.hoogstra-autosport.nl\/fr\/wp-json\/wp\/v2\/product"}],"about":[{"href":"https:\/\/www.hoogstra-autosport.nl\/fr\/wp-json\/wp\/v2\/types\/product"}],"wp:featuredmedia":[{"embeddable":true,"href":"https:\/\/www.hoogstra-autosport.nl\/fr\/wp-json\/wp\/v2\/media\/94193"}],"wp:attachment":[{"href":"https:\/\/www.hoogstra-autosport.nl\/fr\/wp-json\/wp\/v2\/media?parent=94188"}],"wp:term":[{"taxonomy":"product_brand","embeddable":true,"href":"https:\/\/www.hoogstra-autosport.nl\/fr\/wp-json\/wp\/v2\/product_brand?post=94188"},{"taxonomy":"product_cat","embeddable":true,"href":"https:\/\/www.hoogstra-autosport.nl\/fr\/wp-json\/wp\/v2\/product_cat?post=94188"},{"taxonomy":"product_tag","embeddable":true,"href":"https:\/\/www.hoogstra-autosport.nl\/fr\/wp-json\/wp\/v2\/product_tag?post=94188"}],"curies":[{"name":"wp","href":"https:\/\/api.w.org\/{rel}","templated":true}]}}