{"id":9358,"date":"2015-09-04T13:13:39","date_gmt":"2015-09-04T11:13:39","guid":{"rendered":"http:\/\/hoogstra-autosport.nl\/?product=olie-koeler-aansluitset-m18x15-staal-omvlochten-leiding"},"modified":"2024-01-20T13:00:06","modified_gmt":"2024-01-20T12:00:06","slug":"olie-koeler-aansluitset-m18x15-staal-omvlochten-leiding","status":"publish","type":"product","link":"https:\/\/www.hoogstra-autosport.nl\/fr\/produit\/olie-koeler-aansluitset-m18x15-staal-omvlochten-leiding\/","title":{"rendered":"Kit de raccordement du refroidisseur d'huile M18x1,5 Tube en acier tress\u00e9"},"content":{"rendered":"<p>Kit de raccordement du refroidisseur d'huile\u00a0<\/p>\n<p>Plaque d'adaptation pour moteur avec raccord de filtre \u00e0 huile M18\u00a0<\/p>\n<p>Pour les filtres \u00e0 huile\/marques de voitures suivants\u00a0<\/p>\n<p>Kit complet avec tuyaux et support pour le refroidisseur d'huile Les tuyaux ont un coude de 90 degr\u00e9s avec un raccord de 1\/2 pouce pour le refroidisseur d'huile et une plaque d'adaptation sur le c\u00f4t\u00e9 inf\u00e9rieur.\u00a0<\/p>\n<p>Citro\u00ebn GS, GSX, GSA<br \/>\nGeneral Motors, tous les V6<br \/>\nOpel Corsa 1.3, 9\/85-, 1.4\/1.6<br \/>\nKadett D 1.6, 1.8 GT\/E<br \/>\nKadett E, Astra, tous les mod\u00e8les<br \/>\nAscona C, tous les mod\u00e8les sauf 1.3, -8\/85<br \/>\nManta B 1.8, Rekord E1,<br \/>\nVectra, Calibra, tous les mod\u00e8les<br \/>\nSaab 2.5 V6, 3.0 V6<br \/>\n\u00a0<\/p>","protected":false},"excerpt":{"rendered":"<p>Olie koeler aansluit set\u00a0 Adapterplaat voor aan de motor met M18 oliefilter aansluiting\u00a0 Voor onderstaande olie filters\/ merken auto&#8217;s\u00a0 Komplete set met slangen en houder voor de oliekoeler slangen hebben een 90 graden bocht met aansluiting 1\/2 duims voor olie koeler en onder zijde adapterplaat\u00a0 Citroen GS, GSX, GSA General Motors, alle V6 Opel Corsa [&hellip;]<\/p>\n","protected":false},"featured_media":9356,"template":"","meta":{"_acf_changed":false},"product_brand":[],"product_cat":[4074,2743],"product_tag":[],"class_list":{"0":"post-9358","1":"product","2":"type-product","3":"status-publish","4":"has-post-thumbnail","6":"product_cat-beltenick","7":"product_cat-olieslangen-aansluiting","8":"product_shipping_class-4016","10":"first","11":"instock","12":"taxable","13":"shipping-taxable","14":"purchasable","15":"product-type-simple"},"acf":[],"yoast_head":"<!-- This site is optimized with the Yoast SEO plugin v27.5 - https:\/\/yoast.com\/product\/yoast-seo-wordpress\/ -->\n<title>Olie Koeler Aansluitset M18x1,5 Staal omvlochten leiding - Hoogstra Autosport<\/title>\n<meta name=\"robots\" content=\"index, follow, max-snippet:-1, max-image-preview:large, max-video-preview:-1\" \/>\n<link rel=\"canonical\" href=\"https:\/\/www.hoogstra-autosport.nl\/fr\/produit\/olie-koeler-aansluitset-m18x15-staal-omvlochten-leiding\/\" \/>\n<meta property=\"og:locale\" content=\"fr_FR\" \/>\n<meta property=\"og:type\" content=\"article\" \/>\n<meta property=\"og:title\" content=\"Olie Koeler Aansluitset M18x1,5 Staal omvlochten leiding - Hoogstra Autosport\" \/>\n<meta property=\"og:description\" content=\"Olie koeler aansluit set\u00a0 Adapterplaat voor aan de motor met M18 oliefilter aansluiting\u00a0 Voor onderstaande olie filters\/ merken auto&#8217;s\u00a0 Komplete set met slangen en houder voor de oliekoeler slangen hebben een 90 graden bocht met aansluiting 1\/2 duims voor olie koeler en onder zijde adapterplaat\u00a0 Citroen GS, GSX, GSA General Motors, alle V6 Opel Corsa [&hellip;]\" \/>\n<meta property=\"og:url\" content=\"https:\/\/www.hoogstra-autosport.nl\/fr\/produit\/olie-koeler-aansluitset-m18x15-staal-omvlochten-leiding\/\" \/>\n<meta property=\"og:site_name\" content=\"Hoogstra Autosport\" \/>\n<meta property=\"article:modified_time\" content=\"2024-01-20T12:00:06+00:00\" \/>\n<meta property=\"og:image\" content=\"https:\/\/www.hoogstra-autosport.nl\/teamkoen\/content\/uploads\/catalog\/product\/image_034561_020(Custom).jpg\" \/>\n\t<meta property=\"og:image:width\" content=\"720\" \/>\n\t<meta property=\"og:image:height\" content=\"960\" \/>\n\t<meta property=\"og:image:type\" content=\"image\/jpeg\" \/>\n<meta name=\"twitter:card\" content=\"summary_large_image\" \/>\n<script type=\"application\/ld+json\" class=\"yoast-schema-graph\">{\"@context\":\"https:\\\/\\\/schema.org\",\"@graph\":[{\"@type\":\"WebPage\",\"@id\":\"https:\\\/\\\/www.hoogstra-autosport.nl\\\/product\\\/olie-koeler-aansluitset-m18x15-staal-omvlochten-leiding\\\/\",\"url\":\"https:\\\/\\\/www.hoogstra-autosport.nl\\\/product\\\/olie-koeler-aansluitset-m18x15-staal-omvlochten-leiding\\\/\",\"name\":\"Olie Koeler Aansluitset M18x1,5 Staal omvlochten leiding - Hoogstra Autosport\",\"isPartOf\":{\"@id\":\"https:\\\/\\\/www.hoogstra-autosport.nl\\\/#website\"},\"primaryImageOfPage\":{\"@id\":\"https:\\\/\\\/www.hoogstra-autosport.nl\\\/product\\\/olie-koeler-aansluitset-m18x15-staal-omvlochten-leiding\\\/#primaryimage\"},\"image\":{\"@id\":\"https:\\\/\\\/www.hoogstra-autosport.nl\\\/product\\\/olie-koeler-aansluitset-m18x15-staal-omvlochten-leiding\\\/#primaryimage\"},\"thumbnailUrl\":\"https:\\\/\\\/www.hoogstra-autosport.nl\\\/teamkoen\\\/wp-content\\\/uploads\\\/catalog\\\/product\\\/image_034561_020(Custom).jpg\",\"datePublished\":\"2015-09-04T11:13:39+00:00\",\"dateModified\":\"2024-01-20T12:00:06+00:00\",\"breadcrumb\":{\"@id\":\"https:\\\/\\\/www.hoogstra-autosport.nl\\\/product\\\/olie-koeler-aansluitset-m18x15-staal-omvlochten-leiding\\\/#breadcrumb\"},\"inLanguage\":\"fr-FR\",\"potentialAction\":[{\"@type\":\"ReadAction\",\"target\":[\"https:\\\/\\\/www.hoogstra-autosport.nl\\\/product\\\/olie-koeler-aansluitset-m18x15-staal-omvlochten-leiding\\\/\"]}]},{\"@type\":\"ImageObject\",\"inLanguage\":\"fr-FR\",\"@id\":\"https:\\\/\\\/www.hoogstra-autosport.nl\\\/product\\\/olie-koeler-aansluitset-m18x15-staal-omvlochten-leiding\\\/#primaryimage\",\"url\":\"https:\\\/\\\/www.hoogstra-autosport.nl\\\/teamkoen\\\/wp-content\\\/uploads\\\/catalog\\\/product\\\/image_034561_020(Custom).jpg\",\"contentUrl\":\"https:\\\/\\\/www.hoogstra-autosport.nl\\\/teamkoen\\\/wp-content\\\/uploads\\\/catalog\\\/product\\\/image_034561_020(Custom).jpg\",\"width\":720,\"height\":960},{\"@type\":\"BreadcrumbList\",\"@id\":\"https:\\\/\\\/www.hoogstra-autosport.nl\\\/product\\\/olie-koeler-aansluitset-m18x15-staal-omvlochten-leiding\\\/#breadcrumb\",\"itemListElement\":[{\"@type\":\"ListItem\",\"position\":1,\"name\":\"Home\",\"item\":\"https:\\\/\\\/www.hoogstra-autosport.nl\\\/\"},{\"@type\":\"ListItem\",\"position\":2,\"name\":\"Motorisch\",\"item\":\"https:\\\/\\\/www.hoogstra-autosport.nl\\\/product-categorie\\\/auto-techniek\\\/\"},{\"@type\":\"ListItem\",\"position\":3,\"name\":\"Olie Koelers &amp; Adapters\",\"item\":\"https:\\\/\\\/www.hoogstra-autosport.nl\\\/product-categorie\\\/auto-techniek\\\/motor-compartiment\\\/\"},{\"@type\":\"ListItem\",\"position\":4,\"name\":\"Olieslangen &amp; Kits &amp; Oliepompen\",\"item\":\"https:\\\/\\\/www.hoogstra-autosport.nl\\\/product-categorie\\\/auto-techniek\\\/motor-compartiment\\\/olieslangen-aansluiting\\\/\"},{\"@type\":\"ListItem\",\"position\":5,\"name\":\"Olie Koeler Aansluitset M18x1,5 Staal omvlochten leiding\"}]},{\"@type\":\"WebSite\",\"@id\":\"https:\\\/\\\/www.hoogstra-autosport.nl\\\/#website\",\"url\":\"https:\\\/\\\/www.hoogstra-autosport.nl\\\/\",\"name\":\"Hoogstra Autosport\",\"description\":\"Performance Autosport Parts!\",\"potentialAction\":[{\"@type\":\"SearchAction\",\"target\":{\"@type\":\"EntryPoint\",\"urlTemplate\":\"https:\\\/\\\/www.hoogstra-autosport.nl\\\/?s={search_term_string}\"},\"query-input\":{\"@type\":\"PropertyValueSpecification\",\"valueRequired\":true,\"valueName\":\"search_term_string\"}}],\"inLanguage\":\"fr-FR\"}]}<\/script>\n<!-- \/ Yoast SEO plugin. -->","yoast_head_json":{"title":"Olie Koeler Aansluitset M18x1,5 Staal omvlochten leiding - Hoogstra Autosport","robots":{"index":"index","follow":"follow","max-snippet":"max-snippet:-1","max-image-preview":"max-image-preview:large","max-video-preview":"max-video-preview:-1"},"canonical":"https:\/\/www.hoogstra-autosport.nl\/fr\/produit\/olie-koeler-aansluitset-m18x15-staal-omvlochten-leiding\/","og_locale":"fr_FR","og_type":"article","og_title":"Olie Koeler Aansluitset M18x1,5 Staal omvlochten leiding - Hoogstra Autosport","og_description":"Olie koeler aansluit set\u00a0 Adapterplaat voor aan de motor met M18 oliefilter aansluiting\u00a0 Voor onderstaande olie filters\/ merken auto&#8217;s\u00a0 Komplete set met slangen en houder voor de oliekoeler slangen hebben een 90 graden bocht met aansluiting 1\/2 duims voor olie koeler en onder zijde adapterplaat\u00a0 Citroen GS, GSX, GSA General Motors, alle V6 Opel Corsa [&hellip;]","og_url":"https:\/\/www.hoogstra-autosport.nl\/fr\/produit\/olie-koeler-aansluitset-m18x15-staal-omvlochten-leiding\/","og_site_name":"Hoogstra Autosport","article_modified_time":"2024-01-20T12:00:06+00:00","og_image":[{"width":720,"height":960,"url":"https:\/\/www.hoogstra-autosport.nl\/teamkoen\/content\/uploads\/catalog\/product\/image_034561_020(Custom).jpg","type":"image\/jpeg"}],"twitter_card":"summary_large_image","schema":{"@context":"https:\/\/schema.org","@graph":[{"@type":"WebPage","@id":"https:\/\/www.hoogstra-autosport.nl\/product\/olie-koeler-aansluitset-m18x15-staal-omvlochten-leiding\/","url":"https:\/\/www.hoogstra-autosport.nl\/product\/olie-koeler-aansluitset-m18x15-staal-omvlochten-leiding\/","name":"Olie Koeler Aansluitset M18x1,5 Staal omvlochten leiding - Hoogstra Autosport","isPartOf":{"@id":"https:\/\/www.hoogstra-autosport.nl\/#website"},"primaryImageOfPage":{"@id":"https:\/\/www.hoogstra-autosport.nl\/product\/olie-koeler-aansluitset-m18x15-staal-omvlochten-leiding\/#primaryimage"},"image":{"@id":"https:\/\/www.hoogstra-autosport.nl\/product\/olie-koeler-aansluitset-m18x15-staal-omvlochten-leiding\/#primaryimage"},"thumbnailUrl":"https:\/\/www.hoogstra-autosport.nl\/teamkoen\/wp-content\/uploads\/catalog\/product\/image_034561_020(Custom).jpg","datePublished":"2015-09-04T11:13:39+00:00","dateModified":"2024-01-20T12:00:06+00:00","breadcrumb":{"@id":"https:\/\/www.hoogstra-autosport.nl\/product\/olie-koeler-aansluitset-m18x15-staal-omvlochten-leiding\/#breadcrumb"},"inLanguage":"fr-FR","potentialAction":[{"@type":"ReadAction","target":["https:\/\/www.hoogstra-autosport.nl\/product\/olie-koeler-aansluitset-m18x15-staal-omvlochten-leiding\/"]}]},{"@type":"ImageObject","inLanguage":"fr-FR","@id":"https:\/\/www.hoogstra-autosport.nl\/product\/olie-koeler-aansluitset-m18x15-staal-omvlochten-leiding\/#primaryimage","url":"https:\/\/www.hoogstra-autosport.nl\/teamkoen\/wp-content\/uploads\/catalog\/product\/image_034561_020(Custom).jpg","contentUrl":"https:\/\/www.hoogstra-autosport.nl\/teamkoen\/wp-content\/uploads\/catalog\/product\/image_034561_020(Custom).jpg","width":720,"height":960},{"@type":"BreadcrumbList","@id":"https:\/\/www.hoogstra-autosport.nl\/product\/olie-koeler-aansluitset-m18x15-staal-omvlochten-leiding\/#breadcrumb","itemListElement":[{"@type":"ListItem","position":1,"name":"Home","item":"https:\/\/www.hoogstra-autosport.nl\/"},{"@type":"ListItem","position":2,"name":"Motorisch","item":"https:\/\/www.hoogstra-autosport.nl\/product-categorie\/auto-techniek\/"},{"@type":"ListItem","position":3,"name":"Olie Koelers &amp; Adapters","item":"https:\/\/www.hoogstra-autosport.nl\/product-categorie\/auto-techniek\/motor-compartiment\/"},{"@type":"ListItem","position":4,"name":"Olieslangen &amp; Kits &amp; Oliepompen","item":"https:\/\/www.hoogstra-autosport.nl\/product-categorie\/auto-techniek\/motor-compartiment\/olieslangen-aansluiting\/"},{"@type":"ListItem","position":5,"name":"Olie Koeler Aansluitset M18x1,5 Staal omvlochten leiding"}]},{"@type":"WebSite","@id":"https:\/\/www.hoogstra-autosport.nl\/#website","url":"https:\/\/www.hoogstra-autosport.nl\/","name":"Hoogstra Autosport","description":"Performance Autosport Parts!","potentialAction":[{"@type":"SearchAction","target":{"@type":"EntryPoint","urlTemplate":"https:\/\/www.hoogstra-autosport.nl\/?s={search_term_string}"},"query-input":{"@type":"PropertyValueSpecification","valueRequired":true,"valueName":"search_term_string"}}],"inLanguage":"fr-FR"}]}},"tiered_pricing_type":"fixed","tiered_pricing_fixed_rules":[],"tiered_pricing_product_settings":{"layout":"default","base_unit_name":{"singular":null,"plural":null},"default_variation":null},"tiered_pricing_minimum_quantity":null,"tiered_pricing_roles_data":[],"tiered_pricing_percentage_rules":[],"tiered_pricing_maximum_quantity":null,"tiered_pricing_quantity_step":null,"_links":{"self":[{"href":"https:\/\/www.hoogstra-autosport.nl\/fr\/wp-json\/wp\/v2\/product\/9358","targetHints":{"allow":["GET"]}}],"collection":[{"href":"https:\/\/www.hoogstra-autosport.nl\/fr\/wp-json\/wp\/v2\/product"}],"about":[{"href":"https:\/\/www.hoogstra-autosport.nl\/fr\/wp-json\/wp\/v2\/types\/product"}],"wp:featuredmedia":[{"embeddable":true,"href":"https:\/\/www.hoogstra-autosport.nl\/fr\/wp-json\/wp\/v2\/media\/9356"}],"wp:attachment":[{"href":"https:\/\/www.hoogstra-autosport.nl\/fr\/wp-json\/wp\/v2\/media?parent=9358"}],"wp:term":[{"taxonomy":"product_brand","embeddable":true,"href":"https:\/\/www.hoogstra-autosport.nl\/fr\/wp-json\/wp\/v2\/product_brand?post=9358"},{"taxonomy":"product_cat","embeddable":true,"href":"https:\/\/www.hoogstra-autosport.nl\/fr\/wp-json\/wp\/v2\/product_cat?post=9358"},{"taxonomy":"product_tag","embeddable":true,"href":"https:\/\/www.hoogstra-autosport.nl\/fr\/wp-json\/wp\/v2\/product_tag?post=9358"}],"curies":[{"name":"wp","href":"https:\/\/api.w.org\/{rel}","templated":true}]}}