{"id":91293,"date":"2025-09-23T09:28:07","date_gmt":"2025-09-23T07:28:07","guid":{"rendered":"https:\/\/www.hoogstra-autosport.nl\/?post_type=product&#038;p=91293"},"modified":"2026-03-05T13:18:11","modified_gmt":"2026-03-05T12:18:11","slug":"blackline-wokkel-sper-bmw-e46-e87-e90-188k-diff","status":"publish","type":"product","link":"https:\/\/www.hoogstra-autosport.nl\/fr\/produit\/blackline-wokkel-sper-bmw-e46-e87-e90-188k-diff\/","title":{"rendered":"Travail en noir Sper BMW (E46\/E87\/E90) 188K diff"},"content":{"rendered":"<p>Pour les v\u00e9hicules \u00e9quip\u00e9s de l'option <strong>188K diff\u00e9rentiel<\/strong><\/p>\n<p><span class=\"jCAhz ChMk0b\"><span class=\"ryNqvb\">Avec le diff\u00e9rentiel \u00e0 glissement limit\u00e9 Blackline <\/span><\/span><span class=\"jCAhz ChMk0b\"><span class=\"ryNqvb\">vous obtenez un effet de blocage efficace en bloquant le diff\u00e9rentiel, ce qui permet une r\u00e9partition optimale du couple entre les roues motrices.<\/span><\/span> <span class=\"jCAhz ChMk0b\"><span class=\"ryNqvb\">Il en r\u00e9sulte une meilleure traction, un meilleur contr\u00f4le du v\u00e9hicule et une dynamique de conduite globalement plus agile.<\/span><\/span> <span class=\"jCAhz ChMk0b\"><span class=\"ryNqvb\">Of u nu op zoek bent naar snelle acceleratie op het circuit of betrouwbare tractie off-road, dit sperdifferentieel zal u niet teleurstellen. Word geleverd met oliekeerringen!<\/span><\/span><\/p>\n<ul>\n<li>Vitesse de rotation \u00e9gale pour les deux roues<\/li>\n<li>Couple r\u00e9parti en fonction de la prise<\/li>\n<li>Exigences de service minimum - aucun lien<\/li>\n<li>R\u00e9action rapide par rapport aux LSD visqueux<\/li>\n<li>Mise en marche douce et progressive, faible bruit<\/li>\n<li>Contr\u00f4le facile de la ramification et de la d\u00e9rive<\/li>\n<li>Engrenages et carter en acier alli\u00e9 8620<\/li>\n<li>Remplacement direct dans un diff\u00e9rentiel standard<\/li>\n<\/ul>\n<p>Convient ;<\/p>\n<ul>\n<li>E38 728i Car<\/li>\n<li>E39 Transmission manuelle - 520i, 523i<\/li>\n<li>Voiture E39 - 523i, 530i<\/li>\n<li>E46 Transmission manuelle - 320i (avec bo\u00eetier 188l), 325i, 325ti, 325xi, 328i<\/li>\n<li>E46 Auto - 318d, 323i, 325i, 328i (3.46:ratio), 330i<\/li>\n<li>Diff\u00e9rentiel arri\u00e8re de la bo\u00eete de vitesses manuelle E53 - X5 3.0i<\/li>\n<li>E53 Auto Rear Diff - X5 4.4i, X5 4.6is<\/li>\n<li>E60 Transmission manuelle - 520i<\/li>\n<li>E60 Auto - 520d, 520i, 525i, 535i (SMG), 530i , 535i, 535xi<\/li>\n<li>E63 630i Transmission manuelle &amp; Auto<\/li>\n<li>E70 X5 3.0d Auto Arri\u00e8re<\/li>\n<li>E70 X5 35ix Arri\u00e8re<\/li>\n<li>E82 Transmission manuelle - 125i, 128i<\/li>\n<li>E82 Auto - 123d, 125i, 135i<\/li>\n<li>E83 Transmission manuelle Essieu arri\u00e8re - X3 3.0d<\/li>\n<li>E83 Auto Rear Axle - X3 2.0d<\/li>\n<li>E85 Transmission manuelle - Z4 2.5i, Z4 3.0si<\/li>\n<li>E85 Auto - Z4 2.5i, Z4 3.0si, Z4 2.5si, Z4 2.5si (SMG), Z4 3.0i<\/li>\n<li>E85 Alpina Z Roadster S 3.4<\/li>\n<li>E87 Bo\u00eete de vitesses manuelle - 130i<\/li>\n<li>E87 Auto - 118d, 120d (03\/07 - 09\/08), 123d, 130i<\/li>\n<li>E89 Bo\u00eete de vitesses manuelle - Z4 sDrive 23i<\/li>\n<li>E89 Auto - Z4 sDrive 23i, Z4 sDrive 30i<\/li>\n<li>E90 Bo\u00eete de vitesses manuelle - 320d (avec transmission finale 7591074), 320i (avec bo\u00eetier 188k), 325i (avec transmission finale 7591015), 328xi, 330i<\/li>\n<li>E90 Auto - 320d (avec transmission finale 7591017), 320i (avec bo\u00eetier 188k), 325i, 328i, 330i, 335i (avec transmission finale 7572055), 335xi<\/li>\n<li>E92 Transmission manuelle - 325i (avec r\u00e9ducteurs 7529109, 7591015), 328i, 330i<\/li>\n<li>E92 Auto - 320d (avec transmission finale 7591017), 325i, 328i, 330i, 335i (avec transmission finale 7572055), 335xi<\/li>\n<li>F10 Transmission manuelle - 535i<\/li>\n<li>F10 Auto - 535i<\/li>\n<\/ul>","protected":false},"excerpt":{"rendered":"<p>Voor voertuigen met het 188K differentieel Met het Blackline sperdifferentieel krijgt u een effectief blokkeereffect door het vergrendelen van het differentieel , waardoor een optimale koppelverdeling tussen de aandrijfwielen mogelijk is. Dit resulteert in verbeterde tractie, betere voertuigcontrole en een algeheel wendbaardere rijdynamiek. Of u nu op zoek bent naar snelle acceleratie op het circuit [&hellip;]<\/p>\n","protected":false},"featured_media":91291,"template":"","meta":{"_acf_changed":false},"product_brand":[],"product_cat":[2614],"product_tag":[],"class_list":{"0":"post-91293","1":"product","2":"type-product","3":"status-publish","4":"has-post-thumbnail","6":"product_cat-sperdifferentielen","7":"product_shipping_class-4016","9":"first","10":"instock","11":"taxable","12":"shipping-taxable","13":"purchasable","14":"product-type-simple"},"acf":[],"yoast_head":"<!-- This site is optimized with the Yoast SEO plugin v27.1.1 - https:\/\/yoast.com\/product\/yoast-seo-wordpress\/ -->\n<title>Blackline wokkel Sper BMW (E46\/E87\/E90) 188K diff - Hoogstra Autosport<\/title>\n<meta name=\"robots\" content=\"index, follow, max-snippet:-1, max-image-preview:large, max-video-preview:-1\" \/>\n<link rel=\"canonical\" href=\"https:\/\/www.hoogstra-autosport.nl\/fr\/produit\/blackline-wokkel-sper-bmw-e46-e87-e90-188k-diff\/\" \/>\n<meta property=\"og:locale\" content=\"fr_FR\" \/>\n<meta property=\"og:type\" content=\"article\" \/>\n<meta property=\"og:title\" content=\"Blackline wokkel Sper BMW (E46\/E87\/E90) 188K diff - Hoogstra Autosport\" \/>\n<meta property=\"og:description\" content=\"Voor voertuigen met het 188K differentieel Met het Blackline sperdifferentieel krijgt u een effectief blokkeereffect door het vergrendelen van het differentieel , waardoor een optimale koppelverdeling tussen de aandrijfwielen mogelijk is. Dit resulteert in verbeterde tractie, betere voertuigcontrole en een algeheel wendbaardere rijdynamiek. Of u nu op zoek bent naar snelle acceleratie op het circuit [&hellip;]\" \/>\n<meta property=\"og:url\" content=\"https:\/\/www.hoogstra-autosport.nl\/fr\/produit\/blackline-wokkel-sper-bmw-e46-e87-e90-188k-diff\/\" \/>\n<meta property=\"og:site_name\" content=\"Hoogstra Autosport\" \/>\n<meta property=\"article:modified_time\" content=\"2026-03-05T12:18:11+00:00\" \/>\n<meta property=\"og:image\" content=\"https:\/\/www.hoogstra-autosport.nl\/teamkoen\/wp-content\/uploads\/2025\/09\/HLF024-HA.jpg\" \/>\n\t<meta property=\"og:image:width\" content=\"1000\" \/>\n\t<meta property=\"og:image:height\" content=\"1000\" \/>\n\t<meta property=\"og:image:type\" content=\"image\/jpeg\" \/>\n<meta name=\"twitter:card\" content=\"summary_large_image\" \/>\n<meta name=\"twitter:label1\" content=\"Dur\u00e9e de lecture estim\u00e9e\" \/>\n\t<meta name=\"twitter:data1\" content=\"2 minutes\" \/>\n<script type=\"application\/ld+json\" class=\"yoast-schema-graph\">{\"@context\":\"https:\/\/schema.org\",\"@graph\":[{\"@type\":\"WebPage\",\"@id\":\"https:\/\/www.hoogstra-autosport.nl\/product\/blackline-wokkel-sper-bmw-e46-e87-e90-188k-diff\/\",\"url\":\"https:\/\/www.hoogstra-autosport.nl\/product\/blackline-wokkel-sper-bmw-e46-e87-e90-188k-diff\/\",\"name\":\"Blackline wokkel Sper BMW (E46\/E87\/E90) 188K diff - Hoogstra Autosport\",\"isPartOf\":{\"@id\":\"https:\/\/www.hoogstra-autosport.nl\/#website\"},\"primaryImageOfPage\":{\"@id\":\"https:\/\/www.hoogstra-autosport.nl\/product\/blackline-wokkel-sper-bmw-e46-e87-e90-188k-diff\/#primaryimage\"},\"image\":{\"@id\":\"https:\/\/www.hoogstra-autosport.nl\/product\/blackline-wokkel-sper-bmw-e46-e87-e90-188k-diff\/#primaryimage\"},\"thumbnailUrl\":\"https:\/\/www.hoogstra-autosport.nl\/teamkoen\/wp-content\/uploads\/2025\/09\/HLF024-HA.jpg\",\"datePublished\":\"2025-09-23T07:28:07+00:00\",\"dateModified\":\"2026-03-05T12:18:11+00:00\",\"breadcrumb\":{\"@id\":\"https:\/\/www.hoogstra-autosport.nl\/product\/blackline-wokkel-sper-bmw-e46-e87-e90-188k-diff\/#breadcrumb\"},\"inLanguage\":\"fr-FR\",\"potentialAction\":[{\"@type\":\"ReadAction\",\"target\":[\"https:\/\/www.hoogstra-autosport.nl\/product\/blackline-wokkel-sper-bmw-e46-e87-e90-188k-diff\/\"]}]},{\"@type\":\"ImageObject\",\"inLanguage\":\"fr-FR\",\"@id\":\"https:\/\/www.hoogstra-autosport.nl\/product\/blackline-wokkel-sper-bmw-e46-e87-e90-188k-diff\/#primaryimage\",\"url\":\"https:\/\/www.hoogstra-autosport.nl\/teamkoen\/wp-content\/uploads\/2025\/09\/HLF024-HA.jpg\",\"contentUrl\":\"https:\/\/www.hoogstra-autosport.nl\/teamkoen\/wp-content\/uploads\/2025\/09\/HLF024-HA.jpg\",\"width\":1000,\"height\":1000},{\"@type\":\"BreadcrumbList\",\"@id\":\"https:\/\/www.hoogstra-autosport.nl\/product\/blackline-wokkel-sper-bmw-e46-e87-e90-188k-diff\/#breadcrumb\",\"itemListElement\":[{\"@type\":\"ListItem\",\"position\":1,\"name\":\"Home\",\"item\":\"https:\/\/www.hoogstra-autosport.nl\/\"},{\"@type\":\"ListItem\",\"position\":2,\"name\":\"Motorisch\",\"item\":\"https:\/\/www.hoogstra-autosport.nl\/product-categorie\/auto-techniek\/\"},{\"@type\":\"ListItem\",\"position\":3,\"name\":\"Koppeling , Versnellingsbak en Assen\",\"item\":\"https:\/\/www.hoogstra-autosport.nl\/product-categorie\/auto-techniek\/koppeling-versnellingsbak-en-assen\/\"},{\"@type\":\"ListItem\",\"position\":4,\"name\":\"Sperdifferenti\u00eblen\",\"item\":\"https:\/\/www.hoogstra-autosport.nl\/product-categorie\/auto-techniek\/koppeling-versnellingsbak-en-assen\/sperdifferentielen\/\"},{\"@type\":\"ListItem\",\"position\":5,\"name\":\"Blackline wokkel Sper BMW (E46\/E87\/E90) 188K diff\"}]},{\"@type\":\"WebSite\",\"@id\":\"https:\/\/www.hoogstra-autosport.nl\/#website\",\"url\":\"https:\/\/www.hoogstra-autosport.nl\/\",\"name\":\"Hoogstra Autosport\",\"description\":\"Performance Autosport Parts!\",\"potentialAction\":[{\"@type\":\"SearchAction\",\"target\":{\"@type\":\"EntryPoint\",\"urlTemplate\":\"https:\/\/www.hoogstra-autosport.nl\/?s={search_term_string}\"},\"query-input\":{\"@type\":\"PropertyValueSpecification\",\"valueRequired\":true,\"valueName\":\"search_term_string\"}}],\"inLanguage\":\"fr-FR\"}]}<\/script>\n<!-- \/ Yoast SEO plugin. -->","yoast_head_json":{"title":"Blackline wokkel Sper BMW (E46\/E87\/E90) 188K diff - Hoogstra Autosport","robots":{"index":"index","follow":"follow","max-snippet":"max-snippet:-1","max-image-preview":"max-image-preview:large","max-video-preview":"max-video-preview:-1"},"canonical":"https:\/\/www.hoogstra-autosport.nl\/fr\/produit\/blackline-wokkel-sper-bmw-e46-e87-e90-188k-diff\/","og_locale":"fr_FR","og_type":"article","og_title":"Blackline wokkel Sper BMW (E46\/E87\/E90) 188K diff - Hoogstra Autosport","og_description":"Voor voertuigen met het 188K differentieel Met het Blackline sperdifferentieel krijgt u een effectief blokkeereffect door het vergrendelen van het differentieel , waardoor een optimale koppelverdeling tussen de aandrijfwielen mogelijk is. Dit resulteert in verbeterde tractie, betere voertuigcontrole en een algeheel wendbaardere rijdynamiek. Of u nu op zoek bent naar snelle acceleratie op het circuit [&hellip;]","og_url":"https:\/\/www.hoogstra-autosport.nl\/fr\/produit\/blackline-wokkel-sper-bmw-e46-e87-e90-188k-diff\/","og_site_name":"Hoogstra Autosport","article_modified_time":"2026-03-05T12:18:11+00:00","og_image":[{"width":1000,"height":1000,"url":"https:\/\/www.hoogstra-autosport.nl\/teamkoen\/wp-content\/uploads\/2025\/09\/HLF024-HA.jpg","type":"image\/jpeg"}],"twitter_card":"summary_large_image","twitter_misc":{"Dur\u00e9e de lecture estim\u00e9e":"2 minutes"},"schema":{"@context":"https:\/\/schema.org","@graph":[{"@type":"WebPage","@id":"https:\/\/www.hoogstra-autosport.nl\/product\/blackline-wokkel-sper-bmw-e46-e87-e90-188k-diff\/","url":"https:\/\/www.hoogstra-autosport.nl\/product\/blackline-wokkel-sper-bmw-e46-e87-e90-188k-diff\/","name":"Blackline wokkel Sper BMW (E46\/E87\/E90) 188K diff - Hoogstra Autosport","isPartOf":{"@id":"https:\/\/www.hoogstra-autosport.nl\/#website"},"primaryImageOfPage":{"@id":"https:\/\/www.hoogstra-autosport.nl\/product\/blackline-wokkel-sper-bmw-e46-e87-e90-188k-diff\/#primaryimage"},"image":{"@id":"https:\/\/www.hoogstra-autosport.nl\/product\/blackline-wokkel-sper-bmw-e46-e87-e90-188k-diff\/#primaryimage"},"thumbnailUrl":"https:\/\/www.hoogstra-autosport.nl\/teamkoen\/wp-content\/uploads\/2025\/09\/HLF024-HA.jpg","datePublished":"2025-09-23T07:28:07+00:00","dateModified":"2026-03-05T12:18:11+00:00","breadcrumb":{"@id":"https:\/\/www.hoogstra-autosport.nl\/product\/blackline-wokkel-sper-bmw-e46-e87-e90-188k-diff\/#breadcrumb"},"inLanguage":"fr-FR","potentialAction":[{"@type":"ReadAction","target":["https:\/\/www.hoogstra-autosport.nl\/product\/blackline-wokkel-sper-bmw-e46-e87-e90-188k-diff\/"]}]},{"@type":"ImageObject","inLanguage":"fr-FR","@id":"https:\/\/www.hoogstra-autosport.nl\/product\/blackline-wokkel-sper-bmw-e46-e87-e90-188k-diff\/#primaryimage","url":"https:\/\/www.hoogstra-autosport.nl\/teamkoen\/wp-content\/uploads\/2025\/09\/HLF024-HA.jpg","contentUrl":"https:\/\/www.hoogstra-autosport.nl\/teamkoen\/wp-content\/uploads\/2025\/09\/HLF024-HA.jpg","width":1000,"height":1000},{"@type":"BreadcrumbList","@id":"https:\/\/www.hoogstra-autosport.nl\/product\/blackline-wokkel-sper-bmw-e46-e87-e90-188k-diff\/#breadcrumb","itemListElement":[{"@type":"ListItem","position":1,"name":"Home","item":"https:\/\/www.hoogstra-autosport.nl\/"},{"@type":"ListItem","position":2,"name":"Motorisch","item":"https:\/\/www.hoogstra-autosport.nl\/product-categorie\/auto-techniek\/"},{"@type":"ListItem","position":3,"name":"Koppeling , Versnellingsbak en Assen","item":"https:\/\/www.hoogstra-autosport.nl\/product-categorie\/auto-techniek\/koppeling-versnellingsbak-en-assen\/"},{"@type":"ListItem","position":4,"name":"Sperdifferenti\u00eblen","item":"https:\/\/www.hoogstra-autosport.nl\/product-categorie\/auto-techniek\/koppeling-versnellingsbak-en-assen\/sperdifferentielen\/"},{"@type":"ListItem","position":5,"name":"Blackline wokkel Sper BMW (E46\/E87\/E90) 188K diff"}]},{"@type":"WebSite","@id":"https:\/\/www.hoogstra-autosport.nl\/#website","url":"https:\/\/www.hoogstra-autosport.nl\/","name":"Hoogstra Autosport","description":"Performance Autosport Parts!","potentialAction":[{"@type":"SearchAction","target":{"@type":"EntryPoint","urlTemplate":"https:\/\/www.hoogstra-autosport.nl\/?s={search_term_string}"},"query-input":{"@type":"PropertyValueSpecification","valueRequired":true,"valueName":"search_term_string"}}],"inLanguage":"fr-FR"}]}},"tiered_pricing_type":"fixed","tiered_pricing_fixed_rules":[],"tiered_pricing_product_settings":{"layout":"default","base_unit_name":{"singular":null,"plural":null},"default_variation":null},"tiered_pricing_minimum_quantity":null,"tiered_pricing_roles_data":[],"tiered_pricing_percentage_rules":[],"tiered_pricing_maximum_quantity":null,"tiered_pricing_quantity_step":null,"_links":{"self":[{"href":"https:\/\/www.hoogstra-autosport.nl\/fr\/wp-json\/wp\/v2\/product\/91293","targetHints":{"allow":["GET"]}}],"collection":[{"href":"https:\/\/www.hoogstra-autosport.nl\/fr\/wp-json\/wp\/v2\/product"}],"about":[{"href":"https:\/\/www.hoogstra-autosport.nl\/fr\/wp-json\/wp\/v2\/types\/product"}],"wp:featuredmedia":[{"embeddable":true,"href":"https:\/\/www.hoogstra-autosport.nl\/fr\/wp-json\/wp\/v2\/media\/91291"}],"wp:attachment":[{"href":"https:\/\/www.hoogstra-autosport.nl\/fr\/wp-json\/wp\/v2\/media?parent=91293"}],"wp:term":[{"taxonomy":"product_brand","embeddable":true,"href":"https:\/\/www.hoogstra-autosport.nl\/fr\/wp-json\/wp\/v2\/product_brand?post=91293"},{"taxonomy":"product_cat","embeddable":true,"href":"https:\/\/www.hoogstra-autosport.nl\/fr\/wp-json\/wp\/v2\/product_cat?post=91293"},{"taxonomy":"product_tag","embeddable":true,"href":"https:\/\/www.hoogstra-autosport.nl\/fr\/wp-json\/wp\/v2\/product_tag?post=91293"}],"curies":[{"name":"wp","href":"https:\/\/api.w.org\/{rel}","templated":true}]}}