{"id":91163,"date":"2025-09-18T14:26:36","date_gmt":"2025-09-18T12:26:36","guid":{"rendered":"https:\/\/www.hoogstra-autosport.nl\/?post_type=product&#038;p=91163"},"modified":"2025-10-23T13:27:41","modified_gmt":"2025-10-23T11:27:41","slug":"blackline-wokkel-sper-ford-focus-mk3-st-mondeo-st220","status":"publish","type":"product","link":"https:\/\/www.hoogstra-autosport.nl\/fr\/produit\/blackline-wokkel-sper-ford-focus-mk3-st-mondeo-st220\/","title":{"rendered":"Le travail en noir et blanc pour Ford (focus mk3 ST\/ Mondeo ST220)"},"content":{"rendered":"<p><span class=\"jCAhz ChMk0b\"><span class=\"ryNqvb\">Avec le diff\u00e9rentiel \u00e0 glissement limit\u00e9 Blackline <\/span><\/span><span class=\"jCAhz ChMk0b\"><span class=\"ryNqvb\">vous obtenez un effet de blocage efficace en bloquant le diff\u00e9rentiel, ce qui permet une r\u00e9partition optimale du couple entre les roues motrices.<\/span><\/span> <span class=\"jCAhz ChMk0b\"><span class=\"ryNqvb\">Il en r\u00e9sulte une meilleure traction, un meilleur contr\u00f4le du v\u00e9hicule et une dynamique de conduite globalement plus agile.<\/span><\/span> <span class=\"jCAhz ChMk0b\"><span class=\"ryNqvb\">Of u nu op zoek bent naar snelle acceleratie op het circuit of betrouwbare tractie off-road, dit sperdifferentieel zal u niet teleurstellen. Word geleverd met oliekeerringen!<\/span><\/span><\/p>\n<ul>\n<li>Vitesse de rotation \u00e9gale pour les deux roues<\/li>\n<li>Couple r\u00e9parti en fonction de la prise<\/li>\n<li>Exigences de service minimum - aucun lien<\/li>\n<li>R\u00e9action rapide par rapport aux LSD visqueux<\/li>\n<li>Mise en marche douce et progressive, faible bruit<\/li>\n<li>Contr\u00f4le facile de la ramification et de la d\u00e9rive<\/li>\n<li>Engrenages et carter en acier alli\u00e9 8620<\/li>\n<li>Remplacement direct dans un diff\u00e9rentiel standard<\/li>\n<\/ul>\n<p>Convient ;<\/p>\n<ul>\n<li>Ford Focus MK3 ST<\/li>\n<li>Ford Mondeo ST220<\/li>\n<\/ul>","protected":false},"excerpt":{"rendered":"<p>Met het Blackline sperdifferentieel krijgt u een effectief blokkeereffect door het vergrendelen van het differentieel , waardoor een optimale koppelverdeling tussen de aandrijfwielen mogelijk is. Dit resulteert in verbeterde tractie, betere voertuigcontrole en een algeheel wendbaardere rijdynamiek. Of u nu op zoek bent naar snelle acceleratie op het circuit of betrouwbare tractie off-road, dit sperdifferentieel [&hellip;]<\/p>\n","protected":false},"featured_media":91164,"template":"","meta":{"_acf_changed":false},"product_brand":[],"product_cat":[2614],"product_tag":[],"class_list":{"0":"post-91163","1":"product","2":"type-product","3":"status-publish","4":"has-post-thumbnail","6":"product_cat-sperdifferentielen","7":"product_shipping_class-4016","9":"first","10":"instock","11":"taxable","12":"shipping-taxable","13":"purchasable","14":"product-type-simple"},"acf":[],"yoast_head":"<!-- This site is optimized with the Yoast SEO plugin v27.1.1 - https:\/\/yoast.com\/product\/yoast-seo-wordpress\/ -->\n<title>Blackline wokkel Sper Ford (focus mk3 ST\/ Mondeo ST220) - Hoogstra Autosport<\/title>\n<meta name=\"robots\" content=\"index, follow, max-snippet:-1, max-image-preview:large, max-video-preview:-1\" \/>\n<link rel=\"canonical\" href=\"https:\/\/www.hoogstra-autosport.nl\/fr\/produit\/blackline-wokkel-sper-ford-focus-mk3-st-mondeo-st220\/\" \/>\n<meta property=\"og:locale\" content=\"fr_FR\" \/>\n<meta property=\"og:type\" content=\"article\" \/>\n<meta property=\"og:title\" content=\"Blackline wokkel Sper Ford (focus mk3 ST\/ Mondeo ST220) - Hoogstra Autosport\" \/>\n<meta property=\"og:description\" content=\"Met het Blackline sperdifferentieel krijgt u een effectief blokkeereffect door het vergrendelen van het differentieel , waardoor een optimale koppelverdeling tussen de aandrijfwielen mogelijk is. Dit resulteert in verbeterde tractie, betere voertuigcontrole en een algeheel wendbaardere rijdynamiek. Of u nu op zoek bent naar snelle acceleratie op het circuit of betrouwbare tractie off-road, dit sperdifferentieel [&hellip;]\" \/>\n<meta property=\"og:url\" content=\"https:\/\/www.hoogstra-autosport.nl\/fr\/produit\/blackline-wokkel-sper-ford-focus-mk3-st-mondeo-st220\/\" \/>\n<meta property=\"og:site_name\" content=\"Hoogstra Autosport\" \/>\n<meta property=\"article:modified_time\" content=\"2025-10-23T11:27:41+00:00\" \/>\n<meta property=\"og:image\" content=\"https:\/\/www.hoogstra-autosport.nl\/teamkoen\/wp-content\/uploads\/2025\/09\/HLF195_1.jpg\" \/>\n\t<meta property=\"og:image:width\" content=\"1000\" \/>\n\t<meta property=\"og:image:height\" content=\"1000\" \/>\n\t<meta property=\"og:image:type\" content=\"image\/jpeg\" \/>\n<meta name=\"twitter:card\" content=\"summary_large_image\" \/>\n<meta name=\"twitter:label1\" content=\"Dur\u00e9e de lecture estim\u00e9e\" \/>\n\t<meta name=\"twitter:data1\" content=\"1 minute\" \/>\n<script type=\"application\/ld+json\" class=\"yoast-schema-graph\">{\"@context\":\"https:\/\/schema.org\",\"@graph\":[{\"@type\":\"WebPage\",\"@id\":\"https:\/\/www.hoogstra-autosport.nl\/product\/blackline-wokkel-sper-ford-focus-mk3-st-mondeo-st220\/\",\"url\":\"https:\/\/www.hoogstra-autosport.nl\/product\/blackline-wokkel-sper-ford-focus-mk3-st-mondeo-st220\/\",\"name\":\"Blackline wokkel Sper Ford (focus mk3 ST\/ Mondeo ST220) - Hoogstra Autosport\",\"isPartOf\":{\"@id\":\"https:\/\/www.hoogstra-autosport.nl\/#website\"},\"primaryImageOfPage\":{\"@id\":\"https:\/\/www.hoogstra-autosport.nl\/product\/blackline-wokkel-sper-ford-focus-mk3-st-mondeo-st220\/#primaryimage\"},\"image\":{\"@id\":\"https:\/\/www.hoogstra-autosport.nl\/product\/blackline-wokkel-sper-ford-focus-mk3-st-mondeo-st220\/#primaryimage\"},\"thumbnailUrl\":\"https:\/\/www.hoogstra-autosport.nl\/teamkoen\/wp-content\/uploads\/2025\/09\/HLF195_1.jpg\",\"datePublished\":\"2025-09-18T12:26:36+00:00\",\"dateModified\":\"2025-10-23T11:27:41+00:00\",\"breadcrumb\":{\"@id\":\"https:\/\/www.hoogstra-autosport.nl\/product\/blackline-wokkel-sper-ford-focus-mk3-st-mondeo-st220\/#breadcrumb\"},\"inLanguage\":\"fr-FR\",\"potentialAction\":[{\"@type\":\"ReadAction\",\"target\":[\"https:\/\/www.hoogstra-autosport.nl\/product\/blackline-wokkel-sper-ford-focus-mk3-st-mondeo-st220\/\"]}]},{\"@type\":\"ImageObject\",\"inLanguage\":\"fr-FR\",\"@id\":\"https:\/\/www.hoogstra-autosport.nl\/product\/blackline-wokkel-sper-ford-focus-mk3-st-mondeo-st220\/#primaryimage\",\"url\":\"https:\/\/www.hoogstra-autosport.nl\/teamkoen\/wp-content\/uploads\/2025\/09\/HLF195_1.jpg\",\"contentUrl\":\"https:\/\/www.hoogstra-autosport.nl\/teamkoen\/wp-content\/uploads\/2025\/09\/HLF195_1.jpg\",\"width\":1000,\"height\":1000},{\"@type\":\"BreadcrumbList\",\"@id\":\"https:\/\/www.hoogstra-autosport.nl\/product\/blackline-wokkel-sper-ford-focus-mk3-st-mondeo-st220\/#breadcrumb\",\"itemListElement\":[{\"@type\":\"ListItem\",\"position\":1,\"name\":\"Home\",\"item\":\"https:\/\/www.hoogstra-autosport.nl\/\"},{\"@type\":\"ListItem\",\"position\":2,\"name\":\"Motorisch\",\"item\":\"https:\/\/www.hoogstra-autosport.nl\/product-categorie\/auto-techniek\/\"},{\"@type\":\"ListItem\",\"position\":3,\"name\":\"Koppeling , Versnellingsbak en Assen\",\"item\":\"https:\/\/www.hoogstra-autosport.nl\/product-categorie\/auto-techniek\/koppeling-versnellingsbak-en-assen\/\"},{\"@type\":\"ListItem\",\"position\":4,\"name\":\"Sperdifferenti\u00eblen\",\"item\":\"https:\/\/www.hoogstra-autosport.nl\/product-categorie\/auto-techniek\/koppeling-versnellingsbak-en-assen\/sperdifferentielen\/\"},{\"@type\":\"ListItem\",\"position\":5,\"name\":\"Blackline wokkel Sper Ford (focus mk3 ST\/ Mondeo ST220)\"}]},{\"@type\":\"WebSite\",\"@id\":\"https:\/\/www.hoogstra-autosport.nl\/#website\",\"url\":\"https:\/\/www.hoogstra-autosport.nl\/\",\"name\":\"Hoogstra Autosport\",\"description\":\"Performance Autosport Parts!\",\"potentialAction\":[{\"@type\":\"SearchAction\",\"target\":{\"@type\":\"EntryPoint\",\"urlTemplate\":\"https:\/\/www.hoogstra-autosport.nl\/?s={search_term_string}\"},\"query-input\":{\"@type\":\"PropertyValueSpecification\",\"valueRequired\":true,\"valueName\":\"search_term_string\"}}],\"inLanguage\":\"fr-FR\"}]}<\/script>\n<!-- \/ Yoast SEO plugin. -->","yoast_head_json":{"title":"Blackline wokkel Sper Ford (focus mk3 ST\/ Mondeo ST220) - Hoogstra Autosport","robots":{"index":"index","follow":"follow","max-snippet":"max-snippet:-1","max-image-preview":"max-image-preview:large","max-video-preview":"max-video-preview:-1"},"canonical":"https:\/\/www.hoogstra-autosport.nl\/fr\/produit\/blackline-wokkel-sper-ford-focus-mk3-st-mondeo-st220\/","og_locale":"fr_FR","og_type":"article","og_title":"Blackline wokkel Sper Ford (focus mk3 ST\/ Mondeo ST220) - Hoogstra Autosport","og_description":"Met het Blackline sperdifferentieel krijgt u een effectief blokkeereffect door het vergrendelen van het differentieel , waardoor een optimale koppelverdeling tussen de aandrijfwielen mogelijk is. Dit resulteert in verbeterde tractie, betere voertuigcontrole en een algeheel wendbaardere rijdynamiek. Of u nu op zoek bent naar snelle acceleratie op het circuit of betrouwbare tractie off-road, dit sperdifferentieel [&hellip;]","og_url":"https:\/\/www.hoogstra-autosport.nl\/fr\/produit\/blackline-wokkel-sper-ford-focus-mk3-st-mondeo-st220\/","og_site_name":"Hoogstra Autosport","article_modified_time":"2025-10-23T11:27:41+00:00","og_image":[{"width":1000,"height":1000,"url":"https:\/\/www.hoogstra-autosport.nl\/teamkoen\/wp-content\/uploads\/2025\/09\/HLF195_1.jpg","type":"image\/jpeg"}],"twitter_card":"summary_large_image","twitter_misc":{"Dur\u00e9e de lecture estim\u00e9e":"1 minute"},"schema":{"@context":"https:\/\/schema.org","@graph":[{"@type":"WebPage","@id":"https:\/\/www.hoogstra-autosport.nl\/product\/blackline-wokkel-sper-ford-focus-mk3-st-mondeo-st220\/","url":"https:\/\/www.hoogstra-autosport.nl\/product\/blackline-wokkel-sper-ford-focus-mk3-st-mondeo-st220\/","name":"Blackline wokkel Sper Ford (focus mk3 ST\/ Mondeo ST220) - Hoogstra Autosport","isPartOf":{"@id":"https:\/\/www.hoogstra-autosport.nl\/#website"},"primaryImageOfPage":{"@id":"https:\/\/www.hoogstra-autosport.nl\/product\/blackline-wokkel-sper-ford-focus-mk3-st-mondeo-st220\/#primaryimage"},"image":{"@id":"https:\/\/www.hoogstra-autosport.nl\/product\/blackline-wokkel-sper-ford-focus-mk3-st-mondeo-st220\/#primaryimage"},"thumbnailUrl":"https:\/\/www.hoogstra-autosport.nl\/teamkoen\/wp-content\/uploads\/2025\/09\/HLF195_1.jpg","datePublished":"2025-09-18T12:26:36+00:00","dateModified":"2025-10-23T11:27:41+00:00","breadcrumb":{"@id":"https:\/\/www.hoogstra-autosport.nl\/product\/blackline-wokkel-sper-ford-focus-mk3-st-mondeo-st220\/#breadcrumb"},"inLanguage":"fr-FR","potentialAction":[{"@type":"ReadAction","target":["https:\/\/www.hoogstra-autosport.nl\/product\/blackline-wokkel-sper-ford-focus-mk3-st-mondeo-st220\/"]}]},{"@type":"ImageObject","inLanguage":"fr-FR","@id":"https:\/\/www.hoogstra-autosport.nl\/product\/blackline-wokkel-sper-ford-focus-mk3-st-mondeo-st220\/#primaryimage","url":"https:\/\/www.hoogstra-autosport.nl\/teamkoen\/wp-content\/uploads\/2025\/09\/HLF195_1.jpg","contentUrl":"https:\/\/www.hoogstra-autosport.nl\/teamkoen\/wp-content\/uploads\/2025\/09\/HLF195_1.jpg","width":1000,"height":1000},{"@type":"BreadcrumbList","@id":"https:\/\/www.hoogstra-autosport.nl\/product\/blackline-wokkel-sper-ford-focus-mk3-st-mondeo-st220\/#breadcrumb","itemListElement":[{"@type":"ListItem","position":1,"name":"Home","item":"https:\/\/www.hoogstra-autosport.nl\/"},{"@type":"ListItem","position":2,"name":"Motorisch","item":"https:\/\/www.hoogstra-autosport.nl\/product-categorie\/auto-techniek\/"},{"@type":"ListItem","position":3,"name":"Koppeling , Versnellingsbak en Assen","item":"https:\/\/www.hoogstra-autosport.nl\/product-categorie\/auto-techniek\/koppeling-versnellingsbak-en-assen\/"},{"@type":"ListItem","position":4,"name":"Sperdifferenti\u00eblen","item":"https:\/\/www.hoogstra-autosport.nl\/product-categorie\/auto-techniek\/koppeling-versnellingsbak-en-assen\/sperdifferentielen\/"},{"@type":"ListItem","position":5,"name":"Blackline wokkel Sper Ford (focus mk3 ST\/ Mondeo ST220)"}]},{"@type":"WebSite","@id":"https:\/\/www.hoogstra-autosport.nl\/#website","url":"https:\/\/www.hoogstra-autosport.nl\/","name":"Hoogstra Autosport","description":"Performance Autosport Parts!","potentialAction":[{"@type":"SearchAction","target":{"@type":"EntryPoint","urlTemplate":"https:\/\/www.hoogstra-autosport.nl\/?s={search_term_string}"},"query-input":{"@type":"PropertyValueSpecification","valueRequired":true,"valueName":"search_term_string"}}],"inLanguage":"fr-FR"}]}},"tiered_pricing_type":"fixed","tiered_pricing_fixed_rules":[],"tiered_pricing_product_settings":{"layout":"default","base_unit_name":{"singular":null,"plural":null},"default_variation":null},"tiered_pricing_minimum_quantity":null,"tiered_pricing_roles_data":[],"tiered_pricing_percentage_rules":[],"tiered_pricing_maximum_quantity":null,"tiered_pricing_quantity_step":null,"_links":{"self":[{"href":"https:\/\/www.hoogstra-autosport.nl\/fr\/wp-json\/wp\/v2\/product\/91163","targetHints":{"allow":["GET"]}}],"collection":[{"href":"https:\/\/www.hoogstra-autosport.nl\/fr\/wp-json\/wp\/v2\/product"}],"about":[{"href":"https:\/\/www.hoogstra-autosport.nl\/fr\/wp-json\/wp\/v2\/types\/product"}],"wp:featuredmedia":[{"embeddable":true,"href":"https:\/\/www.hoogstra-autosport.nl\/fr\/wp-json\/wp\/v2\/media\/91164"}],"wp:attachment":[{"href":"https:\/\/www.hoogstra-autosport.nl\/fr\/wp-json\/wp\/v2\/media?parent=91163"}],"wp:term":[{"taxonomy":"product_brand","embeddable":true,"href":"https:\/\/www.hoogstra-autosport.nl\/fr\/wp-json\/wp\/v2\/product_brand?post=91163"},{"taxonomy":"product_cat","embeddable":true,"href":"https:\/\/www.hoogstra-autosport.nl\/fr\/wp-json\/wp\/v2\/product_cat?post=91163"},{"taxonomy":"product_tag","embeddable":true,"href":"https:\/\/www.hoogstra-autosport.nl\/fr\/wp-json\/wp\/v2\/product_tag?post=91163"}],"curies":[{"name":"wp","href":"https:\/\/api.w.org\/{rel}","templated":true}]}}