{"id":90925,"date":"2025-09-15T10:32:58","date_gmt":"2025-09-15T08:32:58","guid":{"rendered":"https:\/\/www.hoogstra-autosport.nl\/?post_type=product&#038;p=90925"},"modified":"2026-01-12T17:12:15","modified_gmt":"2026-01-12T16:12:15","slug":"bell-helm-gt6-sport","status":"publish","type":"product","link":"https:\/\/www.hoogstra-autosport.nl\/fr\/produit\/bell-helm-gt6-sport\/","title":{"rendered":"Casque Bell GT6 Sport"},"content":{"rendered":"<p data-start=\"82\" data-end=\"121\"><strong data-start=\"82\" data-end=\"119\">Bell GT6 Sport - Casque de course int\u00e9gral<\/strong><\/p>\n<p data-start=\"123\" data-end=\"368\">Le <strong data-start=\"126\" data-end=\"142\">Bell GT6 Sport<\/strong> est le casque des conducteurs d'autocars, de GT et d'autres v\u00e9hicules ferm\u00e9s. Gr\u00e2ce \u00e0 la <strong data-start=\"231\" data-end=\"278\">coque l\u00e9g\u00e8re en fibre de verre<\/strong> et le <strong data-start=\"286\" data-end=\"311\">conception a\u00e9rodynamique<\/strong> vous b\u00e9n\u00e9ficiez de performances optimales et d'une s\u00e9curit\u00e9 maximale.<\/p>\n<p data-start=\"370\" data-end=\"549\">\u2714 Large champ de vision pour une visibilit\u00e9 optimale<br data-start=\"410\" data-end=\"413\" \/>\u2714 Confortable gr\u00e2ce \u00e0 une doublure de haute qualit\u00e9<br data-start=\"460\" data-end=\"463\" \/>\u2714 Excellente ventilation et flux d'air frais<br data-start=\"509\" data-end=\"512\" \/>\u2714 Clips HANS en option<\/p>\n<p data-start=\"551\" data-end=\"639\">Avec la Bell GT6 Sport, vous montez dans la voiture en toute confiance. <strong data-start=\"609\" data-end=\"637\">Pr\u00eat pour la course d\u00e8s le premier jour !<\/strong><\/p>","protected":false},"excerpt":{"rendered":"<p>Bell GT6 Sport \u2013 Full-Face Racehelm De Bell GT6 Sport is d\u00e9 helm voor coureurs in touringcars, GT\u2019s en andere gesloten voertuigen. Dankzij de lichtgewicht Glasvezel schaal en het aerodynamische design profiteer je van topprestaties en maximale veiligheid. \u2714 Groot gezichtsveld voor optimaal zicht\u2714 Comfortabele pasvorm met hoogwaardige voering\u2714 Uitstekende ventilatie en frisse luchtstroom\u2714 HANS-clips [&hellip;]<\/p>\n","protected":false},"featured_media":90927,"template":"","meta":{"_acf_changed":false},"product_brand":[],"product_cat":[3970],"product_tag":[],"class_list":{"0":"post-90925","1":"product","2":"type-product","3":"status-publish","4":"has-post-thumbnail","6":"product_cat-bell-integraalhelmen-fia","7":"product_shipping_class-4016","9":"first","10":"instock","11":"taxable","12":"shipping-taxable","13":"purchasable","14":"product-type-variable"},"acf":[],"yoast_head":"<!-- This site is optimized with the Yoast SEO plugin v27.1.1 - https:\/\/yoast.com\/product\/yoast-seo-wordpress\/ -->\n<title>Bell Helm GT6 Sport - Hoogstra Autosport<\/title>\n<meta name=\"robots\" content=\"index, follow, max-snippet:-1, max-image-preview:large, max-video-preview:-1\" \/>\n<link rel=\"canonical\" href=\"https:\/\/www.hoogstra-autosport.nl\/fr\/produit\/bell-helm-gt6-sport\/\" \/>\n<meta property=\"og:locale\" content=\"fr_FR\" \/>\n<meta property=\"og:type\" content=\"article\" \/>\n<meta property=\"og:title\" content=\"Bell Helm GT6 Sport - Hoogstra Autosport\" \/>\n<meta property=\"og:description\" content=\"Bell GT6 Sport \u2013 Full-Face Racehelm De Bell GT6 Sport is d\u00e9 helm voor coureurs in touringcars, GT\u2019s en andere gesloten voertuigen. Dankzij de lichtgewicht Glasvezel schaal en het aerodynamische design profiteer je van topprestaties en maximale veiligheid. \u2714 Groot gezichtsveld voor optimaal zicht\u2714 Comfortabele pasvorm met hoogwaardige voering\u2714 Uitstekende ventilatie en frisse luchtstroom\u2714 HANS-clips [&hellip;]\" \/>\n<meta property=\"og:url\" content=\"https:\/\/www.hoogstra-autosport.nl\/fr\/produit\/bell-helm-gt6-sport\/\" \/>\n<meta property=\"og:site_name\" content=\"Hoogstra Autosport\" \/>\n<meta property=\"article:modified_time\" content=\"2026-01-12T16:12:15+00:00\" \/>\n<meta property=\"og:image\" content=\"https:\/\/www.hoogstra-autosport.nl\/teamkoen\/wp-content\/uploads\/2025\/09\/GT-6-Sport.jpg\" \/>\n\t<meta property=\"og:image:width\" content=\"1000\" \/>\n\t<meta property=\"og:image:height\" content=\"1000\" \/>\n\t<meta property=\"og:image:type\" content=\"image\/jpeg\" \/>\n<meta name=\"twitter:card\" content=\"summary_large_image\" \/>\n<meta name=\"twitter:label1\" content=\"Dur\u00e9e de lecture estim\u00e9e\" \/>\n\t<meta name=\"twitter:data1\" content=\"1 minute\" \/>\n<script type=\"application\/ld+json\" class=\"yoast-schema-graph\">{\"@context\":\"https:\/\/schema.org\",\"@graph\":[{\"@type\":\"WebPage\",\"@id\":\"https:\/\/www.hoogstra-autosport.nl\/product\/bell-helm-gt6-sport\/\",\"url\":\"https:\/\/www.hoogstra-autosport.nl\/product\/bell-helm-gt6-sport\/\",\"name\":\"Bell Helm GT6 Sport - Hoogstra Autosport\",\"isPartOf\":{\"@id\":\"https:\/\/www.hoogstra-autosport.nl\/#website\"},\"primaryImageOfPage\":{\"@id\":\"https:\/\/www.hoogstra-autosport.nl\/product\/bell-helm-gt6-sport\/#primaryimage\"},\"image\":{\"@id\":\"https:\/\/www.hoogstra-autosport.nl\/product\/bell-helm-gt6-sport\/#primaryimage\"},\"thumbnailUrl\":\"https:\/\/www.hoogstra-autosport.nl\/teamkoen\/wp-content\/uploads\/2025\/09\/GT-6-Sport.jpg\",\"datePublished\":\"2025-09-15T08:32:58+00:00\",\"dateModified\":\"2026-01-12T16:12:15+00:00\",\"breadcrumb\":{\"@id\":\"https:\/\/www.hoogstra-autosport.nl\/product\/bell-helm-gt6-sport\/#breadcrumb\"},\"inLanguage\":\"fr-FR\",\"potentialAction\":[{\"@type\":\"ReadAction\",\"target\":[\"https:\/\/www.hoogstra-autosport.nl\/product\/bell-helm-gt6-sport\/\"]}]},{\"@type\":\"ImageObject\",\"inLanguage\":\"fr-FR\",\"@id\":\"https:\/\/www.hoogstra-autosport.nl\/product\/bell-helm-gt6-sport\/#primaryimage\",\"url\":\"https:\/\/www.hoogstra-autosport.nl\/teamkoen\/wp-content\/uploads\/2025\/09\/GT-6-Sport.jpg\",\"contentUrl\":\"https:\/\/www.hoogstra-autosport.nl\/teamkoen\/wp-content\/uploads\/2025\/09\/GT-6-Sport.jpg\",\"width\":1000,\"height\":1000},{\"@type\":\"BreadcrumbList\",\"@id\":\"https:\/\/www.hoogstra-autosport.nl\/product\/bell-helm-gt6-sport\/#breadcrumb\",\"itemListElement\":[{\"@type\":\"ListItem\",\"position\":1,\"name\":\"Home\",\"item\":\"https:\/\/www.hoogstra-autosport.nl\/\"},{\"@type\":\"ListItem\",\"position\":2,\"name\":\"Uitrusting\",\"item\":\"https:\/\/www.hoogstra-autosport.nl\/product-categorie\/autosport-kleding-helmen\/\"},{\"@type\":\"ListItem\",\"position\":3,\"name\":\"Helmen\",\"item\":\"https:\/\/www.hoogstra-autosport.nl\/product-categorie\/autosport-kleding-helmen\/helmen\/\"},{\"@type\":\"ListItem\",\"position\":4,\"name\":\"FIA Integraal Helmen\",\"item\":\"https:\/\/www.hoogstra-autosport.nl\/product-categorie\/autosport-kleding-helmen\/helmen\/integraal-helmen-fia\/\"},{\"@type\":\"ListItem\",\"position\":5,\"name\":\"Bell Integraalhelmen FIA\",\"item\":\"https:\/\/www.hoogstra-autosport.nl\/product-categorie\/autosport-kleding-helmen\/helmen\/integraal-helmen-fia\/bell-integraalhelmen-fia\/\"},{\"@type\":\"ListItem\",\"position\":6,\"name\":\"Bell Helm GT6 Sport\"}]},{\"@type\":\"WebSite\",\"@id\":\"https:\/\/www.hoogstra-autosport.nl\/#website\",\"url\":\"https:\/\/www.hoogstra-autosport.nl\/\",\"name\":\"Hoogstra Autosport\",\"description\":\"Performance Autosport Parts!\",\"potentialAction\":[{\"@type\":\"SearchAction\",\"target\":{\"@type\":\"EntryPoint\",\"urlTemplate\":\"https:\/\/www.hoogstra-autosport.nl\/?s={search_term_string}\"},\"query-input\":{\"@type\":\"PropertyValueSpecification\",\"valueRequired\":true,\"valueName\":\"search_term_string\"}}],\"inLanguage\":\"fr-FR\"}]}<\/script>\n<!-- \/ Yoast SEO plugin. -->","yoast_head_json":{"title":"Bell Helm GT6 Sport - Hoogstra Autosport","robots":{"index":"index","follow":"follow","max-snippet":"max-snippet:-1","max-image-preview":"max-image-preview:large","max-video-preview":"max-video-preview:-1"},"canonical":"https:\/\/www.hoogstra-autosport.nl\/fr\/produit\/bell-helm-gt6-sport\/","og_locale":"fr_FR","og_type":"article","og_title":"Bell Helm GT6 Sport - Hoogstra Autosport","og_description":"Bell GT6 Sport \u2013 Full-Face Racehelm De Bell GT6 Sport is d\u00e9 helm voor coureurs in touringcars, GT\u2019s en andere gesloten voertuigen. Dankzij de lichtgewicht Glasvezel schaal en het aerodynamische design profiteer je van topprestaties en maximale veiligheid. \u2714 Groot gezichtsveld voor optimaal zicht\u2714 Comfortabele pasvorm met hoogwaardige voering\u2714 Uitstekende ventilatie en frisse luchtstroom\u2714 HANS-clips [&hellip;]","og_url":"https:\/\/www.hoogstra-autosport.nl\/fr\/produit\/bell-helm-gt6-sport\/","og_site_name":"Hoogstra Autosport","article_modified_time":"2026-01-12T16:12:15+00:00","og_image":[{"width":1000,"height":1000,"url":"https:\/\/www.hoogstra-autosport.nl\/teamkoen\/wp-content\/uploads\/2025\/09\/GT-6-Sport.jpg","type":"image\/jpeg"}],"twitter_card":"summary_large_image","twitter_misc":{"Dur\u00e9e de lecture estim\u00e9e":"1 minute"},"schema":{"@context":"https:\/\/schema.org","@graph":[{"@type":"WebPage","@id":"https:\/\/www.hoogstra-autosport.nl\/product\/bell-helm-gt6-sport\/","url":"https:\/\/www.hoogstra-autosport.nl\/product\/bell-helm-gt6-sport\/","name":"Bell Helm GT6 Sport - Hoogstra Autosport","isPartOf":{"@id":"https:\/\/www.hoogstra-autosport.nl\/#website"},"primaryImageOfPage":{"@id":"https:\/\/www.hoogstra-autosport.nl\/product\/bell-helm-gt6-sport\/#primaryimage"},"image":{"@id":"https:\/\/www.hoogstra-autosport.nl\/product\/bell-helm-gt6-sport\/#primaryimage"},"thumbnailUrl":"https:\/\/www.hoogstra-autosport.nl\/teamkoen\/wp-content\/uploads\/2025\/09\/GT-6-Sport.jpg","datePublished":"2025-09-15T08:32:58+00:00","dateModified":"2026-01-12T16:12:15+00:00","breadcrumb":{"@id":"https:\/\/www.hoogstra-autosport.nl\/product\/bell-helm-gt6-sport\/#breadcrumb"},"inLanguage":"fr-FR","potentialAction":[{"@type":"ReadAction","target":["https:\/\/www.hoogstra-autosport.nl\/product\/bell-helm-gt6-sport\/"]}]},{"@type":"ImageObject","inLanguage":"fr-FR","@id":"https:\/\/www.hoogstra-autosport.nl\/product\/bell-helm-gt6-sport\/#primaryimage","url":"https:\/\/www.hoogstra-autosport.nl\/teamkoen\/wp-content\/uploads\/2025\/09\/GT-6-Sport.jpg","contentUrl":"https:\/\/www.hoogstra-autosport.nl\/teamkoen\/wp-content\/uploads\/2025\/09\/GT-6-Sport.jpg","width":1000,"height":1000},{"@type":"BreadcrumbList","@id":"https:\/\/www.hoogstra-autosport.nl\/product\/bell-helm-gt6-sport\/#breadcrumb","itemListElement":[{"@type":"ListItem","position":1,"name":"Home","item":"https:\/\/www.hoogstra-autosport.nl\/"},{"@type":"ListItem","position":2,"name":"Uitrusting","item":"https:\/\/www.hoogstra-autosport.nl\/product-categorie\/autosport-kleding-helmen\/"},{"@type":"ListItem","position":3,"name":"Helmen","item":"https:\/\/www.hoogstra-autosport.nl\/product-categorie\/autosport-kleding-helmen\/helmen\/"},{"@type":"ListItem","position":4,"name":"FIA Integraal Helmen","item":"https:\/\/www.hoogstra-autosport.nl\/product-categorie\/autosport-kleding-helmen\/helmen\/integraal-helmen-fia\/"},{"@type":"ListItem","position":5,"name":"Bell Integraalhelmen FIA","item":"https:\/\/www.hoogstra-autosport.nl\/product-categorie\/autosport-kleding-helmen\/helmen\/integraal-helmen-fia\/bell-integraalhelmen-fia\/"},{"@type":"ListItem","position":6,"name":"Bell Helm GT6 Sport"}]},{"@type":"WebSite","@id":"https:\/\/www.hoogstra-autosport.nl\/#website","url":"https:\/\/www.hoogstra-autosport.nl\/","name":"Hoogstra Autosport","description":"Performance Autosport Parts!","potentialAction":[{"@type":"SearchAction","target":{"@type":"EntryPoint","urlTemplate":"https:\/\/www.hoogstra-autosport.nl\/?s={search_term_string}"},"query-input":{"@type":"PropertyValueSpecification","valueRequired":true,"valueName":"search_term_string"}}],"inLanguage":"fr-FR"}]}},"tiered_pricing_type":"fixed","tiered_pricing_fixed_rules":[],"tiered_pricing_product_settings":{"layout":"default","base_unit_name":{"singular":null,"plural":null},"default_variation":null},"tiered_pricing_minimum_quantity":null,"tiered_pricing_roles_data":[],"tiered_pricing_percentage_rules":[],"tiered_pricing_maximum_quantity":null,"tiered_pricing_quantity_step":null,"_links":{"self":[{"href":"https:\/\/www.hoogstra-autosport.nl\/fr\/wp-json\/wp\/v2\/product\/90925","targetHints":{"allow":["GET"]}}],"collection":[{"href":"https:\/\/www.hoogstra-autosport.nl\/fr\/wp-json\/wp\/v2\/product"}],"about":[{"href":"https:\/\/www.hoogstra-autosport.nl\/fr\/wp-json\/wp\/v2\/types\/product"}],"wp:featuredmedia":[{"embeddable":true,"href":"https:\/\/www.hoogstra-autosport.nl\/fr\/wp-json\/wp\/v2\/media\/90927"}],"wp:attachment":[{"href":"https:\/\/www.hoogstra-autosport.nl\/fr\/wp-json\/wp\/v2\/media?parent=90925"}],"wp:term":[{"taxonomy":"product_brand","embeddable":true,"href":"https:\/\/www.hoogstra-autosport.nl\/fr\/wp-json\/wp\/v2\/product_brand?post=90925"},{"taxonomy":"product_cat","embeddable":true,"href":"https:\/\/www.hoogstra-autosport.nl\/fr\/wp-json\/wp\/v2\/product_cat?post=90925"},{"taxonomy":"product_tag","embeddable":true,"href":"https:\/\/www.hoogstra-autosport.nl\/fr\/wp-json\/wp\/v2\/product_tag?post=90925"}],"curies":[{"name":"wp","href":"https:\/\/api.w.org\/{rel}","templated":true}]}}