{"id":90587,"date":"2025-09-11T15:18:20","date_gmt":"2025-09-11T13:18:20","guid":{"rendered":"https:\/\/www.hoogstra-autosport.nl\/?post_type=product&#038;p=90587"},"modified":"2025-09-11T15:29:46","modified_gmt":"2025-09-11T13:29:46","slug":"sparco-k-pole-zwart-geel","status":"publish","type":"product","link":"https:\/\/www.hoogstra-autosport.nl\/fr\/produit\/sparco-k-pole-zwart-geel\/","title":{"rendered":"Sparco K-Pole (Noir\/Jaune)"},"content":{"rendered":"<p>La chaussure de karting Sparco K-POLE de hauteur moyenne a un design sportif et moderne et est fabriqu\u00e9e en microfibre fine, douce et l\u00e9g\u00e8re. Pour plus de respirabilit\u00e9 et de confort, les panneaux lat\u00e9raux sont perfor\u00e9s. La coupe est particuli\u00e8rement ergonomique et la semelle int\u00e9rieure de forme anatomique offre un soutien parfait. Gr\u00e2ce \u00e0 sa semelle innovante en caoutchouc naturel, le Sparco K-POLE offre une adh\u00e9rence maximale, m\u00eame sur les surfaces mouill\u00e9es ou tach\u00e9es d'huile.<\/p>","protected":false},"excerpt":{"rendered":"<p>De middelhoge Sparco Kartschoen K-POLE heeft een sportief, modern design en is gemaakt van fijn, zacht en licht microvezelmateriaal. Voor extra ademend vermogen en comfort zijn de zijdelen voorzien van perforaties. De pasvorm is bijzonder ergonomisch en de anatomisch gevormde binnenzool zorgt voor perfecte ondersteuning. Dankzij de innovatieve zool van natuurrubber biedt de Sparco K-POLE [&hellip;]<\/p>\n","protected":false},"featured_media":90568,"template":"","meta":{"_acf_changed":false},"product_brand":[],"product_cat":[3981,3979],"product_tag":[],"class_list":{"0":"post-90587","1":"product","2":"type-product","3":"status-publish","4":"has-post-thumbnail","6":"product_cat-sparco-kartschoenen","7":"product_cat-sparco-schoenen","8":"product_shipping_class-4016","10":"first","11":"instock","12":"taxable","13":"shipping-taxable","14":"purchasable","15":"product-type-variable"},"acf":[],"yoast_head":"<!-- This site is optimized with the Yoast SEO plugin v27.1.1 - https:\/\/yoast.com\/product\/yoast-seo-wordpress\/ -->\n<title>Sparco K-Pole (Zwart\/Geel) - Hoogstra Autosport<\/title>\n<meta name=\"robots\" content=\"index, follow, max-snippet:-1, max-image-preview:large, max-video-preview:-1\" \/>\n<link rel=\"canonical\" href=\"https:\/\/www.hoogstra-autosport.nl\/fr\/produit\/sparco-k-pole-zwart-geel\/\" \/>\n<meta property=\"og:locale\" content=\"fr_FR\" \/>\n<meta property=\"og:type\" content=\"article\" \/>\n<meta property=\"og:title\" content=\"Sparco K-Pole (Zwart\/Geel) - Hoogstra Autosport\" \/>\n<meta property=\"og:description\" content=\"De middelhoge Sparco Kartschoen K-POLE heeft een sportief, modern design en is gemaakt van fijn, zacht en licht microvezelmateriaal. Voor extra ademend vermogen en comfort zijn de zijdelen voorzien van perforaties. De pasvorm is bijzonder ergonomisch en de anatomisch gevormde binnenzool zorgt voor perfecte ondersteuning. Dankzij de innovatieve zool van natuurrubber biedt de Sparco K-POLE [&hellip;]\" \/>\n<meta property=\"og:url\" content=\"https:\/\/www.hoogstra-autosport.nl\/fr\/produit\/sparco-k-pole-zwart-geel\/\" \/>\n<meta property=\"og:site_name\" content=\"Hoogstra Autosport\" \/>\n<meta property=\"article:modified_time\" content=\"2025-09-11T13:29:46+00:00\" \/>\n<meta property=\"og:image\" content=\"https:\/\/www.hoogstra-autosport.nl\/teamkoen\/content\/uploads\/2025\/09\/sparco-k-pole-zwart-geel.jpg\" \/>\n\t<meta property=\"og:image:width\" content=\"1000\" \/>\n\t<meta property=\"og:image:height\" content=\"1000\" \/>\n\t<meta property=\"og:image:type\" content=\"image\/jpeg\" \/>\n<meta name=\"twitter:card\" content=\"summary_large_image\" \/>\n<meta name=\"twitter:label1\" content=\"Dur\u00e9e de lecture estim\u00e9e\" \/>\n\t<meta name=\"twitter:data1\" content=\"1 minute\" \/>\n<script type=\"application\/ld+json\" class=\"yoast-schema-graph\">{\"@context\":\"https:\/\/schema.org\",\"@graph\":[{\"@type\":\"WebPage\",\"@id\":\"https:\/\/www.hoogstra-autosport.nl\/product\/sparco-k-pole-zwart-geel\/\",\"url\":\"https:\/\/www.hoogstra-autosport.nl\/product\/sparco-k-pole-zwart-geel\/\",\"name\":\"Sparco K-Pole (Zwart\/Geel) - Hoogstra Autosport\",\"isPartOf\":{\"@id\":\"https:\/\/www.hoogstra-autosport.nl\/#website\"},\"primaryImageOfPage\":{\"@id\":\"https:\/\/www.hoogstra-autosport.nl\/product\/sparco-k-pole-zwart-geel\/#primaryimage\"},\"image\":{\"@id\":\"https:\/\/www.hoogstra-autosport.nl\/product\/sparco-k-pole-zwart-geel\/#primaryimage\"},\"thumbnailUrl\":\"https:\/\/www.hoogstra-autosport.nl\/teamkoen\/wp-content\/uploads\/2025\/09\/sparco-k-pole-zwart-geel.jpg\",\"datePublished\":\"2025-09-11T13:18:20+00:00\",\"dateModified\":\"2025-09-11T13:29:46+00:00\",\"breadcrumb\":{\"@id\":\"https:\/\/www.hoogstra-autosport.nl\/product\/sparco-k-pole-zwart-geel\/#breadcrumb\"},\"inLanguage\":\"fr-FR\",\"potentialAction\":[{\"@type\":\"ReadAction\",\"target\":[\"https:\/\/www.hoogstra-autosport.nl\/product\/sparco-k-pole-zwart-geel\/\"]}]},{\"@type\":\"ImageObject\",\"inLanguage\":\"fr-FR\",\"@id\":\"https:\/\/www.hoogstra-autosport.nl\/product\/sparco-k-pole-zwart-geel\/#primaryimage\",\"url\":\"https:\/\/www.hoogstra-autosport.nl\/teamkoen\/wp-content\/uploads\/2025\/09\/sparco-k-pole-zwart-geel.jpg\",\"contentUrl\":\"https:\/\/www.hoogstra-autosport.nl\/teamkoen\/wp-content\/uploads\/2025\/09\/sparco-k-pole-zwart-geel.jpg\",\"width\":1000,\"height\":1000},{\"@type\":\"BreadcrumbList\",\"@id\":\"https:\/\/www.hoogstra-autosport.nl\/product\/sparco-k-pole-zwart-geel\/#breadcrumb\",\"itemListElement\":[{\"@type\":\"ListItem\",\"position\":1,\"name\":\"Home\",\"item\":\"https:\/\/www.hoogstra-autosport.nl\/\"},{\"@type\":\"ListItem\",\"position\":2,\"name\":\"Uitrusting\",\"item\":\"https:\/\/www.hoogstra-autosport.nl\/product-categorie\/autosport-kleding-helmen\/\"},{\"@type\":\"ListItem\",\"position\":3,\"name\":\"Autosport Kleding\",\"item\":\"https:\/\/www.hoogstra-autosport.nl\/product-categorie\/autosport-kleding-helmen\/autosport-kleding\/\"},{\"@type\":\"ListItem\",\"position\":4,\"name\":\"Schoenen\",\"item\":\"https:\/\/www.hoogstra-autosport.nl\/product-categorie\/autosport-kleding-helmen\/autosport-kleding\/schoenen\/\"},{\"@type\":\"ListItem\",\"position\":5,\"name\":\"Sparco Schoenen\",\"item\":\"https:\/\/www.hoogstra-autosport.nl\/product-categorie\/autosport-kleding-helmen\/autosport-kleding\/schoenen\/sparco-schoenen-fia\/\"},{\"@type\":\"ListItem\",\"position\":6,\"name\":\"Sparco Schoenen\",\"item\":\"https:\/\/www.hoogstra-autosport.nl\/product-categorie\/autosport-kleding-helmen\/autosport-kleding\/schoenen\/sparco-schoenen-fia\/sparco-schoenen\/\"},{\"@type\":\"ListItem\",\"position\":7,\"name\":\"Sparco K-Pole (Zwart\/Geel)\"}]},{\"@type\":\"WebSite\",\"@id\":\"https:\/\/www.hoogstra-autosport.nl\/#website\",\"url\":\"https:\/\/www.hoogstra-autosport.nl\/\",\"name\":\"Hoogstra Autosport\",\"description\":\"Performance Autosport Parts!\",\"potentialAction\":[{\"@type\":\"SearchAction\",\"target\":{\"@type\":\"EntryPoint\",\"urlTemplate\":\"https:\/\/www.hoogstra-autosport.nl\/?s={search_term_string}\"},\"query-input\":{\"@type\":\"PropertyValueSpecification\",\"valueRequired\":true,\"valueName\":\"search_term_string\"}}],\"inLanguage\":\"fr-FR\"}]}<\/script>\n<!-- \/ Yoast SEO plugin. -->","yoast_head_json":{"title":"Sparco K-Pole (Zwart\/Geel) - Hoogstra Autosport","robots":{"index":"index","follow":"follow","max-snippet":"max-snippet:-1","max-image-preview":"max-image-preview:large","max-video-preview":"max-video-preview:-1"},"canonical":"https:\/\/www.hoogstra-autosport.nl\/fr\/produit\/sparco-k-pole-zwart-geel\/","og_locale":"fr_FR","og_type":"article","og_title":"Sparco K-Pole (Zwart\/Geel) - Hoogstra Autosport","og_description":"De middelhoge Sparco Kartschoen K-POLE heeft een sportief, modern design en is gemaakt van fijn, zacht en licht microvezelmateriaal. Voor extra ademend vermogen en comfort zijn de zijdelen voorzien van perforaties. De pasvorm is bijzonder ergonomisch en de anatomisch gevormde binnenzool zorgt voor perfecte ondersteuning. Dankzij de innovatieve zool van natuurrubber biedt de Sparco K-POLE [&hellip;]","og_url":"https:\/\/www.hoogstra-autosport.nl\/fr\/produit\/sparco-k-pole-zwart-geel\/","og_site_name":"Hoogstra Autosport","article_modified_time":"2025-09-11T13:29:46+00:00","og_image":[{"width":1000,"height":1000,"url":"https:\/\/www.hoogstra-autosport.nl\/teamkoen\/content\/uploads\/2025\/09\/sparco-k-pole-zwart-geel.jpg","type":"image\/jpeg"}],"twitter_card":"summary_large_image","twitter_misc":{"Dur\u00e9e de lecture estim\u00e9e":"1 minute"},"schema":{"@context":"https:\/\/schema.org","@graph":[{"@type":"WebPage","@id":"https:\/\/www.hoogstra-autosport.nl\/product\/sparco-k-pole-zwart-geel\/","url":"https:\/\/www.hoogstra-autosport.nl\/product\/sparco-k-pole-zwart-geel\/","name":"Sparco K-Pole (Zwart\/Geel) - Hoogstra Autosport","isPartOf":{"@id":"https:\/\/www.hoogstra-autosport.nl\/#website"},"primaryImageOfPage":{"@id":"https:\/\/www.hoogstra-autosport.nl\/product\/sparco-k-pole-zwart-geel\/#primaryimage"},"image":{"@id":"https:\/\/www.hoogstra-autosport.nl\/product\/sparco-k-pole-zwart-geel\/#primaryimage"},"thumbnailUrl":"https:\/\/www.hoogstra-autosport.nl\/teamkoen\/wp-content\/uploads\/2025\/09\/sparco-k-pole-zwart-geel.jpg","datePublished":"2025-09-11T13:18:20+00:00","dateModified":"2025-09-11T13:29:46+00:00","breadcrumb":{"@id":"https:\/\/www.hoogstra-autosport.nl\/product\/sparco-k-pole-zwart-geel\/#breadcrumb"},"inLanguage":"fr-FR","potentialAction":[{"@type":"ReadAction","target":["https:\/\/www.hoogstra-autosport.nl\/product\/sparco-k-pole-zwart-geel\/"]}]},{"@type":"ImageObject","inLanguage":"fr-FR","@id":"https:\/\/www.hoogstra-autosport.nl\/product\/sparco-k-pole-zwart-geel\/#primaryimage","url":"https:\/\/www.hoogstra-autosport.nl\/teamkoen\/wp-content\/uploads\/2025\/09\/sparco-k-pole-zwart-geel.jpg","contentUrl":"https:\/\/www.hoogstra-autosport.nl\/teamkoen\/wp-content\/uploads\/2025\/09\/sparco-k-pole-zwart-geel.jpg","width":1000,"height":1000},{"@type":"BreadcrumbList","@id":"https:\/\/www.hoogstra-autosport.nl\/product\/sparco-k-pole-zwart-geel\/#breadcrumb","itemListElement":[{"@type":"ListItem","position":1,"name":"Home","item":"https:\/\/www.hoogstra-autosport.nl\/"},{"@type":"ListItem","position":2,"name":"Uitrusting","item":"https:\/\/www.hoogstra-autosport.nl\/product-categorie\/autosport-kleding-helmen\/"},{"@type":"ListItem","position":3,"name":"Autosport Kleding","item":"https:\/\/www.hoogstra-autosport.nl\/product-categorie\/autosport-kleding-helmen\/autosport-kleding\/"},{"@type":"ListItem","position":4,"name":"Schoenen","item":"https:\/\/www.hoogstra-autosport.nl\/product-categorie\/autosport-kleding-helmen\/autosport-kleding\/schoenen\/"},{"@type":"ListItem","position":5,"name":"Sparco Schoenen","item":"https:\/\/www.hoogstra-autosport.nl\/product-categorie\/autosport-kleding-helmen\/autosport-kleding\/schoenen\/sparco-schoenen-fia\/"},{"@type":"ListItem","position":6,"name":"Sparco Schoenen","item":"https:\/\/www.hoogstra-autosport.nl\/product-categorie\/autosport-kleding-helmen\/autosport-kleding\/schoenen\/sparco-schoenen-fia\/sparco-schoenen\/"},{"@type":"ListItem","position":7,"name":"Sparco K-Pole (Zwart\/Geel)"}]},{"@type":"WebSite","@id":"https:\/\/www.hoogstra-autosport.nl\/#website","url":"https:\/\/www.hoogstra-autosport.nl\/","name":"Hoogstra Autosport","description":"Performance Autosport Parts!","potentialAction":[{"@type":"SearchAction","target":{"@type":"EntryPoint","urlTemplate":"https:\/\/www.hoogstra-autosport.nl\/?s={search_term_string}"},"query-input":{"@type":"PropertyValueSpecification","valueRequired":true,"valueName":"search_term_string"}}],"inLanguage":"fr-FR"}]}},"tiered_pricing_type":"fixed","tiered_pricing_fixed_rules":[],"tiered_pricing_product_settings":{"layout":"default","base_unit_name":{"singular":null,"plural":null},"default_variation":null},"tiered_pricing_minimum_quantity":null,"tiered_pricing_roles_data":[],"tiered_pricing_percentage_rules":[],"tiered_pricing_maximum_quantity":null,"tiered_pricing_quantity_step":null,"_links":{"self":[{"href":"https:\/\/www.hoogstra-autosport.nl\/fr\/wp-json\/wp\/v2\/product\/90587","targetHints":{"allow":["GET"]}}],"collection":[{"href":"https:\/\/www.hoogstra-autosport.nl\/fr\/wp-json\/wp\/v2\/product"}],"about":[{"href":"https:\/\/www.hoogstra-autosport.nl\/fr\/wp-json\/wp\/v2\/types\/product"}],"wp:featuredmedia":[{"embeddable":true,"href":"https:\/\/www.hoogstra-autosport.nl\/fr\/wp-json\/wp\/v2\/media\/90568"}],"wp:attachment":[{"href":"https:\/\/www.hoogstra-autosport.nl\/fr\/wp-json\/wp\/v2\/media?parent=90587"}],"wp:term":[{"taxonomy":"product_brand","embeddable":true,"href":"https:\/\/www.hoogstra-autosport.nl\/fr\/wp-json\/wp\/v2\/product_brand?post=90587"},{"taxonomy":"product_cat","embeddable":true,"href":"https:\/\/www.hoogstra-autosport.nl\/fr\/wp-json\/wp\/v2\/product_cat?post=90587"},{"taxonomy":"product_tag","embeddable":true,"href":"https:\/\/www.hoogstra-autosport.nl\/fr\/wp-json\/wp\/v2\/product_tag?post=90587"}],"curies":[{"name":"wp","href":"https:\/\/api.w.org\/{rel}","templated":true}]}}