{"id":89220,"date":"2025-08-15T08:52:32","date_gmt":"2025-08-15T06:52:32","guid":{"rendered":"https:\/\/www.hoogstra-autosport.nl\/?post_type=product&#038;p=89220"},"modified":"2025-08-15T09:23:18","modified_gmt":"2025-08-15T07:23:18","slug":"kn-luchtfilter-cleaner-38l","status":"publish","type":"product","link":"https:\/\/www.hoogstra-autosport.nl\/fr\/produit\/kn-luchtfilter-cleaner-38l\/","title":{"rendered":"K&amp;N Filtre \u00e0 air 3.8L"},"content":{"rendered":"<p>Le nettoyant pour filtre Power cleaner en bouteille de 3,79 litres est le seul nettoyant adapt\u00e9 au nettoyage d'un filtre \u00e0 air K&amp;N. Les autres nettoyants pour filtre \u00e0 air endommagent le filtre K&amp;N et ne laissent pas passer suffisamment d'air. Les autres nettoyants pour filtres \u00e0 air endommagent le filtre \u00e0 air K&amp;N et ne laissent pas passer suffisamment d'air. Il dissout la salet\u00e9 accumul\u00e9e et l'ancienne huile du filtre, puis le nettoyant peut \u00eatre rinc\u00e9 \u00e0 l'eau. Le nettoyant pour filtre garantit que le filtre \u00e0 air est \u00e0 nouveau comme neuf. En fait, le nettoyant K&amp;N Power Kleen est si efficace que vous pouvez \u00e9galement l'utiliser comme d\u00e9graissant. Il \u00e9limine \u00e9galement d'autres contaminants sur la plupart des surfaces, y compris les pi\u00e8ces peintes, le chrome et le plastique. Attention ! Ne pas utiliser le nettoyant sur l'aluminium poli ou anodis\u00e9.<\/p>","protected":false},"excerpt":{"rendered":"<p>De Power cleaner filter reiniger in een 3,79L fles is de enige reiniger die geschikt is om een K&amp;N luchtfilter te reinigen. Andere luchtfilter reinigers beschadigen het K&amp;N luchtfilter en laten niet genoeg lucht door.Het lost vuilophopingen en oude filterolie op, waarna de reiniger met water kan worden weggespoeld. De filterreiniger zorgt ervoor dat het [&hellip;]<\/p>\n","protected":false},"featured_media":89237,"template":"","meta":{"_acf_changed":false},"product_brand":[],"product_cat":[2673,4003],"product_tag":[],"class_list":{"0":"post-89220","1":"product","2":"type-product","3":"status-publish","4":"has-post-thumbnail","6":"product_cat-filter-olie-en-cleaner","7":"product_cat-luchtfilter-olie-en-cleaner","8":"product_shipping_class-4016","10":"first","11":"instock","12":"taxable","13":"shipping-taxable","14":"purchasable","15":"product-type-simple"},"acf":[],"yoast_head":"<!-- This site is optimized with the Yoast SEO plugin v27.1.1 - https:\/\/yoast.com\/product\/yoast-seo-wordpress\/ -->\n<title>K&amp;N Luchtfilter cleaner 3,8L - Hoogstra Autosport<\/title>\n<meta name=\"robots\" content=\"index, follow, max-snippet:-1, max-image-preview:large, max-video-preview:-1\" \/>\n<link rel=\"canonical\" href=\"https:\/\/www.hoogstra-autosport.nl\/fr\/produit\/kn-luchtfilter-cleaner-38l\/\" \/>\n<meta property=\"og:locale\" content=\"fr_FR\" \/>\n<meta property=\"og:type\" content=\"article\" \/>\n<meta property=\"og:title\" content=\"K&amp;N Luchtfilter cleaner 3,8L - Hoogstra Autosport\" \/>\n<meta property=\"og:description\" content=\"De Power cleaner filter reiniger in een 3,79L fles is de enige reiniger die geschikt is om een K&amp;N luchtfilter te reinigen. Andere luchtfilter reinigers beschadigen het K&amp;N luchtfilter en laten niet genoeg lucht door.Het lost vuilophopingen en oude filterolie op, waarna de reiniger met water kan worden weggespoeld. De filterreiniger zorgt ervoor dat het [&hellip;]\" \/>\n<meta property=\"og:url\" content=\"https:\/\/www.hoogstra-autosport.nl\/fr\/produit\/kn-luchtfilter-cleaner-38l\/\" \/>\n<meta property=\"og:site_name\" content=\"Hoogstra Autosport\" \/>\n<meta property=\"article:modified_time\" content=\"2025-08-15T07:23:18+00:00\" \/>\n<meta property=\"og:image\" content=\"https:\/\/www.hoogstra-autosport.nl\/teamkoen\/content\/uploads\/2025\/08\/processed-7CAA151A-5F9B-4FAD-B2CB-DCD939FF02E4.jpeg\" \/>\n\t<meta property=\"og:image:width\" content=\"1870\" \/>\n\t<meta property=\"og:image:height\" content=\"1870\" \/>\n\t<meta property=\"og:image:type\" content=\"image\/jpeg\" \/>\n<meta name=\"twitter:card\" content=\"summary_large_image\" \/>\n<meta name=\"twitter:label1\" content=\"Dur\u00e9e de lecture estim\u00e9e\" \/>\n\t<meta name=\"twitter:data1\" content=\"1 minute\" \/>\n<script type=\"application\/ld+json\" class=\"yoast-schema-graph\">{\"@context\":\"https:\/\/schema.org\",\"@graph\":[{\"@type\":\"WebPage\",\"@id\":\"https:\/\/www.hoogstra-autosport.nl\/product\/kn-luchtfilter-cleaner-38l\/\",\"url\":\"https:\/\/www.hoogstra-autosport.nl\/product\/kn-luchtfilter-cleaner-38l\/\",\"name\":\"K&N Luchtfilter cleaner 3,8L - Hoogstra Autosport\",\"isPartOf\":{\"@id\":\"https:\/\/www.hoogstra-autosport.nl\/#website\"},\"primaryImageOfPage\":{\"@id\":\"https:\/\/www.hoogstra-autosport.nl\/product\/kn-luchtfilter-cleaner-38l\/#primaryimage\"},\"image\":{\"@id\":\"https:\/\/www.hoogstra-autosport.nl\/product\/kn-luchtfilter-cleaner-38l\/#primaryimage\"},\"thumbnailUrl\":\"https:\/\/www.hoogstra-autosport.nl\/teamkoen\/wp-content\/uploads\/2025\/08\/processed-7CAA151A-5F9B-4FAD-B2CB-DCD939FF02E4.jpeg\",\"datePublished\":\"2025-08-15T06:52:32+00:00\",\"dateModified\":\"2025-08-15T07:23:18+00:00\",\"breadcrumb\":{\"@id\":\"https:\/\/www.hoogstra-autosport.nl\/product\/kn-luchtfilter-cleaner-38l\/#breadcrumb\"},\"inLanguage\":\"fr-FR\",\"potentialAction\":[{\"@type\":\"ReadAction\",\"target\":[\"https:\/\/www.hoogstra-autosport.nl\/product\/kn-luchtfilter-cleaner-38l\/\"]}]},{\"@type\":\"ImageObject\",\"inLanguage\":\"fr-FR\",\"@id\":\"https:\/\/www.hoogstra-autosport.nl\/product\/kn-luchtfilter-cleaner-38l\/#primaryimage\",\"url\":\"https:\/\/www.hoogstra-autosport.nl\/teamkoen\/wp-content\/uploads\/2025\/08\/processed-7CAA151A-5F9B-4FAD-B2CB-DCD939FF02E4.jpeg\",\"contentUrl\":\"https:\/\/www.hoogstra-autosport.nl\/teamkoen\/wp-content\/uploads\/2025\/08\/processed-7CAA151A-5F9B-4FAD-B2CB-DCD939FF02E4.jpeg\",\"width\":1870,\"height\":1870},{\"@type\":\"BreadcrumbList\",\"@id\":\"https:\/\/www.hoogstra-autosport.nl\/product\/kn-luchtfilter-cleaner-38l\/#breadcrumb\",\"itemListElement\":[{\"@type\":\"ListItem\",\"position\":1,\"name\":\"Home\",\"item\":\"https:\/\/www.hoogstra-autosport.nl\/\"},{\"@type\":\"ListItem\",\"position\":2,\"name\":\"Koeling &amp; Luchtfilters\",\"item\":\"https:\/\/www.hoogstra-autosport.nl\/product-categorie\/koeling-2\/\"},{\"@type\":\"ListItem\",\"position\":3,\"name\":\"Luchtfilters &amp; Toebehoren\",\"item\":\"https:\/\/www.hoogstra-autosport.nl\/product-categorie\/koeling-2\/luchtfilters-toebehoren\/\"},{\"@type\":\"ListItem\",\"position\":4,\"name\":\"Filter olie en Cleaner\",\"item\":\"https:\/\/www.hoogstra-autosport.nl\/product-categorie\/koeling-2\/luchtfilters-toebehoren\/filter-olie-en-cleaner\/\"},{\"@type\":\"ListItem\",\"position\":5,\"name\":\"K&#038;N Luchtfilter cleaner 3,8L\"}]},{\"@type\":\"WebSite\",\"@id\":\"https:\/\/www.hoogstra-autosport.nl\/#website\",\"url\":\"https:\/\/www.hoogstra-autosport.nl\/\",\"name\":\"Hoogstra Autosport\",\"description\":\"Performance Autosport Parts!\",\"potentialAction\":[{\"@type\":\"SearchAction\",\"target\":{\"@type\":\"EntryPoint\",\"urlTemplate\":\"https:\/\/www.hoogstra-autosport.nl\/?s={search_term_string}\"},\"query-input\":{\"@type\":\"PropertyValueSpecification\",\"valueRequired\":true,\"valueName\":\"search_term_string\"}}],\"inLanguage\":\"fr-FR\"}]}<\/script>\n<!-- \/ Yoast SEO plugin. -->","yoast_head_json":{"title":"K&N Luchtfilter cleaner 3,8L - Hoogstra Autosport","robots":{"index":"index","follow":"follow","max-snippet":"max-snippet:-1","max-image-preview":"max-image-preview:large","max-video-preview":"max-video-preview:-1"},"canonical":"https:\/\/www.hoogstra-autosport.nl\/fr\/produit\/kn-luchtfilter-cleaner-38l\/","og_locale":"fr_FR","og_type":"article","og_title":"K&N Luchtfilter cleaner 3,8L - Hoogstra Autosport","og_description":"De Power cleaner filter reiniger in een 3,79L fles is de enige reiniger die geschikt is om een K&amp;N luchtfilter te reinigen. Andere luchtfilter reinigers beschadigen het K&amp;N luchtfilter en laten niet genoeg lucht door.Het lost vuilophopingen en oude filterolie op, waarna de reiniger met water kan worden weggespoeld. De filterreiniger zorgt ervoor dat het [&hellip;]","og_url":"https:\/\/www.hoogstra-autosport.nl\/fr\/produit\/kn-luchtfilter-cleaner-38l\/","og_site_name":"Hoogstra Autosport","article_modified_time":"2025-08-15T07:23:18+00:00","og_image":[{"width":1870,"height":1870,"url":"https:\/\/www.hoogstra-autosport.nl\/teamkoen\/content\/uploads\/2025\/08\/processed-7CAA151A-5F9B-4FAD-B2CB-DCD939FF02E4.jpeg","type":"image\/jpeg"}],"twitter_card":"summary_large_image","twitter_misc":{"Dur\u00e9e de lecture estim\u00e9e":"1 minute"},"schema":{"@context":"https:\/\/schema.org","@graph":[{"@type":"WebPage","@id":"https:\/\/www.hoogstra-autosport.nl\/product\/kn-luchtfilter-cleaner-38l\/","url":"https:\/\/www.hoogstra-autosport.nl\/product\/kn-luchtfilter-cleaner-38l\/","name":"K&N Luchtfilter cleaner 3,8L - Hoogstra Autosport","isPartOf":{"@id":"https:\/\/www.hoogstra-autosport.nl\/#website"},"primaryImageOfPage":{"@id":"https:\/\/www.hoogstra-autosport.nl\/product\/kn-luchtfilter-cleaner-38l\/#primaryimage"},"image":{"@id":"https:\/\/www.hoogstra-autosport.nl\/product\/kn-luchtfilter-cleaner-38l\/#primaryimage"},"thumbnailUrl":"https:\/\/www.hoogstra-autosport.nl\/teamkoen\/wp-content\/uploads\/2025\/08\/processed-7CAA151A-5F9B-4FAD-B2CB-DCD939FF02E4.jpeg","datePublished":"2025-08-15T06:52:32+00:00","dateModified":"2025-08-15T07:23:18+00:00","breadcrumb":{"@id":"https:\/\/www.hoogstra-autosport.nl\/product\/kn-luchtfilter-cleaner-38l\/#breadcrumb"},"inLanguage":"fr-FR","potentialAction":[{"@type":"ReadAction","target":["https:\/\/www.hoogstra-autosport.nl\/product\/kn-luchtfilter-cleaner-38l\/"]}]},{"@type":"ImageObject","inLanguage":"fr-FR","@id":"https:\/\/www.hoogstra-autosport.nl\/product\/kn-luchtfilter-cleaner-38l\/#primaryimage","url":"https:\/\/www.hoogstra-autosport.nl\/teamkoen\/wp-content\/uploads\/2025\/08\/processed-7CAA151A-5F9B-4FAD-B2CB-DCD939FF02E4.jpeg","contentUrl":"https:\/\/www.hoogstra-autosport.nl\/teamkoen\/wp-content\/uploads\/2025\/08\/processed-7CAA151A-5F9B-4FAD-B2CB-DCD939FF02E4.jpeg","width":1870,"height":1870},{"@type":"BreadcrumbList","@id":"https:\/\/www.hoogstra-autosport.nl\/product\/kn-luchtfilter-cleaner-38l\/#breadcrumb","itemListElement":[{"@type":"ListItem","position":1,"name":"Home","item":"https:\/\/www.hoogstra-autosport.nl\/"},{"@type":"ListItem","position":2,"name":"Koeling &amp; Luchtfilters","item":"https:\/\/www.hoogstra-autosport.nl\/product-categorie\/koeling-2\/"},{"@type":"ListItem","position":3,"name":"Luchtfilters &amp; Toebehoren","item":"https:\/\/www.hoogstra-autosport.nl\/product-categorie\/koeling-2\/luchtfilters-toebehoren\/"},{"@type":"ListItem","position":4,"name":"Filter olie en Cleaner","item":"https:\/\/www.hoogstra-autosport.nl\/product-categorie\/koeling-2\/luchtfilters-toebehoren\/filter-olie-en-cleaner\/"},{"@type":"ListItem","position":5,"name":"K&#038;N Luchtfilter cleaner 3,8L"}]},{"@type":"WebSite","@id":"https:\/\/www.hoogstra-autosport.nl\/#website","url":"https:\/\/www.hoogstra-autosport.nl\/","name":"Hoogstra Autosport","description":"Performance Autosport Parts!","potentialAction":[{"@type":"SearchAction","target":{"@type":"EntryPoint","urlTemplate":"https:\/\/www.hoogstra-autosport.nl\/?s={search_term_string}"},"query-input":{"@type":"PropertyValueSpecification","valueRequired":true,"valueName":"search_term_string"}}],"inLanguage":"fr-FR"}]}},"tiered_pricing_type":"fixed","tiered_pricing_fixed_rules":[],"tiered_pricing_product_settings":{"layout":"default","base_unit_name":{"singular":null,"plural":null},"default_variation":null},"tiered_pricing_minimum_quantity":null,"tiered_pricing_roles_data":[],"tiered_pricing_percentage_rules":[],"tiered_pricing_maximum_quantity":null,"tiered_pricing_quantity_step":null,"_links":{"self":[{"href":"https:\/\/www.hoogstra-autosport.nl\/fr\/wp-json\/wp\/v2\/product\/89220","targetHints":{"allow":["GET"]}}],"collection":[{"href":"https:\/\/www.hoogstra-autosport.nl\/fr\/wp-json\/wp\/v2\/product"}],"about":[{"href":"https:\/\/www.hoogstra-autosport.nl\/fr\/wp-json\/wp\/v2\/types\/product"}],"wp:featuredmedia":[{"embeddable":true,"href":"https:\/\/www.hoogstra-autosport.nl\/fr\/wp-json\/wp\/v2\/media\/89237"}],"wp:attachment":[{"href":"https:\/\/www.hoogstra-autosport.nl\/fr\/wp-json\/wp\/v2\/media?parent=89220"}],"wp:term":[{"taxonomy":"product_brand","embeddable":true,"href":"https:\/\/www.hoogstra-autosport.nl\/fr\/wp-json\/wp\/v2\/product_brand?post=89220"},{"taxonomy":"product_cat","embeddable":true,"href":"https:\/\/www.hoogstra-autosport.nl\/fr\/wp-json\/wp\/v2\/product_cat?post=89220"},{"taxonomy":"product_tag","embeddable":true,"href":"https:\/\/www.hoogstra-autosport.nl\/fr\/wp-json\/wp\/v2\/product_tag?post=89220"}],"curies":[{"name":"wp","href":"https:\/\/api.w.org\/{rel}","templated":true}]}}