{"id":88135,"date":"2025-07-18T13:11:11","date_gmt":"2025-07-18T11:11:11","guid":{"rendered":"https:\/\/www.hoogstra-autosport.nl\/?post_type=product&#038;p=88135"},"modified":"2025-07-18T13:11:13","modified_gmt":"2025-07-18T11:11:13","slug":"powermaster-startmotor-high-torque","status":"publish","type":"product","link":"https:\/\/www.hoogstra-autosport.nl\/fr\/produit\/powermaster-startmotor-high-torque\/","title":{"rendered":"Moteur de d\u00e9marrage Powermaster \u00e0 couple \u00e9lev\u00e9"},"content":{"rendered":"<p>Les d\u00e9marreurs XS Torque de Powermaster, tr\u00e8s efficaces, sont dot\u00e9s de moteurs tr\u00e8s puissants qui produisent jusqu'\u00e0 200 lb-pi de couple.<\/p>\n<p>Combin\u00e9 \u00e0 la r\u00e9duction du rapport de 4,4:1, cela signifie une puissance de d\u00e9marrage fiable pour les moteurs avec des taux de compression allant jusqu'\u00e0 18,0:1. Ces d\u00e9marreurs sont livr\u00e9s avec un adaptateur\/bloc de montage en laiton pour une meilleure durabilit\u00e9.<\/p>\n<p>Ils s'adaptent \u00e9galement \u00e0 votre carter d'huile si le moteur de d\u00e9marrage d'origine en \u00e9tait pourvu. Certains mod\u00e8les sont disponibles avec une finition chrom\u00e9e.<\/p>\n<p>Les r\u00e9sultats de l'essai au banc du d\u00e9marreur sont inclus. Commandez le d\u00e9marreur de remplacement con\u00e7u pour l'application sur votre v\u00e9hicule.<\/p>\n<p>&nbsp;<\/p>\n<p>&nbsp;<\/p>","protected":false},"excerpt":{"rendered":"<p>De uiterst effici\u00ebnte XS Torque-startmotoren van Powermaster beschikken over extra krachtige motoren die tot 200 lbs.-ft. aan koppel produceren. In combinatie met hun 4.4:1 verhoudingsvermindering betekent dit betrouwbare startkracht voor motoren met een compressieverhouding tot maar liefst 18.0:1. Deze starters worden geleverd met een billet-adapter\/montageblok voor duurzaamheid. Ze passen ook op uw oliepan als de [&hellip;]<\/p>\n","protected":false},"featured_media":88136,"template":"","meta":{"_acf_changed":false},"product_brand":[],"product_cat":[2668],"product_tag":[],"class_list":{"0":"post-88135","1":"product","2":"type-product","3":"status-publish","4":"has-post-thumbnail","6":"product_cat-startmotor","8":"first","9":"instock","10":"taxable","11":"shipping-taxable","12":"purchasable","13":"product-type-simple"},"acf":[],"yoast_head":"<!-- This site is optimized with the Yoast SEO plugin v27.1.1 - https:\/\/yoast.com\/product\/yoast-seo-wordpress\/ -->\n<title>Powermaster startmotor high torque - Hoogstra Autosport<\/title>\n<meta name=\"robots\" content=\"index, follow, max-snippet:-1, max-image-preview:large, max-video-preview:-1\" \/>\n<link rel=\"canonical\" href=\"https:\/\/www.hoogstra-autosport.nl\/fr\/produit\/powermaster-startmotor-high-torque\/\" \/>\n<meta property=\"og:locale\" content=\"fr_FR\" \/>\n<meta property=\"og:type\" content=\"article\" \/>\n<meta property=\"og:title\" content=\"Powermaster startmotor high torque - Hoogstra Autosport\" \/>\n<meta property=\"og:description\" content=\"De uiterst effici\u00ebnte XS Torque-startmotoren van Powermaster beschikken over extra krachtige motoren die tot 200 lbs.-ft. aan koppel produceren. In combinatie met hun 4.4:1 verhoudingsvermindering betekent dit betrouwbare startkracht voor motoren met een compressieverhouding tot maar liefst 18.0:1. Deze starters worden geleverd met een billet-adapter\/montageblok voor duurzaamheid. Ze passen ook op uw oliepan als de [&hellip;]\" \/>\n<meta property=\"og:url\" content=\"https:\/\/www.hoogstra-autosport.nl\/fr\/produit\/powermaster-startmotor-high-torque\/\" \/>\n<meta property=\"og:site_name\" content=\"Hoogstra Autosport\" \/>\n<meta property=\"article:modified_time\" content=\"2025-07-18T11:11:13+00:00\" \/>\n<meta property=\"og:image\" content=\"https:\/\/hoogstra-autosport.nl\/teamkoen\/content\/uploads\/2025\/07\/Starter-powermaster.jpg\" \/>\n\t<meta property=\"og:image:width\" content=\"1000\" \/>\n\t<meta property=\"og:image:height\" content=\"1000\" \/>\n\t<meta property=\"og:image:type\" content=\"image\/jpeg\" \/>\n<meta name=\"twitter:card\" content=\"summary_large_image\" \/>\n<meta name=\"twitter:label1\" content=\"Dur\u00e9e de lecture estim\u00e9e\" \/>\n\t<meta name=\"twitter:data1\" content=\"1 minute\" \/>\n<script type=\"application\/ld+json\" class=\"yoast-schema-graph\">{\"@context\":\"https:\/\/schema.org\",\"@graph\":[{\"@type\":\"WebPage\",\"@id\":\"https:\/\/www.hoogstra-autosport.nl\/product\/powermaster-startmotor-high-torque\/\",\"url\":\"https:\/\/www.hoogstra-autosport.nl\/product\/powermaster-startmotor-high-torque\/\",\"name\":\"Powermaster startmotor high torque - Hoogstra Autosport\",\"isPartOf\":{\"@id\":\"https:\/\/www.hoogstra-autosport.nl\/#website\"},\"primaryImageOfPage\":{\"@id\":\"https:\/\/www.hoogstra-autosport.nl\/product\/powermaster-startmotor-high-torque\/#primaryimage\"},\"image\":{\"@id\":\"https:\/\/www.hoogstra-autosport.nl\/product\/powermaster-startmotor-high-torque\/#primaryimage\"},\"thumbnailUrl\":\"https:\/\/www.hoogstra-autosport.nl\/teamkoen\/wp-content\/uploads\/2025\/07\/Starter-powermaster.jpg\",\"datePublished\":\"2025-07-18T11:11:11+00:00\",\"dateModified\":\"2025-07-18T11:11:13+00:00\",\"breadcrumb\":{\"@id\":\"https:\/\/www.hoogstra-autosport.nl\/product\/powermaster-startmotor-high-torque\/#breadcrumb\"},\"inLanguage\":\"fr-FR\",\"potentialAction\":[{\"@type\":\"ReadAction\",\"target\":[\"https:\/\/www.hoogstra-autosport.nl\/product\/powermaster-startmotor-high-torque\/\"]}]},{\"@type\":\"ImageObject\",\"inLanguage\":\"fr-FR\",\"@id\":\"https:\/\/www.hoogstra-autosport.nl\/product\/powermaster-startmotor-high-torque\/#primaryimage\",\"url\":\"https:\/\/www.hoogstra-autosport.nl\/teamkoen\/wp-content\/uploads\/2025\/07\/Starter-powermaster.jpg\",\"contentUrl\":\"https:\/\/www.hoogstra-autosport.nl\/teamkoen\/wp-content\/uploads\/2025\/07\/Starter-powermaster.jpg\",\"width\":1000,\"height\":1000},{\"@type\":\"BreadcrumbList\",\"@id\":\"https:\/\/www.hoogstra-autosport.nl\/product\/powermaster-startmotor-high-torque\/#breadcrumb\",\"itemListElement\":[{\"@type\":\"ListItem\",\"position\":1,\"name\":\"Home\",\"item\":\"https:\/\/www.hoogstra-autosport.nl\/\"},{\"@type\":\"ListItem\",\"position\":2,\"name\":\"Motorisch\",\"item\":\"https:\/\/www.hoogstra-autosport.nl\/product-categorie\/auto-techniek\/\"},{\"@type\":\"ListItem\",\"position\":3,\"name\":\"Koppeling , Versnellingsbak en Assen\",\"item\":\"https:\/\/www.hoogstra-autosport.nl\/product-categorie\/auto-techniek\/koppeling-versnellingsbak-en-assen\/\"},{\"@type\":\"ListItem\",\"position\":4,\"name\":\"Startmotor\",\"item\":\"https:\/\/www.hoogstra-autosport.nl\/product-categorie\/auto-techniek\/koppeling-versnellingsbak-en-assen\/startmotor\/\"},{\"@type\":\"ListItem\",\"position\":5,\"name\":\"Powermaster startmotor high torque\"}]},{\"@type\":\"WebSite\",\"@id\":\"https:\/\/www.hoogstra-autosport.nl\/#website\",\"url\":\"https:\/\/www.hoogstra-autosport.nl\/\",\"name\":\"Hoogstra Autosport\",\"description\":\"Performance Autosport Parts!\",\"potentialAction\":[{\"@type\":\"SearchAction\",\"target\":{\"@type\":\"EntryPoint\",\"urlTemplate\":\"https:\/\/www.hoogstra-autosport.nl\/?s={search_term_string}\"},\"query-input\":{\"@type\":\"PropertyValueSpecification\",\"valueRequired\":true,\"valueName\":\"search_term_string\"}}],\"inLanguage\":\"fr-FR\"}]}<\/script>\n<!-- \/ Yoast SEO plugin. -->","yoast_head_json":{"title":"Powermaster startmotor high torque - Hoogstra Autosport","robots":{"index":"index","follow":"follow","max-snippet":"max-snippet:-1","max-image-preview":"max-image-preview:large","max-video-preview":"max-video-preview:-1"},"canonical":"https:\/\/www.hoogstra-autosport.nl\/fr\/produit\/powermaster-startmotor-high-torque\/","og_locale":"fr_FR","og_type":"article","og_title":"Powermaster startmotor high torque - Hoogstra Autosport","og_description":"De uiterst effici\u00ebnte XS Torque-startmotoren van Powermaster beschikken over extra krachtige motoren die tot 200 lbs.-ft. aan koppel produceren. In combinatie met hun 4.4:1 verhoudingsvermindering betekent dit betrouwbare startkracht voor motoren met een compressieverhouding tot maar liefst 18.0:1. Deze starters worden geleverd met een billet-adapter\/montageblok voor duurzaamheid. Ze passen ook op uw oliepan als de [&hellip;]","og_url":"https:\/\/www.hoogstra-autosport.nl\/fr\/produit\/powermaster-startmotor-high-torque\/","og_site_name":"Hoogstra Autosport","article_modified_time":"2025-07-18T11:11:13+00:00","og_image":[{"width":1000,"height":1000,"url":"https:\/\/hoogstra-autosport.nl\/teamkoen\/content\/uploads\/2025\/07\/Starter-powermaster.jpg","type":"image\/jpeg"}],"twitter_card":"summary_large_image","twitter_misc":{"Dur\u00e9e de lecture estim\u00e9e":"1 minute"},"schema":{"@context":"https:\/\/schema.org","@graph":[{"@type":"WebPage","@id":"https:\/\/www.hoogstra-autosport.nl\/product\/powermaster-startmotor-high-torque\/","url":"https:\/\/www.hoogstra-autosport.nl\/product\/powermaster-startmotor-high-torque\/","name":"Powermaster startmotor high torque - Hoogstra Autosport","isPartOf":{"@id":"https:\/\/www.hoogstra-autosport.nl\/#website"},"primaryImageOfPage":{"@id":"https:\/\/www.hoogstra-autosport.nl\/product\/powermaster-startmotor-high-torque\/#primaryimage"},"image":{"@id":"https:\/\/www.hoogstra-autosport.nl\/product\/powermaster-startmotor-high-torque\/#primaryimage"},"thumbnailUrl":"https:\/\/www.hoogstra-autosport.nl\/teamkoen\/wp-content\/uploads\/2025\/07\/Starter-powermaster.jpg","datePublished":"2025-07-18T11:11:11+00:00","dateModified":"2025-07-18T11:11:13+00:00","breadcrumb":{"@id":"https:\/\/www.hoogstra-autosport.nl\/product\/powermaster-startmotor-high-torque\/#breadcrumb"},"inLanguage":"fr-FR","potentialAction":[{"@type":"ReadAction","target":["https:\/\/www.hoogstra-autosport.nl\/product\/powermaster-startmotor-high-torque\/"]}]},{"@type":"ImageObject","inLanguage":"fr-FR","@id":"https:\/\/www.hoogstra-autosport.nl\/product\/powermaster-startmotor-high-torque\/#primaryimage","url":"https:\/\/www.hoogstra-autosport.nl\/teamkoen\/wp-content\/uploads\/2025\/07\/Starter-powermaster.jpg","contentUrl":"https:\/\/www.hoogstra-autosport.nl\/teamkoen\/wp-content\/uploads\/2025\/07\/Starter-powermaster.jpg","width":1000,"height":1000},{"@type":"BreadcrumbList","@id":"https:\/\/www.hoogstra-autosport.nl\/product\/powermaster-startmotor-high-torque\/#breadcrumb","itemListElement":[{"@type":"ListItem","position":1,"name":"Home","item":"https:\/\/www.hoogstra-autosport.nl\/"},{"@type":"ListItem","position":2,"name":"Motorisch","item":"https:\/\/www.hoogstra-autosport.nl\/product-categorie\/auto-techniek\/"},{"@type":"ListItem","position":3,"name":"Koppeling , Versnellingsbak en Assen","item":"https:\/\/www.hoogstra-autosport.nl\/product-categorie\/auto-techniek\/koppeling-versnellingsbak-en-assen\/"},{"@type":"ListItem","position":4,"name":"Startmotor","item":"https:\/\/www.hoogstra-autosport.nl\/product-categorie\/auto-techniek\/koppeling-versnellingsbak-en-assen\/startmotor\/"},{"@type":"ListItem","position":5,"name":"Powermaster startmotor high torque"}]},{"@type":"WebSite","@id":"https:\/\/www.hoogstra-autosport.nl\/#website","url":"https:\/\/www.hoogstra-autosport.nl\/","name":"Hoogstra Autosport","description":"Performance Autosport Parts!","potentialAction":[{"@type":"SearchAction","target":{"@type":"EntryPoint","urlTemplate":"https:\/\/www.hoogstra-autosport.nl\/?s={search_term_string}"},"query-input":{"@type":"PropertyValueSpecification","valueRequired":true,"valueName":"search_term_string"}}],"inLanguage":"fr-FR"}]}},"tiered_pricing_type":"fixed","tiered_pricing_fixed_rules":[],"tiered_pricing_product_settings":{"layout":"default","base_unit_name":{"singular":null,"plural":null},"default_variation":null},"tiered_pricing_minimum_quantity":null,"tiered_pricing_roles_data":[],"tiered_pricing_percentage_rules":[],"tiered_pricing_maximum_quantity":null,"tiered_pricing_quantity_step":null,"_links":{"self":[{"href":"https:\/\/www.hoogstra-autosport.nl\/fr\/wp-json\/wp\/v2\/product\/88135","targetHints":{"allow":["GET"]}}],"collection":[{"href":"https:\/\/www.hoogstra-autosport.nl\/fr\/wp-json\/wp\/v2\/product"}],"about":[{"href":"https:\/\/www.hoogstra-autosport.nl\/fr\/wp-json\/wp\/v2\/types\/product"}],"wp:featuredmedia":[{"embeddable":true,"href":"https:\/\/www.hoogstra-autosport.nl\/fr\/wp-json\/wp\/v2\/media\/88136"}],"wp:attachment":[{"href":"https:\/\/www.hoogstra-autosport.nl\/fr\/wp-json\/wp\/v2\/media?parent=88135"}],"wp:term":[{"taxonomy":"product_brand","embeddable":true,"href":"https:\/\/www.hoogstra-autosport.nl\/fr\/wp-json\/wp\/v2\/product_brand?post=88135"},{"taxonomy":"product_cat","embeddable":true,"href":"https:\/\/www.hoogstra-autosport.nl\/fr\/wp-json\/wp\/v2\/product_cat?post=88135"},{"taxonomy":"product_tag","embeddable":true,"href":"https:\/\/www.hoogstra-autosport.nl\/fr\/wp-json\/wp\/v2\/product_tag?post=88135"}],"curies":[{"name":"wp","href":"https:\/\/api.w.org\/{rel}","templated":true}]}}