{"id":87865,"date":"2025-07-10T13:04:41","date_gmt":"2025-07-10T11:04:41","guid":{"rendered":"https:\/\/www.hoogstra-autosport.nl\/?post_type=product&#038;p=87865"},"modified":"2026-05-05T16:27:06","modified_gmt":"2026-05-05T14:27:06","slug":"elf-benzine-4s-fim-evox-afhaal","status":"publish","type":"product","link":"https:\/\/www.hoogstra-autosport.nl\/fr\/produit\/elf-benzine-4s-fim-evox-afhaal\/","title":{"rendered":"ELF Petrol 4S FIM EVOX (AFHAAL)"},"content":{"rendered":"<p>ELF Racing Fuel 4S FIM EVOX<br \/>\nTonneau 50 litres<\/p>\n<p>Approuv\u00e9 par la FIM !!!<br \/>\nUtilis\u00e9 par de nombreuses \u00e9quipes d'usine MX GP et MOTO GP<\/p>\n<p>Valeurs typiques<\/p>\n<p>RON - 101.7<br \/>\nMON - 89,6<br \/>\nDENSIT\u00c9 Kg\/l \u00e0 15\u00b0C - 0,755<br \/>\nOXYG\u00c8NE % - 3.6<br \/>\nRAPPORT AIR\/CARBURANT - 14,05<br \/>\nPRESSION D'HUMIDITE bar \u00e0 37,8\u00b0C - 0,480<br \/>\nZWAVEL mg\/kg - 6<br \/>\nBENZEEN % vol. - &lt;0,4<br \/>\nVALEUR DE CHARGE % vol. - &lt;0,005<\/p>\n<p>CANDIDATURES<\/p>\n<p>- Le ELF 4S FIM EVOX a \u00e9t\u00e9 sp\u00e9cialement d\u00e9velopp\u00e9 pour une puissance maximale conform\u00e9ment \u00e0 la r\u00e9glementation FIM.<br \/>\n- ELF 4S FIM EVOX est particuli\u00e8rement adapt\u00e9 aux moteurs atmosph\u00e9riques 4 temps \u00e0 grande vitesse. - ELF 4S FIM EVOX a \u00e9t\u00e9 test\u00e9 avec succ\u00e8s dans la classe sup\u00e9rieure.<\/p>","protected":false},"excerpt":{"rendered":"<p><em><strong>\u00c0 COLLECTER UNIQUEMENT !<\/strong><\/em><\/p>\n<p>&nbsp;<\/p>\n<p>Elf 4S FIM EVOX racing petrol !<\/p>\n<p>F\u00fbt de 50 litres<\/p>\n<p>donne de bonnes performances<\/p>","protected":false},"featured_media":87870,"template":"","meta":{"_acf_changed":false},"product_brand":[],"product_cat":[2895],"product_tag":[],"class_list":{"0":"post-87865","1":"product","2":"type-product","3":"status-publish","4":"has-post-thumbnail","6":"product_cat-octaan-booster-en-additieven","8":"first","9":"instock","10":"taxable","11":"shipping-taxable","12":"purchasable","13":"product-type-simple"},"acf":[],"yoast_head":"<!-- This site is optimized with the Yoast SEO plugin v27.5 - https:\/\/yoast.com\/product\/yoast-seo-wordpress\/ -->\n<title>ELF Benzine 4S FIM EVOX (AFHAAL) - Hoogstra Autosport<\/title>\n<meta name=\"description\" content=\"racebenzine goede prestaties atmomax\" \/>\n<meta name=\"robots\" content=\"index, follow, max-snippet:-1, max-image-preview:large, max-video-preview:-1\" \/>\n<link rel=\"canonical\" href=\"https:\/\/www.hoogstra-autosport.nl\/fr\/produit\/elf-benzine-4s-fim-evox-afhaal\/\" \/>\n<meta property=\"og:locale\" content=\"fr_FR\" \/>\n<meta property=\"og:type\" content=\"article\" \/>\n<meta property=\"og:title\" content=\"ELF Benzine 4S FIM EVOX (AFHAAL) - Hoogstra Autosport\" \/>\n<meta property=\"og:description\" content=\"racebenzine goede prestaties atmomax\" \/>\n<meta property=\"og:url\" content=\"https:\/\/www.hoogstra-autosport.nl\/fr\/produit\/elf-benzine-4s-fim-evox-afhaal\/\" \/>\n<meta property=\"og:site_name\" content=\"Hoogstra Autosport\" \/>\n<meta property=\"article:modified_time\" content=\"2026-05-05T14:27:06+00:00\" \/>\n<meta property=\"og:image\" content=\"https:\/\/www.hoogstra-autosport.nl\/teamkoen\/wp-content\/uploads\/2025\/07\/original-0C052EB9-38E2-47A8-900E-D6B4F04B5123.jpeg\" \/>\n\t<meta property=\"og:image:width\" content=\"1170\" \/>\n\t<meta property=\"og:image:height\" content=\"1170\" \/>\n\t<meta property=\"og:image:type\" content=\"image\/jpeg\" \/>\n<meta name=\"twitter:card\" content=\"summary_large_image\" \/>\n<meta name=\"twitter:label1\" content=\"Dur\u00e9e de lecture estim\u00e9e\" \/>\n\t<meta name=\"twitter:data1\" content=\"1 minute\" \/>\n<script type=\"application\/ld+json\" class=\"yoast-schema-graph\">{\"@context\":\"https:\\\/\\\/schema.org\",\"@graph\":[{\"@type\":\"WebPage\",\"@id\":\"https:\\\/\\\/www.hoogstra-autosport.nl\\\/product\\\/elf-benzine-4s-fim-evox-afhaal\\\/\",\"url\":\"https:\\\/\\\/www.hoogstra-autosport.nl\\\/product\\\/elf-benzine-4s-fim-evox-afhaal\\\/\",\"name\":\"ELF Benzine 4S FIM EVOX (AFHAAL) - Hoogstra Autosport\",\"isPartOf\":{\"@id\":\"https:\\\/\\\/www.hoogstra-autosport.nl\\\/#website\"},\"primaryImageOfPage\":{\"@id\":\"https:\\\/\\\/www.hoogstra-autosport.nl\\\/product\\\/elf-benzine-4s-fim-evox-afhaal\\\/#primaryimage\"},\"image\":{\"@id\":\"https:\\\/\\\/www.hoogstra-autosport.nl\\\/product\\\/elf-benzine-4s-fim-evox-afhaal\\\/#primaryimage\"},\"thumbnailUrl\":\"https:\\\/\\\/www.hoogstra-autosport.nl\\\/teamkoen\\\/wp-content\\\/uploads\\\/2025\\\/07\\\/original-0C052EB9-38E2-47A8-900E-D6B4F04B5123.jpeg\",\"datePublished\":\"2025-07-10T11:04:41+00:00\",\"dateModified\":\"2026-05-05T14:27:06+00:00\",\"description\":\"racebenzine goede prestaties atmomax\",\"breadcrumb\":{\"@id\":\"https:\\\/\\\/www.hoogstra-autosport.nl\\\/product\\\/elf-benzine-4s-fim-evox-afhaal\\\/#breadcrumb\"},\"inLanguage\":\"fr-FR\",\"potentialAction\":[{\"@type\":\"ReadAction\",\"target\":[\"https:\\\/\\\/www.hoogstra-autosport.nl\\\/product\\\/elf-benzine-4s-fim-evox-afhaal\\\/\"]}]},{\"@type\":\"ImageObject\",\"inLanguage\":\"fr-FR\",\"@id\":\"https:\\\/\\\/www.hoogstra-autosport.nl\\\/product\\\/elf-benzine-4s-fim-evox-afhaal\\\/#primaryimage\",\"url\":\"https:\\\/\\\/www.hoogstra-autosport.nl\\\/teamkoen\\\/wp-content\\\/uploads\\\/2025\\\/07\\\/original-0C052EB9-38E2-47A8-900E-D6B4F04B5123.jpeg\",\"contentUrl\":\"https:\\\/\\\/www.hoogstra-autosport.nl\\\/teamkoen\\\/wp-content\\\/uploads\\\/2025\\\/07\\\/original-0C052EB9-38E2-47A8-900E-D6B4F04B5123.jpeg\",\"width\":1170,\"height\":1170},{\"@type\":\"BreadcrumbList\",\"@id\":\"https:\\\/\\\/www.hoogstra-autosport.nl\\\/product\\\/elf-benzine-4s-fim-evox-afhaal\\\/#breadcrumb\",\"itemListElement\":[{\"@type\":\"ListItem\",\"position\":1,\"name\":\"Home\",\"item\":\"https:\\\/\\\/www.hoogstra-autosport.nl\\\/\"},{\"@type\":\"ListItem\",\"position\":2,\"name\":\"Brandstof Systeem\",\"item\":\"https:\\\/\\\/www.hoogstra-autosport.nl\\\/product-categorie\\\/brandstof-systeem-2\\\/\"},{\"@type\":\"ListItem\",\"position\":3,\"name\":\"Race benzine en Additieven\",\"item\":\"https:\\\/\\\/www.hoogstra-autosport.nl\\\/product-categorie\\\/brandstof-systeem-2\\\/octaan-booster-en-additieven\\\/\"},{\"@type\":\"ListItem\",\"position\":4,\"name\":\"ELF Benzine 4S FIM EVOX (AFHAAL)\"}]},{\"@type\":\"WebSite\",\"@id\":\"https:\\\/\\\/www.hoogstra-autosport.nl\\\/#website\",\"url\":\"https:\\\/\\\/www.hoogstra-autosport.nl\\\/\",\"name\":\"Hoogstra Autosport\",\"description\":\"Performance Autosport Parts!\",\"potentialAction\":[{\"@type\":\"SearchAction\",\"target\":{\"@type\":\"EntryPoint\",\"urlTemplate\":\"https:\\\/\\\/www.hoogstra-autosport.nl\\\/?s={search_term_string}\"},\"query-input\":{\"@type\":\"PropertyValueSpecification\",\"valueRequired\":true,\"valueName\":\"search_term_string\"}}],\"inLanguage\":\"fr-FR\"}]}<\/script>\n<!-- \/ Yoast SEO plugin. -->","yoast_head_json":{"title":"ELF Benzine 4S FIM EVOX (AFHAAL) - Hoogstra Autosport","description":"racebenzine goede prestaties atmomax","robots":{"index":"index","follow":"follow","max-snippet":"max-snippet:-1","max-image-preview":"max-image-preview:large","max-video-preview":"max-video-preview:-1"},"canonical":"https:\/\/www.hoogstra-autosport.nl\/fr\/produit\/elf-benzine-4s-fim-evox-afhaal\/","og_locale":"fr_FR","og_type":"article","og_title":"ELF Benzine 4S FIM EVOX (AFHAAL) - Hoogstra Autosport","og_description":"racebenzine goede prestaties atmomax","og_url":"https:\/\/www.hoogstra-autosport.nl\/fr\/produit\/elf-benzine-4s-fim-evox-afhaal\/","og_site_name":"Hoogstra Autosport","article_modified_time":"2026-05-05T14:27:06+00:00","og_image":[{"width":1170,"height":1170,"url":"https:\/\/www.hoogstra-autosport.nl\/teamkoen\/wp-content\/uploads\/2025\/07\/original-0C052EB9-38E2-47A8-900E-D6B4F04B5123.jpeg","type":"image\/jpeg"}],"twitter_card":"summary_large_image","twitter_misc":{"Dur\u00e9e de lecture estim\u00e9e":"1 minute"},"schema":{"@context":"https:\/\/schema.org","@graph":[{"@type":"WebPage","@id":"https:\/\/www.hoogstra-autosport.nl\/product\/elf-benzine-4s-fim-evox-afhaal\/","url":"https:\/\/www.hoogstra-autosport.nl\/product\/elf-benzine-4s-fim-evox-afhaal\/","name":"ELF Benzine 4S FIM EVOX (AFHAAL) - Hoogstra Autosport","isPartOf":{"@id":"https:\/\/www.hoogstra-autosport.nl\/#website"},"primaryImageOfPage":{"@id":"https:\/\/www.hoogstra-autosport.nl\/product\/elf-benzine-4s-fim-evox-afhaal\/#primaryimage"},"image":{"@id":"https:\/\/www.hoogstra-autosport.nl\/product\/elf-benzine-4s-fim-evox-afhaal\/#primaryimage"},"thumbnailUrl":"https:\/\/www.hoogstra-autosport.nl\/teamkoen\/wp-content\/uploads\/2025\/07\/original-0C052EB9-38E2-47A8-900E-D6B4F04B5123.jpeg","datePublished":"2025-07-10T11:04:41+00:00","dateModified":"2026-05-05T14:27:06+00:00","description":"racebenzine goede prestaties atmomax","breadcrumb":{"@id":"https:\/\/www.hoogstra-autosport.nl\/product\/elf-benzine-4s-fim-evox-afhaal\/#breadcrumb"},"inLanguage":"fr-FR","potentialAction":[{"@type":"ReadAction","target":["https:\/\/www.hoogstra-autosport.nl\/product\/elf-benzine-4s-fim-evox-afhaal\/"]}]},{"@type":"ImageObject","inLanguage":"fr-FR","@id":"https:\/\/www.hoogstra-autosport.nl\/product\/elf-benzine-4s-fim-evox-afhaal\/#primaryimage","url":"https:\/\/www.hoogstra-autosport.nl\/teamkoen\/wp-content\/uploads\/2025\/07\/original-0C052EB9-38E2-47A8-900E-D6B4F04B5123.jpeg","contentUrl":"https:\/\/www.hoogstra-autosport.nl\/teamkoen\/wp-content\/uploads\/2025\/07\/original-0C052EB9-38E2-47A8-900E-D6B4F04B5123.jpeg","width":1170,"height":1170},{"@type":"BreadcrumbList","@id":"https:\/\/www.hoogstra-autosport.nl\/product\/elf-benzine-4s-fim-evox-afhaal\/#breadcrumb","itemListElement":[{"@type":"ListItem","position":1,"name":"Home","item":"https:\/\/www.hoogstra-autosport.nl\/"},{"@type":"ListItem","position":2,"name":"Brandstof Systeem","item":"https:\/\/www.hoogstra-autosport.nl\/product-categorie\/brandstof-systeem-2\/"},{"@type":"ListItem","position":3,"name":"Race benzine en Additieven","item":"https:\/\/www.hoogstra-autosport.nl\/product-categorie\/brandstof-systeem-2\/octaan-booster-en-additieven\/"},{"@type":"ListItem","position":4,"name":"ELF Benzine 4S FIM EVOX (AFHAAL)"}]},{"@type":"WebSite","@id":"https:\/\/www.hoogstra-autosport.nl\/#website","url":"https:\/\/www.hoogstra-autosport.nl\/","name":"Hoogstra Autosport","description":"Performance Autosport Parts!","potentialAction":[{"@type":"SearchAction","target":{"@type":"EntryPoint","urlTemplate":"https:\/\/www.hoogstra-autosport.nl\/?s={search_term_string}"},"query-input":{"@type":"PropertyValueSpecification","valueRequired":true,"valueName":"search_term_string"}}],"inLanguage":"fr-FR"}]}},"tiered_pricing_type":"fixed","tiered_pricing_fixed_rules":[],"tiered_pricing_product_settings":{"layout":"default","base_unit_name":{"singular":null,"plural":null},"default_variation":null},"tiered_pricing_minimum_quantity":null,"tiered_pricing_roles_data":[],"tiered_pricing_percentage_rules":[],"tiered_pricing_maximum_quantity":null,"tiered_pricing_quantity_step":null,"_links":{"self":[{"href":"https:\/\/www.hoogstra-autosport.nl\/fr\/wp-json\/wp\/v2\/product\/87865","targetHints":{"allow":["GET"]}}],"collection":[{"href":"https:\/\/www.hoogstra-autosport.nl\/fr\/wp-json\/wp\/v2\/product"}],"about":[{"href":"https:\/\/www.hoogstra-autosport.nl\/fr\/wp-json\/wp\/v2\/types\/product"}],"wp:featuredmedia":[{"embeddable":true,"href":"https:\/\/www.hoogstra-autosport.nl\/fr\/wp-json\/wp\/v2\/media\/87870"}],"wp:attachment":[{"href":"https:\/\/www.hoogstra-autosport.nl\/fr\/wp-json\/wp\/v2\/media?parent=87865"}],"wp:term":[{"taxonomy":"product_brand","embeddable":true,"href":"https:\/\/www.hoogstra-autosport.nl\/fr\/wp-json\/wp\/v2\/product_brand?post=87865"},{"taxonomy":"product_cat","embeddable":true,"href":"https:\/\/www.hoogstra-autosport.nl\/fr\/wp-json\/wp\/v2\/product_cat?post=87865"},{"taxonomy":"product_tag","embeddable":true,"href":"https:\/\/www.hoogstra-autosport.nl\/fr\/wp-json\/wp\/v2\/product_tag?post=87865"}],"curies":[{"name":"wp","href":"https:\/\/api.w.org\/{rel}","templated":true}]}}