{"id":87763,"date":"2025-07-09T15:16:50","date_gmt":"2025-07-09T13:16:50","guid":{"rendered":"https:\/\/www.hoogstra-autosport.nl\/?post_type=product&#038;p=87763"},"modified":"2026-03-16T15:04:55","modified_gmt":"2026-03-16T14:04:55","slug":"aim-mxq-compact-dashlogger","status":"publish","type":"product","link":"https:\/\/www.hoogstra-autosport.nl\/fr\/produit\/aim-mxq-compact-dashlogger\/","title":{"rendered":"AIM MXQ dashlogger compact"},"content":{"rendered":"<h3>Description<\/h3>\n<p>De AIM MXQ is een robuuste en compacte can bus datalogger met een sterke nylon plastic behuizing. Het is het kleine broertje van de MXM, waarbij de MXQ maar 1 i.p.v. 4 analoge inputs heeft en geen digitale outputs en speed inputs heeft.<br \/>\nDeze logger is uitermate geschikt voor de autosport, race maar ook offroad\/cross.<br \/>\nECU connectie is mogelijk via CAN, K-Line of RS232. De AIM MXQ dashlogger heeft een interne GPS module en WIFI module. De software Race Studio 3 software is gratis te downloaden.<\/p>\n<p>De AIM MXQ datalogger is voorzien van de volgende kanalen:<\/p>\n<p>-ECU comm: CAN, RS232, K-line\/obd<br \/>\n-1x la vitesse<br \/>\n-1x vrij configureerbaar analoog kanaal (0-5 V) voor bijvoorbeeld temperatuur, druk of potmeter.<br \/>\n-Interne 3-assige G-krachtsensor<\/p>\n<p>Overige technische gegevens AIM MXQ dash datalog systeem:<br \/>\n-4 Go de m\u00e9moire interne<br \/>\n-3 Binder connectors achterkant<br \/>\n-WIFI 802.11 verbinding (voor draadloze configuratie en data download)<br \/>\n-Grafisch display met 268 x 128 pixel resolutie<br \/>\n-7 vrij programmeerbare RGB achtergrondverlichtingskleuren<br \/>\n-2 vrij programmeerbare alarmleds (multi color)<br \/>\n-5 vrij programmeerbare shiftlights (multi color)<br \/>\n-Ingebouwde lichtsterktesensor<br \/>\n-Afmetingen: 137\u00d788,4\u00d731,9 mm<br \/>\n-Gewicht: 330 gram<br \/>\n-Weerbestendigheid: IP65<\/p>\n<p>La connexion ECU permet de se connecter facilement \u00e0 plus de 1 000 ECU (programmables et d'origine), ce qui permet d'enregistrer de nombreux canaux suppl\u00e9mentaires.\u00a0<a href=\"https:\/\/www.aim-sportline.com\/en\/documentation.htm\" target=\"_blank\" rel=\"noopener\">V\u00e9rifiez la compatibilit\u00e9 de l'\u00e9cu ici.<\/a><\/p>\n<p>Tevens heeft de AIM MXQ datalogger de mogelijkheid tot het uitbreiden van kanalen en aansluiten van de volgende CAN modules: AIM LCU-ONE wide band lambdasensor, ACC3, AIM SmartyCam video camera etc.<\/p>\n<p>Analyse van de opgeslagen gegevens vind plaats middels de gratis te downloaden en gebruiksvriendelijke Race Studio Analysis software. Er zijn GEEN jaarlijkse licentiekosten. Tevens is er regelmatig een van onze medewerkers aanwezig bij verschillende wedstrijden, dit is een gratis service voor klanten die bij ons een datalogsysteem hebben aangeschaft.<\/p>\n<p>De AIM MXm dash datalogger is toepasbaar op bijvoorbeeld (race)auto\u2019s en (race)motoren, cross auto\u2019s, buggy\u2019s, etc.<\/p>","protected":false},"excerpt":{"rendered":"<p>Beschrijving De AIM MXQ is een robuuste en compacte can bus datalogger met een sterke nylon plastic behuizing. Het is het kleine broertje van de MXM, waarbij de MXQ maar 1 i.p.v. 4 analoge inputs heeft en geen digitale outputs en speed inputs heeft. Deze logger is uitermate geschikt voor de autosport, race maar ook [&hellip;]<\/p>\n","protected":false},"featured_media":87771,"template":"","meta":{"_acf_changed":false},"product_brand":[],"product_cat":[3927],"product_tag":[],"class_list":{"0":"post-87763","1":"product","2":"type-product","3":"status-publish","4":"has-post-thumbnail","6":"product_cat-aim-displays","7":"product_shipping_class-4016","9":"first","10":"instock","11":"sale","12":"taxable","13":"shipping-taxable","14":"purchasable","15":"product-type-variable"},"acf":[],"yoast_head":"<!-- This site is optimized with the Yoast SEO plugin v27.1.1 - https:\/\/yoast.com\/product\/yoast-seo-wordpress\/ -->\n<title>AIM MXQ compact dashlogger - Hoogstra Autosport<\/title>\n<meta name=\"robots\" content=\"index, follow, max-snippet:-1, max-image-preview:large, max-video-preview:-1\" \/>\n<link rel=\"canonical\" href=\"https:\/\/www.hoogstra-autosport.nl\/fr\/produit\/aim-mxq-compact-dashlogger\/\" \/>\n<meta property=\"og:locale\" content=\"fr_FR\" \/>\n<meta property=\"og:type\" content=\"article\" \/>\n<meta property=\"og:title\" content=\"AIM MXQ compact dashlogger - Hoogstra Autosport\" \/>\n<meta property=\"og:description\" content=\"Beschrijving De AIM MXQ is een robuuste en compacte can bus datalogger met een sterke nylon plastic behuizing. Het is het kleine broertje van de MXM, waarbij de MXQ maar 1 i.p.v. 4 analoge inputs heeft en geen digitale outputs en speed inputs heeft. Deze logger is uitermate geschikt voor de autosport, race maar ook [&hellip;]\" \/>\n<meta property=\"og:url\" content=\"https:\/\/www.hoogstra-autosport.nl\/fr\/produit\/aim-mxq-compact-dashlogger\/\" \/>\n<meta property=\"og:site_name\" content=\"Hoogstra Autosport\" \/>\n<meta property=\"article:modified_time\" content=\"2026-03-16T14:04:55+00:00\" \/>\n<meta property=\"og:image\" content=\"https:\/\/www.hoogstra-autosport.nl\/teamkoen\/wp-content\/uploads\/2025\/07\/processed-2DC03E42-6C18-48D2-95E9-61610EB431B2.jpeg\" \/>\n\t<meta property=\"og:image:width\" content=\"1870\" \/>\n\t<meta property=\"og:image:height\" content=\"1870\" \/>\n\t<meta property=\"og:image:type\" content=\"image\/jpeg\" \/>\n<meta name=\"twitter:card\" content=\"summary_large_image\" \/>\n<meta name=\"twitter:label1\" content=\"Dur\u00e9e de lecture estim\u00e9e\" \/>\n\t<meta name=\"twitter:data1\" content=\"2 minutes\" \/>\n<script type=\"application\/ld+json\" class=\"yoast-schema-graph\">{\"@context\":\"https:\/\/schema.org\",\"@graph\":[{\"@type\":\"WebPage\",\"@id\":\"https:\/\/www.hoogstra-autosport.nl\/product\/aim-mxq-compact-dashlogger\/\",\"url\":\"https:\/\/www.hoogstra-autosport.nl\/product\/aim-mxq-compact-dashlogger\/\",\"name\":\"AIM MXQ compact dashlogger - Hoogstra Autosport\",\"isPartOf\":{\"@id\":\"https:\/\/www.hoogstra-autosport.nl\/#website\"},\"primaryImageOfPage\":{\"@id\":\"https:\/\/www.hoogstra-autosport.nl\/product\/aim-mxq-compact-dashlogger\/#primaryimage\"},\"image\":{\"@id\":\"https:\/\/www.hoogstra-autosport.nl\/product\/aim-mxq-compact-dashlogger\/#primaryimage\"},\"thumbnailUrl\":\"https:\/\/www.hoogstra-autosport.nl\/teamkoen\/wp-content\/uploads\/2025\/07\/processed-2DC03E42-6C18-48D2-95E9-61610EB431B2.jpeg\",\"datePublished\":\"2025-07-09T13:16:50+00:00\",\"dateModified\":\"2026-03-16T14:04:55+00:00\",\"breadcrumb\":{\"@id\":\"https:\/\/www.hoogstra-autosport.nl\/product\/aim-mxq-compact-dashlogger\/#breadcrumb\"},\"inLanguage\":\"fr-FR\",\"potentialAction\":[{\"@type\":\"ReadAction\",\"target\":[\"https:\/\/www.hoogstra-autosport.nl\/product\/aim-mxq-compact-dashlogger\/\"]}]},{\"@type\":\"ImageObject\",\"inLanguage\":\"fr-FR\",\"@id\":\"https:\/\/www.hoogstra-autosport.nl\/product\/aim-mxq-compact-dashlogger\/#primaryimage\",\"url\":\"https:\/\/www.hoogstra-autosport.nl\/teamkoen\/wp-content\/uploads\/2025\/07\/processed-2DC03E42-6C18-48D2-95E9-61610EB431B2.jpeg\",\"contentUrl\":\"https:\/\/www.hoogstra-autosport.nl\/teamkoen\/wp-content\/uploads\/2025\/07\/processed-2DC03E42-6C18-48D2-95E9-61610EB431B2.jpeg\",\"width\":1870,\"height\":1870},{\"@type\":\"BreadcrumbList\",\"@id\":\"https:\/\/www.hoogstra-autosport.nl\/product\/aim-mxq-compact-dashlogger\/#breadcrumb\",\"itemListElement\":[{\"@type\":\"ListItem\",\"position\":1,\"name\":\"Home\",\"item\":\"https:\/\/www.hoogstra-autosport.nl\/\"},{\"@type\":\"ListItem\",\"position\":2,\"name\":\"Elektriciteit\",\"item\":\"https:\/\/www.hoogstra-autosport.nl\/product-categorie\/elektriciteit\/\"},{\"@type\":\"ListItem\",\"position\":3,\"name\":\"AIM Displays\",\"item\":\"https:\/\/www.hoogstra-autosport.nl\/product-categorie\/elektriciteit\/aim-displays\/\"},{\"@type\":\"ListItem\",\"position\":4,\"name\":\"AIM MXQ compact dashlogger\"}]},{\"@type\":\"WebSite\",\"@id\":\"https:\/\/www.hoogstra-autosport.nl\/#website\",\"url\":\"https:\/\/www.hoogstra-autosport.nl\/\",\"name\":\"Hoogstra Autosport\",\"description\":\"Performance Autosport Parts!\",\"potentialAction\":[{\"@type\":\"SearchAction\",\"target\":{\"@type\":\"EntryPoint\",\"urlTemplate\":\"https:\/\/www.hoogstra-autosport.nl\/?s={search_term_string}\"},\"query-input\":{\"@type\":\"PropertyValueSpecification\",\"valueRequired\":true,\"valueName\":\"search_term_string\"}}],\"inLanguage\":\"fr-FR\"}]}<\/script>\n<!-- \/ Yoast SEO plugin. -->","yoast_head_json":{"title":"AIM MXQ compact dashlogger - Hoogstra Autosport","robots":{"index":"index","follow":"follow","max-snippet":"max-snippet:-1","max-image-preview":"max-image-preview:large","max-video-preview":"max-video-preview:-1"},"canonical":"https:\/\/www.hoogstra-autosport.nl\/fr\/produit\/aim-mxq-compact-dashlogger\/","og_locale":"fr_FR","og_type":"article","og_title":"AIM MXQ compact dashlogger - Hoogstra Autosport","og_description":"Beschrijving De AIM MXQ is een robuuste en compacte can bus datalogger met een sterke nylon plastic behuizing. Het is het kleine broertje van de MXM, waarbij de MXQ maar 1 i.p.v. 4 analoge inputs heeft en geen digitale outputs en speed inputs heeft. Deze logger is uitermate geschikt voor de autosport, race maar ook [&hellip;]","og_url":"https:\/\/www.hoogstra-autosport.nl\/fr\/produit\/aim-mxq-compact-dashlogger\/","og_site_name":"Hoogstra Autosport","article_modified_time":"2026-03-16T14:04:55+00:00","og_image":[{"width":1870,"height":1870,"url":"https:\/\/www.hoogstra-autosport.nl\/teamkoen\/wp-content\/uploads\/2025\/07\/processed-2DC03E42-6C18-48D2-95E9-61610EB431B2.jpeg","type":"image\/jpeg"}],"twitter_card":"summary_large_image","twitter_misc":{"Dur\u00e9e de lecture estim\u00e9e":"2 minutes"},"schema":{"@context":"https:\/\/schema.org","@graph":[{"@type":"WebPage","@id":"https:\/\/www.hoogstra-autosport.nl\/product\/aim-mxq-compact-dashlogger\/","url":"https:\/\/www.hoogstra-autosport.nl\/product\/aim-mxq-compact-dashlogger\/","name":"AIM MXQ compact dashlogger - Hoogstra Autosport","isPartOf":{"@id":"https:\/\/www.hoogstra-autosport.nl\/#website"},"primaryImageOfPage":{"@id":"https:\/\/www.hoogstra-autosport.nl\/product\/aim-mxq-compact-dashlogger\/#primaryimage"},"image":{"@id":"https:\/\/www.hoogstra-autosport.nl\/product\/aim-mxq-compact-dashlogger\/#primaryimage"},"thumbnailUrl":"https:\/\/www.hoogstra-autosport.nl\/teamkoen\/wp-content\/uploads\/2025\/07\/processed-2DC03E42-6C18-48D2-95E9-61610EB431B2.jpeg","datePublished":"2025-07-09T13:16:50+00:00","dateModified":"2026-03-16T14:04:55+00:00","breadcrumb":{"@id":"https:\/\/www.hoogstra-autosport.nl\/product\/aim-mxq-compact-dashlogger\/#breadcrumb"},"inLanguage":"fr-FR","potentialAction":[{"@type":"ReadAction","target":["https:\/\/www.hoogstra-autosport.nl\/product\/aim-mxq-compact-dashlogger\/"]}]},{"@type":"ImageObject","inLanguage":"fr-FR","@id":"https:\/\/www.hoogstra-autosport.nl\/product\/aim-mxq-compact-dashlogger\/#primaryimage","url":"https:\/\/www.hoogstra-autosport.nl\/teamkoen\/wp-content\/uploads\/2025\/07\/processed-2DC03E42-6C18-48D2-95E9-61610EB431B2.jpeg","contentUrl":"https:\/\/www.hoogstra-autosport.nl\/teamkoen\/wp-content\/uploads\/2025\/07\/processed-2DC03E42-6C18-48D2-95E9-61610EB431B2.jpeg","width":1870,"height":1870},{"@type":"BreadcrumbList","@id":"https:\/\/www.hoogstra-autosport.nl\/product\/aim-mxq-compact-dashlogger\/#breadcrumb","itemListElement":[{"@type":"ListItem","position":1,"name":"Home","item":"https:\/\/www.hoogstra-autosport.nl\/"},{"@type":"ListItem","position":2,"name":"Elektriciteit","item":"https:\/\/www.hoogstra-autosport.nl\/product-categorie\/elektriciteit\/"},{"@type":"ListItem","position":3,"name":"AIM Displays","item":"https:\/\/www.hoogstra-autosport.nl\/product-categorie\/elektriciteit\/aim-displays\/"},{"@type":"ListItem","position":4,"name":"AIM MXQ compact dashlogger"}]},{"@type":"WebSite","@id":"https:\/\/www.hoogstra-autosport.nl\/#website","url":"https:\/\/www.hoogstra-autosport.nl\/","name":"Hoogstra Autosport","description":"Performance Autosport Parts!","potentialAction":[{"@type":"SearchAction","target":{"@type":"EntryPoint","urlTemplate":"https:\/\/www.hoogstra-autosport.nl\/?s={search_term_string}"},"query-input":{"@type":"PropertyValueSpecification","valueRequired":true,"valueName":"search_term_string"}}],"inLanguage":"fr-FR"}]}},"tiered_pricing_type":"fixed","tiered_pricing_fixed_rules":[],"tiered_pricing_product_settings":{"layout":"default","base_unit_name":{"singular":null,"plural":null},"default_variation":null},"tiered_pricing_minimum_quantity":null,"tiered_pricing_roles_data":[],"tiered_pricing_percentage_rules":[],"tiered_pricing_maximum_quantity":null,"tiered_pricing_quantity_step":null,"_links":{"self":[{"href":"https:\/\/www.hoogstra-autosport.nl\/fr\/wp-json\/wp\/v2\/product\/87763","targetHints":{"allow":["GET"]}}],"collection":[{"href":"https:\/\/www.hoogstra-autosport.nl\/fr\/wp-json\/wp\/v2\/product"}],"about":[{"href":"https:\/\/www.hoogstra-autosport.nl\/fr\/wp-json\/wp\/v2\/types\/product"}],"wp:featuredmedia":[{"embeddable":true,"href":"https:\/\/www.hoogstra-autosport.nl\/fr\/wp-json\/wp\/v2\/media\/87771"}],"wp:attachment":[{"href":"https:\/\/www.hoogstra-autosport.nl\/fr\/wp-json\/wp\/v2\/media?parent=87763"}],"wp:term":[{"taxonomy":"product_brand","embeddable":true,"href":"https:\/\/www.hoogstra-autosport.nl\/fr\/wp-json\/wp\/v2\/product_brand?post=87763"},{"taxonomy":"product_cat","embeddable":true,"href":"https:\/\/www.hoogstra-autosport.nl\/fr\/wp-json\/wp\/v2\/product_cat?post=87763"},{"taxonomy":"product_tag","embeddable":true,"href":"https:\/\/www.hoogstra-autosport.nl\/fr\/wp-json\/wp\/v2\/product_tag?post=87763"}],"curies":[{"name":"wp","href":"https:\/\/api.w.org\/{rel}","templated":true}]}}