{"id":87545,"date":"2025-07-04T13:08:16","date_gmt":"2025-07-04T11:08:16","guid":{"rendered":"https:\/\/www.hoogstra-autosport.nl\/?post_type=product&#038;p=87545"},"modified":"2025-07-21T17:33:57","modified_gmt":"2025-07-21T15:33:57","slug":"hawk-hps-5-remblokken-voorzijde","status":"publish","type":"product","link":"https:\/\/www.hoogstra-autosport.nl\/fr\/produit\/hawk-hps-5-remblokken-voorzijde\/","title":{"rendered":"Plaquettes de frein Hawk HPS 5 ; avant"},"content":{"rendered":"<p><strong>Adaptation<\/strong><\/p>\n<p>BMW E36 316i \u00e0 328i<\/p>\n<p>s'adaptent \u00e0 tous les mod\u00e8les sauf la M3<\/p>\n<p>&nbsp;<\/p>\n<p>HB136B.690 - Hawk HPS 5.0 Plaquettes de frein ; Avant<br \/>\nLes constructeurs de moteurs poussent les motos \u00e0 la limite depuis des ann\u00e9es, et chez Hawk Performance, nous sommes plus pr\u00e8s que jamais d'atteindre les limites du limiteur de vitesse ABS. Les plaquettes de frein High Performance Street 5.0 offrent \u00e0 votre v\u00e9hicule la meilleure puissance de freinage et la meilleure sensation de p\u00e9dale sans compromettre l'ABS. HPS 5.0 est un compos\u00e9 de ferrocarbone qui offre des propri\u00e9t\u00e9s de freinage avanc\u00e9es pour une exp\u00e9rience de conduite am\u00e9lior\u00e9e. Ce compos\u00e9 associe la s\u00e9curit\u00e9 et la qualit\u00e9 de la conception a\u00e9rospatiale \u00e0 la technologie de freinage du sport automobile. Il en r\u00e9sulte des distances de freinage plus courtes, des performances am\u00e9lior\u00e9es en cas de freinage intense et une exp\u00e9rience de conduite adapt\u00e9e \u00e0 la route. Temp\u00e9ratures de fonctionnement : 37-400 \u00b0C Plage de temp\u00e9rature optimale : 37-290 \u00b0C<\/p>\n<p>Sp\u00e9cifications :<br \/>\nFabricant Hawk<br \/>\nCode UPC\/EAN 840653081755<br \/>\nPlaquettes de frein, composites, semi-m\u00e9talliques<br \/>\nNum\u00e9ro FMSI D558-7437<br \/>\nType de plaquette de frein, rue<br \/>\nContenu du paquet : 1 jeu de plaquettes de frein pour deux \u00e9triers<br \/>\n\u00c9paisseur int\u00e9rieure des plaquettes de frein (mm) 17.53<br \/>\nHauteur int\u00e9rieure des plaquettes de frein (mm) 57<br \/>\nLargeur int\u00e9rieure des plaquettes de frein (mm) 151<br \/>\nLabel plaquette de frein HPS 5.0<\/p>","protected":false},"excerpt":{"rendered":"<p>Fitment BMW E36 316i tot en met 328i passen op alle modellen behalve de M3 &nbsp; HB136B.690 &#8211; Hawk HPS 5.0 Remblokken; Voor Motorbouwers hebben jarenlang motoren tot het uiterste gedreven, en bij Hawk Performance zijn we dichter dan ooit bij het bereiken van de grenzen van de ABS Rev Limiter. High Performance Street 5.0 [&hellip;]<\/p>\n","protected":false},"featured_media":87548,"template":"","meta":{"_acf_changed":false},"product_brand":[],"product_cat":[4289],"product_tag":[],"class_list":{"0":"post-87545","1":"product","2":"type-product","3":"status-publish","4":"has-post-thumbnail","6":"product_cat-hawk-performance-e36","8":"first","9":"instock","10":"taxable","11":"shipping-taxable","12":"purchasable","13":"product-type-simple"},"acf":[],"yoast_head":"<!-- This site is optimized with the Yoast SEO plugin v27.1.1 - https:\/\/yoast.com\/product\/yoast-seo-wordpress\/ -->\n<title>Hawk HPS 5 remblokken; Voorzijde - Hoogstra Autosport<\/title>\n<meta name=\"robots\" content=\"index, follow, max-snippet:-1, max-image-preview:large, max-video-preview:-1\" \/>\n<link rel=\"canonical\" href=\"https:\/\/www.hoogstra-autosport.nl\/fr\/produit\/hawk-hps-5-remblokken-voorzijde\/\" \/>\n<meta property=\"og:locale\" content=\"fr_FR\" \/>\n<meta property=\"og:type\" content=\"article\" \/>\n<meta property=\"og:title\" content=\"Hawk HPS 5 remblokken; Voorzijde - Hoogstra Autosport\" \/>\n<meta property=\"og:description\" content=\"Fitment BMW E36 316i tot en met 328i passen op alle modellen behalve de M3 &nbsp; HB136B.690 &#8211; Hawk HPS 5.0 Remblokken; Voor Motorbouwers hebben jarenlang motoren tot het uiterste gedreven, en bij Hawk Performance zijn we dichter dan ooit bij het bereiken van de grenzen van de ABS Rev Limiter. High Performance Street 5.0 [&hellip;]\" \/>\n<meta property=\"og:url\" content=\"https:\/\/www.hoogstra-autosport.nl\/fr\/produit\/hawk-hps-5-remblokken-voorzijde\/\" \/>\n<meta property=\"og:site_name\" content=\"Hoogstra Autosport\" \/>\n<meta property=\"article:modified_time\" content=\"2025-07-21T15:33:57+00:00\" \/>\n<meta property=\"og:image\" content=\"https:\/\/hoogstra-autosport.nl\/teamkoen\/content\/uploads\/2025\/07\/HPS-5-HA.jpg\" \/>\n\t<meta property=\"og:image:width\" content=\"1000\" \/>\n\t<meta property=\"og:image:height\" content=\"1000\" \/>\n\t<meta property=\"og:image:type\" content=\"image\/jpeg\" \/>\n<meta name=\"twitter:card\" content=\"summary_large_image\" \/>\n<meta name=\"twitter:label1\" content=\"Dur\u00e9e de lecture estim\u00e9e\" \/>\n\t<meta name=\"twitter:data1\" content=\"1 minute\" \/>\n<script type=\"application\/ld+json\" class=\"yoast-schema-graph\">{\"@context\":\"https:\/\/schema.org\",\"@graph\":[{\"@type\":\"WebPage\",\"@id\":\"https:\/\/www.hoogstra-autosport.nl\/product\/hawk-hps-5-remblokken-voorzijde\/\",\"url\":\"https:\/\/www.hoogstra-autosport.nl\/product\/hawk-hps-5-remblokken-voorzijde\/\",\"name\":\"Hawk HPS 5 remblokken; Voorzijde - Hoogstra Autosport\",\"isPartOf\":{\"@id\":\"https:\/\/www.hoogstra-autosport.nl\/#website\"},\"primaryImageOfPage\":{\"@id\":\"https:\/\/www.hoogstra-autosport.nl\/product\/hawk-hps-5-remblokken-voorzijde\/#primaryimage\"},\"image\":{\"@id\":\"https:\/\/www.hoogstra-autosport.nl\/product\/hawk-hps-5-remblokken-voorzijde\/#primaryimage\"},\"thumbnailUrl\":\"https:\/\/www.hoogstra-autosport.nl\/teamkoen\/wp-content\/uploads\/2025\/07\/HPS-5-HA.jpg\",\"datePublished\":\"2025-07-04T11:08:16+00:00\",\"dateModified\":\"2025-07-21T15:33:57+00:00\",\"breadcrumb\":{\"@id\":\"https:\/\/www.hoogstra-autosport.nl\/product\/hawk-hps-5-remblokken-voorzijde\/#breadcrumb\"},\"inLanguage\":\"fr-FR\",\"potentialAction\":[{\"@type\":\"ReadAction\",\"target\":[\"https:\/\/www.hoogstra-autosport.nl\/product\/hawk-hps-5-remblokken-voorzijde\/\"]}]},{\"@type\":\"ImageObject\",\"inLanguage\":\"fr-FR\",\"@id\":\"https:\/\/www.hoogstra-autosport.nl\/product\/hawk-hps-5-remblokken-voorzijde\/#primaryimage\",\"url\":\"https:\/\/www.hoogstra-autosport.nl\/teamkoen\/wp-content\/uploads\/2025\/07\/HPS-5-HA.jpg\",\"contentUrl\":\"https:\/\/www.hoogstra-autosport.nl\/teamkoen\/wp-content\/uploads\/2025\/07\/HPS-5-HA.jpg\",\"width\":1000,\"height\":1000},{\"@type\":\"BreadcrumbList\",\"@id\":\"https:\/\/www.hoogstra-autosport.nl\/product\/hawk-hps-5-remblokken-voorzijde\/#breadcrumb\",\"itemListElement\":[{\"@type\":\"ListItem\",\"position\":1,\"name\":\"Home\",\"item\":\"https:\/\/www.hoogstra-autosport.nl\/\"},{\"@type\":\"ListItem\",\"position\":2,\"name\":\"Remmen\",\"item\":\"https:\/\/www.hoogstra-autosport.nl\/product-categorie\/remmen-2\/\"},{\"@type\":\"ListItem\",\"position\":3,\"name\":\"Hawk Performance\",\"item\":\"https:\/\/www.hoogstra-autosport.nl\/product-categorie\/remmen-2\/hawk-performance\/\"},{\"@type\":\"ListItem\",\"position\":4,\"name\":\"BMW E36\",\"item\":\"https:\/\/www.hoogstra-autosport.nl\/product-categorie\/remmen-2\/hawk-performance\/hawk-performance-e36\/\"},{\"@type\":\"ListItem\",\"position\":5,\"name\":\"Hawk HPS 5 remblokken; Voorzijde\"}]},{\"@type\":\"WebSite\",\"@id\":\"https:\/\/www.hoogstra-autosport.nl\/#website\",\"url\":\"https:\/\/www.hoogstra-autosport.nl\/\",\"name\":\"Hoogstra Autosport\",\"description\":\"Performance Autosport Parts!\",\"potentialAction\":[{\"@type\":\"SearchAction\",\"target\":{\"@type\":\"EntryPoint\",\"urlTemplate\":\"https:\/\/www.hoogstra-autosport.nl\/?s={search_term_string}\"},\"query-input\":{\"@type\":\"PropertyValueSpecification\",\"valueRequired\":true,\"valueName\":\"search_term_string\"}}],\"inLanguage\":\"fr-FR\"}]}<\/script>\n<!-- \/ Yoast SEO plugin. -->","yoast_head_json":{"title":"Hawk HPS 5 remblokken; Voorzijde - Hoogstra Autosport","robots":{"index":"index","follow":"follow","max-snippet":"max-snippet:-1","max-image-preview":"max-image-preview:large","max-video-preview":"max-video-preview:-1"},"canonical":"https:\/\/www.hoogstra-autosport.nl\/fr\/produit\/hawk-hps-5-remblokken-voorzijde\/","og_locale":"fr_FR","og_type":"article","og_title":"Hawk HPS 5 remblokken; Voorzijde - Hoogstra Autosport","og_description":"Fitment BMW E36 316i tot en met 328i passen op alle modellen behalve de M3 &nbsp; HB136B.690 &#8211; Hawk HPS 5.0 Remblokken; Voor Motorbouwers hebben jarenlang motoren tot het uiterste gedreven, en bij Hawk Performance zijn we dichter dan ooit bij het bereiken van de grenzen van de ABS Rev Limiter. High Performance Street 5.0 [&hellip;]","og_url":"https:\/\/www.hoogstra-autosport.nl\/fr\/produit\/hawk-hps-5-remblokken-voorzijde\/","og_site_name":"Hoogstra Autosport","article_modified_time":"2025-07-21T15:33:57+00:00","og_image":[{"width":1000,"height":1000,"url":"https:\/\/hoogstra-autosport.nl\/teamkoen\/content\/uploads\/2025\/07\/HPS-5-HA.jpg","type":"image\/jpeg"}],"twitter_card":"summary_large_image","twitter_misc":{"Dur\u00e9e de lecture estim\u00e9e":"1 minute"},"schema":{"@context":"https:\/\/schema.org","@graph":[{"@type":"WebPage","@id":"https:\/\/www.hoogstra-autosport.nl\/product\/hawk-hps-5-remblokken-voorzijde\/","url":"https:\/\/www.hoogstra-autosport.nl\/product\/hawk-hps-5-remblokken-voorzijde\/","name":"Hawk HPS 5 remblokken; Voorzijde - Hoogstra Autosport","isPartOf":{"@id":"https:\/\/www.hoogstra-autosport.nl\/#website"},"primaryImageOfPage":{"@id":"https:\/\/www.hoogstra-autosport.nl\/product\/hawk-hps-5-remblokken-voorzijde\/#primaryimage"},"image":{"@id":"https:\/\/www.hoogstra-autosport.nl\/product\/hawk-hps-5-remblokken-voorzijde\/#primaryimage"},"thumbnailUrl":"https:\/\/www.hoogstra-autosport.nl\/teamkoen\/wp-content\/uploads\/2025\/07\/HPS-5-HA.jpg","datePublished":"2025-07-04T11:08:16+00:00","dateModified":"2025-07-21T15:33:57+00:00","breadcrumb":{"@id":"https:\/\/www.hoogstra-autosport.nl\/product\/hawk-hps-5-remblokken-voorzijde\/#breadcrumb"},"inLanguage":"fr-FR","potentialAction":[{"@type":"ReadAction","target":["https:\/\/www.hoogstra-autosport.nl\/product\/hawk-hps-5-remblokken-voorzijde\/"]}]},{"@type":"ImageObject","inLanguage":"fr-FR","@id":"https:\/\/www.hoogstra-autosport.nl\/product\/hawk-hps-5-remblokken-voorzijde\/#primaryimage","url":"https:\/\/www.hoogstra-autosport.nl\/teamkoen\/wp-content\/uploads\/2025\/07\/HPS-5-HA.jpg","contentUrl":"https:\/\/www.hoogstra-autosport.nl\/teamkoen\/wp-content\/uploads\/2025\/07\/HPS-5-HA.jpg","width":1000,"height":1000},{"@type":"BreadcrumbList","@id":"https:\/\/www.hoogstra-autosport.nl\/product\/hawk-hps-5-remblokken-voorzijde\/#breadcrumb","itemListElement":[{"@type":"ListItem","position":1,"name":"Home","item":"https:\/\/www.hoogstra-autosport.nl\/"},{"@type":"ListItem","position":2,"name":"Remmen","item":"https:\/\/www.hoogstra-autosport.nl\/product-categorie\/remmen-2\/"},{"@type":"ListItem","position":3,"name":"Hawk Performance","item":"https:\/\/www.hoogstra-autosport.nl\/product-categorie\/remmen-2\/hawk-performance\/"},{"@type":"ListItem","position":4,"name":"BMW E36","item":"https:\/\/www.hoogstra-autosport.nl\/product-categorie\/remmen-2\/hawk-performance\/hawk-performance-e36\/"},{"@type":"ListItem","position":5,"name":"Hawk HPS 5 remblokken; Voorzijde"}]},{"@type":"WebSite","@id":"https:\/\/www.hoogstra-autosport.nl\/#website","url":"https:\/\/www.hoogstra-autosport.nl\/","name":"Hoogstra Autosport","description":"Performance Autosport Parts!","potentialAction":[{"@type":"SearchAction","target":{"@type":"EntryPoint","urlTemplate":"https:\/\/www.hoogstra-autosport.nl\/?s={search_term_string}"},"query-input":{"@type":"PropertyValueSpecification","valueRequired":true,"valueName":"search_term_string"}}],"inLanguage":"fr-FR"}]}},"tiered_pricing_type":"fixed","tiered_pricing_fixed_rules":[],"tiered_pricing_product_settings":{"layout":"default","base_unit_name":{"singular":null,"plural":null},"default_variation":null},"tiered_pricing_minimum_quantity":null,"tiered_pricing_roles_data":[],"tiered_pricing_percentage_rules":[],"tiered_pricing_maximum_quantity":null,"tiered_pricing_quantity_step":null,"_links":{"self":[{"href":"https:\/\/www.hoogstra-autosport.nl\/fr\/wp-json\/wp\/v2\/product\/87545","targetHints":{"allow":["GET"]}}],"collection":[{"href":"https:\/\/www.hoogstra-autosport.nl\/fr\/wp-json\/wp\/v2\/product"}],"about":[{"href":"https:\/\/www.hoogstra-autosport.nl\/fr\/wp-json\/wp\/v2\/types\/product"}],"wp:featuredmedia":[{"embeddable":true,"href":"https:\/\/www.hoogstra-autosport.nl\/fr\/wp-json\/wp\/v2\/media\/87548"}],"wp:attachment":[{"href":"https:\/\/www.hoogstra-autosport.nl\/fr\/wp-json\/wp\/v2\/media?parent=87545"}],"wp:term":[{"taxonomy":"product_brand","embeddable":true,"href":"https:\/\/www.hoogstra-autosport.nl\/fr\/wp-json\/wp\/v2\/product_brand?post=87545"},{"taxonomy":"product_cat","embeddable":true,"href":"https:\/\/www.hoogstra-autosport.nl\/fr\/wp-json\/wp\/v2\/product_cat?post=87545"},{"taxonomy":"product_tag","embeddable":true,"href":"https:\/\/www.hoogstra-autosport.nl\/fr\/wp-json\/wp\/v2\/product_tag?post=87545"}],"curies":[{"name":"wp","href":"https:\/\/api.w.org\/{rel}","templated":true}]}}