{"id":87425,"date":"2025-07-02T11:06:52","date_gmt":"2025-07-02T09:06:52","guid":{"rendered":"https:\/\/www.hoogstra-autosport.nl\/?post_type=product&#038;p=87425"},"modified":"2025-07-21T17:34:33","modified_gmt":"2025-07-21T15:34:33","slug":"hawk-ht-10-remblokken-voorzijde","status":"publish","type":"product","link":"https:\/\/www.hoogstra-autosport.nl\/fr\/produit\/hawk-ht-10-remblokken-voorzijde\/","title":{"rendered":"Plaquettes de frein Hawk HT-10 ; avant"},"content":{"rendered":"<p>Ces plaquettes de frein HT-10 sont un choix populaire en raison de leur grande durabilit\u00e9 pendant l'utilisation ; ces plaquettes durent tr\u00e8s longtemps et vous donnent un contr\u00f4le optimal de votre voiture de course gr\u00e2ce \u00e0 leur large plage de temp\u00e9rature.<\/p>\n<p>&nbsp;<\/p>\n<p><strong>Adaptation<\/strong><\/p>\n<p>BMW E46 316i - 328i<\/p>\n<p>&nbsp;<\/p>\n<p>&nbsp;<\/p>\n<p>HB136S.690 - Hawk HT-10 Plaquettes de frein ; Avant<br \/>\nVous recherchez une p\u00e9dale de frein solide dans une plage de temp\u00e9rature mod\u00e9r\u00e9e, ne cherchez pas plus loin que les HT-10 de Hawk. Elles vous offrent un freinage initial doux et contr\u00f4lable, une sensation de p\u00e9dale constante et de meilleures performances. Ces plaquettes de frein Hawk HT-10 offrent un couple l\u00e9ger \u00e0 \u00e9lev\u00e9 et vous permettent de prendre facilement le contr\u00f4le de votre voiture. Temp\u00e9ratures de fonctionnement : 150-700\u00b0C Temp\u00e9rature optimale : 260-590\u00b0C<\/p>\n<p><strong>Sp\u00e9cifications :\u00a0<\/strong><\/p>\n<p>Fabricant Hawk<\/p>\n<p>Code UPC\/EAN 840653071435<\/p>\n<p>Composition des plaquettes de frein semi-m\u00e9talliques<\/p>\n<p>Num\u00e9ro FMSI D558-7437<\/p>\n<p>Type de plaquettes de frein Race<\/p>\n<p>Contenu de l'emballage 1 jeu de blocs pour deux \u00e9triers<\/p>\n<p>\u00c9paisseur du bloc int\u00e9rieur (mm) 17.53<\/p>\n<p>Hauteur du bloc int\u00e9rieur (mm) 57<\/p>\n<p>Largeur du bloc int\u00e9rieur (mm) 151<\/p>\n<p>Bloc d'\u00e9tiquettes HT-10<\/p>","protected":false},"excerpt":{"rendered":"<p>Deze HT-10 remblokken zijn een populaire keuze vanwege hun hoge duurzaamheid tijdens gebruik; deze blokken gaan erg lang mee en geven je optimale controle over je raceauto dankzij hun brede temperatuurbereik. &nbsp; Fitment BMW E46 316i &#8211; 328i &nbsp; &nbsp; HB136S.690 &#8211; Hawk HT-10 Remblokken; Voor Zoekt u een stevig rempedaal bij een gematigd temperatuurbereik, [&hellip;]<\/p>\n","protected":false},"featured_media":87435,"template":"","meta":{"_acf_changed":false},"product_brand":[],"product_cat":[4290],"product_tag":[],"class_list":{"0":"post-87425","1":"product","2":"type-product","3":"status-publish","4":"has-post-thumbnail","6":"product_cat-hawk-performance-e46","8":"first","9":"instock","10":"taxable","11":"shipping-taxable","12":"purchasable","13":"product-type-simple"},"acf":[],"yoast_head":"<!-- This site is optimized with the Yoast SEO plugin v27.1.1 - https:\/\/yoast.com\/product\/yoast-seo-wordpress\/ -->\n<title>Hawk HT-10 Remblokken; Voorzijde - Hoogstra Autosport<\/title>\n<meta name=\"robots\" content=\"index, follow, max-snippet:-1, max-image-preview:large, max-video-preview:-1\" \/>\n<link rel=\"canonical\" href=\"https:\/\/www.hoogstra-autosport.nl\/fr\/produit\/hawk-ht-10-remblokken-voorzijde\/\" \/>\n<meta property=\"og:locale\" content=\"fr_FR\" \/>\n<meta property=\"og:type\" content=\"article\" \/>\n<meta property=\"og:title\" content=\"Hawk HT-10 Remblokken; Voorzijde - Hoogstra Autosport\" \/>\n<meta property=\"og:description\" content=\"Deze HT-10 remblokken zijn een populaire keuze vanwege hun hoge duurzaamheid tijdens gebruik; deze blokken gaan erg lang mee en geven je optimale controle over je raceauto dankzij hun brede temperatuurbereik. &nbsp; Fitment BMW E46 316i &#8211; 328i &nbsp; &nbsp; HB136S.690 &#8211; Hawk HT-10 Remblokken; Voor Zoekt u een stevig rempedaal bij een gematigd temperatuurbereik, [&hellip;]\" \/>\n<meta property=\"og:url\" content=\"https:\/\/www.hoogstra-autosport.nl\/fr\/produit\/hawk-ht-10-remblokken-voorzijde\/\" \/>\n<meta property=\"og:site_name\" content=\"Hoogstra Autosport\" \/>\n<meta property=\"article:modified_time\" content=\"2025-07-21T15:34:33+00:00\" \/>\n<meta property=\"og:image\" content=\"https:\/\/hoogstra-autosport.nl\/teamkoen\/content\/uploads\/2025\/07\/HT10HA.jpg\" \/>\n\t<meta property=\"og:image:width\" content=\"1000\" \/>\n\t<meta property=\"og:image:height\" content=\"1000\" \/>\n\t<meta property=\"og:image:type\" content=\"image\/jpeg\" \/>\n<meta name=\"twitter:card\" content=\"summary_large_image\" \/>\n<meta name=\"twitter:label1\" content=\"Dur\u00e9e de lecture estim\u00e9e\" \/>\n\t<meta name=\"twitter:data1\" content=\"1 minute\" \/>\n<script type=\"application\/ld+json\" class=\"yoast-schema-graph\">{\"@context\":\"https:\/\/schema.org\",\"@graph\":[{\"@type\":\"WebPage\",\"@id\":\"https:\/\/www.hoogstra-autosport.nl\/product\/hawk-ht-10-remblokken-voorzijde\/\",\"url\":\"https:\/\/www.hoogstra-autosport.nl\/product\/hawk-ht-10-remblokken-voorzijde\/\",\"name\":\"Hawk HT-10 Remblokken; Voorzijde - Hoogstra Autosport\",\"isPartOf\":{\"@id\":\"https:\/\/www.hoogstra-autosport.nl\/#website\"},\"primaryImageOfPage\":{\"@id\":\"https:\/\/www.hoogstra-autosport.nl\/product\/hawk-ht-10-remblokken-voorzijde\/#primaryimage\"},\"image\":{\"@id\":\"https:\/\/www.hoogstra-autosport.nl\/product\/hawk-ht-10-remblokken-voorzijde\/#primaryimage\"},\"thumbnailUrl\":\"https:\/\/www.hoogstra-autosport.nl\/teamkoen\/wp-content\/uploads\/2025\/07\/HT10HA.jpg\",\"datePublished\":\"2025-07-02T09:06:52+00:00\",\"dateModified\":\"2025-07-21T15:34:33+00:00\",\"breadcrumb\":{\"@id\":\"https:\/\/www.hoogstra-autosport.nl\/product\/hawk-ht-10-remblokken-voorzijde\/#breadcrumb\"},\"inLanguage\":\"fr-FR\",\"potentialAction\":[{\"@type\":\"ReadAction\",\"target\":[\"https:\/\/www.hoogstra-autosport.nl\/product\/hawk-ht-10-remblokken-voorzijde\/\"]}]},{\"@type\":\"ImageObject\",\"inLanguage\":\"fr-FR\",\"@id\":\"https:\/\/www.hoogstra-autosport.nl\/product\/hawk-ht-10-remblokken-voorzijde\/#primaryimage\",\"url\":\"https:\/\/www.hoogstra-autosport.nl\/teamkoen\/wp-content\/uploads\/2025\/07\/HT10HA.jpg\",\"contentUrl\":\"https:\/\/www.hoogstra-autosport.nl\/teamkoen\/wp-content\/uploads\/2025\/07\/HT10HA.jpg\",\"width\":1000,\"height\":1000},{\"@type\":\"BreadcrumbList\",\"@id\":\"https:\/\/www.hoogstra-autosport.nl\/product\/hawk-ht-10-remblokken-voorzijde\/#breadcrumb\",\"itemListElement\":[{\"@type\":\"ListItem\",\"position\":1,\"name\":\"Home\",\"item\":\"https:\/\/www.hoogstra-autosport.nl\/\"},{\"@type\":\"ListItem\",\"position\":2,\"name\":\"Remmen\",\"item\":\"https:\/\/www.hoogstra-autosport.nl\/product-categorie\/remmen-2\/\"},{\"@type\":\"ListItem\",\"position\":3,\"name\":\"Hawk Performance\",\"item\":\"https:\/\/www.hoogstra-autosport.nl\/product-categorie\/remmen-2\/hawk-performance\/\"},{\"@type\":\"ListItem\",\"position\":4,\"name\":\"BMW E46\",\"item\":\"https:\/\/www.hoogstra-autosport.nl\/product-categorie\/remmen-2\/hawk-performance\/hawk-performance-e46\/\"},{\"@type\":\"ListItem\",\"position\":5,\"name\":\"Hawk HT-10 Remblokken; Voorzijde\"}]},{\"@type\":\"WebSite\",\"@id\":\"https:\/\/www.hoogstra-autosport.nl\/#website\",\"url\":\"https:\/\/www.hoogstra-autosport.nl\/\",\"name\":\"Hoogstra Autosport\",\"description\":\"Performance Autosport Parts!\",\"potentialAction\":[{\"@type\":\"SearchAction\",\"target\":{\"@type\":\"EntryPoint\",\"urlTemplate\":\"https:\/\/www.hoogstra-autosport.nl\/?s={search_term_string}\"},\"query-input\":{\"@type\":\"PropertyValueSpecification\",\"valueRequired\":true,\"valueName\":\"search_term_string\"}}],\"inLanguage\":\"fr-FR\"}]}<\/script>\n<!-- \/ Yoast SEO plugin. -->","yoast_head_json":{"title":"Hawk HT-10 Remblokken; Voorzijde - Hoogstra Autosport","robots":{"index":"index","follow":"follow","max-snippet":"max-snippet:-1","max-image-preview":"max-image-preview:large","max-video-preview":"max-video-preview:-1"},"canonical":"https:\/\/www.hoogstra-autosport.nl\/fr\/produit\/hawk-ht-10-remblokken-voorzijde\/","og_locale":"fr_FR","og_type":"article","og_title":"Hawk HT-10 Remblokken; Voorzijde - Hoogstra Autosport","og_description":"Deze HT-10 remblokken zijn een populaire keuze vanwege hun hoge duurzaamheid tijdens gebruik; deze blokken gaan erg lang mee en geven je optimale controle over je raceauto dankzij hun brede temperatuurbereik. &nbsp; Fitment BMW E46 316i &#8211; 328i &nbsp; &nbsp; HB136S.690 &#8211; Hawk HT-10 Remblokken; Voor Zoekt u een stevig rempedaal bij een gematigd temperatuurbereik, [&hellip;]","og_url":"https:\/\/www.hoogstra-autosport.nl\/fr\/produit\/hawk-ht-10-remblokken-voorzijde\/","og_site_name":"Hoogstra Autosport","article_modified_time":"2025-07-21T15:34:33+00:00","og_image":[{"width":1000,"height":1000,"url":"https:\/\/hoogstra-autosport.nl\/teamkoen\/content\/uploads\/2025\/07\/HT10HA.jpg","type":"image\/jpeg"}],"twitter_card":"summary_large_image","twitter_misc":{"Dur\u00e9e de lecture estim\u00e9e":"1 minute"},"schema":{"@context":"https:\/\/schema.org","@graph":[{"@type":"WebPage","@id":"https:\/\/www.hoogstra-autosport.nl\/product\/hawk-ht-10-remblokken-voorzijde\/","url":"https:\/\/www.hoogstra-autosport.nl\/product\/hawk-ht-10-remblokken-voorzijde\/","name":"Hawk HT-10 Remblokken; Voorzijde - Hoogstra Autosport","isPartOf":{"@id":"https:\/\/www.hoogstra-autosport.nl\/#website"},"primaryImageOfPage":{"@id":"https:\/\/www.hoogstra-autosport.nl\/product\/hawk-ht-10-remblokken-voorzijde\/#primaryimage"},"image":{"@id":"https:\/\/www.hoogstra-autosport.nl\/product\/hawk-ht-10-remblokken-voorzijde\/#primaryimage"},"thumbnailUrl":"https:\/\/www.hoogstra-autosport.nl\/teamkoen\/wp-content\/uploads\/2025\/07\/HT10HA.jpg","datePublished":"2025-07-02T09:06:52+00:00","dateModified":"2025-07-21T15:34:33+00:00","breadcrumb":{"@id":"https:\/\/www.hoogstra-autosport.nl\/product\/hawk-ht-10-remblokken-voorzijde\/#breadcrumb"},"inLanguage":"fr-FR","potentialAction":[{"@type":"ReadAction","target":["https:\/\/www.hoogstra-autosport.nl\/product\/hawk-ht-10-remblokken-voorzijde\/"]}]},{"@type":"ImageObject","inLanguage":"fr-FR","@id":"https:\/\/www.hoogstra-autosport.nl\/product\/hawk-ht-10-remblokken-voorzijde\/#primaryimage","url":"https:\/\/www.hoogstra-autosport.nl\/teamkoen\/wp-content\/uploads\/2025\/07\/HT10HA.jpg","contentUrl":"https:\/\/www.hoogstra-autosport.nl\/teamkoen\/wp-content\/uploads\/2025\/07\/HT10HA.jpg","width":1000,"height":1000},{"@type":"BreadcrumbList","@id":"https:\/\/www.hoogstra-autosport.nl\/product\/hawk-ht-10-remblokken-voorzijde\/#breadcrumb","itemListElement":[{"@type":"ListItem","position":1,"name":"Home","item":"https:\/\/www.hoogstra-autosport.nl\/"},{"@type":"ListItem","position":2,"name":"Remmen","item":"https:\/\/www.hoogstra-autosport.nl\/product-categorie\/remmen-2\/"},{"@type":"ListItem","position":3,"name":"Hawk Performance","item":"https:\/\/www.hoogstra-autosport.nl\/product-categorie\/remmen-2\/hawk-performance\/"},{"@type":"ListItem","position":4,"name":"BMW E46","item":"https:\/\/www.hoogstra-autosport.nl\/product-categorie\/remmen-2\/hawk-performance\/hawk-performance-e46\/"},{"@type":"ListItem","position":5,"name":"Hawk HT-10 Remblokken; Voorzijde"}]},{"@type":"WebSite","@id":"https:\/\/www.hoogstra-autosport.nl\/#website","url":"https:\/\/www.hoogstra-autosport.nl\/","name":"Hoogstra Autosport","description":"Performance Autosport Parts!","potentialAction":[{"@type":"SearchAction","target":{"@type":"EntryPoint","urlTemplate":"https:\/\/www.hoogstra-autosport.nl\/?s={search_term_string}"},"query-input":{"@type":"PropertyValueSpecification","valueRequired":true,"valueName":"search_term_string"}}],"inLanguage":"fr-FR"}]}},"tiered_pricing_type":"fixed","tiered_pricing_fixed_rules":[],"tiered_pricing_product_settings":{"layout":"default","base_unit_name":{"singular":null,"plural":null},"default_variation":null},"tiered_pricing_minimum_quantity":null,"tiered_pricing_roles_data":[],"tiered_pricing_percentage_rules":[],"tiered_pricing_maximum_quantity":null,"tiered_pricing_quantity_step":null,"_links":{"self":[{"href":"https:\/\/www.hoogstra-autosport.nl\/fr\/wp-json\/wp\/v2\/product\/87425","targetHints":{"allow":["GET"]}}],"collection":[{"href":"https:\/\/www.hoogstra-autosport.nl\/fr\/wp-json\/wp\/v2\/product"}],"about":[{"href":"https:\/\/www.hoogstra-autosport.nl\/fr\/wp-json\/wp\/v2\/types\/product"}],"wp:featuredmedia":[{"embeddable":true,"href":"https:\/\/www.hoogstra-autosport.nl\/fr\/wp-json\/wp\/v2\/media\/87435"}],"wp:attachment":[{"href":"https:\/\/www.hoogstra-autosport.nl\/fr\/wp-json\/wp\/v2\/media?parent=87425"}],"wp:term":[{"taxonomy":"product_brand","embeddable":true,"href":"https:\/\/www.hoogstra-autosport.nl\/fr\/wp-json\/wp\/v2\/product_brand?post=87425"},{"taxonomy":"product_cat","embeddable":true,"href":"https:\/\/www.hoogstra-autosport.nl\/fr\/wp-json\/wp\/v2\/product_cat?post=87425"},{"taxonomy":"product_tag","embeddable":true,"href":"https:\/\/www.hoogstra-autosport.nl\/fr\/wp-json\/wp\/v2\/product_tag?post=87425"}],"curies":[{"name":"wp","href":"https:\/\/api.w.org\/{rel}","templated":true}]}}