{"id":87352,"date":"2025-07-01T11:56:20","date_gmt":"2025-07-01T09:56:20","guid":{"rendered":"https:\/\/www.hoogstra-autosport.nl\/?post_type=product&#038;p=87352"},"modified":"2025-12-11T15:53:13","modified_gmt":"2025-12-11T14:53:13","slug":"remblokken-wilwood-bp-30-powerlite-4st","status":"publish","type":"product","link":"https:\/\/www.hoogstra-autosport.nl\/fr\/produit\/remblokken-wilwood-bp-30-powerlite-4st\/","title":{"rendered":"Plaquettes de frein Wilwood BP-30 Powerlite 4pcs"},"content":{"rendered":"<p>Les plaquettes de frein Wilwood BP-30 (r\u00e9f\u00e9rence 150-30-7912K) sont connues comme \u00e9tant un compos\u00e9 de course haute performance, sp\u00e9cialement d\u00e9velopp\u00e9 pour les conditions exigeantes du sport automobile.<\/p>\n<p>&nbsp;<\/p>\n<ul>\n<li>Frottement \u00e9lev\u00e9 + r\u00e9ponse initiale moyenne : fournit une force de freinage imm\u00e9diate et puissante \u00e0 temp\u00e9rature froide du rotor, qui ne fait que s'intensifier au fur et \u00e0 mesure que la temp\u00e9rature augmente.<\/li>\n<li>Faible usure sous fortes charges : m\u00eame sous une chaleur extr\u00eame, ces plaquettes de frein restent durables sans usure pr\u00e9matur\u00e9e ().<\/li>\n<li>Excellente modulation et r\u00e9ponse lin\u00e9aire : r\u00e9ponse pr\u00e9visible, id\u00e9ale pour la gestion de la pr\u00e9cision dans les man\u0153uvres de freinage intense.<\/li>\n<li>Tr\u00e8s haute r\u00e9sistance \u00e0 la chaleur : con\u00e7u pour des temp\u00e9ratures bien sup\u00e9rieures \u00e0 700 \u00b0C - r\u00e9sistant \u00e0 la d\u00e9coloration et adapt\u00e9 \u00e0 un freinage intensif prolong\u00e9.<\/li>\n<\/ul>\n<p>&nbsp;<\/p>\n<p><strong>Sp\u00e9cifications :<\/strong><\/p>\n<ul>\n<li>Compos\u00e9 : compos\u00e9 de course BP-30<\/li>\n<li>Tampon s\u00e9rie : 7912 - convient \u00e0 Wilwood Powerlite<\/li>\n<li>\u00c9paisseur : 0,49 pouce (\u2248 12,4 mm)<\/li>\n<li>\u00a0Jeu de 4 plaquettes de frein<\/li>\n<\/ul>","protected":false},"excerpt":{"rendered":"<p>De Wilwood BP\u201130 remblokken (artikelnummer 150\u201130\u20117912K) staan bekend als een high-performance racecompound, speciaal ontwikkeld voor veeleisende omstandigheden op autosport gebied &nbsp; Hoge wrijving + Medium initi\u00eble respons: levert directe en krachtige remkracht bij koude rotortemperatuur, die alleen maar sterker wordt naarmate de temperatuur oploopt\u00a0 . Weinig slijtage onder hoge belasting: zelfs bij extreme hitte blijven [&hellip;]<\/p>\n","protected":false},"featured_media":95070,"template":"","meta":{"_acf_changed":false},"product_brand":[],"product_cat":[2850,2852],"product_tag":[],"class_list":{"0":"post-87352","1":"product","2":"type-product","3":"status-publish","4":"has-post-thumbnail","6":"product_cat-remblokken","7":"product_cat-remklauwen-wilwood","8":"product_shipping_class-4016","10":"first","11":"instock","12":"taxable","13":"shipping-taxable","14":"purchasable","15":"product-type-simple"},"acf":[],"yoast_head":"<!-- This site is optimized with the Yoast SEO plugin v27.1.1 - https:\/\/yoast.com\/product\/yoast-seo-wordpress\/ -->\n<title>Remblokken Wilwood BP-30 Powerlite 4st - Hoogstra Autosport<\/title>\n<meta name=\"robots\" content=\"index, follow, max-snippet:-1, max-image-preview:large, max-video-preview:-1\" \/>\n<link rel=\"canonical\" href=\"https:\/\/www.hoogstra-autosport.nl\/fr\/produit\/remblokken-wilwood-bp-30-powerlite-4st\/\" \/>\n<meta property=\"og:locale\" content=\"fr_FR\" \/>\n<meta property=\"og:type\" content=\"article\" \/>\n<meta property=\"og:title\" content=\"Remblokken Wilwood BP-30 Powerlite 4st - Hoogstra Autosport\" \/>\n<meta property=\"og:description\" content=\"De Wilwood BP\u201130 remblokken (artikelnummer 150\u201130\u20117912K) staan bekend als een high-performance racecompound, speciaal ontwikkeld voor veeleisende omstandigheden op autosport gebied &nbsp; Hoge wrijving + Medium initi\u00eble respons: levert directe en krachtige remkracht bij koude rotortemperatuur, die alleen maar sterker wordt naarmate de temperatuur oploopt\u00a0 . Weinig slijtage onder hoge belasting: zelfs bij extreme hitte blijven [&hellip;]\" \/>\n<meta property=\"og:url\" content=\"https:\/\/www.hoogstra-autosport.nl\/fr\/produit\/remblokken-wilwood-bp-30-powerlite-4st\/\" \/>\n<meta property=\"og:site_name\" content=\"Hoogstra Autosport\" \/>\n<meta property=\"article:modified_time\" content=\"2025-12-11T14:53:13+00:00\" \/>\n<meta property=\"og:image\" content=\"https:\/\/www.hoogstra-autosport.nl\/teamkoen\/wp-content\/uploads\/2025\/07\/Untitled-Project-39.jpg\" \/>\n\t<meta property=\"og:image:width\" content=\"1080\" \/>\n\t<meta property=\"og:image:height\" content=\"1080\" \/>\n\t<meta property=\"og:image:type\" content=\"image\/jpeg\" \/>\n<meta name=\"twitter:card\" content=\"summary_large_image\" \/>\n<meta name=\"twitter:label1\" content=\"Dur\u00e9e de lecture estim\u00e9e\" \/>\n\t<meta name=\"twitter:data1\" content=\"1 minute\" \/>\n<script type=\"application\/ld+json\" class=\"yoast-schema-graph\">{\"@context\":\"https:\/\/schema.org\",\"@graph\":[{\"@type\":\"WebPage\",\"@id\":\"https:\/\/www.hoogstra-autosport.nl\/product\/remblokken-wilwood-bp-30-powerlite-4st\/\",\"url\":\"https:\/\/www.hoogstra-autosport.nl\/product\/remblokken-wilwood-bp-30-powerlite-4st\/\",\"name\":\"Remblokken Wilwood BP-30 Powerlite 4st - Hoogstra Autosport\",\"isPartOf\":{\"@id\":\"https:\/\/www.hoogstra-autosport.nl\/#website\"},\"primaryImageOfPage\":{\"@id\":\"https:\/\/www.hoogstra-autosport.nl\/product\/remblokken-wilwood-bp-30-powerlite-4st\/#primaryimage\"},\"image\":{\"@id\":\"https:\/\/www.hoogstra-autosport.nl\/product\/remblokken-wilwood-bp-30-powerlite-4st\/#primaryimage\"},\"thumbnailUrl\":\"https:\/\/www.hoogstra-autosport.nl\/teamkoen\/wp-content\/uploads\/2025\/07\/Untitled-Project-39.jpg\",\"datePublished\":\"2025-07-01T09:56:20+00:00\",\"dateModified\":\"2025-12-11T14:53:13+00:00\",\"breadcrumb\":{\"@id\":\"https:\/\/www.hoogstra-autosport.nl\/product\/remblokken-wilwood-bp-30-powerlite-4st\/#breadcrumb\"},\"inLanguage\":\"fr-FR\",\"potentialAction\":[{\"@type\":\"ReadAction\",\"target\":[\"https:\/\/www.hoogstra-autosport.nl\/product\/remblokken-wilwood-bp-30-powerlite-4st\/\"]}]},{\"@type\":\"ImageObject\",\"inLanguage\":\"fr-FR\",\"@id\":\"https:\/\/www.hoogstra-autosport.nl\/product\/remblokken-wilwood-bp-30-powerlite-4st\/#primaryimage\",\"url\":\"https:\/\/www.hoogstra-autosport.nl\/teamkoen\/wp-content\/uploads\/2025\/07\/Untitled-Project-39.jpg\",\"contentUrl\":\"https:\/\/www.hoogstra-autosport.nl\/teamkoen\/wp-content\/uploads\/2025\/07\/Untitled-Project-39.jpg\",\"width\":1080,\"height\":1080},{\"@type\":\"BreadcrumbList\",\"@id\":\"https:\/\/www.hoogstra-autosport.nl\/product\/remblokken-wilwood-bp-30-powerlite-4st\/#breadcrumb\",\"itemListElement\":[{\"@type\":\"ListItem\",\"position\":1,\"name\":\"Home\",\"item\":\"https:\/\/www.hoogstra-autosport.nl\/\"},{\"@type\":\"ListItem\",\"position\":2,\"name\":\"Remmen\",\"item\":\"https:\/\/www.hoogstra-autosport.nl\/product-categorie\/remmen-2\/\"},{\"@type\":\"ListItem\",\"position\":3,\"name\":\"Remblokken\",\"item\":\"https:\/\/www.hoogstra-autosport.nl\/product-categorie\/remmen-2\/remblokken\/\"},{\"@type\":\"ListItem\",\"position\":4,\"name\":\"Remblokken Wilwood BP-30 Powerlite 4st\"}]},{\"@type\":\"WebSite\",\"@id\":\"https:\/\/www.hoogstra-autosport.nl\/#website\",\"url\":\"https:\/\/www.hoogstra-autosport.nl\/\",\"name\":\"Hoogstra Autosport\",\"description\":\"Performance Autosport Parts!\",\"potentialAction\":[{\"@type\":\"SearchAction\",\"target\":{\"@type\":\"EntryPoint\",\"urlTemplate\":\"https:\/\/www.hoogstra-autosport.nl\/?s={search_term_string}\"},\"query-input\":{\"@type\":\"PropertyValueSpecification\",\"valueRequired\":true,\"valueName\":\"search_term_string\"}}],\"inLanguage\":\"fr-FR\"}]}<\/script>\n<!-- \/ Yoast SEO plugin. -->","yoast_head_json":{"title":"Remblokken Wilwood BP-30 Powerlite 4st - Hoogstra Autosport","robots":{"index":"index","follow":"follow","max-snippet":"max-snippet:-1","max-image-preview":"max-image-preview:large","max-video-preview":"max-video-preview:-1"},"canonical":"https:\/\/www.hoogstra-autosport.nl\/fr\/produit\/remblokken-wilwood-bp-30-powerlite-4st\/","og_locale":"fr_FR","og_type":"article","og_title":"Remblokken Wilwood BP-30 Powerlite 4st - Hoogstra Autosport","og_description":"De Wilwood BP\u201130 remblokken (artikelnummer 150\u201130\u20117912K) staan bekend als een high-performance racecompound, speciaal ontwikkeld voor veeleisende omstandigheden op autosport gebied &nbsp; Hoge wrijving + Medium initi\u00eble respons: levert directe en krachtige remkracht bij koude rotortemperatuur, die alleen maar sterker wordt naarmate de temperatuur oploopt\u00a0 . Weinig slijtage onder hoge belasting: zelfs bij extreme hitte blijven [&hellip;]","og_url":"https:\/\/www.hoogstra-autosport.nl\/fr\/produit\/remblokken-wilwood-bp-30-powerlite-4st\/","og_site_name":"Hoogstra Autosport","article_modified_time":"2025-12-11T14:53:13+00:00","og_image":[{"width":1080,"height":1080,"url":"https:\/\/www.hoogstra-autosport.nl\/teamkoen\/wp-content\/uploads\/2025\/07\/Untitled-Project-39.jpg","type":"image\/jpeg"}],"twitter_card":"summary_large_image","twitter_misc":{"Dur\u00e9e de lecture estim\u00e9e":"1 minute"},"schema":{"@context":"https:\/\/schema.org","@graph":[{"@type":"WebPage","@id":"https:\/\/www.hoogstra-autosport.nl\/product\/remblokken-wilwood-bp-30-powerlite-4st\/","url":"https:\/\/www.hoogstra-autosport.nl\/product\/remblokken-wilwood-bp-30-powerlite-4st\/","name":"Remblokken Wilwood BP-30 Powerlite 4st - Hoogstra Autosport","isPartOf":{"@id":"https:\/\/www.hoogstra-autosport.nl\/#website"},"primaryImageOfPage":{"@id":"https:\/\/www.hoogstra-autosport.nl\/product\/remblokken-wilwood-bp-30-powerlite-4st\/#primaryimage"},"image":{"@id":"https:\/\/www.hoogstra-autosport.nl\/product\/remblokken-wilwood-bp-30-powerlite-4st\/#primaryimage"},"thumbnailUrl":"https:\/\/www.hoogstra-autosport.nl\/teamkoen\/wp-content\/uploads\/2025\/07\/Untitled-Project-39.jpg","datePublished":"2025-07-01T09:56:20+00:00","dateModified":"2025-12-11T14:53:13+00:00","breadcrumb":{"@id":"https:\/\/www.hoogstra-autosport.nl\/product\/remblokken-wilwood-bp-30-powerlite-4st\/#breadcrumb"},"inLanguage":"fr-FR","potentialAction":[{"@type":"ReadAction","target":["https:\/\/www.hoogstra-autosport.nl\/product\/remblokken-wilwood-bp-30-powerlite-4st\/"]}]},{"@type":"ImageObject","inLanguage":"fr-FR","@id":"https:\/\/www.hoogstra-autosport.nl\/product\/remblokken-wilwood-bp-30-powerlite-4st\/#primaryimage","url":"https:\/\/www.hoogstra-autosport.nl\/teamkoen\/wp-content\/uploads\/2025\/07\/Untitled-Project-39.jpg","contentUrl":"https:\/\/www.hoogstra-autosport.nl\/teamkoen\/wp-content\/uploads\/2025\/07\/Untitled-Project-39.jpg","width":1080,"height":1080},{"@type":"BreadcrumbList","@id":"https:\/\/www.hoogstra-autosport.nl\/product\/remblokken-wilwood-bp-30-powerlite-4st\/#breadcrumb","itemListElement":[{"@type":"ListItem","position":1,"name":"Home","item":"https:\/\/www.hoogstra-autosport.nl\/"},{"@type":"ListItem","position":2,"name":"Remmen","item":"https:\/\/www.hoogstra-autosport.nl\/product-categorie\/remmen-2\/"},{"@type":"ListItem","position":3,"name":"Remblokken","item":"https:\/\/www.hoogstra-autosport.nl\/product-categorie\/remmen-2\/remblokken\/"},{"@type":"ListItem","position":4,"name":"Remblokken Wilwood BP-30 Powerlite 4st"}]},{"@type":"WebSite","@id":"https:\/\/www.hoogstra-autosport.nl\/#website","url":"https:\/\/www.hoogstra-autosport.nl\/","name":"Hoogstra Autosport","description":"Performance Autosport Parts!","potentialAction":[{"@type":"SearchAction","target":{"@type":"EntryPoint","urlTemplate":"https:\/\/www.hoogstra-autosport.nl\/?s={search_term_string}"},"query-input":{"@type":"PropertyValueSpecification","valueRequired":true,"valueName":"search_term_string"}}],"inLanguage":"fr-FR"}]}},"tiered_pricing_type":"fixed","tiered_pricing_fixed_rules":[],"tiered_pricing_product_settings":{"layout":"default","base_unit_name":{"singular":null,"plural":null},"default_variation":null},"tiered_pricing_minimum_quantity":null,"tiered_pricing_roles_data":[],"tiered_pricing_percentage_rules":[],"tiered_pricing_maximum_quantity":null,"tiered_pricing_quantity_step":null,"_links":{"self":[{"href":"https:\/\/www.hoogstra-autosport.nl\/fr\/wp-json\/wp\/v2\/product\/87352","targetHints":{"allow":["GET"]}}],"collection":[{"href":"https:\/\/www.hoogstra-autosport.nl\/fr\/wp-json\/wp\/v2\/product"}],"about":[{"href":"https:\/\/www.hoogstra-autosport.nl\/fr\/wp-json\/wp\/v2\/types\/product"}],"wp:featuredmedia":[{"embeddable":true,"href":"https:\/\/www.hoogstra-autosport.nl\/fr\/wp-json\/wp\/v2\/media\/95070"}],"wp:attachment":[{"href":"https:\/\/www.hoogstra-autosport.nl\/fr\/wp-json\/wp\/v2\/media?parent=87352"}],"wp:term":[{"taxonomy":"product_brand","embeddable":true,"href":"https:\/\/www.hoogstra-autosport.nl\/fr\/wp-json\/wp\/v2\/product_brand?post=87352"},{"taxonomy":"product_cat","embeddable":true,"href":"https:\/\/www.hoogstra-autosport.nl\/fr\/wp-json\/wp\/v2\/product_cat?post=87352"},{"taxonomy":"product_tag","embeddable":true,"href":"https:\/\/www.hoogstra-autosport.nl\/fr\/wp-json\/wp\/v2\/product_tag?post=87352"}],"curies":[{"name":"wp","href":"https:\/\/api.w.org\/{rel}","templated":true}]}}