{"id":86988,"date":"2025-06-24T16:23:56","date_gmt":"2025-06-24T14:23:56","guid":{"rendered":"https:\/\/www.hoogstra-autosport.nl\/?post_type=product&#038;p=86988"},"modified":"2025-06-24T16:31:40","modified_gmt":"2025-06-24T14:31:40","slug":"scott-prospect-wfs-green","status":"publish","type":"product","link":"https:\/\/www.hoogstra-autosport.nl\/fr\/produit\/scott-prospect-wfs-green\/","title":{"rendered":"Scott Prospect WFS GREEN"},"content":{"rendered":"<p><span class=\"jCAhz ChMk0b\"><span class=\"ryNqvb\">Les lunettes SCOTT Prospect WFS sont la solution parfaite pour les courses dans des conditions humides et boueuses.<\/span><\/span> <span class=\"jCAhz ChMk0b\"><span class=\"ryNqvb\">Il est \u00e9quip\u00e9 d'un syst\u00e8me d'enroulement WFS50 pour un champ de vision large et clair lorsque la boue commence \u00e0 se r\u00e9pandre.<\/span><\/span> <span class=\"jCAhz ChMk0b\"><span class=\"ryNqvb\">Les bagues peuvent \u00eatre cliqu\u00e9es directement sur les araign\u00e9es de roue WORKS pour une installation rapide et facile, sans outils.<\/span><\/span> <span class=\"jCAhz ChMk0b\"><span class=\"ryNqvb\">Les bandes d\u00e9tachables peuvent ensuite \u00eatre facilement install\u00e9es sur les m\u00eames broches pour une protection suppl\u00e9mentaire de la visibilit\u00e9.<\/span><\/span> <span class=\"jCAhz ChMk0b\"><span class=\"ryNqvb\">La grille transparente anti-adh\u00e9rente offre un champ de vision sup\u00e9rieur, un glissement en douceur sur la lentille et une meilleure \u00e9tanch\u00e9it\u00e9 avec la lentille en haut.<\/span><\/span><\/p>\n<p><span class=\"jCAhz ChMk0b\"><span class=\"ryNqvb\">TECHNOLOGIES DU CADRE<\/span><\/span> <span class=\"jCAhz ChMk0b\"><span class=\"ryNqvb\">50 mm WORKS syst\u00e8me de film douilles<\/span><\/span> <span class=\"jCAhz ChMk0b\"><span class=\"ryNqvb\">Grille antiadh\u00e9sive SCOTT avec protection contre les \u00e9claboussures<\/span><\/span> <span class=\"jCAhz ChMk0b\"><span class=\"ryNqvb\">Syst\u00e8me de verrouillage de l'objectif<\/span><\/span> <span class=\"jCAhz ChMk0b\"><span class=\"ryNqvb\">Tampons articul\u00e9s<\/span><\/span> <span class=\"jCAhz ChMk0b\"><span class=\"ryNqvb\">Mousse faciale moul\u00e9e \u00e0 3 couches NoSweat<\/span><\/span><\/p>\n<p><span class=\"jCAhz ChMk0b\"><span class=\"ryNqvb\">Sangle antid\u00e9rapante en silicone extra-large<\/span><\/span> <span class=\"jCAhz ChMk0b\"><span class=\"ryNqvb\">TECHNOLOGIES DES LENTILLES<\/span><\/span> <span class=\"jCAhz ChMk0b\"><span class=\"ryNqvb\">Lentille SCOTT TruView single WORKS<\/span><\/span> <span class=\"jCAhz ChMk0b\"><span class=\"ryNqvb\">Traitement antibu\u00e9e NoFog\u2122 des lentilles<\/span><\/span> <span class=\"jCAhz ChMk0b\"><span class=\"ryNqvb\">ACCESSOIRES<\/span><\/span> <span class=\"jCAhz ChMk0b\"><span class=\"ryNqvb\">2 rouleaux de film<\/span><\/span> <span class=\"jCAhz ChMk0b\"><span class=\"ryNqvb\">Etui \u00e0 lunettes en microfibre<\/span><\/span> <span class=\"jCAhz ChMk0b\"><span class=\"ryNqvb\">Prot\u00e8ge-nez<\/span><\/span><\/p>","protected":false},"excerpt":{"rendered":"<p>De SCOTT Prospect WFS Goggle is de perfecte oplossing voor racen in natte en modderige omstandigheden. Hij is uitgerust met een WFS50-afrolsysteem voor een groot en helder gezichtsveld wanneer de modder begint op te spuiten. De bussen kunnen rechtstreeks op de WORKS-lenspinnen worden geklikt voor een snelle en eenvoudige installatie, zonder gereedschap. Tear-offs kunnen vervolgens [&hellip;]<\/p>\n","protected":false},"featured_media":86989,"template":"","meta":{"_acf_changed":false},"product_brand":[],"product_cat":[4183,4282],"product_tag":[],"class_list":{"0":"post-86988","1":"product","2":"type-product","3":"status-publish","4":"has-post-thumbnail","6":"product_cat-scott-brillen-delen","7":"product_cat-scott-goggle-prospect","8":"product_shipping_class-4016","10":"first","11":"instock","12":"taxable","13":"shipping-taxable","14":"purchasable","15":"product-type-simple"},"acf":[],"yoast_head":"<!-- This site is optimized with the Yoast SEO plugin v27.1.1 - https:\/\/yoast.com\/product\/yoast-seo-wordpress\/ -->\n<title>Scott Prospect WFS GREEN - Hoogstra Autosport<\/title>\n<meta name=\"robots\" content=\"index, follow, max-snippet:-1, max-image-preview:large, max-video-preview:-1\" \/>\n<link rel=\"canonical\" href=\"https:\/\/www.hoogstra-autosport.nl\/fr\/produit\/scott-prospect-wfs-green\/\" \/>\n<meta property=\"og:locale\" content=\"fr_FR\" \/>\n<meta property=\"og:type\" content=\"article\" \/>\n<meta property=\"og:title\" content=\"Scott Prospect WFS GREEN - Hoogstra Autosport\" \/>\n<meta property=\"og:description\" content=\"De SCOTT Prospect WFS Goggle is de perfecte oplossing voor racen in natte en modderige omstandigheden. Hij is uitgerust met een WFS50-afrolsysteem voor een groot en helder gezichtsveld wanneer de modder begint op te spuiten. De bussen kunnen rechtstreeks op de WORKS-lenspinnen worden geklikt voor een snelle en eenvoudige installatie, zonder gereedschap. Tear-offs kunnen vervolgens [&hellip;]\" \/>\n<meta property=\"og:url\" content=\"https:\/\/www.hoogstra-autosport.nl\/fr\/produit\/scott-prospect-wfs-green\/\" \/>\n<meta property=\"og:site_name\" content=\"Hoogstra Autosport\" \/>\n<meta property=\"article:modified_time\" content=\"2025-06-24T14:31:40+00:00\" \/>\n<meta property=\"og:image\" content=\"https:\/\/www.hoogstra-autosport.nl\/teamkoen\/content\/uploads\/2025\/06\/processed-61DBF5F3-6EA4-4C73-8ACC-D4AA5ED9567A.jpeg\" \/>\n\t<meta property=\"og:image:width\" content=\"1870\" \/>\n\t<meta property=\"og:image:height\" content=\"1870\" \/>\n\t<meta property=\"og:image:type\" content=\"image\/jpeg\" \/>\n<meta name=\"twitter:card\" content=\"summary_large_image\" \/>\n<meta name=\"twitter:label1\" content=\"Dur\u00e9e de lecture estim\u00e9e\" \/>\n\t<meta name=\"twitter:data1\" content=\"1 minute\" \/>\n<script type=\"application\/ld+json\" class=\"yoast-schema-graph\">{\"@context\":\"https:\/\/schema.org\",\"@graph\":[{\"@type\":\"WebPage\",\"@id\":\"https:\/\/www.hoogstra-autosport.nl\/product\/scott-prospect-wfs-green\/\",\"url\":\"https:\/\/www.hoogstra-autosport.nl\/product\/scott-prospect-wfs-green\/\",\"name\":\"Scott Prospect WFS GREEN - Hoogstra Autosport\",\"isPartOf\":{\"@id\":\"https:\/\/www.hoogstra-autosport.nl\/#website\"},\"primaryImageOfPage\":{\"@id\":\"https:\/\/www.hoogstra-autosport.nl\/product\/scott-prospect-wfs-green\/#primaryimage\"},\"image\":{\"@id\":\"https:\/\/www.hoogstra-autosport.nl\/product\/scott-prospect-wfs-green\/#primaryimage\"},\"thumbnailUrl\":\"https:\/\/www.hoogstra-autosport.nl\/teamkoen\/wp-content\/uploads\/2025\/06\/processed-61DBF5F3-6EA4-4C73-8ACC-D4AA5ED9567A.jpeg\",\"datePublished\":\"2025-06-24T14:23:56+00:00\",\"dateModified\":\"2025-06-24T14:31:40+00:00\",\"breadcrumb\":{\"@id\":\"https:\/\/www.hoogstra-autosport.nl\/product\/scott-prospect-wfs-green\/#breadcrumb\"},\"inLanguage\":\"fr-FR\",\"potentialAction\":[{\"@type\":\"ReadAction\",\"target\":[\"https:\/\/www.hoogstra-autosport.nl\/product\/scott-prospect-wfs-green\/\"]}]},{\"@type\":\"ImageObject\",\"inLanguage\":\"fr-FR\",\"@id\":\"https:\/\/www.hoogstra-autosport.nl\/product\/scott-prospect-wfs-green\/#primaryimage\",\"url\":\"https:\/\/www.hoogstra-autosport.nl\/teamkoen\/wp-content\/uploads\/2025\/06\/processed-61DBF5F3-6EA4-4C73-8ACC-D4AA5ED9567A.jpeg\",\"contentUrl\":\"https:\/\/www.hoogstra-autosport.nl\/teamkoen\/wp-content\/uploads\/2025\/06\/processed-61DBF5F3-6EA4-4C73-8ACC-D4AA5ED9567A.jpeg\",\"width\":1870,\"height\":1870},{\"@type\":\"BreadcrumbList\",\"@id\":\"https:\/\/www.hoogstra-autosport.nl\/product\/scott-prospect-wfs-green\/#breadcrumb\",\"itemListElement\":[{\"@type\":\"ListItem\",\"position\":1,\"name\":\"Home\",\"item\":\"https:\/\/www.hoogstra-autosport.nl\/\"},{\"@type\":\"ListItem\",\"position\":2,\"name\":\"Uitrusting\",\"item\":\"https:\/\/www.hoogstra-autosport.nl\/product-categorie\/autosport-kleding-helmen\/\"},{\"@type\":\"ListItem\",\"position\":3,\"name\":\"Crossbrillen\",\"item\":\"https:\/\/www.hoogstra-autosport.nl\/product-categorie\/autosport-kleding-helmen\/crossbrillen\/\"},{\"@type\":\"ListItem\",\"position\":4,\"name\":\"Scott Brillen &amp; Delen\",\"item\":\"https:\/\/www.hoogstra-autosport.nl\/product-categorie\/autosport-kleding-helmen\/crossbrillen\/scott-brillen-delen\/\"},{\"@type\":\"ListItem\",\"position\":5,\"name\":\"Scott Goggle Prospect\",\"item\":\"https:\/\/www.hoogstra-autosport.nl\/product-categorie\/autosport-kleding-helmen\/crossbrillen\/scott-brillen-delen\/scott-goggle-prospect\/\"},{\"@type\":\"ListItem\",\"position\":6,\"name\":\"Scott Prospect WFS GREEN\"}]},{\"@type\":\"WebSite\",\"@id\":\"https:\/\/www.hoogstra-autosport.nl\/#website\",\"url\":\"https:\/\/www.hoogstra-autosport.nl\/\",\"name\":\"Hoogstra Autosport\",\"description\":\"Performance Autosport Parts!\",\"potentialAction\":[{\"@type\":\"SearchAction\",\"target\":{\"@type\":\"EntryPoint\",\"urlTemplate\":\"https:\/\/www.hoogstra-autosport.nl\/?s={search_term_string}\"},\"query-input\":{\"@type\":\"PropertyValueSpecification\",\"valueRequired\":true,\"valueName\":\"search_term_string\"}}],\"inLanguage\":\"fr-FR\"}]}<\/script>\n<!-- \/ Yoast SEO plugin. -->","yoast_head_json":{"title":"Scott Prospect WFS GREEN - Hoogstra Autosport","robots":{"index":"index","follow":"follow","max-snippet":"max-snippet:-1","max-image-preview":"max-image-preview:large","max-video-preview":"max-video-preview:-1"},"canonical":"https:\/\/www.hoogstra-autosport.nl\/fr\/produit\/scott-prospect-wfs-green\/","og_locale":"fr_FR","og_type":"article","og_title":"Scott Prospect WFS GREEN - Hoogstra Autosport","og_description":"De SCOTT Prospect WFS Goggle is de perfecte oplossing voor racen in natte en modderige omstandigheden. Hij is uitgerust met een WFS50-afrolsysteem voor een groot en helder gezichtsveld wanneer de modder begint op te spuiten. De bussen kunnen rechtstreeks op de WORKS-lenspinnen worden geklikt voor een snelle en eenvoudige installatie, zonder gereedschap. Tear-offs kunnen vervolgens [&hellip;]","og_url":"https:\/\/www.hoogstra-autosport.nl\/fr\/produit\/scott-prospect-wfs-green\/","og_site_name":"Hoogstra Autosport","article_modified_time":"2025-06-24T14:31:40+00:00","og_image":[{"width":1870,"height":1870,"url":"https:\/\/www.hoogstra-autosport.nl\/teamkoen\/content\/uploads\/2025\/06\/processed-61DBF5F3-6EA4-4C73-8ACC-D4AA5ED9567A.jpeg","type":"image\/jpeg"}],"twitter_card":"summary_large_image","twitter_misc":{"Dur\u00e9e de lecture estim\u00e9e":"1 minute"},"schema":{"@context":"https:\/\/schema.org","@graph":[{"@type":"WebPage","@id":"https:\/\/www.hoogstra-autosport.nl\/product\/scott-prospect-wfs-green\/","url":"https:\/\/www.hoogstra-autosport.nl\/product\/scott-prospect-wfs-green\/","name":"Scott Prospect WFS GREEN - Hoogstra Autosport","isPartOf":{"@id":"https:\/\/www.hoogstra-autosport.nl\/#website"},"primaryImageOfPage":{"@id":"https:\/\/www.hoogstra-autosport.nl\/product\/scott-prospect-wfs-green\/#primaryimage"},"image":{"@id":"https:\/\/www.hoogstra-autosport.nl\/product\/scott-prospect-wfs-green\/#primaryimage"},"thumbnailUrl":"https:\/\/www.hoogstra-autosport.nl\/teamkoen\/wp-content\/uploads\/2025\/06\/processed-61DBF5F3-6EA4-4C73-8ACC-D4AA5ED9567A.jpeg","datePublished":"2025-06-24T14:23:56+00:00","dateModified":"2025-06-24T14:31:40+00:00","breadcrumb":{"@id":"https:\/\/www.hoogstra-autosport.nl\/product\/scott-prospect-wfs-green\/#breadcrumb"},"inLanguage":"fr-FR","potentialAction":[{"@type":"ReadAction","target":["https:\/\/www.hoogstra-autosport.nl\/product\/scott-prospect-wfs-green\/"]}]},{"@type":"ImageObject","inLanguage":"fr-FR","@id":"https:\/\/www.hoogstra-autosport.nl\/product\/scott-prospect-wfs-green\/#primaryimage","url":"https:\/\/www.hoogstra-autosport.nl\/teamkoen\/wp-content\/uploads\/2025\/06\/processed-61DBF5F3-6EA4-4C73-8ACC-D4AA5ED9567A.jpeg","contentUrl":"https:\/\/www.hoogstra-autosport.nl\/teamkoen\/wp-content\/uploads\/2025\/06\/processed-61DBF5F3-6EA4-4C73-8ACC-D4AA5ED9567A.jpeg","width":1870,"height":1870},{"@type":"BreadcrumbList","@id":"https:\/\/www.hoogstra-autosport.nl\/product\/scott-prospect-wfs-green\/#breadcrumb","itemListElement":[{"@type":"ListItem","position":1,"name":"Home","item":"https:\/\/www.hoogstra-autosport.nl\/"},{"@type":"ListItem","position":2,"name":"Uitrusting","item":"https:\/\/www.hoogstra-autosport.nl\/product-categorie\/autosport-kleding-helmen\/"},{"@type":"ListItem","position":3,"name":"Crossbrillen","item":"https:\/\/www.hoogstra-autosport.nl\/product-categorie\/autosport-kleding-helmen\/crossbrillen\/"},{"@type":"ListItem","position":4,"name":"Scott Brillen &amp; Delen","item":"https:\/\/www.hoogstra-autosport.nl\/product-categorie\/autosport-kleding-helmen\/crossbrillen\/scott-brillen-delen\/"},{"@type":"ListItem","position":5,"name":"Scott Goggle Prospect","item":"https:\/\/www.hoogstra-autosport.nl\/product-categorie\/autosport-kleding-helmen\/crossbrillen\/scott-brillen-delen\/scott-goggle-prospect\/"},{"@type":"ListItem","position":6,"name":"Scott Prospect WFS GREEN"}]},{"@type":"WebSite","@id":"https:\/\/www.hoogstra-autosport.nl\/#website","url":"https:\/\/www.hoogstra-autosport.nl\/","name":"Hoogstra Autosport","description":"Performance Autosport Parts!","potentialAction":[{"@type":"SearchAction","target":{"@type":"EntryPoint","urlTemplate":"https:\/\/www.hoogstra-autosport.nl\/?s={search_term_string}"},"query-input":{"@type":"PropertyValueSpecification","valueRequired":true,"valueName":"search_term_string"}}],"inLanguage":"fr-FR"}]}},"tiered_pricing_type":"fixed","tiered_pricing_fixed_rules":[],"tiered_pricing_product_settings":{"layout":"default","base_unit_name":{"singular":null,"plural":null},"default_variation":null},"tiered_pricing_minimum_quantity":null,"tiered_pricing_roles_data":[],"tiered_pricing_percentage_rules":[],"tiered_pricing_maximum_quantity":null,"tiered_pricing_quantity_step":null,"_links":{"self":[{"href":"https:\/\/www.hoogstra-autosport.nl\/fr\/wp-json\/wp\/v2\/product\/86988","targetHints":{"allow":["GET"]}}],"collection":[{"href":"https:\/\/www.hoogstra-autosport.nl\/fr\/wp-json\/wp\/v2\/product"}],"about":[{"href":"https:\/\/www.hoogstra-autosport.nl\/fr\/wp-json\/wp\/v2\/types\/product"}],"wp:featuredmedia":[{"embeddable":true,"href":"https:\/\/www.hoogstra-autosport.nl\/fr\/wp-json\/wp\/v2\/media\/86989"}],"wp:attachment":[{"href":"https:\/\/www.hoogstra-autosport.nl\/fr\/wp-json\/wp\/v2\/media?parent=86988"}],"wp:term":[{"taxonomy":"product_brand","embeddable":true,"href":"https:\/\/www.hoogstra-autosport.nl\/fr\/wp-json\/wp\/v2\/product_brand?post=86988"},{"taxonomy":"product_cat","embeddable":true,"href":"https:\/\/www.hoogstra-autosport.nl\/fr\/wp-json\/wp\/v2\/product_cat?post=86988"},{"taxonomy":"product_tag","embeddable":true,"href":"https:\/\/www.hoogstra-autosport.nl\/fr\/wp-json\/wp\/v2\/product_tag?post=86988"}],"curies":[{"name":"wp","href":"https:\/\/api.w.org\/{rel}","templated":true}]}}