{"id":86974,"date":"2025-06-24T15:25:46","date_gmt":"2025-06-24T13:25:46","guid":{"rendered":"https:\/\/www.hoogstra-autosport.nl\/?post_type=product&#038;p=86974"},"modified":"2025-12-11T16:39:48","modified_gmt":"2025-12-11T15:39:48","slug":"hawk-hb611u-490-hawk-dtc-70-brake-pads","status":"publish","type":"product","link":"https:\/\/www.hoogstra-autosport.nl\/fr\/produit\/hawk-hb611u-490-hawk-dtc-70-brake-pads\/","title":{"rendered":"Hawk HB611U.490 - Plaquettes de frein Hawk DTC-70"},"content":{"rendered":"<p>Le compos\u00e9 de course DTC-70 de Hawk offre un couple extr\u00eamement \u00e9lev\u00e9 et une adh\u00e9rence initiale tr\u00e8s agressive pour les voitures ayant des taux de d\u00e9c\u00e9l\u00e9ration \u00e9lev\u00e9s. Associ\u00e9 \u00e0 des caract\u00e9ristiques de rel\u00e2chement et de contr\u00f4le sup\u00e9rieures, le DTC-70 en fait un compos\u00e9 de course s\u00e9rieux utilis\u00e9 par des coureurs exp\u00e9riment\u00e9s qui ont besoin d'une am\u00e9lioration par rapport \u00e0 des compos\u00e9s moins agressifs qui surchauffaient ou n'offraient pas assez d'adh\u00e9rence.<\/p>\n<ul class=\"fitments-tab-list\">\n<li>WILWOOD 7912 12MM ALL RACING CALIPER<\/li>\n<li class=\"fitment-item\">WILWOOD POWERLITE RADIAL MOUNT 12MM ALL RACING CALIPER<\/li>\n<\/ul>\n<h3>Sp\u00e9cifications :<\/h3>\n<table id=\"product-attribute-specs-table\" class=\"data table additional-attributes\">\n<caption class=\"table-caption\">Plus d'informations<\/caption>\n<tbody>\n<tr>\n<th class=\"col label\" scope=\"row\">Fabricant<\/th>\n<td class=\"col data\" data-th=\"Manufacturer\">Faucon<\/td>\n<\/tr>\n<tr>\n<th class=\"col label\" scope=\"row\">Code UPC\/EAN<\/th>\n<td class=\"col data\" data-th=\"UPC\/EAN Code\">840653084053<\/td>\n<\/tr>\n<tr>\n<th class=\"col label\" scope=\"row\">Compos\u00e9 pour plaquettes de frein<\/th>\n<td class=\"col data\" data-th=\"Brake Pads Compound\">Semi-m\u00e9tallique<\/td>\n<\/tr>\n<tr>\n<th class=\"col label\" scope=\"row\">Type de plaquettes de frein<\/th>\n<td class=\"col data\" data-th=\"Brake Pads Type\">Course<\/td>\n<\/tr>\n<tr>\n<th class=\"col label\" scope=\"row\">Contenu du paquet<\/th>\n<td class=\"col data\" data-th=\"Package Contents\">1 jeu de plaquettes pour deux \u00e9triers<\/td>\n<\/tr>\n<tr>\n<th class=\"col label\" scope=\"row\">\u00c9paisseur du tampon int\u00e9rieur (mm)<\/th>\n<td class=\"col data\" data-th=\"Inner Pad Thickness (mm)\">12,45<\/td>\n<\/tr>\n<tr>\n<th class=\"col label\" scope=\"row\">Hauteur du tampon int\u00e9rieur (mm)<\/th>\n<td class=\"col data\" data-th=\"Inner Pad Height (mm)\">59<\/td>\n<\/tr>\n<tr>\n<th class=\"col label\" scope=\"row\">Largeur du tampon int\u00e9rieur (mm)<\/th>\n<td class=\"col data\" data-th=\"Inner Pad Width (mm)\">79<\/td>\n<\/tr>\n<tr>\n<th class=\"col label\" scope=\"row\">\u00c9tiquette du tampon<\/th>\n<td class=\"col data\" data-th=\"Pad Label\">DTC-70<\/td>\n<\/tr>\n<\/tbody>\n<\/table>","protected":false},"excerpt":{"rendered":"<p>Hawk&#8217;s DTC-70 race compound biedt extreem hoge koppel en een zeer agressieve initi\u00eble grip voor auto&#8217;s met hoge afrempercentages. Gecombineerd met de superieure release- en controle-kenmerken maakt de DTC-70 het tot een serieus racecompound dat wordt gebruikt door racers met trackervaring die behoefte hebben aan een verbetering ten opzichte van minder agressieve compounds die oververhit [&hellip;]<\/p>\n","protected":false},"featured_media":95070,"template":"","meta":{"_acf_changed":false},"product_brand":[],"product_cat":[2850],"product_tag":[],"class_list":{"0":"post-86974","1":"product","2":"type-product","3":"status-publish","4":"has-post-thumbnail","6":"product_cat-remblokken","8":"first","9":"instock","10":"taxable","11":"shipping-taxable","12":"purchasable","13":"product-type-simple"},"acf":[],"yoast_head":"<!-- This site is optimized with the Yoast SEO plugin v27.1.1 - https:\/\/yoast.com\/product\/yoast-seo-wordpress\/ -->\n<title>Hawk HB611U.490 - Hawk DTC-70 Brake Pads - Hoogstra Autosport<\/title>\n<meta name=\"robots\" content=\"index, follow, max-snippet:-1, max-image-preview:large, max-video-preview:-1\" \/>\n<link rel=\"canonical\" href=\"https:\/\/www.hoogstra-autosport.nl\/fr\/produit\/hawk-hb611u-490-hawk-dtc-70-brake-pads\/\" \/>\n<meta property=\"og:locale\" content=\"fr_FR\" \/>\n<meta property=\"og:type\" content=\"article\" \/>\n<meta property=\"og:title\" content=\"Hawk HB611U.490 - Hawk DTC-70 Brake Pads - Hoogstra Autosport\" \/>\n<meta property=\"og:description\" content=\"Hawk&#8217;s DTC-70 race compound biedt extreem hoge koppel en een zeer agressieve initi\u00eble grip voor auto&#8217;s met hoge afrempercentages. Gecombineerd met de superieure release- en controle-kenmerken maakt de DTC-70 het tot een serieus racecompound dat wordt gebruikt door racers met trackervaring die behoefte hebben aan een verbetering ten opzichte van minder agressieve compounds die oververhit [&hellip;]\" \/>\n<meta property=\"og:url\" content=\"https:\/\/www.hoogstra-autosport.nl\/fr\/produit\/hawk-hb611u-490-hawk-dtc-70-brake-pads\/\" \/>\n<meta property=\"og:site_name\" content=\"Hoogstra Autosport\" \/>\n<meta property=\"article:modified_time\" content=\"2025-12-11T15:39:48+00:00\" \/>\n<meta property=\"og:image\" content=\"https:\/\/www.hoogstra-autosport.nl\/teamkoen\/wp-content\/uploads\/2025\/07\/Untitled-Project-39.jpg\" \/>\n\t<meta property=\"og:image:width\" content=\"1080\" \/>\n\t<meta property=\"og:image:height\" content=\"1080\" \/>\n\t<meta property=\"og:image:type\" content=\"image\/jpeg\" \/>\n<meta name=\"twitter:card\" content=\"summary_large_image\" \/>\n<meta name=\"twitter:label1\" content=\"Dur\u00e9e de lecture estim\u00e9e\" \/>\n\t<meta name=\"twitter:data1\" content=\"1 minute\" \/>\n<script type=\"application\/ld+json\" class=\"yoast-schema-graph\">{\"@context\":\"https:\/\/schema.org\",\"@graph\":[{\"@type\":\"WebPage\",\"@id\":\"https:\/\/www.hoogstra-autosport.nl\/product\/hawk-hb611u-490-hawk-dtc-70-brake-pads\/\",\"url\":\"https:\/\/www.hoogstra-autosport.nl\/product\/hawk-hb611u-490-hawk-dtc-70-brake-pads\/\",\"name\":\"Hawk HB611U.490 - Hawk DTC-70 Brake Pads - Hoogstra Autosport\",\"isPartOf\":{\"@id\":\"https:\/\/www.hoogstra-autosport.nl\/#website\"},\"primaryImageOfPage\":{\"@id\":\"https:\/\/www.hoogstra-autosport.nl\/product\/hawk-hb611u-490-hawk-dtc-70-brake-pads\/#primaryimage\"},\"image\":{\"@id\":\"https:\/\/www.hoogstra-autosport.nl\/product\/hawk-hb611u-490-hawk-dtc-70-brake-pads\/#primaryimage\"},\"thumbnailUrl\":\"https:\/\/www.hoogstra-autosport.nl\/teamkoen\/wp-content\/uploads\/2025\/07\/Untitled-Project-39.jpg\",\"datePublished\":\"2025-06-24T13:25:46+00:00\",\"dateModified\":\"2025-12-11T15:39:48+00:00\",\"breadcrumb\":{\"@id\":\"https:\/\/www.hoogstra-autosport.nl\/product\/hawk-hb611u-490-hawk-dtc-70-brake-pads\/#breadcrumb\"},\"inLanguage\":\"fr-FR\",\"potentialAction\":[{\"@type\":\"ReadAction\",\"target\":[\"https:\/\/www.hoogstra-autosport.nl\/product\/hawk-hb611u-490-hawk-dtc-70-brake-pads\/\"]}]},{\"@type\":\"ImageObject\",\"inLanguage\":\"fr-FR\",\"@id\":\"https:\/\/www.hoogstra-autosport.nl\/product\/hawk-hb611u-490-hawk-dtc-70-brake-pads\/#primaryimage\",\"url\":\"https:\/\/www.hoogstra-autosport.nl\/teamkoen\/wp-content\/uploads\/2025\/07\/Untitled-Project-39.jpg\",\"contentUrl\":\"https:\/\/www.hoogstra-autosport.nl\/teamkoen\/wp-content\/uploads\/2025\/07\/Untitled-Project-39.jpg\",\"width\":1080,\"height\":1080},{\"@type\":\"BreadcrumbList\",\"@id\":\"https:\/\/www.hoogstra-autosport.nl\/product\/hawk-hb611u-490-hawk-dtc-70-brake-pads\/#breadcrumb\",\"itemListElement\":[{\"@type\":\"ListItem\",\"position\":1,\"name\":\"Home\",\"item\":\"https:\/\/www.hoogstra-autosport.nl\/\"},{\"@type\":\"ListItem\",\"position\":2,\"name\":\"Remmen\",\"item\":\"https:\/\/www.hoogstra-autosport.nl\/product-categorie\/remmen-2\/\"},{\"@type\":\"ListItem\",\"position\":3,\"name\":\"Remblokken\",\"item\":\"https:\/\/www.hoogstra-autosport.nl\/product-categorie\/remmen-2\/remblokken\/\"},{\"@type\":\"ListItem\",\"position\":4,\"name\":\"Hawk HB611U.490 &#8211; Hawk DTC-70 Brake Pads\"}]},{\"@type\":\"WebSite\",\"@id\":\"https:\/\/www.hoogstra-autosport.nl\/#website\",\"url\":\"https:\/\/www.hoogstra-autosport.nl\/\",\"name\":\"Hoogstra Autosport\",\"description\":\"Performance Autosport Parts!\",\"potentialAction\":[{\"@type\":\"SearchAction\",\"target\":{\"@type\":\"EntryPoint\",\"urlTemplate\":\"https:\/\/www.hoogstra-autosport.nl\/?s={search_term_string}\"},\"query-input\":{\"@type\":\"PropertyValueSpecification\",\"valueRequired\":true,\"valueName\":\"search_term_string\"}}],\"inLanguage\":\"fr-FR\"}]}<\/script>\n<!-- \/ Yoast SEO plugin. -->","yoast_head_json":{"title":"Hawk HB611U.490 - Hawk DTC-70 Brake Pads - Hoogstra Autosport","robots":{"index":"index","follow":"follow","max-snippet":"max-snippet:-1","max-image-preview":"max-image-preview:large","max-video-preview":"max-video-preview:-1"},"canonical":"https:\/\/www.hoogstra-autosport.nl\/fr\/produit\/hawk-hb611u-490-hawk-dtc-70-brake-pads\/","og_locale":"fr_FR","og_type":"article","og_title":"Hawk HB611U.490 - Hawk DTC-70 Brake Pads - Hoogstra Autosport","og_description":"Hawk&#8217;s DTC-70 race compound biedt extreem hoge koppel en een zeer agressieve initi\u00eble grip voor auto&#8217;s met hoge afrempercentages. Gecombineerd met de superieure release- en controle-kenmerken maakt de DTC-70 het tot een serieus racecompound dat wordt gebruikt door racers met trackervaring die behoefte hebben aan een verbetering ten opzichte van minder agressieve compounds die oververhit [&hellip;]","og_url":"https:\/\/www.hoogstra-autosport.nl\/fr\/produit\/hawk-hb611u-490-hawk-dtc-70-brake-pads\/","og_site_name":"Hoogstra Autosport","article_modified_time":"2025-12-11T15:39:48+00:00","og_image":[{"width":1080,"height":1080,"url":"https:\/\/www.hoogstra-autosport.nl\/teamkoen\/wp-content\/uploads\/2025\/07\/Untitled-Project-39.jpg","type":"image\/jpeg"}],"twitter_card":"summary_large_image","twitter_misc":{"Dur\u00e9e de lecture estim\u00e9e":"1 minute"},"schema":{"@context":"https:\/\/schema.org","@graph":[{"@type":"WebPage","@id":"https:\/\/www.hoogstra-autosport.nl\/product\/hawk-hb611u-490-hawk-dtc-70-brake-pads\/","url":"https:\/\/www.hoogstra-autosport.nl\/product\/hawk-hb611u-490-hawk-dtc-70-brake-pads\/","name":"Hawk HB611U.490 - Hawk DTC-70 Brake Pads - Hoogstra Autosport","isPartOf":{"@id":"https:\/\/www.hoogstra-autosport.nl\/#website"},"primaryImageOfPage":{"@id":"https:\/\/www.hoogstra-autosport.nl\/product\/hawk-hb611u-490-hawk-dtc-70-brake-pads\/#primaryimage"},"image":{"@id":"https:\/\/www.hoogstra-autosport.nl\/product\/hawk-hb611u-490-hawk-dtc-70-brake-pads\/#primaryimage"},"thumbnailUrl":"https:\/\/www.hoogstra-autosport.nl\/teamkoen\/wp-content\/uploads\/2025\/07\/Untitled-Project-39.jpg","datePublished":"2025-06-24T13:25:46+00:00","dateModified":"2025-12-11T15:39:48+00:00","breadcrumb":{"@id":"https:\/\/www.hoogstra-autosport.nl\/product\/hawk-hb611u-490-hawk-dtc-70-brake-pads\/#breadcrumb"},"inLanguage":"fr-FR","potentialAction":[{"@type":"ReadAction","target":["https:\/\/www.hoogstra-autosport.nl\/product\/hawk-hb611u-490-hawk-dtc-70-brake-pads\/"]}]},{"@type":"ImageObject","inLanguage":"fr-FR","@id":"https:\/\/www.hoogstra-autosport.nl\/product\/hawk-hb611u-490-hawk-dtc-70-brake-pads\/#primaryimage","url":"https:\/\/www.hoogstra-autosport.nl\/teamkoen\/wp-content\/uploads\/2025\/07\/Untitled-Project-39.jpg","contentUrl":"https:\/\/www.hoogstra-autosport.nl\/teamkoen\/wp-content\/uploads\/2025\/07\/Untitled-Project-39.jpg","width":1080,"height":1080},{"@type":"BreadcrumbList","@id":"https:\/\/www.hoogstra-autosport.nl\/product\/hawk-hb611u-490-hawk-dtc-70-brake-pads\/#breadcrumb","itemListElement":[{"@type":"ListItem","position":1,"name":"Home","item":"https:\/\/www.hoogstra-autosport.nl\/"},{"@type":"ListItem","position":2,"name":"Remmen","item":"https:\/\/www.hoogstra-autosport.nl\/product-categorie\/remmen-2\/"},{"@type":"ListItem","position":3,"name":"Remblokken","item":"https:\/\/www.hoogstra-autosport.nl\/product-categorie\/remmen-2\/remblokken\/"},{"@type":"ListItem","position":4,"name":"Hawk HB611U.490 &#8211; Hawk DTC-70 Brake Pads"}]},{"@type":"WebSite","@id":"https:\/\/www.hoogstra-autosport.nl\/#website","url":"https:\/\/www.hoogstra-autosport.nl\/","name":"Hoogstra Autosport","description":"Performance Autosport Parts!","potentialAction":[{"@type":"SearchAction","target":{"@type":"EntryPoint","urlTemplate":"https:\/\/www.hoogstra-autosport.nl\/?s={search_term_string}"},"query-input":{"@type":"PropertyValueSpecification","valueRequired":true,"valueName":"search_term_string"}}],"inLanguage":"fr-FR"}]}},"tiered_pricing_type":"fixed","tiered_pricing_fixed_rules":[],"tiered_pricing_product_settings":{"layout":"default","base_unit_name":{"singular":null,"plural":null},"default_variation":null},"tiered_pricing_minimum_quantity":null,"tiered_pricing_roles_data":[],"tiered_pricing_percentage_rules":[],"tiered_pricing_maximum_quantity":null,"tiered_pricing_quantity_step":null,"_links":{"self":[{"href":"https:\/\/www.hoogstra-autosport.nl\/fr\/wp-json\/wp\/v2\/product\/86974","targetHints":{"allow":["GET"]}}],"collection":[{"href":"https:\/\/www.hoogstra-autosport.nl\/fr\/wp-json\/wp\/v2\/product"}],"about":[{"href":"https:\/\/www.hoogstra-autosport.nl\/fr\/wp-json\/wp\/v2\/types\/product"}],"wp:featuredmedia":[{"embeddable":true,"href":"https:\/\/www.hoogstra-autosport.nl\/fr\/wp-json\/wp\/v2\/media\/95070"}],"wp:attachment":[{"href":"https:\/\/www.hoogstra-autosport.nl\/fr\/wp-json\/wp\/v2\/media?parent=86974"}],"wp:term":[{"taxonomy":"product_brand","embeddable":true,"href":"https:\/\/www.hoogstra-autosport.nl\/fr\/wp-json\/wp\/v2\/product_brand?post=86974"},{"taxonomy":"product_cat","embeddable":true,"href":"https:\/\/www.hoogstra-autosport.nl\/fr\/wp-json\/wp\/v2\/product_cat?post=86974"},{"taxonomy":"product_tag","embeddable":true,"href":"https:\/\/www.hoogstra-autosport.nl\/fr\/wp-json\/wp\/v2\/product_tag?post=86974"}],"curies":[{"name":"wp","href":"https:\/\/api.w.org\/{rel}","templated":true}]}}