{"id":86528,"date":"2025-06-16T17:26:35","date_gmt":"2025-06-16T15:26:35","guid":{"rendered":"https:\/\/www.hoogstra-autosport.nl\/?post_type=product&#038;p=86528"},"modified":"2025-06-16T17:35:33","modified_gmt":"2025-06-16T15:35:33","slug":"qsp-oliekoeler-adapter-m22-push-on-d10","status":"publish","type":"product","link":"https:\/\/www.hoogstra-autosport.nl\/fr\/produit\/qsp-oliekoeler-adapter-m22-push-on-d10\/","title":{"rendered":"Adaptateur de refroidisseur d'huile QSP M22 push on D10"},"content":{"rendered":"<p>Oliekoeleradapter<\/p>\n<p>M22 \u00e0 pousser D10.<\/p>\n<p>Lorsqu'il est utilis\u00e9 correctement, ce raccord scelle soigneusement le tuyau sans qu'il y ait de fuite. Il est facile \u00e0 installer avec le tuyau sp\u00e9cialement con\u00e7u pour ce sirop, le tuyau Push-On en caoutchouc r\u00e9sistant.<\/p>","protected":false},"excerpt":{"rendered":"<p>Oliekoeleradapter M22 push-on D10. Als deze fitting correct wordt gebruikt, zal de slang zorgvuldig worden afgesloten zonder te lekken. Eenvoudig te installeren samen met de slang die speciaal voor deze nippen is gemaakt, de sterke rubberen Push-On slang.<\/p>","protected":false},"featured_media":86529,"template":"","meta":{"_acf_changed":false},"product_brand":[],"product_cat":[2781],"product_tag":[],"class_list":{"0":"post-86528","1":"product","2":"type-product","3":"status-publish","4":"has-post-thumbnail","6":"product_cat-dash-10-koppelingen","7":"product_shipping_class-4016","9":"first","10":"instock","11":"taxable","12":"shipping-taxable","13":"purchasable","14":"product-type-simple"},"acf":[],"yoast_head":"<!-- This site is optimized with the Yoast SEO plugin v27.1.1 - https:\/\/yoast.com\/product\/yoast-seo-wordpress\/ -->\n<title>QSP oliekoeler adapter M22 push on D10 - Hoogstra Autosport<\/title>\n<meta name=\"robots\" content=\"index, follow, max-snippet:-1, max-image-preview:large, max-video-preview:-1\" \/>\n<link rel=\"canonical\" href=\"https:\/\/www.hoogstra-autosport.nl\/fr\/produit\/qsp-oliekoeler-adapter-m22-push-on-d10\/\" \/>\n<meta property=\"og:locale\" content=\"fr_FR\" \/>\n<meta property=\"og:type\" content=\"article\" \/>\n<meta property=\"og:title\" content=\"QSP oliekoeler adapter M22 push on D10 - Hoogstra Autosport\" \/>\n<meta property=\"og:description\" content=\"Oliekoeleradapter M22 push-on D10. Als deze fitting correct wordt gebruikt, zal de slang zorgvuldig worden afgesloten zonder te lekken. Eenvoudig te installeren samen met de slang die speciaal voor deze nippen is gemaakt, de sterke rubberen Push-On slang.\" \/>\n<meta property=\"og:url\" content=\"https:\/\/www.hoogstra-autosport.nl\/fr\/produit\/qsp-oliekoeler-adapter-m22-push-on-d10\/\" \/>\n<meta property=\"og:site_name\" content=\"Hoogstra Autosport\" \/>\n<meta property=\"article:modified_time\" content=\"2025-06-16T15:35:33+00:00\" \/>\n<meta property=\"og:image\" content=\"https:\/\/hoogstra-autosport.nl\/teamkoen\/content\/uploads\/2025\/06\/QG540_3.jpg\" \/>\n\t<meta property=\"og:image:width\" content=\"1000\" \/>\n\t<meta property=\"og:image:height\" content=\"1000\" \/>\n\t<meta property=\"og:image:type\" content=\"image\/jpeg\" \/>\n<meta name=\"twitter:card\" content=\"summary_large_image\" \/>\n<meta name=\"twitter:label1\" content=\"Dur\u00e9e de lecture estim\u00e9e\" \/>\n\t<meta name=\"twitter:data1\" content=\"1 minute\" \/>\n<script type=\"application\/ld+json\" class=\"yoast-schema-graph\">{\"@context\":\"https:\/\/schema.org\",\"@graph\":[{\"@type\":\"WebPage\",\"@id\":\"https:\/\/www.hoogstra-autosport.nl\/product\/qsp-oliekoeler-adapter-m22-push-on-d10\/\",\"url\":\"https:\/\/www.hoogstra-autosport.nl\/product\/qsp-oliekoeler-adapter-m22-push-on-d10\/\",\"name\":\"QSP oliekoeler adapter M22 push on D10 - Hoogstra Autosport\",\"isPartOf\":{\"@id\":\"https:\/\/www.hoogstra-autosport.nl\/#website\"},\"primaryImageOfPage\":{\"@id\":\"https:\/\/www.hoogstra-autosport.nl\/product\/qsp-oliekoeler-adapter-m22-push-on-d10\/#primaryimage\"},\"image\":{\"@id\":\"https:\/\/www.hoogstra-autosport.nl\/product\/qsp-oliekoeler-adapter-m22-push-on-d10\/#primaryimage\"},\"thumbnailUrl\":\"https:\/\/www.hoogstra-autosport.nl\/teamkoen\/wp-content\/uploads\/2025\/06\/QG540_3.jpg\",\"datePublished\":\"2025-06-16T15:26:35+00:00\",\"dateModified\":\"2025-06-16T15:35:33+00:00\",\"breadcrumb\":{\"@id\":\"https:\/\/www.hoogstra-autosport.nl\/product\/qsp-oliekoeler-adapter-m22-push-on-d10\/#breadcrumb\"},\"inLanguage\":\"fr-FR\",\"potentialAction\":[{\"@type\":\"ReadAction\",\"target\":[\"https:\/\/www.hoogstra-autosport.nl\/product\/qsp-oliekoeler-adapter-m22-push-on-d10\/\"]}]},{\"@type\":\"ImageObject\",\"inLanguage\":\"fr-FR\",\"@id\":\"https:\/\/www.hoogstra-autosport.nl\/product\/qsp-oliekoeler-adapter-m22-push-on-d10\/#primaryimage\",\"url\":\"https:\/\/www.hoogstra-autosport.nl\/teamkoen\/wp-content\/uploads\/2025\/06\/QG540_3.jpg\",\"contentUrl\":\"https:\/\/www.hoogstra-autosport.nl\/teamkoen\/wp-content\/uploads\/2025\/06\/QG540_3.jpg\",\"width\":1000,\"height\":1000},{\"@type\":\"BreadcrumbList\",\"@id\":\"https:\/\/www.hoogstra-autosport.nl\/product\/qsp-oliekoeler-adapter-m22-push-on-d10\/#breadcrumb\",\"itemListElement\":[{\"@type\":\"ListItem\",\"position\":1,\"name\":\"Home\",\"item\":\"https:\/\/www.hoogstra-autosport.nl\/\"},{\"@type\":\"ListItem\",\"position\":2,\"name\":\"Motorisch\",\"item\":\"https:\/\/www.hoogstra-autosport.nl\/product-categorie\/auto-techniek\/\"},{\"@type\":\"ListItem\",\"position\":3,\"name\":\"Slangen &amp; Dash Nippels\",\"item\":\"https:\/\/www.hoogstra-autosport.nl\/product-categorie\/auto-techniek\/dash-koppelingen\/\"},{\"@type\":\"ListItem\",\"position\":4,\"name\":\"Dash Slang Koppelingen\",\"item\":\"https:\/\/www.hoogstra-autosport.nl\/product-categorie\/auto-techniek\/dash-koppelingen\/dash-nippels-bochten\/\"},{\"@type\":\"ListItem\",\"position\":5,\"name\":\"Dash 10 Koppelingen\",\"item\":\"https:\/\/www.hoogstra-autosport.nl\/product-categorie\/auto-techniek\/dash-koppelingen\/dash-nippels-bochten\/dash-10-koppelingen\/\"},{\"@type\":\"ListItem\",\"position\":6,\"name\":\"QSP oliekoeler adapter M22 push on D10\"}]},{\"@type\":\"WebSite\",\"@id\":\"https:\/\/www.hoogstra-autosport.nl\/#website\",\"url\":\"https:\/\/www.hoogstra-autosport.nl\/\",\"name\":\"Hoogstra Autosport\",\"description\":\"Performance Autosport Parts!\",\"potentialAction\":[{\"@type\":\"SearchAction\",\"target\":{\"@type\":\"EntryPoint\",\"urlTemplate\":\"https:\/\/www.hoogstra-autosport.nl\/?s={search_term_string}\"},\"query-input\":{\"@type\":\"PropertyValueSpecification\",\"valueRequired\":true,\"valueName\":\"search_term_string\"}}],\"inLanguage\":\"fr-FR\"}]}<\/script>\n<!-- \/ Yoast SEO plugin. -->","yoast_head_json":{"title":"QSP oliekoeler adapter M22 push on D10 - Hoogstra Autosport","robots":{"index":"index","follow":"follow","max-snippet":"max-snippet:-1","max-image-preview":"max-image-preview:large","max-video-preview":"max-video-preview:-1"},"canonical":"https:\/\/www.hoogstra-autosport.nl\/fr\/produit\/qsp-oliekoeler-adapter-m22-push-on-d10\/","og_locale":"fr_FR","og_type":"article","og_title":"QSP oliekoeler adapter M22 push on D10 - Hoogstra Autosport","og_description":"Oliekoeleradapter M22 push-on D10. Als deze fitting correct wordt gebruikt, zal de slang zorgvuldig worden afgesloten zonder te lekken. Eenvoudig te installeren samen met de slang die speciaal voor deze nippen is gemaakt, de sterke rubberen Push-On slang.","og_url":"https:\/\/www.hoogstra-autosport.nl\/fr\/produit\/qsp-oliekoeler-adapter-m22-push-on-d10\/","og_site_name":"Hoogstra Autosport","article_modified_time":"2025-06-16T15:35:33+00:00","og_image":[{"width":1000,"height":1000,"url":"https:\/\/hoogstra-autosport.nl\/teamkoen\/content\/uploads\/2025\/06\/QG540_3.jpg","type":"image\/jpeg"}],"twitter_card":"summary_large_image","twitter_misc":{"Dur\u00e9e de lecture estim\u00e9e":"1 minute"},"schema":{"@context":"https:\/\/schema.org","@graph":[{"@type":"WebPage","@id":"https:\/\/www.hoogstra-autosport.nl\/product\/qsp-oliekoeler-adapter-m22-push-on-d10\/","url":"https:\/\/www.hoogstra-autosport.nl\/product\/qsp-oliekoeler-adapter-m22-push-on-d10\/","name":"QSP oliekoeler adapter M22 push on D10 - Hoogstra Autosport","isPartOf":{"@id":"https:\/\/www.hoogstra-autosport.nl\/#website"},"primaryImageOfPage":{"@id":"https:\/\/www.hoogstra-autosport.nl\/product\/qsp-oliekoeler-adapter-m22-push-on-d10\/#primaryimage"},"image":{"@id":"https:\/\/www.hoogstra-autosport.nl\/product\/qsp-oliekoeler-adapter-m22-push-on-d10\/#primaryimage"},"thumbnailUrl":"https:\/\/www.hoogstra-autosport.nl\/teamkoen\/wp-content\/uploads\/2025\/06\/QG540_3.jpg","datePublished":"2025-06-16T15:26:35+00:00","dateModified":"2025-06-16T15:35:33+00:00","breadcrumb":{"@id":"https:\/\/www.hoogstra-autosport.nl\/product\/qsp-oliekoeler-adapter-m22-push-on-d10\/#breadcrumb"},"inLanguage":"fr-FR","potentialAction":[{"@type":"ReadAction","target":["https:\/\/www.hoogstra-autosport.nl\/product\/qsp-oliekoeler-adapter-m22-push-on-d10\/"]}]},{"@type":"ImageObject","inLanguage":"fr-FR","@id":"https:\/\/www.hoogstra-autosport.nl\/product\/qsp-oliekoeler-adapter-m22-push-on-d10\/#primaryimage","url":"https:\/\/www.hoogstra-autosport.nl\/teamkoen\/wp-content\/uploads\/2025\/06\/QG540_3.jpg","contentUrl":"https:\/\/www.hoogstra-autosport.nl\/teamkoen\/wp-content\/uploads\/2025\/06\/QG540_3.jpg","width":1000,"height":1000},{"@type":"BreadcrumbList","@id":"https:\/\/www.hoogstra-autosport.nl\/product\/qsp-oliekoeler-adapter-m22-push-on-d10\/#breadcrumb","itemListElement":[{"@type":"ListItem","position":1,"name":"Home","item":"https:\/\/www.hoogstra-autosport.nl\/"},{"@type":"ListItem","position":2,"name":"Motorisch","item":"https:\/\/www.hoogstra-autosport.nl\/product-categorie\/auto-techniek\/"},{"@type":"ListItem","position":3,"name":"Slangen &amp; Dash Nippels","item":"https:\/\/www.hoogstra-autosport.nl\/product-categorie\/auto-techniek\/dash-koppelingen\/"},{"@type":"ListItem","position":4,"name":"Dash Slang Koppelingen","item":"https:\/\/www.hoogstra-autosport.nl\/product-categorie\/auto-techniek\/dash-koppelingen\/dash-nippels-bochten\/"},{"@type":"ListItem","position":5,"name":"Dash 10 Koppelingen","item":"https:\/\/www.hoogstra-autosport.nl\/product-categorie\/auto-techniek\/dash-koppelingen\/dash-nippels-bochten\/dash-10-koppelingen\/"},{"@type":"ListItem","position":6,"name":"QSP oliekoeler adapter M22 push on D10"}]},{"@type":"WebSite","@id":"https:\/\/www.hoogstra-autosport.nl\/#website","url":"https:\/\/www.hoogstra-autosport.nl\/","name":"Hoogstra Autosport","description":"Performance Autosport Parts!","potentialAction":[{"@type":"SearchAction","target":{"@type":"EntryPoint","urlTemplate":"https:\/\/www.hoogstra-autosport.nl\/?s={search_term_string}"},"query-input":{"@type":"PropertyValueSpecification","valueRequired":true,"valueName":"search_term_string"}}],"inLanguage":"fr-FR"}]}},"tiered_pricing_type":"fixed","tiered_pricing_fixed_rules":[],"tiered_pricing_product_settings":{"layout":"default","base_unit_name":{"singular":null,"plural":null},"default_variation":null},"tiered_pricing_minimum_quantity":null,"tiered_pricing_roles_data":[],"tiered_pricing_percentage_rules":[],"tiered_pricing_maximum_quantity":null,"tiered_pricing_quantity_step":null,"_links":{"self":[{"href":"https:\/\/www.hoogstra-autosport.nl\/fr\/wp-json\/wp\/v2\/product\/86528","targetHints":{"allow":["GET"]}}],"collection":[{"href":"https:\/\/www.hoogstra-autosport.nl\/fr\/wp-json\/wp\/v2\/product"}],"about":[{"href":"https:\/\/www.hoogstra-autosport.nl\/fr\/wp-json\/wp\/v2\/types\/product"}],"wp:featuredmedia":[{"embeddable":true,"href":"https:\/\/www.hoogstra-autosport.nl\/fr\/wp-json\/wp\/v2\/media\/86529"}],"wp:attachment":[{"href":"https:\/\/www.hoogstra-autosport.nl\/fr\/wp-json\/wp\/v2\/media?parent=86528"}],"wp:term":[{"taxonomy":"product_brand","embeddable":true,"href":"https:\/\/www.hoogstra-autosport.nl\/fr\/wp-json\/wp\/v2\/product_brand?post=86528"},{"taxonomy":"product_cat","embeddable":true,"href":"https:\/\/www.hoogstra-autosport.nl\/fr\/wp-json\/wp\/v2\/product_cat?post=86528"},{"taxonomy":"product_tag","embeddable":true,"href":"https:\/\/www.hoogstra-autosport.nl\/fr\/wp-json\/wp\/v2\/product_tag?post=86528"}],"curies":[{"name":"wp","href":"https:\/\/api.w.org\/{rel}","templated":true}]}}