{"id":8491,"date":"2015-06-17T10:05:27","date_gmt":"2015-06-17T08:05:27","guid":{"rendered":"http:\/\/hoogstra-autosport.nl\/?product=kn-rf-1039"},"modified":"2024-01-20T12:59:37","modified_gmt":"2024-01-20T11:59:37","slug":"kn-rf-1039","status":"publish","type":"product","link":"https:\/\/www.hoogstra-autosport.nl\/fr\/produit\/kn-rf-1039\/","title":{"rendered":"K&amp;N RF-1039"},"content":{"rendered":"<p>Hauteur 152 mm<\/p>\n<p>Bride 76 mm<\/p>\n<p>Largeur au fond 127 mm<\/p>\n<p>Filtre \u00e0 air Grand diam\u00e8tre d'extr\u00e9mit\u00e9 127 mm (5 in)<br \/>\nForme du filtre \u00e0 air rond et conique<br \/>\nDiam\u00e8tre ext\u00e9rieur de la base 127 mm (5 in)<br \/>\nMat\u00e9riau du filtre Gaze de coton<br \/>\nQuantit\u00e9 d'huile pour filtre 0,89 oz (26 ml)<br \/>\nDiam\u00e8tre int\u00e9rieur de la bride 3 in (76 mm)<br \/>\nLongueur de la bride 44 mm (1,75 in)<br \/>\nType de bride Centr\u00e9<br \/>\nBrides 1<br \/>\nHauteur 6 in (152 mm)<br \/>\nContenu de l'emballage 1 filtre \u00e0 air<br \/>\nPaquet Quantit\u00e9 1<br \/>\nHauteur de la bo\u00eete \u00e0 produits 279 mm (11 in)<br \/>\nLongueur de la bo\u00eete \u00e0 produits 6,38 in (162 mm)<br \/>\nLargeur de la bo\u00eete \u00e0 produits 6,38 in (162 mm)<br \/>\nStyle du produit Filtre \u00e0 air universel rond et conique<br \/>\nMat\u00e9riau du plateau\/Finition Chrome<br \/>\nDiam\u00e8tre ext\u00e9rieur sup\u00e9rieur 3,5 in (89 mm)<\/p>","protected":false},"excerpt":{"rendered":"<p>Hoogte 152 mm Flens 76 mm Breedte onderzijde 127 mm Air Filter Large End Diameter 5 in (127 mm) Air Filter Shape Round Tapered Base Outside Diameter 5 in (127 mm) Filter Material Cotton Gauze Filter Re-Oiling Amount 0.89 oz (26 ml) Flange Inside Diameter 3 in (76 mm) Flange Length 1.75 in (44 mm) [&hellip;]<\/p>\n","protected":false},"featured_media":8492,"template":"","meta":{"_acf_changed":false},"product_brand":[],"product_cat":[3862,4118],"product_tag":[],"class_list":{"0":"post-8491","1":"product","2":"type-product","3":"status-publish","4":"has-post-thumbnail","6":"product_cat-aansluiting-76mm","7":"product_cat-kn","8":"product_shipping_class-4016","10":"first","11":"instock","12":"taxable","13":"shipping-taxable","14":"purchasable","15":"product-type-simple"},"acf":[],"yoast_head":"<!-- This site is optimized with the Yoast SEO plugin v27.1.1 - https:\/\/yoast.com\/product\/yoast-seo-wordpress\/ -->\n<title>K&amp;N RF-1039 - Hoogstra Autosport<\/title>\n<meta name=\"robots\" content=\"index, follow, max-snippet:-1, max-image-preview:large, max-video-preview:-1\" \/>\n<link rel=\"canonical\" href=\"https:\/\/www.hoogstra-autosport.nl\/fr\/produit\/kn-rf-1039\/\" \/>\n<meta property=\"og:locale\" content=\"fr_FR\" \/>\n<meta property=\"og:type\" content=\"article\" \/>\n<meta property=\"og:title\" content=\"K&amp;N RF-1039 - Hoogstra Autosport\" \/>\n<meta property=\"og:description\" content=\"Hoogte 152 mm Flens 76 mm Breedte onderzijde 127 mm Air Filter Large End Diameter 5 in (127 mm) Air Filter Shape Round Tapered Base Outside Diameter 5 in (127 mm) Filter Material Cotton Gauze Filter Re-Oiling Amount 0.89 oz (26 ml) Flange Inside Diameter 3 in (76 mm) Flange Length 1.75 in (44 mm) [&hellip;]\" \/>\n<meta property=\"og:url\" content=\"https:\/\/www.hoogstra-autosport.nl\/fr\/produit\/kn-rf-1039\/\" \/>\n<meta property=\"og:site_name\" content=\"Hoogstra Autosport\" \/>\n<meta property=\"article:modified_time\" content=\"2024-01-20T11:59:37+00:00\" \/>\n<meta property=\"og:image\" content=\"https:\/\/www.hoogstra-autosport.nl\/teamkoen\/content\/uploads\/catalog\/product\/RF1039.jpg\" \/>\n\t<meta property=\"og:image:width\" content=\"350\" \/>\n\t<meta property=\"og:image:height\" content=\"550\" \/>\n\t<meta property=\"og:image:type\" content=\"image\/jpeg\" \/>\n<meta name=\"twitter:card\" content=\"summary_large_image\" \/>\n<script type=\"application\/ld+json\" class=\"yoast-schema-graph\">{\"@context\":\"https:\/\/schema.org\",\"@graph\":[{\"@type\":\"WebPage\",\"@id\":\"https:\/\/www.hoogstra-autosport.nl\/product\/kn-rf-1039\/\",\"url\":\"https:\/\/www.hoogstra-autosport.nl\/product\/kn-rf-1039\/\",\"name\":\"K&N RF-1039 - Hoogstra Autosport\",\"isPartOf\":{\"@id\":\"https:\/\/www.hoogstra-autosport.nl\/#website\"},\"primaryImageOfPage\":{\"@id\":\"https:\/\/www.hoogstra-autosport.nl\/product\/kn-rf-1039\/#primaryimage\"},\"image\":{\"@id\":\"https:\/\/www.hoogstra-autosport.nl\/product\/kn-rf-1039\/#primaryimage\"},\"thumbnailUrl\":\"https:\/\/www.hoogstra-autosport.nl\/teamkoen\/wp-content\/uploads\/catalog\/product\/RF1039.jpg\",\"datePublished\":\"2015-06-17T08:05:27+00:00\",\"dateModified\":\"2024-01-20T11:59:37+00:00\",\"breadcrumb\":{\"@id\":\"https:\/\/www.hoogstra-autosport.nl\/product\/kn-rf-1039\/#breadcrumb\"},\"inLanguage\":\"fr-FR\",\"potentialAction\":[{\"@type\":\"ReadAction\",\"target\":[\"https:\/\/www.hoogstra-autosport.nl\/product\/kn-rf-1039\/\"]}]},{\"@type\":\"ImageObject\",\"inLanguage\":\"fr-FR\",\"@id\":\"https:\/\/www.hoogstra-autosport.nl\/product\/kn-rf-1039\/#primaryimage\",\"url\":\"https:\/\/www.hoogstra-autosport.nl\/teamkoen\/wp-content\/uploads\/catalog\/product\/RF1039.jpg\",\"contentUrl\":\"https:\/\/www.hoogstra-autosport.nl\/teamkoen\/wp-content\/uploads\/catalog\/product\/RF1039.jpg\",\"width\":350,\"height\":550},{\"@type\":\"BreadcrumbList\",\"@id\":\"https:\/\/www.hoogstra-autosport.nl\/product\/kn-rf-1039\/#breadcrumb\",\"itemListElement\":[{\"@type\":\"ListItem\",\"position\":1,\"name\":\"Home\",\"item\":\"https:\/\/www.hoogstra-autosport.nl\/\"},{\"@type\":\"ListItem\",\"position\":2,\"name\":\"Koeling &amp; Luchtfilters\",\"item\":\"https:\/\/www.hoogstra-autosport.nl\/product-categorie\/koeling-2\/\"},{\"@type\":\"ListItem\",\"position\":3,\"name\":\"Luchtfilters &amp; Toebehoren\",\"item\":\"https:\/\/www.hoogstra-autosport.nl\/product-categorie\/koeling-2\/luchtfilters-toebehoren\/\"},{\"@type\":\"ListItem\",\"position\":4,\"name\":\"K&amp;N Filters\",\"item\":\"https:\/\/www.hoogstra-autosport.nl\/product-categorie\/koeling-2\/luchtfilters-toebehoren\/kn-filters\/\"},{\"@type\":\"ListItem\",\"position\":5,\"name\":\"K&N Filter Rond-Konisch\",\"item\":\"https:\/\/www.hoogstra-autosport.nl\/product-categorie\/koeling-2\/luchtfilters-toebehoren\/kn-filters\/kn-filter-rond-konisch\/\"},{\"@type\":\"ListItem\",\"position\":6,\"name\":\"K&#038;N RF-1039\"}]},{\"@type\":\"WebSite\",\"@id\":\"https:\/\/www.hoogstra-autosport.nl\/#website\",\"url\":\"https:\/\/www.hoogstra-autosport.nl\/\",\"name\":\"Hoogstra Autosport\",\"description\":\"Performance Autosport Parts!\",\"potentialAction\":[{\"@type\":\"SearchAction\",\"target\":{\"@type\":\"EntryPoint\",\"urlTemplate\":\"https:\/\/www.hoogstra-autosport.nl\/?s={search_term_string}\"},\"query-input\":{\"@type\":\"PropertyValueSpecification\",\"valueRequired\":true,\"valueName\":\"search_term_string\"}}],\"inLanguage\":\"fr-FR\"}]}<\/script>\n<!-- \/ Yoast SEO plugin. -->","yoast_head_json":{"title":"K&N RF-1039 - Hoogstra Autosport","robots":{"index":"index","follow":"follow","max-snippet":"max-snippet:-1","max-image-preview":"max-image-preview:large","max-video-preview":"max-video-preview:-1"},"canonical":"https:\/\/www.hoogstra-autosport.nl\/fr\/produit\/kn-rf-1039\/","og_locale":"fr_FR","og_type":"article","og_title":"K&N RF-1039 - Hoogstra Autosport","og_description":"Hoogte 152 mm Flens 76 mm Breedte onderzijde 127 mm Air Filter Large End Diameter 5 in (127 mm) Air Filter Shape Round Tapered Base Outside Diameter 5 in (127 mm) Filter Material Cotton Gauze Filter Re-Oiling Amount 0.89 oz (26 ml) Flange Inside Diameter 3 in (76 mm) Flange Length 1.75 in (44 mm) [&hellip;]","og_url":"https:\/\/www.hoogstra-autosport.nl\/fr\/produit\/kn-rf-1039\/","og_site_name":"Hoogstra Autosport","article_modified_time":"2024-01-20T11:59:37+00:00","og_image":[{"width":350,"height":550,"url":"https:\/\/www.hoogstra-autosport.nl\/teamkoen\/content\/uploads\/catalog\/product\/RF1039.jpg","type":"image\/jpeg"}],"twitter_card":"summary_large_image","schema":{"@context":"https:\/\/schema.org","@graph":[{"@type":"WebPage","@id":"https:\/\/www.hoogstra-autosport.nl\/product\/kn-rf-1039\/","url":"https:\/\/www.hoogstra-autosport.nl\/product\/kn-rf-1039\/","name":"K&N RF-1039 - Hoogstra Autosport","isPartOf":{"@id":"https:\/\/www.hoogstra-autosport.nl\/#website"},"primaryImageOfPage":{"@id":"https:\/\/www.hoogstra-autosport.nl\/product\/kn-rf-1039\/#primaryimage"},"image":{"@id":"https:\/\/www.hoogstra-autosport.nl\/product\/kn-rf-1039\/#primaryimage"},"thumbnailUrl":"https:\/\/www.hoogstra-autosport.nl\/teamkoen\/wp-content\/uploads\/catalog\/product\/RF1039.jpg","datePublished":"2015-06-17T08:05:27+00:00","dateModified":"2024-01-20T11:59:37+00:00","breadcrumb":{"@id":"https:\/\/www.hoogstra-autosport.nl\/product\/kn-rf-1039\/#breadcrumb"},"inLanguage":"fr-FR","potentialAction":[{"@type":"ReadAction","target":["https:\/\/www.hoogstra-autosport.nl\/product\/kn-rf-1039\/"]}]},{"@type":"ImageObject","inLanguage":"fr-FR","@id":"https:\/\/www.hoogstra-autosport.nl\/product\/kn-rf-1039\/#primaryimage","url":"https:\/\/www.hoogstra-autosport.nl\/teamkoen\/wp-content\/uploads\/catalog\/product\/RF1039.jpg","contentUrl":"https:\/\/www.hoogstra-autosport.nl\/teamkoen\/wp-content\/uploads\/catalog\/product\/RF1039.jpg","width":350,"height":550},{"@type":"BreadcrumbList","@id":"https:\/\/www.hoogstra-autosport.nl\/product\/kn-rf-1039\/#breadcrumb","itemListElement":[{"@type":"ListItem","position":1,"name":"Home","item":"https:\/\/www.hoogstra-autosport.nl\/"},{"@type":"ListItem","position":2,"name":"Koeling &amp; Luchtfilters","item":"https:\/\/www.hoogstra-autosport.nl\/product-categorie\/koeling-2\/"},{"@type":"ListItem","position":3,"name":"Luchtfilters &amp; Toebehoren","item":"https:\/\/www.hoogstra-autosport.nl\/product-categorie\/koeling-2\/luchtfilters-toebehoren\/"},{"@type":"ListItem","position":4,"name":"K&amp;N Filters","item":"https:\/\/www.hoogstra-autosport.nl\/product-categorie\/koeling-2\/luchtfilters-toebehoren\/kn-filters\/"},{"@type":"ListItem","position":5,"name":"K&N Filter Rond-Konisch","item":"https:\/\/www.hoogstra-autosport.nl\/product-categorie\/koeling-2\/luchtfilters-toebehoren\/kn-filters\/kn-filter-rond-konisch\/"},{"@type":"ListItem","position":6,"name":"K&#038;N RF-1039"}]},{"@type":"WebSite","@id":"https:\/\/www.hoogstra-autosport.nl\/#website","url":"https:\/\/www.hoogstra-autosport.nl\/","name":"Hoogstra Autosport","description":"Performance Autosport Parts!","potentialAction":[{"@type":"SearchAction","target":{"@type":"EntryPoint","urlTemplate":"https:\/\/www.hoogstra-autosport.nl\/?s={search_term_string}"},"query-input":{"@type":"PropertyValueSpecification","valueRequired":true,"valueName":"search_term_string"}}],"inLanguage":"fr-FR"}]}},"tiered_pricing_type":"fixed","tiered_pricing_fixed_rules":[],"tiered_pricing_product_settings":{"layout":"default","base_unit_name":{"singular":null,"plural":null},"default_variation":null},"tiered_pricing_minimum_quantity":null,"tiered_pricing_roles_data":[],"tiered_pricing_percentage_rules":[],"tiered_pricing_maximum_quantity":null,"tiered_pricing_quantity_step":null,"_links":{"self":[{"href":"https:\/\/www.hoogstra-autosport.nl\/fr\/wp-json\/wp\/v2\/product\/8491","targetHints":{"allow":["GET"]}}],"collection":[{"href":"https:\/\/www.hoogstra-autosport.nl\/fr\/wp-json\/wp\/v2\/product"}],"about":[{"href":"https:\/\/www.hoogstra-autosport.nl\/fr\/wp-json\/wp\/v2\/types\/product"}],"wp:featuredmedia":[{"embeddable":true,"href":"https:\/\/www.hoogstra-autosport.nl\/fr\/wp-json\/wp\/v2\/media\/8492"}],"wp:attachment":[{"href":"https:\/\/www.hoogstra-autosport.nl\/fr\/wp-json\/wp\/v2\/media?parent=8491"}],"wp:term":[{"taxonomy":"product_brand","embeddable":true,"href":"https:\/\/www.hoogstra-autosport.nl\/fr\/wp-json\/wp\/v2\/product_brand?post=8491"},{"taxonomy":"product_cat","embeddable":true,"href":"https:\/\/www.hoogstra-autosport.nl\/fr\/wp-json\/wp\/v2\/product_cat?post=8491"},{"taxonomy":"product_tag","embeddable":true,"href":"https:\/\/www.hoogstra-autosport.nl\/fr\/wp-json\/wp\/v2\/product_tag?post=8491"}],"curies":[{"name":"wp","href":"https:\/\/api.w.org\/{rel}","templated":true}]}}