{"id":8463,"date":"2015-05-31T12:58:31","date_gmt":"2015-05-31T10:58:31","guid":{"rendered":"http:\/\/hoogstra-autosport.nl\/?product=brandvertragende-overall"},"modified":"2025-05-15T14:31:26","modified_gmt":"2025-05-15T12:31:26","slug":"brandvertragende-overall","status":"publish","type":"product","link":"https:\/\/www.hoogstra-autosport.nl\/fr\/produit\/brandvertragende-overall\/","title":{"rendered":"Combinaison de course ignifug\u00e9e QSP Noir"},"content":{"rendered":"<p>QSP Globale Ignifug\u00e9e<br \/>\nDisponible en noir et en bleu.<br \/>\nTailles : 50 - 52 - 54 - 56 - 58 - 60 - 62 - 64 - 66<\/p>\n<p>Couche unique Globale<br \/>\nR\u00e9pond aux exigences suivantes : ISO14116 :2008 ISO11611 :2007 ISO611612 :2008<br \/>\nLe mieux est de venir les essayer dans notre magasin.<\/p>\n<p>&nbsp;<\/p>\n<p>EN ISO 11612<br \/>\nLa norme ISO 11612 sur les v\u00eatements remplace la norme EN 531 et prot\u00e8ge contre la chaleur et les flammes. La norme ISO 11612 sur les v\u00eatements prot\u00e8ge le porteur contre les contacts brefs avec les flammes, les projections de m\u00e9tal en fusion et la chaleur rayonnante et convective. Dans le cadre de cette norme, l'ignifugation du tissu et le transfert de chaleur \u00e0 la peau sont examin\u00e9s. Les tests mesurent notamment le risque de br\u00fblures au deuxi\u00e8me degr\u00e9.<br \/>\nEN ISO 11612 pour le porteur<br \/>\nLa norme EN ISO 11612 garantit qu'un v\u00eatement ne br\u00fblera pas au contact d'une flamme. Toutefois, il est important que le v\u00eatement soit propre et que l'utilisateur s'\u00e9loigne de la flamme d\u00e8s que possible. Dans le cas contraire, le v\u00eatement risque de se consumer. La norme ISO 11612 offre \u00e0 l'utilisateur un temps de fuite. En s'\u00e9loignant du risque, la flamme s'\u00e9teindra sur le v\u00eatement. L'\u00e9paisseur du tissu prot\u00e8ge l'utilisateur des br\u00fblures au second degr\u00e9.<br \/>\nConforme \u00e0 la norme EN ISO 11612<br \/>\nLe tissu ne doit pas s'enflammer et doit emp\u00eacher autant que possible la transmission de la chaleur \u00e0 la peau.<br \/>\nLes v\u00eatements doivent couvrir l'ensemble du corps \u00e0 tout moment<br \/>\nLes v\u00eatements doivent emp\u00eacher autant que possible la formation d'\u00e9tincelles<br \/>\nLes sacs doivent \u00eatre couverts<br \/>\nIl convient d'\u00e9viter les plis ou les bords sur\u00e9lev\u00e9s<br \/>\nLes fermetures \u00e0 glissi\u00e8re ne sont pas recommand\u00e9es car elles rendent plus difficile le retrait du v\u00eatement en cas d'urgence.<br \/>\nLes fermetures m\u00e9talliques ne doivent pas \u00eatre plac\u00e9es directement sur la peau.<br \/>\nISO 11612 et maintenance<br \/>\nLes v\u00eatements conformes \u00e0 la norme ISO 11612 n\u00e9cessitent un entretien professionnel pour conserver leurs propri\u00e9t\u00e9s ignifuges. La protection contre les flammes diminue lorsque les v\u00eatements sont sales. Il est donc important que les porteurs aient toujours \u00e0 port\u00e9e de main une quantit\u00e9 suffisante de v\u00eatements propres conformes \u00e0 la norme ISO 11612 et qu'ils puissent en changer si n\u00e9cessaire.<\/p>","protected":false},"excerpt":{"rendered":"<p>QSP Overall Brandvertragend Beschikbaar in de kleuren zwart en blauw. Maten: 50 &#8211; 52 &#8211; 54 &#8211; 56 &#8211; 58 &#8211; 60 &#8211; 62 &#8211; 64 &#8211; 66 Enkel Laags Overall Voldoet aan de volgende eisen : ISO14116 :2008 ISO11611 : 2007 ISO611612 :2008 Beste is komen passen in onze winkel. &nbsp; EN ISO 11612 [&hellip;]<\/p>\n","protected":false},"featured_media":8464,"template":"","meta":{"_acf_changed":false},"product_brand":[],"product_cat":[2680,2646],"product_tag":[],"class_list":{"0":"post-8463","1":"product","2":"type-product","3":"status-publish","4":"has-post-thumbnail","6":"product_cat-brandvertragende-overall","7":"product_cat-kartoveralls","8":"product_shipping_class-4016","10":"first","11":"instock","12":"taxable","13":"shipping-taxable","14":"purchasable","15":"product-type-variable"},"acf":[],"yoast_head":"<!-- This site is optimized with the Yoast SEO plugin v27.1.1 - https:\/\/yoast.com\/product\/yoast-seo-wordpress\/ -->\n<title>Brandvertragende Race Overall QSP Zwart - Hoogstra Autosport<\/title>\n<meta name=\"robots\" content=\"index, follow, max-snippet:-1, max-image-preview:large, max-video-preview:-1\" \/>\n<link rel=\"canonical\" href=\"https:\/\/www.hoogstra-autosport.nl\/fr\/produit\/brandvertragende-overall\/\" \/>\n<meta property=\"og:locale\" content=\"fr_FR\" \/>\n<meta property=\"og:type\" content=\"article\" \/>\n<meta property=\"og:title\" content=\"Brandvertragende Race Overall QSP Zwart - Hoogstra Autosport\" \/>\n<meta property=\"og:description\" content=\"QSP Overall Brandvertragend Beschikbaar in de kleuren zwart en blauw. Maten: 50 &#8211; 52 &#8211; 54 &#8211; 56 &#8211; 58 &#8211; 60 &#8211; 62 &#8211; 64 &#8211; 66 Enkel Laags Overall Voldoet aan de volgende eisen : ISO14116 :2008 ISO11611 : 2007 ISO611612 :2008 Beste is komen passen in onze winkel. &nbsp; EN ISO 11612 [&hellip;]\" \/>\n<meta property=\"og:url\" content=\"https:\/\/www.hoogstra-autosport.nl\/fr\/produit\/brandvertragende-overall\/\" \/>\n<meta property=\"og:site_name\" content=\"Hoogstra Autosport\" \/>\n<meta property=\"article:modified_time\" content=\"2025-05-15T12:31:26+00:00\" \/>\n<meta property=\"og:image\" content=\"https:\/\/www.hoogstra-autosport.nl\/teamkoen\/content\/uploads\/catalog\/product\/en531_plus_suit.jpg\" \/>\n\t<meta property=\"og:image:width\" content=\"265\" \/>\n\t<meta property=\"og:image:height\" content=\"265\" \/>\n\t<meta property=\"og:image:type\" content=\"image\/jpeg\" \/>\n<meta name=\"twitter:card\" content=\"summary_large_image\" \/>\n<meta name=\"twitter:label1\" content=\"Dur\u00e9e de lecture estim\u00e9e\" \/>\n\t<meta name=\"twitter:data1\" content=\"2 minutes\" \/>\n<script type=\"application\/ld+json\" class=\"yoast-schema-graph\">{\"@context\":\"https:\/\/schema.org\",\"@graph\":[{\"@type\":\"WebPage\",\"@id\":\"https:\/\/www.hoogstra-autosport.nl\/product\/brandvertragende-overall\/\",\"url\":\"https:\/\/www.hoogstra-autosport.nl\/product\/brandvertragende-overall\/\",\"name\":\"Brandvertragende Race Overall QSP Zwart - Hoogstra Autosport\",\"isPartOf\":{\"@id\":\"https:\/\/www.hoogstra-autosport.nl\/#website\"},\"primaryImageOfPage\":{\"@id\":\"https:\/\/www.hoogstra-autosport.nl\/product\/brandvertragende-overall\/#primaryimage\"},\"image\":{\"@id\":\"https:\/\/www.hoogstra-autosport.nl\/product\/brandvertragende-overall\/#primaryimage\"},\"thumbnailUrl\":\"https:\/\/www.hoogstra-autosport.nl\/teamkoen\/wp-content\/uploads\/catalog\/product\/en531_plus_suit.jpg\",\"datePublished\":\"2015-05-31T10:58:31+00:00\",\"dateModified\":\"2025-05-15T12:31:26+00:00\",\"breadcrumb\":{\"@id\":\"https:\/\/www.hoogstra-autosport.nl\/product\/brandvertragende-overall\/#breadcrumb\"},\"inLanguage\":\"fr-FR\",\"potentialAction\":[{\"@type\":\"ReadAction\",\"target\":[\"https:\/\/www.hoogstra-autosport.nl\/product\/brandvertragende-overall\/\"]}]},{\"@type\":\"ImageObject\",\"inLanguage\":\"fr-FR\",\"@id\":\"https:\/\/www.hoogstra-autosport.nl\/product\/brandvertragende-overall\/#primaryimage\",\"url\":\"https:\/\/www.hoogstra-autosport.nl\/teamkoen\/wp-content\/uploads\/catalog\/product\/en531_plus_suit.jpg\",\"contentUrl\":\"https:\/\/www.hoogstra-autosport.nl\/teamkoen\/wp-content\/uploads\/catalog\/product\/en531_plus_suit.jpg\",\"width\":265,\"height\":265},{\"@type\":\"BreadcrumbList\",\"@id\":\"https:\/\/www.hoogstra-autosport.nl\/product\/brandvertragende-overall\/#breadcrumb\",\"itemListElement\":[{\"@type\":\"ListItem\",\"position\":1,\"name\":\"Home\",\"item\":\"https:\/\/www.hoogstra-autosport.nl\/\"},{\"@type\":\"ListItem\",\"position\":2,\"name\":\"Uitrusting\",\"item\":\"https:\/\/www.hoogstra-autosport.nl\/product-categorie\/autosport-kleding-helmen\/\"},{\"@type\":\"ListItem\",\"position\":3,\"name\":\"Autosport Kleding\",\"item\":\"https:\/\/www.hoogstra-autosport.nl\/product-categorie\/autosport-kleding-helmen\/autosport-kleding\/\"},{\"@type\":\"ListItem\",\"position\":4,\"name\":\"Overalls\",\"item\":\"https:\/\/www.hoogstra-autosport.nl\/product-categorie\/autosport-kleding-helmen\/autosport-kleding\/overalls\/\"},{\"@type\":\"ListItem\",\"position\":5,\"name\":\"Brandvertragende Overall\",\"item\":\"https:\/\/www.hoogstra-autosport.nl\/product-categorie\/autosport-kleding-helmen\/autosport-kleding\/overalls\/brandvertragende-overall\/\"},{\"@type\":\"ListItem\",\"position\":6,\"name\":\"Brandvertragende Race Overall QSP Zwart\"}]},{\"@type\":\"WebSite\",\"@id\":\"https:\/\/www.hoogstra-autosport.nl\/#website\",\"url\":\"https:\/\/www.hoogstra-autosport.nl\/\",\"name\":\"Hoogstra Autosport\",\"description\":\"Performance Autosport Parts!\",\"potentialAction\":[{\"@type\":\"SearchAction\",\"target\":{\"@type\":\"EntryPoint\",\"urlTemplate\":\"https:\/\/www.hoogstra-autosport.nl\/?s={search_term_string}\"},\"query-input\":{\"@type\":\"PropertyValueSpecification\",\"valueRequired\":true,\"valueName\":\"search_term_string\"}}],\"inLanguage\":\"fr-FR\"}]}<\/script>\n<!-- \/ Yoast SEO plugin. -->","yoast_head_json":{"title":"Brandvertragende Race Overall QSP Zwart - Hoogstra Autosport","robots":{"index":"index","follow":"follow","max-snippet":"max-snippet:-1","max-image-preview":"max-image-preview:large","max-video-preview":"max-video-preview:-1"},"canonical":"https:\/\/www.hoogstra-autosport.nl\/fr\/produit\/brandvertragende-overall\/","og_locale":"fr_FR","og_type":"article","og_title":"Brandvertragende Race Overall QSP Zwart - Hoogstra Autosport","og_description":"QSP Overall Brandvertragend Beschikbaar in de kleuren zwart en blauw. Maten: 50 &#8211; 52 &#8211; 54 &#8211; 56 &#8211; 58 &#8211; 60 &#8211; 62 &#8211; 64 &#8211; 66 Enkel Laags Overall Voldoet aan de volgende eisen : ISO14116 :2008 ISO11611 : 2007 ISO611612 :2008 Beste is komen passen in onze winkel. &nbsp; EN ISO 11612 [&hellip;]","og_url":"https:\/\/www.hoogstra-autosport.nl\/fr\/produit\/brandvertragende-overall\/","og_site_name":"Hoogstra Autosport","article_modified_time":"2025-05-15T12:31:26+00:00","og_image":[{"width":265,"height":265,"url":"https:\/\/www.hoogstra-autosport.nl\/teamkoen\/content\/uploads\/catalog\/product\/en531_plus_suit.jpg","type":"image\/jpeg"}],"twitter_card":"summary_large_image","twitter_misc":{"Dur\u00e9e de lecture estim\u00e9e":"2 minutes"},"schema":{"@context":"https:\/\/schema.org","@graph":[{"@type":"WebPage","@id":"https:\/\/www.hoogstra-autosport.nl\/product\/brandvertragende-overall\/","url":"https:\/\/www.hoogstra-autosport.nl\/product\/brandvertragende-overall\/","name":"Brandvertragende Race Overall QSP Zwart - Hoogstra Autosport","isPartOf":{"@id":"https:\/\/www.hoogstra-autosport.nl\/#website"},"primaryImageOfPage":{"@id":"https:\/\/www.hoogstra-autosport.nl\/product\/brandvertragende-overall\/#primaryimage"},"image":{"@id":"https:\/\/www.hoogstra-autosport.nl\/product\/brandvertragende-overall\/#primaryimage"},"thumbnailUrl":"https:\/\/www.hoogstra-autosport.nl\/teamkoen\/wp-content\/uploads\/catalog\/product\/en531_plus_suit.jpg","datePublished":"2015-05-31T10:58:31+00:00","dateModified":"2025-05-15T12:31:26+00:00","breadcrumb":{"@id":"https:\/\/www.hoogstra-autosport.nl\/product\/brandvertragende-overall\/#breadcrumb"},"inLanguage":"fr-FR","potentialAction":[{"@type":"ReadAction","target":["https:\/\/www.hoogstra-autosport.nl\/product\/brandvertragende-overall\/"]}]},{"@type":"ImageObject","inLanguage":"fr-FR","@id":"https:\/\/www.hoogstra-autosport.nl\/product\/brandvertragende-overall\/#primaryimage","url":"https:\/\/www.hoogstra-autosport.nl\/teamkoen\/wp-content\/uploads\/catalog\/product\/en531_plus_suit.jpg","contentUrl":"https:\/\/www.hoogstra-autosport.nl\/teamkoen\/wp-content\/uploads\/catalog\/product\/en531_plus_suit.jpg","width":265,"height":265},{"@type":"BreadcrumbList","@id":"https:\/\/www.hoogstra-autosport.nl\/product\/brandvertragende-overall\/#breadcrumb","itemListElement":[{"@type":"ListItem","position":1,"name":"Home","item":"https:\/\/www.hoogstra-autosport.nl\/"},{"@type":"ListItem","position":2,"name":"Uitrusting","item":"https:\/\/www.hoogstra-autosport.nl\/product-categorie\/autosport-kleding-helmen\/"},{"@type":"ListItem","position":3,"name":"Autosport Kleding","item":"https:\/\/www.hoogstra-autosport.nl\/product-categorie\/autosport-kleding-helmen\/autosport-kleding\/"},{"@type":"ListItem","position":4,"name":"Overalls","item":"https:\/\/www.hoogstra-autosport.nl\/product-categorie\/autosport-kleding-helmen\/autosport-kleding\/overalls\/"},{"@type":"ListItem","position":5,"name":"Brandvertragende Overall","item":"https:\/\/www.hoogstra-autosport.nl\/product-categorie\/autosport-kleding-helmen\/autosport-kleding\/overalls\/brandvertragende-overall\/"},{"@type":"ListItem","position":6,"name":"Brandvertragende Race Overall QSP Zwart"}]},{"@type":"WebSite","@id":"https:\/\/www.hoogstra-autosport.nl\/#website","url":"https:\/\/www.hoogstra-autosport.nl\/","name":"Hoogstra Autosport","description":"Performance Autosport Parts!","potentialAction":[{"@type":"SearchAction","target":{"@type":"EntryPoint","urlTemplate":"https:\/\/www.hoogstra-autosport.nl\/?s={search_term_string}"},"query-input":{"@type":"PropertyValueSpecification","valueRequired":true,"valueName":"search_term_string"}}],"inLanguage":"fr-FR"}]}},"tiered_pricing_type":"fixed","tiered_pricing_fixed_rules":[],"tiered_pricing_product_settings":{"layout":"default","base_unit_name":{"singular":null,"plural":null},"default_variation":null},"tiered_pricing_minimum_quantity":null,"tiered_pricing_roles_data":[],"tiered_pricing_percentage_rules":[],"tiered_pricing_maximum_quantity":null,"tiered_pricing_quantity_step":null,"_links":{"self":[{"href":"https:\/\/www.hoogstra-autosport.nl\/fr\/wp-json\/wp\/v2\/product\/8463","targetHints":{"allow":["GET"]}}],"collection":[{"href":"https:\/\/www.hoogstra-autosport.nl\/fr\/wp-json\/wp\/v2\/product"}],"about":[{"href":"https:\/\/www.hoogstra-autosport.nl\/fr\/wp-json\/wp\/v2\/types\/product"}],"wp:featuredmedia":[{"embeddable":true,"href":"https:\/\/www.hoogstra-autosport.nl\/fr\/wp-json\/wp\/v2\/media\/8464"}],"wp:attachment":[{"href":"https:\/\/www.hoogstra-autosport.nl\/fr\/wp-json\/wp\/v2\/media?parent=8463"}],"wp:term":[{"taxonomy":"product_brand","embeddable":true,"href":"https:\/\/www.hoogstra-autosport.nl\/fr\/wp-json\/wp\/v2\/product_brand?post=8463"},{"taxonomy":"product_cat","embeddable":true,"href":"https:\/\/www.hoogstra-autosport.nl\/fr\/wp-json\/wp\/v2\/product_cat?post=8463"},{"taxonomy":"product_tag","embeddable":true,"href":"https:\/\/www.hoogstra-autosport.nl\/fr\/wp-json\/wp\/v2\/product_tag?post=8463"}],"curies":[{"name":"wp","href":"https:\/\/api.w.org\/{rel}","templated":true}]}}