{"id":8397,"date":"2015-03-27T12:42:20","date_gmt":"2015-03-27T11:42:20","guid":{"rendered":"http:\/\/hoogstra-autosport.nl\/?product=omp-schoenen-ks3KS3-Blauw-IC813241XX"},"modified":"2026-03-24T10:36:51","modified_gmt":"2026-03-24T09:36:51","slug":"omp-schoenen-ks3ks3-blauw-ic813241xx","status":"publish","type":"product","link":"https:\/\/www.hoogstra-autosport.nl\/fr\/produit\/omp-schoenen-ks3ks3-blauw-ic813241xx\/","title":{"rendered":"OMP KS3 Schoen Blauw"},"content":{"rendered":"<p>Chaussure de karting moderne en nubuck dans des combinaisons de couleurs amusantes.<br \/>\nLisse au dos pour plus de confort.<br \/>\nInserts respirants.<br \/>\nLa chaussure noire\/blanche\/grise avec lacets noirs est accompagn\u00e9e de lacets color\u00e9s suppl\u00e9mentaires en orange, jaune et vert fluorescents.<br \/>\nCouleur(s) : gris\/noir\/rouge, bleu\/blanc\/bleu clair, noir\/blanc\/gris<br \/>\nTailles : 32 \u00e0 47<\/p>","protected":false},"excerpt":{"rendered":"<p>Moderne kartschoen in nubuck in leuke kleurencombinaties. Achteraan soepel voor meer comfort. Luchtdoorlatende inzetstukken. Bij de zwart\/wit\/grijze schoen met zwarte\u00a0veters worden als extra nog kleurrijke veters bijgeleverd in\u00a0 fluo oranje, geel en groen. Kleur(en): grijs\/zwart\/rood, blauw\/wit\/licht blauw, zwart\/wit\/grijs Maten: 32 t\/m 47<\/p>","protected":false},"featured_media":93195,"template":"","meta":{"_acf_changed":false},"product_brand":[],"product_cat":[3980,3784],"product_tag":[],"class_list":{"0":"post-8397","1":"product","2":"type-product","3":"status-publish","4":"has-post-thumbnail","6":"product_cat-omp-kartschoenen","7":"product_cat-omp-schoenen-non-fia","8":"product_shipping_class-4016","10":"first","11":"instock","12":"taxable","13":"shipping-taxable","14":"purchasable","15":"product-type-variable"},"acf":[],"yoast_head":"<!-- This site is optimized with the Yoast SEO plugin v27.1.1 - https:\/\/yoast.com\/product\/yoast-seo-wordpress\/ -->\n<title>OMP KS3 Schoen Blauw - Hoogstra Autosport<\/title>\n<meta name=\"robots\" content=\"index, follow, max-snippet:-1, max-image-preview:large, max-video-preview:-1\" \/>\n<link rel=\"canonical\" href=\"https:\/\/www.hoogstra-autosport.nl\/fr\/produit\/omp-schoenen-ks3ks3-blauw-ic813241xx\/\" \/>\n<meta property=\"og:locale\" content=\"fr_FR\" \/>\n<meta property=\"og:type\" content=\"article\" \/>\n<meta property=\"og:title\" content=\"OMP KS3 Schoen Blauw - Hoogstra Autosport\" \/>\n<meta property=\"og:description\" content=\"Moderne kartschoen in nubuck in leuke kleurencombinaties. Achteraan soepel voor meer comfort. Luchtdoorlatende inzetstukken. Bij de zwart\/wit\/grijze schoen met zwarte\u00a0veters worden als extra nog kleurrijke veters bijgeleverd in\u00a0 fluo oranje, geel en groen. Kleur(en): grijs\/zwart\/rood, blauw\/wit\/licht blauw, zwart\/wit\/grijs Maten: 32 t\/m 47\" \/>\n<meta property=\"og:url\" content=\"https:\/\/www.hoogstra-autosport.nl\/fr\/produit\/omp-schoenen-ks3ks3-blauw-ic813241xx\/\" \/>\n<meta property=\"og:site_name\" content=\"Hoogstra Autosport\" \/>\n<meta property=\"article:modified_time\" content=\"2026-03-24T09:36:51+00:00\" \/>\n<meta property=\"og:image\" content=\"https:\/\/www.hoogstra-autosport.nl\/teamkoen\/wp-content\/uploads\/2015\/03\/OMP-ks-3-schoen-blauw.jpg\" \/>\n\t<meta property=\"og:image:width\" content=\"1080\" \/>\n\t<meta property=\"og:image:height\" content=\"1080\" \/>\n\t<meta property=\"og:image:type\" content=\"image\/jpeg\" \/>\n<meta name=\"twitter:card\" content=\"summary_large_image\" \/>\n<meta name=\"twitter:label1\" content=\"Dur\u00e9e de lecture estim\u00e9e\" \/>\n\t<meta name=\"twitter:data1\" content=\"1 minute\" \/>\n<script type=\"application\/ld+json\" class=\"yoast-schema-graph\">{\"@context\":\"https:\/\/schema.org\",\"@graph\":[{\"@type\":\"WebPage\",\"@id\":\"https:\/\/www.hoogstra-autosport.nl\/product\/omp-schoenen-ks3ks3-blauw-ic813241xx\/\",\"url\":\"https:\/\/www.hoogstra-autosport.nl\/product\/omp-schoenen-ks3ks3-blauw-ic813241xx\/\",\"name\":\"OMP KS3 Schoen Blauw - Hoogstra Autosport\",\"isPartOf\":{\"@id\":\"https:\/\/www.hoogstra-autosport.nl\/#website\"},\"primaryImageOfPage\":{\"@id\":\"https:\/\/www.hoogstra-autosport.nl\/product\/omp-schoenen-ks3ks3-blauw-ic813241xx\/#primaryimage\"},\"image\":{\"@id\":\"https:\/\/www.hoogstra-autosport.nl\/product\/omp-schoenen-ks3ks3-blauw-ic813241xx\/#primaryimage\"},\"thumbnailUrl\":\"https:\/\/www.hoogstra-autosport.nl\/teamkoen\/wp-content\/uploads\/2015\/03\/OMP-ks-3-schoen-blauw.jpg\",\"datePublished\":\"2015-03-27T11:42:20+00:00\",\"dateModified\":\"2026-03-24T09:36:51+00:00\",\"breadcrumb\":{\"@id\":\"https:\/\/www.hoogstra-autosport.nl\/product\/omp-schoenen-ks3ks3-blauw-ic813241xx\/#breadcrumb\"},\"inLanguage\":\"fr-FR\",\"potentialAction\":[{\"@type\":\"ReadAction\",\"target\":[\"https:\/\/www.hoogstra-autosport.nl\/product\/omp-schoenen-ks3ks3-blauw-ic813241xx\/\"]}]},{\"@type\":\"ImageObject\",\"inLanguage\":\"fr-FR\",\"@id\":\"https:\/\/www.hoogstra-autosport.nl\/product\/omp-schoenen-ks3ks3-blauw-ic813241xx\/#primaryimage\",\"url\":\"https:\/\/www.hoogstra-autosport.nl\/teamkoen\/wp-content\/uploads\/2015\/03\/OMP-ks-3-schoen-blauw.jpg\",\"contentUrl\":\"https:\/\/www.hoogstra-autosport.nl\/teamkoen\/wp-content\/uploads\/2015\/03\/OMP-ks-3-schoen-blauw.jpg\",\"width\":1080,\"height\":1080},{\"@type\":\"BreadcrumbList\",\"@id\":\"https:\/\/www.hoogstra-autosport.nl\/product\/omp-schoenen-ks3ks3-blauw-ic813241xx\/#breadcrumb\",\"itemListElement\":[{\"@type\":\"ListItem\",\"position\":1,\"name\":\"Home\",\"item\":\"https:\/\/www.hoogstra-autosport.nl\/\"},{\"@type\":\"ListItem\",\"position\":2,\"name\":\"Uitrusting\",\"item\":\"https:\/\/www.hoogstra-autosport.nl\/product-categorie\/autosport-kleding-helmen\/\"},{\"@type\":\"ListItem\",\"position\":3,\"name\":\"Autosport Kleding\",\"item\":\"https:\/\/www.hoogstra-autosport.nl\/product-categorie\/autosport-kleding-helmen\/autosport-kleding\/\"},{\"@type\":\"ListItem\",\"position\":4,\"name\":\"Schoenen\",\"item\":\"https:\/\/www.hoogstra-autosport.nl\/product-categorie\/autosport-kleding-helmen\/autosport-kleding\/schoenen\/\"},{\"@type\":\"ListItem\",\"position\":5,\"name\":\"OMP Schoenen\",\"item\":\"https:\/\/www.hoogstra-autosport.nl\/product-categorie\/autosport-kleding-helmen\/autosport-kleding\/schoenen\/omp-schoenen\/\"},{\"@type\":\"ListItem\",\"position\":6,\"name\":\"OMP Schoenen\",\"item\":\"https:\/\/www.hoogstra-autosport.nl\/product-categorie\/autosport-kleding-helmen\/autosport-kleding\/schoenen\/omp-schoenen\/omp-schoenen-non-fia\/\"},{\"@type\":\"ListItem\",\"position\":7,\"name\":\"OMP KS3 Schoen Blauw\"}]},{\"@type\":\"WebSite\",\"@id\":\"https:\/\/www.hoogstra-autosport.nl\/#website\",\"url\":\"https:\/\/www.hoogstra-autosport.nl\/\",\"name\":\"Hoogstra Autosport\",\"description\":\"Performance Autosport Parts!\",\"potentialAction\":[{\"@type\":\"SearchAction\",\"target\":{\"@type\":\"EntryPoint\",\"urlTemplate\":\"https:\/\/www.hoogstra-autosport.nl\/?s={search_term_string}\"},\"query-input\":{\"@type\":\"PropertyValueSpecification\",\"valueRequired\":true,\"valueName\":\"search_term_string\"}}],\"inLanguage\":\"fr-FR\"}]}<\/script>\n<!-- \/ Yoast SEO plugin. -->","yoast_head_json":{"title":"OMP KS3 Schoen Blauw - Hoogstra Autosport","robots":{"index":"index","follow":"follow","max-snippet":"max-snippet:-1","max-image-preview":"max-image-preview:large","max-video-preview":"max-video-preview:-1"},"canonical":"https:\/\/www.hoogstra-autosport.nl\/fr\/produit\/omp-schoenen-ks3ks3-blauw-ic813241xx\/","og_locale":"fr_FR","og_type":"article","og_title":"OMP KS3 Schoen Blauw - Hoogstra Autosport","og_description":"Moderne kartschoen in nubuck in leuke kleurencombinaties. Achteraan soepel voor meer comfort. Luchtdoorlatende inzetstukken. Bij de zwart\/wit\/grijze schoen met zwarte\u00a0veters worden als extra nog kleurrijke veters bijgeleverd in\u00a0 fluo oranje, geel en groen. Kleur(en): grijs\/zwart\/rood, blauw\/wit\/licht blauw, zwart\/wit\/grijs Maten: 32 t\/m 47","og_url":"https:\/\/www.hoogstra-autosport.nl\/fr\/produit\/omp-schoenen-ks3ks3-blauw-ic813241xx\/","og_site_name":"Hoogstra Autosport","article_modified_time":"2026-03-24T09:36:51+00:00","og_image":[{"width":1080,"height":1080,"url":"https:\/\/www.hoogstra-autosport.nl\/teamkoen\/wp-content\/uploads\/2015\/03\/OMP-ks-3-schoen-blauw.jpg","type":"image\/jpeg"}],"twitter_card":"summary_large_image","twitter_misc":{"Dur\u00e9e de lecture estim\u00e9e":"1 minute"},"schema":{"@context":"https:\/\/schema.org","@graph":[{"@type":"WebPage","@id":"https:\/\/www.hoogstra-autosport.nl\/product\/omp-schoenen-ks3ks3-blauw-ic813241xx\/","url":"https:\/\/www.hoogstra-autosport.nl\/product\/omp-schoenen-ks3ks3-blauw-ic813241xx\/","name":"OMP KS3 Schoen Blauw - Hoogstra Autosport","isPartOf":{"@id":"https:\/\/www.hoogstra-autosport.nl\/#website"},"primaryImageOfPage":{"@id":"https:\/\/www.hoogstra-autosport.nl\/product\/omp-schoenen-ks3ks3-blauw-ic813241xx\/#primaryimage"},"image":{"@id":"https:\/\/www.hoogstra-autosport.nl\/product\/omp-schoenen-ks3ks3-blauw-ic813241xx\/#primaryimage"},"thumbnailUrl":"https:\/\/www.hoogstra-autosport.nl\/teamkoen\/wp-content\/uploads\/2015\/03\/OMP-ks-3-schoen-blauw.jpg","datePublished":"2015-03-27T11:42:20+00:00","dateModified":"2026-03-24T09:36:51+00:00","breadcrumb":{"@id":"https:\/\/www.hoogstra-autosport.nl\/product\/omp-schoenen-ks3ks3-blauw-ic813241xx\/#breadcrumb"},"inLanguage":"fr-FR","potentialAction":[{"@type":"ReadAction","target":["https:\/\/www.hoogstra-autosport.nl\/product\/omp-schoenen-ks3ks3-blauw-ic813241xx\/"]}]},{"@type":"ImageObject","inLanguage":"fr-FR","@id":"https:\/\/www.hoogstra-autosport.nl\/product\/omp-schoenen-ks3ks3-blauw-ic813241xx\/#primaryimage","url":"https:\/\/www.hoogstra-autosport.nl\/teamkoen\/wp-content\/uploads\/2015\/03\/OMP-ks-3-schoen-blauw.jpg","contentUrl":"https:\/\/www.hoogstra-autosport.nl\/teamkoen\/wp-content\/uploads\/2015\/03\/OMP-ks-3-schoen-blauw.jpg","width":1080,"height":1080},{"@type":"BreadcrumbList","@id":"https:\/\/www.hoogstra-autosport.nl\/product\/omp-schoenen-ks3ks3-blauw-ic813241xx\/#breadcrumb","itemListElement":[{"@type":"ListItem","position":1,"name":"Home","item":"https:\/\/www.hoogstra-autosport.nl\/"},{"@type":"ListItem","position":2,"name":"Uitrusting","item":"https:\/\/www.hoogstra-autosport.nl\/product-categorie\/autosport-kleding-helmen\/"},{"@type":"ListItem","position":3,"name":"Autosport Kleding","item":"https:\/\/www.hoogstra-autosport.nl\/product-categorie\/autosport-kleding-helmen\/autosport-kleding\/"},{"@type":"ListItem","position":4,"name":"Schoenen","item":"https:\/\/www.hoogstra-autosport.nl\/product-categorie\/autosport-kleding-helmen\/autosport-kleding\/schoenen\/"},{"@type":"ListItem","position":5,"name":"OMP Schoenen","item":"https:\/\/www.hoogstra-autosport.nl\/product-categorie\/autosport-kleding-helmen\/autosport-kleding\/schoenen\/omp-schoenen\/"},{"@type":"ListItem","position":6,"name":"OMP Schoenen","item":"https:\/\/www.hoogstra-autosport.nl\/product-categorie\/autosport-kleding-helmen\/autosport-kleding\/schoenen\/omp-schoenen\/omp-schoenen-non-fia\/"},{"@type":"ListItem","position":7,"name":"OMP KS3 Schoen Blauw"}]},{"@type":"WebSite","@id":"https:\/\/www.hoogstra-autosport.nl\/#website","url":"https:\/\/www.hoogstra-autosport.nl\/","name":"Hoogstra Autosport","description":"Performance Autosport Parts!","potentialAction":[{"@type":"SearchAction","target":{"@type":"EntryPoint","urlTemplate":"https:\/\/www.hoogstra-autosport.nl\/?s={search_term_string}"},"query-input":{"@type":"PropertyValueSpecification","valueRequired":true,"valueName":"search_term_string"}}],"inLanguage":"fr-FR"}]}},"tiered_pricing_type":"fixed","tiered_pricing_fixed_rules":[],"tiered_pricing_product_settings":{"layout":"default","base_unit_name":{"singular":null,"plural":null},"default_variation":null},"tiered_pricing_minimum_quantity":null,"tiered_pricing_roles_data":[],"tiered_pricing_percentage_rules":[],"tiered_pricing_maximum_quantity":null,"tiered_pricing_quantity_step":null,"_links":{"self":[{"href":"https:\/\/www.hoogstra-autosport.nl\/fr\/wp-json\/wp\/v2\/product\/8397","targetHints":{"allow":["GET"]}}],"collection":[{"href":"https:\/\/www.hoogstra-autosport.nl\/fr\/wp-json\/wp\/v2\/product"}],"about":[{"href":"https:\/\/www.hoogstra-autosport.nl\/fr\/wp-json\/wp\/v2\/types\/product"}],"wp:featuredmedia":[{"embeddable":true,"href":"https:\/\/www.hoogstra-autosport.nl\/fr\/wp-json\/wp\/v2\/media\/93195"}],"wp:attachment":[{"href":"https:\/\/www.hoogstra-autosport.nl\/fr\/wp-json\/wp\/v2\/media?parent=8397"}],"wp:term":[{"taxonomy":"product_brand","embeddable":true,"href":"https:\/\/www.hoogstra-autosport.nl\/fr\/wp-json\/wp\/v2\/product_brand?post=8397"},{"taxonomy":"product_cat","embeddable":true,"href":"https:\/\/www.hoogstra-autosport.nl\/fr\/wp-json\/wp\/v2\/product_cat?post=8397"},{"taxonomy":"product_tag","embeddable":true,"href":"https:\/\/www.hoogstra-autosport.nl\/fr\/wp-json\/wp\/v2\/product_tag?post=8397"}],"curies":[{"name":"wp","href":"https:\/\/api.w.org\/{rel}","templated":true}]}}