{"id":83819,"date":"2025-04-08T16:00:23","date_gmt":"2025-04-08T14:00:23","guid":{"rendered":"https:\/\/www.hoogstra-autosport.nl\/?post_type=product&#038;p=83819"},"modified":"2025-11-13T11:56:54","modified_gmt":"2025-11-13T10:56:54","slug":"bell-helm-x-1-rally","status":"publish","type":"product","link":"https:\/\/www.hoogstra-autosport.nl\/fr\/produit\/bell-helm-x-1-rally\/","title":{"rendered":"BELL Casque X-1 Rallye"},"content":{"rendered":"<p>Le casque Bell X-1 Rally combine s\u00e9curit\u00e9 avanc\u00e9e, confort et communication int\u00e9gr\u00e9e pour les courses tout-terrain. Le design inspir\u00e9 du motocross est approuv\u00e9 par la FIA et comporte un intercom ZeroNoise int\u00e9gr\u00e9.<\/p>\n<p>Homologu\u00e9 FIA 8859-2024 et Snell SA2020<\/p>\n<ul>\n<li>Con\u00e7u pour s'adapter parfaitement aux lunettes de sport automobile<\/li>\n<li>Pr\u00eat pour le FHR : pr\u00e9-assembl\u00e9 avec des bornes M6, conforme aux normes de s\u00e9curit\u00e9 FIA 8859-2024 et Snell SA2020.<\/li>\n<li>Coque en fibre de verre durable et l\u00e9g\u00e8re<\/li>\n<li>Ventilations au niveau du menton et du dos pour une meilleure circulation de l'air.<\/li>\n<li>Int\u00e9rieur amovible<\/li>\n<li>Pare-soleil r\u00e9glable<\/li>\n<li>Interphone ZeroNoise int\u00e9gr\u00e9 : des haut-parleurs puissants et un microphone anti-bruit garantissent une communication limpide.<\/li>\n<li>Compatible avec les syst\u00e8mes ZeroNoise, Sparco, Stilo et Peltor.<\/li>\n<\/ul>","protected":false},"excerpt":{"rendered":"<p>De Bell X-1 Rally Helm combineert geavanceerde veiligheid, comfort en ge\u00efntegreerde communicatie voor off-road racen. Het op motorcross ge\u00efnspireerde ontwerp is FIA goedgekeurd en heeft een ge\u00efntegreerde ZeroNoise intercom. FIA 8859-2024 en Snell SA2020 goedgekeurd Ontworpen voor een perfecte pasvorm met motorsportbrillen Klaar voor FHR: Voorgemonteerd met M6 terminals, voldoet aan de FIA 8859-2024 en [&hellip;]<\/p>\n","protected":false},"featured_media":83844,"template":"","meta":{"_acf_changed":false},"product_brand":[],"product_cat":[3970,2858],"product_tag":[],"class_list":{"0":"post-83819","1":"product","2":"type-product","3":"status-publish","4":"has-post-thumbnail","6":"product_cat-bell-integraalhelmen-fia","7":"product_cat-integraal-helmen-fia","8":"product_shipping_class-4016","10":"first","11":"instock","12":"taxable","13":"shipping-taxable","14":"purchasable","15":"product-type-variable"},"acf":[],"yoast_head":"<!-- This site is optimized with the Yoast SEO plugin v27.1.1 - https:\/\/yoast.com\/product\/yoast-seo-wordpress\/ -->\n<title>BELL Helm X-1 Rally - Hoogstra Autosport<\/title>\n<meta name=\"robots\" content=\"index, follow, max-snippet:-1, max-image-preview:large, max-video-preview:-1\" \/>\n<link rel=\"canonical\" href=\"https:\/\/www.hoogstra-autosport.nl\/fr\/produit\/bell-helm-x-1-rally\/\" \/>\n<meta property=\"og:locale\" content=\"fr_FR\" \/>\n<meta property=\"og:type\" content=\"article\" \/>\n<meta property=\"og:title\" content=\"BELL Helm X-1 Rally - Hoogstra Autosport\" \/>\n<meta property=\"og:description\" content=\"De Bell X-1 Rally Helm combineert geavanceerde veiligheid, comfort en ge\u00efntegreerde communicatie voor off-road racen. Het op motorcross ge\u00efnspireerde ontwerp is FIA goedgekeurd en heeft een ge\u00efntegreerde ZeroNoise intercom. FIA 8859-2024 en Snell SA2020 goedgekeurd Ontworpen voor een perfecte pasvorm met motorsportbrillen Klaar voor FHR: Voorgemonteerd met M6 terminals, voldoet aan de FIA 8859-2024 en [&hellip;]\" \/>\n<meta property=\"og:url\" content=\"https:\/\/www.hoogstra-autosport.nl\/fr\/produit\/bell-helm-x-1-rally\/\" \/>\n<meta property=\"og:site_name\" content=\"Hoogstra Autosport\" \/>\n<meta property=\"article:modified_time\" content=\"2025-11-13T10:56:54+00:00\" \/>\n<meta property=\"og:image\" content=\"https:\/\/www.hoogstra-autosport.nl\/teamkoen\/wp-content\/uploads\/2025\/04\/processed-F81E218D-6124-4CA2-A8A8-FA7E0322EE15.jpeg\" \/>\n\t<meta property=\"og:image:width\" content=\"1870\" \/>\n\t<meta property=\"og:image:height\" content=\"1870\" \/>\n\t<meta property=\"og:image:type\" content=\"image\/jpeg\" \/>\n<meta name=\"twitter:card\" content=\"summary_large_image\" \/>\n<meta name=\"twitter:label1\" content=\"Dur\u00e9e de lecture estim\u00e9e\" \/>\n\t<meta name=\"twitter:data1\" content=\"1 minute\" \/>\n<script type=\"application\/ld+json\" class=\"yoast-schema-graph\">{\"@context\":\"https:\/\/schema.org\",\"@graph\":[{\"@type\":\"WebPage\",\"@id\":\"https:\/\/www.hoogstra-autosport.nl\/product\/bell-helm-x-1-rally\/\",\"url\":\"https:\/\/www.hoogstra-autosport.nl\/product\/bell-helm-x-1-rally\/\",\"name\":\"BELL Helm X-1 Rally - Hoogstra Autosport\",\"isPartOf\":{\"@id\":\"https:\/\/www.hoogstra-autosport.nl\/#website\"},\"primaryImageOfPage\":{\"@id\":\"https:\/\/www.hoogstra-autosport.nl\/product\/bell-helm-x-1-rally\/#primaryimage\"},\"image\":{\"@id\":\"https:\/\/www.hoogstra-autosport.nl\/product\/bell-helm-x-1-rally\/#primaryimage\"},\"thumbnailUrl\":\"https:\/\/www.hoogstra-autosport.nl\/teamkoen\/wp-content\/uploads\/2025\/04\/processed-F81E218D-6124-4CA2-A8A8-FA7E0322EE15.jpeg\",\"datePublished\":\"2025-04-08T14:00:23+00:00\",\"dateModified\":\"2025-11-13T10:56:54+00:00\",\"breadcrumb\":{\"@id\":\"https:\/\/www.hoogstra-autosport.nl\/product\/bell-helm-x-1-rally\/#breadcrumb\"},\"inLanguage\":\"fr-FR\",\"potentialAction\":[{\"@type\":\"ReadAction\",\"target\":[\"https:\/\/www.hoogstra-autosport.nl\/product\/bell-helm-x-1-rally\/\"]}]},{\"@type\":\"ImageObject\",\"inLanguage\":\"fr-FR\",\"@id\":\"https:\/\/www.hoogstra-autosport.nl\/product\/bell-helm-x-1-rally\/#primaryimage\",\"url\":\"https:\/\/www.hoogstra-autosport.nl\/teamkoen\/wp-content\/uploads\/2025\/04\/processed-F81E218D-6124-4CA2-A8A8-FA7E0322EE15.jpeg\",\"contentUrl\":\"https:\/\/www.hoogstra-autosport.nl\/teamkoen\/wp-content\/uploads\/2025\/04\/processed-F81E218D-6124-4CA2-A8A8-FA7E0322EE15.jpeg\",\"width\":1870,\"height\":1870},{\"@type\":\"BreadcrumbList\",\"@id\":\"https:\/\/www.hoogstra-autosport.nl\/product\/bell-helm-x-1-rally\/#breadcrumb\",\"itemListElement\":[{\"@type\":\"ListItem\",\"position\":1,\"name\":\"Home\",\"item\":\"https:\/\/www.hoogstra-autosport.nl\/\"},{\"@type\":\"ListItem\",\"position\":2,\"name\":\"Uitrusting\",\"item\":\"https:\/\/www.hoogstra-autosport.nl\/product-categorie\/autosport-kleding-helmen\/\"},{\"@type\":\"ListItem\",\"position\":3,\"name\":\"Helmen\",\"item\":\"https:\/\/www.hoogstra-autosport.nl\/product-categorie\/autosport-kleding-helmen\/helmen\/\"},{\"@type\":\"ListItem\",\"position\":4,\"name\":\"FIA Integraal Helmen\",\"item\":\"https:\/\/www.hoogstra-autosport.nl\/product-categorie\/autosport-kleding-helmen\/helmen\/integraal-helmen-fia\/\"},{\"@type\":\"ListItem\",\"position\":5,\"name\":\"BELL Helm X-1 Rally\"}]},{\"@type\":\"WebSite\",\"@id\":\"https:\/\/www.hoogstra-autosport.nl\/#website\",\"url\":\"https:\/\/www.hoogstra-autosport.nl\/\",\"name\":\"Hoogstra Autosport\",\"description\":\"Performance Autosport Parts!\",\"potentialAction\":[{\"@type\":\"SearchAction\",\"target\":{\"@type\":\"EntryPoint\",\"urlTemplate\":\"https:\/\/www.hoogstra-autosport.nl\/?s={search_term_string}\"},\"query-input\":{\"@type\":\"PropertyValueSpecification\",\"valueRequired\":true,\"valueName\":\"search_term_string\"}}],\"inLanguage\":\"fr-FR\"}]}<\/script>\n<!-- \/ Yoast SEO plugin. -->","yoast_head_json":{"title":"BELL Helm X-1 Rally - Hoogstra Autosport","robots":{"index":"index","follow":"follow","max-snippet":"max-snippet:-1","max-image-preview":"max-image-preview:large","max-video-preview":"max-video-preview:-1"},"canonical":"https:\/\/www.hoogstra-autosport.nl\/fr\/produit\/bell-helm-x-1-rally\/","og_locale":"fr_FR","og_type":"article","og_title":"BELL Helm X-1 Rally - Hoogstra Autosport","og_description":"De Bell X-1 Rally Helm combineert geavanceerde veiligheid, comfort en ge\u00efntegreerde communicatie voor off-road racen. Het op motorcross ge\u00efnspireerde ontwerp is FIA goedgekeurd en heeft een ge\u00efntegreerde ZeroNoise intercom. FIA 8859-2024 en Snell SA2020 goedgekeurd Ontworpen voor een perfecte pasvorm met motorsportbrillen Klaar voor FHR: Voorgemonteerd met M6 terminals, voldoet aan de FIA 8859-2024 en [&hellip;]","og_url":"https:\/\/www.hoogstra-autosport.nl\/fr\/produit\/bell-helm-x-1-rally\/","og_site_name":"Hoogstra Autosport","article_modified_time":"2025-11-13T10:56:54+00:00","og_image":[{"width":1870,"height":1870,"url":"https:\/\/www.hoogstra-autosport.nl\/teamkoen\/wp-content\/uploads\/2025\/04\/processed-F81E218D-6124-4CA2-A8A8-FA7E0322EE15.jpeg","type":"image\/jpeg"}],"twitter_card":"summary_large_image","twitter_misc":{"Dur\u00e9e de lecture estim\u00e9e":"1 minute"},"schema":{"@context":"https:\/\/schema.org","@graph":[{"@type":"WebPage","@id":"https:\/\/www.hoogstra-autosport.nl\/product\/bell-helm-x-1-rally\/","url":"https:\/\/www.hoogstra-autosport.nl\/product\/bell-helm-x-1-rally\/","name":"BELL Helm X-1 Rally - Hoogstra Autosport","isPartOf":{"@id":"https:\/\/www.hoogstra-autosport.nl\/#website"},"primaryImageOfPage":{"@id":"https:\/\/www.hoogstra-autosport.nl\/product\/bell-helm-x-1-rally\/#primaryimage"},"image":{"@id":"https:\/\/www.hoogstra-autosport.nl\/product\/bell-helm-x-1-rally\/#primaryimage"},"thumbnailUrl":"https:\/\/www.hoogstra-autosport.nl\/teamkoen\/wp-content\/uploads\/2025\/04\/processed-F81E218D-6124-4CA2-A8A8-FA7E0322EE15.jpeg","datePublished":"2025-04-08T14:00:23+00:00","dateModified":"2025-11-13T10:56:54+00:00","breadcrumb":{"@id":"https:\/\/www.hoogstra-autosport.nl\/product\/bell-helm-x-1-rally\/#breadcrumb"},"inLanguage":"fr-FR","potentialAction":[{"@type":"ReadAction","target":["https:\/\/www.hoogstra-autosport.nl\/product\/bell-helm-x-1-rally\/"]}]},{"@type":"ImageObject","inLanguage":"fr-FR","@id":"https:\/\/www.hoogstra-autosport.nl\/product\/bell-helm-x-1-rally\/#primaryimage","url":"https:\/\/www.hoogstra-autosport.nl\/teamkoen\/wp-content\/uploads\/2025\/04\/processed-F81E218D-6124-4CA2-A8A8-FA7E0322EE15.jpeg","contentUrl":"https:\/\/www.hoogstra-autosport.nl\/teamkoen\/wp-content\/uploads\/2025\/04\/processed-F81E218D-6124-4CA2-A8A8-FA7E0322EE15.jpeg","width":1870,"height":1870},{"@type":"BreadcrumbList","@id":"https:\/\/www.hoogstra-autosport.nl\/product\/bell-helm-x-1-rally\/#breadcrumb","itemListElement":[{"@type":"ListItem","position":1,"name":"Home","item":"https:\/\/www.hoogstra-autosport.nl\/"},{"@type":"ListItem","position":2,"name":"Uitrusting","item":"https:\/\/www.hoogstra-autosport.nl\/product-categorie\/autosport-kleding-helmen\/"},{"@type":"ListItem","position":3,"name":"Helmen","item":"https:\/\/www.hoogstra-autosport.nl\/product-categorie\/autosport-kleding-helmen\/helmen\/"},{"@type":"ListItem","position":4,"name":"FIA Integraal Helmen","item":"https:\/\/www.hoogstra-autosport.nl\/product-categorie\/autosport-kleding-helmen\/helmen\/integraal-helmen-fia\/"},{"@type":"ListItem","position":5,"name":"BELL Helm X-1 Rally"}]},{"@type":"WebSite","@id":"https:\/\/www.hoogstra-autosport.nl\/#website","url":"https:\/\/www.hoogstra-autosport.nl\/","name":"Hoogstra Autosport","description":"Performance Autosport Parts!","potentialAction":[{"@type":"SearchAction","target":{"@type":"EntryPoint","urlTemplate":"https:\/\/www.hoogstra-autosport.nl\/?s={search_term_string}"},"query-input":{"@type":"PropertyValueSpecification","valueRequired":true,"valueName":"search_term_string"}}],"inLanguage":"fr-FR"}]}},"tiered_pricing_type":"fixed","tiered_pricing_fixed_rules":[],"tiered_pricing_product_settings":{"layout":"default","base_unit_name":{"singular":null,"plural":null},"default_variation":null},"tiered_pricing_minimum_quantity":null,"tiered_pricing_roles_data":[],"tiered_pricing_percentage_rules":[],"tiered_pricing_maximum_quantity":null,"tiered_pricing_quantity_step":null,"_links":{"self":[{"href":"https:\/\/www.hoogstra-autosport.nl\/fr\/wp-json\/wp\/v2\/product\/83819","targetHints":{"allow":["GET"]}}],"collection":[{"href":"https:\/\/www.hoogstra-autosport.nl\/fr\/wp-json\/wp\/v2\/product"}],"about":[{"href":"https:\/\/www.hoogstra-autosport.nl\/fr\/wp-json\/wp\/v2\/types\/product"}],"wp:featuredmedia":[{"embeddable":true,"href":"https:\/\/www.hoogstra-autosport.nl\/fr\/wp-json\/wp\/v2\/media\/83844"}],"wp:attachment":[{"href":"https:\/\/www.hoogstra-autosport.nl\/fr\/wp-json\/wp\/v2\/media?parent=83819"}],"wp:term":[{"taxonomy":"product_brand","embeddable":true,"href":"https:\/\/www.hoogstra-autosport.nl\/fr\/wp-json\/wp\/v2\/product_brand?post=83819"},{"taxonomy":"product_cat","embeddable":true,"href":"https:\/\/www.hoogstra-autosport.nl\/fr\/wp-json\/wp\/v2\/product_cat?post=83819"},{"taxonomy":"product_tag","embeddable":true,"href":"https:\/\/www.hoogstra-autosport.nl\/fr\/wp-json\/wp\/v2\/product_tag?post=83819"}],"curies":[{"name":"wp","href":"https:\/\/api.w.org\/{rel}","templated":true}]}}