{"id":83649,"date":"2025-04-04T14:50:03","date_gmt":"2025-04-04T12:50:03","guid":{"rendered":"https:\/\/www.hoogstra-autosport.nl\/?post_type=product&#038;p=83649"},"modified":"2025-04-04T15:00:37","modified_gmt":"2025-04-04T13:00:37","slug":"obp-pro-race-v2-pedaalbox","status":"publish","type":"product","link":"https:\/\/www.hoogstra-autosport.nl\/fr\/produit\/obp-pro-race-v2-pedaalbox\/","title":{"rendered":"Bo\u00eete \u00e0 p\u00e9dales OBP Pro-Race V2"},"content":{"rendered":"<p><span class=\"jCAhz ChMk0b\"><span class=\"ryNqvb\">Le cadre de base de la bo\u00eete est fabriqu\u00e9 en acier doux de 2,5 mm d'\u00e9paisseur afin d'assurer une robustesse et une r\u00e9sistance accrues. Il est con\u00e7u pour \u00eatre mont\u00e9 contre la paroi de la cloison afin d'assurer un soutien suppl\u00e9mentaire.<\/span><\/span> <span class=\"jCAhz ChMk0b\"><span class=\"ryNqvb\">\u00c0 l'arri\u00e8re du cadre se trouvent 3 points de fixation pour vos ma\u00eetres-cylindres de frein (adapt\u00e9s \u00e0 la plupart des ma\u00eetres-cylindres sur le march\u00e9).<\/span><\/span><span class=\"jCAhz ChMk0b\"><span class=\"ryNqvb\"> La combinaison d'un berceau en acier doux et de p\u00e9dales en aluminium T6061 de qualit\u00e9 a\u00e9ronautique offre une excellente rigidit\u00e9, des sensations am\u00e9lior\u00e9es et une construction \u00e0 l'\u00e9preuve des balles.<\/span><\/span><\/p>\n<p>&nbsp;<\/p>\n<p><span class=\"jCAhz ChMk0b\"><span class=\"ryNqvb\">Informations sur le produit :<\/span><\/span><\/p>\n<ul>\n<li>Montage : cloison au sol<\/li>\n<li><span class=\"jCAhz ChMk0b\"><span class=\"ryNqvb\">Rapport de p\u00e9dale adapt\u00e9 : 4,9:1 \/ 5,24:1 <\/span><\/span><\/li>\n<li><span class=\"jCAhz ChMk0b\"><span class=\"ryNqvb\">Poids : 2,1 kg Bias Bar inclus<\/span><\/span><\/li>\n<\/ul>","protected":false},"excerpt":{"rendered":"<p>Het basisframe van de box is ontwikkeld uit 2,5 mm zacht staal om een \u200b\u200bverbeterde robuustheid en sterkte te bieden die is ontworpen om tegen de schotwand te worden gemonteerd om verdere ondersteuning te bieden. Aan de achterkant van het frame bevinden zich 3 x bevestigingspunten voor uw remhoofdcilinders (passend bij de meeste hoofdcilinders op [&hellip;]<\/p>\n","protected":false},"featured_media":83651,"template":"","meta":{"_acf_changed":false},"product_brand":[],"product_cat":[2761],"product_tag":[],"class_list":{"0":"post-83649","1":"product","2":"type-product","3":"status-publish","4":"has-post-thumbnail","6":"product_cat-pedaal-boxen","7":"product_shipping_class-4017","9":"first","10":"instock","11":"taxable","12":"shipping-taxable","13":"purchasable","14":"product-type-simple"},"acf":[],"yoast_head":"<!-- This site is optimized with the Yoast SEO plugin v27.1.1 - https:\/\/yoast.com\/product\/yoast-seo-wordpress\/ -->\n<title>OBP Pro-Race V2 Pedaalbox - Hoogstra Autosport<\/title>\n<meta name=\"robots\" content=\"index, follow, max-snippet:-1, max-image-preview:large, max-video-preview:-1\" \/>\n<link rel=\"canonical\" href=\"https:\/\/www.hoogstra-autosport.nl\/fr\/produit\/obp-pro-race-v2-pedaalbox\/\" \/>\n<meta property=\"og:locale\" content=\"fr_FR\" \/>\n<meta property=\"og:type\" content=\"article\" \/>\n<meta property=\"og:title\" content=\"OBP Pro-Race V2 Pedaalbox - Hoogstra Autosport\" \/>\n<meta property=\"og:description\" content=\"Het basisframe van de box is ontwikkeld uit 2,5 mm zacht staal om een \u200b\u200bverbeterde robuustheid en sterkte te bieden die is ontworpen om tegen de schotwand te worden gemonteerd om verdere ondersteuning te bieden. Aan de achterkant van het frame bevinden zich 3 x bevestigingspunten voor uw remhoofdcilinders (passend bij de meeste hoofdcilinders op [&hellip;]\" \/>\n<meta property=\"og:url\" content=\"https:\/\/www.hoogstra-autosport.nl\/fr\/produit\/obp-pro-race-v2-pedaalbox\/\" \/>\n<meta property=\"og:site_name\" content=\"Hoogstra Autosport\" \/>\n<meta property=\"article:modified_time\" content=\"2025-04-04T13:00:37+00:00\" \/>\n<meta property=\"og:image\" content=\"https:\/\/hoogstra-autosport.nl\/teamkoen\/content\/uploads\/2025\/04\/processed-618007DD-C02F-41E4-8B13-1DCA9300C91F.jpeg\" \/>\n\t<meta property=\"og:image:width\" content=\"1870\" \/>\n\t<meta property=\"og:image:height\" content=\"1870\" \/>\n\t<meta property=\"og:image:type\" content=\"image\/jpeg\" \/>\n<meta name=\"twitter:card\" content=\"summary_large_image\" \/>\n<meta name=\"twitter:label1\" content=\"Dur\u00e9e de lecture estim\u00e9e\" \/>\n\t<meta name=\"twitter:data1\" content=\"1 minute\" \/>\n<script type=\"application\/ld+json\" class=\"yoast-schema-graph\">{\"@context\":\"https:\/\/schema.org\",\"@graph\":[{\"@type\":\"WebPage\",\"@id\":\"https:\/\/www.hoogstra-autosport.nl\/product\/obp-pro-race-v2-pedaalbox\/\",\"url\":\"https:\/\/www.hoogstra-autosport.nl\/product\/obp-pro-race-v2-pedaalbox\/\",\"name\":\"OBP Pro-Race V2 Pedaalbox - Hoogstra Autosport\",\"isPartOf\":{\"@id\":\"https:\/\/www.hoogstra-autosport.nl\/#website\"},\"primaryImageOfPage\":{\"@id\":\"https:\/\/www.hoogstra-autosport.nl\/product\/obp-pro-race-v2-pedaalbox\/#primaryimage\"},\"image\":{\"@id\":\"https:\/\/www.hoogstra-autosport.nl\/product\/obp-pro-race-v2-pedaalbox\/#primaryimage\"},\"thumbnailUrl\":\"https:\/\/www.hoogstra-autosport.nl\/teamkoen\/wp-content\/uploads\/2025\/04\/processed-618007DD-C02F-41E4-8B13-1DCA9300C91F.jpeg\",\"datePublished\":\"2025-04-04T12:50:03+00:00\",\"dateModified\":\"2025-04-04T13:00:37+00:00\",\"breadcrumb\":{\"@id\":\"https:\/\/www.hoogstra-autosport.nl\/product\/obp-pro-race-v2-pedaalbox\/#breadcrumb\"},\"inLanguage\":\"fr-FR\",\"potentialAction\":[{\"@type\":\"ReadAction\",\"target\":[\"https:\/\/www.hoogstra-autosport.nl\/product\/obp-pro-race-v2-pedaalbox\/\"]}]},{\"@type\":\"ImageObject\",\"inLanguage\":\"fr-FR\",\"@id\":\"https:\/\/www.hoogstra-autosport.nl\/product\/obp-pro-race-v2-pedaalbox\/#primaryimage\",\"url\":\"https:\/\/www.hoogstra-autosport.nl\/teamkoen\/wp-content\/uploads\/2025\/04\/processed-618007DD-C02F-41E4-8B13-1DCA9300C91F.jpeg\",\"contentUrl\":\"https:\/\/www.hoogstra-autosport.nl\/teamkoen\/wp-content\/uploads\/2025\/04\/processed-618007DD-C02F-41E4-8B13-1DCA9300C91F.jpeg\",\"width\":1870,\"height\":1870},{\"@type\":\"BreadcrumbList\",\"@id\":\"https:\/\/www.hoogstra-autosport.nl\/product\/obp-pro-race-v2-pedaalbox\/#breadcrumb\",\"itemListElement\":[{\"@type\":\"ListItem\",\"position\":1,\"name\":\"Home\",\"item\":\"https:\/\/www.hoogstra-autosport.nl\/\"},{\"@type\":\"ListItem\",\"position\":2,\"name\":\"Remmen\",\"item\":\"https:\/\/www.hoogstra-autosport.nl\/product-categorie\/remmen-2\/\"},{\"@type\":\"ListItem\",\"position\":3,\"name\":\"Pedaal Boxen\",\"item\":\"https:\/\/www.hoogstra-autosport.nl\/product-categorie\/remmen-2\/pedaal-boxen\/\"},{\"@type\":\"ListItem\",\"position\":4,\"name\":\"OBP Pro-Race V2 Pedaalbox\"}]},{\"@type\":\"WebSite\",\"@id\":\"https:\/\/www.hoogstra-autosport.nl\/#website\",\"url\":\"https:\/\/www.hoogstra-autosport.nl\/\",\"name\":\"Hoogstra Autosport\",\"description\":\"Performance Autosport Parts!\",\"potentialAction\":[{\"@type\":\"SearchAction\",\"target\":{\"@type\":\"EntryPoint\",\"urlTemplate\":\"https:\/\/www.hoogstra-autosport.nl\/?s={search_term_string}\"},\"query-input\":{\"@type\":\"PropertyValueSpecification\",\"valueRequired\":true,\"valueName\":\"search_term_string\"}}],\"inLanguage\":\"fr-FR\"}]}<\/script>\n<!-- \/ Yoast SEO plugin. -->","yoast_head_json":{"title":"OBP Pro-Race V2 Pedaalbox - Hoogstra Autosport","robots":{"index":"index","follow":"follow","max-snippet":"max-snippet:-1","max-image-preview":"max-image-preview:large","max-video-preview":"max-video-preview:-1"},"canonical":"https:\/\/www.hoogstra-autosport.nl\/fr\/produit\/obp-pro-race-v2-pedaalbox\/","og_locale":"fr_FR","og_type":"article","og_title":"OBP Pro-Race V2 Pedaalbox - Hoogstra Autosport","og_description":"Het basisframe van de box is ontwikkeld uit 2,5 mm zacht staal om een \u200b\u200bverbeterde robuustheid en sterkte te bieden die is ontworpen om tegen de schotwand te worden gemonteerd om verdere ondersteuning te bieden. Aan de achterkant van het frame bevinden zich 3 x bevestigingspunten voor uw remhoofdcilinders (passend bij de meeste hoofdcilinders op [&hellip;]","og_url":"https:\/\/www.hoogstra-autosport.nl\/fr\/produit\/obp-pro-race-v2-pedaalbox\/","og_site_name":"Hoogstra Autosport","article_modified_time":"2025-04-04T13:00:37+00:00","og_image":[{"width":1870,"height":1870,"url":"https:\/\/hoogstra-autosport.nl\/teamkoen\/content\/uploads\/2025\/04\/processed-618007DD-C02F-41E4-8B13-1DCA9300C91F.jpeg","type":"image\/jpeg"}],"twitter_card":"summary_large_image","twitter_misc":{"Dur\u00e9e de lecture estim\u00e9e":"1 minute"},"schema":{"@context":"https:\/\/schema.org","@graph":[{"@type":"WebPage","@id":"https:\/\/www.hoogstra-autosport.nl\/product\/obp-pro-race-v2-pedaalbox\/","url":"https:\/\/www.hoogstra-autosport.nl\/product\/obp-pro-race-v2-pedaalbox\/","name":"OBP Pro-Race V2 Pedaalbox - Hoogstra Autosport","isPartOf":{"@id":"https:\/\/www.hoogstra-autosport.nl\/#website"},"primaryImageOfPage":{"@id":"https:\/\/www.hoogstra-autosport.nl\/product\/obp-pro-race-v2-pedaalbox\/#primaryimage"},"image":{"@id":"https:\/\/www.hoogstra-autosport.nl\/product\/obp-pro-race-v2-pedaalbox\/#primaryimage"},"thumbnailUrl":"https:\/\/www.hoogstra-autosport.nl\/teamkoen\/wp-content\/uploads\/2025\/04\/processed-618007DD-C02F-41E4-8B13-1DCA9300C91F.jpeg","datePublished":"2025-04-04T12:50:03+00:00","dateModified":"2025-04-04T13:00:37+00:00","breadcrumb":{"@id":"https:\/\/www.hoogstra-autosport.nl\/product\/obp-pro-race-v2-pedaalbox\/#breadcrumb"},"inLanguage":"fr-FR","potentialAction":[{"@type":"ReadAction","target":["https:\/\/www.hoogstra-autosport.nl\/product\/obp-pro-race-v2-pedaalbox\/"]}]},{"@type":"ImageObject","inLanguage":"fr-FR","@id":"https:\/\/www.hoogstra-autosport.nl\/product\/obp-pro-race-v2-pedaalbox\/#primaryimage","url":"https:\/\/www.hoogstra-autosport.nl\/teamkoen\/wp-content\/uploads\/2025\/04\/processed-618007DD-C02F-41E4-8B13-1DCA9300C91F.jpeg","contentUrl":"https:\/\/www.hoogstra-autosport.nl\/teamkoen\/wp-content\/uploads\/2025\/04\/processed-618007DD-C02F-41E4-8B13-1DCA9300C91F.jpeg","width":1870,"height":1870},{"@type":"BreadcrumbList","@id":"https:\/\/www.hoogstra-autosport.nl\/product\/obp-pro-race-v2-pedaalbox\/#breadcrumb","itemListElement":[{"@type":"ListItem","position":1,"name":"Home","item":"https:\/\/www.hoogstra-autosport.nl\/"},{"@type":"ListItem","position":2,"name":"Remmen","item":"https:\/\/www.hoogstra-autosport.nl\/product-categorie\/remmen-2\/"},{"@type":"ListItem","position":3,"name":"Pedaal Boxen","item":"https:\/\/www.hoogstra-autosport.nl\/product-categorie\/remmen-2\/pedaal-boxen\/"},{"@type":"ListItem","position":4,"name":"OBP Pro-Race V2 Pedaalbox"}]},{"@type":"WebSite","@id":"https:\/\/www.hoogstra-autosport.nl\/#website","url":"https:\/\/www.hoogstra-autosport.nl\/","name":"Hoogstra Autosport","description":"Performance Autosport Parts!","potentialAction":[{"@type":"SearchAction","target":{"@type":"EntryPoint","urlTemplate":"https:\/\/www.hoogstra-autosport.nl\/?s={search_term_string}"},"query-input":{"@type":"PropertyValueSpecification","valueRequired":true,"valueName":"search_term_string"}}],"inLanguage":"fr-FR"}]}},"tiered_pricing_type":"fixed","tiered_pricing_fixed_rules":[],"tiered_pricing_product_settings":{"layout":"default","base_unit_name":{"singular":null,"plural":null},"default_variation":null},"tiered_pricing_minimum_quantity":null,"tiered_pricing_roles_data":[],"tiered_pricing_percentage_rules":[],"tiered_pricing_maximum_quantity":null,"tiered_pricing_quantity_step":null,"_links":{"self":[{"href":"https:\/\/www.hoogstra-autosport.nl\/fr\/wp-json\/wp\/v2\/product\/83649","targetHints":{"allow":["GET"]}}],"collection":[{"href":"https:\/\/www.hoogstra-autosport.nl\/fr\/wp-json\/wp\/v2\/product"}],"about":[{"href":"https:\/\/www.hoogstra-autosport.nl\/fr\/wp-json\/wp\/v2\/types\/product"}],"wp:featuredmedia":[{"embeddable":true,"href":"https:\/\/www.hoogstra-autosport.nl\/fr\/wp-json\/wp\/v2\/media\/83651"}],"wp:attachment":[{"href":"https:\/\/www.hoogstra-autosport.nl\/fr\/wp-json\/wp\/v2\/media?parent=83649"}],"wp:term":[{"taxonomy":"product_brand","embeddable":true,"href":"https:\/\/www.hoogstra-autosport.nl\/fr\/wp-json\/wp\/v2\/product_brand?post=83649"},{"taxonomy":"product_cat","embeddable":true,"href":"https:\/\/www.hoogstra-autosport.nl\/fr\/wp-json\/wp\/v2\/product_cat?post=83649"},{"taxonomy":"product_tag","embeddable":true,"href":"https:\/\/www.hoogstra-autosport.nl\/fr\/wp-json\/wp\/v2\/product_tag?post=83649"}],"curies":[{"name":"wp","href":"https:\/\/api.w.org\/{rel}","templated":true}]}}