{"id":8355,"date":"2015-03-21T14:13:43","date_gmt":"2015-03-21T14:13:43","guid":{"rendered":"http:\/\/hoogstra-autosport.nl\/?product=instelbare-temperatuur-schakelaar"},"modified":"2024-01-20T13:09:34","modified_gmt":"2024-01-20T12:09:34","slug":"instelbare-temperatuur-schakelaar","status":"publish","type":"product","link":"https:\/\/www.hoogstra-autosport.nl\/fr\/produit\/instelbare-temperatuur-schakelaar\/","title":{"rendered":"Interrupteur de temp\u00e9rature r\u00e9glable"},"content":{"rendered":"<p>Commutateur de temp\u00e9rature r\u00e9glable EFC Syst\u00e8me de contr\u00f4le du ventilateur \u00e9lectrique<\/p>\n<p>Construisez entre les tuyaux et vous pouvez contr\u00f4ler le moment o\u00f9 le ventilateur se met en marche.<\/p>\n<p>Bel ensemble compl\u00e8tement complet, donc plus besoin de capteur.<\/p>\n<p>Temp\u00e9rature r\u00e9glable de 70 \u00e0 120 degr\u00e9s.<\/p>\n<p>Vous pouvez contr\u00f4ler vos propres param\u00e8tres.<\/p>\n<p>Revotec EFC<\/p>","protected":false},"excerpt":{"rendered":"<p>Instelbare temperatuurschakelaar EFC Electric Fan Control Systeem Tussen de slang bouwen en je kunt regelen wanneer de FAN\u00a0 aanslaat. Mooie set helemaal compleet dus geen sensor meer nodig. Temperatuur instelbaar van 70 tot 120 graden. Je kunt je eigen instelling regelen. Revotec EFC<\/p>","protected":false},"featured_media":8356,"template":"","meta":{"_acf_changed":false},"product_brand":[],"product_cat":[2765],"product_tag":[],"class_list":{"0":"post-8355","1":"product","2":"type-product","3":"status-publish","4":"has-post-thumbnail","6":"product_cat-thermo-schakelaars","7":"product_shipping_class-4016","9":"first","10":"instock","11":"taxable","12":"shipping-taxable","13":"purchasable","14":"product-type-variable"},"acf":[],"yoast_head":"<!-- This site is optimized with the Yoast SEO plugin v27.1.1 - https:\/\/yoast.com\/product\/yoast-seo-wordpress\/ -->\n<title>Instelbare Temperatuur schakelaar - Hoogstra Autosport<\/title>\n<meta name=\"robots\" content=\"index, follow, max-snippet:-1, max-image-preview:large, max-video-preview:-1\" \/>\n<link rel=\"canonical\" href=\"https:\/\/www.hoogstra-autosport.nl\/fr\/produit\/instelbare-temperatuur-schakelaar\/\" \/>\n<meta property=\"og:locale\" content=\"fr_FR\" \/>\n<meta property=\"og:type\" content=\"article\" \/>\n<meta property=\"og:title\" content=\"Instelbare Temperatuur schakelaar - Hoogstra Autosport\" \/>\n<meta property=\"og:description\" content=\"Instelbare temperatuurschakelaar EFC Electric Fan Control Systeem Tussen de slang bouwen en je kunt regelen wanneer de FAN\u00a0 aanslaat. Mooie set helemaal compleet dus geen sensor meer nodig. Temperatuur instelbaar van 70 tot 120 graden. Je kunt je eigen instelling regelen. Revotec EFC\" \/>\n<meta property=\"og:url\" content=\"https:\/\/www.hoogstra-autosport.nl\/fr\/produit\/instelbare-temperatuur-schakelaar\/\" \/>\n<meta property=\"og:site_name\" content=\"Hoogstra Autosport\" \/>\n<meta property=\"article:modified_time\" content=\"2024-01-20T12:09:34+00:00\" \/>\n<meta property=\"og:image\" content=\"https:\/\/www.hoogstra-autosport.nl\/teamkoen\/content\/uploads\/catalog\/product\/image_EFC_0.jpg\" \/>\n\t<meta property=\"og:image:width\" content=\"800\" \/>\n\t<meta property=\"og:image:height\" content=\"656\" \/>\n\t<meta property=\"og:image:type\" content=\"image\/jpeg\" \/>\n<meta name=\"twitter:card\" content=\"summary_large_image\" \/>\n<meta name=\"twitter:label1\" content=\"Dur\u00e9e de lecture estim\u00e9e\" \/>\n\t<meta name=\"twitter:data1\" content=\"1 minute\" \/>\n<script type=\"application\/ld+json\" class=\"yoast-schema-graph\">{\"@context\":\"https:\/\/schema.org\",\"@graph\":[{\"@type\":\"WebPage\",\"@id\":\"https:\/\/www.hoogstra-autosport.nl\/product\/instelbare-temperatuur-schakelaar\/\",\"url\":\"https:\/\/www.hoogstra-autosport.nl\/product\/instelbare-temperatuur-schakelaar\/\",\"name\":\"Instelbare Temperatuur schakelaar - Hoogstra Autosport\",\"isPartOf\":{\"@id\":\"https:\/\/www.hoogstra-autosport.nl\/#website\"},\"primaryImageOfPage\":{\"@id\":\"https:\/\/www.hoogstra-autosport.nl\/product\/instelbare-temperatuur-schakelaar\/#primaryimage\"},\"image\":{\"@id\":\"https:\/\/www.hoogstra-autosport.nl\/product\/instelbare-temperatuur-schakelaar\/#primaryimage\"},\"thumbnailUrl\":\"https:\/\/www.hoogstra-autosport.nl\/teamkoen\/wp-content\/uploads\/catalog\/product\/image_EFC_0.jpg\",\"datePublished\":\"2015-03-21T14:13:43+00:00\",\"dateModified\":\"2024-01-20T12:09:34+00:00\",\"breadcrumb\":{\"@id\":\"https:\/\/www.hoogstra-autosport.nl\/product\/instelbare-temperatuur-schakelaar\/#breadcrumb\"},\"inLanguage\":\"fr-FR\",\"potentialAction\":[{\"@type\":\"ReadAction\",\"target\":[\"https:\/\/www.hoogstra-autosport.nl\/product\/instelbare-temperatuur-schakelaar\/\"]}]},{\"@type\":\"ImageObject\",\"inLanguage\":\"fr-FR\",\"@id\":\"https:\/\/www.hoogstra-autosport.nl\/product\/instelbare-temperatuur-schakelaar\/#primaryimage\",\"url\":\"https:\/\/www.hoogstra-autosport.nl\/teamkoen\/wp-content\/uploads\/catalog\/product\/image_EFC_0.jpg\",\"contentUrl\":\"https:\/\/www.hoogstra-autosport.nl\/teamkoen\/wp-content\/uploads\/catalog\/product\/image_EFC_0.jpg\",\"width\":800,\"height\":656},{\"@type\":\"BreadcrumbList\",\"@id\":\"https:\/\/www.hoogstra-autosport.nl\/product\/instelbare-temperatuur-schakelaar\/#breadcrumb\",\"itemListElement\":[{\"@type\":\"ListItem\",\"position\":1,\"name\":\"Home\",\"item\":\"https:\/\/www.hoogstra-autosport.nl\/\"},{\"@type\":\"ListItem\",\"position\":2,\"name\":\"Koeling &amp; Luchtfilters\",\"item\":\"https:\/\/www.hoogstra-autosport.nl\/product-categorie\/koeling-2\/\"},{\"@type\":\"ListItem\",\"position\":3,\"name\":\"Koeling\",\"item\":\"https:\/\/www.hoogstra-autosport.nl\/product-categorie\/koeling-2\/koeling\/\"},{\"@type\":\"ListItem\",\"position\":4,\"name\":\"Koelingsdelen\",\"item\":\"https:\/\/www.hoogstra-autosport.nl\/product-categorie\/koeling-2\/koeling\/thermo-schakelaars\/\"},{\"@type\":\"ListItem\",\"position\":5,\"name\":\"Instelbare Temperatuur schakelaar\"}]},{\"@type\":\"WebSite\",\"@id\":\"https:\/\/www.hoogstra-autosport.nl\/#website\",\"url\":\"https:\/\/www.hoogstra-autosport.nl\/\",\"name\":\"Hoogstra Autosport\",\"description\":\"Performance Autosport Parts!\",\"potentialAction\":[{\"@type\":\"SearchAction\",\"target\":{\"@type\":\"EntryPoint\",\"urlTemplate\":\"https:\/\/www.hoogstra-autosport.nl\/?s={search_term_string}\"},\"query-input\":{\"@type\":\"PropertyValueSpecification\",\"valueRequired\":true,\"valueName\":\"search_term_string\"}}],\"inLanguage\":\"fr-FR\"}]}<\/script>\n<!-- \/ Yoast SEO plugin. -->","yoast_head_json":{"title":"Instelbare Temperatuur schakelaar - Hoogstra Autosport","robots":{"index":"index","follow":"follow","max-snippet":"max-snippet:-1","max-image-preview":"max-image-preview:large","max-video-preview":"max-video-preview:-1"},"canonical":"https:\/\/www.hoogstra-autosport.nl\/fr\/produit\/instelbare-temperatuur-schakelaar\/","og_locale":"fr_FR","og_type":"article","og_title":"Instelbare Temperatuur schakelaar - Hoogstra Autosport","og_description":"Instelbare temperatuurschakelaar EFC Electric Fan Control Systeem Tussen de slang bouwen en je kunt regelen wanneer de FAN\u00a0 aanslaat. Mooie set helemaal compleet dus geen sensor meer nodig. Temperatuur instelbaar van 70 tot 120 graden. Je kunt je eigen instelling regelen. Revotec EFC","og_url":"https:\/\/www.hoogstra-autosport.nl\/fr\/produit\/instelbare-temperatuur-schakelaar\/","og_site_name":"Hoogstra Autosport","article_modified_time":"2024-01-20T12:09:34+00:00","og_image":[{"width":800,"height":656,"url":"https:\/\/www.hoogstra-autosport.nl\/teamkoen\/content\/uploads\/catalog\/product\/image_EFC_0.jpg","type":"image\/jpeg"}],"twitter_card":"summary_large_image","twitter_misc":{"Dur\u00e9e de lecture estim\u00e9e":"1 minute"},"schema":{"@context":"https:\/\/schema.org","@graph":[{"@type":"WebPage","@id":"https:\/\/www.hoogstra-autosport.nl\/product\/instelbare-temperatuur-schakelaar\/","url":"https:\/\/www.hoogstra-autosport.nl\/product\/instelbare-temperatuur-schakelaar\/","name":"Instelbare Temperatuur schakelaar - Hoogstra Autosport","isPartOf":{"@id":"https:\/\/www.hoogstra-autosport.nl\/#website"},"primaryImageOfPage":{"@id":"https:\/\/www.hoogstra-autosport.nl\/product\/instelbare-temperatuur-schakelaar\/#primaryimage"},"image":{"@id":"https:\/\/www.hoogstra-autosport.nl\/product\/instelbare-temperatuur-schakelaar\/#primaryimage"},"thumbnailUrl":"https:\/\/www.hoogstra-autosport.nl\/teamkoen\/wp-content\/uploads\/catalog\/product\/image_EFC_0.jpg","datePublished":"2015-03-21T14:13:43+00:00","dateModified":"2024-01-20T12:09:34+00:00","breadcrumb":{"@id":"https:\/\/www.hoogstra-autosport.nl\/product\/instelbare-temperatuur-schakelaar\/#breadcrumb"},"inLanguage":"fr-FR","potentialAction":[{"@type":"ReadAction","target":["https:\/\/www.hoogstra-autosport.nl\/product\/instelbare-temperatuur-schakelaar\/"]}]},{"@type":"ImageObject","inLanguage":"fr-FR","@id":"https:\/\/www.hoogstra-autosport.nl\/product\/instelbare-temperatuur-schakelaar\/#primaryimage","url":"https:\/\/www.hoogstra-autosport.nl\/teamkoen\/wp-content\/uploads\/catalog\/product\/image_EFC_0.jpg","contentUrl":"https:\/\/www.hoogstra-autosport.nl\/teamkoen\/wp-content\/uploads\/catalog\/product\/image_EFC_0.jpg","width":800,"height":656},{"@type":"BreadcrumbList","@id":"https:\/\/www.hoogstra-autosport.nl\/product\/instelbare-temperatuur-schakelaar\/#breadcrumb","itemListElement":[{"@type":"ListItem","position":1,"name":"Home","item":"https:\/\/www.hoogstra-autosport.nl\/"},{"@type":"ListItem","position":2,"name":"Koeling &amp; Luchtfilters","item":"https:\/\/www.hoogstra-autosport.nl\/product-categorie\/koeling-2\/"},{"@type":"ListItem","position":3,"name":"Koeling","item":"https:\/\/www.hoogstra-autosport.nl\/product-categorie\/koeling-2\/koeling\/"},{"@type":"ListItem","position":4,"name":"Koelingsdelen","item":"https:\/\/www.hoogstra-autosport.nl\/product-categorie\/koeling-2\/koeling\/thermo-schakelaars\/"},{"@type":"ListItem","position":5,"name":"Instelbare Temperatuur schakelaar"}]},{"@type":"WebSite","@id":"https:\/\/www.hoogstra-autosport.nl\/#website","url":"https:\/\/www.hoogstra-autosport.nl\/","name":"Hoogstra Autosport","description":"Performance Autosport Parts!","potentialAction":[{"@type":"SearchAction","target":{"@type":"EntryPoint","urlTemplate":"https:\/\/www.hoogstra-autosport.nl\/?s={search_term_string}"},"query-input":{"@type":"PropertyValueSpecification","valueRequired":true,"valueName":"search_term_string"}}],"inLanguage":"fr-FR"}]}},"tiered_pricing_type":"fixed","tiered_pricing_fixed_rules":[],"tiered_pricing_product_settings":{"layout":"default","base_unit_name":{"singular":null,"plural":null},"default_variation":null},"tiered_pricing_minimum_quantity":null,"tiered_pricing_roles_data":[],"tiered_pricing_percentage_rules":[],"tiered_pricing_maximum_quantity":null,"tiered_pricing_quantity_step":null,"_links":{"self":[{"href":"https:\/\/www.hoogstra-autosport.nl\/fr\/wp-json\/wp\/v2\/product\/8355","targetHints":{"allow":["GET"]}}],"collection":[{"href":"https:\/\/www.hoogstra-autosport.nl\/fr\/wp-json\/wp\/v2\/product"}],"about":[{"href":"https:\/\/www.hoogstra-autosport.nl\/fr\/wp-json\/wp\/v2\/types\/product"}],"wp:featuredmedia":[{"embeddable":true,"href":"https:\/\/www.hoogstra-autosport.nl\/fr\/wp-json\/wp\/v2\/media\/8356"}],"wp:attachment":[{"href":"https:\/\/www.hoogstra-autosport.nl\/fr\/wp-json\/wp\/v2\/media?parent=8355"}],"wp:term":[{"taxonomy":"product_brand","embeddable":true,"href":"https:\/\/www.hoogstra-autosport.nl\/fr\/wp-json\/wp\/v2\/product_brand?post=8355"},{"taxonomy":"product_cat","embeddable":true,"href":"https:\/\/www.hoogstra-autosport.nl\/fr\/wp-json\/wp\/v2\/product_cat?post=8355"},{"taxonomy":"product_tag","embeddable":true,"href":"https:\/\/www.hoogstra-autosport.nl\/fr\/wp-json\/wp\/v2\/product_tag?post=8355"}],"curies":[{"name":"wp","href":"https:\/\/api.w.org\/{rel}","templated":true}]}}