{"id":83542,"date":"2025-04-02T11:49:45","date_gmt":"2025-04-02T09:49:45","guid":{"rendered":"https:\/\/www.hoogstra-autosport.nl\/?post_type=product&#038;p=83542"},"modified":"2025-04-02T13:49:29","modified_gmt":"2025-04-02T11:49:29","slug":"omp-veiligheidsnet-zwart-fia","status":"publish","type":"product","link":"https:\/\/www.hoogstra-autosport.nl\/fr\/produit\/omp-veiligheidsnet-zwart-fia\/","title":{"rendered":"Filet de s\u00e9curit\u00e9 OMP noir FIA"},"content":{"rendered":"<p>Filet de s\u00e9curit\u00e9 r\u00e9glable pour le conducteur<\/p>\n<ul>\n<li>Conform\u00e9ment \u00e0 la norme FIA 8863-2013 et \u00e0 la norme SFI 37.1.<\/li>\n<li>\u00a0fix\u00e9 \u00e0 l'int\u00e9rieur, sur le c\u00f4t\u00e9 de l'habitacle du conducteur, du tableau de bord jusqu'\u00e0 l'arri\u00e8re du si\u00e8ge du conducteur.<\/li>\n<li>Fabriqu\u00e9 \u00e0 partir de mat\u00e9riaux de haute qualit\u00e9<\/li>\n<li>Con\u00e7u avec un m\u00e9canisme de lib\u00e9ration rapide pour assurer une sortie rapide.<\/li>\n<\/ul>\n<p>&nbsp;<\/p>\n<p><strong> Norme FIA : 8863-2013<\/strong><\/p>","protected":false},"excerpt":{"rendered":"<p>Verstelbaar veiligheidsnet voor de bestuurder Volgens FIA 8863-2013 en SFI 37.1. \u00a0in het interieur bevestigd, aan de zijkant van de bestuurdersruimte, vanaf het dashboard tot achter de bestuurdersstoel. Gemaakt van hoogwaardige materialen ontworpen met een snelontgrendelingsmechanisme om snel uitstappen te garanderen. &nbsp; FIA-norm: 8863-2013<\/p>","protected":false},"featured_media":83556,"template":"","meta":{"_acf_changed":false},"product_brand":[],"product_cat":[2827],"product_tag":[],"class_list":{"0":"post-83542","1":"product","2":"type-product","3":"status-publish","4":"has-post-thumbnail","6":"product_cat-raamnetje-afsluitingen","7":"product_shipping_class-4016","9":"first","10":"instock","11":"taxable","12":"shipping-taxable","13":"purchasable","14":"product-type-simple"},"acf":[],"yoast_head":"<!-- This site is optimized with the Yoast SEO plugin v27.1.1 - https:\/\/yoast.com\/product\/yoast-seo-wordpress\/ -->\n<title>OMP veiligheidsnet zwart FIA - Hoogstra Autosport<\/title>\n<meta name=\"description\" content=\"Raamnetjes\" \/>\n<meta name=\"robots\" content=\"index, follow, max-snippet:-1, max-image-preview:large, max-video-preview:-1\" \/>\n<link rel=\"canonical\" href=\"https:\/\/www.hoogstra-autosport.nl\/fr\/produit\/omp-veiligheidsnet-zwart-fia\/\" \/>\n<meta property=\"og:locale\" content=\"fr_FR\" \/>\n<meta property=\"og:type\" content=\"article\" \/>\n<meta property=\"og:title\" content=\"OMP veiligheidsnet zwart FIA - Hoogstra Autosport\" \/>\n<meta property=\"og:description\" content=\"Raamnetjes\" \/>\n<meta property=\"og:url\" content=\"https:\/\/www.hoogstra-autosport.nl\/fr\/produit\/omp-veiligheidsnet-zwart-fia\/\" \/>\n<meta property=\"og:site_name\" content=\"Hoogstra Autosport\" \/>\n<meta property=\"article:modified_time\" content=\"2025-04-02T11:49:29+00:00\" \/>\n<meta property=\"og:image\" content=\"https:\/\/hoogstra-autosport.nl\/teamkoen\/content\/uploads\/2025\/04\/processed-0CE01919-CD95-450C-8A1A-7256B43D8278.jpeg\" \/>\n\t<meta property=\"og:image:width\" content=\"1870\" \/>\n\t<meta property=\"og:image:height\" content=\"1870\" \/>\n\t<meta property=\"og:image:type\" content=\"image\/jpeg\" \/>\n<meta name=\"twitter:card\" content=\"summary_large_image\" \/>\n<meta name=\"twitter:label1\" content=\"Dur\u00e9e de lecture estim\u00e9e\" \/>\n\t<meta name=\"twitter:data1\" content=\"1 minute\" \/>\n<script type=\"application\/ld+json\" class=\"yoast-schema-graph\">{\"@context\":\"https:\/\/schema.org\",\"@graph\":[{\"@type\":\"WebPage\",\"@id\":\"https:\/\/www.hoogstra-autosport.nl\/product\/omp-veiligheidsnet-zwart-fia\/\",\"url\":\"https:\/\/www.hoogstra-autosport.nl\/product\/omp-veiligheidsnet-zwart-fia\/\",\"name\":\"OMP veiligheidsnet zwart FIA - Hoogstra Autosport\",\"isPartOf\":{\"@id\":\"https:\/\/www.hoogstra-autosport.nl\/#website\"},\"primaryImageOfPage\":{\"@id\":\"https:\/\/www.hoogstra-autosport.nl\/product\/omp-veiligheidsnet-zwart-fia\/#primaryimage\"},\"image\":{\"@id\":\"https:\/\/www.hoogstra-autosport.nl\/product\/omp-veiligheidsnet-zwart-fia\/#primaryimage\"},\"thumbnailUrl\":\"https:\/\/www.hoogstra-autosport.nl\/teamkoen\/wp-content\/uploads\/2025\/04\/processed-0CE01919-CD95-450C-8A1A-7256B43D8278.jpeg\",\"datePublished\":\"2025-04-02T09:49:45+00:00\",\"dateModified\":\"2025-04-02T11:49:29+00:00\",\"description\":\"Raamnetjes\",\"breadcrumb\":{\"@id\":\"https:\/\/www.hoogstra-autosport.nl\/product\/omp-veiligheidsnet-zwart-fia\/#breadcrumb\"},\"inLanguage\":\"fr-FR\",\"potentialAction\":[{\"@type\":\"ReadAction\",\"target\":[\"https:\/\/www.hoogstra-autosport.nl\/product\/omp-veiligheidsnet-zwart-fia\/\"]}]},{\"@type\":\"ImageObject\",\"inLanguage\":\"fr-FR\",\"@id\":\"https:\/\/www.hoogstra-autosport.nl\/product\/omp-veiligheidsnet-zwart-fia\/#primaryimage\",\"url\":\"https:\/\/www.hoogstra-autosport.nl\/teamkoen\/wp-content\/uploads\/2025\/04\/processed-0CE01919-CD95-450C-8A1A-7256B43D8278.jpeg\",\"contentUrl\":\"https:\/\/www.hoogstra-autosport.nl\/teamkoen\/wp-content\/uploads\/2025\/04\/processed-0CE01919-CD95-450C-8A1A-7256B43D8278.jpeg\",\"width\":1870,\"height\":1870},{\"@type\":\"BreadcrumbList\",\"@id\":\"https:\/\/www.hoogstra-autosport.nl\/product\/omp-veiligheidsnet-zwart-fia\/#breadcrumb\",\"itemListElement\":[{\"@type\":\"ListItem\",\"position\":1,\"name\":\"Home\",\"item\":\"https:\/\/www.hoogstra-autosport.nl\/\"},{\"@type\":\"ListItem\",\"position\":2,\"name\":\"Carrosserie\",\"item\":\"https:\/\/www.hoogstra-autosport.nl\/product-categorie\/carroserie-bevestiging\/\"},{\"@type\":\"ListItem\",\"position\":3,\"name\":\"Raamnetje &amp; Afsluitingen\",\"item\":\"https:\/\/www.hoogstra-autosport.nl\/product-categorie\/carroserie-bevestiging\/raamnetje-afsluitingen\/\"},{\"@type\":\"ListItem\",\"position\":4,\"name\":\"OMP veiligheidsnet zwart FIA\"}]},{\"@type\":\"WebSite\",\"@id\":\"https:\/\/www.hoogstra-autosport.nl\/#website\",\"url\":\"https:\/\/www.hoogstra-autosport.nl\/\",\"name\":\"Hoogstra Autosport\",\"description\":\"Performance Autosport Parts!\",\"potentialAction\":[{\"@type\":\"SearchAction\",\"target\":{\"@type\":\"EntryPoint\",\"urlTemplate\":\"https:\/\/www.hoogstra-autosport.nl\/?s={search_term_string}\"},\"query-input\":{\"@type\":\"PropertyValueSpecification\",\"valueRequired\":true,\"valueName\":\"search_term_string\"}}],\"inLanguage\":\"fr-FR\"}]}<\/script>\n<!-- \/ Yoast SEO plugin. -->","yoast_head_json":{"title":"OMP veiligheidsnet zwart FIA - Hoogstra Autosport","description":"Raamnetjes","robots":{"index":"index","follow":"follow","max-snippet":"max-snippet:-1","max-image-preview":"max-image-preview:large","max-video-preview":"max-video-preview:-1"},"canonical":"https:\/\/www.hoogstra-autosport.nl\/fr\/produit\/omp-veiligheidsnet-zwart-fia\/","og_locale":"fr_FR","og_type":"article","og_title":"OMP veiligheidsnet zwart FIA - Hoogstra Autosport","og_description":"Raamnetjes","og_url":"https:\/\/www.hoogstra-autosport.nl\/fr\/produit\/omp-veiligheidsnet-zwart-fia\/","og_site_name":"Hoogstra Autosport","article_modified_time":"2025-04-02T11:49:29+00:00","og_image":[{"width":1870,"height":1870,"url":"https:\/\/hoogstra-autosport.nl\/teamkoen\/content\/uploads\/2025\/04\/processed-0CE01919-CD95-450C-8A1A-7256B43D8278.jpeg","type":"image\/jpeg"}],"twitter_card":"summary_large_image","twitter_misc":{"Dur\u00e9e de lecture estim\u00e9e":"1 minute"},"schema":{"@context":"https:\/\/schema.org","@graph":[{"@type":"WebPage","@id":"https:\/\/www.hoogstra-autosport.nl\/product\/omp-veiligheidsnet-zwart-fia\/","url":"https:\/\/www.hoogstra-autosport.nl\/product\/omp-veiligheidsnet-zwart-fia\/","name":"OMP veiligheidsnet zwart FIA - Hoogstra Autosport","isPartOf":{"@id":"https:\/\/www.hoogstra-autosport.nl\/#website"},"primaryImageOfPage":{"@id":"https:\/\/www.hoogstra-autosport.nl\/product\/omp-veiligheidsnet-zwart-fia\/#primaryimage"},"image":{"@id":"https:\/\/www.hoogstra-autosport.nl\/product\/omp-veiligheidsnet-zwart-fia\/#primaryimage"},"thumbnailUrl":"https:\/\/www.hoogstra-autosport.nl\/teamkoen\/wp-content\/uploads\/2025\/04\/processed-0CE01919-CD95-450C-8A1A-7256B43D8278.jpeg","datePublished":"2025-04-02T09:49:45+00:00","dateModified":"2025-04-02T11:49:29+00:00","description":"Raamnetjes","breadcrumb":{"@id":"https:\/\/www.hoogstra-autosport.nl\/product\/omp-veiligheidsnet-zwart-fia\/#breadcrumb"},"inLanguage":"fr-FR","potentialAction":[{"@type":"ReadAction","target":["https:\/\/www.hoogstra-autosport.nl\/product\/omp-veiligheidsnet-zwart-fia\/"]}]},{"@type":"ImageObject","inLanguage":"fr-FR","@id":"https:\/\/www.hoogstra-autosport.nl\/product\/omp-veiligheidsnet-zwart-fia\/#primaryimage","url":"https:\/\/www.hoogstra-autosport.nl\/teamkoen\/wp-content\/uploads\/2025\/04\/processed-0CE01919-CD95-450C-8A1A-7256B43D8278.jpeg","contentUrl":"https:\/\/www.hoogstra-autosport.nl\/teamkoen\/wp-content\/uploads\/2025\/04\/processed-0CE01919-CD95-450C-8A1A-7256B43D8278.jpeg","width":1870,"height":1870},{"@type":"BreadcrumbList","@id":"https:\/\/www.hoogstra-autosport.nl\/product\/omp-veiligheidsnet-zwart-fia\/#breadcrumb","itemListElement":[{"@type":"ListItem","position":1,"name":"Home","item":"https:\/\/www.hoogstra-autosport.nl\/"},{"@type":"ListItem","position":2,"name":"Carrosserie","item":"https:\/\/www.hoogstra-autosport.nl\/product-categorie\/carroserie-bevestiging\/"},{"@type":"ListItem","position":3,"name":"Raamnetje &amp; Afsluitingen","item":"https:\/\/www.hoogstra-autosport.nl\/product-categorie\/carroserie-bevestiging\/raamnetje-afsluitingen\/"},{"@type":"ListItem","position":4,"name":"OMP veiligheidsnet zwart FIA"}]},{"@type":"WebSite","@id":"https:\/\/www.hoogstra-autosport.nl\/#website","url":"https:\/\/www.hoogstra-autosport.nl\/","name":"Hoogstra Autosport","description":"Performance Autosport Parts!","potentialAction":[{"@type":"SearchAction","target":{"@type":"EntryPoint","urlTemplate":"https:\/\/www.hoogstra-autosport.nl\/?s={search_term_string}"},"query-input":{"@type":"PropertyValueSpecification","valueRequired":true,"valueName":"search_term_string"}}],"inLanguage":"fr-FR"}]}},"tiered_pricing_type":"fixed","tiered_pricing_fixed_rules":[],"tiered_pricing_product_settings":{"layout":"default","base_unit_name":{"singular":null,"plural":null},"default_variation":null},"tiered_pricing_minimum_quantity":null,"tiered_pricing_roles_data":[],"tiered_pricing_percentage_rules":[],"tiered_pricing_maximum_quantity":null,"tiered_pricing_quantity_step":null,"_links":{"self":[{"href":"https:\/\/www.hoogstra-autosport.nl\/fr\/wp-json\/wp\/v2\/product\/83542","targetHints":{"allow":["GET"]}}],"collection":[{"href":"https:\/\/www.hoogstra-autosport.nl\/fr\/wp-json\/wp\/v2\/product"}],"about":[{"href":"https:\/\/www.hoogstra-autosport.nl\/fr\/wp-json\/wp\/v2\/types\/product"}],"wp:featuredmedia":[{"embeddable":true,"href":"https:\/\/www.hoogstra-autosport.nl\/fr\/wp-json\/wp\/v2\/media\/83556"}],"wp:attachment":[{"href":"https:\/\/www.hoogstra-autosport.nl\/fr\/wp-json\/wp\/v2\/media?parent=83542"}],"wp:term":[{"taxonomy":"product_brand","embeddable":true,"href":"https:\/\/www.hoogstra-autosport.nl\/fr\/wp-json\/wp\/v2\/product_brand?post=83542"},{"taxonomy":"product_cat","embeddable":true,"href":"https:\/\/www.hoogstra-autosport.nl\/fr\/wp-json\/wp\/v2\/product_cat?post=83542"},{"taxonomy":"product_tag","embeddable":true,"href":"https:\/\/www.hoogstra-autosport.nl\/fr\/wp-json\/wp\/v2\/product_tag?post=83542"}],"curies":[{"name":"wp","href":"https:\/\/api.w.org\/{rel}","templated":true}]}}