{"id":83337,"date":"2025-03-28T16:16:34","date_gmt":"2025-03-28T15:16:34","guid":{"rendered":"https:\/\/www.hoogstra-autosport.nl\/?post_type=product&#038;p=83337"},"modified":"2025-11-13T10:14:51","modified_gmt":"2025-11-13T09:14:51","slug":"stilo-helm-st6-gt-composite","status":"publish","type":"product","link":"https:\/\/www.hoogstra-autosport.nl\/fr\/produit\/stilo-helm-st6-gt-composite\/","title":{"rendered":"Casque Stilo ST6 GT Composite"},"content":{"rendered":"<p>La variante Touring\/GT de la nouvelle s\u00e9rie de casques ST6. Avec des performances encore meilleures, une forme de coque optimis\u00e9e et un champ de vision \u00e9largi, ce casque r\u00e9pond aux exigences les plus \u00e9lev\u00e9es. Le casque Stilo GT est \u00e9quip\u00e9 du syst\u00e8me d'intercom Stilo WRC \u00e9prouv\u00e9 et dispose de connexions sur le c\u00f4t\u00e9 pour la radio et le syst\u00e8me de boissons en option, ainsi que d'une connexion pour les haut-parleurs intra-auriculaires. (haut-parleur non inclus). Gr\u00e2ce \u00e0 la visi\u00e8re r\u00e9glable, le conducteur peut l'ajuster individuellement aux conditions de vision sp\u00e9cifiques. Les clips H.A.N.S. sont d\u00e9j\u00e0 inclus dans la livraison.<\/p>\n<p>Norme FIA : 8859-2024 | SNELL SA2020<\/p>","protected":false},"excerpt":{"rendered":"<p>De toerwagen-\/GT-variant van de nieuw ontwikkelde ST6-helmserie. Met nog betere prestaties, een geoptimaliseerde schaalvorm en een uitgebreid gezichtsveld voldoet deze helm aan de hoogste eisen. De Stilo GT-helm is uitgerust met het beproefde Stilo WRC-intercomsysteem en heeft aan de zijkant aansluitingen voor de radio en het optionele drinksysteem, evenals een aansluiting voor in-ear speakers. (Luidspreker [&hellip;]<\/p>\n","protected":false},"featured_media":83362,"template":"","meta":{"_acf_changed":false},"product_brand":[],"product_cat":[3969],"product_tag":[],"class_list":{"0":"post-83337","1":"product","2":"type-product","3":"status-publish","4":"has-post-thumbnail","6":"product_cat-stilo-integraal-helmen-fia","7":"product_shipping_class-4016","9":"first","10":"instock","11":"taxable","12":"shipping-taxable","13":"purchasable","14":"product-type-variable"},"acf":[],"yoast_head":"<!-- This site is optimized with the Yoast SEO plugin v27.5 - https:\/\/yoast.com\/product\/yoast-seo-wordpress\/ -->\n<title>Stilo Helm ST6 GT Composite - Hoogstra Autosport<\/title>\n<meta name=\"robots\" content=\"index, follow, max-snippet:-1, max-image-preview:large, max-video-preview:-1\" \/>\n<link rel=\"canonical\" href=\"https:\/\/www.hoogstra-autosport.nl\/fr\/produit\/stilo-helm-st6-gt-composite\/\" \/>\n<meta property=\"og:locale\" content=\"fr_FR\" \/>\n<meta property=\"og:type\" content=\"article\" \/>\n<meta property=\"og:title\" content=\"Stilo Helm ST6 GT Composite - Hoogstra Autosport\" \/>\n<meta property=\"og:description\" content=\"De toerwagen-\/GT-variant van de nieuw ontwikkelde ST6-helmserie. Met nog betere prestaties, een geoptimaliseerde schaalvorm en een uitgebreid gezichtsveld voldoet deze helm aan de hoogste eisen. De Stilo GT-helm is uitgerust met het beproefde Stilo WRC-intercomsysteem en heeft aan de zijkant aansluitingen voor de radio en het optionele drinksysteem, evenals een aansluiting voor in-ear speakers. (Luidspreker [&hellip;]\" \/>\n<meta property=\"og:url\" content=\"https:\/\/www.hoogstra-autosport.nl\/fr\/produit\/stilo-helm-st6-gt-composite\/\" \/>\n<meta property=\"og:site_name\" content=\"Hoogstra Autosport\" \/>\n<meta property=\"article:modified_time\" content=\"2025-11-13T09:14:51+00:00\" \/>\n<meta property=\"og:image\" content=\"https:\/\/www.hoogstra-autosport.nl\/teamkoen\/wp-content\/uploads\/2025\/03\/processed-9482784C-791F-4C72-9683-1BC54E35A2D2.jpeg\" \/>\n\t<meta property=\"og:image:width\" content=\"1870\" \/>\n\t<meta property=\"og:image:height\" content=\"1870\" \/>\n\t<meta property=\"og:image:type\" content=\"image\/jpeg\" \/>\n<meta name=\"twitter:card\" content=\"summary_large_image\" \/>\n<meta name=\"twitter:label1\" content=\"Dur\u00e9e de lecture estim\u00e9e\" \/>\n\t<meta name=\"twitter:data1\" content=\"1 minute\" \/>\n<script type=\"application\/ld+json\" class=\"yoast-schema-graph\">{\"@context\":\"https:\\\/\\\/schema.org\",\"@graph\":[{\"@type\":\"WebPage\",\"@id\":\"https:\\\/\\\/www.hoogstra-autosport.nl\\\/product\\\/stilo-helm-st6-gt-composite\\\/\",\"url\":\"https:\\\/\\\/www.hoogstra-autosport.nl\\\/product\\\/stilo-helm-st6-gt-composite\\\/\",\"name\":\"Stilo Helm ST6 GT Composite - Hoogstra Autosport\",\"isPartOf\":{\"@id\":\"https:\\\/\\\/www.hoogstra-autosport.nl\\\/#website\"},\"primaryImageOfPage\":{\"@id\":\"https:\\\/\\\/www.hoogstra-autosport.nl\\\/product\\\/stilo-helm-st6-gt-composite\\\/#primaryimage\"},\"image\":{\"@id\":\"https:\\\/\\\/www.hoogstra-autosport.nl\\\/product\\\/stilo-helm-st6-gt-composite\\\/#primaryimage\"},\"thumbnailUrl\":\"https:\\\/\\\/www.hoogstra-autosport.nl\\\/teamkoen\\\/wp-content\\\/uploads\\\/2025\\\/03\\\/processed-9482784C-791F-4C72-9683-1BC54E35A2D2.jpeg\",\"datePublished\":\"2025-03-28T15:16:34+00:00\",\"dateModified\":\"2025-11-13T09:14:51+00:00\",\"breadcrumb\":{\"@id\":\"https:\\\/\\\/www.hoogstra-autosport.nl\\\/product\\\/stilo-helm-st6-gt-composite\\\/#breadcrumb\"},\"inLanguage\":\"fr-FR\",\"potentialAction\":[{\"@type\":\"ReadAction\",\"target\":[\"https:\\\/\\\/www.hoogstra-autosport.nl\\\/product\\\/stilo-helm-st6-gt-composite\\\/\"]}]},{\"@type\":\"ImageObject\",\"inLanguage\":\"fr-FR\",\"@id\":\"https:\\\/\\\/www.hoogstra-autosport.nl\\\/product\\\/stilo-helm-st6-gt-composite\\\/#primaryimage\",\"url\":\"https:\\\/\\\/www.hoogstra-autosport.nl\\\/teamkoen\\\/wp-content\\\/uploads\\\/2025\\\/03\\\/processed-9482784C-791F-4C72-9683-1BC54E35A2D2.jpeg\",\"contentUrl\":\"https:\\\/\\\/www.hoogstra-autosport.nl\\\/teamkoen\\\/wp-content\\\/uploads\\\/2025\\\/03\\\/processed-9482784C-791F-4C72-9683-1BC54E35A2D2.jpeg\",\"width\":1870,\"height\":1870},{\"@type\":\"BreadcrumbList\",\"@id\":\"https:\\\/\\\/www.hoogstra-autosport.nl\\\/product\\\/stilo-helm-st6-gt-composite\\\/#breadcrumb\",\"itemListElement\":[{\"@type\":\"ListItem\",\"position\":1,\"name\":\"Home\",\"item\":\"https:\\\/\\\/www.hoogstra-autosport.nl\\\/\"},{\"@type\":\"ListItem\",\"position\":2,\"name\":\"Uitrusting\",\"item\":\"https:\\\/\\\/www.hoogstra-autosport.nl\\\/product-categorie\\\/autosport-kleding-helmen\\\/\"},{\"@type\":\"ListItem\",\"position\":3,\"name\":\"Helmen\",\"item\":\"https:\\\/\\\/www.hoogstra-autosport.nl\\\/product-categorie\\\/autosport-kleding-helmen\\\/helmen\\\/\"},{\"@type\":\"ListItem\",\"position\":4,\"name\":\"FIA Integraal Helmen\",\"item\":\"https:\\\/\\\/www.hoogstra-autosport.nl\\\/product-categorie\\\/autosport-kleding-helmen\\\/helmen\\\/integraal-helmen-fia\\\/\"},{\"@type\":\"ListItem\",\"position\":5,\"name\":\"Stilo Integraalhelmen FIA\",\"item\":\"https:\\\/\\\/www.hoogstra-autosport.nl\\\/product-categorie\\\/autosport-kleding-helmen\\\/helmen\\\/integraal-helmen-fia\\\/stilo-integraal-helmen-fia\\\/\"},{\"@type\":\"ListItem\",\"position\":6,\"name\":\"Stilo Helm ST6 GT Composite\"}]},{\"@type\":\"WebSite\",\"@id\":\"https:\\\/\\\/www.hoogstra-autosport.nl\\\/#website\",\"url\":\"https:\\\/\\\/www.hoogstra-autosport.nl\\\/\",\"name\":\"Hoogstra Autosport\",\"description\":\"Performance Autosport Parts!\",\"potentialAction\":[{\"@type\":\"SearchAction\",\"target\":{\"@type\":\"EntryPoint\",\"urlTemplate\":\"https:\\\/\\\/www.hoogstra-autosport.nl\\\/?s={search_term_string}\"},\"query-input\":{\"@type\":\"PropertyValueSpecification\",\"valueRequired\":true,\"valueName\":\"search_term_string\"}}],\"inLanguage\":\"fr-FR\"}]}<\/script>\n<!-- \/ Yoast SEO plugin. -->","yoast_head_json":{"title":"Stilo Helm ST6 GT Composite - Hoogstra Autosport","robots":{"index":"index","follow":"follow","max-snippet":"max-snippet:-1","max-image-preview":"max-image-preview:large","max-video-preview":"max-video-preview:-1"},"canonical":"https:\/\/www.hoogstra-autosport.nl\/fr\/produit\/stilo-helm-st6-gt-composite\/","og_locale":"fr_FR","og_type":"article","og_title":"Stilo Helm ST6 GT Composite - Hoogstra Autosport","og_description":"De toerwagen-\/GT-variant van de nieuw ontwikkelde ST6-helmserie. Met nog betere prestaties, een geoptimaliseerde schaalvorm en een uitgebreid gezichtsveld voldoet deze helm aan de hoogste eisen. De Stilo GT-helm is uitgerust met het beproefde Stilo WRC-intercomsysteem en heeft aan de zijkant aansluitingen voor de radio en het optionele drinksysteem, evenals een aansluiting voor in-ear speakers. (Luidspreker [&hellip;]","og_url":"https:\/\/www.hoogstra-autosport.nl\/fr\/produit\/stilo-helm-st6-gt-composite\/","og_site_name":"Hoogstra Autosport","article_modified_time":"2025-11-13T09:14:51+00:00","og_image":[{"width":1870,"height":1870,"url":"https:\/\/www.hoogstra-autosport.nl\/teamkoen\/wp-content\/uploads\/2025\/03\/processed-9482784C-791F-4C72-9683-1BC54E35A2D2.jpeg","type":"image\/jpeg"}],"twitter_card":"summary_large_image","twitter_misc":{"Dur\u00e9e de lecture estim\u00e9e":"1 minute"},"schema":{"@context":"https:\/\/schema.org","@graph":[{"@type":"WebPage","@id":"https:\/\/www.hoogstra-autosport.nl\/product\/stilo-helm-st6-gt-composite\/","url":"https:\/\/www.hoogstra-autosport.nl\/product\/stilo-helm-st6-gt-composite\/","name":"Stilo Helm ST6 GT Composite - Hoogstra Autosport","isPartOf":{"@id":"https:\/\/www.hoogstra-autosport.nl\/#website"},"primaryImageOfPage":{"@id":"https:\/\/www.hoogstra-autosport.nl\/product\/stilo-helm-st6-gt-composite\/#primaryimage"},"image":{"@id":"https:\/\/www.hoogstra-autosport.nl\/product\/stilo-helm-st6-gt-composite\/#primaryimage"},"thumbnailUrl":"https:\/\/www.hoogstra-autosport.nl\/teamkoen\/wp-content\/uploads\/2025\/03\/processed-9482784C-791F-4C72-9683-1BC54E35A2D2.jpeg","datePublished":"2025-03-28T15:16:34+00:00","dateModified":"2025-11-13T09:14:51+00:00","breadcrumb":{"@id":"https:\/\/www.hoogstra-autosport.nl\/product\/stilo-helm-st6-gt-composite\/#breadcrumb"},"inLanguage":"fr-FR","potentialAction":[{"@type":"ReadAction","target":["https:\/\/www.hoogstra-autosport.nl\/product\/stilo-helm-st6-gt-composite\/"]}]},{"@type":"ImageObject","inLanguage":"fr-FR","@id":"https:\/\/www.hoogstra-autosport.nl\/product\/stilo-helm-st6-gt-composite\/#primaryimage","url":"https:\/\/www.hoogstra-autosport.nl\/teamkoen\/wp-content\/uploads\/2025\/03\/processed-9482784C-791F-4C72-9683-1BC54E35A2D2.jpeg","contentUrl":"https:\/\/www.hoogstra-autosport.nl\/teamkoen\/wp-content\/uploads\/2025\/03\/processed-9482784C-791F-4C72-9683-1BC54E35A2D2.jpeg","width":1870,"height":1870},{"@type":"BreadcrumbList","@id":"https:\/\/www.hoogstra-autosport.nl\/product\/stilo-helm-st6-gt-composite\/#breadcrumb","itemListElement":[{"@type":"ListItem","position":1,"name":"Home","item":"https:\/\/www.hoogstra-autosport.nl\/"},{"@type":"ListItem","position":2,"name":"Uitrusting","item":"https:\/\/www.hoogstra-autosport.nl\/product-categorie\/autosport-kleding-helmen\/"},{"@type":"ListItem","position":3,"name":"Helmen","item":"https:\/\/www.hoogstra-autosport.nl\/product-categorie\/autosport-kleding-helmen\/helmen\/"},{"@type":"ListItem","position":4,"name":"FIA Integraal Helmen","item":"https:\/\/www.hoogstra-autosport.nl\/product-categorie\/autosport-kleding-helmen\/helmen\/integraal-helmen-fia\/"},{"@type":"ListItem","position":5,"name":"Stilo Integraalhelmen FIA","item":"https:\/\/www.hoogstra-autosport.nl\/product-categorie\/autosport-kleding-helmen\/helmen\/integraal-helmen-fia\/stilo-integraal-helmen-fia\/"},{"@type":"ListItem","position":6,"name":"Stilo Helm ST6 GT Composite"}]},{"@type":"WebSite","@id":"https:\/\/www.hoogstra-autosport.nl\/#website","url":"https:\/\/www.hoogstra-autosport.nl\/","name":"Hoogstra Autosport","description":"Performance Autosport Parts!","potentialAction":[{"@type":"SearchAction","target":{"@type":"EntryPoint","urlTemplate":"https:\/\/www.hoogstra-autosport.nl\/?s={search_term_string}"},"query-input":{"@type":"PropertyValueSpecification","valueRequired":true,"valueName":"search_term_string"}}],"inLanguage":"fr-FR"}]}},"tiered_pricing_type":"fixed","tiered_pricing_fixed_rules":[],"tiered_pricing_product_settings":{"layout":"default","base_unit_name":{"singular":null,"plural":null},"default_variation":null},"tiered_pricing_minimum_quantity":null,"tiered_pricing_roles_data":[],"tiered_pricing_percentage_rules":[],"tiered_pricing_maximum_quantity":null,"tiered_pricing_quantity_step":null,"_links":{"self":[{"href":"https:\/\/www.hoogstra-autosport.nl\/fr\/wp-json\/wp\/v2\/product\/83337","targetHints":{"allow":["GET"]}}],"collection":[{"href":"https:\/\/www.hoogstra-autosport.nl\/fr\/wp-json\/wp\/v2\/product"}],"about":[{"href":"https:\/\/www.hoogstra-autosport.nl\/fr\/wp-json\/wp\/v2\/types\/product"}],"wp:featuredmedia":[{"embeddable":true,"href":"https:\/\/www.hoogstra-autosport.nl\/fr\/wp-json\/wp\/v2\/media\/83362"}],"wp:attachment":[{"href":"https:\/\/www.hoogstra-autosport.nl\/fr\/wp-json\/wp\/v2\/media?parent=83337"}],"wp:term":[{"taxonomy":"product_brand","embeddable":true,"href":"https:\/\/www.hoogstra-autosport.nl\/fr\/wp-json\/wp\/v2\/product_brand?post=83337"},{"taxonomy":"product_cat","embeddable":true,"href":"https:\/\/www.hoogstra-autosport.nl\/fr\/wp-json\/wp\/v2\/product_cat?post=83337"},{"taxonomy":"product_tag","embeddable":true,"href":"https:\/\/www.hoogstra-autosport.nl\/fr\/wp-json\/wp\/v2\/product_tag?post=83337"}],"curies":[{"name":"wp","href":"https:\/\/api.w.org\/{rel}","templated":true}]}}