{"id":81864,"date":"2025-03-03T16:39:00","date_gmt":"2025-03-03T15:39:00","guid":{"rendered":"https:\/\/www.hoogstra-autosport.nl\/?post_type=product&#038;p=81864"},"modified":"2025-03-03T16:40:20","modified_gmt":"2025-03-03T15:40:20","slug":"fedima-wms-rood-soft-195-70-15","status":"publish","type":"product","link":"https:\/\/www.hoogstra-autosport.nl\/fr\/produit\/fedima-wms-rood-soft-195-70-15\/","title":{"rendered":"FEDIMA WMS rouge souple 195-70-15"},"content":{"rendered":"<p>Fedima WMS<\/p>\n<p>Joli pneu avec un bon m\u00e9lange de gomme pour la terre battue. Un pneu vraiment tr\u00e8s fin avec une bonne adh\u00e9rence.<\/p>\n<p>Peut \u00eatre utilis\u00e9 sur diff\u00e9rentes pistes en terre battue ! D\u00e9marre bien !<\/p>\n<p>Entre FK\/X et Rallye<\/p>\n<p>195\/70\/15 = 208 circonf\u00e9rence 18 bande de roulement<\/p>\n<p>Disponible en jaune et rouge<\/p>\n<p>Le jaune est un compos\u00e9 moyen<\/p>\n<p>Le rouge est un compos\u00e9 super doux<\/p>","protected":false},"excerpt":{"rendered":"<p>Fedima WMS Mooie band met goede rubber compound voor de klei. Echt super fijne band met de juiste grip. Op diverse kleibanen te gebruiken ! Start goed ! Gaat tussen FK\/X en Rally door 195\/70\/15 =\u00a0208 omtrek 18 loopvlak Te verkrijgen in Geel en Rood Geel is Medium Compound Rood is Super Soft Compound<\/p>","protected":false},"featured_media":6481,"template":"","meta":{"_acf_changed":false},"product_brand":[],"product_cat":[2688],"product_tag":[],"class_list":{"0":"post-81864","1":"product","2":"type-product","3":"status-publish","4":"has-post-thumbnail","6":"product_cat-fedima-wms-competition","7":"product_shipping_class-4017","9":"first","10":"instock","11":"taxable","12":"shipping-taxable","13":"purchasable","14":"product-type-simple"},"acf":[],"yoast_head":"<!-- This site is optimized with the Yoast SEO plugin v27.1.1 - https:\/\/yoast.com\/product\/yoast-seo-wordpress\/ -->\n<title>FEDIMA WMS Rood Soft 195-70-15 - Hoogstra Autosport<\/title>\n<meta name=\"robots\" content=\"index, follow, max-snippet:-1, max-image-preview:large, max-video-preview:-1\" \/>\n<link rel=\"canonical\" href=\"https:\/\/www.hoogstra-autosport.nl\/fr\/produit\/fedima-wms-rood-soft-195-70-15\/\" \/>\n<meta property=\"og:locale\" content=\"fr_FR\" \/>\n<meta property=\"og:type\" content=\"article\" \/>\n<meta property=\"og:title\" content=\"FEDIMA WMS Rood Soft 195-70-15 - Hoogstra Autosport\" \/>\n<meta property=\"og:description\" content=\"Fedima WMS Mooie band met goede rubber compound voor de klei. Echt super fijne band met de juiste grip. Op diverse kleibanen te gebruiken ! Start goed ! Gaat tussen FK\/X en Rally door 195\/70\/15 =\u00a0208 omtrek 18 loopvlak Te verkrijgen in Geel en Rood Geel is Medium Compound Rood is Super Soft Compound\" \/>\n<meta property=\"og:url\" content=\"https:\/\/www.hoogstra-autosport.nl\/fr\/produit\/fedima-wms-rood-soft-195-70-15\/\" \/>\n<meta property=\"og:site_name\" content=\"Hoogstra Autosport\" \/>\n<meta property=\"article:modified_time\" content=\"2025-03-03T15:40:20+00:00\" \/>\n<meta property=\"og:image\" content=\"https:\/\/www.hoogstra-autosport.nl\/teamkoen\/content\/uploads\/catalog\/product\/fedimawmsprofieldetail.jpg\" \/>\n\t<meta property=\"og:image:width\" content=\"800\" \/>\n\t<meta property=\"og:image:height\" content=\"498\" \/>\n\t<meta property=\"og:image:type\" content=\"image\/jpeg\" \/>\n<meta name=\"twitter:card\" content=\"summary_large_image\" \/>\n<meta name=\"twitter:label1\" content=\"Dur\u00e9e de lecture estim\u00e9e\" \/>\n\t<meta name=\"twitter:data1\" content=\"1 minute\" \/>\n<script type=\"application\/ld+json\" class=\"yoast-schema-graph\">{\"@context\":\"https:\/\/schema.org\",\"@graph\":[{\"@type\":\"WebPage\",\"@id\":\"https:\/\/www.hoogstra-autosport.nl\/product\/fedima-wms-rood-soft-195-70-15\/\",\"url\":\"https:\/\/www.hoogstra-autosport.nl\/product\/fedima-wms-rood-soft-195-70-15\/\",\"name\":\"FEDIMA WMS Rood Soft 195-70-15 - Hoogstra Autosport\",\"isPartOf\":{\"@id\":\"https:\/\/www.hoogstra-autosport.nl\/#website\"},\"primaryImageOfPage\":{\"@id\":\"https:\/\/www.hoogstra-autosport.nl\/product\/fedima-wms-rood-soft-195-70-15\/#primaryimage\"},\"image\":{\"@id\":\"https:\/\/www.hoogstra-autosport.nl\/product\/fedima-wms-rood-soft-195-70-15\/#primaryimage\"},\"thumbnailUrl\":\"https:\/\/www.hoogstra-autosport.nl\/teamkoen\/wp-content\/uploads\/catalog\/product\/fedimawmsprofieldetail.jpg\",\"datePublished\":\"2025-03-03T15:39:00+00:00\",\"dateModified\":\"2025-03-03T15:40:20+00:00\",\"breadcrumb\":{\"@id\":\"https:\/\/www.hoogstra-autosport.nl\/product\/fedima-wms-rood-soft-195-70-15\/#breadcrumb\"},\"inLanguage\":\"fr-FR\",\"potentialAction\":[{\"@type\":\"ReadAction\",\"target\":[\"https:\/\/www.hoogstra-autosport.nl\/product\/fedima-wms-rood-soft-195-70-15\/\"]}]},{\"@type\":\"ImageObject\",\"inLanguage\":\"fr-FR\",\"@id\":\"https:\/\/www.hoogstra-autosport.nl\/product\/fedima-wms-rood-soft-195-70-15\/#primaryimage\",\"url\":\"https:\/\/www.hoogstra-autosport.nl\/teamkoen\/wp-content\/uploads\/catalog\/product\/fedimawmsprofieldetail.jpg\",\"contentUrl\":\"https:\/\/www.hoogstra-autosport.nl\/teamkoen\/wp-content\/uploads\/catalog\/product\/fedimawmsprofieldetail.jpg\",\"width\":800,\"height\":498},{\"@type\":\"BreadcrumbList\",\"@id\":\"https:\/\/www.hoogstra-autosport.nl\/product\/fedima-wms-rood-soft-195-70-15\/#breadcrumb\",\"itemListElement\":[{\"@type\":\"ListItem\",\"position\":1,\"name\":\"Home\",\"item\":\"https:\/\/www.hoogstra-autosport.nl\/\"},{\"@type\":\"ListItem\",\"position\":2,\"name\":\"Banden &amp; Velgen\",\"item\":\"https:\/\/www.hoogstra-autosport.nl\/product-categorie\/autocrossbanden-en-velgen\/\"},{\"@type\":\"ListItem\",\"position\":3,\"name\":\"Autocross Banden\",\"item\":\"https:\/\/www.hoogstra-autosport.nl\/product-categorie\/autocrossbanden-en-velgen\/autocross-banden\/\"},{\"@type\":\"ListItem\",\"position\":4,\"name\":\"Fedima Banden\",\"item\":\"https:\/\/www.hoogstra-autosport.nl\/product-categorie\/autocrossbanden-en-velgen\/autocross-banden\/fedima-banden\/\"},{\"@type\":\"ListItem\",\"position\":5,\"name\":\"Fedima WMS Competition\",\"item\":\"https:\/\/www.hoogstra-autosport.nl\/product-categorie\/autocrossbanden-en-velgen\/autocross-banden\/fedima-banden\/fedima-wms-competition\/\"},{\"@type\":\"ListItem\",\"position\":6,\"name\":\"FEDIMA WMS Rood Soft 195-70-15\"}]},{\"@type\":\"WebSite\",\"@id\":\"https:\/\/www.hoogstra-autosport.nl\/#website\",\"url\":\"https:\/\/www.hoogstra-autosport.nl\/\",\"name\":\"Hoogstra Autosport\",\"description\":\"Performance Autosport Parts!\",\"potentialAction\":[{\"@type\":\"SearchAction\",\"target\":{\"@type\":\"EntryPoint\",\"urlTemplate\":\"https:\/\/www.hoogstra-autosport.nl\/?s={search_term_string}\"},\"query-input\":{\"@type\":\"PropertyValueSpecification\",\"valueRequired\":true,\"valueName\":\"search_term_string\"}}],\"inLanguage\":\"fr-FR\"}]}<\/script>\n<!-- \/ Yoast SEO plugin. -->","yoast_head_json":{"title":"FEDIMA WMS Rood Soft 195-70-15 - Hoogstra Autosport","robots":{"index":"index","follow":"follow","max-snippet":"max-snippet:-1","max-image-preview":"max-image-preview:large","max-video-preview":"max-video-preview:-1"},"canonical":"https:\/\/www.hoogstra-autosport.nl\/fr\/produit\/fedima-wms-rood-soft-195-70-15\/","og_locale":"fr_FR","og_type":"article","og_title":"FEDIMA WMS Rood Soft 195-70-15 - Hoogstra Autosport","og_description":"Fedima WMS Mooie band met goede rubber compound voor de klei. Echt super fijne band met de juiste grip. Op diverse kleibanen te gebruiken ! Start goed ! Gaat tussen FK\/X en Rally door 195\/70\/15 =\u00a0208 omtrek 18 loopvlak Te verkrijgen in Geel en Rood Geel is Medium Compound Rood is Super Soft Compound","og_url":"https:\/\/www.hoogstra-autosport.nl\/fr\/produit\/fedima-wms-rood-soft-195-70-15\/","og_site_name":"Hoogstra Autosport","article_modified_time":"2025-03-03T15:40:20+00:00","og_image":[{"width":800,"height":498,"url":"https:\/\/www.hoogstra-autosport.nl\/teamkoen\/content\/uploads\/catalog\/product\/fedimawmsprofieldetail.jpg","type":"image\/jpeg"}],"twitter_card":"summary_large_image","twitter_misc":{"Dur\u00e9e de lecture estim\u00e9e":"1 minute"},"schema":{"@context":"https:\/\/schema.org","@graph":[{"@type":"WebPage","@id":"https:\/\/www.hoogstra-autosport.nl\/product\/fedima-wms-rood-soft-195-70-15\/","url":"https:\/\/www.hoogstra-autosport.nl\/product\/fedima-wms-rood-soft-195-70-15\/","name":"FEDIMA WMS Rood Soft 195-70-15 - Hoogstra Autosport","isPartOf":{"@id":"https:\/\/www.hoogstra-autosport.nl\/#website"},"primaryImageOfPage":{"@id":"https:\/\/www.hoogstra-autosport.nl\/product\/fedima-wms-rood-soft-195-70-15\/#primaryimage"},"image":{"@id":"https:\/\/www.hoogstra-autosport.nl\/product\/fedima-wms-rood-soft-195-70-15\/#primaryimage"},"thumbnailUrl":"https:\/\/www.hoogstra-autosport.nl\/teamkoen\/wp-content\/uploads\/catalog\/product\/fedimawmsprofieldetail.jpg","datePublished":"2025-03-03T15:39:00+00:00","dateModified":"2025-03-03T15:40:20+00:00","breadcrumb":{"@id":"https:\/\/www.hoogstra-autosport.nl\/product\/fedima-wms-rood-soft-195-70-15\/#breadcrumb"},"inLanguage":"fr-FR","potentialAction":[{"@type":"ReadAction","target":["https:\/\/www.hoogstra-autosport.nl\/product\/fedima-wms-rood-soft-195-70-15\/"]}]},{"@type":"ImageObject","inLanguage":"fr-FR","@id":"https:\/\/www.hoogstra-autosport.nl\/product\/fedima-wms-rood-soft-195-70-15\/#primaryimage","url":"https:\/\/www.hoogstra-autosport.nl\/teamkoen\/wp-content\/uploads\/catalog\/product\/fedimawmsprofieldetail.jpg","contentUrl":"https:\/\/www.hoogstra-autosport.nl\/teamkoen\/wp-content\/uploads\/catalog\/product\/fedimawmsprofieldetail.jpg","width":800,"height":498},{"@type":"BreadcrumbList","@id":"https:\/\/www.hoogstra-autosport.nl\/product\/fedima-wms-rood-soft-195-70-15\/#breadcrumb","itemListElement":[{"@type":"ListItem","position":1,"name":"Home","item":"https:\/\/www.hoogstra-autosport.nl\/"},{"@type":"ListItem","position":2,"name":"Banden &amp; Velgen","item":"https:\/\/www.hoogstra-autosport.nl\/product-categorie\/autocrossbanden-en-velgen\/"},{"@type":"ListItem","position":3,"name":"Autocross Banden","item":"https:\/\/www.hoogstra-autosport.nl\/product-categorie\/autocrossbanden-en-velgen\/autocross-banden\/"},{"@type":"ListItem","position":4,"name":"Fedima Banden","item":"https:\/\/www.hoogstra-autosport.nl\/product-categorie\/autocrossbanden-en-velgen\/autocross-banden\/fedima-banden\/"},{"@type":"ListItem","position":5,"name":"Fedima WMS Competition","item":"https:\/\/www.hoogstra-autosport.nl\/product-categorie\/autocrossbanden-en-velgen\/autocross-banden\/fedima-banden\/fedima-wms-competition\/"},{"@type":"ListItem","position":6,"name":"FEDIMA WMS Rood Soft 195-70-15"}]},{"@type":"WebSite","@id":"https:\/\/www.hoogstra-autosport.nl\/#website","url":"https:\/\/www.hoogstra-autosport.nl\/","name":"Hoogstra Autosport","description":"Performance Autosport Parts!","potentialAction":[{"@type":"SearchAction","target":{"@type":"EntryPoint","urlTemplate":"https:\/\/www.hoogstra-autosport.nl\/?s={search_term_string}"},"query-input":{"@type":"PropertyValueSpecification","valueRequired":true,"valueName":"search_term_string"}}],"inLanguage":"fr-FR"}]}},"tiered_pricing_type":"fixed","tiered_pricing_fixed_rules":[],"tiered_pricing_product_settings":{"layout":"default","base_unit_name":{"singular":null,"plural":null},"default_variation":null},"tiered_pricing_minimum_quantity":null,"tiered_pricing_roles_data":[],"tiered_pricing_percentage_rules":[],"tiered_pricing_maximum_quantity":null,"tiered_pricing_quantity_step":null,"_links":{"self":[{"href":"https:\/\/www.hoogstra-autosport.nl\/fr\/wp-json\/wp\/v2\/product\/81864","targetHints":{"allow":["GET"]}}],"collection":[{"href":"https:\/\/www.hoogstra-autosport.nl\/fr\/wp-json\/wp\/v2\/product"}],"about":[{"href":"https:\/\/www.hoogstra-autosport.nl\/fr\/wp-json\/wp\/v2\/types\/product"}],"wp:featuredmedia":[{"embeddable":true,"href":"https:\/\/www.hoogstra-autosport.nl\/fr\/wp-json\/wp\/v2\/media\/6481"}],"wp:attachment":[{"href":"https:\/\/www.hoogstra-autosport.nl\/fr\/wp-json\/wp\/v2\/media?parent=81864"}],"wp:term":[{"taxonomy":"product_brand","embeddable":true,"href":"https:\/\/www.hoogstra-autosport.nl\/fr\/wp-json\/wp\/v2\/product_brand?post=81864"},{"taxonomy":"product_cat","embeddable":true,"href":"https:\/\/www.hoogstra-autosport.nl\/fr\/wp-json\/wp\/v2\/product_cat?post=81864"},{"taxonomy":"product_tag","embeddable":true,"href":"https:\/\/www.hoogstra-autosport.nl\/fr\/wp-json\/wp\/v2\/product_tag?post=81864"}],"curies":[{"name":"wp","href":"https:\/\/api.w.org\/{rel}","templated":true}]}}