{"id":8099,"date":"2015-01-02T11:17:52","date_gmt":"2015-01-02T11:17:52","guid":{"rendered":"http:\/\/hoogstra-autosport.nl\/?product=kirkey-stoel-drag-17-inch"},"modified":"2025-12-11T15:43:24","modified_gmt":"2025-12-11T14:43:24","slug":"kirkey-stoel-drag-17-inch","status":"publish","type":"product","link":"https:\/\/www.hoogstra-autosport.nl\/fr\/produit\/kirkey-stoel-drag-17-inch\/","title":{"rendered":"Chaise Kirkey Drag 17 pouces"},"content":{"rendered":"<p>Chaise Kirkey DRAG<\/p>\n<p>Id\u00e9al pour le scarab\u00e9e et le sprinter gr\u00e2ce \u00e0 ses c\u00f4t\u00e9s plats. Pas de probl\u00e8me pour entrer.<\/p>\n<p>20 degr\u00e9s d'inclinaison<\/p>\n<p>Facile \u00e0 assembler, il s'adapte bien<\/p>\n<p>Id\u00e9al pour l'autocross, le stockar, l'ovale et le sprint.<\/p>\n<p>Disponible en diff\u00e9rentes largeurs<\/p>\n<p>75 - 90 kg 15 pouces<\/p>\n<p>90 -110 kilos 16 pouces<\/p>\n<p>110 -120 livres 17 pouces<\/p>\n<p>120 -130 kg 18 pouces<\/p>\n<p>Disponible avec couvercle<\/p>","protected":false},"excerpt":{"rendered":"<p>Kirkey Stoel DRAG Ideaal voor in de kever en sprinter vanwege vlakke zijkanten. Geen problemen met instappen. 20 graden layback Makkelijk te monteren zit goed Zeer geschikt voor de autocross,stockar\u00a0 oval en sprint Te verkijgen in verschillende breedtes 75 &#8211; 90 kilo 15 inch 90 -110 kilo 16 inch 110 -120 kilo 17 inch 120 [&hellip;]<\/p>\n","protected":false},"featured_media":95059,"template":"","meta":{"_acf_changed":false},"product_brand":[],"product_cat":[2801],"product_tag":[],"class_list":{"0":"post-8099","1":"product","2":"type-product","3":"status-publish","4":"has-post-thumbnail","6":"product_cat-kirkey-drag-type","7":"product_shipping_class-4018","9":"first","10":"instock","11":"taxable","12":"shipping-taxable","13":"purchasable","14":"product-type-variable"},"acf":[],"yoast_head":"<!-- This site is optimized with the Yoast SEO plugin v27.1.1 - https:\/\/yoast.com\/product\/yoast-seo-wordpress\/ -->\n<title>Kirkey Stoel Drag 17 inch - Hoogstra Autosport<\/title>\n<meta name=\"description\" content=\"Kirkey stoel aluminium\" \/>\n<meta name=\"robots\" content=\"index, follow, max-snippet:-1, max-image-preview:large, max-video-preview:-1\" \/>\n<link rel=\"canonical\" href=\"https:\/\/www.hoogstra-autosport.nl\/fr\/produit\/kirkey-stoel-drag-17-inch\/\" \/>\n<meta property=\"og:locale\" content=\"fr_FR\" \/>\n<meta property=\"og:type\" content=\"article\" \/>\n<meta property=\"og:title\" content=\"Kirkey Stoel Drag 17 inch - Hoogstra Autosport\" \/>\n<meta property=\"og:description\" content=\"Kirkey stoel aluminium\" \/>\n<meta property=\"og:url\" content=\"https:\/\/www.hoogstra-autosport.nl\/fr\/produit\/kirkey-stoel-drag-17-inch\/\" \/>\n<meta property=\"og:site_name\" content=\"Hoogstra Autosport\" \/>\n<meta property=\"article:modified_time\" content=\"2025-12-11T14:43:24+00:00\" \/>\n<meta property=\"og:image\" content=\"https:\/\/www.hoogstra-autosport.nl\/teamkoen\/wp-content\/uploads\/2015\/01\/Kirkey-drag-stoel-1.jpg\" \/>\n\t<meta property=\"og:image:width\" content=\"1000\" \/>\n\t<meta property=\"og:image:height\" content=\"1000\" \/>\n\t<meta property=\"og:image:type\" content=\"image\/jpeg\" \/>\n<meta name=\"twitter:card\" content=\"summary_large_image\" \/>\n<meta name=\"twitter:label1\" content=\"Dur\u00e9e de lecture estim\u00e9e\" \/>\n\t<meta name=\"twitter:data1\" content=\"1 minute\" \/>\n<script type=\"application\/ld+json\" class=\"yoast-schema-graph\">{\"@context\":\"https:\/\/schema.org\",\"@graph\":[{\"@type\":\"WebPage\",\"@id\":\"https:\/\/www.hoogstra-autosport.nl\/product\/kirkey-stoel-drag-17-inch\/\",\"url\":\"https:\/\/www.hoogstra-autosport.nl\/product\/kirkey-stoel-drag-17-inch\/\",\"name\":\"Kirkey Stoel Drag 17 inch - Hoogstra Autosport\",\"isPartOf\":{\"@id\":\"https:\/\/www.hoogstra-autosport.nl\/#website\"},\"primaryImageOfPage\":{\"@id\":\"https:\/\/www.hoogstra-autosport.nl\/product\/kirkey-stoel-drag-17-inch\/#primaryimage\"},\"image\":{\"@id\":\"https:\/\/www.hoogstra-autosport.nl\/product\/kirkey-stoel-drag-17-inch\/#primaryimage\"},\"thumbnailUrl\":\"https:\/\/www.hoogstra-autosport.nl\/teamkoen\/wp-content\/uploads\/2015\/01\/Kirkey-drag-stoel-1.jpg\",\"datePublished\":\"2015-01-02T11:17:52+00:00\",\"dateModified\":\"2025-12-11T14:43:24+00:00\",\"description\":\"Kirkey stoel aluminium\",\"breadcrumb\":{\"@id\":\"https:\/\/www.hoogstra-autosport.nl\/product\/kirkey-stoel-drag-17-inch\/#breadcrumb\"},\"inLanguage\":\"fr-FR\",\"potentialAction\":[{\"@type\":\"ReadAction\",\"target\":[\"https:\/\/www.hoogstra-autosport.nl\/product\/kirkey-stoel-drag-17-inch\/\"]}]},{\"@type\":\"ImageObject\",\"inLanguage\":\"fr-FR\",\"@id\":\"https:\/\/www.hoogstra-autosport.nl\/product\/kirkey-stoel-drag-17-inch\/#primaryimage\",\"url\":\"https:\/\/www.hoogstra-autosport.nl\/teamkoen\/wp-content\/uploads\/2015\/01\/Kirkey-drag-stoel-1.jpg\",\"contentUrl\":\"https:\/\/www.hoogstra-autosport.nl\/teamkoen\/wp-content\/uploads\/2015\/01\/Kirkey-drag-stoel-1.jpg\",\"width\":1000,\"height\":1000},{\"@type\":\"BreadcrumbList\",\"@id\":\"https:\/\/www.hoogstra-autosport.nl\/product\/kirkey-stoel-drag-17-inch\/#breadcrumb\",\"itemListElement\":[{\"@type\":\"ListItem\",\"position\":1,\"name\":\"Home\",\"item\":\"https:\/\/www.hoogstra-autosport.nl\/\"},{\"@type\":\"ListItem\",\"position\":2,\"name\":\"Interieur\",\"item\":\"https:\/\/www.hoogstra-autosport.nl\/product-categorie\/remmen-brandstof-tanken\/\"},{\"@type\":\"ListItem\",\"position\":3,\"name\":\"Stoelen\",\"item\":\"https:\/\/www.hoogstra-autosport.nl\/product-categorie\/remmen-brandstof-tanken\/stoelen\/\"},{\"@type\":\"ListItem\",\"position\":4,\"name\":\"Kirkey Stoelen\",\"item\":\"https:\/\/www.hoogstra-autosport.nl\/product-categorie\/remmen-brandstof-tanken\/stoelen\/kirkey-stoelen\/\"},{\"@type\":\"ListItem\",\"position\":5,\"name\":\"Kirkey Drag Type\",\"item\":\"https:\/\/www.hoogstra-autosport.nl\/product-categorie\/remmen-brandstof-tanken\/stoelen\/kirkey-stoelen\/kirkey-drag-type\/\"},{\"@type\":\"ListItem\",\"position\":6,\"name\":\"Kirkey Stoel Drag 17 inch\"}]},{\"@type\":\"WebSite\",\"@id\":\"https:\/\/www.hoogstra-autosport.nl\/#website\",\"url\":\"https:\/\/www.hoogstra-autosport.nl\/\",\"name\":\"Hoogstra Autosport\",\"description\":\"Performance Autosport Parts!\",\"potentialAction\":[{\"@type\":\"SearchAction\",\"target\":{\"@type\":\"EntryPoint\",\"urlTemplate\":\"https:\/\/www.hoogstra-autosport.nl\/?s={search_term_string}\"},\"query-input\":{\"@type\":\"PropertyValueSpecification\",\"valueRequired\":true,\"valueName\":\"search_term_string\"}}],\"inLanguage\":\"fr-FR\"}]}<\/script>\n<!-- \/ Yoast SEO plugin. -->","yoast_head_json":{"title":"Kirkey Stoel Drag 17 inch - Hoogstra Autosport","description":"Kirkey stoel aluminium","robots":{"index":"index","follow":"follow","max-snippet":"max-snippet:-1","max-image-preview":"max-image-preview:large","max-video-preview":"max-video-preview:-1"},"canonical":"https:\/\/www.hoogstra-autosport.nl\/fr\/produit\/kirkey-stoel-drag-17-inch\/","og_locale":"fr_FR","og_type":"article","og_title":"Kirkey Stoel Drag 17 inch - Hoogstra Autosport","og_description":"Kirkey stoel aluminium","og_url":"https:\/\/www.hoogstra-autosport.nl\/fr\/produit\/kirkey-stoel-drag-17-inch\/","og_site_name":"Hoogstra Autosport","article_modified_time":"2025-12-11T14:43:24+00:00","og_image":[{"width":1000,"height":1000,"url":"https:\/\/www.hoogstra-autosport.nl\/teamkoen\/wp-content\/uploads\/2015\/01\/Kirkey-drag-stoel-1.jpg","type":"image\/jpeg"}],"twitter_card":"summary_large_image","twitter_misc":{"Dur\u00e9e de lecture estim\u00e9e":"1 minute"},"schema":{"@context":"https:\/\/schema.org","@graph":[{"@type":"WebPage","@id":"https:\/\/www.hoogstra-autosport.nl\/product\/kirkey-stoel-drag-17-inch\/","url":"https:\/\/www.hoogstra-autosport.nl\/product\/kirkey-stoel-drag-17-inch\/","name":"Kirkey Stoel Drag 17 inch - Hoogstra Autosport","isPartOf":{"@id":"https:\/\/www.hoogstra-autosport.nl\/#website"},"primaryImageOfPage":{"@id":"https:\/\/www.hoogstra-autosport.nl\/product\/kirkey-stoel-drag-17-inch\/#primaryimage"},"image":{"@id":"https:\/\/www.hoogstra-autosport.nl\/product\/kirkey-stoel-drag-17-inch\/#primaryimage"},"thumbnailUrl":"https:\/\/www.hoogstra-autosport.nl\/teamkoen\/wp-content\/uploads\/2015\/01\/Kirkey-drag-stoel-1.jpg","datePublished":"2015-01-02T11:17:52+00:00","dateModified":"2025-12-11T14:43:24+00:00","description":"Kirkey stoel aluminium","breadcrumb":{"@id":"https:\/\/www.hoogstra-autosport.nl\/product\/kirkey-stoel-drag-17-inch\/#breadcrumb"},"inLanguage":"fr-FR","potentialAction":[{"@type":"ReadAction","target":["https:\/\/www.hoogstra-autosport.nl\/product\/kirkey-stoel-drag-17-inch\/"]}]},{"@type":"ImageObject","inLanguage":"fr-FR","@id":"https:\/\/www.hoogstra-autosport.nl\/product\/kirkey-stoel-drag-17-inch\/#primaryimage","url":"https:\/\/www.hoogstra-autosport.nl\/teamkoen\/wp-content\/uploads\/2015\/01\/Kirkey-drag-stoel-1.jpg","contentUrl":"https:\/\/www.hoogstra-autosport.nl\/teamkoen\/wp-content\/uploads\/2015\/01\/Kirkey-drag-stoel-1.jpg","width":1000,"height":1000},{"@type":"BreadcrumbList","@id":"https:\/\/www.hoogstra-autosport.nl\/product\/kirkey-stoel-drag-17-inch\/#breadcrumb","itemListElement":[{"@type":"ListItem","position":1,"name":"Home","item":"https:\/\/www.hoogstra-autosport.nl\/"},{"@type":"ListItem","position":2,"name":"Interieur","item":"https:\/\/www.hoogstra-autosport.nl\/product-categorie\/remmen-brandstof-tanken\/"},{"@type":"ListItem","position":3,"name":"Stoelen","item":"https:\/\/www.hoogstra-autosport.nl\/product-categorie\/remmen-brandstof-tanken\/stoelen\/"},{"@type":"ListItem","position":4,"name":"Kirkey Stoelen","item":"https:\/\/www.hoogstra-autosport.nl\/product-categorie\/remmen-brandstof-tanken\/stoelen\/kirkey-stoelen\/"},{"@type":"ListItem","position":5,"name":"Kirkey Drag Type","item":"https:\/\/www.hoogstra-autosport.nl\/product-categorie\/remmen-brandstof-tanken\/stoelen\/kirkey-stoelen\/kirkey-drag-type\/"},{"@type":"ListItem","position":6,"name":"Kirkey Stoel Drag 17 inch"}]},{"@type":"WebSite","@id":"https:\/\/www.hoogstra-autosport.nl\/#website","url":"https:\/\/www.hoogstra-autosport.nl\/","name":"Hoogstra Autosport","description":"Performance Autosport Parts!","potentialAction":[{"@type":"SearchAction","target":{"@type":"EntryPoint","urlTemplate":"https:\/\/www.hoogstra-autosport.nl\/?s={search_term_string}"},"query-input":{"@type":"PropertyValueSpecification","valueRequired":true,"valueName":"search_term_string"}}],"inLanguage":"fr-FR"}]}},"tiered_pricing_type":"fixed","tiered_pricing_fixed_rules":[],"tiered_pricing_product_settings":{"layout":"default","base_unit_name":{"singular":null,"plural":null},"default_variation":null},"tiered_pricing_minimum_quantity":null,"tiered_pricing_roles_data":[],"tiered_pricing_percentage_rules":[],"tiered_pricing_maximum_quantity":null,"tiered_pricing_quantity_step":null,"_links":{"self":[{"href":"https:\/\/www.hoogstra-autosport.nl\/fr\/wp-json\/wp\/v2\/product\/8099","targetHints":{"allow":["GET"]}}],"collection":[{"href":"https:\/\/www.hoogstra-autosport.nl\/fr\/wp-json\/wp\/v2\/product"}],"about":[{"href":"https:\/\/www.hoogstra-autosport.nl\/fr\/wp-json\/wp\/v2\/types\/product"}],"wp:featuredmedia":[{"embeddable":true,"href":"https:\/\/www.hoogstra-autosport.nl\/fr\/wp-json\/wp\/v2\/media\/95059"}],"wp:attachment":[{"href":"https:\/\/www.hoogstra-autosport.nl\/fr\/wp-json\/wp\/v2\/media?parent=8099"}],"wp:term":[{"taxonomy":"product_brand","embeddable":true,"href":"https:\/\/www.hoogstra-autosport.nl\/fr\/wp-json\/wp\/v2\/product_brand?post=8099"},{"taxonomy":"product_cat","embeddable":true,"href":"https:\/\/www.hoogstra-autosport.nl\/fr\/wp-json\/wp\/v2\/product_cat?post=8099"},{"taxonomy":"product_tag","embeddable":true,"href":"https:\/\/www.hoogstra-autosport.nl\/fr\/wp-json\/wp\/v2\/product_tag?post=8099"}],"curies":[{"name":"wp","href":"https:\/\/api.w.org\/{rel}","templated":true}]}}