{"id":80861,"date":"2025-02-11T09:50:49","date_gmt":"2025-02-11T08:50:49","guid":{"rendered":"https:\/\/www.hoogstra-autosport.nl\/?post_type=product&#038;p=80861"},"modified":"2025-11-24T15:59:59","modified_gmt":"2025-11-24T14:59:59","slug":"hh-velg-14-inch-8j-black","status":"publish","type":"product","link":"https:\/\/www.hoogstra-autosport.nl\/fr\/produit\/hh-velg-14-inch-8j-black\/","title":{"rendered":"Roue H&amp;H 14 pouces 8J Noir"},"content":{"rendered":"<p>Roues H&amp;H<\/p>\n<p>Bague en argent rev\u00eatue de noir<\/p>\n<p>8J<\/p>\n<p>14X8<\/p>\n<p>poids : 7.8 KG<\/p>\n<p>Les jantes sont fournies en standard avec des boulons M8 \u00e0 6 c\u00f4t\u00e9s.<\/p>\n<p>peut \u00eatre fourni avec des vis \u00e0 t\u00eate ronde voir option<\/p>\n<p>&nbsp;<\/p>\n<p>peuvent \u00eatre command\u00e9s en diff\u00e9rentes tailles de points :<\/p>\n<p>4\u00d7100 M14<\/p>\n<p>4\u00d7100 M12<\/p>\n<p>4x 108 M14<\/p>\n<p>4x 108 M12<\/p>\n<p>4\u00d7114,3 M12<\/p>\n<p>4x 114.3 M14<\/p>\n<p>&nbsp;<\/p>\n<p>5\u00d7100 M12<\/p>\n<p>5\u00d7100 M14<\/p>\n<p>5\u00d7112 M12<\/p>\n<p>5\u00d7112 M14<\/p>\n<p>5\u00d7114,3 M14<\/p>\n<p>5\u00d7114,3 M12<\/p>\n<p>5\u00d7120 M14<\/p>\n<p>5x130M14<\/p>\n<p>&nbsp;<\/p>\n<p>Prix par pi\u00e8ce !<\/p>\n<p>Remarque !<\/p>\n<p>D\u00e9lai de livraison : fin mars 2025 !<\/p>\n<p>&nbsp;<\/p>","protected":false},"excerpt":{"rendered":"<p>H&amp;H Wheels Black Coated Zilver Ring 8J 14X8 gewicht : 7,8 KG Velgen worden standaard geleverd met M8 6 kant bouten kunnen geleverd worden met bolkop inbusbouten zie optie &nbsp; te bestellen in diverse steekmaten: 4&#215;100 M14 4&#215;100 M12 4x 108 M14 4x 108 M12 4&#215;114,3 M12 4x 114,3 M14 &nbsp; 5&#215;100 M12 5&#215;100 M14 [&hellip;]<\/p>\n","protected":false},"featured_media":80454,"template":"","meta":{"_acf_changed":false},"product_brand":[],"product_cat":[3782],"product_tag":[],"class_list":{"0":"post-80861","1":"product","2":"type-product","3":"status-publish","4":"has-post-thumbnail","6":"product_cat-velgen-autosport","7":"product_shipping_class-4017","9":"first","10":"instock","11":"taxable","12":"shipping-taxable","13":"purchasable","14":"product-type-variable","15":"has-default-attributes"},"acf":[],"yoast_head":"<!-- This site is optimized with the Yoast SEO plugin v27.1.1 - https:\/\/yoast.com\/product\/yoast-seo-wordpress\/ -->\n<title>H&amp;H Velg 14 inch 8J Black - Hoogstra Autosport<\/title>\n<meta name=\"robots\" content=\"index, follow, max-snippet:-1, max-image-preview:large, max-video-preview:-1\" \/>\n<link rel=\"canonical\" href=\"https:\/\/www.hoogstra-autosport.nl\/fr\/produit\/hh-velg-14-inch-8j-black\/\" \/>\n<meta property=\"og:locale\" content=\"fr_FR\" \/>\n<meta property=\"og:type\" content=\"article\" \/>\n<meta property=\"og:title\" content=\"H&amp;H Velg 14 inch 8J Black - Hoogstra Autosport\" \/>\n<meta property=\"og:description\" content=\"H&amp;H Wheels Black Coated Zilver Ring 8J 14X8 gewicht : 7,8 KG Velgen worden standaard geleverd met M8 6 kant bouten kunnen geleverd worden met bolkop inbusbouten zie optie &nbsp; te bestellen in diverse steekmaten: 4&#215;100 M14 4&#215;100 M12 4x 108 M14 4x 108 M12 4&#215;114,3 M12 4x 114,3 M14 &nbsp; 5&#215;100 M12 5&#215;100 M14 [&hellip;]\" \/>\n<meta property=\"og:url\" content=\"https:\/\/www.hoogstra-autosport.nl\/fr\/produit\/hh-velg-14-inch-8j-black\/\" \/>\n<meta property=\"og:site_name\" content=\"Hoogstra Autosport\" \/>\n<meta property=\"article:modified_time\" content=\"2025-11-24T14:59:59+00:00\" \/>\n<meta property=\"og:image\" content=\"https:\/\/www.hoogstra-autosport.nl\/teamkoen\/wp-content\/uploads\/2025\/02\/original-EE2CF630-525A-4342-BF21-D37DF67B7B5E.jpeg\" \/>\n\t<meta property=\"og:image:width\" content=\"1170\" \/>\n\t<meta property=\"og:image:height\" content=\"1170\" \/>\n\t<meta property=\"og:image:type\" content=\"image\/jpeg\" \/>\n<meta name=\"twitter:card\" content=\"summary_large_image\" \/>\n<meta name=\"twitter:label1\" content=\"Dur\u00e9e de lecture estim\u00e9e\" \/>\n\t<meta name=\"twitter:data1\" content=\"1 minute\" \/>\n<script type=\"application\/ld+json\" class=\"yoast-schema-graph\">{\"@context\":\"https:\/\/schema.org\",\"@graph\":[{\"@type\":\"WebPage\",\"@id\":\"https:\/\/www.hoogstra-autosport.nl\/product\/hh-velg-14-inch-8j-black\/\",\"url\":\"https:\/\/www.hoogstra-autosport.nl\/product\/hh-velg-14-inch-8j-black\/\",\"name\":\"H&H Velg 14 inch 8J Black - Hoogstra Autosport\",\"isPartOf\":{\"@id\":\"https:\/\/www.hoogstra-autosport.nl\/#website\"},\"primaryImageOfPage\":{\"@id\":\"https:\/\/www.hoogstra-autosport.nl\/product\/hh-velg-14-inch-8j-black\/#primaryimage\"},\"image\":{\"@id\":\"https:\/\/www.hoogstra-autosport.nl\/product\/hh-velg-14-inch-8j-black\/#primaryimage\"},\"thumbnailUrl\":\"https:\/\/www.hoogstra-autosport.nl\/teamkoen\/wp-content\/uploads\/2025\/02\/original-EE2CF630-525A-4342-BF21-D37DF67B7B5E.jpeg\",\"datePublished\":\"2025-02-11T08:50:49+00:00\",\"dateModified\":\"2025-11-24T14:59:59+00:00\",\"breadcrumb\":{\"@id\":\"https:\/\/www.hoogstra-autosport.nl\/product\/hh-velg-14-inch-8j-black\/#breadcrumb\"},\"inLanguage\":\"fr-FR\",\"potentialAction\":[{\"@type\":\"ReadAction\",\"target\":[\"https:\/\/www.hoogstra-autosport.nl\/product\/hh-velg-14-inch-8j-black\/\"]}]},{\"@type\":\"ImageObject\",\"inLanguage\":\"fr-FR\",\"@id\":\"https:\/\/www.hoogstra-autosport.nl\/product\/hh-velg-14-inch-8j-black\/#primaryimage\",\"url\":\"https:\/\/www.hoogstra-autosport.nl\/teamkoen\/wp-content\/uploads\/2025\/02\/original-EE2CF630-525A-4342-BF21-D37DF67B7B5E.jpeg\",\"contentUrl\":\"https:\/\/www.hoogstra-autosport.nl\/teamkoen\/wp-content\/uploads\/2025\/02\/original-EE2CF630-525A-4342-BF21-D37DF67B7B5E.jpeg\",\"width\":1170,\"height\":1170},{\"@type\":\"BreadcrumbList\",\"@id\":\"https:\/\/www.hoogstra-autosport.nl\/product\/hh-velg-14-inch-8j-black\/#breadcrumb\",\"itemListElement\":[{\"@type\":\"ListItem\",\"position\":1,\"name\":\"Home\",\"item\":\"https:\/\/www.hoogstra-autosport.nl\/\"},{\"@type\":\"ListItem\",\"position\":2,\"name\":\"Banden &amp; Velgen\",\"item\":\"https:\/\/www.hoogstra-autosport.nl\/product-categorie\/autocrossbanden-en-velgen\/\"},{\"@type\":\"ListItem\",\"position\":3,\"name\":\"Velgen Autosport\",\"item\":\"https:\/\/www.hoogstra-autosport.nl\/product-categorie\/autocrossbanden-en-velgen\/velgen-autosport\/\"},{\"@type\":\"ListItem\",\"position\":4,\"name\":\"H&#038;H Velg 14 inch 8J Black\"}]},{\"@type\":\"WebSite\",\"@id\":\"https:\/\/www.hoogstra-autosport.nl\/#website\",\"url\":\"https:\/\/www.hoogstra-autosport.nl\/\",\"name\":\"Hoogstra Autosport\",\"description\":\"Performance Autosport Parts!\",\"potentialAction\":[{\"@type\":\"SearchAction\",\"target\":{\"@type\":\"EntryPoint\",\"urlTemplate\":\"https:\/\/www.hoogstra-autosport.nl\/?s={search_term_string}\"},\"query-input\":{\"@type\":\"PropertyValueSpecification\",\"valueRequired\":true,\"valueName\":\"search_term_string\"}}],\"inLanguage\":\"fr-FR\"}]}<\/script>\n<!-- \/ Yoast SEO plugin. -->","yoast_head_json":{"title":"H&H Velg 14 inch 8J Black - Hoogstra Autosport","robots":{"index":"index","follow":"follow","max-snippet":"max-snippet:-1","max-image-preview":"max-image-preview:large","max-video-preview":"max-video-preview:-1"},"canonical":"https:\/\/www.hoogstra-autosport.nl\/fr\/produit\/hh-velg-14-inch-8j-black\/","og_locale":"fr_FR","og_type":"article","og_title":"H&H Velg 14 inch 8J Black - Hoogstra Autosport","og_description":"H&amp;H Wheels Black Coated Zilver Ring 8J 14X8 gewicht : 7,8 KG Velgen worden standaard geleverd met M8 6 kant bouten kunnen geleverd worden met bolkop inbusbouten zie optie &nbsp; te bestellen in diverse steekmaten: 4&#215;100 M14 4&#215;100 M12 4x 108 M14 4x 108 M12 4&#215;114,3 M12 4x 114,3 M14 &nbsp; 5&#215;100 M12 5&#215;100 M14 [&hellip;]","og_url":"https:\/\/www.hoogstra-autosport.nl\/fr\/produit\/hh-velg-14-inch-8j-black\/","og_site_name":"Hoogstra Autosport","article_modified_time":"2025-11-24T14:59:59+00:00","og_image":[{"width":1170,"height":1170,"url":"https:\/\/www.hoogstra-autosport.nl\/teamkoen\/wp-content\/uploads\/2025\/02\/original-EE2CF630-525A-4342-BF21-D37DF67B7B5E.jpeg","type":"image\/jpeg"}],"twitter_card":"summary_large_image","twitter_misc":{"Dur\u00e9e de lecture estim\u00e9e":"1 minute"},"schema":{"@context":"https:\/\/schema.org","@graph":[{"@type":"WebPage","@id":"https:\/\/www.hoogstra-autosport.nl\/product\/hh-velg-14-inch-8j-black\/","url":"https:\/\/www.hoogstra-autosport.nl\/product\/hh-velg-14-inch-8j-black\/","name":"H&H Velg 14 inch 8J Black - Hoogstra Autosport","isPartOf":{"@id":"https:\/\/www.hoogstra-autosport.nl\/#website"},"primaryImageOfPage":{"@id":"https:\/\/www.hoogstra-autosport.nl\/product\/hh-velg-14-inch-8j-black\/#primaryimage"},"image":{"@id":"https:\/\/www.hoogstra-autosport.nl\/product\/hh-velg-14-inch-8j-black\/#primaryimage"},"thumbnailUrl":"https:\/\/www.hoogstra-autosport.nl\/teamkoen\/wp-content\/uploads\/2025\/02\/original-EE2CF630-525A-4342-BF21-D37DF67B7B5E.jpeg","datePublished":"2025-02-11T08:50:49+00:00","dateModified":"2025-11-24T14:59:59+00:00","breadcrumb":{"@id":"https:\/\/www.hoogstra-autosport.nl\/product\/hh-velg-14-inch-8j-black\/#breadcrumb"},"inLanguage":"fr-FR","potentialAction":[{"@type":"ReadAction","target":["https:\/\/www.hoogstra-autosport.nl\/product\/hh-velg-14-inch-8j-black\/"]}]},{"@type":"ImageObject","inLanguage":"fr-FR","@id":"https:\/\/www.hoogstra-autosport.nl\/product\/hh-velg-14-inch-8j-black\/#primaryimage","url":"https:\/\/www.hoogstra-autosport.nl\/teamkoen\/wp-content\/uploads\/2025\/02\/original-EE2CF630-525A-4342-BF21-D37DF67B7B5E.jpeg","contentUrl":"https:\/\/www.hoogstra-autosport.nl\/teamkoen\/wp-content\/uploads\/2025\/02\/original-EE2CF630-525A-4342-BF21-D37DF67B7B5E.jpeg","width":1170,"height":1170},{"@type":"BreadcrumbList","@id":"https:\/\/www.hoogstra-autosport.nl\/product\/hh-velg-14-inch-8j-black\/#breadcrumb","itemListElement":[{"@type":"ListItem","position":1,"name":"Home","item":"https:\/\/www.hoogstra-autosport.nl\/"},{"@type":"ListItem","position":2,"name":"Banden &amp; Velgen","item":"https:\/\/www.hoogstra-autosport.nl\/product-categorie\/autocrossbanden-en-velgen\/"},{"@type":"ListItem","position":3,"name":"Velgen Autosport","item":"https:\/\/www.hoogstra-autosport.nl\/product-categorie\/autocrossbanden-en-velgen\/velgen-autosport\/"},{"@type":"ListItem","position":4,"name":"H&#038;H Velg 14 inch 8J Black"}]},{"@type":"WebSite","@id":"https:\/\/www.hoogstra-autosport.nl\/#website","url":"https:\/\/www.hoogstra-autosport.nl\/","name":"Hoogstra Autosport","description":"Performance Autosport Parts!","potentialAction":[{"@type":"SearchAction","target":{"@type":"EntryPoint","urlTemplate":"https:\/\/www.hoogstra-autosport.nl\/?s={search_term_string}"},"query-input":{"@type":"PropertyValueSpecification","valueRequired":true,"valueName":"search_term_string"}}],"inLanguage":"fr-FR"}]}},"tiered_pricing_type":"fixed","tiered_pricing_fixed_rules":[],"tiered_pricing_product_settings":{"layout":"default","base_unit_name":{"singular":null,"plural":null},"default_variation":null},"tiered_pricing_minimum_quantity":null,"tiered_pricing_roles_data":[],"tiered_pricing_percentage_rules":[],"tiered_pricing_maximum_quantity":null,"tiered_pricing_quantity_step":null,"_links":{"self":[{"href":"https:\/\/www.hoogstra-autosport.nl\/fr\/wp-json\/wp\/v2\/product\/80861","targetHints":{"allow":["GET"]}}],"collection":[{"href":"https:\/\/www.hoogstra-autosport.nl\/fr\/wp-json\/wp\/v2\/product"}],"about":[{"href":"https:\/\/www.hoogstra-autosport.nl\/fr\/wp-json\/wp\/v2\/types\/product"}],"wp:featuredmedia":[{"embeddable":true,"href":"https:\/\/www.hoogstra-autosport.nl\/fr\/wp-json\/wp\/v2\/media\/80454"}],"wp:attachment":[{"href":"https:\/\/www.hoogstra-autosport.nl\/fr\/wp-json\/wp\/v2\/media?parent=80861"}],"wp:term":[{"taxonomy":"product_brand","embeddable":true,"href":"https:\/\/www.hoogstra-autosport.nl\/fr\/wp-json\/wp\/v2\/product_brand?post=80861"},{"taxonomy":"product_cat","embeddable":true,"href":"https:\/\/www.hoogstra-autosport.nl\/fr\/wp-json\/wp\/v2\/product_cat?post=80861"},{"taxonomy":"product_tag","embeddable":true,"href":"https:\/\/www.hoogstra-autosport.nl\/fr\/wp-json\/wp\/v2\/product_tag?post=80861"}],"curies":[{"name":"wp","href":"https:\/\/api.w.org\/{rel}","templated":true}]}}