{"id":8065,"date":"2014-12-18T22:31:40","date_gmt":"2014-12-18T21:31:40","guid":{"rendered":"http:\/\/hoogstra-autosport.nl\/?product=pedaal-box-obp-racing"},"modified":"2025-12-12T10:44:56","modified_gmt":"2025-12-12T09:44:56","slug":"pedaal-box-obp-racing","status":"publish","type":"product","link":"https:\/\/www.hoogstra-autosport.nl\/fr\/produit\/pedaal-box-obp-racing\/","title":{"rendered":"Bo\u00eete \u00e0 p\u00e9dale OBP racing"},"content":{"rendered":"<p>Bo\u00eete \u00e0 p\u00e9dales Kitcar<\/p>\n<p>Comprend 3 cylindres principaux<\/p>\n<p>Largeur 24 cm<\/p>\n<p>Hauteur 28 cm<\/p>\n<p>Les cylindres filet\u00e9s ont une sortie de 3\/8 et une entr\u00e9e de 7\/16.<\/p>\n<p>EMBRAYAGE HYDRAULIQUE<\/p>\n<p>Kit Car Pedal Box Universal Car Fitment, ce p\u00e9dalier s'adapte \u00e0 tous les types de Kit Car. MNR, Luego, Tiger, MK, Westfield, Locost, Haynes Roadster, etc.<br \/>\nLe p\u00e9dalier est dot\u00e9 d'une d\u00e9coupe de 25 mm x 25 mm \u00e0 l'arri\u00e8re pour s'adapter au rail inf\u00e9rieur du compartiment des pieds.<br \/>\nL'unit\u00e9 s'installe sur la cloison et se boulonne au sol.<br \/>\nCette unit\u00e9 a \u00e9t\u00e9 con\u00e7ue et fabriqu\u00e9e par obp, le principal fabricant europ\u00e9en de bo\u00eetes \u00e0 p\u00e9dales, sp\u00e9cialement pour les amateurs de Kit Car.<br \/>\nIl s'agit d'un prix sp\u00e9cial, \u00e0 saisir dans la limite des stocks disponibles.<br \/>\nDimensions : Largeur 242 mm, Hauteur avec p\u00e9dales 275 mm, Profondeur 130 mm (dimensions approximatives)<br \/>\nContenu du kit : bo\u00eete \u00e0 p\u00e9dales avec 3 p\u00e9dales avec une finition en peinture poudre professionnelle, barre biaise, 3 x ma\u00eetres-cylindres.<\/p>","protected":false},"excerpt":{"rendered":"<p>Kitcar pedaal box Inclusief 3 hoofd cilinders Breed 24 cm Hoog 28 cm Draad cilinders is 3\/8 uitgang en 7\/16 ingang HYDRAULIC CLUTCH Kit Car Pedal Box Universal Car Fitment, this will fit all types of Kit Car. MNR, Luego, Tiger, MK, Westfield, Locost, Haynes Roadster etc. The pedal box comes with a 25mm x [&hellip;]<\/p>\n","protected":false},"featured_media":95198,"template":"","meta":{"_acf_changed":false},"product_brand":[],"product_cat":[2761],"product_tag":[],"class_list":{"0":"post-8065","1":"product","2":"type-product","3":"status-publish","4":"has-post-thumbnail","6":"product_cat-pedaal-boxen","7":"product_shipping_class-4016","9":"first","10":"instock","11":"taxable","12":"shipping-taxable","13":"purchasable","14":"product-type-simple"},"acf":[],"yoast_head":"<!-- This site is optimized with the Yoast SEO plugin v27.1.1 - https:\/\/yoast.com\/product\/yoast-seo-wordpress\/ -->\n<title>Pedaal Box OBP racing - Hoogstra Autosport<\/title>\n<meta name=\"robots\" content=\"index, follow, max-snippet:-1, max-image-preview:large, max-video-preview:-1\" \/>\n<link rel=\"canonical\" href=\"https:\/\/www.hoogstra-autosport.nl\/fr\/produit\/pedaal-box-obp-racing\/\" \/>\n<meta property=\"og:locale\" content=\"fr_FR\" \/>\n<meta property=\"og:type\" content=\"article\" \/>\n<meta property=\"og:title\" content=\"Pedaal Box OBP racing - Hoogstra Autosport\" \/>\n<meta property=\"og:description\" content=\"Kitcar pedaal box Inclusief 3 hoofd cilinders Breed 24 cm Hoog 28 cm Draad cilinders is 3\/8 uitgang en 7\/16 ingang HYDRAULIC CLUTCH Kit Car Pedal Box Universal Car Fitment, this will fit all types of Kit Car. MNR, Luego, Tiger, MK, Westfield, Locost, Haynes Roadster etc. The pedal box comes with a 25mm x [&hellip;]\" \/>\n<meta property=\"og:url\" content=\"https:\/\/www.hoogstra-autosport.nl\/fr\/produit\/pedaal-box-obp-racing\/\" \/>\n<meta property=\"og:site_name\" content=\"Hoogstra Autosport\" \/>\n<meta property=\"article:modified_time\" content=\"2025-12-12T09:44:56+00:00\" \/>\n<meta property=\"og:image\" content=\"https:\/\/www.hoogstra-autosport.nl\/teamkoen\/wp-content\/uploads\/2014\/12\/Untitled-Project-76.jpg\" \/>\n\t<meta property=\"og:image:width\" content=\"1080\" \/>\n\t<meta property=\"og:image:height\" content=\"1080\" \/>\n\t<meta property=\"og:image:type\" content=\"image\/jpeg\" \/>\n<meta name=\"twitter:card\" content=\"summary_large_image\" \/>\n<meta name=\"twitter:label1\" content=\"Dur\u00e9e de lecture estim\u00e9e\" \/>\n\t<meta name=\"twitter:data1\" content=\"1 minute\" \/>\n<script type=\"application\/ld+json\" class=\"yoast-schema-graph\">{\"@context\":\"https:\/\/schema.org\",\"@graph\":[{\"@type\":\"WebPage\",\"@id\":\"https:\/\/www.hoogstra-autosport.nl\/product\/pedaal-box-obp-racing\/\",\"url\":\"https:\/\/www.hoogstra-autosport.nl\/product\/pedaal-box-obp-racing\/\",\"name\":\"Pedaal Box OBP racing - Hoogstra Autosport\",\"isPartOf\":{\"@id\":\"https:\/\/www.hoogstra-autosport.nl\/#website\"},\"primaryImageOfPage\":{\"@id\":\"https:\/\/www.hoogstra-autosport.nl\/product\/pedaal-box-obp-racing\/#primaryimage\"},\"image\":{\"@id\":\"https:\/\/www.hoogstra-autosport.nl\/product\/pedaal-box-obp-racing\/#primaryimage\"},\"thumbnailUrl\":\"https:\/\/www.hoogstra-autosport.nl\/teamkoen\/wp-content\/uploads\/2014\/12\/Untitled-Project-76.jpg\",\"datePublished\":\"2014-12-18T21:31:40+00:00\",\"dateModified\":\"2025-12-12T09:44:56+00:00\",\"breadcrumb\":{\"@id\":\"https:\/\/www.hoogstra-autosport.nl\/product\/pedaal-box-obp-racing\/#breadcrumb\"},\"inLanguage\":\"fr-FR\",\"potentialAction\":[{\"@type\":\"ReadAction\",\"target\":[\"https:\/\/www.hoogstra-autosport.nl\/product\/pedaal-box-obp-racing\/\"]}]},{\"@type\":\"ImageObject\",\"inLanguage\":\"fr-FR\",\"@id\":\"https:\/\/www.hoogstra-autosport.nl\/product\/pedaal-box-obp-racing\/#primaryimage\",\"url\":\"https:\/\/www.hoogstra-autosport.nl\/teamkoen\/wp-content\/uploads\/2014\/12\/Untitled-Project-76.jpg\",\"contentUrl\":\"https:\/\/www.hoogstra-autosport.nl\/teamkoen\/wp-content\/uploads\/2014\/12\/Untitled-Project-76.jpg\",\"width\":1080,\"height\":1080},{\"@type\":\"BreadcrumbList\",\"@id\":\"https:\/\/www.hoogstra-autosport.nl\/product\/pedaal-box-obp-racing\/#breadcrumb\",\"itemListElement\":[{\"@type\":\"ListItem\",\"position\":1,\"name\":\"Home\",\"item\":\"https:\/\/www.hoogstra-autosport.nl\/\"},{\"@type\":\"ListItem\",\"position\":2,\"name\":\"Remmen\",\"item\":\"https:\/\/www.hoogstra-autosport.nl\/product-categorie\/remmen-2\/\"},{\"@type\":\"ListItem\",\"position\":3,\"name\":\"Pedaal Boxen\",\"item\":\"https:\/\/www.hoogstra-autosport.nl\/product-categorie\/remmen-2\/pedaal-boxen\/\"},{\"@type\":\"ListItem\",\"position\":4,\"name\":\"Pedaal Box OBP racing\"}]},{\"@type\":\"WebSite\",\"@id\":\"https:\/\/www.hoogstra-autosport.nl\/#website\",\"url\":\"https:\/\/www.hoogstra-autosport.nl\/\",\"name\":\"Hoogstra Autosport\",\"description\":\"Performance Autosport Parts!\",\"potentialAction\":[{\"@type\":\"SearchAction\",\"target\":{\"@type\":\"EntryPoint\",\"urlTemplate\":\"https:\/\/www.hoogstra-autosport.nl\/?s={search_term_string}\"},\"query-input\":{\"@type\":\"PropertyValueSpecification\",\"valueRequired\":true,\"valueName\":\"search_term_string\"}}],\"inLanguage\":\"fr-FR\"}]}<\/script>\n<!-- \/ Yoast SEO plugin. -->","yoast_head_json":{"title":"Pedaal Box OBP racing - Hoogstra Autosport","robots":{"index":"index","follow":"follow","max-snippet":"max-snippet:-1","max-image-preview":"max-image-preview:large","max-video-preview":"max-video-preview:-1"},"canonical":"https:\/\/www.hoogstra-autosport.nl\/fr\/produit\/pedaal-box-obp-racing\/","og_locale":"fr_FR","og_type":"article","og_title":"Pedaal Box OBP racing - Hoogstra Autosport","og_description":"Kitcar pedaal box Inclusief 3 hoofd cilinders Breed 24 cm Hoog 28 cm Draad cilinders is 3\/8 uitgang en 7\/16 ingang HYDRAULIC CLUTCH Kit Car Pedal Box Universal Car Fitment, this will fit all types of Kit Car. MNR, Luego, Tiger, MK, Westfield, Locost, Haynes Roadster etc. The pedal box comes with a 25mm x [&hellip;]","og_url":"https:\/\/www.hoogstra-autosport.nl\/fr\/produit\/pedaal-box-obp-racing\/","og_site_name":"Hoogstra Autosport","article_modified_time":"2025-12-12T09:44:56+00:00","og_image":[{"width":1080,"height":1080,"url":"https:\/\/www.hoogstra-autosport.nl\/teamkoen\/wp-content\/uploads\/2014\/12\/Untitled-Project-76.jpg","type":"image\/jpeg"}],"twitter_card":"summary_large_image","twitter_misc":{"Dur\u00e9e de lecture estim\u00e9e":"1 minute"},"schema":{"@context":"https:\/\/schema.org","@graph":[{"@type":"WebPage","@id":"https:\/\/www.hoogstra-autosport.nl\/product\/pedaal-box-obp-racing\/","url":"https:\/\/www.hoogstra-autosport.nl\/product\/pedaal-box-obp-racing\/","name":"Pedaal Box OBP racing - Hoogstra Autosport","isPartOf":{"@id":"https:\/\/www.hoogstra-autosport.nl\/#website"},"primaryImageOfPage":{"@id":"https:\/\/www.hoogstra-autosport.nl\/product\/pedaal-box-obp-racing\/#primaryimage"},"image":{"@id":"https:\/\/www.hoogstra-autosport.nl\/product\/pedaal-box-obp-racing\/#primaryimage"},"thumbnailUrl":"https:\/\/www.hoogstra-autosport.nl\/teamkoen\/wp-content\/uploads\/2014\/12\/Untitled-Project-76.jpg","datePublished":"2014-12-18T21:31:40+00:00","dateModified":"2025-12-12T09:44:56+00:00","breadcrumb":{"@id":"https:\/\/www.hoogstra-autosport.nl\/product\/pedaal-box-obp-racing\/#breadcrumb"},"inLanguage":"fr-FR","potentialAction":[{"@type":"ReadAction","target":["https:\/\/www.hoogstra-autosport.nl\/product\/pedaal-box-obp-racing\/"]}]},{"@type":"ImageObject","inLanguage":"fr-FR","@id":"https:\/\/www.hoogstra-autosport.nl\/product\/pedaal-box-obp-racing\/#primaryimage","url":"https:\/\/www.hoogstra-autosport.nl\/teamkoen\/wp-content\/uploads\/2014\/12\/Untitled-Project-76.jpg","contentUrl":"https:\/\/www.hoogstra-autosport.nl\/teamkoen\/wp-content\/uploads\/2014\/12\/Untitled-Project-76.jpg","width":1080,"height":1080},{"@type":"BreadcrumbList","@id":"https:\/\/www.hoogstra-autosport.nl\/product\/pedaal-box-obp-racing\/#breadcrumb","itemListElement":[{"@type":"ListItem","position":1,"name":"Home","item":"https:\/\/www.hoogstra-autosport.nl\/"},{"@type":"ListItem","position":2,"name":"Remmen","item":"https:\/\/www.hoogstra-autosport.nl\/product-categorie\/remmen-2\/"},{"@type":"ListItem","position":3,"name":"Pedaal Boxen","item":"https:\/\/www.hoogstra-autosport.nl\/product-categorie\/remmen-2\/pedaal-boxen\/"},{"@type":"ListItem","position":4,"name":"Pedaal Box OBP racing"}]},{"@type":"WebSite","@id":"https:\/\/www.hoogstra-autosport.nl\/#website","url":"https:\/\/www.hoogstra-autosport.nl\/","name":"Hoogstra Autosport","description":"Performance Autosport Parts!","potentialAction":[{"@type":"SearchAction","target":{"@type":"EntryPoint","urlTemplate":"https:\/\/www.hoogstra-autosport.nl\/?s={search_term_string}"},"query-input":{"@type":"PropertyValueSpecification","valueRequired":true,"valueName":"search_term_string"}}],"inLanguage":"fr-FR"}]}},"tiered_pricing_type":"fixed","tiered_pricing_fixed_rules":[],"tiered_pricing_product_settings":{"layout":"default","base_unit_name":{"singular":null,"plural":null},"default_variation":null},"tiered_pricing_minimum_quantity":null,"tiered_pricing_roles_data":[],"tiered_pricing_percentage_rules":[],"tiered_pricing_maximum_quantity":null,"tiered_pricing_quantity_step":null,"_links":{"self":[{"href":"https:\/\/www.hoogstra-autosport.nl\/fr\/wp-json\/wp\/v2\/product\/8065","targetHints":{"allow":["GET"]}}],"collection":[{"href":"https:\/\/www.hoogstra-autosport.nl\/fr\/wp-json\/wp\/v2\/product"}],"about":[{"href":"https:\/\/www.hoogstra-autosport.nl\/fr\/wp-json\/wp\/v2\/types\/product"}],"wp:featuredmedia":[{"embeddable":true,"href":"https:\/\/www.hoogstra-autosport.nl\/fr\/wp-json\/wp\/v2\/media\/95198"}],"wp:attachment":[{"href":"https:\/\/www.hoogstra-autosport.nl\/fr\/wp-json\/wp\/v2\/media?parent=8065"}],"wp:term":[{"taxonomy":"product_brand","embeddable":true,"href":"https:\/\/www.hoogstra-autosport.nl\/fr\/wp-json\/wp\/v2\/product_brand?post=8065"},{"taxonomy":"product_cat","embeddable":true,"href":"https:\/\/www.hoogstra-autosport.nl\/fr\/wp-json\/wp\/v2\/product_cat?post=8065"},{"taxonomy":"product_tag","embeddable":true,"href":"https:\/\/www.hoogstra-autosport.nl\/fr\/wp-json\/wp\/v2\/product_tag?post=8065"}],"curies":[{"name":"wp","href":"https:\/\/api.w.org\/{rel}","templated":true}]}}