{"id":80490,"date":"2025-02-06T09:22:48","date_gmt":"2025-02-06T08:22:48","guid":{"rendered":"https:\/\/www.hoogstra-autosport.nl\/?post_type=product&#038;p=80490"},"modified":"2025-11-14T09:39:17","modified_gmt":"2025-11-14T08:39:17","slug":"sparco-combi-deal","status":"publish","type":"product","link":"https:\/\/www.hoogstra-autosport.nl\/fr\/produit\/sparco-combi-deal\/","title":{"rendered":"Offre Sparco Combi"},"content":{"rendered":"<div id=\"tab-description\" class=\"woocommerce-Tabs-panel woocommerce-Tabs-panel--description panel entry-content wc-tab\" role=\"tabpanel\" aria-labelledby=\"tab-title-description\">\n<p>Gants<\/p>\n<p>Gr\u00e2ce \u00e0 sa coupe \u00e9troite et \u00e0 son mat\u00e9riau tr\u00e8s extensible, le LAND enveloppe la main fermement et confortablement, ce qui rend inutile l'ajout d'une fermeture suppl\u00e9mentaire. Le gant est agr\u00e9ablement l\u00e9ger et offre un contact tr\u00e8s direct avec le volant. L'int\u00e9rieur est ergonomiquement doubl\u00e9 de similicuir souple et antid\u00e9rapant.<\/p>\n<p><span class=\"jCAhz ChMk0b\"><span class=\"ryNqvb\">Gants homologu\u00e9s FIA\u00a0<\/span><\/span><span class=\"jCAhz ChMk0b\"><span class=\"ryNqvb\">Les gants de sport automobile du fabricant Sparco offrent \u00e0 leur utilisateur deux avantages : ils offrent un soutien parfait lors du travail sur le guidon, avec la meilleure prise possible et le plus grand confort, et constituent en m\u00eame temps un facteur de s\u00e9curit\u00e9 indispensable.<\/span><\/span>\u00a0<span class=\"jCAhz ChMk0b\"><span class=\"ryNqvb\">Les produits de qualit\u00e9 en provenance d'Italie, fabriqu\u00e9s en Nomex et donc ignifug\u00e9s, convainquent \u00e9galement par leur design dynamique, leurs mat\u00e9riaux de haute qualit\u00e9, leurs coutures ext\u00e9rieures, leurs rembourrages judicieusement plac\u00e9s et leurs rev\u00eatements sp\u00e9ciaux sur la paume, comme le r\u00e9volutionnaire HTX brevet\u00e9 par Sparco.<\/span><\/span><\/p>\n<p>Chaussures<\/p>\n<p><span class=\"jCAhz JxVs2d ChMk0b\"><span class=\"ryNqvb\">Information sur le produit \"Sparco rider shoe Slalom\"\u00a0<\/span><\/span><span class=\"jCAhz JxVs2d ChMk0b\"><span class=\"ryNqvb\">El\u00e9gante chaussure de slalom Sparco avec un la\u00e7age tr\u00e8s haut qui entoure parfaitement le cou-de-pied.<\/span><\/span>\u00a0<span class=\"jCAhz JxVs2d ChMk0b\"><span class=\"ryNqvb\">Particuli\u00e8rement l\u00e9g\u00e8re et confortable pour le pied, avec une coupe \u00e9troite et une semelle fine et flexible.<\/span><\/span>\u00a0<span class=\"jCAhz JxVs2d ChMk0b\"><span class=\"ryNqvb\">Le slalom d\u00e9licat est confortable \u00e0 porter et permet un contr\u00f4le optimal de la p\u00e9dale.\u00a0<\/span><\/span><span class=\"jCAhz JxVs2d ChMk0b\"><span class=\"ryNqvb\">Semelle r\u00e9sistante au p\u00e9trole et \u00e0 l'huile.<\/span><\/span><\/p>\n<\/div>\n<p>Dans l'ensemble<\/p>\n<p>Combinaison de course d'entr\u00e9e de gamme au design \u00e9l\u00e9gant et sportif. La nouvelle phase d'\u00e9volution de la combinaison SPRINT impressionne non seulement par son grand confort et les propri\u00e9t\u00e9s r\u00e9vis\u00e9es des mat\u00e9riaux, mais aussi par son excellente coupe.<\/p>\n<p>Libert\u00e9 de mouvement optimale gr\u00e2ce \u00e0 des inserts flexibles en mati\u00e8re extensible. Poignets ultral\u00e9gers et ajust\u00e9s aux bras et aux jambes. Les \u00e9paulettes, typiques du sport automobile, sont maintenues tr\u00e8s plates, ce qui rend le port d'un HANS beaucoup plus confortable. Le Sparco SPRINT offre la qualit\u00e9 \u00e9prouv\u00e9e de Sparco \u00e0 un excellent rapport qualit\u00e9-prix.<\/p>\n<p>&nbsp;<\/p>\n<div id=\"tab-additional_information\" class=\"woocommerce-Tabs-panel woocommerce-Tabs-panel--additional_information panel entry-content wc-tab\" role=\"tabpanel\" aria-labelledby=\"tab-title-additional_information\">\n<h2><\/h2>\n<\/div>","protected":false},"excerpt":{"rendered":"<p>Handschoenen Met zijn slanke snit en een zeer rekbaar materiaal omsluit de LAND de hand strak en comfortabel, waardoor een extra sluiting overbodig is. De handschoen is aangenaam licht en zorgt voor een zeer direct contact met het stuurwiel. De binnenkant is ergonomisch bekleed met zacht, antislip imitatieleer. FIA gehomologeerde handschoenen\u00a0Motorsporthandschoenen van de fabrikant Sparco [&hellip;]<\/p>\n","protected":false},"featured_media":93062,"template":"","meta":{"_acf_changed":false},"product_brand":[],"product_cat":[3943,3941,3978],"product_tag":[],"class_list":{"0":"post-80490","1":"product","2":"type-product","3":"status-publish","4":"has-post-thumbnail","6":"product_cat-sparco-handschoenen-fia","7":"product_cat-sparco-overalls-fia","8":"product_cat-sparco-schoenen-fia-sparco-schoenen-fia","10":"first","11":"instock","12":"sale","13":"taxable","14":"shipping-taxable","15":"purchasable","16":"product-type-variable"},"acf":[],"yoast_head":"<!-- This site is optimized with the Yoast SEO plugin v27.1.1 - https:\/\/yoast.com\/product\/yoast-seo-wordpress\/ -->\n<title>Sparco Combi Deal - Hoogstra Autosport<\/title>\n<meta name=\"robots\" content=\"index, follow, max-snippet:-1, max-image-preview:large, max-video-preview:-1\" \/>\n<link rel=\"canonical\" href=\"https:\/\/www.hoogstra-autosport.nl\/fr\/produit\/sparco-combi-deal\/\" \/>\n<meta property=\"og:locale\" content=\"fr_FR\" \/>\n<meta property=\"og:type\" content=\"article\" \/>\n<meta property=\"og:title\" content=\"Sparco Combi Deal - Hoogstra Autosport\" \/>\n<meta property=\"og:description\" content=\"Handschoenen Met zijn slanke snit en een zeer rekbaar materiaal omsluit de LAND de hand strak en comfortabel, waardoor een extra sluiting overbodig is. De handschoen is aangenaam licht en zorgt voor een zeer direct contact met het stuurwiel. De binnenkant is ergonomisch bekleed met zacht, antislip imitatieleer. FIA gehomologeerde handschoenen\u00a0Motorsporthandschoenen van de fabrikant Sparco [&hellip;]\" \/>\n<meta property=\"og:url\" content=\"https:\/\/www.hoogstra-autosport.nl\/fr\/produit\/sparco-combi-deal\/\" \/>\n<meta property=\"og:site_name\" content=\"Hoogstra Autosport\" \/>\n<meta property=\"article:modified_time\" content=\"2025-11-14T08:39:17+00:00\" \/>\n<meta property=\"og:image\" content=\"https:\/\/www.hoogstra-autosport.nl\/teamkoen\/wp-content\/uploads\/2025\/02\/Sparco-combi-deal-1.jpg\" \/>\n\t<meta property=\"og:image:width\" content=\"1080\" \/>\n\t<meta property=\"og:image:height\" content=\"1080\" \/>\n\t<meta property=\"og:image:type\" content=\"image\/jpeg\" \/>\n<meta name=\"twitter:card\" content=\"summary_large_image\" \/>\n<meta name=\"twitter:label1\" content=\"Dur\u00e9e de lecture estim\u00e9e\" \/>\n\t<meta name=\"twitter:data1\" content=\"2 minutes\" \/>\n<script type=\"application\/ld+json\" class=\"yoast-schema-graph\">{\"@context\":\"https:\/\/schema.org\",\"@graph\":[{\"@type\":\"WebPage\",\"@id\":\"https:\/\/www.hoogstra-autosport.nl\/product\/sparco-combi-deal\/\",\"url\":\"https:\/\/www.hoogstra-autosport.nl\/product\/sparco-combi-deal\/\",\"name\":\"Sparco Combi Deal - Hoogstra Autosport\",\"isPartOf\":{\"@id\":\"https:\/\/www.hoogstra-autosport.nl\/#website\"},\"primaryImageOfPage\":{\"@id\":\"https:\/\/www.hoogstra-autosport.nl\/product\/sparco-combi-deal\/#primaryimage\"},\"image\":{\"@id\":\"https:\/\/www.hoogstra-autosport.nl\/product\/sparco-combi-deal\/#primaryimage\"},\"thumbnailUrl\":\"https:\/\/www.hoogstra-autosport.nl\/teamkoen\/wp-content\/uploads\/2025\/02\/Sparco-combi-deal-1.jpg\",\"datePublished\":\"2025-02-06T08:22:48+00:00\",\"dateModified\":\"2025-11-14T08:39:17+00:00\",\"breadcrumb\":{\"@id\":\"https:\/\/www.hoogstra-autosport.nl\/product\/sparco-combi-deal\/#breadcrumb\"},\"inLanguage\":\"fr-FR\",\"potentialAction\":[{\"@type\":\"ReadAction\",\"target\":[\"https:\/\/www.hoogstra-autosport.nl\/product\/sparco-combi-deal\/\"]}]},{\"@type\":\"ImageObject\",\"inLanguage\":\"fr-FR\",\"@id\":\"https:\/\/www.hoogstra-autosport.nl\/product\/sparco-combi-deal\/#primaryimage\",\"url\":\"https:\/\/www.hoogstra-autosport.nl\/teamkoen\/wp-content\/uploads\/2025\/02\/Sparco-combi-deal-1.jpg\",\"contentUrl\":\"https:\/\/www.hoogstra-autosport.nl\/teamkoen\/wp-content\/uploads\/2025\/02\/Sparco-combi-deal-1.jpg\",\"width\":1080,\"height\":1080},{\"@type\":\"BreadcrumbList\",\"@id\":\"https:\/\/www.hoogstra-autosport.nl\/product\/sparco-combi-deal\/#breadcrumb\",\"itemListElement\":[{\"@type\":\"ListItem\",\"position\":1,\"name\":\"Home\",\"item\":\"https:\/\/www.hoogstra-autosport.nl\/\"},{\"@type\":\"ListItem\",\"position\":2,\"name\":\"Uitrusting\",\"item\":\"https:\/\/www.hoogstra-autosport.nl\/product-categorie\/autosport-kleding-helmen\/\"},{\"@type\":\"ListItem\",\"position\":3,\"name\":\"Autosport Kleding\",\"item\":\"https:\/\/www.hoogstra-autosport.nl\/product-categorie\/autosport-kleding-helmen\/autosport-kleding\/\"},{\"@type\":\"ListItem\",\"position\":4,\"name\":\"Handschoenen\",\"item\":\"https:\/\/www.hoogstra-autosport.nl\/product-categorie\/autosport-kleding-helmen\/autosport-kleding\/handschoenen-2\/\"},{\"@type\":\"ListItem\",\"position\":5,\"name\":\"FIA Handschoenen Sparco\",\"item\":\"https:\/\/www.hoogstra-autosport.nl\/product-categorie\/autosport-kleding-helmen\/autosport-kleding\/handschoenen-2\/sparco-handschoenen-fia\/\"},{\"@type\":\"ListItem\",\"position\":6,\"name\":\"Sparco Combi Deal\"}]},{\"@type\":\"WebSite\",\"@id\":\"https:\/\/www.hoogstra-autosport.nl\/#website\",\"url\":\"https:\/\/www.hoogstra-autosport.nl\/\",\"name\":\"Hoogstra Autosport\",\"description\":\"Performance Autosport Parts!\",\"potentialAction\":[{\"@type\":\"SearchAction\",\"target\":{\"@type\":\"EntryPoint\",\"urlTemplate\":\"https:\/\/www.hoogstra-autosport.nl\/?s={search_term_string}\"},\"query-input\":{\"@type\":\"PropertyValueSpecification\",\"valueRequired\":true,\"valueName\":\"search_term_string\"}}],\"inLanguage\":\"fr-FR\"}]}<\/script>\n<!-- \/ Yoast SEO plugin. -->","yoast_head_json":{"title":"Sparco Combi Deal - Hoogstra Autosport","robots":{"index":"index","follow":"follow","max-snippet":"max-snippet:-1","max-image-preview":"max-image-preview:large","max-video-preview":"max-video-preview:-1"},"canonical":"https:\/\/www.hoogstra-autosport.nl\/fr\/produit\/sparco-combi-deal\/","og_locale":"fr_FR","og_type":"article","og_title":"Sparco Combi Deal - Hoogstra Autosport","og_description":"Handschoenen Met zijn slanke snit en een zeer rekbaar materiaal omsluit de LAND de hand strak en comfortabel, waardoor een extra sluiting overbodig is. De handschoen is aangenaam licht en zorgt voor een zeer direct contact met het stuurwiel. De binnenkant is ergonomisch bekleed met zacht, antislip imitatieleer. FIA gehomologeerde handschoenen\u00a0Motorsporthandschoenen van de fabrikant Sparco [&hellip;]","og_url":"https:\/\/www.hoogstra-autosport.nl\/fr\/produit\/sparco-combi-deal\/","og_site_name":"Hoogstra Autosport","article_modified_time":"2025-11-14T08:39:17+00:00","og_image":[{"width":1080,"height":1080,"url":"https:\/\/www.hoogstra-autosport.nl\/teamkoen\/wp-content\/uploads\/2025\/02\/Sparco-combi-deal-1.jpg","type":"image\/jpeg"}],"twitter_card":"summary_large_image","twitter_misc":{"Dur\u00e9e de lecture estim\u00e9e":"2 minutes"},"schema":{"@context":"https:\/\/schema.org","@graph":[{"@type":"WebPage","@id":"https:\/\/www.hoogstra-autosport.nl\/product\/sparco-combi-deal\/","url":"https:\/\/www.hoogstra-autosport.nl\/product\/sparco-combi-deal\/","name":"Sparco Combi Deal - Hoogstra Autosport","isPartOf":{"@id":"https:\/\/www.hoogstra-autosport.nl\/#website"},"primaryImageOfPage":{"@id":"https:\/\/www.hoogstra-autosport.nl\/product\/sparco-combi-deal\/#primaryimage"},"image":{"@id":"https:\/\/www.hoogstra-autosport.nl\/product\/sparco-combi-deal\/#primaryimage"},"thumbnailUrl":"https:\/\/www.hoogstra-autosport.nl\/teamkoen\/wp-content\/uploads\/2025\/02\/Sparco-combi-deal-1.jpg","datePublished":"2025-02-06T08:22:48+00:00","dateModified":"2025-11-14T08:39:17+00:00","breadcrumb":{"@id":"https:\/\/www.hoogstra-autosport.nl\/product\/sparco-combi-deal\/#breadcrumb"},"inLanguage":"fr-FR","potentialAction":[{"@type":"ReadAction","target":["https:\/\/www.hoogstra-autosport.nl\/product\/sparco-combi-deal\/"]}]},{"@type":"ImageObject","inLanguage":"fr-FR","@id":"https:\/\/www.hoogstra-autosport.nl\/product\/sparco-combi-deal\/#primaryimage","url":"https:\/\/www.hoogstra-autosport.nl\/teamkoen\/wp-content\/uploads\/2025\/02\/Sparco-combi-deal-1.jpg","contentUrl":"https:\/\/www.hoogstra-autosport.nl\/teamkoen\/wp-content\/uploads\/2025\/02\/Sparco-combi-deal-1.jpg","width":1080,"height":1080},{"@type":"BreadcrumbList","@id":"https:\/\/www.hoogstra-autosport.nl\/product\/sparco-combi-deal\/#breadcrumb","itemListElement":[{"@type":"ListItem","position":1,"name":"Home","item":"https:\/\/www.hoogstra-autosport.nl\/"},{"@type":"ListItem","position":2,"name":"Uitrusting","item":"https:\/\/www.hoogstra-autosport.nl\/product-categorie\/autosport-kleding-helmen\/"},{"@type":"ListItem","position":3,"name":"Autosport Kleding","item":"https:\/\/www.hoogstra-autosport.nl\/product-categorie\/autosport-kleding-helmen\/autosport-kleding\/"},{"@type":"ListItem","position":4,"name":"Handschoenen","item":"https:\/\/www.hoogstra-autosport.nl\/product-categorie\/autosport-kleding-helmen\/autosport-kleding\/handschoenen-2\/"},{"@type":"ListItem","position":5,"name":"FIA Handschoenen Sparco","item":"https:\/\/www.hoogstra-autosport.nl\/product-categorie\/autosport-kleding-helmen\/autosport-kleding\/handschoenen-2\/sparco-handschoenen-fia\/"},{"@type":"ListItem","position":6,"name":"Sparco Combi Deal"}]},{"@type":"WebSite","@id":"https:\/\/www.hoogstra-autosport.nl\/#website","url":"https:\/\/www.hoogstra-autosport.nl\/","name":"Hoogstra Autosport","description":"Performance Autosport Parts!","potentialAction":[{"@type":"SearchAction","target":{"@type":"EntryPoint","urlTemplate":"https:\/\/www.hoogstra-autosport.nl\/?s={search_term_string}"},"query-input":{"@type":"PropertyValueSpecification","valueRequired":true,"valueName":"search_term_string"}}],"inLanguage":"fr-FR"}]}},"tiered_pricing_type":"fixed","tiered_pricing_fixed_rules":[],"tiered_pricing_product_settings":{"layout":"default","base_unit_name":{"singular":null,"plural":null},"default_variation":null},"tiered_pricing_minimum_quantity":null,"tiered_pricing_roles_data":[],"tiered_pricing_percentage_rules":[],"tiered_pricing_maximum_quantity":null,"tiered_pricing_quantity_step":null,"_links":{"self":[{"href":"https:\/\/www.hoogstra-autosport.nl\/fr\/wp-json\/wp\/v2\/product\/80490","targetHints":{"allow":["GET"]}}],"collection":[{"href":"https:\/\/www.hoogstra-autosport.nl\/fr\/wp-json\/wp\/v2\/product"}],"about":[{"href":"https:\/\/www.hoogstra-autosport.nl\/fr\/wp-json\/wp\/v2\/types\/product"}],"wp:featuredmedia":[{"embeddable":true,"href":"https:\/\/www.hoogstra-autosport.nl\/fr\/wp-json\/wp\/v2\/media\/93062"}],"wp:attachment":[{"href":"https:\/\/www.hoogstra-autosport.nl\/fr\/wp-json\/wp\/v2\/media?parent=80490"}],"wp:term":[{"taxonomy":"product_brand","embeddable":true,"href":"https:\/\/www.hoogstra-autosport.nl\/fr\/wp-json\/wp\/v2\/product_brand?post=80490"},{"taxonomy":"product_cat","embeddable":true,"href":"https:\/\/www.hoogstra-autosport.nl\/fr\/wp-json\/wp\/v2\/product_cat?post=80490"},{"taxonomy":"product_tag","embeddable":true,"href":"https:\/\/www.hoogstra-autosport.nl\/fr\/wp-json\/wp\/v2\/product_tag?post=80490"}],"curies":[{"name":"wp","href":"https:\/\/api.w.org\/{rel}","templated":true}]}}