{"id":80285,"date":"2025-02-04T10:54:39","date_gmt":"2025-02-04T09:54:39","guid":{"rendered":"https:\/\/www.hoogstra-autosport.nl\/?post_type=product&#038;p=80285"},"modified":"2025-10-09T11:29:04","modified_gmt":"2025-10-09T09:29:04","slug":"luxe-combi-set","status":"publish","type":"product","link":"https:\/\/www.hoogstra-autosport.nl\/fr\/produit\/luxe-combi-set\/","title":{"rendered":"Ensemble combin\u00e9 de luxe"},"content":{"rendered":"<p>Beschrijving Overall<\/p>\n<p>Combinaison de course bicolore sportive avec un haut niveau de confort et de nombreux d\u00e9tails pratiques : outre d'excellentes caract\u00e9ristiques de s\u00e9curit\u00e9 conformes aux r\u00e9glementations de la FIA, la FIRST EVO offre une grande libert\u00e9 de mouvement gr\u00e2ce \u00e0 des zones \u00e9lastiques, des poches lat\u00e9rales pratiques, un design sportif et une bonne ventilation gr\u00e2ce \u00e0 un mat\u00e9riau de ventilation respirant. Le OMP FIRST EVO se caract\u00e9rise par un confort particuli\u00e8rement agr\u00e9able et un ajustement optimal. Une recommandation d'achat absolue - de l'initiation \u00e0 l'utilisation professionnelle en comp\u00e9tition.<\/p>\n<p>Chaussures<\/p>\n<p>Approuv\u00e9 par la FIA<\/p>\n<p>Attrayante en termes de design, de performance et de prix. La chaussure de cavalier OMP FIRST impressionne avant tout par sa tige en daim fin, son la\u00e7age haut et son excellent ajustement. Elle est \u00e9quip\u00e9e d'une large languette en velcro pour une fixation suppl\u00e9mentaire et individuelle de la cheville. La semelle en caoutchouc profil\u00e9e et adh\u00e9rente est arrondie au niveau du talon et offre une sensation de p\u00e9dalage optimale.<\/p>\n<p>Beschrijving Handschoenen<\/p>\n<p><span class=\"jCAhz ChMk0b\"><span class=\"ryNqvb\">8856-2018\u00a0<\/span><\/span><\/p>\n<p><span class=\"jCAhz ChMk0b\"><span class=\"ryNqvb\">Gant l\u00e9ger et r\u00e9sistant avec bande \u00e9lastique au poignet, coupe droite.<\/span><\/span><\/p>\n<p><span class=\"jCAhz ChMk0b\"><span class=\"ryNqvb\">Paume en silicone pour une meilleure prise en main et une plus grande sensibilit\u00e9.<\/span><\/span>\u00a0<span class=\"jCAhz ChMk0b\"><span class=\"ryNqvb\">Coutures ext\u00e9rieures<\/span><\/span><\/p>\n<p>&nbsp;<\/p>\n<p>&nbsp;<\/p>","protected":false},"excerpt":{"rendered":"<p>Beschrijving Overall Sportieve, tweekleurige raceoverall met een hoog comfortniveau en veel praktische details: naast de uitstekende veiligheidsvoorzieningen in overeenstemming met de FIA-voorschriften biedt de FIRST EVO bewegingsvrijheid dankzij elastische zones, handige zijzakken, een sportief design en een goede ventilatie dankzij ademend ventilatiemateriaal. De OMP FIRST EVO wordt gekenmerkt door een bijzonder aangenaam draagcomfort en een [&hellip;]<\/p>\n","protected":false},"featured_media":91801,"template":"","meta":{"_acf_changed":false},"product_brand":[],"product_cat":[2594,2879,3785],"product_tag":[],"class_list":{"0":"post-80285","1":"product","2":"type-product","3":"status-publish","4":"has-post-thumbnail","6":"product_cat-handschoenen-2","7":"product_cat-omp-overalls-fia","8":"product_cat-omp-schoenen-fia","10":"first","11":"instock","12":"sale","13":"taxable","14":"shipping-taxable","15":"purchasable","16":"product-type-variable"},"acf":[],"yoast_head":"<!-- This site is optimized with the Yoast SEO plugin v27.1.1 - https:\/\/yoast.com\/product\/yoast-seo-wordpress\/ -->\n<title>Luxe Combi Set - Hoogstra Autosport<\/title>\n<meta name=\"robots\" content=\"index, follow, max-snippet:-1, max-image-preview:large, max-video-preview:-1\" \/>\n<link rel=\"canonical\" href=\"https:\/\/www.hoogstra-autosport.nl\/fr\/produit\/luxe-combi-set\/\" \/>\n<meta property=\"og:locale\" content=\"fr_FR\" \/>\n<meta property=\"og:type\" content=\"article\" \/>\n<meta property=\"og:title\" content=\"Luxe Combi Set - Hoogstra Autosport\" \/>\n<meta property=\"og:description\" content=\"Beschrijving Overall Sportieve, tweekleurige raceoverall met een hoog comfortniveau en veel praktische details: naast de uitstekende veiligheidsvoorzieningen in overeenstemming met de FIA-voorschriften biedt de FIRST EVO bewegingsvrijheid dankzij elastische zones, handige zijzakken, een sportief design en een goede ventilatie dankzij ademend ventilatiemateriaal. De OMP FIRST EVO wordt gekenmerkt door een bijzonder aangenaam draagcomfort en een [&hellip;]\" \/>\n<meta property=\"og:url\" content=\"https:\/\/www.hoogstra-autosport.nl\/fr\/produit\/luxe-combi-set\/\" \/>\n<meta property=\"og:site_name\" content=\"Hoogstra Autosport\" \/>\n<meta property=\"article:modified_time\" content=\"2025-10-09T09:29:04+00:00\" \/>\n<meta property=\"og:image\" content=\"https:\/\/www.hoogstra-autosport.nl\/teamkoen\/wp-content\/uploads\/2025\/02\/Luxe-combi.jpg\" \/>\n\t<meta property=\"og:image:width\" content=\"1000\" \/>\n\t<meta property=\"og:image:height\" content=\"1000\" \/>\n\t<meta property=\"og:image:type\" content=\"image\/jpeg\" \/>\n<meta name=\"twitter:card\" content=\"summary_large_image\" \/>\n<meta name=\"twitter:label1\" content=\"Dur\u00e9e de lecture estim\u00e9e\" \/>\n\t<meta name=\"twitter:data1\" content=\"1 minute\" \/>\n<script type=\"application\/ld+json\" class=\"yoast-schema-graph\">{\"@context\":\"https:\/\/schema.org\",\"@graph\":[{\"@type\":\"WebPage\",\"@id\":\"https:\/\/www.hoogstra-autosport.nl\/product\/luxe-combi-set\/\",\"url\":\"https:\/\/www.hoogstra-autosport.nl\/product\/luxe-combi-set\/\",\"name\":\"Luxe Combi Set - Hoogstra Autosport\",\"isPartOf\":{\"@id\":\"https:\/\/www.hoogstra-autosport.nl\/#website\"},\"primaryImageOfPage\":{\"@id\":\"https:\/\/www.hoogstra-autosport.nl\/product\/luxe-combi-set\/#primaryimage\"},\"image\":{\"@id\":\"https:\/\/www.hoogstra-autosport.nl\/product\/luxe-combi-set\/#primaryimage\"},\"thumbnailUrl\":\"https:\/\/www.hoogstra-autosport.nl\/teamkoen\/wp-content\/uploads\/2025\/02\/Luxe-combi.jpg\",\"datePublished\":\"2025-02-04T09:54:39+00:00\",\"dateModified\":\"2025-10-09T09:29:04+00:00\",\"breadcrumb\":{\"@id\":\"https:\/\/www.hoogstra-autosport.nl\/product\/luxe-combi-set\/#breadcrumb\"},\"inLanguage\":\"fr-FR\",\"potentialAction\":[{\"@type\":\"ReadAction\",\"target\":[\"https:\/\/www.hoogstra-autosport.nl\/product\/luxe-combi-set\/\"]}]},{\"@type\":\"ImageObject\",\"inLanguage\":\"fr-FR\",\"@id\":\"https:\/\/www.hoogstra-autosport.nl\/product\/luxe-combi-set\/#primaryimage\",\"url\":\"https:\/\/www.hoogstra-autosport.nl\/teamkoen\/wp-content\/uploads\/2025\/02\/Luxe-combi.jpg\",\"contentUrl\":\"https:\/\/www.hoogstra-autosport.nl\/teamkoen\/wp-content\/uploads\/2025\/02\/Luxe-combi.jpg\",\"width\":1000,\"height\":1000},{\"@type\":\"BreadcrumbList\",\"@id\":\"https:\/\/www.hoogstra-autosport.nl\/product\/luxe-combi-set\/#breadcrumb\",\"itemListElement\":[{\"@type\":\"ListItem\",\"position\":1,\"name\":\"Home\",\"item\":\"https:\/\/www.hoogstra-autosport.nl\/\"},{\"@type\":\"ListItem\",\"position\":2,\"name\":\"Uitrusting\",\"item\":\"https:\/\/www.hoogstra-autosport.nl\/product-categorie\/autosport-kleding-helmen\/\"},{\"@type\":\"ListItem\",\"position\":3,\"name\":\"Autosport Kleding\",\"item\":\"https:\/\/www.hoogstra-autosport.nl\/product-categorie\/autosport-kleding-helmen\/autosport-kleding\/\"},{\"@type\":\"ListItem\",\"position\":4,\"name\":\"Handschoenen\",\"item\":\"https:\/\/www.hoogstra-autosport.nl\/product-categorie\/autosport-kleding-helmen\/autosport-kleding\/handschoenen-2\/\"},{\"@type\":\"ListItem\",\"position\":5,\"name\":\"Luxe Combi Set\"}]},{\"@type\":\"WebSite\",\"@id\":\"https:\/\/www.hoogstra-autosport.nl\/#website\",\"url\":\"https:\/\/www.hoogstra-autosport.nl\/\",\"name\":\"Hoogstra Autosport\",\"description\":\"Performance Autosport Parts!\",\"potentialAction\":[{\"@type\":\"SearchAction\",\"target\":{\"@type\":\"EntryPoint\",\"urlTemplate\":\"https:\/\/www.hoogstra-autosport.nl\/?s={search_term_string}\"},\"query-input\":{\"@type\":\"PropertyValueSpecification\",\"valueRequired\":true,\"valueName\":\"search_term_string\"}}],\"inLanguage\":\"fr-FR\"}]}<\/script>\n<!-- \/ Yoast SEO plugin. -->","yoast_head_json":{"title":"Luxe Combi Set - Hoogstra Autosport","robots":{"index":"index","follow":"follow","max-snippet":"max-snippet:-1","max-image-preview":"max-image-preview:large","max-video-preview":"max-video-preview:-1"},"canonical":"https:\/\/www.hoogstra-autosport.nl\/fr\/produit\/luxe-combi-set\/","og_locale":"fr_FR","og_type":"article","og_title":"Luxe Combi Set - Hoogstra Autosport","og_description":"Beschrijving Overall Sportieve, tweekleurige raceoverall met een hoog comfortniveau en veel praktische details: naast de uitstekende veiligheidsvoorzieningen in overeenstemming met de FIA-voorschriften biedt de FIRST EVO bewegingsvrijheid dankzij elastische zones, handige zijzakken, een sportief design en een goede ventilatie dankzij ademend ventilatiemateriaal. De OMP FIRST EVO wordt gekenmerkt door een bijzonder aangenaam draagcomfort en een [&hellip;]","og_url":"https:\/\/www.hoogstra-autosport.nl\/fr\/produit\/luxe-combi-set\/","og_site_name":"Hoogstra Autosport","article_modified_time":"2025-10-09T09:29:04+00:00","og_image":[{"width":1000,"height":1000,"url":"https:\/\/www.hoogstra-autosport.nl\/teamkoen\/wp-content\/uploads\/2025\/02\/Luxe-combi.jpg","type":"image\/jpeg"}],"twitter_card":"summary_large_image","twitter_misc":{"Dur\u00e9e de lecture estim\u00e9e":"1 minute"},"schema":{"@context":"https:\/\/schema.org","@graph":[{"@type":"WebPage","@id":"https:\/\/www.hoogstra-autosport.nl\/product\/luxe-combi-set\/","url":"https:\/\/www.hoogstra-autosport.nl\/product\/luxe-combi-set\/","name":"Luxe Combi Set - Hoogstra Autosport","isPartOf":{"@id":"https:\/\/www.hoogstra-autosport.nl\/#website"},"primaryImageOfPage":{"@id":"https:\/\/www.hoogstra-autosport.nl\/product\/luxe-combi-set\/#primaryimage"},"image":{"@id":"https:\/\/www.hoogstra-autosport.nl\/product\/luxe-combi-set\/#primaryimage"},"thumbnailUrl":"https:\/\/www.hoogstra-autosport.nl\/teamkoen\/wp-content\/uploads\/2025\/02\/Luxe-combi.jpg","datePublished":"2025-02-04T09:54:39+00:00","dateModified":"2025-10-09T09:29:04+00:00","breadcrumb":{"@id":"https:\/\/www.hoogstra-autosport.nl\/product\/luxe-combi-set\/#breadcrumb"},"inLanguage":"fr-FR","potentialAction":[{"@type":"ReadAction","target":["https:\/\/www.hoogstra-autosport.nl\/product\/luxe-combi-set\/"]}]},{"@type":"ImageObject","inLanguage":"fr-FR","@id":"https:\/\/www.hoogstra-autosport.nl\/product\/luxe-combi-set\/#primaryimage","url":"https:\/\/www.hoogstra-autosport.nl\/teamkoen\/wp-content\/uploads\/2025\/02\/Luxe-combi.jpg","contentUrl":"https:\/\/www.hoogstra-autosport.nl\/teamkoen\/wp-content\/uploads\/2025\/02\/Luxe-combi.jpg","width":1000,"height":1000},{"@type":"BreadcrumbList","@id":"https:\/\/www.hoogstra-autosport.nl\/product\/luxe-combi-set\/#breadcrumb","itemListElement":[{"@type":"ListItem","position":1,"name":"Home","item":"https:\/\/www.hoogstra-autosport.nl\/"},{"@type":"ListItem","position":2,"name":"Uitrusting","item":"https:\/\/www.hoogstra-autosport.nl\/product-categorie\/autosport-kleding-helmen\/"},{"@type":"ListItem","position":3,"name":"Autosport Kleding","item":"https:\/\/www.hoogstra-autosport.nl\/product-categorie\/autosport-kleding-helmen\/autosport-kleding\/"},{"@type":"ListItem","position":4,"name":"Handschoenen","item":"https:\/\/www.hoogstra-autosport.nl\/product-categorie\/autosport-kleding-helmen\/autosport-kleding\/handschoenen-2\/"},{"@type":"ListItem","position":5,"name":"Luxe Combi Set"}]},{"@type":"WebSite","@id":"https:\/\/www.hoogstra-autosport.nl\/#website","url":"https:\/\/www.hoogstra-autosport.nl\/","name":"Hoogstra Autosport","description":"Performance Autosport Parts!","potentialAction":[{"@type":"SearchAction","target":{"@type":"EntryPoint","urlTemplate":"https:\/\/www.hoogstra-autosport.nl\/?s={search_term_string}"},"query-input":{"@type":"PropertyValueSpecification","valueRequired":true,"valueName":"search_term_string"}}],"inLanguage":"fr-FR"}]}},"tiered_pricing_type":"fixed","tiered_pricing_fixed_rules":[],"tiered_pricing_product_settings":{"layout":"default","base_unit_name":{"singular":null,"plural":null},"default_variation":null},"tiered_pricing_minimum_quantity":null,"tiered_pricing_roles_data":[],"tiered_pricing_percentage_rules":[],"tiered_pricing_maximum_quantity":null,"tiered_pricing_quantity_step":null,"_links":{"self":[{"href":"https:\/\/www.hoogstra-autosport.nl\/fr\/wp-json\/wp\/v2\/product\/80285","targetHints":{"allow":["GET"]}}],"collection":[{"href":"https:\/\/www.hoogstra-autosport.nl\/fr\/wp-json\/wp\/v2\/product"}],"about":[{"href":"https:\/\/www.hoogstra-autosport.nl\/fr\/wp-json\/wp\/v2\/types\/product"}],"wp:featuredmedia":[{"embeddable":true,"href":"https:\/\/www.hoogstra-autosport.nl\/fr\/wp-json\/wp\/v2\/media\/91801"}],"wp:attachment":[{"href":"https:\/\/www.hoogstra-autosport.nl\/fr\/wp-json\/wp\/v2\/media?parent=80285"}],"wp:term":[{"taxonomy":"product_brand","embeddable":true,"href":"https:\/\/www.hoogstra-autosport.nl\/fr\/wp-json\/wp\/v2\/product_brand?post=80285"},{"taxonomy":"product_cat","embeddable":true,"href":"https:\/\/www.hoogstra-autosport.nl\/fr\/wp-json\/wp\/v2\/product_cat?post=80285"},{"taxonomy":"product_tag","embeddable":true,"href":"https:\/\/www.hoogstra-autosport.nl\/fr\/wp-json\/wp\/v2\/product_tag?post=80285"}],"curies":[{"name":"wp","href":"https:\/\/api.w.org\/{rel}","templated":true}]}}