{"id":79704,"date":"2025-01-28T11:59:49","date_gmt":"2025-01-28T10:59:49","guid":{"rendered":"https:\/\/www.hoogstra-autosport.nl\/?post_type=product&#038;p=79704"},"modified":"2025-10-15T11:55:14","modified_gmt":"2025-10-15T09:55:14","slug":"ks-3x-kids-neon","status":"publish","type":"product","link":"https:\/\/www.hoogstra-autosport.nl\/fr\/produit\/ks-3x-kids-neon\/","title":{"rendered":"KS-3X Kids Neon"},"content":{"rendered":"<p><span class=\"jCAhz ChMk0b\"><span class=\"ryNqvb\">La nouvelle Kartoverall KS-3 d'OMP impressionne par son design bicolore moderne et son mat\u00e9riau ext\u00e9rieur robuste.<\/span><\/span> <span class=\"jCAhz ChMk0b\"><span class=\"ryNqvb\">La surface l\u00e9g\u00e8rement rugueuse offre une prise confortable et augmente la durabilit\u00e9. <\/span><\/span><span class=\"jCAhz ChMk0b\"><span class=\"ryNqvb\">Gr\u00e2ce \u00e0 des inserts respirants \u00e0 l'int\u00e9rieur des cuisses, la combinaison offre une meilleure respirabilit\u00e9, m\u00eame lors de sorties intensives.<\/span><\/span> <span class=\"jCAhz ChMk0b\"><span class=\"ryNqvb\">La nouvelle coupe optimis\u00e9e et pr\u00e9form\u00e9e ainsi que les inserts extensibles au niveau des \u00e9paules garantissent un ajustement parfait et une libert\u00e9 de mouvement maximale.<\/span><\/span> <span class=\"jCAhz ChMk0b\"><span class=\"ryNqvb\">La doublure int\u00e9rieure douce et les mat\u00e9riaux de haute qualit\u00e9 compl\u00e8tent l'excellent confort de cette salopette de karting populaire.<\/span><\/span><\/p>","protected":false},"excerpt":{"rendered":"<p>De nieuwe OMP Kartoverall KS-3 maakt indruk met zijn moderne, tweekleurige design en robuust buitenmateriaal. Het licht opgeruwde oppervlak zorgt voor een comfortabele grip en verhoogt de duurzaamheid. Dankzij luchtdoorlatende inzetstukken aan de binnenkant van de dijen biedt de overall een verbeterd ademend vermogen, zelfs tijdens intensieve ritten. De nieuwe, geoptimaliseerde en voorgevormde snit en [&hellip;]<\/p>\n","protected":false},"featured_media":79711,"template":"","meta":{"_acf_changed":false},"product_brand":[],"product_cat":[2647,4049],"product_tag":[],"class_list":{"0":"post-79704","1":"product","2":"type-product","3":"status-publish","4":"has-post-thumbnail","6":"product_cat-kartoverall-junior","7":"product_cat-mini-kleding","9":"first","10":"instock","11":"taxable","12":"shipping-taxable","13":"purchasable","14":"product-type-variable"},"acf":[],"yoast_head":"<!-- This site is optimized with the Yoast SEO plugin v27.1.1 - https:\/\/yoast.com\/product\/yoast-seo-wordpress\/ -->\n<title>KS-3X Kids Neon - Hoogstra Autosport<\/title>\n<meta name=\"robots\" content=\"index, follow, max-snippet:-1, max-image-preview:large, max-video-preview:-1\" \/>\n<link rel=\"canonical\" href=\"https:\/\/www.hoogstra-autosport.nl\/fr\/produit\/ks-3x-kids-neon\/\" \/>\n<meta property=\"og:locale\" content=\"fr_FR\" \/>\n<meta property=\"og:type\" content=\"article\" \/>\n<meta property=\"og:title\" content=\"KS-3X Kids Neon - Hoogstra Autosport\" \/>\n<meta property=\"og:description\" content=\"De nieuwe OMP Kartoverall KS-3 maakt indruk met zijn moderne, tweekleurige design en robuust buitenmateriaal. Het licht opgeruwde oppervlak zorgt voor een comfortabele grip en verhoogt de duurzaamheid. Dankzij luchtdoorlatende inzetstukken aan de binnenkant van de dijen biedt de overall een verbeterd ademend vermogen, zelfs tijdens intensieve ritten. De nieuwe, geoptimaliseerde en voorgevormde snit en [&hellip;]\" \/>\n<meta property=\"og:url\" content=\"https:\/\/www.hoogstra-autosport.nl\/fr\/produit\/ks-3x-kids-neon\/\" \/>\n<meta property=\"og:site_name\" content=\"Hoogstra Autosport\" \/>\n<meta property=\"article:modified_time\" content=\"2025-10-15T09:55:14+00:00\" \/>\n<meta property=\"og:image\" content=\"https:\/\/www.hoogstra-autosport.nl\/teamkoen\/wp-content\/uploads\/2025\/01\/kids-geel.jpg\" \/>\n\t<meta property=\"og:image:width\" content=\"750\" \/>\n\t<meta property=\"og:image:height\" content=\"750\" \/>\n\t<meta property=\"og:image:type\" content=\"image\/jpeg\" \/>\n<meta name=\"twitter:card\" content=\"summary_large_image\" \/>\n<meta name=\"twitter:label1\" content=\"Dur\u00e9e de lecture estim\u00e9e\" \/>\n\t<meta name=\"twitter:data1\" content=\"1 minute\" \/>\n<script type=\"application\/ld+json\" class=\"yoast-schema-graph\">{\"@context\":\"https:\/\/schema.org\",\"@graph\":[{\"@type\":\"WebPage\",\"@id\":\"https:\/\/www.hoogstra-autosport.nl\/product\/ks-3x-kids-neon\/\",\"url\":\"https:\/\/www.hoogstra-autosport.nl\/product\/ks-3x-kids-neon\/\",\"name\":\"KS-3X Kids Neon - Hoogstra Autosport\",\"isPartOf\":{\"@id\":\"https:\/\/www.hoogstra-autosport.nl\/#website\"},\"primaryImageOfPage\":{\"@id\":\"https:\/\/www.hoogstra-autosport.nl\/product\/ks-3x-kids-neon\/#primaryimage\"},\"image\":{\"@id\":\"https:\/\/www.hoogstra-autosport.nl\/product\/ks-3x-kids-neon\/#primaryimage\"},\"thumbnailUrl\":\"https:\/\/www.hoogstra-autosport.nl\/teamkoen\/wp-content\/uploads\/2025\/01\/kids-geel.jpg\",\"datePublished\":\"2025-01-28T10:59:49+00:00\",\"dateModified\":\"2025-10-15T09:55:14+00:00\",\"breadcrumb\":{\"@id\":\"https:\/\/www.hoogstra-autosport.nl\/product\/ks-3x-kids-neon\/#breadcrumb\"},\"inLanguage\":\"fr-FR\",\"potentialAction\":[{\"@type\":\"ReadAction\",\"target\":[\"https:\/\/www.hoogstra-autosport.nl\/product\/ks-3x-kids-neon\/\"]}]},{\"@type\":\"ImageObject\",\"inLanguage\":\"fr-FR\",\"@id\":\"https:\/\/www.hoogstra-autosport.nl\/product\/ks-3x-kids-neon\/#primaryimage\",\"url\":\"https:\/\/www.hoogstra-autosport.nl\/teamkoen\/wp-content\/uploads\/2025\/01\/kids-geel.jpg\",\"contentUrl\":\"https:\/\/www.hoogstra-autosport.nl\/teamkoen\/wp-content\/uploads\/2025\/01\/kids-geel.jpg\",\"width\":750,\"height\":750},{\"@type\":\"BreadcrumbList\",\"@id\":\"https:\/\/www.hoogstra-autosport.nl\/product\/ks-3x-kids-neon\/#breadcrumb\",\"itemListElement\":[{\"@type\":\"ListItem\",\"position\":1,\"name\":\"Home\",\"item\":\"https:\/\/www.hoogstra-autosport.nl\/\"},{\"@type\":\"ListItem\",\"position\":2,\"name\":\"Carrosserie\",\"item\":\"https:\/\/www.hoogstra-autosport.nl\/product-categorie\/carroserie-bevestiging\/\"},{\"@type\":\"ListItem\",\"position\":3,\"name\":\"MINI BUGGY PARTS\",\"item\":\"https:\/\/www.hoogstra-autosport.nl\/product-categorie\/carroserie-bevestiging\/v-buggy-parts\/\"},{\"@type\":\"ListItem\",\"position\":4,\"name\":\"Mini Buggy Uitrusting\",\"item\":\"https:\/\/www.hoogstra-autosport.nl\/product-categorie\/carroserie-bevestiging\/v-buggy-parts\/mini-kleding\/\"},{\"@type\":\"ListItem\",\"position\":5,\"name\":\"KS-3X Kids Neon\"}]},{\"@type\":\"WebSite\",\"@id\":\"https:\/\/www.hoogstra-autosport.nl\/#website\",\"url\":\"https:\/\/www.hoogstra-autosport.nl\/\",\"name\":\"Hoogstra Autosport\",\"description\":\"Performance Autosport Parts!\",\"potentialAction\":[{\"@type\":\"SearchAction\",\"target\":{\"@type\":\"EntryPoint\",\"urlTemplate\":\"https:\/\/www.hoogstra-autosport.nl\/?s={search_term_string}\"},\"query-input\":{\"@type\":\"PropertyValueSpecification\",\"valueRequired\":true,\"valueName\":\"search_term_string\"}}],\"inLanguage\":\"fr-FR\"}]}<\/script>\n<!-- \/ Yoast SEO plugin. -->","yoast_head_json":{"title":"KS-3X Kids Neon - Hoogstra Autosport","robots":{"index":"index","follow":"follow","max-snippet":"max-snippet:-1","max-image-preview":"max-image-preview:large","max-video-preview":"max-video-preview:-1"},"canonical":"https:\/\/www.hoogstra-autosport.nl\/fr\/produit\/ks-3x-kids-neon\/","og_locale":"fr_FR","og_type":"article","og_title":"KS-3X Kids Neon - Hoogstra Autosport","og_description":"De nieuwe OMP Kartoverall KS-3 maakt indruk met zijn moderne, tweekleurige design en robuust buitenmateriaal. Het licht opgeruwde oppervlak zorgt voor een comfortabele grip en verhoogt de duurzaamheid. Dankzij luchtdoorlatende inzetstukken aan de binnenkant van de dijen biedt de overall een verbeterd ademend vermogen, zelfs tijdens intensieve ritten. De nieuwe, geoptimaliseerde en voorgevormde snit en [&hellip;]","og_url":"https:\/\/www.hoogstra-autosport.nl\/fr\/produit\/ks-3x-kids-neon\/","og_site_name":"Hoogstra Autosport","article_modified_time":"2025-10-15T09:55:14+00:00","og_image":[{"width":750,"height":750,"url":"https:\/\/www.hoogstra-autosport.nl\/teamkoen\/wp-content\/uploads\/2025\/01\/kids-geel.jpg","type":"image\/jpeg"}],"twitter_card":"summary_large_image","twitter_misc":{"Dur\u00e9e de lecture estim\u00e9e":"1 minute"},"schema":{"@context":"https:\/\/schema.org","@graph":[{"@type":"WebPage","@id":"https:\/\/www.hoogstra-autosport.nl\/product\/ks-3x-kids-neon\/","url":"https:\/\/www.hoogstra-autosport.nl\/product\/ks-3x-kids-neon\/","name":"KS-3X Kids Neon - Hoogstra Autosport","isPartOf":{"@id":"https:\/\/www.hoogstra-autosport.nl\/#website"},"primaryImageOfPage":{"@id":"https:\/\/www.hoogstra-autosport.nl\/product\/ks-3x-kids-neon\/#primaryimage"},"image":{"@id":"https:\/\/www.hoogstra-autosport.nl\/product\/ks-3x-kids-neon\/#primaryimage"},"thumbnailUrl":"https:\/\/www.hoogstra-autosport.nl\/teamkoen\/wp-content\/uploads\/2025\/01\/kids-geel.jpg","datePublished":"2025-01-28T10:59:49+00:00","dateModified":"2025-10-15T09:55:14+00:00","breadcrumb":{"@id":"https:\/\/www.hoogstra-autosport.nl\/product\/ks-3x-kids-neon\/#breadcrumb"},"inLanguage":"fr-FR","potentialAction":[{"@type":"ReadAction","target":["https:\/\/www.hoogstra-autosport.nl\/product\/ks-3x-kids-neon\/"]}]},{"@type":"ImageObject","inLanguage":"fr-FR","@id":"https:\/\/www.hoogstra-autosport.nl\/product\/ks-3x-kids-neon\/#primaryimage","url":"https:\/\/www.hoogstra-autosport.nl\/teamkoen\/wp-content\/uploads\/2025\/01\/kids-geel.jpg","contentUrl":"https:\/\/www.hoogstra-autosport.nl\/teamkoen\/wp-content\/uploads\/2025\/01\/kids-geel.jpg","width":750,"height":750},{"@type":"BreadcrumbList","@id":"https:\/\/www.hoogstra-autosport.nl\/product\/ks-3x-kids-neon\/#breadcrumb","itemListElement":[{"@type":"ListItem","position":1,"name":"Home","item":"https:\/\/www.hoogstra-autosport.nl\/"},{"@type":"ListItem","position":2,"name":"Carrosserie","item":"https:\/\/www.hoogstra-autosport.nl\/product-categorie\/carroserie-bevestiging\/"},{"@type":"ListItem","position":3,"name":"MINI BUGGY PARTS","item":"https:\/\/www.hoogstra-autosport.nl\/product-categorie\/carroserie-bevestiging\/v-buggy-parts\/"},{"@type":"ListItem","position":4,"name":"Mini Buggy Uitrusting","item":"https:\/\/www.hoogstra-autosport.nl\/product-categorie\/carroserie-bevestiging\/v-buggy-parts\/mini-kleding\/"},{"@type":"ListItem","position":5,"name":"KS-3X Kids Neon"}]},{"@type":"WebSite","@id":"https:\/\/www.hoogstra-autosport.nl\/#website","url":"https:\/\/www.hoogstra-autosport.nl\/","name":"Hoogstra Autosport","description":"Performance Autosport Parts!","potentialAction":[{"@type":"SearchAction","target":{"@type":"EntryPoint","urlTemplate":"https:\/\/www.hoogstra-autosport.nl\/?s={search_term_string}"},"query-input":{"@type":"PropertyValueSpecification","valueRequired":true,"valueName":"search_term_string"}}],"inLanguage":"fr-FR"}]}},"tiered_pricing_type":"fixed","tiered_pricing_fixed_rules":[],"tiered_pricing_product_settings":{"layout":"default","base_unit_name":{"singular":null,"plural":null},"default_variation":null},"tiered_pricing_minimum_quantity":null,"tiered_pricing_roles_data":[],"tiered_pricing_percentage_rules":[],"tiered_pricing_maximum_quantity":null,"tiered_pricing_quantity_step":null,"_links":{"self":[{"href":"https:\/\/www.hoogstra-autosport.nl\/fr\/wp-json\/wp\/v2\/product\/79704","targetHints":{"allow":["GET"]}}],"collection":[{"href":"https:\/\/www.hoogstra-autosport.nl\/fr\/wp-json\/wp\/v2\/product"}],"about":[{"href":"https:\/\/www.hoogstra-autosport.nl\/fr\/wp-json\/wp\/v2\/types\/product"}],"wp:featuredmedia":[{"embeddable":true,"href":"https:\/\/www.hoogstra-autosport.nl\/fr\/wp-json\/wp\/v2\/media\/79711"}],"wp:attachment":[{"href":"https:\/\/www.hoogstra-autosport.nl\/fr\/wp-json\/wp\/v2\/media?parent=79704"}],"wp:term":[{"taxonomy":"product_brand","embeddable":true,"href":"https:\/\/www.hoogstra-autosport.nl\/fr\/wp-json\/wp\/v2\/product_brand?post=79704"},{"taxonomy":"product_cat","embeddable":true,"href":"https:\/\/www.hoogstra-autosport.nl\/fr\/wp-json\/wp\/v2\/product_cat?post=79704"},{"taxonomy":"product_tag","embeddable":true,"href":"https:\/\/www.hoogstra-autosport.nl\/fr\/wp-json\/wp\/v2\/product_tag?post=79704"}],"curies":[{"name":"wp","href":"https:\/\/api.w.org\/{rel}","templated":true}]}}