{"id":79010,"date":"2025-01-18T09:19:02","date_gmt":"2025-01-18T08:19:02","guid":{"rendered":"https:\/\/www.hoogstra-autosport.nl\/?post_type=product&#038;p=79010"},"modified":"2026-03-05T13:16:17","modified_gmt":"2026-03-05T12:16:17","slug":"blackline-peugeot-106-205-ma-helical-lsd","status":"publish","type":"product","link":"https:\/\/www.hoogstra-autosport.nl\/fr\/produit\/blackline-peugeot-106-205-ma-helical-lsd\/","title":{"rendered":"Blackline Peugeot 106\/205 MA Helical LSD"},"content":{"rendered":"<p><span class=\"jCAhz ChMk0b\"><span class=\"ryNqvb\">Applications:- Citroen AX Citroen C2 Citroen Saxo VTR Citroen Saxo VTS MG ZR 105 Peugeot 106 (MA Box) Peugeot 205 (MA Box) LSD h\u00e9lico\u00efdal Avantages :- Vitesse de rotation \u00e9gale pour les deux roues Couple r\u00e9parti en fonction de la traction Exigences minimales en mati\u00e8re d'entretien - pas d'embrayage R\u00e9ponse rapide par rapport aux LSD visqueux Engagement doux et progressif, Les engrenages et le corps sont fabriqu\u00e9s en acier alli\u00e9 8620 Remplacement direct du diff\u00e9rentiel standard Les LSD h\u00e9lico\u00efdaux Blackline - Comment ils fonctionnent Les LSD h\u00e9lico\u00efdaux Blackline sont \u00e0 r\u00e9partition de couple, c'est-\u00e0-dire qu'ils r\u00e9partissent le couple entre les roues, en chargeant plus de couple sur la roue ayant la meilleure traction, am\u00e9liorant ainsi les performances et la maniabilit\u00e9.<\/span><\/span> <span class=\"jCAhz\"><span class=\"ryNqvb\">En particulier dans les situations o\u00f9 la pr\u00e9hension est faible.<\/span><\/span><span class=\"jCAhz\"><span class=\"ryNqvb\"> L'engrenage h\u00e9lico\u00efdal contr\u00f4le la r\u00e9partition des frottements dans l'autobloquant.<\/span><\/span> <span class=\"jCAhz\"><span class=\"ryNqvb\">Lorsqu'un couple est appliqu\u00e9 \u00e0 l'engrenage h\u00e9lico\u00efdal, il cr\u00e9e une force qui pousse l'engrenage dans le corps du diff\u00e9rentiel, cr\u00e9ant ainsi un frottement.<\/span><\/span> <span class=\"jCAhz\"><span class=\"ryNqvb\">L'augmentation du couple augmente la pouss\u00e9e qui est directement proportionnelle \u00e0 l'importance du couple.<\/span><\/span> <span class=\"jCAhz\"><span class=\"ryNqvb\">Cela permet \u00e0 l'autobloquant Blackline de g\u00e9rer des d\u00e9s\u00e9quilibres de traction importants, m\u00eame dans des conditions de puissance \u00e9lev\u00e9es, comme c'est le cas en sortie de virage \u00e0 haute puissance.<\/span><\/span> <span class=\"jCAhz\"><span class=\"ryNqvb\">Mais dans des conditions de faible couple, l'autobloquant peut se diff\u00e9rencier silencieusement et en douceur, ce qui rend le diff\u00e9rentiel tr\u00e8s adapt\u00e9 \u00e0 la conduite sur route normale.<\/span><\/span> <span class=\"jCAhz\"><span class=\"ryNqvb\">Le LSD Blackline utilise la configuration populaire d'engrenages h\u00e9lico\u00efdaux \u00e0 arbre parall\u00e8le, optimis\u00e9e pour une r\u00e9partition uniforme de la charge.<\/span><\/span> <span class=\"jCAhz\"><span class=\"ryNqvb\">Ils sont con\u00e7us avec un rapport de couple de 5:1, ce qui signifie que si une roue perd de l'adh\u00e9rence, la roue qui a le plus d'adh\u00e9rence peut recevoir cinq fois plus de couple que la roue qui glisse.<\/span><\/span> <span class=\"jCAhz\"><span class=\"ryNqvb\">Cependant, cinq fois z\u00e9ro restent z\u00e9ro, de sorte que tous ces LSD en spirale fonctionnent mieux lorsque les deux roues sont \"plant\u00e9es\" et qu'il reste une certaine adh\u00e9rence sur la roue qui patine.<\/span><\/span> <span class=\"jCAhz JpY6Fd\"><span class=\"ryNqvb\">Dans la pratique, cela pose rarement un probl\u00e8me car il y a toujours une certaine \"tra\u00een\u00e9e\" sur la roue qui patine, mais certains conducteurs utilisent habilement le frein du pied gauche pour bloquer partiellement la roue qui patine.<\/span><\/span><span class=\"jCAhz ChMk0b\"><span class=\"ryNqvb\"> Remarque - Les LSD h\u00e9lico\u00efdaux fonctionnent particuli\u00e8rement bien en combinaison avec les syst\u00e8mes de freinage antiblocage modernes.<\/span><\/span><\/p>","protected":false},"excerpt":{"rendered":"<p>Toepassingen:- Citroen AX Citroen C2 Citroen Saxo VTR Citroen Saxo VTS MG ZR 105 Peugeot 106 (MA Box) Peugeot 205 (MA Box) Helical LSD Voordelen:- Gelijke rotatiesnelheid naar beide wielen Koppel verdeeld volgens tractie Minimale servicevereisten &#8211; geen koppelingen Snelle reactie vergeleken met viskeuze LSD&#8217;s Zachte en progressieve aangrijping, weinig geluid Eenvoudig te regelen aftakas [&hellip;]<\/p>\n","protected":false},"featured_media":94152,"template":"","meta":{"_acf_changed":false},"product_brand":[],"product_cat":[2614],"product_tag":[],"class_list":{"0":"post-79010","1":"product","2":"type-product","3":"status-publish","4":"has-post-thumbnail","6":"product_cat-sperdifferentielen","8":"first","9":"instock","10":"taxable","11":"shipping-taxable","12":"purchasable","13":"product-type-simple"},"acf":[],"yoast_head":"<!-- This site is optimized with the Yoast SEO plugin v27.1.1 - https:\/\/yoast.com\/product\/yoast-seo-wordpress\/ -->\n<title>Blackline Peugeot 106\/205 MA Helical LSD - Hoogstra Autosport<\/title>\n<meta name=\"robots\" content=\"index, follow, max-snippet:-1, max-image-preview:large, max-video-preview:-1\" \/>\n<link rel=\"canonical\" href=\"https:\/\/www.hoogstra-autosport.nl\/fr\/produit\/blackline-peugeot-106-205-ma-helical-lsd\/\" \/>\n<meta property=\"og:locale\" content=\"fr_FR\" \/>\n<meta property=\"og:type\" content=\"article\" \/>\n<meta property=\"og:title\" content=\"Blackline Peugeot 106\/205 MA Helical LSD - Hoogstra Autosport\" \/>\n<meta property=\"og:description\" content=\"Toepassingen:- Citroen AX Citroen C2 Citroen Saxo VTR Citroen Saxo VTS MG ZR 105 Peugeot 106 (MA Box) Peugeot 205 (MA Box) Helical LSD Voordelen:- Gelijke rotatiesnelheid naar beide wielen Koppel verdeeld volgens tractie Minimale servicevereisten &#8211; geen koppelingen Snelle reactie vergeleken met viskeuze LSD&#8217;s Zachte en progressieve aangrijping, weinig geluid Eenvoudig te regelen aftakas [&hellip;]\" \/>\n<meta property=\"og:url\" content=\"https:\/\/www.hoogstra-autosport.nl\/fr\/produit\/blackline-peugeot-106-205-ma-helical-lsd\/\" \/>\n<meta property=\"og:site_name\" content=\"Hoogstra Autosport\" \/>\n<meta property=\"article:modified_time\" content=\"2026-03-05T12:16:17+00:00\" \/>\n<meta property=\"og:image\" content=\"https:\/\/www.hoogstra-autosport.nl\/teamkoen\/wp-content\/uploads\/2025\/01\/Untitled-Project-92.jpg\" \/>\n\t<meta property=\"og:image:width\" content=\"1080\" \/>\n\t<meta property=\"og:image:height\" content=\"1080\" \/>\n\t<meta property=\"og:image:type\" content=\"image\/jpeg\" \/>\n<meta name=\"twitter:card\" content=\"summary_large_image\" \/>\n<meta name=\"twitter:label1\" content=\"Dur\u00e9e de lecture estim\u00e9e\" \/>\n\t<meta name=\"twitter:data1\" content=\"2 minutes\" \/>\n<script type=\"application\/ld+json\" class=\"yoast-schema-graph\">{\"@context\":\"https:\/\/schema.org\",\"@graph\":[{\"@type\":\"WebPage\",\"@id\":\"https:\/\/www.hoogstra-autosport.nl\/product\/blackline-peugeot-106-205-ma-helical-lsd\/\",\"url\":\"https:\/\/www.hoogstra-autosport.nl\/product\/blackline-peugeot-106-205-ma-helical-lsd\/\",\"name\":\"Blackline Peugeot 106\/205 MA Helical LSD - Hoogstra Autosport\",\"isPartOf\":{\"@id\":\"https:\/\/www.hoogstra-autosport.nl\/#website\"},\"primaryImageOfPage\":{\"@id\":\"https:\/\/www.hoogstra-autosport.nl\/product\/blackline-peugeot-106-205-ma-helical-lsd\/#primaryimage\"},\"image\":{\"@id\":\"https:\/\/www.hoogstra-autosport.nl\/product\/blackline-peugeot-106-205-ma-helical-lsd\/#primaryimage\"},\"thumbnailUrl\":\"https:\/\/www.hoogstra-autosport.nl\/teamkoen\/wp-content\/uploads\/2025\/01\/Untitled-Project-92.jpg\",\"datePublished\":\"2025-01-18T08:19:02+00:00\",\"dateModified\":\"2026-03-05T12:16:17+00:00\",\"breadcrumb\":{\"@id\":\"https:\/\/www.hoogstra-autosport.nl\/product\/blackline-peugeot-106-205-ma-helical-lsd\/#breadcrumb\"},\"inLanguage\":\"fr-FR\",\"potentialAction\":[{\"@type\":\"ReadAction\",\"target\":[\"https:\/\/www.hoogstra-autosport.nl\/product\/blackline-peugeot-106-205-ma-helical-lsd\/\"]}]},{\"@type\":\"ImageObject\",\"inLanguage\":\"fr-FR\",\"@id\":\"https:\/\/www.hoogstra-autosport.nl\/product\/blackline-peugeot-106-205-ma-helical-lsd\/#primaryimage\",\"url\":\"https:\/\/www.hoogstra-autosport.nl\/teamkoen\/wp-content\/uploads\/2025\/01\/Untitled-Project-92.jpg\",\"contentUrl\":\"https:\/\/www.hoogstra-autosport.nl\/teamkoen\/wp-content\/uploads\/2025\/01\/Untitled-Project-92.jpg\",\"width\":1080,\"height\":1080},{\"@type\":\"BreadcrumbList\",\"@id\":\"https:\/\/www.hoogstra-autosport.nl\/product\/blackline-peugeot-106-205-ma-helical-lsd\/#breadcrumb\",\"itemListElement\":[{\"@type\":\"ListItem\",\"position\":1,\"name\":\"Home\",\"item\":\"https:\/\/www.hoogstra-autosport.nl\/\"},{\"@type\":\"ListItem\",\"position\":2,\"name\":\"Motorisch\",\"item\":\"https:\/\/www.hoogstra-autosport.nl\/product-categorie\/auto-techniek\/\"},{\"@type\":\"ListItem\",\"position\":3,\"name\":\"Koppeling , Versnellingsbak en Assen\",\"item\":\"https:\/\/www.hoogstra-autosport.nl\/product-categorie\/auto-techniek\/koppeling-versnellingsbak-en-assen\/\"},{\"@type\":\"ListItem\",\"position\":4,\"name\":\"Sperdifferenti\u00eblen\",\"item\":\"https:\/\/www.hoogstra-autosport.nl\/product-categorie\/auto-techniek\/koppeling-versnellingsbak-en-assen\/sperdifferentielen\/\"},{\"@type\":\"ListItem\",\"position\":5,\"name\":\"Blackline Peugeot 106\/205 MA Helical LSD\"}]},{\"@type\":\"WebSite\",\"@id\":\"https:\/\/www.hoogstra-autosport.nl\/#website\",\"url\":\"https:\/\/www.hoogstra-autosport.nl\/\",\"name\":\"Hoogstra Autosport\",\"description\":\"Performance Autosport Parts!\",\"potentialAction\":[{\"@type\":\"SearchAction\",\"target\":{\"@type\":\"EntryPoint\",\"urlTemplate\":\"https:\/\/www.hoogstra-autosport.nl\/?s={search_term_string}\"},\"query-input\":{\"@type\":\"PropertyValueSpecification\",\"valueRequired\":true,\"valueName\":\"search_term_string\"}}],\"inLanguage\":\"fr-FR\"}]}<\/script>\n<!-- \/ Yoast SEO plugin. -->","yoast_head_json":{"title":"Blackline Peugeot 106\/205 MA Helical LSD - Hoogstra Autosport","robots":{"index":"index","follow":"follow","max-snippet":"max-snippet:-1","max-image-preview":"max-image-preview:large","max-video-preview":"max-video-preview:-1"},"canonical":"https:\/\/www.hoogstra-autosport.nl\/fr\/produit\/blackline-peugeot-106-205-ma-helical-lsd\/","og_locale":"fr_FR","og_type":"article","og_title":"Blackline Peugeot 106\/205 MA Helical LSD - Hoogstra Autosport","og_description":"Toepassingen:- Citroen AX Citroen C2 Citroen Saxo VTR Citroen Saxo VTS MG ZR 105 Peugeot 106 (MA Box) Peugeot 205 (MA Box) Helical LSD Voordelen:- Gelijke rotatiesnelheid naar beide wielen Koppel verdeeld volgens tractie Minimale servicevereisten &#8211; geen koppelingen Snelle reactie vergeleken met viskeuze LSD&#8217;s Zachte en progressieve aangrijping, weinig geluid Eenvoudig te regelen aftakas [&hellip;]","og_url":"https:\/\/www.hoogstra-autosport.nl\/fr\/produit\/blackline-peugeot-106-205-ma-helical-lsd\/","og_site_name":"Hoogstra Autosport","article_modified_time":"2026-03-05T12:16:17+00:00","og_image":[{"width":1080,"height":1080,"url":"https:\/\/www.hoogstra-autosport.nl\/teamkoen\/wp-content\/uploads\/2025\/01\/Untitled-Project-92.jpg","type":"image\/jpeg"}],"twitter_card":"summary_large_image","twitter_misc":{"Dur\u00e9e de lecture estim\u00e9e":"2 minutes"},"schema":{"@context":"https:\/\/schema.org","@graph":[{"@type":"WebPage","@id":"https:\/\/www.hoogstra-autosport.nl\/product\/blackline-peugeot-106-205-ma-helical-lsd\/","url":"https:\/\/www.hoogstra-autosport.nl\/product\/blackline-peugeot-106-205-ma-helical-lsd\/","name":"Blackline Peugeot 106\/205 MA Helical LSD - Hoogstra Autosport","isPartOf":{"@id":"https:\/\/www.hoogstra-autosport.nl\/#website"},"primaryImageOfPage":{"@id":"https:\/\/www.hoogstra-autosport.nl\/product\/blackline-peugeot-106-205-ma-helical-lsd\/#primaryimage"},"image":{"@id":"https:\/\/www.hoogstra-autosport.nl\/product\/blackline-peugeot-106-205-ma-helical-lsd\/#primaryimage"},"thumbnailUrl":"https:\/\/www.hoogstra-autosport.nl\/teamkoen\/wp-content\/uploads\/2025\/01\/Untitled-Project-92.jpg","datePublished":"2025-01-18T08:19:02+00:00","dateModified":"2026-03-05T12:16:17+00:00","breadcrumb":{"@id":"https:\/\/www.hoogstra-autosport.nl\/product\/blackline-peugeot-106-205-ma-helical-lsd\/#breadcrumb"},"inLanguage":"fr-FR","potentialAction":[{"@type":"ReadAction","target":["https:\/\/www.hoogstra-autosport.nl\/product\/blackline-peugeot-106-205-ma-helical-lsd\/"]}]},{"@type":"ImageObject","inLanguage":"fr-FR","@id":"https:\/\/www.hoogstra-autosport.nl\/product\/blackline-peugeot-106-205-ma-helical-lsd\/#primaryimage","url":"https:\/\/www.hoogstra-autosport.nl\/teamkoen\/wp-content\/uploads\/2025\/01\/Untitled-Project-92.jpg","contentUrl":"https:\/\/www.hoogstra-autosport.nl\/teamkoen\/wp-content\/uploads\/2025\/01\/Untitled-Project-92.jpg","width":1080,"height":1080},{"@type":"BreadcrumbList","@id":"https:\/\/www.hoogstra-autosport.nl\/product\/blackline-peugeot-106-205-ma-helical-lsd\/#breadcrumb","itemListElement":[{"@type":"ListItem","position":1,"name":"Home","item":"https:\/\/www.hoogstra-autosport.nl\/"},{"@type":"ListItem","position":2,"name":"Motorisch","item":"https:\/\/www.hoogstra-autosport.nl\/product-categorie\/auto-techniek\/"},{"@type":"ListItem","position":3,"name":"Koppeling , Versnellingsbak en Assen","item":"https:\/\/www.hoogstra-autosport.nl\/product-categorie\/auto-techniek\/koppeling-versnellingsbak-en-assen\/"},{"@type":"ListItem","position":4,"name":"Sperdifferenti\u00eblen","item":"https:\/\/www.hoogstra-autosport.nl\/product-categorie\/auto-techniek\/koppeling-versnellingsbak-en-assen\/sperdifferentielen\/"},{"@type":"ListItem","position":5,"name":"Blackline Peugeot 106\/205 MA Helical LSD"}]},{"@type":"WebSite","@id":"https:\/\/www.hoogstra-autosport.nl\/#website","url":"https:\/\/www.hoogstra-autosport.nl\/","name":"Hoogstra Autosport","description":"Performance Autosport Parts!","potentialAction":[{"@type":"SearchAction","target":{"@type":"EntryPoint","urlTemplate":"https:\/\/www.hoogstra-autosport.nl\/?s={search_term_string}"},"query-input":{"@type":"PropertyValueSpecification","valueRequired":true,"valueName":"search_term_string"}}],"inLanguage":"fr-FR"}]}},"tiered_pricing_type":"fixed","tiered_pricing_fixed_rules":[],"tiered_pricing_product_settings":{"layout":"default","base_unit_name":{"singular":null,"plural":null},"default_variation":null},"tiered_pricing_minimum_quantity":null,"tiered_pricing_roles_data":[],"tiered_pricing_percentage_rules":[],"tiered_pricing_maximum_quantity":null,"tiered_pricing_quantity_step":null,"_links":{"self":[{"href":"https:\/\/www.hoogstra-autosport.nl\/fr\/wp-json\/wp\/v2\/product\/79010","targetHints":{"allow":["GET"]}}],"collection":[{"href":"https:\/\/www.hoogstra-autosport.nl\/fr\/wp-json\/wp\/v2\/product"}],"about":[{"href":"https:\/\/www.hoogstra-autosport.nl\/fr\/wp-json\/wp\/v2\/types\/product"}],"wp:featuredmedia":[{"embeddable":true,"href":"https:\/\/www.hoogstra-autosport.nl\/fr\/wp-json\/wp\/v2\/media\/94152"}],"wp:attachment":[{"href":"https:\/\/www.hoogstra-autosport.nl\/fr\/wp-json\/wp\/v2\/media?parent=79010"}],"wp:term":[{"taxonomy":"product_brand","embeddable":true,"href":"https:\/\/www.hoogstra-autosport.nl\/fr\/wp-json\/wp\/v2\/product_brand?post=79010"},{"taxonomy":"product_cat","embeddable":true,"href":"https:\/\/www.hoogstra-autosport.nl\/fr\/wp-json\/wp\/v2\/product_cat?post=79010"},{"taxonomy":"product_tag","embeddable":true,"href":"https:\/\/www.hoogstra-autosport.nl\/fr\/wp-json\/wp\/v2\/product_tag?post=79010"}],"curies":[{"name":"wp","href":"https:\/\/api.w.org\/{rel}","templated":true}]}}