{"id":7879,"date":"2014-10-09T22:42:26","date_gmt":"2014-10-09T20:42:26","guid":{"rendered":"http:\/\/hoogstra-autosport.nl\/?product=ch999-brandstofpomp"},"modified":"2025-12-10T17:05:47","modified_gmt":"2025-12-10T16:05:47","slug":"ch999-brandstofpomp","status":"publish","type":"product","link":"https:\/\/www.hoogstra-autosport.nl\/fr\/produit\/ch999-brandstofpomp\/","title":{"rendered":"CH999 Pompe \u00e0 carburant"},"content":{"rendered":"<p>Pompe \u00e0 essence CH999 ! Pas cher mais bon ! Ayant vendu plus de 100 pompes \u00e0 coup s\u00fbr, pas un seul retour pour l'instant !<\/p>\n<p>Pression de travail : 5 Bar<br \/>\nPression maximale : 10 bars<\/p>\n<p>Tension : 12 V<br \/>\nDiam\u00e8tre d'entr\u00e9e du tuyau : 12 mm connexion externe 14 mm<br \/>\nDiam\u00e8tre d'\u00e9chappement : 12\u00d71,5 Banjo Stub<\/p>\n<p>Litres : 275 litres<\/p>\n<p>Le jeu de banjo est dot\u00e9 d'un raccord de tuyau de 8 mm.<\/p>\n<p>Remplace les num\u00e9ros de pompe \u00e0 carburant Bosch suivants ;<\/p>\n<p>0580254909<br \/>\n0580254918<br \/>\n0580254931<br \/>\n0580254932<br \/>\n0580254933<br \/>\n0580254934<br \/>\n0580254936<br \/>\n0580254937<br \/>\n0580254938<br \/>\n0580254945<br \/>\n0580254946<br \/>\n0580254949<br \/>\n0580254950<br \/>\n0580254951<br \/>\n0580254953<br \/>\n0580254957<br \/>\n0580254958<br \/>\n0580254959<br \/>\n0580254960<br \/>\n0580254961<br \/>\n0580254962<br \/>\n0580254964<br \/>\n0580254965<br \/>\n0580254966<br \/>\n0580254967<br \/>\n0580254968<br \/>\n0580254969<br \/>\n0580254970<br \/>\n0580254971<br \/>\n0580254972<br \/>\n0580254980<br \/>\n0580254981<br \/>\n0580254990<br \/>\n0580464021<br \/>\n0580464022<br \/>\n0580464024<br \/>\n0580464025<br \/>\n0580464027<br \/>\n0580464028<br \/>\n0580464030<br \/>\n0580464034<br \/>\n0580464037<br \/>\n0580464039<br \/>\n0580464040<br \/>\n0580464041<br \/>\n0580464042<br \/>\n0580464044<br \/>\n0580464045<br \/>\n0580464047<br \/>\n0580464057<br \/>\n0580464058<br \/>\n0580464068<br \/>\n0580464069<\/p>","protected":false},"excerpt":{"rendered":"<p>CH999 brandstofpomp ! Goedkoop maar goed ! Na zeker meer dan 100 pompen verkocht te hebben nog geen 1 retour! Werk druk: 5 Bar Maximale druk: 10 Bar Voltage : 12 V Inlaat diameter slang: 12mm aansluiting uitwendig 14 mm Uitlaat diameter: 12&#215;1.5 Banjo Stub Liter : 275 liter De banjo set \u00a0heeft een 8mm [&hellip;]<\/p>\n","protected":false},"featured_media":94975,"template":"","meta":{"_acf_changed":false},"product_brand":[],"product_cat":[2693],"product_tag":[],"class_list":{"0":"post-7879","1":"product","2":"type-product","3":"status-publish","4":"has-post-thumbnail","6":"product_cat-brandstofpomp-injectie","7":"product_shipping_class-4016","9":"first","10":"instock","11":"taxable","12":"shipping-taxable","13":"purchasable","14":"product-type-simple"},"acf":[],"yoast_head":"<!-- This site is optimized with the Yoast SEO plugin v27.1.1 - https:\/\/yoast.com\/product\/yoast-seo-wordpress\/ -->\n<title>CH999 Brandstofpomp - Hoogstra Autosport<\/title>\n<meta name=\"robots\" content=\"index, follow, max-snippet:-1, max-image-preview:large, max-video-preview:-1\" \/>\n<link rel=\"canonical\" href=\"https:\/\/www.hoogstra-autosport.nl\/fr\/produit\/ch999-brandstofpomp\/\" \/>\n<meta property=\"og:locale\" content=\"fr_FR\" \/>\n<meta property=\"og:type\" content=\"article\" \/>\n<meta property=\"og:title\" content=\"CH999 Brandstofpomp - Hoogstra Autosport\" \/>\n<meta property=\"og:description\" content=\"CH999 brandstofpomp ! Goedkoop maar goed ! Na zeker meer dan 100 pompen verkocht te hebben nog geen 1 retour! Werk druk: 5 Bar Maximale druk: 10 Bar Voltage : 12 V Inlaat diameter slang: 12mm aansluiting uitwendig 14 mm Uitlaat diameter: 12&#215;1.5 Banjo Stub Liter : 275 liter De banjo set \u00a0heeft een 8mm [&hellip;]\" \/>\n<meta property=\"og:url\" content=\"https:\/\/www.hoogstra-autosport.nl\/fr\/produit\/ch999-brandstofpomp\/\" \/>\n<meta property=\"og:site_name\" content=\"Hoogstra Autosport\" \/>\n<meta property=\"article:modified_time\" content=\"2025-12-10T16:05:47+00:00\" \/>\n<meta property=\"og:image\" content=\"https:\/\/www.hoogstra-autosport.nl\/teamkoen\/wp-content\/uploads\/2014\/10\/Untitled-Project-13.jpg\" \/>\n\t<meta property=\"og:image:width\" content=\"1080\" \/>\n\t<meta property=\"og:image:height\" content=\"1080\" \/>\n\t<meta property=\"og:image:type\" content=\"image\/jpeg\" \/>\n<meta name=\"twitter:card\" content=\"summary_large_image\" \/>\n<meta name=\"twitter:label1\" content=\"Dur\u00e9e de lecture estim\u00e9e\" \/>\n\t<meta name=\"twitter:data1\" content=\"1 minute\" \/>\n<script type=\"application\/ld+json\" class=\"yoast-schema-graph\">{\"@context\":\"https:\/\/schema.org\",\"@graph\":[{\"@type\":\"WebPage\",\"@id\":\"https:\/\/www.hoogstra-autosport.nl\/product\/ch999-brandstofpomp\/\",\"url\":\"https:\/\/www.hoogstra-autosport.nl\/product\/ch999-brandstofpomp\/\",\"name\":\"CH999 Brandstofpomp - Hoogstra Autosport\",\"isPartOf\":{\"@id\":\"https:\/\/www.hoogstra-autosport.nl\/#website\"},\"primaryImageOfPage\":{\"@id\":\"https:\/\/www.hoogstra-autosport.nl\/product\/ch999-brandstofpomp\/#primaryimage\"},\"image\":{\"@id\":\"https:\/\/www.hoogstra-autosport.nl\/product\/ch999-brandstofpomp\/#primaryimage\"},\"thumbnailUrl\":\"https:\/\/www.hoogstra-autosport.nl\/teamkoen\/wp-content\/uploads\/2014\/10\/Untitled-Project-13.jpg\",\"datePublished\":\"2014-10-09T20:42:26+00:00\",\"dateModified\":\"2025-12-10T16:05:47+00:00\",\"breadcrumb\":{\"@id\":\"https:\/\/www.hoogstra-autosport.nl\/product\/ch999-brandstofpomp\/#breadcrumb\"},\"inLanguage\":\"fr-FR\",\"potentialAction\":[{\"@type\":\"ReadAction\",\"target\":[\"https:\/\/www.hoogstra-autosport.nl\/product\/ch999-brandstofpomp\/\"]}]},{\"@type\":\"ImageObject\",\"inLanguage\":\"fr-FR\",\"@id\":\"https:\/\/www.hoogstra-autosport.nl\/product\/ch999-brandstofpomp\/#primaryimage\",\"url\":\"https:\/\/www.hoogstra-autosport.nl\/teamkoen\/wp-content\/uploads\/2014\/10\/Untitled-Project-13.jpg\",\"contentUrl\":\"https:\/\/www.hoogstra-autosport.nl\/teamkoen\/wp-content\/uploads\/2014\/10\/Untitled-Project-13.jpg\",\"width\":1080,\"height\":1080},{\"@type\":\"BreadcrumbList\",\"@id\":\"https:\/\/www.hoogstra-autosport.nl\/product\/ch999-brandstofpomp\/#breadcrumb\",\"itemListElement\":[{\"@type\":\"ListItem\",\"position\":1,\"name\":\"Home\",\"item\":\"https:\/\/www.hoogstra-autosport.nl\/\"},{\"@type\":\"ListItem\",\"position\":2,\"name\":\"Brandstof Systeem\",\"item\":\"https:\/\/www.hoogstra-autosport.nl\/product-categorie\/brandstof-systeem-2\/\"},{\"@type\":\"ListItem\",\"position\":3,\"name\":\"Benzine Pompen\",\"item\":\"https:\/\/www.hoogstra-autosport.nl\/product-categorie\/brandstof-systeem-2\/benzine-pompen\/\"},{\"@type\":\"ListItem\",\"position\":4,\"name\":\"Brandstofpomp Injectie\",\"item\":\"https:\/\/www.hoogstra-autosport.nl\/product-categorie\/brandstof-systeem-2\/benzine-pompen\/brandstofpomp-injectie\/\"},{\"@type\":\"ListItem\",\"position\":5,\"name\":\"CH999 Brandstofpomp\"}]},{\"@type\":\"WebSite\",\"@id\":\"https:\/\/www.hoogstra-autosport.nl\/#website\",\"url\":\"https:\/\/www.hoogstra-autosport.nl\/\",\"name\":\"Hoogstra Autosport\",\"description\":\"Performance Autosport Parts!\",\"potentialAction\":[{\"@type\":\"SearchAction\",\"target\":{\"@type\":\"EntryPoint\",\"urlTemplate\":\"https:\/\/www.hoogstra-autosport.nl\/?s={search_term_string}\"},\"query-input\":{\"@type\":\"PropertyValueSpecification\",\"valueRequired\":true,\"valueName\":\"search_term_string\"}}],\"inLanguage\":\"fr-FR\"}]}<\/script>\n<!-- \/ Yoast SEO plugin. -->","yoast_head_json":{"title":"CH999 Brandstofpomp - Hoogstra Autosport","robots":{"index":"index","follow":"follow","max-snippet":"max-snippet:-1","max-image-preview":"max-image-preview:large","max-video-preview":"max-video-preview:-1"},"canonical":"https:\/\/www.hoogstra-autosport.nl\/fr\/produit\/ch999-brandstofpomp\/","og_locale":"fr_FR","og_type":"article","og_title":"CH999 Brandstofpomp - Hoogstra Autosport","og_description":"CH999 brandstofpomp ! Goedkoop maar goed ! Na zeker meer dan 100 pompen verkocht te hebben nog geen 1 retour! Werk druk: 5 Bar Maximale druk: 10 Bar Voltage : 12 V Inlaat diameter slang: 12mm aansluiting uitwendig 14 mm Uitlaat diameter: 12&#215;1.5 Banjo Stub Liter : 275 liter De banjo set \u00a0heeft een 8mm [&hellip;]","og_url":"https:\/\/www.hoogstra-autosport.nl\/fr\/produit\/ch999-brandstofpomp\/","og_site_name":"Hoogstra Autosport","article_modified_time":"2025-12-10T16:05:47+00:00","og_image":[{"width":1080,"height":1080,"url":"https:\/\/www.hoogstra-autosport.nl\/teamkoen\/wp-content\/uploads\/2014\/10\/Untitled-Project-13.jpg","type":"image\/jpeg"}],"twitter_card":"summary_large_image","twitter_misc":{"Dur\u00e9e de lecture estim\u00e9e":"1 minute"},"schema":{"@context":"https:\/\/schema.org","@graph":[{"@type":"WebPage","@id":"https:\/\/www.hoogstra-autosport.nl\/product\/ch999-brandstofpomp\/","url":"https:\/\/www.hoogstra-autosport.nl\/product\/ch999-brandstofpomp\/","name":"CH999 Brandstofpomp - Hoogstra Autosport","isPartOf":{"@id":"https:\/\/www.hoogstra-autosport.nl\/#website"},"primaryImageOfPage":{"@id":"https:\/\/www.hoogstra-autosport.nl\/product\/ch999-brandstofpomp\/#primaryimage"},"image":{"@id":"https:\/\/www.hoogstra-autosport.nl\/product\/ch999-brandstofpomp\/#primaryimage"},"thumbnailUrl":"https:\/\/www.hoogstra-autosport.nl\/teamkoen\/wp-content\/uploads\/2014\/10\/Untitled-Project-13.jpg","datePublished":"2014-10-09T20:42:26+00:00","dateModified":"2025-12-10T16:05:47+00:00","breadcrumb":{"@id":"https:\/\/www.hoogstra-autosport.nl\/product\/ch999-brandstofpomp\/#breadcrumb"},"inLanguage":"fr-FR","potentialAction":[{"@type":"ReadAction","target":["https:\/\/www.hoogstra-autosport.nl\/product\/ch999-brandstofpomp\/"]}]},{"@type":"ImageObject","inLanguage":"fr-FR","@id":"https:\/\/www.hoogstra-autosport.nl\/product\/ch999-brandstofpomp\/#primaryimage","url":"https:\/\/www.hoogstra-autosport.nl\/teamkoen\/wp-content\/uploads\/2014\/10\/Untitled-Project-13.jpg","contentUrl":"https:\/\/www.hoogstra-autosport.nl\/teamkoen\/wp-content\/uploads\/2014\/10\/Untitled-Project-13.jpg","width":1080,"height":1080},{"@type":"BreadcrumbList","@id":"https:\/\/www.hoogstra-autosport.nl\/product\/ch999-brandstofpomp\/#breadcrumb","itemListElement":[{"@type":"ListItem","position":1,"name":"Home","item":"https:\/\/www.hoogstra-autosport.nl\/"},{"@type":"ListItem","position":2,"name":"Brandstof Systeem","item":"https:\/\/www.hoogstra-autosport.nl\/product-categorie\/brandstof-systeem-2\/"},{"@type":"ListItem","position":3,"name":"Benzine Pompen","item":"https:\/\/www.hoogstra-autosport.nl\/product-categorie\/brandstof-systeem-2\/benzine-pompen\/"},{"@type":"ListItem","position":4,"name":"Brandstofpomp Injectie","item":"https:\/\/www.hoogstra-autosport.nl\/product-categorie\/brandstof-systeem-2\/benzine-pompen\/brandstofpomp-injectie\/"},{"@type":"ListItem","position":5,"name":"CH999 Brandstofpomp"}]},{"@type":"WebSite","@id":"https:\/\/www.hoogstra-autosport.nl\/#website","url":"https:\/\/www.hoogstra-autosport.nl\/","name":"Hoogstra Autosport","description":"Performance Autosport Parts!","potentialAction":[{"@type":"SearchAction","target":{"@type":"EntryPoint","urlTemplate":"https:\/\/www.hoogstra-autosport.nl\/?s={search_term_string}"},"query-input":{"@type":"PropertyValueSpecification","valueRequired":true,"valueName":"search_term_string"}}],"inLanguage":"fr-FR"}]}},"tiered_pricing_type":"fixed","tiered_pricing_fixed_rules":[],"tiered_pricing_product_settings":{"layout":"default","base_unit_name":{"singular":null,"plural":null},"default_variation":null},"tiered_pricing_minimum_quantity":null,"tiered_pricing_roles_data":[],"tiered_pricing_percentage_rules":[],"tiered_pricing_maximum_quantity":null,"tiered_pricing_quantity_step":null,"_links":{"self":[{"href":"https:\/\/www.hoogstra-autosport.nl\/fr\/wp-json\/wp\/v2\/product\/7879","targetHints":{"allow":["GET"]}}],"collection":[{"href":"https:\/\/www.hoogstra-autosport.nl\/fr\/wp-json\/wp\/v2\/product"}],"about":[{"href":"https:\/\/www.hoogstra-autosport.nl\/fr\/wp-json\/wp\/v2\/types\/product"}],"wp:featuredmedia":[{"embeddable":true,"href":"https:\/\/www.hoogstra-autosport.nl\/fr\/wp-json\/wp\/v2\/media\/94975"}],"wp:attachment":[{"href":"https:\/\/www.hoogstra-autosport.nl\/fr\/wp-json\/wp\/v2\/media?parent=7879"}],"wp:term":[{"taxonomy":"product_brand","embeddable":true,"href":"https:\/\/www.hoogstra-autosport.nl\/fr\/wp-json\/wp\/v2\/product_brand?post=7879"},{"taxonomy":"product_cat","embeddable":true,"href":"https:\/\/www.hoogstra-autosport.nl\/fr\/wp-json\/wp\/v2\/product_cat?post=7879"},{"taxonomy":"product_tag","embeddable":true,"href":"https:\/\/www.hoogstra-autosport.nl\/fr\/wp-json\/wp\/v2\/product_tag?post=7879"}],"curies":[{"name":"wp","href":"https:\/\/api.w.org\/{rel}","templated":true}]}}