{"id":77987,"date":"2024-12-13T09:23:53","date_gmt":"2024-12-13T08:23:53","guid":{"rendered":"https:\/\/www.hoogstra-autosport.nl\/?post_type=product&#038;p=77987"},"modified":"2025-11-19T09:19:54","modified_gmt":"2025-11-19T08:19:54","slug":"simpson-female-hybrid-sport","status":"publish","type":"product","link":"https:\/\/www.hoogstra-autosport.nl\/fr\/produit\/simpson-female-hybrid-sport\/","title":{"rendered":"Simpson - Sport hybride f\u00e9minin"},"content":{"rendered":"<p>Simpson Female Sports hybrides sp\u00e9cialement con\u00e7us pour les femmes !<\/p>\n<p>Les Simpson Hybrid sports sont les seuls dispositifs de retenue de la t\u00eate et du cou approuv\u00e9s par la FIA 8858-2010 sur le march\u00e9 qui offrent une protection en cas d'impacts frontaux, d\u00e9cal\u00e9s et lat\u00e9raux. Con\u00e7u pour faciliter la sortie de la voiture sans risque d'enchev\u00eatrement avec d'autres \u00e9quipements, le dispositif repose sur le dos\/les \u00e9paules, et non sur la poitrine ou la clavicule comme avec les anciens dispositifs de type HANS. En outre, il offre un maximum de confort et de maniabilit\u00e9.<\/p>\n<p>Evolution de la Hybrid Pro Rage, la nouvelle Hybrid Sport am\u00e9liore le design et la technologie, offrant au pilote un produit am\u00e9lior\u00e9 dans la m\u00eame gamme de prix que l'ancien mod\u00e8le. L'Hybrid Sport est plus l\u00e9g\u00e8re, avec 20% de poids en moins pour la grande taille, y compris le mat\u00e9riel. La construction en carbone\/polym\u00e8re DuPont est \u00e9l\u00e9gante, moderne et attrayante, avec des ailes d\u00e9finies pour un meilleur contr\u00f4le du harnais. Les sangles coulissantes et le syst\u00e8me multi-attaches am\u00e9liorent l'amplitude des mouvements lat\u00e9raux et le champ de vision. L'Hybrid Sport est certifi\u00e9 SFI 38.1 et FIA.<\/p>\n<p>HANS - Post Anchor : Ces attaches permettent au conducteur d'utiliser le dispositif Hybrid avec des casques sur lesquels des ancres HANS standard sont d\u00e9j\u00e0 install\u00e9es (ou avec l'approbation appropri\u00e9e pour adapter les ancres). Approuv\u00e9 pour les casques de la norme FIA 8858-2002\/FIA 8858-2010 ou sup\u00e9rieure.<\/p>\n<p>M61 - Lib\u00e9ration rapide : Ces attaches permettent au conducteur de lib\u00e9rer facilement le dispositif Hybrid en tirant sur le cordon attach\u00e9 au casque. Approuv\u00e9 pour les casques r\u00e9pondant \u00e0 la norme FIA 8858-2010 ou \u00e0 une norme sup\u00e9rieure. Id\u00e9al pour les rallyes o\u00f9 le casque peut \u00eatre enlev\u00e9 et remis plus fr\u00e9quemment (par exemple entre les \u00e9tapes). Poids : environ 956 grammes complet. Approuv\u00e9 par la FIA 8858-2010.<\/p>","protected":false},"excerpt":{"rendered":"<p>Simpson Female Hybrid sport speciaal ontworpen voor vrouwen! Simpson Hybrid sport zijn de enige FIA 8858-2010 goedgekeurde Head and Neck Restraints op de markt die bescherming bieden bij frontale, offset en zijdelingse botsingen. Ontworpen om gemakkelijk uit de auto te stappen zonder het gevaar om verstrikt te raken in andere uitrusting, zit het apparaat op [&hellip;]<\/p>\n","protected":false},"featured_media":92795,"template":"","meta":{"_acf_changed":false},"product_brand":[],"product_cat":[4293],"product_tag":[],"class_list":{"0":"post-77987","1":"product","2":"type-product","3":"status-publish","4":"has-post-thumbnail","6":"product_cat-hybrid-hans-systeem","8":"first","9":"instock","10":"taxable","11":"shipping-taxable","12":"purchasable","13":"product-type-variable"},"acf":[],"yoast_head":"<!-- This site is optimized with the Yoast SEO plugin v27.1.1 - https:\/\/yoast.com\/product\/yoast-seo-wordpress\/ -->\n<title>Simpson - Female Hybrid Sport - Hoogstra Autosport<\/title>\n<meta name=\"robots\" content=\"index, follow, max-snippet:-1, max-image-preview:large, max-video-preview:-1\" \/>\n<link rel=\"canonical\" href=\"https:\/\/www.hoogstra-autosport.nl\/fr\/produit\/simpson-female-hybrid-sport\/\" \/>\n<meta property=\"og:locale\" content=\"fr_FR\" \/>\n<meta property=\"og:type\" content=\"article\" \/>\n<meta property=\"og:title\" content=\"Simpson - Female Hybrid Sport - Hoogstra Autosport\" \/>\n<meta property=\"og:description\" content=\"Simpson Female Hybrid sport speciaal ontworpen voor vrouwen! Simpson Hybrid sport zijn de enige FIA 8858-2010 goedgekeurde Head and Neck Restraints op de markt die bescherming bieden bij frontale, offset en zijdelingse botsingen. Ontworpen om gemakkelijk uit de auto te stappen zonder het gevaar om verstrikt te raken in andere uitrusting, zit het apparaat op [&hellip;]\" \/>\n<meta property=\"og:url\" content=\"https:\/\/www.hoogstra-autosport.nl\/fr\/produit\/simpson-female-hybrid-sport\/\" \/>\n<meta property=\"og:site_name\" content=\"Hoogstra Autosport\" \/>\n<meta property=\"article:modified_time\" content=\"2025-11-19T08:19:54+00:00\" \/>\n<meta property=\"og:image\" content=\"https:\/\/www.hoogstra-autosport.nl\/teamkoen\/wp-content\/uploads\/2024\/12\/female-hybrid.jpg\" \/>\n\t<meta property=\"og:image:width\" content=\"1000\" \/>\n\t<meta property=\"og:image:height\" content=\"1000\" \/>\n\t<meta property=\"og:image:type\" content=\"image\/jpeg\" \/>\n<meta name=\"twitter:card\" content=\"summary_large_image\" \/>\n<meta name=\"twitter:label1\" content=\"Dur\u00e9e de lecture estim\u00e9e\" \/>\n\t<meta name=\"twitter:data1\" content=\"2 minutes\" \/>\n<script type=\"application\/ld+json\" class=\"yoast-schema-graph\">{\"@context\":\"https:\/\/schema.org\",\"@graph\":[{\"@type\":\"WebPage\",\"@id\":\"https:\/\/www.hoogstra-autosport.nl\/product\/simpson-female-hybrid-sport\/\",\"url\":\"https:\/\/www.hoogstra-autosport.nl\/product\/simpson-female-hybrid-sport\/\",\"name\":\"Simpson - Female Hybrid Sport - Hoogstra Autosport\",\"isPartOf\":{\"@id\":\"https:\/\/www.hoogstra-autosport.nl\/#website\"},\"primaryImageOfPage\":{\"@id\":\"https:\/\/www.hoogstra-autosport.nl\/product\/simpson-female-hybrid-sport\/#primaryimage\"},\"image\":{\"@id\":\"https:\/\/www.hoogstra-autosport.nl\/product\/simpson-female-hybrid-sport\/#primaryimage\"},\"thumbnailUrl\":\"https:\/\/www.hoogstra-autosport.nl\/teamkoen\/wp-content\/uploads\/2024\/12\/female-hybrid.jpg\",\"datePublished\":\"2024-12-13T08:23:53+00:00\",\"dateModified\":\"2025-11-19T08:19:54+00:00\",\"breadcrumb\":{\"@id\":\"https:\/\/www.hoogstra-autosport.nl\/product\/simpson-female-hybrid-sport\/#breadcrumb\"},\"inLanguage\":\"fr-FR\",\"potentialAction\":[{\"@type\":\"ReadAction\",\"target\":[\"https:\/\/www.hoogstra-autosport.nl\/product\/simpson-female-hybrid-sport\/\"]}]},{\"@type\":\"ImageObject\",\"inLanguage\":\"fr-FR\",\"@id\":\"https:\/\/www.hoogstra-autosport.nl\/product\/simpson-female-hybrid-sport\/#primaryimage\",\"url\":\"https:\/\/www.hoogstra-autosport.nl\/teamkoen\/wp-content\/uploads\/2024\/12\/female-hybrid.jpg\",\"contentUrl\":\"https:\/\/www.hoogstra-autosport.nl\/teamkoen\/wp-content\/uploads\/2024\/12\/female-hybrid.jpg\",\"width\":1000,\"height\":1000},{\"@type\":\"BreadcrumbList\",\"@id\":\"https:\/\/www.hoogstra-autosport.nl\/product\/simpson-female-hybrid-sport\/#breadcrumb\",\"itemListElement\":[{\"@type\":\"ListItem\",\"position\":1,\"name\":\"Home\",\"item\":\"https:\/\/www.hoogstra-autosport.nl\/\"},{\"@type\":\"ListItem\",\"position\":2,\"name\":\"Uitrusting\",\"item\":\"https:\/\/www.hoogstra-autosport.nl\/product-categorie\/autosport-kleding-helmen\/\"},{\"@type\":\"ListItem\",\"position\":3,\"name\":\"H.A.N.S. &amp; Simpson Systemen\",\"item\":\"https:\/\/www.hoogstra-autosport.nl\/product-categorie\/autosport-kleding-helmen\/hans-systeem\/\"},{\"@type\":\"ListItem\",\"position\":4,\"name\":\"Simpson Hybrid\",\"item\":\"https:\/\/www.hoogstra-autosport.nl\/product-categorie\/autosport-kleding-helmen\/hans-systeem\/hybrid-hans-systeem\/\"},{\"@type\":\"ListItem\",\"position\":5,\"name\":\"Simpson &#8211; Female Hybrid Sport\"}]},{\"@type\":\"WebSite\",\"@id\":\"https:\/\/www.hoogstra-autosport.nl\/#website\",\"url\":\"https:\/\/www.hoogstra-autosport.nl\/\",\"name\":\"Hoogstra Autosport\",\"description\":\"Performance Autosport Parts!\",\"potentialAction\":[{\"@type\":\"SearchAction\",\"target\":{\"@type\":\"EntryPoint\",\"urlTemplate\":\"https:\/\/www.hoogstra-autosport.nl\/?s={search_term_string}\"},\"query-input\":{\"@type\":\"PropertyValueSpecification\",\"valueRequired\":true,\"valueName\":\"search_term_string\"}}],\"inLanguage\":\"fr-FR\"}]}<\/script>\n<!-- \/ Yoast SEO plugin. -->","yoast_head_json":{"title":"Simpson - Female Hybrid Sport - Hoogstra Autosport","robots":{"index":"index","follow":"follow","max-snippet":"max-snippet:-1","max-image-preview":"max-image-preview:large","max-video-preview":"max-video-preview:-1"},"canonical":"https:\/\/www.hoogstra-autosport.nl\/fr\/produit\/simpson-female-hybrid-sport\/","og_locale":"fr_FR","og_type":"article","og_title":"Simpson - Female Hybrid Sport - Hoogstra Autosport","og_description":"Simpson Female Hybrid sport speciaal ontworpen voor vrouwen! Simpson Hybrid sport zijn de enige FIA 8858-2010 goedgekeurde Head and Neck Restraints op de markt die bescherming bieden bij frontale, offset en zijdelingse botsingen. Ontworpen om gemakkelijk uit de auto te stappen zonder het gevaar om verstrikt te raken in andere uitrusting, zit het apparaat op [&hellip;]","og_url":"https:\/\/www.hoogstra-autosport.nl\/fr\/produit\/simpson-female-hybrid-sport\/","og_site_name":"Hoogstra Autosport","article_modified_time":"2025-11-19T08:19:54+00:00","og_image":[{"width":1000,"height":1000,"url":"https:\/\/www.hoogstra-autosport.nl\/teamkoen\/wp-content\/uploads\/2024\/12\/female-hybrid.jpg","type":"image\/jpeg"}],"twitter_card":"summary_large_image","twitter_misc":{"Dur\u00e9e de lecture estim\u00e9e":"2 minutes"},"schema":{"@context":"https:\/\/schema.org","@graph":[{"@type":"WebPage","@id":"https:\/\/www.hoogstra-autosport.nl\/product\/simpson-female-hybrid-sport\/","url":"https:\/\/www.hoogstra-autosport.nl\/product\/simpson-female-hybrid-sport\/","name":"Simpson - Female Hybrid Sport - Hoogstra Autosport","isPartOf":{"@id":"https:\/\/www.hoogstra-autosport.nl\/#website"},"primaryImageOfPage":{"@id":"https:\/\/www.hoogstra-autosport.nl\/product\/simpson-female-hybrid-sport\/#primaryimage"},"image":{"@id":"https:\/\/www.hoogstra-autosport.nl\/product\/simpson-female-hybrid-sport\/#primaryimage"},"thumbnailUrl":"https:\/\/www.hoogstra-autosport.nl\/teamkoen\/wp-content\/uploads\/2024\/12\/female-hybrid.jpg","datePublished":"2024-12-13T08:23:53+00:00","dateModified":"2025-11-19T08:19:54+00:00","breadcrumb":{"@id":"https:\/\/www.hoogstra-autosport.nl\/product\/simpson-female-hybrid-sport\/#breadcrumb"},"inLanguage":"fr-FR","potentialAction":[{"@type":"ReadAction","target":["https:\/\/www.hoogstra-autosport.nl\/product\/simpson-female-hybrid-sport\/"]}]},{"@type":"ImageObject","inLanguage":"fr-FR","@id":"https:\/\/www.hoogstra-autosport.nl\/product\/simpson-female-hybrid-sport\/#primaryimage","url":"https:\/\/www.hoogstra-autosport.nl\/teamkoen\/wp-content\/uploads\/2024\/12\/female-hybrid.jpg","contentUrl":"https:\/\/www.hoogstra-autosport.nl\/teamkoen\/wp-content\/uploads\/2024\/12\/female-hybrid.jpg","width":1000,"height":1000},{"@type":"BreadcrumbList","@id":"https:\/\/www.hoogstra-autosport.nl\/product\/simpson-female-hybrid-sport\/#breadcrumb","itemListElement":[{"@type":"ListItem","position":1,"name":"Home","item":"https:\/\/www.hoogstra-autosport.nl\/"},{"@type":"ListItem","position":2,"name":"Uitrusting","item":"https:\/\/www.hoogstra-autosport.nl\/product-categorie\/autosport-kleding-helmen\/"},{"@type":"ListItem","position":3,"name":"H.A.N.S. &amp; Simpson Systemen","item":"https:\/\/www.hoogstra-autosport.nl\/product-categorie\/autosport-kleding-helmen\/hans-systeem\/"},{"@type":"ListItem","position":4,"name":"Simpson Hybrid","item":"https:\/\/www.hoogstra-autosport.nl\/product-categorie\/autosport-kleding-helmen\/hans-systeem\/hybrid-hans-systeem\/"},{"@type":"ListItem","position":5,"name":"Simpson &#8211; Female Hybrid Sport"}]},{"@type":"WebSite","@id":"https:\/\/www.hoogstra-autosport.nl\/#website","url":"https:\/\/www.hoogstra-autosport.nl\/","name":"Hoogstra Autosport","description":"Performance Autosport Parts!","potentialAction":[{"@type":"SearchAction","target":{"@type":"EntryPoint","urlTemplate":"https:\/\/www.hoogstra-autosport.nl\/?s={search_term_string}"},"query-input":{"@type":"PropertyValueSpecification","valueRequired":true,"valueName":"search_term_string"}}],"inLanguage":"fr-FR"}]}},"tiered_pricing_type":"fixed","tiered_pricing_fixed_rules":[],"tiered_pricing_product_settings":{"layout":"default","base_unit_name":{"singular":null,"plural":null},"default_variation":null},"tiered_pricing_minimum_quantity":null,"tiered_pricing_roles_data":[],"tiered_pricing_percentage_rules":[],"tiered_pricing_maximum_quantity":null,"tiered_pricing_quantity_step":null,"_links":{"self":[{"href":"https:\/\/www.hoogstra-autosport.nl\/fr\/wp-json\/wp\/v2\/product\/77987","targetHints":{"allow":["GET"]}}],"collection":[{"href":"https:\/\/www.hoogstra-autosport.nl\/fr\/wp-json\/wp\/v2\/product"}],"about":[{"href":"https:\/\/www.hoogstra-autosport.nl\/fr\/wp-json\/wp\/v2\/types\/product"}],"wp:featuredmedia":[{"embeddable":true,"href":"https:\/\/www.hoogstra-autosport.nl\/fr\/wp-json\/wp\/v2\/media\/92795"}],"wp:attachment":[{"href":"https:\/\/www.hoogstra-autosport.nl\/fr\/wp-json\/wp\/v2\/media?parent=77987"}],"wp:term":[{"taxonomy":"product_brand","embeddable":true,"href":"https:\/\/www.hoogstra-autosport.nl\/fr\/wp-json\/wp\/v2\/product_brand?post=77987"},{"taxonomy":"product_cat","embeddable":true,"href":"https:\/\/www.hoogstra-autosport.nl\/fr\/wp-json\/wp\/v2\/product_cat?post=77987"},{"taxonomy":"product_tag","embeddable":true,"href":"https:\/\/www.hoogstra-autosport.nl\/fr\/wp-json\/wp\/v2\/product_tag?post=77987"}],"curies":[{"name":"wp","href":"https:\/\/api.w.org\/{rel}","templated":true}]}}