{"id":7789,"date":"2014-08-25T13:19:17","date_gmt":"2014-08-25T11:19:17","guid":{"rendered":"http:\/\/hoogstra-autosport.nl\/?product=ripp-n-roll-hybridRipp-&#039;-n-Roll-Oranje-"},"modified":"2025-03-12T16:09:21","modified_gmt":"2025-03-12T15:09:21","slug":"ripp-n-roll-hybridripp-n-roll-oranje","status":"publish","type":"product","link":"https:\/\/www.hoogstra-autosport.nl\/fr\/produit\/ripp-n-roll-hybridripp-n-roll-oranje\/","title":{"rendered":"Rip N Roll Hybrid Neon Orange"},"content":{"rendered":"<p>Rip and Roll<\/p>\n<p>Orange fluo<\/p>\n<p>Lunettes de protection compl\u00e8tes avec prot\u00e8ge-nez, disponibles dans de nombreuses couleurs.<\/p>\n<p>Y compris<\/p>\n<p>Syst\u00e8me de roulement<\/p>\n<p>Lentille anti-rayures<br \/>\n- Bande adh\u00e9sive sur le dessus<\/p>\n<p>Tous les verres sont inclus<br \/>\n- Prot\u00e8ge-nez<br \/>\n- Paquet de 10 pi\u00e8ces d\u00e9tach\u00e9es<\/p>","protected":false},"excerpt":{"rendered":"<p>Rip and Roll Neon oranje Crossbrillen compleet met neusbeschermer in vele verschillende kleuren leverbaar Inclusief Roll-Off system \u2022Anti Scratch Lens \u2022 Plakstrip bovenlangs Alle Brillen inclusief \u2022 Neusbeschermer \u2022 Pakje met 10 tearoffs<\/p>","protected":false},"featured_media":82438,"template":"","meta":{"_acf_changed":false},"product_brand":[],"product_cat":[4185],"product_tag":[],"class_list":{"0":"post-7789","1":"product","2":"type-product","3":"status-publish","4":"has-post-thumbnail","6":"product_cat-hybrid","7":"product_shipping_class-4016","9":"first","10":"instock","11":"taxable","12":"shipping-taxable","13":"purchasable","14":"product-type-simple"},"acf":[],"yoast_head":"<!-- This site is optimized with the Yoast SEO plugin v27.1.1 - https:\/\/yoast.com\/product\/yoast-seo-wordpress\/ -->\n<title>Rip N Roll Hybrid Neon Oranje - Hoogstra Autosport<\/title>\n<meta name=\"description\" content=\"crossbril\" \/>\n<meta name=\"robots\" content=\"index, follow, max-snippet:-1, max-image-preview:large, max-video-preview:-1\" \/>\n<link rel=\"canonical\" href=\"https:\/\/www.hoogstra-autosport.nl\/fr\/produit\/ripp-n-roll-hybridripp-n-roll-oranje\/\" \/>\n<meta property=\"og:locale\" content=\"fr_FR\" \/>\n<meta property=\"og:type\" content=\"article\" \/>\n<meta property=\"og:title\" content=\"Rip N Roll Hybrid Neon Oranje - Hoogstra Autosport\" \/>\n<meta property=\"og:description\" content=\"crossbril\" \/>\n<meta property=\"og:url\" content=\"https:\/\/www.hoogstra-autosport.nl\/fr\/produit\/ripp-n-roll-hybridripp-n-roll-oranje\/\" \/>\n<meta property=\"og:site_name\" content=\"Hoogstra Autosport\" \/>\n<meta property=\"article:modified_time\" content=\"2025-03-12T15:09:21+00:00\" \/>\n<meta property=\"og:image\" content=\"https:\/\/hoogstra-autosport.nl\/teamkoen\/content\/uploads\/2014\/08\/neon-oranj.jpg\" \/>\n\t<meta property=\"og:image:width\" content=\"1179\" \/>\n\t<meta property=\"og:image:height\" content=\"1179\" \/>\n\t<meta property=\"og:image:type\" content=\"image\/jpeg\" \/>\n<meta name=\"twitter:card\" content=\"summary_large_image\" \/>\n<meta name=\"twitter:label1\" content=\"Dur\u00e9e de lecture estim\u00e9e\" \/>\n\t<meta name=\"twitter:data1\" content=\"1 minute\" \/>\n<script type=\"application\/ld+json\" class=\"yoast-schema-graph\">{\"@context\":\"https:\/\/schema.org\",\"@graph\":[{\"@type\":\"WebPage\",\"@id\":\"https:\/\/www.hoogstra-autosport.nl\/product\/ripp-n-roll-hybridripp-n-roll-oranje\/\",\"url\":\"https:\/\/www.hoogstra-autosport.nl\/product\/ripp-n-roll-hybridripp-n-roll-oranje\/\",\"name\":\"Rip N Roll Hybrid Neon Oranje - Hoogstra Autosport\",\"isPartOf\":{\"@id\":\"https:\/\/www.hoogstra-autosport.nl\/#website\"},\"primaryImageOfPage\":{\"@id\":\"https:\/\/www.hoogstra-autosport.nl\/product\/ripp-n-roll-hybridripp-n-roll-oranje\/#primaryimage\"},\"image\":{\"@id\":\"https:\/\/www.hoogstra-autosport.nl\/product\/ripp-n-roll-hybridripp-n-roll-oranje\/#primaryimage\"},\"thumbnailUrl\":\"https:\/\/www.hoogstra-autosport.nl\/teamkoen\/wp-content\/uploads\/2014\/08\/neon-oranj.jpg\",\"datePublished\":\"2014-08-25T11:19:17+00:00\",\"dateModified\":\"2025-03-12T15:09:21+00:00\",\"description\":\"crossbril\",\"breadcrumb\":{\"@id\":\"https:\/\/www.hoogstra-autosport.nl\/product\/ripp-n-roll-hybridripp-n-roll-oranje\/#breadcrumb\"},\"inLanguage\":\"fr-FR\",\"potentialAction\":[{\"@type\":\"ReadAction\",\"target\":[\"https:\/\/www.hoogstra-autosport.nl\/product\/ripp-n-roll-hybridripp-n-roll-oranje\/\"]}]},{\"@type\":\"ImageObject\",\"inLanguage\":\"fr-FR\",\"@id\":\"https:\/\/www.hoogstra-autosport.nl\/product\/ripp-n-roll-hybridripp-n-roll-oranje\/#primaryimage\",\"url\":\"https:\/\/www.hoogstra-autosport.nl\/teamkoen\/wp-content\/uploads\/2014\/08\/neon-oranj.jpg\",\"contentUrl\":\"https:\/\/www.hoogstra-autosport.nl\/teamkoen\/wp-content\/uploads\/2014\/08\/neon-oranj.jpg\",\"width\":1179,\"height\":1179},{\"@type\":\"BreadcrumbList\",\"@id\":\"https:\/\/www.hoogstra-autosport.nl\/product\/ripp-n-roll-hybridripp-n-roll-oranje\/#breadcrumb\",\"itemListElement\":[{\"@type\":\"ListItem\",\"position\":1,\"name\":\"Home\",\"item\":\"https:\/\/www.hoogstra-autosport.nl\/\"},{\"@type\":\"ListItem\",\"position\":2,\"name\":\"Uitrusting\",\"item\":\"https:\/\/www.hoogstra-autosport.nl\/product-categorie\/autosport-kleding-helmen\/\"},{\"@type\":\"ListItem\",\"position\":3,\"name\":\"Crossbrillen\",\"item\":\"https:\/\/www.hoogstra-autosport.nl\/product-categorie\/autosport-kleding-helmen\/crossbrillen\/\"},{\"@type\":\"ListItem\",\"position\":4,\"name\":\"Rip'n Roll Brillen &amp; Delen\",\"item\":\"https:\/\/www.hoogstra-autosport.nl\/product-categorie\/autosport-kleding-helmen\/crossbrillen\/ripn-roll-brillen-delen\/\"},{\"@type\":\"ListItem\",\"position\":5,\"name\":\"Hybrid\",\"item\":\"https:\/\/www.hoogstra-autosport.nl\/product-categorie\/autosport-kleding-helmen\/crossbrillen\/ripn-roll-brillen-delen\/hybrid\/\"},{\"@type\":\"ListItem\",\"position\":6,\"name\":\"Rip N Roll Hybrid Neon Oranje\"}]},{\"@type\":\"WebSite\",\"@id\":\"https:\/\/www.hoogstra-autosport.nl\/#website\",\"url\":\"https:\/\/www.hoogstra-autosport.nl\/\",\"name\":\"Hoogstra Autosport\",\"description\":\"Performance Autosport Parts!\",\"potentialAction\":[{\"@type\":\"SearchAction\",\"target\":{\"@type\":\"EntryPoint\",\"urlTemplate\":\"https:\/\/www.hoogstra-autosport.nl\/?s={search_term_string}\"},\"query-input\":{\"@type\":\"PropertyValueSpecification\",\"valueRequired\":true,\"valueName\":\"search_term_string\"}}],\"inLanguage\":\"fr-FR\"}]}<\/script>\n<!-- \/ Yoast SEO plugin. -->","yoast_head_json":{"title":"Rip N Roll Hybrid Neon Oranje - Hoogstra Autosport","description":"crossbril","robots":{"index":"index","follow":"follow","max-snippet":"max-snippet:-1","max-image-preview":"max-image-preview:large","max-video-preview":"max-video-preview:-1"},"canonical":"https:\/\/www.hoogstra-autosport.nl\/fr\/produit\/ripp-n-roll-hybridripp-n-roll-oranje\/","og_locale":"fr_FR","og_type":"article","og_title":"Rip N Roll Hybrid Neon Oranje - Hoogstra Autosport","og_description":"crossbril","og_url":"https:\/\/www.hoogstra-autosport.nl\/fr\/produit\/ripp-n-roll-hybridripp-n-roll-oranje\/","og_site_name":"Hoogstra Autosport","article_modified_time":"2025-03-12T15:09:21+00:00","og_image":[{"width":1179,"height":1179,"url":"https:\/\/hoogstra-autosport.nl\/teamkoen\/content\/uploads\/2014\/08\/neon-oranj.jpg","type":"image\/jpeg"}],"twitter_card":"summary_large_image","twitter_misc":{"Dur\u00e9e de lecture estim\u00e9e":"1 minute"},"schema":{"@context":"https:\/\/schema.org","@graph":[{"@type":"WebPage","@id":"https:\/\/www.hoogstra-autosport.nl\/product\/ripp-n-roll-hybridripp-n-roll-oranje\/","url":"https:\/\/www.hoogstra-autosport.nl\/product\/ripp-n-roll-hybridripp-n-roll-oranje\/","name":"Rip N Roll Hybrid Neon Oranje - Hoogstra Autosport","isPartOf":{"@id":"https:\/\/www.hoogstra-autosport.nl\/#website"},"primaryImageOfPage":{"@id":"https:\/\/www.hoogstra-autosport.nl\/product\/ripp-n-roll-hybridripp-n-roll-oranje\/#primaryimage"},"image":{"@id":"https:\/\/www.hoogstra-autosport.nl\/product\/ripp-n-roll-hybridripp-n-roll-oranje\/#primaryimage"},"thumbnailUrl":"https:\/\/www.hoogstra-autosport.nl\/teamkoen\/wp-content\/uploads\/2014\/08\/neon-oranj.jpg","datePublished":"2014-08-25T11:19:17+00:00","dateModified":"2025-03-12T15:09:21+00:00","description":"crossbril","breadcrumb":{"@id":"https:\/\/www.hoogstra-autosport.nl\/product\/ripp-n-roll-hybridripp-n-roll-oranje\/#breadcrumb"},"inLanguage":"fr-FR","potentialAction":[{"@type":"ReadAction","target":["https:\/\/www.hoogstra-autosport.nl\/product\/ripp-n-roll-hybridripp-n-roll-oranje\/"]}]},{"@type":"ImageObject","inLanguage":"fr-FR","@id":"https:\/\/www.hoogstra-autosport.nl\/product\/ripp-n-roll-hybridripp-n-roll-oranje\/#primaryimage","url":"https:\/\/www.hoogstra-autosport.nl\/teamkoen\/wp-content\/uploads\/2014\/08\/neon-oranj.jpg","contentUrl":"https:\/\/www.hoogstra-autosport.nl\/teamkoen\/wp-content\/uploads\/2014\/08\/neon-oranj.jpg","width":1179,"height":1179},{"@type":"BreadcrumbList","@id":"https:\/\/www.hoogstra-autosport.nl\/product\/ripp-n-roll-hybridripp-n-roll-oranje\/#breadcrumb","itemListElement":[{"@type":"ListItem","position":1,"name":"Home","item":"https:\/\/www.hoogstra-autosport.nl\/"},{"@type":"ListItem","position":2,"name":"Uitrusting","item":"https:\/\/www.hoogstra-autosport.nl\/product-categorie\/autosport-kleding-helmen\/"},{"@type":"ListItem","position":3,"name":"Crossbrillen","item":"https:\/\/www.hoogstra-autosport.nl\/product-categorie\/autosport-kleding-helmen\/crossbrillen\/"},{"@type":"ListItem","position":4,"name":"Rip'n Roll Brillen &amp; Delen","item":"https:\/\/www.hoogstra-autosport.nl\/product-categorie\/autosport-kleding-helmen\/crossbrillen\/ripn-roll-brillen-delen\/"},{"@type":"ListItem","position":5,"name":"Hybrid","item":"https:\/\/www.hoogstra-autosport.nl\/product-categorie\/autosport-kleding-helmen\/crossbrillen\/ripn-roll-brillen-delen\/hybrid\/"},{"@type":"ListItem","position":6,"name":"Rip N Roll Hybrid Neon Oranje"}]},{"@type":"WebSite","@id":"https:\/\/www.hoogstra-autosport.nl\/#website","url":"https:\/\/www.hoogstra-autosport.nl\/","name":"Hoogstra Autosport","description":"Performance Autosport Parts!","potentialAction":[{"@type":"SearchAction","target":{"@type":"EntryPoint","urlTemplate":"https:\/\/www.hoogstra-autosport.nl\/?s={search_term_string}"},"query-input":{"@type":"PropertyValueSpecification","valueRequired":true,"valueName":"search_term_string"}}],"inLanguage":"fr-FR"}]}},"tiered_pricing_type":"fixed","tiered_pricing_fixed_rules":[],"tiered_pricing_product_settings":{"layout":"default","base_unit_name":{"singular":null,"plural":null},"default_variation":null},"tiered_pricing_minimum_quantity":null,"tiered_pricing_roles_data":[],"tiered_pricing_percentage_rules":[],"tiered_pricing_maximum_quantity":null,"tiered_pricing_quantity_step":null,"_links":{"self":[{"href":"https:\/\/www.hoogstra-autosport.nl\/fr\/wp-json\/wp\/v2\/product\/7789","targetHints":{"allow":["GET"]}}],"collection":[{"href":"https:\/\/www.hoogstra-autosport.nl\/fr\/wp-json\/wp\/v2\/product"}],"about":[{"href":"https:\/\/www.hoogstra-autosport.nl\/fr\/wp-json\/wp\/v2\/types\/product"}],"wp:featuredmedia":[{"embeddable":true,"href":"https:\/\/www.hoogstra-autosport.nl\/fr\/wp-json\/wp\/v2\/media\/82438"}],"wp:attachment":[{"href":"https:\/\/www.hoogstra-autosport.nl\/fr\/wp-json\/wp\/v2\/media?parent=7789"}],"wp:term":[{"taxonomy":"product_brand","embeddable":true,"href":"https:\/\/www.hoogstra-autosport.nl\/fr\/wp-json\/wp\/v2\/product_brand?post=7789"},{"taxonomy":"product_cat","embeddable":true,"href":"https:\/\/www.hoogstra-autosport.nl\/fr\/wp-json\/wp\/v2\/product_cat?post=7789"},{"taxonomy":"product_tag","embeddable":true,"href":"https:\/\/www.hoogstra-autosport.nl\/fr\/wp-json\/wp\/v2\/product_tag?post=7789"}],"curies":[{"name":"wp","href":"https:\/\/api.w.org\/{rel}","templated":true}]}}