{"id":77380,"date":"2024-11-30T09:50:06","date_gmt":"2024-11-30T08:50:06","guid":{"rendered":"https:\/\/www.hoogstra-autosport.nl\/?post_type=product&#038;p=77380"},"modified":"2025-12-05T17:11:27","modified_gmt":"2025-12-05T16:11:27","slug":"omp-brandblussysteem","status":"publish","type":"product","link":"https:\/\/www.hoogstra-autosport.nl\/fr\/produit\/omp-brandblussysteem\/","title":{"rendered":"Syst\u00e8me d'extinction d'incendie OMP"},"content":{"rendered":"<p><span class=\"jCAhz ChMk0b\"><span class=\"ryNqvb\">D\u00e9clenchement m\u00e9canique, conteneur en acier, Ecolife-AFFF de 2,8 litres, poids du conteneur avec support en acier inoxydable 5,6 kg.<\/span><\/span> <span class=\"jCAhz ChMk0b\"><span class=\"ryNqvb\">Syst\u00e8me d'extinction complet avec toutes les pi\u00e8ces d'installation et les supports n\u00e9cessaires.<\/span><\/span> <span class=\"jCAhz ChMk0b\"><span class=\"ryNqvb\">Homologu\u00e9 selon la derni\u00e8re norme FIA. <\/span><\/span><span class=\"jCAhz\"><span class=\"ryNqvb\">Les extincteurs pr\u00e9sent\u00e9s ici sont dot\u00e9s d'un syst\u00e8me d'\u00e9limination sp\u00e9cial et d\u00e9sormais brevet\u00e9.<\/span><\/span> <span class=\"jCAhz ChMk0b\"><span class=\"ryNqvb\">Une \"ventouse\" rotative et tr\u00e8s flexible assure une vidange compl\u00e8te dans n'importe quelle position, m\u00eame lorsque le conteneur est \u00e0 l'envers.<\/span><\/span> <span class=\"jCAhz ChMk0b\"><span class=\"ryNqvb\">Les bouteilles individuelles des syst\u00e8mes ne sont pas vendues s\u00e9par\u00e9ment, mais uniquement avec les accessoires.<\/span><\/span> <span class=\"jCAhz ChMk0b\"><span class=\"ryNqvb\">L'homologation ne concerne que les syst\u00e8mes complets !<\/span><\/span> <span class=\"jCAhz ChMk0b\"><span class=\"ryNqvb\">Syst\u00e8mes int\u00e9gr\u00e9s conform\u00e9ment \u00e0 l'annexe J, article 253.7.4 <\/span><\/span><span class=\"jCAhz ChMk0b\"><span class=\"ryNqvb\">Longueur du conteneur : 295 mm <\/span><\/span><span class=\"jCAhz\"><span class=\"ryNqvb\">Longueur totale : 385 mm <\/span><\/span><span class=\"jCAhz\"><span class=\"ryNqvb\">Largeur : 130 mm <\/span><\/span><span class=\"jCAhz\"><span class=\"ryNqvb\">Poids du conteneur : 1,97 kg <\/span><\/span><span class=\"jCAhz ChMk0b\"><span class=\"ryNqvb\">Poids total : 5,6 kg <\/span><\/span> <span class=\"jCAhz ChMk0b\"><span class=\"ryNqvb\">omp-fire-extinguisher-black-collection-2-8-mechanical-fia-label<\/span><\/span><\/p>","protected":false},"excerpt":{"rendered":"<p>Mechanische ontgrendeling, stalen container, 2,8 liter Ecolife-AFFF, containergewicht met RVS houder 5,6 kg. Compleet blussysteem met alle benodigde installatiedelen en beugels. Gehomologeerd volgens de nieuwste FIA-norm. De hier genoemde blussers zijn voorzien van een speciaal en inmiddels gepatenteerd verwijderingssysteem. Een roterende en uiterst flexibele \u201czuiglift\u201d zorgt voor een volledige lediging in elke positie, zelfs als [&hellip;]<\/p>\n","protected":false},"featured_media":94603,"template":"","meta":{"_acf_changed":false},"product_brand":[],"product_cat":[2883],"product_tag":[],"class_list":{"0":"post-77380","1":"product","2":"type-product","3":"status-publish","4":"has-post-thumbnail","6":"product_cat-brandblus-systeem","7":"product_shipping_class-4016","9":"first","10":"instock","11":"taxable","12":"shipping-taxable","13":"purchasable","14":"product-type-simple"},"acf":[],"yoast_head":"<!-- This site is optimized with the Yoast SEO plugin v27.1.1 - https:\/\/yoast.com\/product\/yoast-seo-wordpress\/ -->\n<title>OMP-brandblussysteem - Hoogstra Autosport<\/title>\n<meta name=\"robots\" content=\"index, follow, max-snippet:-1, max-image-preview:large, max-video-preview:-1\" \/>\n<link rel=\"canonical\" href=\"https:\/\/www.hoogstra-autosport.nl\/fr\/produit\/omp-brandblussysteem\/\" \/>\n<meta property=\"og:locale\" content=\"fr_FR\" \/>\n<meta property=\"og:type\" content=\"article\" \/>\n<meta property=\"og:title\" content=\"OMP-brandblussysteem - Hoogstra Autosport\" \/>\n<meta property=\"og:description\" content=\"Mechanische ontgrendeling, stalen container, 2,8 liter Ecolife-AFFF, containergewicht met RVS houder 5,6 kg. Compleet blussysteem met alle benodigde installatiedelen en beugels. Gehomologeerd volgens de nieuwste FIA-norm. De hier genoemde blussers zijn voorzien van een speciaal en inmiddels gepatenteerd verwijderingssysteem. Een roterende en uiterst flexibele \u201czuiglift\u201d zorgt voor een volledige lediging in elke positie, zelfs als [&hellip;]\" \/>\n<meta property=\"og:url\" content=\"https:\/\/www.hoogstra-autosport.nl\/fr\/produit\/omp-brandblussysteem\/\" \/>\n<meta property=\"og:site_name\" content=\"Hoogstra Autosport\" \/>\n<meta property=\"article:modified_time\" content=\"2025-12-05T16:11:27+00:00\" \/>\n<meta property=\"og:image\" content=\"https:\/\/www.hoogstra-autosport.nl\/teamkoen\/wp-content\/uploads\/2024\/11\/Untitled-Project-2025-12-05T171118.269.jpg\" \/>\n\t<meta property=\"og:image:width\" content=\"1080\" \/>\n\t<meta property=\"og:image:height\" content=\"1080\" \/>\n\t<meta property=\"og:image:type\" content=\"image\/jpeg\" \/>\n<meta name=\"twitter:card\" content=\"summary_large_image\" \/>\n<meta name=\"twitter:label1\" content=\"Dur\u00e9e de lecture estim\u00e9e\" \/>\n\t<meta name=\"twitter:data1\" content=\"1 minute\" \/>\n<script type=\"application\/ld+json\" class=\"yoast-schema-graph\">{\"@context\":\"https:\/\/schema.org\",\"@graph\":[{\"@type\":\"WebPage\",\"@id\":\"https:\/\/www.hoogstra-autosport.nl\/product\/omp-brandblussysteem\/\",\"url\":\"https:\/\/www.hoogstra-autosport.nl\/product\/omp-brandblussysteem\/\",\"name\":\"OMP-brandblussysteem - Hoogstra Autosport\",\"isPartOf\":{\"@id\":\"https:\/\/www.hoogstra-autosport.nl\/#website\"},\"primaryImageOfPage\":{\"@id\":\"https:\/\/www.hoogstra-autosport.nl\/product\/omp-brandblussysteem\/#primaryimage\"},\"image\":{\"@id\":\"https:\/\/www.hoogstra-autosport.nl\/product\/omp-brandblussysteem\/#primaryimage\"},\"thumbnailUrl\":\"https:\/\/www.hoogstra-autosport.nl\/teamkoen\/wp-content\/uploads\/2024\/11\/Untitled-Project-2025-12-05T171118.269.jpg\",\"datePublished\":\"2024-11-30T08:50:06+00:00\",\"dateModified\":\"2025-12-05T16:11:27+00:00\",\"breadcrumb\":{\"@id\":\"https:\/\/www.hoogstra-autosport.nl\/product\/omp-brandblussysteem\/#breadcrumb\"},\"inLanguage\":\"fr-FR\",\"potentialAction\":[{\"@type\":\"ReadAction\",\"target\":[\"https:\/\/www.hoogstra-autosport.nl\/product\/omp-brandblussysteem\/\"]}]},{\"@type\":\"ImageObject\",\"inLanguage\":\"fr-FR\",\"@id\":\"https:\/\/www.hoogstra-autosport.nl\/product\/omp-brandblussysteem\/#primaryimage\",\"url\":\"https:\/\/www.hoogstra-autosport.nl\/teamkoen\/wp-content\/uploads\/2024\/11\/Untitled-Project-2025-12-05T171118.269.jpg\",\"contentUrl\":\"https:\/\/www.hoogstra-autosport.nl\/teamkoen\/wp-content\/uploads\/2024\/11\/Untitled-Project-2025-12-05T171118.269.jpg\",\"width\":1080,\"height\":1080},{\"@type\":\"BreadcrumbList\",\"@id\":\"https:\/\/www.hoogstra-autosport.nl\/product\/omp-brandblussysteem\/#breadcrumb\",\"itemListElement\":[{\"@type\":\"ListItem\",\"position\":1,\"name\":\"Home\",\"item\":\"https:\/\/www.hoogstra-autosport.nl\/\"},{\"@type\":\"ListItem\",\"position\":2,\"name\":\"Motorisch\",\"item\":\"https:\/\/www.hoogstra-autosport.nl\/product-categorie\/auto-techniek\/\"},{\"@type\":\"ListItem\",\"position\":3,\"name\":\"Brandblus Systeem\",\"item\":\"https:\/\/www.hoogstra-autosport.nl\/product-categorie\/auto-techniek\/brandblus-systeem\/\"},{\"@type\":\"ListItem\",\"position\":4,\"name\":\"OMP-brandblussysteem\"}]},{\"@type\":\"WebSite\",\"@id\":\"https:\/\/www.hoogstra-autosport.nl\/#website\",\"url\":\"https:\/\/www.hoogstra-autosport.nl\/\",\"name\":\"Hoogstra Autosport\",\"description\":\"Performance Autosport Parts!\",\"potentialAction\":[{\"@type\":\"SearchAction\",\"target\":{\"@type\":\"EntryPoint\",\"urlTemplate\":\"https:\/\/www.hoogstra-autosport.nl\/?s={search_term_string}\"},\"query-input\":{\"@type\":\"PropertyValueSpecification\",\"valueRequired\":true,\"valueName\":\"search_term_string\"}}],\"inLanguage\":\"fr-FR\"}]}<\/script>\n<!-- \/ Yoast SEO plugin. -->","yoast_head_json":{"title":"OMP-brandblussysteem - Hoogstra Autosport","robots":{"index":"index","follow":"follow","max-snippet":"max-snippet:-1","max-image-preview":"max-image-preview:large","max-video-preview":"max-video-preview:-1"},"canonical":"https:\/\/www.hoogstra-autosport.nl\/fr\/produit\/omp-brandblussysteem\/","og_locale":"fr_FR","og_type":"article","og_title":"OMP-brandblussysteem - Hoogstra Autosport","og_description":"Mechanische ontgrendeling, stalen container, 2,8 liter Ecolife-AFFF, containergewicht met RVS houder 5,6 kg. Compleet blussysteem met alle benodigde installatiedelen en beugels. Gehomologeerd volgens de nieuwste FIA-norm. De hier genoemde blussers zijn voorzien van een speciaal en inmiddels gepatenteerd verwijderingssysteem. Een roterende en uiterst flexibele \u201czuiglift\u201d zorgt voor een volledige lediging in elke positie, zelfs als [&hellip;]","og_url":"https:\/\/www.hoogstra-autosport.nl\/fr\/produit\/omp-brandblussysteem\/","og_site_name":"Hoogstra Autosport","article_modified_time":"2025-12-05T16:11:27+00:00","og_image":[{"width":1080,"height":1080,"url":"https:\/\/www.hoogstra-autosport.nl\/teamkoen\/wp-content\/uploads\/2024\/11\/Untitled-Project-2025-12-05T171118.269.jpg","type":"image\/jpeg"}],"twitter_card":"summary_large_image","twitter_misc":{"Dur\u00e9e de lecture estim\u00e9e":"1 minute"},"schema":{"@context":"https:\/\/schema.org","@graph":[{"@type":"WebPage","@id":"https:\/\/www.hoogstra-autosport.nl\/product\/omp-brandblussysteem\/","url":"https:\/\/www.hoogstra-autosport.nl\/product\/omp-brandblussysteem\/","name":"OMP-brandblussysteem - Hoogstra Autosport","isPartOf":{"@id":"https:\/\/www.hoogstra-autosport.nl\/#website"},"primaryImageOfPage":{"@id":"https:\/\/www.hoogstra-autosport.nl\/product\/omp-brandblussysteem\/#primaryimage"},"image":{"@id":"https:\/\/www.hoogstra-autosport.nl\/product\/omp-brandblussysteem\/#primaryimage"},"thumbnailUrl":"https:\/\/www.hoogstra-autosport.nl\/teamkoen\/wp-content\/uploads\/2024\/11\/Untitled-Project-2025-12-05T171118.269.jpg","datePublished":"2024-11-30T08:50:06+00:00","dateModified":"2025-12-05T16:11:27+00:00","breadcrumb":{"@id":"https:\/\/www.hoogstra-autosport.nl\/product\/omp-brandblussysteem\/#breadcrumb"},"inLanguage":"fr-FR","potentialAction":[{"@type":"ReadAction","target":["https:\/\/www.hoogstra-autosport.nl\/product\/omp-brandblussysteem\/"]}]},{"@type":"ImageObject","inLanguage":"fr-FR","@id":"https:\/\/www.hoogstra-autosport.nl\/product\/omp-brandblussysteem\/#primaryimage","url":"https:\/\/www.hoogstra-autosport.nl\/teamkoen\/wp-content\/uploads\/2024\/11\/Untitled-Project-2025-12-05T171118.269.jpg","contentUrl":"https:\/\/www.hoogstra-autosport.nl\/teamkoen\/wp-content\/uploads\/2024\/11\/Untitled-Project-2025-12-05T171118.269.jpg","width":1080,"height":1080},{"@type":"BreadcrumbList","@id":"https:\/\/www.hoogstra-autosport.nl\/product\/omp-brandblussysteem\/#breadcrumb","itemListElement":[{"@type":"ListItem","position":1,"name":"Home","item":"https:\/\/www.hoogstra-autosport.nl\/"},{"@type":"ListItem","position":2,"name":"Motorisch","item":"https:\/\/www.hoogstra-autosport.nl\/product-categorie\/auto-techniek\/"},{"@type":"ListItem","position":3,"name":"Brandblus Systeem","item":"https:\/\/www.hoogstra-autosport.nl\/product-categorie\/auto-techniek\/brandblus-systeem\/"},{"@type":"ListItem","position":4,"name":"OMP-brandblussysteem"}]},{"@type":"WebSite","@id":"https:\/\/www.hoogstra-autosport.nl\/#website","url":"https:\/\/www.hoogstra-autosport.nl\/","name":"Hoogstra Autosport","description":"Performance Autosport Parts!","potentialAction":[{"@type":"SearchAction","target":{"@type":"EntryPoint","urlTemplate":"https:\/\/www.hoogstra-autosport.nl\/?s={search_term_string}"},"query-input":{"@type":"PropertyValueSpecification","valueRequired":true,"valueName":"search_term_string"}}],"inLanguage":"fr-FR"}]}},"tiered_pricing_type":"fixed","tiered_pricing_fixed_rules":[],"tiered_pricing_product_settings":{"layout":"default","base_unit_name":{"singular":null,"plural":null},"default_variation":null},"tiered_pricing_minimum_quantity":null,"tiered_pricing_roles_data":[],"tiered_pricing_percentage_rules":[],"tiered_pricing_maximum_quantity":null,"tiered_pricing_quantity_step":null,"_links":{"self":[{"href":"https:\/\/www.hoogstra-autosport.nl\/fr\/wp-json\/wp\/v2\/product\/77380","targetHints":{"allow":["GET"]}}],"collection":[{"href":"https:\/\/www.hoogstra-autosport.nl\/fr\/wp-json\/wp\/v2\/product"}],"about":[{"href":"https:\/\/www.hoogstra-autosport.nl\/fr\/wp-json\/wp\/v2\/types\/product"}],"wp:featuredmedia":[{"embeddable":true,"href":"https:\/\/www.hoogstra-autosport.nl\/fr\/wp-json\/wp\/v2\/media\/94603"}],"wp:attachment":[{"href":"https:\/\/www.hoogstra-autosport.nl\/fr\/wp-json\/wp\/v2\/media?parent=77380"}],"wp:term":[{"taxonomy":"product_brand","embeddable":true,"href":"https:\/\/www.hoogstra-autosport.nl\/fr\/wp-json\/wp\/v2\/product_brand?post=77380"},{"taxonomy":"product_cat","embeddable":true,"href":"https:\/\/www.hoogstra-autosport.nl\/fr\/wp-json\/wp\/v2\/product_cat?post=77380"},{"taxonomy":"product_tag","embeddable":true,"href":"https:\/\/www.hoogstra-autosport.nl\/fr\/wp-json\/wp\/v2\/product_tag?post=77380"}],"curies":[{"name":"wp","href":"https:\/\/api.w.org\/{rel}","templated":true}]}}