{"id":77294,"date":"2024-11-27T10:21:17","date_gmt":"2024-11-27T09:21:17","guid":{"rendered":"https:\/\/www.hoogstra-autosport.nl\/?post_type=product&#038;p=77294"},"modified":"2024-11-27T10:21:18","modified_gmt":"2024-11-27T09:21:18","slug":"zeronoise-pit-link-pro-kit","status":"publish","type":"product","link":"https:\/\/www.hoogstra-autosport.nl\/fr\/produit\/zeronoise-pit-link-pro-kit\/","title":{"rendered":"Zeronoise PIT-LINK Pro Kit"},"content":{"rendered":"<p>PIT-LINK TRAINER est un kit complet de communication Bluetooth pour le karting ou la piste.<\/p>\n<p>Amplificateur num\u00e9rique portable, ensemble de microphones pour casque avec connecteur USB-C, \u00e9couteurs professionnels avec prise jack 3,5 mm.<\/p>\n<p>Casque professionnel pour smartphone pour la voie des stands avec connecteur jack 3,5 mm inclus dans la version Pro.<\/p>\n<p>Rechargeable par USB.<\/p>\n<p>Disponible en version compatible iPhone ou Android.<\/p>\n<p>&nbsp;<\/p>\n<p>Vous portez le petit amplificateur sous la combinaison ainsi qu'un simple t\u00e9l\u00e9phone portable. Lorsque le t\u00e9l\u00e9phone est connect\u00e9 \u00e0 l'amplificateur, il r\u00e9pond automatiquement, vous n'avez donc pas besoin d'appuyer sur des boutons. Une fois la communication \u00e9tablie, vous entendez tout ce que dit le conducteur dans le casque situ\u00e9 dans le stand et, lorsque vous souhaitez lui parler depuis le stand, vous utilisez le bouton PTT (Push To Talk) qui se trouve sur le casque. Le pilote ne doit pas \u00eatre d\u00e9rang\u00e9 inutilement, c'est pourquoi il n'entendra dans le casque que si le technicien d\u00e9cide de parler.<\/p>","protected":false},"excerpt":{"rendered":"<p>PIT-LINK TRAINER is een volledige Bluetooth-communicatiekit voor karten of circuit. Draagbare digitale versterker, helmmicrofoonset met USB-C-stekker, professionele oordopjes 3,5 mm-aansluiting. Professionele smartphone-headset voor de pitlane met 3,5 mm jack-aansluiting inbegrepen in Pro-versie. USB-oplaadbaar. Verkrijgbaar in een versie die compatibel is met iPhone of Android. &nbsp; Je draagt \u200b\u200bde kleine versterker onder de overall samen met [&hellip;]<\/p>\n","protected":false},"featured_media":77295,"template":"","meta":{"_acf_changed":false},"product_brand":[],"product_cat":[4257],"product_tag":[],"class_list":{"0":"post-77294","1":"product","2":"type-product","3":"status-publish","4":"has-post-thumbnail","6":"product_cat-driver-mechanic-systemen","8":"first","9":"instock","10":"taxable","11":"shipping-taxable","12":"purchasable","13":"product-type-variable"},"acf":[],"yoast_head":"<!-- This site is optimized with the Yoast SEO plugin v27.1.1 - https:\/\/yoast.com\/product\/yoast-seo-wordpress\/ -->\n<title>Zeronoise PIT-LINK Pro Kit - Hoogstra Autosport<\/title>\n<meta name=\"robots\" content=\"index, follow, max-snippet:-1, max-image-preview:large, max-video-preview:-1\" \/>\n<link rel=\"canonical\" href=\"https:\/\/www.hoogstra-autosport.nl\/fr\/produit\/zeronoise-pit-link-pro-kit\/\" \/>\n<meta property=\"og:locale\" content=\"fr_FR\" \/>\n<meta property=\"og:type\" content=\"article\" \/>\n<meta property=\"og:title\" content=\"Zeronoise PIT-LINK Pro Kit - Hoogstra Autosport\" \/>\n<meta property=\"og:description\" content=\"PIT-LINK TRAINER is een volledige Bluetooth-communicatiekit voor karten of circuit. Draagbare digitale versterker, helmmicrofoonset met USB-C-stekker, professionele oordopjes 3,5 mm-aansluiting. Professionele smartphone-headset voor de pitlane met 3,5 mm jack-aansluiting inbegrepen in Pro-versie. USB-oplaadbaar. Verkrijgbaar in een versie die compatibel is met iPhone of Android. &nbsp; Je draagt \u200b\u200bde kleine versterker onder de overall samen met [&hellip;]\" \/>\n<meta property=\"og:url\" content=\"https:\/\/www.hoogstra-autosport.nl\/fr\/produit\/zeronoise-pit-link-pro-kit\/\" \/>\n<meta property=\"og:site_name\" content=\"Hoogstra Autosport\" \/>\n<meta property=\"article:modified_time\" content=\"2024-11-27T09:21:18+00:00\" \/>\n<meta property=\"og:image\" content=\"https:\/\/hoogstra-autosport.nl\/teamkoen\/content\/uploads\/2024\/11\/thumbnail_IMG_1364-7.jpg\" \/>\n\t<meta property=\"og:image:width\" content=\"1242\" \/>\n\t<meta property=\"og:image:height\" content=\"1242\" \/>\n\t<meta property=\"og:image:type\" content=\"image\/jpeg\" \/>\n<meta name=\"twitter:card\" content=\"summary_large_image\" \/>\n<meta name=\"twitter:label1\" content=\"Dur\u00e9e de lecture estim\u00e9e\" \/>\n\t<meta name=\"twitter:data1\" content=\"1 minute\" \/>\n<script type=\"application\/ld+json\" class=\"yoast-schema-graph\">{\"@context\":\"https:\/\/schema.org\",\"@graph\":[{\"@type\":\"WebPage\",\"@id\":\"https:\/\/www.hoogstra-autosport.nl\/product\/zeronoise-pit-link-pro-kit\/\",\"url\":\"https:\/\/www.hoogstra-autosport.nl\/product\/zeronoise-pit-link-pro-kit\/\",\"name\":\"Zeronoise PIT-LINK Pro Kit - Hoogstra Autosport\",\"isPartOf\":{\"@id\":\"https:\/\/www.hoogstra-autosport.nl\/#website\"},\"primaryImageOfPage\":{\"@id\":\"https:\/\/www.hoogstra-autosport.nl\/product\/zeronoise-pit-link-pro-kit\/#primaryimage\"},\"image\":{\"@id\":\"https:\/\/www.hoogstra-autosport.nl\/product\/zeronoise-pit-link-pro-kit\/#primaryimage\"},\"thumbnailUrl\":\"https:\/\/www.hoogstra-autosport.nl\/teamkoen\/wp-content\/uploads\/2024\/11\/thumbnail_IMG_1364-7.jpg\",\"datePublished\":\"2024-11-27T09:21:17+00:00\",\"dateModified\":\"2024-11-27T09:21:18+00:00\",\"breadcrumb\":{\"@id\":\"https:\/\/www.hoogstra-autosport.nl\/product\/zeronoise-pit-link-pro-kit\/#breadcrumb\"},\"inLanguage\":\"fr-FR\",\"potentialAction\":[{\"@type\":\"ReadAction\",\"target\":[\"https:\/\/www.hoogstra-autosport.nl\/product\/zeronoise-pit-link-pro-kit\/\"]}]},{\"@type\":\"ImageObject\",\"inLanguage\":\"fr-FR\",\"@id\":\"https:\/\/www.hoogstra-autosport.nl\/product\/zeronoise-pit-link-pro-kit\/#primaryimage\",\"url\":\"https:\/\/www.hoogstra-autosport.nl\/teamkoen\/wp-content\/uploads\/2024\/11\/thumbnail_IMG_1364-7.jpg\",\"contentUrl\":\"https:\/\/www.hoogstra-autosport.nl\/teamkoen\/wp-content\/uploads\/2024\/11\/thumbnail_IMG_1364-7.jpg\",\"width\":1242,\"height\":1242},{\"@type\":\"BreadcrumbList\",\"@id\":\"https:\/\/www.hoogstra-autosport.nl\/product\/zeronoise-pit-link-pro-kit\/#breadcrumb\",\"itemListElement\":[{\"@type\":\"ListItem\",\"position\":1,\"name\":\"Home\",\"item\":\"https:\/\/www.hoogstra-autosport.nl\/\"},{\"@type\":\"ListItem\",\"position\":2,\"name\":\"Uitrusting\",\"item\":\"https:\/\/www.hoogstra-autosport.nl\/product-categorie\/autosport-kleding-helmen\/\"},{\"@type\":\"ListItem\",\"position\":3,\"name\":\"Intercoms &amp; Headsets\",\"item\":\"https:\/\/www.hoogstra-autosport.nl\/product-categorie\/autosport-kleding-helmen\/intercoms-heaqsets\/\"},{\"@type\":\"ListItem\",\"position\":4,\"name\":\"Driver-Mechanic systemen\",\"item\":\"https:\/\/www.hoogstra-autosport.nl\/product-categorie\/autosport-kleding-helmen\/intercoms-heaqsets\/driver-mechanic-systemen\/\"},{\"@type\":\"ListItem\",\"position\":5,\"name\":\"Zeronoise PIT-LINK Pro Kit\"}]},{\"@type\":\"WebSite\",\"@id\":\"https:\/\/www.hoogstra-autosport.nl\/#website\",\"url\":\"https:\/\/www.hoogstra-autosport.nl\/\",\"name\":\"Hoogstra Autosport\",\"description\":\"Performance Autosport Parts!\",\"potentialAction\":[{\"@type\":\"SearchAction\",\"target\":{\"@type\":\"EntryPoint\",\"urlTemplate\":\"https:\/\/www.hoogstra-autosport.nl\/?s={search_term_string}\"},\"query-input\":{\"@type\":\"PropertyValueSpecification\",\"valueRequired\":true,\"valueName\":\"search_term_string\"}}],\"inLanguage\":\"fr-FR\"}]}<\/script>\n<!-- \/ Yoast SEO plugin. -->","yoast_head_json":{"title":"Zeronoise PIT-LINK Pro Kit - Hoogstra Autosport","robots":{"index":"index","follow":"follow","max-snippet":"max-snippet:-1","max-image-preview":"max-image-preview:large","max-video-preview":"max-video-preview:-1"},"canonical":"https:\/\/www.hoogstra-autosport.nl\/fr\/produit\/zeronoise-pit-link-pro-kit\/","og_locale":"fr_FR","og_type":"article","og_title":"Zeronoise PIT-LINK Pro Kit - Hoogstra Autosport","og_description":"PIT-LINK TRAINER is een volledige Bluetooth-communicatiekit voor karten of circuit. Draagbare digitale versterker, helmmicrofoonset met USB-C-stekker, professionele oordopjes 3,5 mm-aansluiting. Professionele smartphone-headset voor de pitlane met 3,5 mm jack-aansluiting inbegrepen in Pro-versie. USB-oplaadbaar. Verkrijgbaar in een versie die compatibel is met iPhone of Android. &nbsp; Je draagt \u200b\u200bde kleine versterker onder de overall samen met [&hellip;]","og_url":"https:\/\/www.hoogstra-autosport.nl\/fr\/produit\/zeronoise-pit-link-pro-kit\/","og_site_name":"Hoogstra Autosport","article_modified_time":"2024-11-27T09:21:18+00:00","og_image":[{"width":1242,"height":1242,"url":"https:\/\/hoogstra-autosport.nl\/teamkoen\/content\/uploads\/2024\/11\/thumbnail_IMG_1364-7.jpg","type":"image\/jpeg"}],"twitter_card":"summary_large_image","twitter_misc":{"Dur\u00e9e de lecture estim\u00e9e":"1 minute"},"schema":{"@context":"https:\/\/schema.org","@graph":[{"@type":"WebPage","@id":"https:\/\/www.hoogstra-autosport.nl\/product\/zeronoise-pit-link-pro-kit\/","url":"https:\/\/www.hoogstra-autosport.nl\/product\/zeronoise-pit-link-pro-kit\/","name":"Zeronoise PIT-LINK Pro Kit - Hoogstra Autosport","isPartOf":{"@id":"https:\/\/www.hoogstra-autosport.nl\/#website"},"primaryImageOfPage":{"@id":"https:\/\/www.hoogstra-autosport.nl\/product\/zeronoise-pit-link-pro-kit\/#primaryimage"},"image":{"@id":"https:\/\/www.hoogstra-autosport.nl\/product\/zeronoise-pit-link-pro-kit\/#primaryimage"},"thumbnailUrl":"https:\/\/www.hoogstra-autosport.nl\/teamkoen\/wp-content\/uploads\/2024\/11\/thumbnail_IMG_1364-7.jpg","datePublished":"2024-11-27T09:21:17+00:00","dateModified":"2024-11-27T09:21:18+00:00","breadcrumb":{"@id":"https:\/\/www.hoogstra-autosport.nl\/product\/zeronoise-pit-link-pro-kit\/#breadcrumb"},"inLanguage":"fr-FR","potentialAction":[{"@type":"ReadAction","target":["https:\/\/www.hoogstra-autosport.nl\/product\/zeronoise-pit-link-pro-kit\/"]}]},{"@type":"ImageObject","inLanguage":"fr-FR","@id":"https:\/\/www.hoogstra-autosport.nl\/product\/zeronoise-pit-link-pro-kit\/#primaryimage","url":"https:\/\/www.hoogstra-autosport.nl\/teamkoen\/wp-content\/uploads\/2024\/11\/thumbnail_IMG_1364-7.jpg","contentUrl":"https:\/\/www.hoogstra-autosport.nl\/teamkoen\/wp-content\/uploads\/2024\/11\/thumbnail_IMG_1364-7.jpg","width":1242,"height":1242},{"@type":"BreadcrumbList","@id":"https:\/\/www.hoogstra-autosport.nl\/product\/zeronoise-pit-link-pro-kit\/#breadcrumb","itemListElement":[{"@type":"ListItem","position":1,"name":"Home","item":"https:\/\/www.hoogstra-autosport.nl\/"},{"@type":"ListItem","position":2,"name":"Uitrusting","item":"https:\/\/www.hoogstra-autosport.nl\/product-categorie\/autosport-kleding-helmen\/"},{"@type":"ListItem","position":3,"name":"Intercoms &amp; Headsets","item":"https:\/\/www.hoogstra-autosport.nl\/product-categorie\/autosport-kleding-helmen\/intercoms-heaqsets\/"},{"@type":"ListItem","position":4,"name":"Driver-Mechanic systemen","item":"https:\/\/www.hoogstra-autosport.nl\/product-categorie\/autosport-kleding-helmen\/intercoms-heaqsets\/driver-mechanic-systemen\/"},{"@type":"ListItem","position":5,"name":"Zeronoise PIT-LINK Pro Kit"}]},{"@type":"WebSite","@id":"https:\/\/www.hoogstra-autosport.nl\/#website","url":"https:\/\/www.hoogstra-autosport.nl\/","name":"Hoogstra Autosport","description":"Performance Autosport Parts!","potentialAction":[{"@type":"SearchAction","target":{"@type":"EntryPoint","urlTemplate":"https:\/\/www.hoogstra-autosport.nl\/?s={search_term_string}"},"query-input":{"@type":"PropertyValueSpecification","valueRequired":true,"valueName":"search_term_string"}}],"inLanguage":"fr-FR"}]}},"tiered_pricing_type":"fixed","tiered_pricing_fixed_rules":[],"tiered_pricing_product_settings":{"layout":"default","base_unit_name":{"singular":null,"plural":null},"default_variation":null},"tiered_pricing_minimum_quantity":null,"tiered_pricing_roles_data":[],"tiered_pricing_percentage_rules":[],"tiered_pricing_maximum_quantity":null,"tiered_pricing_quantity_step":null,"_links":{"self":[{"href":"https:\/\/www.hoogstra-autosport.nl\/fr\/wp-json\/wp\/v2\/product\/77294","targetHints":{"allow":["GET"]}}],"collection":[{"href":"https:\/\/www.hoogstra-autosport.nl\/fr\/wp-json\/wp\/v2\/product"}],"about":[{"href":"https:\/\/www.hoogstra-autosport.nl\/fr\/wp-json\/wp\/v2\/types\/product"}],"wp:featuredmedia":[{"embeddable":true,"href":"https:\/\/www.hoogstra-autosport.nl\/fr\/wp-json\/wp\/v2\/media\/77295"}],"wp:attachment":[{"href":"https:\/\/www.hoogstra-autosport.nl\/fr\/wp-json\/wp\/v2\/media?parent=77294"}],"wp:term":[{"taxonomy":"product_brand","embeddable":true,"href":"https:\/\/www.hoogstra-autosport.nl\/fr\/wp-json\/wp\/v2\/product_brand?post=77294"},{"taxonomy":"product_cat","embeddable":true,"href":"https:\/\/www.hoogstra-autosport.nl\/fr\/wp-json\/wp\/v2\/product_cat?post=77294"},{"taxonomy":"product_tag","embeddable":true,"href":"https:\/\/www.hoogstra-autosport.nl\/fr\/wp-json\/wp\/v2\/product_tag?post=77294"}],"curies":[{"name":"wp","href":"https:\/\/api.w.org\/{rel}","templated":true}]}}