{"id":7680,"date":"2014-05-14T13:44:12","date_gmt":"2014-05-14T11:44:12","guid":{"rendered":"http:\/\/hoogstra-autosport.nl\/?product=stoel-beugels-aluminium-of-staal"},"modified":"2025-12-24T13:49:36","modified_gmt":"2025-12-24T12:49:36","slug":"stoel-beugels-aluminium-of-staal","status":"publish","type":"product","link":"https:\/\/www.hoogstra-autosport.nl\/fr\/produit\/stoel-beugels-aluminium-of-staal\/","title":{"rendered":"Supports de chaise Aluminium ou acier"},"content":{"rendered":"<p>Supports lat\u00e9raux de fixation de si\u00e8ge Supports lat\u00e9raux de fixation de si\u00e8ge en aluminium<\/p>\n<p>Pour r\u00e9gler la hauteur avec<\/p>\n<p>Disponible<\/p>\n<p>Acier 2,4 kg 9par jeu)<\/p>\n<p>Aluminium 1,6 kG ( par jeu)<\/p>\n<p>La distance entre les trous de boulons est de 290 mm, comme pour Sparco OMP SABELT, etc.<\/p>\n<p>Avec le sceau d'approbation de la fia !<\/p>","protected":false},"excerpt":{"rendered":"<p>Stoel bevestiging zijbeugels seat brackets aluminium\u00a0 zijbevestiging stoel Om de hoogte mee aan te kunnen passen Te verkrijgen Staal 2,4 kg 9per set) Aluminium 1,6 kG ( per set) afstand is 290 mm tussen de boutgaten zelfde als Sparco OMP SABELT enz Met fia keurmerk !<\/p>","protected":false},"featured_media":95970,"template":"","meta":{"_acf_changed":false},"product_brand":[],"product_cat":[3987],"product_tag":[],"class_list":{"0":"post-7680","1":"product","2":"type-product","3":"status-publish","4":"has-post-thumbnail","6":"product_cat-stoel-onderdelen-bevestiging","7":"product_shipping_class-4016","9":"first","10":"instock","11":"taxable","12":"shipping-taxable","13":"purchasable","14":"product-type-variable"},"acf":[],"yoast_head":"<!-- This site is optimized with the Yoast SEO plugin v27.1.1 - https:\/\/yoast.com\/product\/yoast-seo-wordpress\/ -->\n<title>Stoel Steunen Aluminium of Staal - Hoogstra Autosport<\/title>\n<meta name=\"description\" content=\"stoel\" \/>\n<meta name=\"robots\" content=\"index, follow, max-snippet:-1, max-image-preview:large, max-video-preview:-1\" \/>\n<link rel=\"canonical\" href=\"https:\/\/www.hoogstra-autosport.nl\/fr\/produit\/stoel-beugels-aluminium-of-staal\/\" \/>\n<meta property=\"og:locale\" content=\"fr_FR\" \/>\n<meta property=\"og:type\" content=\"article\" \/>\n<meta property=\"og:title\" content=\"Stoel Steunen Aluminium of Staal - Hoogstra Autosport\" \/>\n<meta property=\"og:description\" content=\"stoel\" \/>\n<meta property=\"og:url\" content=\"https:\/\/www.hoogstra-autosport.nl\/fr\/produit\/stoel-beugels-aluminium-of-staal\/\" \/>\n<meta property=\"og:site_name\" content=\"Hoogstra Autosport\" \/>\n<meta property=\"article:modified_time\" content=\"2025-12-24T12:49:36+00:00\" \/>\n<meta property=\"og:image\" content=\"https:\/\/www.hoogstra-autosport.nl\/teamkoen\/wp-content\/uploads\/2014\/05\/Untitled-Project-2025-12-24T134927.787.jpg\" \/>\n\t<meta property=\"og:image:width\" content=\"1080\" \/>\n\t<meta property=\"og:image:height\" content=\"1080\" \/>\n\t<meta property=\"og:image:type\" content=\"image\/jpeg\" \/>\n<meta name=\"twitter:card\" content=\"summary_large_image\" \/>\n<meta name=\"twitter:label1\" content=\"Dur\u00e9e de lecture estim\u00e9e\" \/>\n\t<meta name=\"twitter:data1\" content=\"1 minute\" \/>\n<script type=\"application\/ld+json\" class=\"yoast-schema-graph\">{\"@context\":\"https:\/\/schema.org\",\"@graph\":[{\"@type\":\"WebPage\",\"@id\":\"https:\/\/www.hoogstra-autosport.nl\/product\/stoel-beugels-aluminium-of-staal\/\",\"url\":\"https:\/\/www.hoogstra-autosport.nl\/product\/stoel-beugels-aluminium-of-staal\/\",\"name\":\"Stoel Steunen Aluminium of Staal - Hoogstra Autosport\",\"isPartOf\":{\"@id\":\"https:\/\/www.hoogstra-autosport.nl\/#website\"},\"primaryImageOfPage\":{\"@id\":\"https:\/\/www.hoogstra-autosport.nl\/product\/stoel-beugels-aluminium-of-staal\/#primaryimage\"},\"image\":{\"@id\":\"https:\/\/www.hoogstra-autosport.nl\/product\/stoel-beugels-aluminium-of-staal\/#primaryimage\"},\"thumbnailUrl\":\"https:\/\/www.hoogstra-autosport.nl\/teamkoen\/wp-content\/uploads\/2014\/05\/Untitled-Project-2025-12-24T134927.787.jpg\",\"datePublished\":\"2014-05-14T11:44:12+00:00\",\"dateModified\":\"2025-12-24T12:49:36+00:00\",\"description\":\"stoel\",\"breadcrumb\":{\"@id\":\"https:\/\/www.hoogstra-autosport.nl\/product\/stoel-beugels-aluminium-of-staal\/#breadcrumb\"},\"inLanguage\":\"fr-FR\",\"potentialAction\":[{\"@type\":\"ReadAction\",\"target\":[\"https:\/\/www.hoogstra-autosport.nl\/product\/stoel-beugels-aluminium-of-staal\/\"]}]},{\"@type\":\"ImageObject\",\"inLanguage\":\"fr-FR\",\"@id\":\"https:\/\/www.hoogstra-autosport.nl\/product\/stoel-beugels-aluminium-of-staal\/#primaryimage\",\"url\":\"https:\/\/www.hoogstra-autosport.nl\/teamkoen\/wp-content\/uploads\/2014\/05\/Untitled-Project-2025-12-24T134927.787.jpg\",\"contentUrl\":\"https:\/\/www.hoogstra-autosport.nl\/teamkoen\/wp-content\/uploads\/2014\/05\/Untitled-Project-2025-12-24T134927.787.jpg\",\"width\":1080,\"height\":1080},{\"@type\":\"BreadcrumbList\",\"@id\":\"https:\/\/www.hoogstra-autosport.nl\/product\/stoel-beugels-aluminium-of-staal\/#breadcrumb\",\"itemListElement\":[{\"@type\":\"ListItem\",\"position\":1,\"name\":\"Home\",\"item\":\"https:\/\/www.hoogstra-autosport.nl\/\"},{\"@type\":\"ListItem\",\"position\":2,\"name\":\"Interieur\",\"item\":\"https:\/\/www.hoogstra-autosport.nl\/product-categorie\/remmen-brandstof-tanken\/\"},{\"@type\":\"ListItem\",\"position\":3,\"name\":\"Stoelen\",\"item\":\"https:\/\/www.hoogstra-autosport.nl\/product-categorie\/remmen-brandstof-tanken\/stoelen\/\"},{\"@type\":\"ListItem\",\"position\":4,\"name\":\"Stoel Onderdelen \/ Bevestiging\",\"item\":\"https:\/\/www.hoogstra-autosport.nl\/product-categorie\/remmen-brandstof-tanken\/stoelen\/stoel-onderdelen-bevestiging\/\"},{\"@type\":\"ListItem\",\"position\":5,\"name\":\"Stoel Steunen Aluminium of Staal\"}]},{\"@type\":\"WebSite\",\"@id\":\"https:\/\/www.hoogstra-autosport.nl\/#website\",\"url\":\"https:\/\/www.hoogstra-autosport.nl\/\",\"name\":\"Hoogstra Autosport\",\"description\":\"Performance Autosport Parts!\",\"potentialAction\":[{\"@type\":\"SearchAction\",\"target\":{\"@type\":\"EntryPoint\",\"urlTemplate\":\"https:\/\/www.hoogstra-autosport.nl\/?s={search_term_string}\"},\"query-input\":{\"@type\":\"PropertyValueSpecification\",\"valueRequired\":true,\"valueName\":\"search_term_string\"}}],\"inLanguage\":\"fr-FR\"}]}<\/script>\n<!-- \/ Yoast SEO plugin. -->","yoast_head_json":{"title":"Stoel Steunen Aluminium of Staal - Hoogstra Autosport","description":"stoel","robots":{"index":"index","follow":"follow","max-snippet":"max-snippet:-1","max-image-preview":"max-image-preview:large","max-video-preview":"max-video-preview:-1"},"canonical":"https:\/\/www.hoogstra-autosport.nl\/fr\/produit\/stoel-beugels-aluminium-of-staal\/","og_locale":"fr_FR","og_type":"article","og_title":"Stoel Steunen Aluminium of Staal - Hoogstra Autosport","og_description":"stoel","og_url":"https:\/\/www.hoogstra-autosport.nl\/fr\/produit\/stoel-beugels-aluminium-of-staal\/","og_site_name":"Hoogstra Autosport","article_modified_time":"2025-12-24T12:49:36+00:00","og_image":[{"width":1080,"height":1080,"url":"https:\/\/www.hoogstra-autosport.nl\/teamkoen\/wp-content\/uploads\/2014\/05\/Untitled-Project-2025-12-24T134927.787.jpg","type":"image\/jpeg"}],"twitter_card":"summary_large_image","twitter_misc":{"Dur\u00e9e de lecture estim\u00e9e":"1 minute"},"schema":{"@context":"https:\/\/schema.org","@graph":[{"@type":"WebPage","@id":"https:\/\/www.hoogstra-autosport.nl\/product\/stoel-beugels-aluminium-of-staal\/","url":"https:\/\/www.hoogstra-autosport.nl\/product\/stoel-beugels-aluminium-of-staal\/","name":"Stoel Steunen Aluminium of Staal - Hoogstra Autosport","isPartOf":{"@id":"https:\/\/www.hoogstra-autosport.nl\/#website"},"primaryImageOfPage":{"@id":"https:\/\/www.hoogstra-autosport.nl\/product\/stoel-beugels-aluminium-of-staal\/#primaryimage"},"image":{"@id":"https:\/\/www.hoogstra-autosport.nl\/product\/stoel-beugels-aluminium-of-staal\/#primaryimage"},"thumbnailUrl":"https:\/\/www.hoogstra-autosport.nl\/teamkoen\/wp-content\/uploads\/2014\/05\/Untitled-Project-2025-12-24T134927.787.jpg","datePublished":"2014-05-14T11:44:12+00:00","dateModified":"2025-12-24T12:49:36+00:00","description":"stoel","breadcrumb":{"@id":"https:\/\/www.hoogstra-autosport.nl\/product\/stoel-beugels-aluminium-of-staal\/#breadcrumb"},"inLanguage":"fr-FR","potentialAction":[{"@type":"ReadAction","target":["https:\/\/www.hoogstra-autosport.nl\/product\/stoel-beugels-aluminium-of-staal\/"]}]},{"@type":"ImageObject","inLanguage":"fr-FR","@id":"https:\/\/www.hoogstra-autosport.nl\/product\/stoel-beugels-aluminium-of-staal\/#primaryimage","url":"https:\/\/www.hoogstra-autosport.nl\/teamkoen\/wp-content\/uploads\/2014\/05\/Untitled-Project-2025-12-24T134927.787.jpg","contentUrl":"https:\/\/www.hoogstra-autosport.nl\/teamkoen\/wp-content\/uploads\/2014\/05\/Untitled-Project-2025-12-24T134927.787.jpg","width":1080,"height":1080},{"@type":"BreadcrumbList","@id":"https:\/\/www.hoogstra-autosport.nl\/product\/stoel-beugels-aluminium-of-staal\/#breadcrumb","itemListElement":[{"@type":"ListItem","position":1,"name":"Home","item":"https:\/\/www.hoogstra-autosport.nl\/"},{"@type":"ListItem","position":2,"name":"Interieur","item":"https:\/\/www.hoogstra-autosport.nl\/product-categorie\/remmen-brandstof-tanken\/"},{"@type":"ListItem","position":3,"name":"Stoelen","item":"https:\/\/www.hoogstra-autosport.nl\/product-categorie\/remmen-brandstof-tanken\/stoelen\/"},{"@type":"ListItem","position":4,"name":"Stoel Onderdelen \/ Bevestiging","item":"https:\/\/www.hoogstra-autosport.nl\/product-categorie\/remmen-brandstof-tanken\/stoelen\/stoel-onderdelen-bevestiging\/"},{"@type":"ListItem","position":5,"name":"Stoel Steunen Aluminium of Staal"}]},{"@type":"WebSite","@id":"https:\/\/www.hoogstra-autosport.nl\/#website","url":"https:\/\/www.hoogstra-autosport.nl\/","name":"Hoogstra Autosport","description":"Performance Autosport Parts!","potentialAction":[{"@type":"SearchAction","target":{"@type":"EntryPoint","urlTemplate":"https:\/\/www.hoogstra-autosport.nl\/?s={search_term_string}"},"query-input":{"@type":"PropertyValueSpecification","valueRequired":true,"valueName":"search_term_string"}}],"inLanguage":"fr-FR"}]}},"tiered_pricing_type":"fixed","tiered_pricing_fixed_rules":[],"tiered_pricing_product_settings":{"layout":"default","base_unit_name":{"singular":null,"plural":null},"default_variation":null},"tiered_pricing_minimum_quantity":null,"tiered_pricing_roles_data":[],"tiered_pricing_percentage_rules":[],"tiered_pricing_maximum_quantity":null,"tiered_pricing_quantity_step":null,"_links":{"self":[{"href":"https:\/\/www.hoogstra-autosport.nl\/fr\/wp-json\/wp\/v2\/product\/7680","targetHints":{"allow":["GET"]}}],"collection":[{"href":"https:\/\/www.hoogstra-autosport.nl\/fr\/wp-json\/wp\/v2\/product"}],"about":[{"href":"https:\/\/www.hoogstra-autosport.nl\/fr\/wp-json\/wp\/v2\/types\/product"}],"wp:featuredmedia":[{"embeddable":true,"href":"https:\/\/www.hoogstra-autosport.nl\/fr\/wp-json\/wp\/v2\/media\/95970"}],"wp:attachment":[{"href":"https:\/\/www.hoogstra-autosport.nl\/fr\/wp-json\/wp\/v2\/media?parent=7680"}],"wp:term":[{"taxonomy":"product_brand","embeddable":true,"href":"https:\/\/www.hoogstra-autosport.nl\/fr\/wp-json\/wp\/v2\/product_brand?post=7680"},{"taxonomy":"product_cat","embeddable":true,"href":"https:\/\/www.hoogstra-autosport.nl\/fr\/wp-json\/wp\/v2\/product_cat?post=7680"},{"taxonomy":"product_tag","embeddable":true,"href":"https:\/\/www.hoogstra-autosport.nl\/fr\/wp-json\/wp\/v2\/product_tag?post=7680"}],"curies":[{"name":"wp","href":"https:\/\/api.w.org\/{rel}","templated":true}]}}