{"id":7677,"date":"2014-05-14T11:14:03","date_gmt":"2014-05-14T11:14:03","guid":{"rendered":"http:\/\/hoogstra-autosport.nl\/?product=filter-wraps-rc4160-dk-zwarte-stofhoes"},"modified":"2024-04-11T09:55:01","modified_gmt":"2024-04-11T07:55:01","slug":"filter-wraps-rc4160-dk-zwarte-stofhoes","status":"publish","type":"product","link":"https:\/\/www.hoogstra-autosport.nl\/fr\/produit\/filter-wraps-rc4160-dk-zwarte-stofhoes\/","title":{"rendered":"Filter Wraps RC4160 DK Black Dust Cover (housse de protection contre la poussi\u00e8re)"},"content":{"rendered":"<p>Ce couvercle emp\u00eache les poussi\u00e8res fines de p\u00e9n\u00e9trer dans le filtre et donc dans le moteur.<\/p>\n<p>Ce couvercle s'adapte au filtre<\/p>\n<p>RC-4160<\/p>","protected":false},"excerpt":{"rendered":"<p>Deze hoes voorkomt fijn stof in de het filter en dus in de motor. Deze hoes past op het filter RC-4160<\/p>","protected":false},"featured_media":30899,"template":"","meta":{"_acf_changed":false},"product_brand":[],"product_cat":[4118,2720],"product_tag":[],"class_list":{"0":"post-7677","1":"product","2":"type-product","3":"status-publish","4":"has-post-thumbnail","6":"product_cat-kn","7":"product_cat-stofhoezen","8":"product_shipping_class-4016","10":"first","11":"instock","12":"taxable","13":"shipping-taxable","14":"purchasable","15":"product-type-simple"},"acf":[],"yoast_head":"<!-- This site is optimized with the Yoast SEO plugin v27.1.1 - https:\/\/yoast.com\/product\/yoast-seo-wordpress\/ -->\n<title>Filter Wraps RC4160 DK Zwarte Stofhoes - Hoogstra Autosport<\/title>\n<meta name=\"robots\" content=\"index, follow, max-snippet:-1, max-image-preview:large, max-video-preview:-1\" \/>\n<link rel=\"canonical\" href=\"https:\/\/www.hoogstra-autosport.nl\/fr\/produit\/filter-wraps-rc4160-dk-zwarte-stofhoes\/\" \/>\n<meta property=\"og:locale\" content=\"fr_FR\" \/>\n<meta property=\"og:type\" content=\"article\" \/>\n<meta property=\"og:title\" content=\"Filter Wraps RC4160 DK Zwarte Stofhoes - Hoogstra Autosport\" \/>\n<meta property=\"og:description\" content=\"Deze hoes voorkomt fijn stof in de het filter en dus in de motor. Deze hoes past op het filter RC-4160\" \/>\n<meta property=\"og:url\" content=\"https:\/\/www.hoogstra-autosport.nl\/fr\/produit\/filter-wraps-rc4160-dk-zwarte-stofhoes\/\" \/>\n<meta property=\"og:site_name\" content=\"Hoogstra Autosport\" \/>\n<meta property=\"article:modified_time\" content=\"2024-04-11T07:55:01+00:00\" \/>\n<meta property=\"og:image\" content=\"https:\/\/www.hoogstra-autosport.nl\/teamkoen\/content\/uploads\/2016\/10\/kleine-0810.jpg\" \/>\n\t<meta property=\"og:image:width\" content=\"600\" \/>\n\t<meta property=\"og:image:height\" content=\"617\" \/>\n\t<meta property=\"og:image:type\" content=\"image\/jpeg\" \/>\n<meta name=\"twitter:card\" content=\"summary_large_image\" \/>\n<script type=\"application\/ld+json\" class=\"yoast-schema-graph\">{\"@context\":\"https:\/\/schema.org\",\"@graph\":[{\"@type\":\"WebPage\",\"@id\":\"https:\/\/www.hoogstra-autosport.nl\/product\/filter-wraps-rc4160-dk-zwarte-stofhoes\/\",\"url\":\"https:\/\/www.hoogstra-autosport.nl\/product\/filter-wraps-rc4160-dk-zwarte-stofhoes\/\",\"name\":\"Filter Wraps RC4160 DK Zwarte Stofhoes - Hoogstra Autosport\",\"isPartOf\":{\"@id\":\"https:\/\/www.hoogstra-autosport.nl\/#website\"},\"primaryImageOfPage\":{\"@id\":\"https:\/\/www.hoogstra-autosport.nl\/product\/filter-wraps-rc4160-dk-zwarte-stofhoes\/#primaryimage\"},\"image\":{\"@id\":\"https:\/\/www.hoogstra-autosport.nl\/product\/filter-wraps-rc4160-dk-zwarte-stofhoes\/#primaryimage\"},\"thumbnailUrl\":\"https:\/\/www.hoogstra-autosport.nl\/teamkoen\/wp-content\/uploads\/2016\/10\/kleine-0810.jpg\",\"datePublished\":\"2014-05-14T11:14:03+00:00\",\"dateModified\":\"2024-04-11T07:55:01+00:00\",\"breadcrumb\":{\"@id\":\"https:\/\/www.hoogstra-autosport.nl\/product\/filter-wraps-rc4160-dk-zwarte-stofhoes\/#breadcrumb\"},\"inLanguage\":\"fr-FR\",\"potentialAction\":[{\"@type\":\"ReadAction\",\"target\":[\"https:\/\/www.hoogstra-autosport.nl\/product\/filter-wraps-rc4160-dk-zwarte-stofhoes\/\"]}]},{\"@type\":\"ImageObject\",\"inLanguage\":\"fr-FR\",\"@id\":\"https:\/\/www.hoogstra-autosport.nl\/product\/filter-wraps-rc4160-dk-zwarte-stofhoes\/#primaryimage\",\"url\":\"https:\/\/www.hoogstra-autosport.nl\/teamkoen\/wp-content\/uploads\/2016\/10\/kleine-0810.jpg\",\"contentUrl\":\"https:\/\/www.hoogstra-autosport.nl\/teamkoen\/wp-content\/uploads\/2016\/10\/kleine-0810.jpg\",\"width\":600,\"height\":617},{\"@type\":\"BreadcrumbList\",\"@id\":\"https:\/\/www.hoogstra-autosport.nl\/product\/filter-wraps-rc4160-dk-zwarte-stofhoes\/#breadcrumb\",\"itemListElement\":[{\"@type\":\"ListItem\",\"position\":1,\"name\":\"Home\",\"item\":\"https:\/\/www.hoogstra-autosport.nl\/\"},{\"@type\":\"ListItem\",\"position\":2,\"name\":\"Koeling &amp; Luchtfilters\",\"item\":\"https:\/\/www.hoogstra-autosport.nl\/product-categorie\/koeling-2\/\"},{\"@type\":\"ListItem\",\"position\":3,\"name\":\"Luchtfilters &amp; Toebehoren\",\"item\":\"https:\/\/www.hoogstra-autosport.nl\/product-categorie\/koeling-2\/luchtfilters-toebehoren\/\"},{\"@type\":\"ListItem\",\"position\":4,\"name\":\"Stofhoezen\",\"item\":\"https:\/\/www.hoogstra-autosport.nl\/product-categorie\/koeling-2\/luchtfilters-toebehoren\/stofhoezen\/\"},{\"@type\":\"ListItem\",\"position\":5,\"name\":\"Filter Wraps RC4160 DK Zwarte Stofhoes\"}]},{\"@type\":\"WebSite\",\"@id\":\"https:\/\/www.hoogstra-autosport.nl\/#website\",\"url\":\"https:\/\/www.hoogstra-autosport.nl\/\",\"name\":\"Hoogstra Autosport\",\"description\":\"Performance Autosport Parts!\",\"potentialAction\":[{\"@type\":\"SearchAction\",\"target\":{\"@type\":\"EntryPoint\",\"urlTemplate\":\"https:\/\/www.hoogstra-autosport.nl\/?s={search_term_string}\"},\"query-input\":{\"@type\":\"PropertyValueSpecification\",\"valueRequired\":true,\"valueName\":\"search_term_string\"}}],\"inLanguage\":\"fr-FR\"}]}<\/script>\n<!-- \/ Yoast SEO plugin. -->","yoast_head_json":{"title":"Filter Wraps RC4160 DK Zwarte Stofhoes - Hoogstra Autosport","robots":{"index":"index","follow":"follow","max-snippet":"max-snippet:-1","max-image-preview":"max-image-preview:large","max-video-preview":"max-video-preview:-1"},"canonical":"https:\/\/www.hoogstra-autosport.nl\/fr\/produit\/filter-wraps-rc4160-dk-zwarte-stofhoes\/","og_locale":"fr_FR","og_type":"article","og_title":"Filter Wraps RC4160 DK Zwarte Stofhoes - Hoogstra Autosport","og_description":"Deze hoes voorkomt fijn stof in de het filter en dus in de motor. Deze hoes past op het filter RC-4160","og_url":"https:\/\/www.hoogstra-autosport.nl\/fr\/produit\/filter-wraps-rc4160-dk-zwarte-stofhoes\/","og_site_name":"Hoogstra Autosport","article_modified_time":"2024-04-11T07:55:01+00:00","og_image":[{"width":600,"height":617,"url":"https:\/\/www.hoogstra-autosport.nl\/teamkoen\/content\/uploads\/2016\/10\/kleine-0810.jpg","type":"image\/jpeg"}],"twitter_card":"summary_large_image","schema":{"@context":"https:\/\/schema.org","@graph":[{"@type":"WebPage","@id":"https:\/\/www.hoogstra-autosport.nl\/product\/filter-wraps-rc4160-dk-zwarte-stofhoes\/","url":"https:\/\/www.hoogstra-autosport.nl\/product\/filter-wraps-rc4160-dk-zwarte-stofhoes\/","name":"Filter Wraps RC4160 DK Zwarte Stofhoes - Hoogstra Autosport","isPartOf":{"@id":"https:\/\/www.hoogstra-autosport.nl\/#website"},"primaryImageOfPage":{"@id":"https:\/\/www.hoogstra-autosport.nl\/product\/filter-wraps-rc4160-dk-zwarte-stofhoes\/#primaryimage"},"image":{"@id":"https:\/\/www.hoogstra-autosport.nl\/product\/filter-wraps-rc4160-dk-zwarte-stofhoes\/#primaryimage"},"thumbnailUrl":"https:\/\/www.hoogstra-autosport.nl\/teamkoen\/wp-content\/uploads\/2016\/10\/kleine-0810.jpg","datePublished":"2014-05-14T11:14:03+00:00","dateModified":"2024-04-11T07:55:01+00:00","breadcrumb":{"@id":"https:\/\/www.hoogstra-autosport.nl\/product\/filter-wraps-rc4160-dk-zwarte-stofhoes\/#breadcrumb"},"inLanguage":"fr-FR","potentialAction":[{"@type":"ReadAction","target":["https:\/\/www.hoogstra-autosport.nl\/product\/filter-wraps-rc4160-dk-zwarte-stofhoes\/"]}]},{"@type":"ImageObject","inLanguage":"fr-FR","@id":"https:\/\/www.hoogstra-autosport.nl\/product\/filter-wraps-rc4160-dk-zwarte-stofhoes\/#primaryimage","url":"https:\/\/www.hoogstra-autosport.nl\/teamkoen\/wp-content\/uploads\/2016\/10\/kleine-0810.jpg","contentUrl":"https:\/\/www.hoogstra-autosport.nl\/teamkoen\/wp-content\/uploads\/2016\/10\/kleine-0810.jpg","width":600,"height":617},{"@type":"BreadcrumbList","@id":"https:\/\/www.hoogstra-autosport.nl\/product\/filter-wraps-rc4160-dk-zwarte-stofhoes\/#breadcrumb","itemListElement":[{"@type":"ListItem","position":1,"name":"Home","item":"https:\/\/www.hoogstra-autosport.nl\/"},{"@type":"ListItem","position":2,"name":"Koeling &amp; Luchtfilters","item":"https:\/\/www.hoogstra-autosport.nl\/product-categorie\/koeling-2\/"},{"@type":"ListItem","position":3,"name":"Luchtfilters &amp; Toebehoren","item":"https:\/\/www.hoogstra-autosport.nl\/product-categorie\/koeling-2\/luchtfilters-toebehoren\/"},{"@type":"ListItem","position":4,"name":"Stofhoezen","item":"https:\/\/www.hoogstra-autosport.nl\/product-categorie\/koeling-2\/luchtfilters-toebehoren\/stofhoezen\/"},{"@type":"ListItem","position":5,"name":"Filter Wraps RC4160 DK Zwarte Stofhoes"}]},{"@type":"WebSite","@id":"https:\/\/www.hoogstra-autosport.nl\/#website","url":"https:\/\/www.hoogstra-autosport.nl\/","name":"Hoogstra Autosport","description":"Performance Autosport Parts!","potentialAction":[{"@type":"SearchAction","target":{"@type":"EntryPoint","urlTemplate":"https:\/\/www.hoogstra-autosport.nl\/?s={search_term_string}"},"query-input":{"@type":"PropertyValueSpecification","valueRequired":true,"valueName":"search_term_string"}}],"inLanguage":"fr-FR"}]}},"tiered_pricing_type":"fixed","tiered_pricing_fixed_rules":[],"tiered_pricing_product_settings":{"layout":"default","base_unit_name":{"singular":null,"plural":null},"default_variation":null},"tiered_pricing_minimum_quantity":null,"tiered_pricing_roles_data":[],"tiered_pricing_percentage_rules":[],"tiered_pricing_maximum_quantity":null,"tiered_pricing_quantity_step":null,"_links":{"self":[{"href":"https:\/\/www.hoogstra-autosport.nl\/fr\/wp-json\/wp\/v2\/product\/7677","targetHints":{"allow":["GET"]}}],"collection":[{"href":"https:\/\/www.hoogstra-autosport.nl\/fr\/wp-json\/wp\/v2\/product"}],"about":[{"href":"https:\/\/www.hoogstra-autosport.nl\/fr\/wp-json\/wp\/v2\/types\/product"}],"wp:featuredmedia":[{"embeddable":true,"href":"https:\/\/www.hoogstra-autosport.nl\/fr\/wp-json\/wp\/v2\/media\/30899"}],"wp:attachment":[{"href":"https:\/\/www.hoogstra-autosport.nl\/fr\/wp-json\/wp\/v2\/media?parent=7677"}],"wp:term":[{"taxonomy":"product_brand","embeddable":true,"href":"https:\/\/www.hoogstra-autosport.nl\/fr\/wp-json\/wp\/v2\/product_brand?post=7677"},{"taxonomy":"product_cat","embeddable":true,"href":"https:\/\/www.hoogstra-autosport.nl\/fr\/wp-json\/wp\/v2\/product_cat?post=7677"},{"taxonomy":"product_tag","embeddable":true,"href":"https:\/\/www.hoogstra-autosport.nl\/fr\/wp-json\/wp\/v2\/product_tag?post=7677"}],"curies":[{"name":"wp","href":"https:\/\/api.w.org\/{rel}","templated":true}]}}