{"id":76003,"date":"2024-10-01T11:28:40","date_gmt":"2024-10-01T09:28:40","guid":{"rendered":"https:\/\/www.hoogstra-autosport.nl\/?post_type=product&#038;p=76003"},"modified":"2025-11-28T17:05:59","modified_gmt":"2025-11-28T16:05:59","slug":"helix-rallydrukgroep-peugeot-205-gti","status":"publish","type":"product","link":"https:\/\/www.hoogstra-autosport.nl\/fr\/produit\/helix-rallydrukgroep-peugeot-205-gti\/","title":{"rendered":"Groupe de pression Helix Rallye Peugeot 205 GTI"},"content":{"rendered":"<p class=\"x_MsoNormal\">groupe de pression helix lest\u00e9 pour Rallye Off Road Peugeot 205 GTI<\/p>\n<p class=\"x_MsoNormal\">Couvercle de 200 MM<\/p>\n<p>groupe de pression helix strong<\/p>\n<p>&nbsp;<\/p>\n<p class=\"x_MsoNormal\">M\u00e9canisme d'embrayage HELIX pour PEUGEOT 205<\/p>\n<p>La gamme HELIX a \u00e9t\u00e9 principalement con\u00e7ue pour les moteurs ou les v\u00e9hicules dont les performances doivent \u00eatre accrues.<br \/>\nL'embrayage Helix Racing est le r\u00e9sultat d'ann\u00e9es de remplacement de l'unit\u00e9 standard sans modification du volant moteur, sauf indication contraire.<\/p>\n<p>Sp\u00e9cifications :<br \/>\n- Diam\u00e8tre de l'embrayage : 200 mm<br \/>\n- Disque pour PEUGEOT 205 1.6 GTi \/ 1.9 GTi de 1984 \u00e0 1994.<\/p>\n<p>&nbsp;<\/p>","protected":false},"excerpt":{"rendered":"<p>helix drukgroep verzwaard voor Rally Off Road gebruik Peugeot 205 GTI 200 MM cover helix sterke drukgroep &nbsp; HELIX clutch mechanism for PEUGEOT 205 The HELIX range has mainly been designed for engines or vehicles that have their performance boosted. The Helix Racing clutch is the outcome of years of replacement for the standard unit [&hellip;]<\/p>\n","protected":false},"featured_media":94054,"template":"","meta":{"_acf_changed":false},"product_brand":[],"product_cat":[2731],"product_tag":[],"class_list":{"0":"post-76003","1":"product","2":"type-product","3":"status-publish","4":"has-post-thumbnail","6":"product_cat-drukgroepen","7":"product_shipping_class-4016","9":"first","10":"instock","11":"taxable","12":"shipping-taxable","13":"purchasable","14":"product-type-simple"},"acf":[],"yoast_head":"<!-- This site is optimized with the Yoast SEO plugin v27.1.1 - https:\/\/yoast.com\/product\/yoast-seo-wordpress\/ -->\n<title>Helix RallyDrukgroep Peugeot 205 GTI - Hoogstra Autosport<\/title>\n<meta name=\"robots\" content=\"index, follow, max-snippet:-1, max-image-preview:large, max-video-preview:-1\" \/>\n<link rel=\"canonical\" href=\"https:\/\/www.hoogstra-autosport.nl\/fr\/produit\/helix-rallydrukgroep-peugeot-205-gti\/\" \/>\n<meta property=\"og:locale\" content=\"fr_FR\" \/>\n<meta property=\"og:type\" content=\"article\" \/>\n<meta property=\"og:title\" content=\"Helix RallyDrukgroep Peugeot 205 GTI - Hoogstra Autosport\" \/>\n<meta property=\"og:description\" content=\"helix drukgroep verzwaard voor Rally Off Road gebruik Peugeot 205 GTI 200 MM cover helix sterke drukgroep &nbsp; HELIX clutch mechanism for PEUGEOT 205 The HELIX range has mainly been designed for engines or vehicles that have their performance boosted. The Helix Racing clutch is the outcome of years of replacement for the standard unit [&hellip;]\" \/>\n<meta property=\"og:url\" content=\"https:\/\/www.hoogstra-autosport.nl\/fr\/produit\/helix-rallydrukgroep-peugeot-205-gti\/\" \/>\n<meta property=\"og:site_name\" content=\"Hoogstra Autosport\" \/>\n<meta property=\"article:modified_time\" content=\"2025-11-28T16:05:59+00:00\" \/>\n<meta property=\"og:image\" content=\"https:\/\/www.hoogstra-autosport.nl\/teamkoen\/wp-content\/uploads\/2024\/12\/Untitled-Project-55.jpg\" \/>\n\t<meta property=\"og:image:width\" content=\"1080\" \/>\n\t<meta property=\"og:image:height\" content=\"1080\" \/>\n\t<meta property=\"og:image:type\" content=\"image\/jpeg\" \/>\n<meta name=\"twitter:card\" content=\"summary_large_image\" \/>\n<meta name=\"twitter:label1\" content=\"Dur\u00e9e de lecture estim\u00e9e\" \/>\n\t<meta name=\"twitter:data1\" content=\"1 minute\" \/>\n<script type=\"application\/ld+json\" class=\"yoast-schema-graph\">{\"@context\":\"https:\/\/schema.org\",\"@graph\":[{\"@type\":\"WebPage\",\"@id\":\"https:\/\/www.hoogstra-autosport.nl\/product\/helix-rallydrukgroep-peugeot-205-gti\/\",\"url\":\"https:\/\/www.hoogstra-autosport.nl\/product\/helix-rallydrukgroep-peugeot-205-gti\/\",\"name\":\"Helix RallyDrukgroep Peugeot 205 GTI - Hoogstra Autosport\",\"isPartOf\":{\"@id\":\"https:\/\/www.hoogstra-autosport.nl\/#website\"},\"primaryImageOfPage\":{\"@id\":\"https:\/\/www.hoogstra-autosport.nl\/product\/helix-rallydrukgroep-peugeot-205-gti\/#primaryimage\"},\"image\":{\"@id\":\"https:\/\/www.hoogstra-autosport.nl\/product\/helix-rallydrukgroep-peugeot-205-gti\/#primaryimage\"},\"thumbnailUrl\":\"https:\/\/www.hoogstra-autosport.nl\/teamkoen\/wp-content\/uploads\/2024\/12\/Untitled-Project-55.jpg\",\"datePublished\":\"2024-10-01T09:28:40+00:00\",\"dateModified\":\"2025-11-28T16:05:59+00:00\",\"breadcrumb\":{\"@id\":\"https:\/\/www.hoogstra-autosport.nl\/product\/helix-rallydrukgroep-peugeot-205-gti\/#breadcrumb\"},\"inLanguage\":\"fr-FR\",\"potentialAction\":[{\"@type\":\"ReadAction\",\"target\":[\"https:\/\/www.hoogstra-autosport.nl\/product\/helix-rallydrukgroep-peugeot-205-gti\/\"]}]},{\"@type\":\"ImageObject\",\"inLanguage\":\"fr-FR\",\"@id\":\"https:\/\/www.hoogstra-autosport.nl\/product\/helix-rallydrukgroep-peugeot-205-gti\/#primaryimage\",\"url\":\"https:\/\/www.hoogstra-autosport.nl\/teamkoen\/wp-content\/uploads\/2024\/12\/Untitled-Project-55.jpg\",\"contentUrl\":\"https:\/\/www.hoogstra-autosport.nl\/teamkoen\/wp-content\/uploads\/2024\/12\/Untitled-Project-55.jpg\",\"width\":1080,\"height\":1080},{\"@type\":\"BreadcrumbList\",\"@id\":\"https:\/\/www.hoogstra-autosport.nl\/product\/helix-rallydrukgroep-peugeot-205-gti\/#breadcrumb\",\"itemListElement\":[{\"@type\":\"ListItem\",\"position\":1,\"name\":\"Home\",\"item\":\"https:\/\/www.hoogstra-autosport.nl\/\"},{\"@type\":\"ListItem\",\"position\":2,\"name\":\"Motorisch\",\"item\":\"https:\/\/www.hoogstra-autosport.nl\/product-categorie\/auto-techniek\/\"},{\"@type\":\"ListItem\",\"position\":3,\"name\":\"Koppeling , Versnellingsbak en Assen\",\"item\":\"https:\/\/www.hoogstra-autosport.nl\/product-categorie\/auto-techniek\/koppeling-versnellingsbak-en-assen\/\"},{\"@type\":\"ListItem\",\"position\":4,\"name\":\"Helix Drukgroepen\",\"item\":\"https:\/\/www.hoogstra-autosport.nl\/product-categorie\/auto-techniek\/koppeling-versnellingsbak-en-assen\/drukgroepen\/\"},{\"@type\":\"ListItem\",\"position\":5,\"name\":\"Helix RallyDrukgroep Peugeot 205 GTI\"}]},{\"@type\":\"WebSite\",\"@id\":\"https:\/\/www.hoogstra-autosport.nl\/#website\",\"url\":\"https:\/\/www.hoogstra-autosport.nl\/\",\"name\":\"Hoogstra Autosport\",\"description\":\"Performance Autosport Parts!\",\"potentialAction\":[{\"@type\":\"SearchAction\",\"target\":{\"@type\":\"EntryPoint\",\"urlTemplate\":\"https:\/\/www.hoogstra-autosport.nl\/?s={search_term_string}\"},\"query-input\":{\"@type\":\"PropertyValueSpecification\",\"valueRequired\":true,\"valueName\":\"search_term_string\"}}],\"inLanguage\":\"fr-FR\"}]}<\/script>\n<!-- \/ Yoast SEO plugin. -->","yoast_head_json":{"title":"Helix RallyDrukgroep Peugeot 205 GTI - Hoogstra Autosport","robots":{"index":"index","follow":"follow","max-snippet":"max-snippet:-1","max-image-preview":"max-image-preview:large","max-video-preview":"max-video-preview:-1"},"canonical":"https:\/\/www.hoogstra-autosport.nl\/fr\/produit\/helix-rallydrukgroep-peugeot-205-gti\/","og_locale":"fr_FR","og_type":"article","og_title":"Helix RallyDrukgroep Peugeot 205 GTI - Hoogstra Autosport","og_description":"helix drukgroep verzwaard voor Rally Off Road gebruik Peugeot 205 GTI 200 MM cover helix sterke drukgroep &nbsp; HELIX clutch mechanism for PEUGEOT 205 The HELIX range has mainly been designed for engines or vehicles that have their performance boosted. The Helix Racing clutch is the outcome of years of replacement for the standard unit [&hellip;]","og_url":"https:\/\/www.hoogstra-autosport.nl\/fr\/produit\/helix-rallydrukgroep-peugeot-205-gti\/","og_site_name":"Hoogstra Autosport","article_modified_time":"2025-11-28T16:05:59+00:00","og_image":[{"width":1080,"height":1080,"url":"https:\/\/www.hoogstra-autosport.nl\/teamkoen\/wp-content\/uploads\/2024\/12\/Untitled-Project-55.jpg","type":"image\/jpeg"}],"twitter_card":"summary_large_image","twitter_misc":{"Dur\u00e9e de lecture estim\u00e9e":"1 minute"},"schema":{"@context":"https:\/\/schema.org","@graph":[{"@type":"WebPage","@id":"https:\/\/www.hoogstra-autosport.nl\/product\/helix-rallydrukgroep-peugeot-205-gti\/","url":"https:\/\/www.hoogstra-autosport.nl\/product\/helix-rallydrukgroep-peugeot-205-gti\/","name":"Helix RallyDrukgroep Peugeot 205 GTI - Hoogstra Autosport","isPartOf":{"@id":"https:\/\/www.hoogstra-autosport.nl\/#website"},"primaryImageOfPage":{"@id":"https:\/\/www.hoogstra-autosport.nl\/product\/helix-rallydrukgroep-peugeot-205-gti\/#primaryimage"},"image":{"@id":"https:\/\/www.hoogstra-autosport.nl\/product\/helix-rallydrukgroep-peugeot-205-gti\/#primaryimage"},"thumbnailUrl":"https:\/\/www.hoogstra-autosport.nl\/teamkoen\/wp-content\/uploads\/2024\/12\/Untitled-Project-55.jpg","datePublished":"2024-10-01T09:28:40+00:00","dateModified":"2025-11-28T16:05:59+00:00","breadcrumb":{"@id":"https:\/\/www.hoogstra-autosport.nl\/product\/helix-rallydrukgroep-peugeot-205-gti\/#breadcrumb"},"inLanguage":"fr-FR","potentialAction":[{"@type":"ReadAction","target":["https:\/\/www.hoogstra-autosport.nl\/product\/helix-rallydrukgroep-peugeot-205-gti\/"]}]},{"@type":"ImageObject","inLanguage":"fr-FR","@id":"https:\/\/www.hoogstra-autosport.nl\/product\/helix-rallydrukgroep-peugeot-205-gti\/#primaryimage","url":"https:\/\/www.hoogstra-autosport.nl\/teamkoen\/wp-content\/uploads\/2024\/12\/Untitled-Project-55.jpg","contentUrl":"https:\/\/www.hoogstra-autosport.nl\/teamkoen\/wp-content\/uploads\/2024\/12\/Untitled-Project-55.jpg","width":1080,"height":1080},{"@type":"BreadcrumbList","@id":"https:\/\/www.hoogstra-autosport.nl\/product\/helix-rallydrukgroep-peugeot-205-gti\/#breadcrumb","itemListElement":[{"@type":"ListItem","position":1,"name":"Home","item":"https:\/\/www.hoogstra-autosport.nl\/"},{"@type":"ListItem","position":2,"name":"Motorisch","item":"https:\/\/www.hoogstra-autosport.nl\/product-categorie\/auto-techniek\/"},{"@type":"ListItem","position":3,"name":"Koppeling , Versnellingsbak en Assen","item":"https:\/\/www.hoogstra-autosport.nl\/product-categorie\/auto-techniek\/koppeling-versnellingsbak-en-assen\/"},{"@type":"ListItem","position":4,"name":"Helix Drukgroepen","item":"https:\/\/www.hoogstra-autosport.nl\/product-categorie\/auto-techniek\/koppeling-versnellingsbak-en-assen\/drukgroepen\/"},{"@type":"ListItem","position":5,"name":"Helix RallyDrukgroep Peugeot 205 GTI"}]},{"@type":"WebSite","@id":"https:\/\/www.hoogstra-autosport.nl\/#website","url":"https:\/\/www.hoogstra-autosport.nl\/","name":"Hoogstra Autosport","description":"Performance Autosport Parts!","potentialAction":[{"@type":"SearchAction","target":{"@type":"EntryPoint","urlTemplate":"https:\/\/www.hoogstra-autosport.nl\/?s={search_term_string}"},"query-input":{"@type":"PropertyValueSpecification","valueRequired":true,"valueName":"search_term_string"}}],"inLanguage":"fr-FR"}]}},"tiered_pricing_type":"fixed","tiered_pricing_fixed_rules":[],"tiered_pricing_product_settings":{"layout":"default","base_unit_name":{"singular":null,"plural":null},"default_variation":null},"tiered_pricing_minimum_quantity":null,"tiered_pricing_roles_data":[],"tiered_pricing_percentage_rules":[],"tiered_pricing_maximum_quantity":null,"tiered_pricing_quantity_step":null,"_links":{"self":[{"href":"https:\/\/www.hoogstra-autosport.nl\/fr\/wp-json\/wp\/v2\/product\/76003","targetHints":{"allow":["GET"]}}],"collection":[{"href":"https:\/\/www.hoogstra-autosport.nl\/fr\/wp-json\/wp\/v2\/product"}],"about":[{"href":"https:\/\/www.hoogstra-autosport.nl\/fr\/wp-json\/wp\/v2\/types\/product"}],"wp:featuredmedia":[{"embeddable":true,"href":"https:\/\/www.hoogstra-autosport.nl\/fr\/wp-json\/wp\/v2\/media\/94054"}],"wp:attachment":[{"href":"https:\/\/www.hoogstra-autosport.nl\/fr\/wp-json\/wp\/v2\/media?parent=76003"}],"wp:term":[{"taxonomy":"product_brand","embeddable":true,"href":"https:\/\/www.hoogstra-autosport.nl\/fr\/wp-json\/wp\/v2\/product_brand?post=76003"},{"taxonomy":"product_cat","embeddable":true,"href":"https:\/\/www.hoogstra-autosport.nl\/fr\/wp-json\/wp\/v2\/product_cat?post=76003"},{"taxonomy":"product_tag","embeddable":true,"href":"https:\/\/www.hoogstra-autosport.nl\/fr\/wp-json\/wp\/v2\/product_tag?post=76003"}],"curies":[{"name":"wp","href":"https:\/\/api.w.org\/{rel}","templated":true}]}}