{"id":75423,"date":"2024-09-06T13:48:13","date_gmt":"2024-09-06T11:48:13","guid":{"rendered":"https:\/\/www.hoogstra-autosport.nl\/?post_type=product&#038;p=75423"},"modified":"2024-09-06T13:48:13","modified_gmt":"2024-09-06T11:48:13","slug":"headcool-power-black-size-l-xl","status":"publish","type":"product","link":"https:\/\/www.hoogstra-autosport.nl\/fr\/produit\/headcool-power-black-size-l-xl\/","title":{"rendered":"Headcool Power noir taille L\/XL"},"content":{"rendered":"<p>La hotte de refroidissement INUTEQ-H20\u00ae est l\u00e9g\u00e8re et facile \u00e0 (r\u00e9)activer.<br \/>\nIl peut \u00eatre port\u00e9 en de multiples occasions, du travail au sport et aux loisirs.<br \/>\nCe produit donne de meilleurs r\u00e9sultats dans des conditions d'humidit\u00e9 faible \u00e0 moyenne.<br \/>\nLe niveau de d\u00e9bit d'air d\u00e9termine l'effet de refroidissement.<br \/>\nLe port des accessoires INUTEQ-H2O\u00ae vous permet d'\u00e9viter le stress thermique et de rester confortablement au frais.<br \/>\nil am\u00e9liore votre niveau de performance.<\/p>","protected":false},"excerpt":{"rendered":"<p>De INUTEQ-H20\u00ae koelkap is lichtgewicht en eenvoudig te (her)activeren. Het kan worden gedragen bij meerdere gelegenheden, van werk tot sport en recreatie. Dit product presteert het best in lage tot middelhoge luchtvochtigheid. Het niveau van de luchtstroom bepaalt het koeleffect. Met het dragen van de INUTEQ-H2O\u00ae accessoires kunt u hittestress vermijden en blijf u comfortabel [&hellip;]<\/p>\n","protected":false},"featured_media":75424,"template":"","meta":{"_acf_changed":false},"product_brand":[],"product_cat":[4245,3778],"product_tag":[],"class_list":{"0":"post-75423","1":"product","2":"type-product","3":"status-publish","4":"has-post-thumbnail","6":"product_cat-koelvesten-en-accessoires","7":"product_cat-autosport-kleding-helmen","8":"product_shipping_class-4016","10":"first","11":"instock","12":"taxable","13":"shipping-taxable","14":"purchasable","15":"product-type-simple"},"acf":[],"yoast_head":"<!-- This site is optimized with the Yoast SEO plugin v27.1.1 - https:\/\/yoast.com\/product\/yoast-seo-wordpress\/ -->\n<title>Headcool Power black size L\/XL - Hoogstra Autosport<\/title>\n<meta name=\"robots\" content=\"index, follow, max-snippet:-1, max-image-preview:large, max-video-preview:-1\" \/>\n<link rel=\"canonical\" href=\"https:\/\/www.hoogstra-autosport.nl\/fr\/produit\/headcool-power-black-size-l-xl\/\" \/>\n<meta property=\"og:locale\" content=\"fr_FR\" \/>\n<meta property=\"og:type\" content=\"article\" \/>\n<meta property=\"og:title\" content=\"Headcool Power black size L\/XL - Hoogstra Autosport\" \/>\n<meta property=\"og:description\" content=\"De INUTEQ-H20\u00ae koelkap is lichtgewicht en eenvoudig te (her)activeren. Het kan worden gedragen bij meerdere gelegenheden, van werk tot sport en recreatie. Dit product presteert het best in lage tot middelhoge luchtvochtigheid. Het niveau van de luchtstroom bepaalt het koeleffect. Met het dragen van de INUTEQ-H2O\u00ae accessoires kunt u hittestress vermijden en blijf u comfortabel [&hellip;]\" \/>\n<meta property=\"og:url\" content=\"https:\/\/www.hoogstra-autosport.nl\/fr\/produit\/headcool-power-black-size-l-xl\/\" \/>\n<meta property=\"og:site_name\" content=\"Hoogstra Autosport\" \/>\n<meta property=\"og:image\" content=\"https:\/\/hoogstra-autosport.nl\/teamkoen\/content\/uploads\/2024\/09\/pet.jpg\" \/>\n\t<meta property=\"og:image:width\" content=\"986\" \/>\n\t<meta property=\"og:image:height\" content=\"986\" \/>\n\t<meta property=\"og:image:type\" content=\"image\/jpeg\" \/>\n<meta name=\"twitter:card\" content=\"summary_large_image\" \/>\n<meta name=\"twitter:label1\" content=\"Dur\u00e9e de lecture estim\u00e9e\" \/>\n\t<meta name=\"twitter:data1\" content=\"1 minute\" \/>\n<script type=\"application\/ld+json\" class=\"yoast-schema-graph\">{\"@context\":\"https:\/\/schema.org\",\"@graph\":[{\"@type\":\"WebPage\",\"@id\":\"https:\/\/www.hoogstra-autosport.nl\/product\/headcool-power-black-size-l-xl\/\",\"url\":\"https:\/\/www.hoogstra-autosport.nl\/product\/headcool-power-black-size-l-xl\/\",\"name\":\"Headcool Power black size L\/XL - Hoogstra Autosport\",\"isPartOf\":{\"@id\":\"https:\/\/www.hoogstra-autosport.nl\/#website\"},\"primaryImageOfPage\":{\"@id\":\"https:\/\/www.hoogstra-autosport.nl\/product\/headcool-power-black-size-l-xl\/#primaryimage\"},\"image\":{\"@id\":\"https:\/\/www.hoogstra-autosport.nl\/product\/headcool-power-black-size-l-xl\/#primaryimage\"},\"thumbnailUrl\":\"https:\/\/www.hoogstra-autosport.nl\/teamkoen\/wp-content\/uploads\/2024\/09\/pet.jpg\",\"datePublished\":\"2024-09-06T11:48:13+00:00\",\"breadcrumb\":{\"@id\":\"https:\/\/www.hoogstra-autosport.nl\/product\/headcool-power-black-size-l-xl\/#breadcrumb\"},\"inLanguage\":\"fr-FR\",\"potentialAction\":[{\"@type\":\"ReadAction\",\"target\":[\"https:\/\/www.hoogstra-autosport.nl\/product\/headcool-power-black-size-l-xl\/\"]}]},{\"@type\":\"ImageObject\",\"inLanguage\":\"fr-FR\",\"@id\":\"https:\/\/www.hoogstra-autosport.nl\/product\/headcool-power-black-size-l-xl\/#primaryimage\",\"url\":\"https:\/\/www.hoogstra-autosport.nl\/teamkoen\/wp-content\/uploads\/2024\/09\/pet.jpg\",\"contentUrl\":\"https:\/\/www.hoogstra-autosport.nl\/teamkoen\/wp-content\/uploads\/2024\/09\/pet.jpg\",\"width\":986,\"height\":986},{\"@type\":\"BreadcrumbList\",\"@id\":\"https:\/\/www.hoogstra-autosport.nl\/product\/headcool-power-black-size-l-xl\/#breadcrumb\",\"itemListElement\":[{\"@type\":\"ListItem\",\"position\":1,\"name\":\"Home\",\"item\":\"https:\/\/www.hoogstra-autosport.nl\/\"},{\"@type\":\"ListItem\",\"position\":2,\"name\":\"Uitrusting\",\"item\":\"https:\/\/www.hoogstra-autosport.nl\/product-categorie\/autosport-kleding-helmen\/\"},{\"@type\":\"ListItem\",\"position\":3,\"name\":\"Autosport Kleding\",\"item\":\"https:\/\/www.hoogstra-autosport.nl\/product-categorie\/autosport-kleding-helmen\/autosport-kleding\/\"},{\"@type\":\"ListItem\",\"position\":4,\"name\":\"Koelvesten en Accessoires\",\"item\":\"https:\/\/www.hoogstra-autosport.nl\/product-categorie\/autosport-kleding-helmen\/autosport-kleding\/koelvesten-en-accessoires\/\"},{\"@type\":\"ListItem\",\"position\":5,\"name\":\"Headcool Power black size L\/XL\"}]},{\"@type\":\"WebSite\",\"@id\":\"https:\/\/www.hoogstra-autosport.nl\/#website\",\"url\":\"https:\/\/www.hoogstra-autosport.nl\/\",\"name\":\"Hoogstra Autosport\",\"description\":\"Performance Autosport Parts!\",\"potentialAction\":[{\"@type\":\"SearchAction\",\"target\":{\"@type\":\"EntryPoint\",\"urlTemplate\":\"https:\/\/www.hoogstra-autosport.nl\/?s={search_term_string}\"},\"query-input\":{\"@type\":\"PropertyValueSpecification\",\"valueRequired\":true,\"valueName\":\"search_term_string\"}}],\"inLanguage\":\"fr-FR\"}]}<\/script>\n<!-- \/ Yoast SEO plugin. -->","yoast_head_json":{"title":"Headcool Power black size L\/XL - Hoogstra Autosport","robots":{"index":"index","follow":"follow","max-snippet":"max-snippet:-1","max-image-preview":"max-image-preview:large","max-video-preview":"max-video-preview:-1"},"canonical":"https:\/\/www.hoogstra-autosport.nl\/fr\/produit\/headcool-power-black-size-l-xl\/","og_locale":"fr_FR","og_type":"article","og_title":"Headcool Power black size L\/XL - Hoogstra Autosport","og_description":"De INUTEQ-H20\u00ae koelkap is lichtgewicht en eenvoudig te (her)activeren. Het kan worden gedragen bij meerdere gelegenheden, van werk tot sport en recreatie. Dit product presteert het best in lage tot middelhoge luchtvochtigheid. Het niveau van de luchtstroom bepaalt het koeleffect. Met het dragen van de INUTEQ-H2O\u00ae accessoires kunt u hittestress vermijden en blijf u comfortabel [&hellip;]","og_url":"https:\/\/www.hoogstra-autosport.nl\/fr\/produit\/headcool-power-black-size-l-xl\/","og_site_name":"Hoogstra Autosport","og_image":[{"width":986,"height":986,"url":"https:\/\/hoogstra-autosport.nl\/teamkoen\/content\/uploads\/2024\/09\/pet.jpg","type":"image\/jpeg"}],"twitter_card":"summary_large_image","twitter_misc":{"Dur\u00e9e de lecture estim\u00e9e":"1 minute"},"schema":{"@context":"https:\/\/schema.org","@graph":[{"@type":"WebPage","@id":"https:\/\/www.hoogstra-autosport.nl\/product\/headcool-power-black-size-l-xl\/","url":"https:\/\/www.hoogstra-autosport.nl\/product\/headcool-power-black-size-l-xl\/","name":"Headcool Power black size L\/XL - Hoogstra Autosport","isPartOf":{"@id":"https:\/\/www.hoogstra-autosport.nl\/#website"},"primaryImageOfPage":{"@id":"https:\/\/www.hoogstra-autosport.nl\/product\/headcool-power-black-size-l-xl\/#primaryimage"},"image":{"@id":"https:\/\/www.hoogstra-autosport.nl\/product\/headcool-power-black-size-l-xl\/#primaryimage"},"thumbnailUrl":"https:\/\/www.hoogstra-autosport.nl\/teamkoen\/wp-content\/uploads\/2024\/09\/pet.jpg","datePublished":"2024-09-06T11:48:13+00:00","breadcrumb":{"@id":"https:\/\/www.hoogstra-autosport.nl\/product\/headcool-power-black-size-l-xl\/#breadcrumb"},"inLanguage":"fr-FR","potentialAction":[{"@type":"ReadAction","target":["https:\/\/www.hoogstra-autosport.nl\/product\/headcool-power-black-size-l-xl\/"]}]},{"@type":"ImageObject","inLanguage":"fr-FR","@id":"https:\/\/www.hoogstra-autosport.nl\/product\/headcool-power-black-size-l-xl\/#primaryimage","url":"https:\/\/www.hoogstra-autosport.nl\/teamkoen\/wp-content\/uploads\/2024\/09\/pet.jpg","contentUrl":"https:\/\/www.hoogstra-autosport.nl\/teamkoen\/wp-content\/uploads\/2024\/09\/pet.jpg","width":986,"height":986},{"@type":"BreadcrumbList","@id":"https:\/\/www.hoogstra-autosport.nl\/product\/headcool-power-black-size-l-xl\/#breadcrumb","itemListElement":[{"@type":"ListItem","position":1,"name":"Home","item":"https:\/\/www.hoogstra-autosport.nl\/"},{"@type":"ListItem","position":2,"name":"Uitrusting","item":"https:\/\/www.hoogstra-autosport.nl\/product-categorie\/autosport-kleding-helmen\/"},{"@type":"ListItem","position":3,"name":"Autosport Kleding","item":"https:\/\/www.hoogstra-autosport.nl\/product-categorie\/autosport-kleding-helmen\/autosport-kleding\/"},{"@type":"ListItem","position":4,"name":"Koelvesten en Accessoires","item":"https:\/\/www.hoogstra-autosport.nl\/product-categorie\/autosport-kleding-helmen\/autosport-kleding\/koelvesten-en-accessoires\/"},{"@type":"ListItem","position":5,"name":"Headcool Power black size L\/XL"}]},{"@type":"WebSite","@id":"https:\/\/www.hoogstra-autosport.nl\/#website","url":"https:\/\/www.hoogstra-autosport.nl\/","name":"Hoogstra Autosport","description":"Performance Autosport Parts!","potentialAction":[{"@type":"SearchAction","target":{"@type":"EntryPoint","urlTemplate":"https:\/\/www.hoogstra-autosport.nl\/?s={search_term_string}"},"query-input":{"@type":"PropertyValueSpecification","valueRequired":true,"valueName":"search_term_string"}}],"inLanguage":"fr-FR"}]}},"tiered_pricing_type":"fixed","tiered_pricing_fixed_rules":[],"tiered_pricing_product_settings":{"layout":"default","base_unit_name":{"singular":null,"plural":null},"default_variation":null},"tiered_pricing_minimum_quantity":null,"tiered_pricing_roles_data":[],"tiered_pricing_percentage_rules":[],"tiered_pricing_maximum_quantity":null,"tiered_pricing_quantity_step":null,"_links":{"self":[{"href":"https:\/\/www.hoogstra-autosport.nl\/fr\/wp-json\/wp\/v2\/product\/75423","targetHints":{"allow":["GET"]}}],"collection":[{"href":"https:\/\/www.hoogstra-autosport.nl\/fr\/wp-json\/wp\/v2\/product"}],"about":[{"href":"https:\/\/www.hoogstra-autosport.nl\/fr\/wp-json\/wp\/v2\/types\/product"}],"wp:featuredmedia":[{"embeddable":true,"href":"https:\/\/www.hoogstra-autosport.nl\/fr\/wp-json\/wp\/v2\/media\/75424"}],"wp:attachment":[{"href":"https:\/\/www.hoogstra-autosport.nl\/fr\/wp-json\/wp\/v2\/media?parent=75423"}],"wp:term":[{"taxonomy":"product_brand","embeddable":true,"href":"https:\/\/www.hoogstra-autosport.nl\/fr\/wp-json\/wp\/v2\/product_brand?post=75423"},{"taxonomy":"product_cat","embeddable":true,"href":"https:\/\/www.hoogstra-autosport.nl\/fr\/wp-json\/wp\/v2\/product_cat?post=75423"},{"taxonomy":"product_tag","embeddable":true,"href":"https:\/\/www.hoogstra-autosport.nl\/fr\/wp-json\/wp\/v2\/product_tag?post=75423"}],"curies":[{"name":"wp","href":"https:\/\/api.w.org\/{rel}","templated":true}]}}