{"id":75417,"date":"2024-09-06T11:18:19","date_gmt":"2024-09-06T09:18:19","guid":{"rendered":"https:\/\/www.hoogstra-autosport.nl\/?post_type=product&#038;p=75417"},"modified":"2024-09-06T11:18:20","modified_gmt":"2024-09-06T09:18:20","slug":"inuteq-cooling-towel-verkoelende-handdoek-grijs","status":"publish","type":"product","link":"https:\/\/www.hoogstra-autosport.nl\/fr\/produit\/inuteq-cooling-towel-verkoelende-handdoek-grijs\/","title":{"rendered":"Inuteq Cooling Towel serviette rafra\u00eechissante - gris"},"content":{"rendered":"<p>Certaines activit\u00e9s exigent que vous apportiez de la chaleur, c'est pourquoi vous devez \u00e9galement apporter votre serviette de refroidissement corporel INUTEQ. Il suffit d'une minute pour la pr\u00e9parer, mais elle vous gardera au frais pendant des heures.<\/p>\n<p>Avantages du produit<\/p>\n<ul>\n<li>\u00c9quip\u00e9 de la technologie de refroidissement par \u00e9vaporation INUTEQ-PVA\u00ae.<\/li>\n<li>Fabriqu\u00e9 en tissu 100% \u00e0 base d'alcool polyvinylique hautement absorbant.<\/li>\n<li>1 minute de pr\u00e9paration \u00e9quivaut \u00e0 des heures de refroidissement<\/li>\n<li>Disponible en 1 seule taille : 78 cm x 32 cm<\/li>\n<li>Disponible en bleu, vert, gris, orange, rose et jaune.<\/li>\n<\/ul>\n<h3>Combattre la chaleur<\/h3>\n<p>La serviette rafra\u00eechissante INUTEQ offre une solution rapide et facile pour rester frais et dispos. Elle est compos\u00e9e d'un tissu en alcool polyvinylique tr\u00e8s absorbant qui est activ\u00e9 en trempant la serviette rafra\u00eechissante dans l'eau pendant une minute. Apr\u00e8s avoir essor\u00e9 l'exc\u00e8s d'eau, votre serviette rafra\u00eechissante est pr\u00eate \u00e0 vous rafra\u00eechir pendant des heures.<\/p>\n<h3>Pr\u00eat \u00e0 tout<\/h3>\n<p>De taille parfaite, vous pouvez utiliser votre serviette rafra\u00eechissante n'importe o\u00f9 et n'importe quand. Gardez la t\u00eate froide et restez concentr\u00e9 pendant votre entra\u00eenement, restez concentr\u00e9 au travail ou d\u00e9tendez-vous tout simplement en restant au frais \u00e0 la maison ou dans l'arri\u00e8re-cour.<\/p>\n<p>\u00c0 propos d'INUTEQ<\/p>\n<p>INUTEQ est le leader mondial dans le d\u00e9veloppement et la production de technologies et de produits innovants pour le rafra\u00eechissement personnel. Notre mission est de cr\u00e9er les meilleures solutions possibles pour maintenir les personnes et les animaux confortablement au frais et pr\u00e9venir les sympt\u00f4mes du stress thermique dans toutes les situations, que ce soit au travail, en faisant de l'exercice ou dans la vie de tous les jours. Nous collaborons avec des marques de qualit\u00e9, des entreprises innovantes et les meilleures universit\u00e9s m\u00e9dicales et techniques. Nous sommes fiers de fournir plusieurs \u00e9quipes de ProCycling et de Formule 1, ainsi que de nombreux athl\u00e8tes olympiques de premier plan. INUTEQ dessert plusieurs march\u00e9s, notamment la s\u00e9curit\u00e9 industrielle, le sport, les soins de sant\u00e9, la moto, l'arm\u00e9e, les loisirs de plein air et les soins aux animaux.<\/p>\n<p>Gardez la t\u00eate froide et restez dans le jeu avec la serviette rafra\u00eechissante pour le corps INUTEQ.<\/p>","protected":false},"excerpt":{"rendered":"<p>Sommige activiteiten vereisen dat je warmte meebrengt, en daarom moet je ook je INUTEQ Body Cooling Towel meebrengen. Het kost \u00e9\u00e9n minuut om voor te bereiden, maar het houdt je urenlang koel. Product Voordelen Voorzien van INUTEQ-PVA\u00ae verdampingskoeltechnologie Gemaakt van 100% zeer absorberende Polyvinylalcoholstof 1 minuut voorbereiding staat gelijk aan urenlang koelen Beschikbaar in slechts [&hellip;]<\/p>\n","protected":false},"featured_media":75419,"template":"","meta":{"_acf_changed":false},"product_brand":[],"product_cat":[4245],"product_tag":[],"class_list":{"0":"post-75417","1":"product","2":"type-product","3":"status-publish","4":"has-post-thumbnail","6":"product_cat-koelvesten-en-accessoires","7":"product_shipping_class-4016","9":"first","10":"instock","11":"taxable","12":"shipping-taxable","13":"purchasable","14":"product-type-simple"},"acf":[],"yoast_head":"<!-- This site is optimized with the Yoast SEO plugin v27.1.1 - https:\/\/yoast.com\/product\/yoast-seo-wordpress\/ -->\n<title>Inuteq Cooling Towel verkoelende handdoek - grijs - Hoogstra Autosport<\/title>\n<meta name=\"robots\" content=\"index, follow, max-snippet:-1, max-image-preview:large, max-video-preview:-1\" \/>\n<link rel=\"canonical\" href=\"https:\/\/www.hoogstra-autosport.nl\/fr\/produit\/inuteq-cooling-towel-verkoelende-handdoek-grijs\/\" \/>\n<meta property=\"og:locale\" content=\"fr_FR\" \/>\n<meta property=\"og:type\" content=\"article\" \/>\n<meta property=\"og:title\" content=\"Inuteq Cooling Towel verkoelende handdoek - grijs - Hoogstra Autosport\" \/>\n<meta property=\"og:description\" content=\"Sommige activiteiten vereisen dat je warmte meebrengt, en daarom moet je ook je INUTEQ Body Cooling Towel meebrengen. Het kost \u00e9\u00e9n minuut om voor te bereiden, maar het houdt je urenlang koel. Product Voordelen Voorzien van INUTEQ-PVA\u00ae verdampingskoeltechnologie Gemaakt van 100% zeer absorberende Polyvinylalcoholstof 1 minuut voorbereiding staat gelijk aan urenlang koelen Beschikbaar in slechts [&hellip;]\" \/>\n<meta property=\"og:url\" content=\"https:\/\/www.hoogstra-autosport.nl\/fr\/produit\/inuteq-cooling-towel-verkoelende-handdoek-grijs\/\" \/>\n<meta property=\"og:site_name\" content=\"Hoogstra Autosport\" \/>\n<meta property=\"article:modified_time\" content=\"2024-09-06T09:18:20+00:00\" \/>\n<meta property=\"og:image\" content=\"https:\/\/hoogstra-autosport.nl\/teamkoen\/content\/uploads\/2024\/09\/handoek.jpg\" \/>\n\t<meta property=\"og:image:width\" content=\"986\" \/>\n\t<meta property=\"og:image:height\" content=\"986\" \/>\n\t<meta property=\"og:image:type\" content=\"image\/jpeg\" \/>\n<meta name=\"twitter:card\" content=\"summary_large_image\" \/>\n<meta name=\"twitter:label1\" content=\"Dur\u00e9e de lecture estim\u00e9e\" \/>\n\t<meta name=\"twitter:data1\" content=\"2 minutes\" \/>\n<script type=\"application\/ld+json\" class=\"yoast-schema-graph\">{\"@context\":\"https:\/\/schema.org\",\"@graph\":[{\"@type\":\"WebPage\",\"@id\":\"https:\/\/www.hoogstra-autosport.nl\/product\/inuteq-cooling-towel-verkoelende-handdoek-grijs\/\",\"url\":\"https:\/\/www.hoogstra-autosport.nl\/product\/inuteq-cooling-towel-verkoelende-handdoek-grijs\/\",\"name\":\"Inuteq Cooling Towel verkoelende handdoek - grijs - Hoogstra Autosport\",\"isPartOf\":{\"@id\":\"https:\/\/www.hoogstra-autosport.nl\/#website\"},\"primaryImageOfPage\":{\"@id\":\"https:\/\/www.hoogstra-autosport.nl\/product\/inuteq-cooling-towel-verkoelende-handdoek-grijs\/#primaryimage\"},\"image\":{\"@id\":\"https:\/\/www.hoogstra-autosport.nl\/product\/inuteq-cooling-towel-verkoelende-handdoek-grijs\/#primaryimage\"},\"thumbnailUrl\":\"https:\/\/www.hoogstra-autosport.nl\/teamkoen\/wp-content\/uploads\/2024\/09\/handoek.jpg\",\"datePublished\":\"2024-09-06T09:18:19+00:00\",\"dateModified\":\"2024-09-06T09:18:20+00:00\",\"breadcrumb\":{\"@id\":\"https:\/\/www.hoogstra-autosport.nl\/product\/inuteq-cooling-towel-verkoelende-handdoek-grijs\/#breadcrumb\"},\"inLanguage\":\"fr-FR\",\"potentialAction\":[{\"@type\":\"ReadAction\",\"target\":[\"https:\/\/www.hoogstra-autosport.nl\/product\/inuteq-cooling-towel-verkoelende-handdoek-grijs\/\"]}]},{\"@type\":\"ImageObject\",\"inLanguage\":\"fr-FR\",\"@id\":\"https:\/\/www.hoogstra-autosport.nl\/product\/inuteq-cooling-towel-verkoelende-handdoek-grijs\/#primaryimage\",\"url\":\"https:\/\/www.hoogstra-autosport.nl\/teamkoen\/wp-content\/uploads\/2024\/09\/handoek.jpg\",\"contentUrl\":\"https:\/\/www.hoogstra-autosport.nl\/teamkoen\/wp-content\/uploads\/2024\/09\/handoek.jpg\",\"width\":986,\"height\":986},{\"@type\":\"BreadcrumbList\",\"@id\":\"https:\/\/www.hoogstra-autosport.nl\/product\/inuteq-cooling-towel-verkoelende-handdoek-grijs\/#breadcrumb\",\"itemListElement\":[{\"@type\":\"ListItem\",\"position\":1,\"name\":\"Home\",\"item\":\"https:\/\/www.hoogstra-autosport.nl\/\"},{\"@type\":\"ListItem\",\"position\":2,\"name\":\"Uitrusting\",\"item\":\"https:\/\/www.hoogstra-autosport.nl\/product-categorie\/autosport-kleding-helmen\/\"},{\"@type\":\"ListItem\",\"position\":3,\"name\":\"Autosport Kleding\",\"item\":\"https:\/\/www.hoogstra-autosport.nl\/product-categorie\/autosport-kleding-helmen\/autosport-kleding\/\"},{\"@type\":\"ListItem\",\"position\":4,\"name\":\"Koelvesten en Accessoires\",\"item\":\"https:\/\/www.hoogstra-autosport.nl\/product-categorie\/autosport-kleding-helmen\/autosport-kleding\/koelvesten-en-accessoires\/\"},{\"@type\":\"ListItem\",\"position\":5,\"name\":\"Inuteq Cooling Towel verkoelende handdoek &#8211; grijs\"}]},{\"@type\":\"WebSite\",\"@id\":\"https:\/\/www.hoogstra-autosport.nl\/#website\",\"url\":\"https:\/\/www.hoogstra-autosport.nl\/\",\"name\":\"Hoogstra Autosport\",\"description\":\"Performance Autosport Parts!\",\"potentialAction\":[{\"@type\":\"SearchAction\",\"target\":{\"@type\":\"EntryPoint\",\"urlTemplate\":\"https:\/\/www.hoogstra-autosport.nl\/?s={search_term_string}\"},\"query-input\":{\"@type\":\"PropertyValueSpecification\",\"valueRequired\":true,\"valueName\":\"search_term_string\"}}],\"inLanguage\":\"fr-FR\"}]}<\/script>\n<!-- \/ Yoast SEO plugin. -->","yoast_head_json":{"title":"Inuteq Cooling Towel verkoelende handdoek - grijs - Hoogstra Autosport","robots":{"index":"index","follow":"follow","max-snippet":"max-snippet:-1","max-image-preview":"max-image-preview:large","max-video-preview":"max-video-preview:-1"},"canonical":"https:\/\/www.hoogstra-autosport.nl\/fr\/produit\/inuteq-cooling-towel-verkoelende-handdoek-grijs\/","og_locale":"fr_FR","og_type":"article","og_title":"Inuteq Cooling Towel verkoelende handdoek - grijs - Hoogstra Autosport","og_description":"Sommige activiteiten vereisen dat je warmte meebrengt, en daarom moet je ook je INUTEQ Body Cooling Towel meebrengen. Het kost \u00e9\u00e9n minuut om voor te bereiden, maar het houdt je urenlang koel. Product Voordelen Voorzien van INUTEQ-PVA\u00ae verdampingskoeltechnologie Gemaakt van 100% zeer absorberende Polyvinylalcoholstof 1 minuut voorbereiding staat gelijk aan urenlang koelen Beschikbaar in slechts [&hellip;]","og_url":"https:\/\/www.hoogstra-autosport.nl\/fr\/produit\/inuteq-cooling-towel-verkoelende-handdoek-grijs\/","og_site_name":"Hoogstra Autosport","article_modified_time":"2024-09-06T09:18:20+00:00","og_image":[{"width":986,"height":986,"url":"https:\/\/hoogstra-autosport.nl\/teamkoen\/content\/uploads\/2024\/09\/handoek.jpg","type":"image\/jpeg"}],"twitter_card":"summary_large_image","twitter_misc":{"Dur\u00e9e de lecture estim\u00e9e":"2 minutes"},"schema":{"@context":"https:\/\/schema.org","@graph":[{"@type":"WebPage","@id":"https:\/\/www.hoogstra-autosport.nl\/product\/inuteq-cooling-towel-verkoelende-handdoek-grijs\/","url":"https:\/\/www.hoogstra-autosport.nl\/product\/inuteq-cooling-towel-verkoelende-handdoek-grijs\/","name":"Inuteq Cooling Towel verkoelende handdoek - grijs - Hoogstra Autosport","isPartOf":{"@id":"https:\/\/www.hoogstra-autosport.nl\/#website"},"primaryImageOfPage":{"@id":"https:\/\/www.hoogstra-autosport.nl\/product\/inuteq-cooling-towel-verkoelende-handdoek-grijs\/#primaryimage"},"image":{"@id":"https:\/\/www.hoogstra-autosport.nl\/product\/inuteq-cooling-towel-verkoelende-handdoek-grijs\/#primaryimage"},"thumbnailUrl":"https:\/\/www.hoogstra-autosport.nl\/teamkoen\/wp-content\/uploads\/2024\/09\/handoek.jpg","datePublished":"2024-09-06T09:18:19+00:00","dateModified":"2024-09-06T09:18:20+00:00","breadcrumb":{"@id":"https:\/\/www.hoogstra-autosport.nl\/product\/inuteq-cooling-towel-verkoelende-handdoek-grijs\/#breadcrumb"},"inLanguage":"fr-FR","potentialAction":[{"@type":"ReadAction","target":["https:\/\/www.hoogstra-autosport.nl\/product\/inuteq-cooling-towel-verkoelende-handdoek-grijs\/"]}]},{"@type":"ImageObject","inLanguage":"fr-FR","@id":"https:\/\/www.hoogstra-autosport.nl\/product\/inuteq-cooling-towel-verkoelende-handdoek-grijs\/#primaryimage","url":"https:\/\/www.hoogstra-autosport.nl\/teamkoen\/wp-content\/uploads\/2024\/09\/handoek.jpg","contentUrl":"https:\/\/www.hoogstra-autosport.nl\/teamkoen\/wp-content\/uploads\/2024\/09\/handoek.jpg","width":986,"height":986},{"@type":"BreadcrumbList","@id":"https:\/\/www.hoogstra-autosport.nl\/product\/inuteq-cooling-towel-verkoelende-handdoek-grijs\/#breadcrumb","itemListElement":[{"@type":"ListItem","position":1,"name":"Home","item":"https:\/\/www.hoogstra-autosport.nl\/"},{"@type":"ListItem","position":2,"name":"Uitrusting","item":"https:\/\/www.hoogstra-autosport.nl\/product-categorie\/autosport-kleding-helmen\/"},{"@type":"ListItem","position":3,"name":"Autosport Kleding","item":"https:\/\/www.hoogstra-autosport.nl\/product-categorie\/autosport-kleding-helmen\/autosport-kleding\/"},{"@type":"ListItem","position":4,"name":"Koelvesten en Accessoires","item":"https:\/\/www.hoogstra-autosport.nl\/product-categorie\/autosport-kleding-helmen\/autosport-kleding\/koelvesten-en-accessoires\/"},{"@type":"ListItem","position":5,"name":"Inuteq Cooling Towel verkoelende handdoek &#8211; grijs"}]},{"@type":"WebSite","@id":"https:\/\/www.hoogstra-autosport.nl\/#website","url":"https:\/\/www.hoogstra-autosport.nl\/","name":"Hoogstra Autosport","description":"Performance Autosport Parts!","potentialAction":[{"@type":"SearchAction","target":{"@type":"EntryPoint","urlTemplate":"https:\/\/www.hoogstra-autosport.nl\/?s={search_term_string}"},"query-input":{"@type":"PropertyValueSpecification","valueRequired":true,"valueName":"search_term_string"}}],"inLanguage":"fr-FR"}]}},"tiered_pricing_type":"fixed","tiered_pricing_fixed_rules":[],"tiered_pricing_product_settings":{"layout":"default","base_unit_name":{"singular":null,"plural":null},"default_variation":null},"tiered_pricing_minimum_quantity":null,"tiered_pricing_roles_data":[],"tiered_pricing_percentage_rules":[],"tiered_pricing_maximum_quantity":null,"tiered_pricing_quantity_step":null,"_links":{"self":[{"href":"https:\/\/www.hoogstra-autosport.nl\/fr\/wp-json\/wp\/v2\/product\/75417","targetHints":{"allow":["GET"]}}],"collection":[{"href":"https:\/\/www.hoogstra-autosport.nl\/fr\/wp-json\/wp\/v2\/product"}],"about":[{"href":"https:\/\/www.hoogstra-autosport.nl\/fr\/wp-json\/wp\/v2\/types\/product"}],"wp:featuredmedia":[{"embeddable":true,"href":"https:\/\/www.hoogstra-autosport.nl\/fr\/wp-json\/wp\/v2\/media\/75419"}],"wp:attachment":[{"href":"https:\/\/www.hoogstra-autosport.nl\/fr\/wp-json\/wp\/v2\/media?parent=75417"}],"wp:term":[{"taxonomy":"product_brand","embeddable":true,"href":"https:\/\/www.hoogstra-autosport.nl\/fr\/wp-json\/wp\/v2\/product_brand?post=75417"},{"taxonomy":"product_cat","embeddable":true,"href":"https:\/\/www.hoogstra-autosport.nl\/fr\/wp-json\/wp\/v2\/product_cat?post=75417"},{"taxonomy":"product_tag","embeddable":true,"href":"https:\/\/www.hoogstra-autosport.nl\/fr\/wp-json\/wp\/v2\/product_tag?post=75417"}],"curies":[{"name":"wp","href":"https:\/\/api.w.org\/{rel}","templated":true}]}}